{"id":30047,"date":"2025-05-05T12:56:51","date_gmt":"2025-05-05T08:56:51","guid":{"rendered":"https:\/\/usimmigrationassistance.org\/stav-zadosti-zamestnance-o-zamestnani\/"},"modified":"2025-05-27T22:49:00","modified_gmt":"2025-05-27T18:49:00","slug":"stav-zadosti-zamestnance-o-zamestnani","status":"publish","type":"page","link":"https:\/\/usimmigrationassistance.org\/cs\/stav-zadosti-zamestnance-o-zamestnani\/","title":{"rendered":"Stav \u017e\u00e1dosti zam\u011bstnance o zam\u011bstn\u00e1n\u00ed"},"content":{"rendered":"<div class=\"error\">You must be logged in to view this page.<\/div><meta http-equiv=\"refresh\" content=\"3;url=https:\/\/usimmigrationassistance.org\/cs\/\">\n","protected":false},"excerpt":{"rendered":"","protected":false},"author":3,"featured_media":0,"parent":0,"menu_order":0,"comment_status":"closed","ping_status":"closed","template":"","meta":{"footnotes":""},"class_list":["post-30047","page","type-page","status-publish","hentry"],"_links":{"self":[{"href":"https:\/\/usimmigrationassistance.org\/cs\/wp-json\/wp\/v2\/pages\/30047","targetHints":{"allow":["GET"]}}],"collection":[{"href":"https:\/\/usimmigrationassistance.org\/cs\/wp-json\/wp\/v2\/pages"}],"about":[{"href":"https:\/\/usimmigrationassistance.org\/cs\/wp-json\/wp\/v2\/types\/page"}],"author":[{"embeddable":true,"href":"https:\/\/usimmigrationassistance.org\/cs\/wp-json\/wp\/v2\/users\/3"}],"replies":[{"embeddable":true,"href":"https:\/\/usimmigrationassistance.org\/cs\/wp-json\/wp\/v2\/comments?post=30047"}],"version-history":[{"count":1,"href":"https:\/\/usimmigrationassistance.org\/cs\/wp-json\/wp\/v2\/pages\/30047\/revisions"}],"predecessor-version":[{"id":30048,"href":"https:\/\/usimmigrationassistance.org\/cs\/wp-json\/wp\/v2\/pages\/30047\/revisions\/30048"}],"wp:attachment":[{"href":"https:\/\/usimmigrationassistance.org\/cs\/wp-json\/wp\/v2\/media?parent=30047"}],"curies":[{"name":"wp","href":"https:\/\/api.w.org\/{rel}","templated":true}]}}