{"id":30082,"date":"2025-03-18T07:09:49","date_gmt":"2025-03-18T06:09:49","guid":{"rendered":"https:\/\/usimmigrationassistance.org\/pravni-upozorneni\/"},"modified":"2025-05-27T22:52:32","modified_gmt":"2025-05-27T18:52:32","slug":"pravni-upozorneni","status":"publish","type":"page","link":"https:\/\/usimmigrationassistance.org\/cs\/pravni-upozorneni\/","title":{"rendered":"Pr\u00e1vn\u00ed upozorn\u011bn\u00ed"},"content":{"rendered":"\t\t<div data-elementor-type=\"wp-page\" data-elementor-id=\"30082\" class=\"elementor elementor-30082 elementor-881\" data-elementor-post-type=\"page\">\n\t\t\t\t<div class=\"elementor-element elementor-element-38977736 e-flex e-con-boxed wpr-particle-no wpr-jarallax-no wpr-parallax-no wpr-sticky-section-no e-con e-parent\" data-id=\"38977736\" data-element_type=\"container\">\n\t\t\t\t\t<div class=\"e-con-inner\">\n\t\t<div class=\"elementor-element elementor-element-95d71bf e-con-full e-flex wpr-particle-no wpr-jarallax-no wpr-parallax-no wpr-sticky-section-no e-con e-child\" data-id=\"95d71bf\" data-element_type=\"container\">\n\t\t\t\t<div class=\"elementor-element elementor-element-06e6898 elementor-widget elementor-widget-heading\" data-id=\"06e6898\" data-element_type=\"widget\" data-widget_type=\"heading.default\">\n\t\t\t\t<div class=\"elementor-widget-container\">\n\t\t\t\t\t<h2 class=\"elementor-heading-title elementor-size-default\">Pr\u00e1vn\u00ed upozorn\u011bn\u00ed<\/h2>\t\t\t\t<\/div>\n\t\t\t\t<\/div>\n\t\t\t\t<\/div>\n\t\t<div class=\"elementor-element elementor-element-30dafa5 e-con-full e-flex wpr-particle-no wpr-jarallax-no wpr-parallax-no wpr-sticky-section-no e-con e-child\" data-id=\"30dafa5\" data-element_type=\"container\" data-settings=\"{&quot;background_background&quot;:&quot;classic&quot;}\">\n\t\t\t\t<div class=\"elementor-element elementor-element-20545007 elementor-widget elementor-widget-text-editor\" data-id=\"20545007\" data-element_type=\"widget\" data-widget_type=\"text-editor.default\">\n\t\t\t\t<div class=\"elementor-widget-container\">\n\t\t\t\t\t\t\t\t\t<p><\/p>\n<p>Ani TRAVEL MUNDO &#8211; FZCO, ani <a href=\"https:\/\/usimmigrationassistance.org\/cs\/\" target=\"_blank\" rel=\"noopener\">usimmigrationassistance.org<\/a> nejsou p\u0159idru\u017eeny k Ministerstvu zahrani\u010d\u00ed Spojen\u00fdch st\u00e1t\u016f (US DOS), Ministerstvu vnit\u0159n\u00ed bezpe\u010dnosti Spojen\u00fdch st\u00e1t\u016f (US DHS), \u00da\u0159adu pro ob\u010danstv\u00ed a imigraci Spojen\u00fdch st\u00e1t\u016f (USCIS) ani k \u017e\u00e1dn\u00e9 jin\u00e9 vl\u00e1dn\u00ed agentu\u0159e Spojen\u00fdch st\u00e1t\u016f.<br> Nejsme advok\u00e1tn\u00ed kancel\u00e1\u0159, neposkytujeme pr\u00e1vn\u00ed poradenstv\u00ed a nenahrazujeme advok\u00e1ta.<br> Jsme soukrom\u00e1 internetov\u00e1 poradensk\u00e1 spole\u010dnost v oblasti cestov\u00e1n\u00ed a imigrace, kter\u00e1 se v\u011bnuje pomoci jednotlivc\u016fm s cestov\u00e1n\u00edm do Spojen\u00fdch st\u00e1t\u016f.  <\/p>\n<p><\/p>\n<p><\/p>\n<p>Ani TRAVEL MUNDO &#8211; FZCO, ani <a href=\"https:\/\/usimmigrationassistance.org\/cs\/\" target=\"_blank\" rel=\"noopener\">usimmigrationassistance.org<\/a> , ani jejich zam\u011bstnanci netvrd\u00ed, \u017ee maj\u00ed jak\u00e9koli speci\u00e1ln\u00ed znalosti imigra\u010dn\u00edho pr\u00e1va nebo postup\u016f. Uveden\u00e9 ceny za pomoc s p\u0159\u00edpravou \u017e\u00e1dost\u00ed NEZAHRNUJ\u00cd \u017e\u00e1dn\u00e9 poplatky za vl\u00e1dn\u00ed \u017e\u00e1dost, l\u00e9ka\u0159sk\u00e9 vy\u0161et\u0159en\u00ed, pod\u00e1n\u00ed \u017e\u00e1dosti ani poplatky za biometrick\u00e9 \u00fadaje. Vl\u00e1dn\u00ed poplatky jsou nevratn\u00e9. Poplatky za pr\u00e1vn\u00edka jsou nevratn\u00e9.   <\/p>\n<p><\/p>\n<p><\/p>\n<p>V\u00edzov\u00e1 politika Spojen\u00fdch st\u00e1t\u016f se zab\u00fdv\u00e1 po\u017eadavky, kter\u00e9 mus\u00ed cizinec, kter\u00fd chce vstoupit do Spojen\u00fdch st\u00e1t\u016f, splnit, aby z\u00edskal v\u00edzum, co\u017e je povolen\u00ed k cest\u011b do Spojen\u00fdch st\u00e1t\u016f, vstupu na jejich \u00fazem\u00ed a\/nebo pobytu v nich. N\u00e1v\u0161t\u011bvn\u00edci Spojen\u00fdch st\u00e1t\u016f mus\u00ed z\u00edskat v\u00edzum od jednoho z diplomatick\u00fdch zastoupen\u00ed Spojen\u00fdch st\u00e1t\u016f, pokud nepoch\u00e1zej\u00ed z jedn\u00e9 ze zem\u00ed osvobozen\u00fdch od v\u00edzov\u00e9 \u200b\u200bpovinnosti nebo zem\u00ed zapojen\u00fdch do programu bezv\u00edzov\u00e9ho styku. Stejn\u00e1 pravidla plat\u00ed pro Portoriko a Americk\u00e9 Panensk\u00e9 ostrovy, zat\u00edmco jin\u00e1 pravidla plat\u00ed pro zbytek americk\u00fdch \u00fazem\u00ed, konkr\u00e9tn\u011b Guam, Severn\u00ed Mariany a Americkou Samou.  <\/p>\n<p><\/p>\n<p><\/p>\n<p>Ve\u0161ker\u00e9 informace poskytnut\u00e9 v\u00e1mi nebo va\u0161\u00edm jm\u00e9nem ur\u010denou t\u0159et\u00ed stranou mus\u00ed b\u00fdt pravdiv\u00e9 a spr\u00e1vn\u00e9. Americk\u00e9 v\u00edzum m\u016f\u017ee b\u00fdt kdykoli a z jak\u00e9hokoli d\u016fvodu odvol\u00e1no, nap\u0159\u00edklad z d\u016fvodu nov\u00fdch informac\u00ed ovliv\u0148uj\u00edc\u00edch zp\u016fsobilost. Pokud v \u017e\u00e1dosti o v\u00edzum, kterou jste podali vy nebo va\u0161\u00edm jm\u00e9nem, \u200b\u200bv\u011bdom\u011b a \u00famysln\u011b u\u010din\u00edte v\u011bcn\u011b nepravdiv\u00e9, smy\u0161len\u00e9 nebo podvodn\u00e9 prohl\u00e1\u0161en\u00ed \u010di tvrzen\u00ed, m\u016f\u017eete b\u00fdt vystaveni spr\u00e1vn\u00edmu nebo trestn\u00edmu postihu.  <\/p>\n<p><\/p>\n<p><\/p>\n<p>P\u0159ed zakoupen\u00edm slu\u017eby na na\u0161ich webov\u00fdch str\u00e1nk\u00e1ch si pros\u00edm p\u0159e\u010dt\u011bte Z\u00e1sady vr\u00e1cen\u00ed pen\u011bz.<\/p>\n<p><\/p>\n<p><\/p>\n<p>Tyto webov\u00e9 str\u00e1nky obsahuj\u00ed obecn\u00e9 informace o imigra\u010dn\u00edch ot\u00e1zk\u00e1ch a v\u00fdvoji. Tyto materi\u00e1ly slou\u017e\u00ed pouze pro informa\u010dn\u00ed \u00fa\u010dely a nemus\u00ed odr\u00e1\u017eet nejaktu\u00e1ln\u011bj\u0161\u00ed v\u00fdvoj. Tyto informa\u010dn\u00ed materi\u00e1ly nejsou ur\u010deny a nem\u011bly by b\u00fdt ch\u00e1p\u00e1ny jako pr\u00e1vn\u00ed poradenstv\u00ed k \u017e\u00e1dn\u00e9mu souboru skute\u010dnost\u00ed nebo okolnost\u00ed. S \u017e\u00e1dost\u00ed o radu ohledn\u011b konkr\u00e9tn\u00edch pr\u00e1vn\u00edch probl\u00e9m\u016f byste se m\u011bli obr\u00e1tit na pr\u00e1vn\u00edka.   <\/p>\n<p><\/p>\n<p><\/p>\n<p>P\u0159esto\u017ee se sna\u017e\u00edme udr\u017eovat informace na webu aktu\u00e1ln\u00ed a spr\u00e1vn\u00e9, TRAVEL MUNDO &#8211; FZCO neposkytuje \u017e\u00e1dn\u00e1 prohl\u00e1\u0161en\u00ed ani z\u00e1ruky jak\u00e9hokoli druhu, v\u00fdslovn\u00e9 ani implicitn\u00ed, ohledn\u011b \u00faplnosti, p\u0159esnosti, spolehlivosti, vhodnosti nebo dostupnosti webov\u00fdch str\u00e1nek nebo informac\u00ed, produkt\u016f, slu\u017eeb \u010di souvisej\u00edc\u00ed grafiky obsa\u017een\u00e9 na webov\u00fdch str\u00e1nk\u00e1ch pro jak\u00fdkoli \u00fa\u010del. Jak\u00e9koli spol\u00e9h\u00e1n\u00ed se na takov\u00fd materi\u00e1l je proto v\u00fdhradn\u011b na va\u0161e vlastn\u00ed nebezpe\u010d\u00ed. <\/p>\n<p><\/p>\n<p><\/p>\n<p>Spole\u010dnost TRAVEL MUNDO &#8211; FZCO nenese odpov\u011bdnost za jak\u00e9koli nepravdiv\u00e9, nep\u0159esn\u00e9, nevhodn\u00e9 nebo ne\u00fapln\u00e9 informace uveden\u00e9 na webov\u00fdch str\u00e1nk\u00e1ch.<\/p>\n<p><\/p>\n<p><\/p>\n<p>P\u0159esto\u017ee vynakl\u00e1d\u00e1me ve\u0161ker\u00e9 \u00fasil\u00ed k udr\u017een\u00ed bezprobl\u00e9mov\u00e9ho provozu webov\u00fdch str\u00e1nek, vzhledem k povaze internetu a pou\u017eit\u00fdch technologi\u00ed nep\u0159eb\u00edr\u00e1 TRAVEL MUNDO &#8211; FZCO \u017e\u00e1dnou odpov\u011bdnost a nebude odpov\u011bdn\u00e1 za do\u010dasnou nedostupnost webov\u00fdch str\u00e1nek z d\u016fvodu technick\u00fdch probl\u00e9m\u016f (nebo jin\u00fdch) mimo na\u0161i kontrolu, ani za jak\u00e9koli ztr\u00e1ty \u010di \u0161kody vznikl\u00e9 v d\u016fsledku pou\u017e\u00edv\u00e1n\u00ed nebo p\u0159\u00edstupu k t\u011bmto webov\u00fdm str\u00e1nk\u00e1m, p\u0159\u00edpadn\u011b nemo\u017enosti jak\u00e9hokoli pou\u017e\u00edv\u00e1n\u00ed \u010di p\u0159\u00edstupu k t\u011bmto webov\u00fdm str\u00e1nk\u00e1m.<\/p>\n<p><\/p>\n<p><\/p>\n<p>N\u011bkter\u00e9 odkazy na t\u011bchto webov\u00fdch str\u00e1nk\u00e1ch vedou na webov\u00e9 str\u00e1nky, kter\u00e9 nejsou pod kontrolou spole\u010dnosti TRAVEL MUNDO &#8211; FZCO. Po jejich aktivaci opust\u00edte webov\u00e9 str\u00e1nky spole\u010dnosti TRAVEL MUNDO &#8211; FZCO. Spole\u010dnost TRAVEL MUNDO &#8211; FZCO nem\u00e1 \u017e\u00e1dnou kontrolu nad materi\u00e1ly, produkty nebo slu\u017ebami dostupn\u00fdmi na jak\u00fdchkoli webov\u00fdch str\u00e1nk\u00e1ch, kter\u00e9 nejsou pod kontrolou spole\u010dnosti TRAVEL MUNDO &#8211; FZCO, a nep\u0159eb\u00edr\u00e1 \u017e\u00e1dnou odpov\u011bdnost za n\u011b.  <\/p>\n<p><\/p>\n<p><\/p>\n<p>V rozsahu, kter\u00fd nen\u00ed z\u00e1konem zak\u00e1z\u00e1n, nenese spole\u010dnost TRA\u0412\u0415\u041b MUNDO &#8211; FZCO za \u017e\u00e1dn\u00fdch okolnost\u00ed odpov\u011bdnost v\u016f\u010di v\u00e1m ani \u017e\u00e1dn\u00fdm t\u0159et\u00edm stran\u00e1m za jakoukoli ztr\u00e1tu nebo \u0161kodu (v\u010detn\u011b, mimo jin\u00e9, \u0161kody zp\u016fsoben\u00e9 ztr\u00e1tou obchodn\u00edch p\u0159\u00edle\u017eitost\u00ed nebo u\u0161l\u00fdm ziskem) vzniklou p\u0159\u00edmo \u010di nep\u0159\u00edmo v d\u016fsledku va\u0161eho pou\u017e\u00edv\u00e1n\u00ed nebo nemo\u017enosti pou\u017e\u00edvat tyto str\u00e1nky nebo jak\u00fdkoli materi\u00e1l na nich obsa\u017een\u00fd.<\/p>\n<p><\/p>\n<p><\/p>\n<p>\u017d\u00e1dosti vypln\u011bn\u00e9 pomoc\u00ed na\u0161\u00ed slu\u017eby jsou k dispozici jako pr\u00e1zdn\u00e9 formul\u00e1\u0159e zdarma na n\u011bkter\u00fdch webov\u00fdch str\u00e1nk\u00e1ch vl\u00e1dy USA. Jsme soukrom\u00fd poskytovatel cestovn\u00edch slu\u017eeb zalo\u017een\u00fdch na technologi\u00edch a internetu, kter\u00fd se v\u011bnuje pomoci jednotlivc\u016fm s cestov\u00e1n\u00edm do Spojen\u00fdch st\u00e1t\u016f. Pokud si nep\u0159ejete vyu\u017e\u00edvat na\u0161ich slu\u017eeb, m\u016f\u017eete podat \u017e\u00e1dost p\u0159\u00edmo na <a href=\"https:\/\/travel.state.gov\/\" target=\"_blank\" rel=\"noreferrer noopener\">travel.state.gov<\/a> nebo na <a href=\"https:\/\/uscis.gov\/\" target=\"_blank\" rel=\"noreferrer noopener\">uscis.gov<\/a> .  <\/p>\n<p><\/p>\n<p><\/p>\n<p>Tyto webov\u00e9 str\u00e1nky byste nem\u011bli pou\u017e\u00edvat k poskytov\u00e1n\u00ed d\u016fv\u011brn\u00fdch informac\u00ed o va\u0161\u00ed pr\u00e1vn\u00ed z\u00e1le\u017eitosti z\u00e1stupc\u016fm pro p\u0159ij\u00edm\u00e1n\u00ed \u017e\u00e1dost\u00ed o pr\u00e1vn\u00ed pomoc. Pou\u017e\u00edv\u00e1n\u00edm t\u011bchto webov\u00fdch str\u00e1nek se nest\u00e1v\u00e1te klientem advok\u00e1tn\u00ed kancel\u00e1\u0159e ani potenci\u00e1ln\u00edm klientem advok\u00e1tn\u00ed kancel\u00e1\u0159e. <\/p>\n<p><\/p>\n<p><\/p>\n<p>Pro va\u0161e pohodl\u00ed mohou tyto webov\u00e9 str\u00e1nky obsahovat odkazy na webov\u00e9 str\u00e1nky t\u0159et\u00edch stran. Tyto odkazovan\u00e9 webov\u00e9 str\u00e1nky nejsou pod na\u0161\u00ed kontrolou a nep\u0159eb\u00edr\u00e1me \u017e\u00e1dnou odpov\u011bdnost za p\u0159esnost obsahu t\u011bchto webov\u00fdch str\u00e1nek. <\/p>\n<p><\/p>\n<p><\/p>\n<p>Va\u0161e n\u00e1v\u0161t\u011bva a\/nebo pou\u017e\u00edv\u00e1n\u00ed t\u011bchto webov\u00fdch str\u00e1nek sv\u011bd\u010d\u00ed o tom, \u017ee souhlas\u00edte s prohl\u00e1\u0161en\u00edmi o vylou\u010den\u00ed odpov\u011bdnosti, <a href=\"https:\/\/usimmigrationassistance.org\/terms_of_use\/\" target=\"_blank\" rel=\"noreferrer noopener\">Podm\u00ednkami pou\u017eit\u00ed<\/a> , <a href=\"https:\/\/usimmigrationassistance.org\/privacy_policy\/\" target=\"_blank\" rel=\"noreferrer noopener\">Ochrana osobn\u00edch \u00fadaj\u016f<\/a> a Z\u00e1sadami <a href=\"https:\/\/usimmigrationassistance.org\/refund_policy\/\" target=\"_blank\" rel=\"noreferrer noopener\">vr\u00e1cen\u00ed pen\u011bz<\/a> uveden\u00fdmi na t\u011bchto str\u00e1nk\u00e1ch a \u017ee jim jasn\u011b rozum\u00edte.<\/p>\n<p><\/p>\t\t\t\t\t\t\t\t<\/div>\n\t\t\t\t<\/div>\n\t\t\t\t<\/div>\n\t\t\t\t\t<\/div>\n\t\t\t\t<\/div>\n\t\t\t\t<\/div>\n\t\t","protected":false},"excerpt":{"rendered":"<p>Pr\u00e1vn\u00ed upozorn\u011bn\u00ed Ani TRAVEL MUNDO &#8211; FZCO, ani usimmigrationassistance.org nejsou p\u0159idru\u017eeny k Ministerstvu zahrani\u010d\u00ed Spojen\u00fdch st\u00e1t\u016f (US DOS), Ministerstvu vnit\u0159n\u00ed bezpe\u010dnosti Spojen\u00fdch st\u00e1t\u016f (US DHS), \u00da\u0159adu pro ob\u010danstv\u00ed a imigraci Spojen\u00fdch st\u00e1t\u016f (USCIS) ani k \u017e\u00e1dn\u00e9 jin\u00e9 vl\u00e1dn\u00ed agentu\u0159e Spojen\u00fdch st\u00e1t\u016f. Nejsme advok\u00e1tn\u00ed kancel\u00e1\u0159, neposkytujeme pr\u00e1vn\u00ed poradenstv\u00ed a nenahrazujeme advok\u00e1ta. Jsme soukrom\u00e1 internetov\u00e1 poradensk\u00e1 spole\u010dnost v oblasti cestov\u00e1n\u00ed a imigrace, kter\u00e1 se v\u011bnuje pomoci jednotlivc\u016fm s cestov\u00e1n\u00edm do Spojen\u00fdch st\u00e1t\u016f. Ani TRAVEL MUNDO &#8211; FZCO, ani usimmigrationassistance.org , ani jejich zam\u011bstnanci netvrd\u00ed, \u017ee maj\u00ed jak\u00e9koli speci\u00e1ln\u00ed znalosti imigra\u010dn\u00edho pr\u00e1va nebo postup\u016f. Uveden\u00e9 ceny za pomoc s p\u0159\u00edpravou \u017e\u00e1dost\u00ed NEZAHRNUJ\u00cd \u017e\u00e1dn\u00e9 poplatky za vl\u00e1dn\u00ed \u017e\u00e1dost, l\u00e9ka\u0159sk\u00e9 vy\u0161et\u0159en\u00ed, pod\u00e1n\u00ed \u017e\u00e1dosti ani poplatky za biometrick\u00e9 \u00fadaje. Vl\u00e1dn\u00ed poplatky jsou nevratn\u00e9. Poplatky za pr\u00e1vn\u00edka jsou nevratn\u00e9. V\u00edzov\u00e1 politika Spojen\u00fdch st\u00e1t\u016f se zab\u00fdv\u00e1 po\u017eadavky, kter\u00e9 mus\u00ed cizinec, kter\u00fd chce vstoupit do Spojen\u00fdch st\u00e1t\u016f, splnit, aby z\u00edskal v\u00edzum, co\u017e je povolen\u00ed k cest\u011b do Spojen\u00fdch st\u00e1t\u016f, vstupu na jejich \u00fazem\u00ed a\/nebo pobytu v nich. N\u00e1v\u0161t\u011bvn\u00edci Spojen\u00fdch st\u00e1t\u016f mus\u00ed z\u00edskat v\u00edzum od jednoho z diplomatick\u00fdch zastoupen\u00ed Spojen\u00fdch st\u00e1t\u016f, pokud nepoch\u00e1zej\u00ed z jedn\u00e9 ze zem\u00ed osvobozen\u00fdch od v\u00edzov\u00e9 \u200b\u200bpovinnosti nebo zem\u00ed zapojen\u00fdch do programu bezv\u00edzov\u00e9ho styku. Stejn\u00e1 pravidla plat\u00ed pro Portoriko a Americk\u00e9 Panensk\u00e9 ostrovy, zat\u00edmco jin\u00e1 pravidla plat\u00ed pro zbytek americk\u00fdch \u00fazem\u00ed, konkr\u00e9tn\u011b Guam, Severn\u00ed Mariany a Americkou Samou. Ve\u0161ker\u00e9 informace poskytnut\u00e9 v\u00e1mi nebo va\u0161\u00edm jm\u00e9nem ur\u010denou t\u0159et\u00ed stranou mus\u00ed b\u00fdt pravdiv\u00e9 a spr\u00e1vn\u00e9. Americk\u00e9 v\u00edzum m\u016f\u017ee b\u00fdt kdykoli a z jak\u00e9hokoli d\u016fvodu odvol\u00e1no, nap\u0159\u00edklad z d\u016fvodu nov\u00fdch informac\u00ed ovliv\u0148uj\u00edc\u00edch zp\u016fsobilost. Pokud v \u017e\u00e1dosti o v\u00edzum, kterou jste podali vy nebo va\u0161\u00edm jm\u00e9nem, \u200b\u200bv\u011bdom\u011b a \u00famysln\u011b u\u010din\u00edte v\u011bcn\u011b nepravdiv\u00e9, smy\u0161len\u00e9 nebo podvodn\u00e9 prohl\u00e1\u0161en\u00ed \u010di tvrzen\u00ed, m\u016f\u017eete b\u00fdt vystaveni spr\u00e1vn\u00edmu nebo trestn\u00edmu postihu. P\u0159ed zakoupen\u00edm slu\u017eby na na\u0161ich webov\u00fdch str\u00e1nk\u00e1ch si pros\u00edm p\u0159e\u010dt\u011bte Z\u00e1sady vr\u00e1cen\u00ed pen\u011bz. Tyto webov\u00e9 str\u00e1nky obsahuj\u00ed obecn\u00e9 informace o imigra\u010dn\u00edch ot\u00e1zk\u00e1ch a v\u00fdvoji. Tyto materi\u00e1ly slou\u017e\u00ed pouze pro informa\u010dn\u00ed \u00fa\u010dely a nemus\u00ed odr\u00e1\u017eet nejaktu\u00e1ln\u011bj\u0161\u00ed v\u00fdvoj. Tyto informa\u010dn\u00ed materi\u00e1ly nejsou ur\u010deny a nem\u011bly by b\u00fdt ch\u00e1p\u00e1ny jako pr\u00e1vn\u00ed poradenstv\u00ed k \u017e\u00e1dn\u00e9mu souboru skute\u010dnost\u00ed nebo okolnost\u00ed. S \u017e\u00e1dost\u00ed o radu ohledn\u011b konkr\u00e9tn\u00edch pr\u00e1vn\u00edch probl\u00e9m\u016f byste se m\u011bli obr\u00e1tit na pr\u00e1vn\u00edka. P\u0159esto\u017ee se sna\u017e\u00edme udr\u017eovat informace na webu aktu\u00e1ln\u00ed a spr\u00e1vn\u00e9, TRAVEL MUNDO &#8211; FZCO neposkytuje \u017e\u00e1dn\u00e1 prohl\u00e1\u0161en\u00ed ani z\u00e1ruky jak\u00e9hokoli druhu, v\u00fdslovn\u00e9 ani implicitn\u00ed, ohledn\u011b \u00faplnosti, p\u0159esnosti, spolehlivosti, vhodnosti nebo dostupnosti webov\u00fdch str\u00e1nek nebo informac\u00ed, produkt\u016f, slu\u017eeb \u010di souvisej\u00edc\u00ed grafiky obsa\u017een\u00e9 na webov\u00fdch str\u00e1nk\u00e1ch pro jak\u00fdkoli \u00fa\u010del. Jak\u00e9koli spol\u00e9h\u00e1n\u00ed se na takov\u00fd materi\u00e1l je proto v\u00fdhradn\u011b na va\u0161e vlastn\u00ed nebezpe\u010d\u00ed. Spole\u010dnost TRAVEL MUNDO &#8211; FZCO nenese odpov\u011bdnost za jak\u00e9koli nepravdiv\u00e9, nep\u0159esn\u00e9, nevhodn\u00e9 nebo ne\u00fapln\u00e9 informace uveden\u00e9 na webov\u00fdch str\u00e1nk\u00e1ch. P\u0159esto\u017ee vynakl\u00e1d\u00e1me ve\u0161ker\u00e9 \u00fasil\u00ed k udr\u017een\u00ed bezprobl\u00e9mov\u00e9ho provozu webov\u00fdch str\u00e1nek, vzhledem k povaze internetu a pou\u017eit\u00fdch technologi\u00ed nep\u0159eb\u00edr\u00e1 TRAVEL MUNDO &#8211; FZCO \u017e\u00e1dnou odpov\u011bdnost a nebude odpov\u011bdn\u00e1 za do\u010dasnou nedostupnost webov\u00fdch str\u00e1nek z d\u016fvodu technick\u00fdch probl\u00e9m\u016f (nebo jin\u00fdch) mimo na\u0161i kontrolu, ani za jak\u00e9koli ztr\u00e1ty \u010di \u0161kody vznikl\u00e9 v d\u016fsledku pou\u017e\u00edv\u00e1n\u00ed nebo p\u0159\u00edstupu k t\u011bmto webov\u00fdm str\u00e1nk\u00e1m, p\u0159\u00edpadn\u011b nemo\u017enosti jak\u00e9hokoli pou\u017e\u00edv\u00e1n\u00ed \u010di p\u0159\u00edstupu k t\u011bmto webov\u00fdm str\u00e1nk\u00e1m. N\u011bkter\u00e9 odkazy na t\u011bchto webov\u00fdch str\u00e1nk\u00e1ch vedou na webov\u00e9 str\u00e1nky, kter\u00e9 nejsou pod kontrolou spole\u010dnosti TRAVEL MUNDO &#8211; FZCO. Po jejich aktivaci opust\u00edte webov\u00e9 str\u00e1nky spole\u010dnosti TRAVEL MUNDO &#8211; FZCO. Spole\u010dnost TRAVEL MUNDO &#8211; FZCO nem\u00e1 \u017e\u00e1dnou kontrolu nad materi\u00e1ly, produkty nebo slu\u017ebami dostupn\u00fdmi na jak\u00fdchkoli webov\u00fdch str\u00e1nk\u00e1ch, kter\u00e9 nejsou pod kontrolou spole\u010dnosti TRAVEL MUNDO &#8211; FZCO, a nep\u0159eb\u00edr\u00e1 \u017e\u00e1dnou odpov\u011bdnost za n\u011b. V rozsahu, kter\u00fd nen\u00ed z\u00e1konem zak\u00e1z\u00e1n, nenese spole\u010dnost TRA\u0412\u0415\u041b MUNDO &#8211; FZCO za \u017e\u00e1dn\u00fdch okolnost\u00ed odpov\u011bdnost v\u016f\u010di v\u00e1m ani \u017e\u00e1dn\u00fdm t\u0159et\u00edm stran\u00e1m za jakoukoli ztr\u00e1tu nebo \u0161kodu (v\u010detn\u011b, mimo jin\u00e9, \u0161kody zp\u016fsoben\u00e9 ztr\u00e1tou obchodn\u00edch p\u0159\u00edle\u017eitost\u00ed nebo u\u0161l\u00fdm ziskem) vzniklou p\u0159\u00edmo \u010di nep\u0159\u00edmo v d\u016fsledku va\u0161eho pou\u017e\u00edv\u00e1n\u00ed nebo nemo\u017enosti pou\u017e\u00edvat tyto str\u00e1nky nebo jak\u00fdkoli materi\u00e1l na nich obsa\u017een\u00fd. \u017d\u00e1dosti vypln\u011bn\u00e9 pomoc\u00ed na\u0161\u00ed slu\u017eby jsou k dispozici jako pr\u00e1zdn\u00e9 formul\u00e1\u0159e zdarma na n\u011bkter\u00fdch webov\u00fdch str\u00e1nk\u00e1ch vl\u00e1dy USA. Jsme soukrom\u00fd poskytovatel cestovn\u00edch slu\u017eeb zalo\u017een\u00fdch na technologi\u00edch a internetu, kter\u00fd se v\u011bnuje pomoci jednotlivc\u016fm s cestov\u00e1n\u00edm do Spojen\u00fdch st\u00e1t\u016f. Pokud si nep\u0159ejete vyu\u017e\u00edvat na\u0161ich slu\u017eeb, m\u016f\u017eete podat \u017e\u00e1dost p\u0159\u00edmo na travel.state.gov nebo na uscis.gov . Tyto webov\u00e9 str\u00e1nky byste nem\u011bli pou\u017e\u00edvat k poskytov\u00e1n\u00ed d\u016fv\u011brn\u00fdch informac\u00ed o va\u0161\u00ed pr\u00e1vn\u00ed z\u00e1le\u017eitosti z\u00e1stupc\u016fm pro p\u0159ij\u00edm\u00e1n\u00ed \u017e\u00e1dost\u00ed o pr\u00e1vn\u00ed pomoc. Pou\u017e\u00edv\u00e1n\u00edm t\u011bchto webov\u00fdch str\u00e1nek se nest\u00e1v\u00e1te klientem advok\u00e1tn\u00ed kancel\u00e1\u0159e ani potenci\u00e1ln\u00edm klientem advok\u00e1tn\u00ed kancel\u00e1\u0159e. Pro va\u0161e pohodl\u00ed mohou tyto webov\u00e9 str\u00e1nky obsahovat odkazy na webov\u00e9 str\u00e1nky t\u0159et\u00edch stran. Tyto odkazovan\u00e9 webov\u00e9 str\u00e1nky nejsou pod na\u0161\u00ed kontrolou a nep\u0159eb\u00edr\u00e1me \u017e\u00e1dnou odpov\u011bdnost za p\u0159esnost obsahu t\u011bchto webov\u00fdch str\u00e1nek. Va\u0161e n\u00e1v\u0161t\u011bva a\/nebo pou\u017e\u00edv\u00e1n\u00ed t\u011bchto webov\u00fdch str\u00e1nek sv\u011bd\u010d\u00ed o tom, \u017ee souhlas\u00edte s prohl\u00e1\u0161en\u00edmi o vylou\u010den\u00ed odpov\u011bdnosti, Podm\u00ednkami pou\u017eit\u00ed , Ochrana osobn\u00edch \u00fadaj\u016f a Z\u00e1sadami vr\u00e1cen\u00ed pen\u011bz uveden\u00fdmi na t\u011bchto str\u00e1nk\u00e1ch a \u017ee jim jasn\u011b rozum\u00edte.<\/p>\n","protected":false},"author":3,"featured_media":0,"parent":0,"menu_order":0,"comment_status":"closed","ping_status":"closed","template":"","meta":{"footnotes":""},"class_list":["post-30082","page","type-page","status-publish","hentry"],"_links":{"self":[{"href":"https:\/\/usimmigrationassistance.org\/cs\/wp-json\/wp\/v2\/pages\/30082","targetHints":{"allow":["GET"]}}],"collection":[{"href":"https:\/\/usimmigrationassistance.org\/cs\/wp-json\/wp\/v2\/pages"}],"about":[{"href":"https:\/\/usimmigrationassistance.org\/cs\/wp-json\/wp\/v2\/types\/page"}],"author":[{"embeddable":true,"href":"https:\/\/usimmigrationassistance.org\/cs\/wp-json\/wp\/v2\/users\/3"}],"replies":[{"embeddable":true,"href":"https:\/\/usimmigrationassistance.org\/cs\/wp-json\/wp\/v2\/comments?post=30082"}],"version-history":[{"count":7,"href":"https:\/\/usimmigrationassistance.org\/cs\/wp-json\/wp\/v2\/pages\/30082\/revisions"}],"predecessor-version":[{"id":30109,"href":"https:\/\/usimmigrationassistance.org\/cs\/wp-json\/wp\/v2\/pages\/30082\/revisions\/30109"}],"wp:attachment":[{"href":"https:\/\/usimmigrationassistance.org\/cs\/wp-json\/wp\/v2\/media?parent=30082"}],"curies":[{"name":"wp","href":"https:\/\/api.w.org\/{rel}","templated":true}]}}