{"id":30192,"date":"2025-03-20T10:25:10","date_gmt":"2025-03-20T09:25:10","guid":{"rendered":"https:\/\/usimmigrationassistance.org\/stranka-s-podekovanim-1-cast\/"},"modified":"2025-07-24T08:06:50","modified_gmt":"2025-07-24T07:06:50","slug":"stranka-s-podekovanim-1-cast","status":"publish","type":"page","link":"https:\/\/usimmigrationassistance.org\/cs\/stranka-s-podekovanim-1-cast\/","title":{"rendered":"Str\u00e1nka s pod\u011bkov\u00e1n\u00edm \u2013 1. \u010d\u00e1st"},"content":{"rendered":"\t\t<div data-elementor-type=\"wp-page\" data-elementor-id=\"30192\" class=\"elementor elementor-30192 elementor-1257\" data-elementor-post-type=\"page\">\n\t\t\t\t<div class=\"elementor-element elementor-element-4e62ca3 e-con-full e-flex wpr-particle-no wpr-jarallax-no wpr-parallax-no wpr-sticky-section-no e-con e-parent\" data-id=\"4e62ca3\" data-element_type=\"container\">\n\t\t<div class=\"elementor-element elementor-element-62f9774 e-con-full e-flex wpr-particle-no wpr-jarallax-no wpr-parallax-no wpr-sticky-section-no e-con e-child\" data-id=\"62f9774\" data-element_type=\"container\">\n\t\t\t\t<div class=\"elementor-element elementor-element-36b3503 elementor-widget elementor-widget-heading\" data-id=\"36b3503\" data-element_type=\"widget\" data-widget_type=\"heading.default\">\n\t\t\t\t<div class=\"elementor-widget-container\">\n\t\t\t\t\t<h1 class=\"elementor-heading-title elementor-size-default\">Va\u0161e \u017e\u00e1dost o v\u00edzum byla \u00fasp\u011b\u0161n\u011b odesl\u00e1na<\/h1>\t\t\t\t<\/div>\n\t\t\t\t<\/div>\n\t\t\t\t<div class=\"elementor-element elementor-element-191115b elementor-view-default elementor-widget elementor-widget-icon\" data-id=\"191115b\" data-element_type=\"widget\" data-widget_type=\"icon.default\">\n\t\t\t\t<div class=\"elementor-widget-container\">\n\t\t\t\t\t\t\t<div class=\"elementor-icon-wrapper\">\n\t\t\t<div class=\"elementor-icon\">\n\t\t\t<i aria-hidden=\"true\" class=\"jki jki-checked1-light\"><\/i>\t\t\t<\/div>\n\t\t<\/div>\n\t\t\t\t\t\t<\/div>\n\t\t\t\t<\/div>\n\t\t\t\t<\/div>\n\t\t\t\t<\/div>\n\t\t<div class=\"elementor-element elementor-element-77ae01b e-flex e-con-boxed wpr-particle-no wpr-jarallax-no wpr-parallax-no wpr-sticky-section-no e-con e-parent\" data-id=\"77ae01b\" data-element_type=\"container\">\n\t\t\t\t\t<div class=\"e-con-inner\">\n\t\t<div class=\"elementor-element elementor-element-e5e5024 e-con-full e-flex wpr-particle-no wpr-jarallax-no wpr-parallax-no wpr-sticky-section-no e-con e-child\" data-id=\"e5e5024\" data-element_type=\"container\" id=\"thank-you-custom-container\">\n\t\t<div class=\"elementor-element elementor-element-b076385 e-con-full e-flex wpr-particle-no wpr-jarallax-no wpr-parallax-no wpr-sticky-section-no e-con e-child\" data-id=\"b076385\" data-element_type=\"container\">\n\t\t\t\t<div class=\"elementor-element elementor-element-4ad27ed elementor-widget elementor-widget-heading\" data-id=\"4ad27ed\" data-element_type=\"widget\" data-widget_type=\"heading.default\">\n\t\t\t\t<div class=\"elementor-widget-container\">\n\t\t\t\t\t<h3 class=\"elementor-heading-title elementor-size-default\">JohnVa\u0161e \u017e\u00e1dost ESTA \u010d. ! S ID objedn\u00e1vky0 byl \u00fasp\u011b\u0161n\u011b odesl\u00e1n.\n<\/h3>\t\t\t\t<\/div>\n\t\t\t\t<\/div>\n\t\t\t\t<div class=\"elementor-element elementor-element-4a9e589 elementor-widget elementor-widget-text-editor\" data-id=\"4a9e589\" data-element_type=\"widget\" data-widget_type=\"text-editor.default\">\n\t\t\t\t<div class=\"elementor-widget-container\">\n\t\t\t\t\t\t\t\t\t<p>Na uvedenou e-mailovou adresu bylo odesl\u00e1no potvrzen\u00ed o p\u0159ijet\u00ed s podrobnostmi o va\u0161\u00ed \u017e\u00e1dosti. Uschovejte si jej pros\u00edm pro vlastn\u00ed pot\u0159ebu. Pokud se n\u00e1\u0161 e-mail s potvrzen\u00edm o n\u00e1kupu dostal do <b><u>slo\u017eky s nevy\u017e\u00e1danou po\u0161tou<\/u><\/b> , ozna\u010dte jej pros\u00edm jako \u201eNen\u00ed to spam\u201c.  <\/p>\t\t\t\t\t\t\t\t<\/div>\n\t\t\t\t<\/div>\n\t\t\t\t<\/div>\n\t\t<div class=\"elementor-element elementor-element-b0f1bd8 e-con-full e-flex wpr-particle-no wpr-jarallax-no wpr-parallax-no wpr-sticky-section-no e-con e-child\" data-id=\"b0f1bd8\" data-element_type=\"container\" data-settings=\"{&quot;background_background&quot;:&quot;classic&quot;}\">\n\t\t\t\t<div class=\"elementor-element elementor-element-da3e5ad elementor-widget elementor-widget-heading\" data-id=\"da3e5ad\" data-element_type=\"widget\" data-widget_type=\"heading.default\">\n\t\t\t\t<div class=\"elementor-widget-container\">\n\t\t\t\t\t<h3 class=\"elementor-heading-title elementor-size-default\">Pokud pot\u0159ebujete podat \u017e\u00e1dost o dal\u0161\u00edho uchaze\u010de, klikn\u011bte na tla\u010d\u00edtko.<\/h3>\t\t\t\t<\/div>\n\t\t\t\t<\/div>\n\t\t\t\t<div class=\"elementor-element elementor-element-ab78f18 elementor-widget elementor-widget-button\" data-id=\"ab78f18\" data-element_type=\"widget\" data-widget_type=\"button.default\">\n\t\t\t\t<div class=\"elementor-widget-container\">\n\t\t\t\t\t\t\t\t\t<div class=\"elementor-button-wrapper\">\n\t\t\t\t\t<a class=\"elementor-button elementor-button-link elementor-size-sm\" href=\"https:\/\/usimmigrationassistance.org\/cs\/pouzit\/\">\n\t\t\t\t\t\t<span class=\"elementor-button-content-wrapper\">\n\t\t\t\t\t\t\t\t\t<span class=\"elementor-button-text\">P\u0159idat dal\u0161\u00ed aplikaci<\/span>\n\t\t\t\t\t<\/span>\n\t\t\t\t\t<\/a>\n\t\t\t\t<\/div>\n\t\t\t\t\t\t\t\t<\/div>\n\t\t\t\t<\/div>\n\t\t\t\t<\/div>\n\t\t<div class=\"elementor-element elementor-element-ad99abe e-con-full e-flex wpr-particle-no wpr-jarallax-no wpr-parallax-no wpr-sticky-section-no e-con e-child\" data-id=\"ad99abe\" data-element_type=\"container\">\n\t\t\t\t<div class=\"elementor-element elementor-element-2b78b2e elementor-widget elementor-widget-heading\" data-id=\"2b78b2e\" data-element_type=\"widget\" data-widget_type=\"heading.default\">\n\t\t\t\t<div class=\"elementor-widget-container\">\n\t\t\t\t\t<h3 class=\"elementor-heading-title elementor-size-default\">Stav va\u0161\u00ed \u017e\u00e1dosti o v\u00edzum: <u><b>KROK 1\/2 DOKON\u010cEN<\/b><\/u><\/h3>\t\t\t\t<\/div>\n\t\t\t\t<\/div>\n\t\t\t\t<div class=\"elementor-element elementor-element-832a0e6 elementor-widget elementor-widget-text-editor\" data-id=\"832a0e6\" data-element_type=\"widget\" data-widget_type=\"text-editor.default\">\n\t\t\t\t<div class=\"elementor-widget-container\">\n\t\t\t\t\t\t\t\t\tMus\u00edte dokon\u010dit <u><b>2. krok<\/b><\/u> procesu pod\u00e1v\u00e1n\u00ed \u017e\u00e1dosti, kter\u00fd zahrnuje poskytnut\u00ed podrobn\u00fdch informac\u00ed vlastn\u00edm tempem. B\u011bhem pr\u00e1ce na t\u00e9to \u010d\u00e1sti budeme informovat Ministerstvo zahrani\u010d\u00ed USA, \u017ee se va\u0161e \u017e\u00e1dost zpracov\u00e1v\u00e1. Jakmile ji dokon\u010d\u00edte, n\u00e1\u0161 intern\u00ed syst\u00e9m automaticky detekuje dokon\u010den\u00ed, tak\u017ee n\u00e1s nebudete muset informovat.  \t\t\t\t\t\t\t\t<\/div>\n\t\t\t\t<\/div>\n\t\t\t\t<div class=\"elementor-element elementor-element-73e1626 elementor-widget elementor-widget-text-editor\" data-id=\"73e1626\" data-element_type=\"widget\" data-widget_type=\"text-editor.default\">\n\t\t\t\t<div class=\"elementor-widget-container\">\n\t\t\t\t\t\t\t\t\tUpozorn\u011bn\u00ed: M\u011bli byste od n\u00e1s obdr\u017eet e-mail se v\u0161emi pot\u0159ebn\u00fdmi pokyny k zah\u00e1jen\u00ed <u><b>2. kroku<\/b><\/u> procesu pod\u00e1v\u00e1n\u00ed \u017e\u00e1dost\u00ed. (Pokud jste e-mail neobdr\u017eeli, nezapome\u0148te zkontrolovat slo\u017eku s nevy\u017e\u00e1danou po\u0161tou.) \t\t\t\t\t\t\t\t<\/div>\n\t\t\t\t<\/div>\n\t\t\t\t<\/div>\n\t\t<div class=\"elementor-element elementor-element-b44da06 e-con-full e-grid wpr-particle-no wpr-jarallax-no wpr-parallax-no wpr-sticky-section-no e-con e-child\" data-id=\"b44da06\" data-element_type=\"container\">\n\t\t\t\t<div class=\"elementor-element elementor-element-5dd55ba elementor-view-default elementor-position-top elementor-mobile-position-top elementor-widget elementor-widget-icon-box\" data-id=\"5dd55ba\" data-element_type=\"widget\" data-widget_type=\"icon-box.default\">\n\t\t\t\t<div class=\"elementor-widget-container\">\n\t\t\t\t\t\t\t<div class=\"elementor-icon-box-wrapper\">\n\n\t\t\t\t\t\t<div class=\"elementor-icon-box-icon\">\n\t\t\t\t<span  class=\"elementor-icon\">\n\t\t\t\t<i aria-hidden=\"true\" class=\"jki jki-edit1-light\"><\/i>\t\t\t\t<\/span>\n\t\t\t<\/div>\n\t\t\t\n\t\t\t\t\t\t<div class=\"elementor-icon-box-content\">\n\n\t\t\t\t\t\t\t\t\t<h3 class=\"elementor-icon-box-title\">\n\t\t\t\t\t\t<span  >\n\t\t\t\t\t\t\t1. Krok 1\/2 dokon\u010den\t\t\t\t\t\t<\/span>\n\t\t\t\t\t<\/h3>\n\t\t\t\t\n\t\t\t\t\t\t\t\t\t<p class=\"elementor-icon-box-description\">\n\t\t\t\t\t\t\u00dasp\u011b\u0161n\u011b jsme obdr\u017eeli va\u0161i prvn\u00ed \u017e\u00e1dost o v\u00edzum. M\u011bli byste obdr\u017eet e-mail se v\u0161emi pot\u0159ebn\u00fdmi pokyny k pokra\u010dov\u00e1n\u00ed ve 2. kroku. \t\t\t\t\t<\/p>\n\t\t\t\t\n\t\t\t<\/div>\n\t\t\t\n\t\t<\/div>\n\t\t\t\t\t\t<\/div>\n\t\t\t\t<\/div>\n\t\t\t\t<div class=\"elementor-element elementor-element-af63b9d elementor-view-default elementor-position-top elementor-mobile-position-top elementor-widget elementor-widget-icon-box\" data-id=\"af63b9d\" data-element_type=\"widget\" data-widget_type=\"icon-box.default\">\n\t\t\t\t<div class=\"elementor-widget-container\">\n\t\t\t\t\t\t\t<div class=\"elementor-icon-box-wrapper\">\n\n\t\t\t\t\t\t<div class=\"elementor-icon-box-icon\">\n\t\t\t\t<span  class=\"elementor-icon\">\n\t\t\t\t<i aria-hidden=\"true\" class=\"jki jki-refresh-light\"><\/i>\t\t\t\t<\/span>\n\t\t\t<\/div>\n\t\t\t\n\t\t\t\t\t\t<div class=\"elementor-icon-box-content\">\n\n\t\t\t\t\t\t\t\t\t<h3 class=\"elementor-icon-box-title\">\n\t\t\t\t\t\t<span  >\n\t\t\t\t\t\t\t2. Krok 2 \u010cek\u00e1 na vy\u0159\u00edzen\u00ed\t\t\t\t\t\t<\/span>\n\t\t\t\t\t<\/h3>\n\t\t\t\t\n\t\t\t\t\t\t\t\t\t<p class=\"elementor-icon-box-description\">\n\t\t\t\t\t\tMus\u00edte dokon\u010dit 2. krok procesu pod\u00e1v\u00e1n\u00ed \u017e\u00e1dosti, kter\u00fd zahrnuje poskytnut\u00ed podrobn\u00fdch informac\u00ed vlastn\u00edm tempem.\t\t\t\t\t<\/p>\n\t\t\t\t\n\t\t\t<\/div>\n\t\t\t\n\t\t<\/div>\n\t\t\t\t\t\t<\/div>\n\t\t\t\t<\/div>\n\t\t\t\t<div class=\"elementor-element elementor-element-3b5c08b elementor-view-default elementor-position-top elementor-mobile-position-top elementor-widget elementor-widget-icon-box\" data-id=\"3b5c08b\" data-element_type=\"widget\" data-widget_type=\"icon-box.default\">\n\t\t\t\t<div class=\"elementor-widget-container\">\n\t\t\t\t\t\t\t<div class=\"elementor-icon-box-wrapper\">\n\n\t\t\t\t\t\t<div class=\"elementor-icon-box-icon\">\n\t\t\t\t<span  class=\"elementor-icon\">\n\t\t\t\t<i aria-hidden=\"true\" class=\"jki jki-page_search-light\"><\/i>\t\t\t\t<\/span>\n\t\t\t<\/div>\n\t\t\t\n\t\t\t\t\t\t<div class=\"elementor-icon-box-content\">\n\n\t\t\t\t\t\t\t\t\t<h3 class=\"elementor-icon-box-title\">\n\t\t\t\t\t\t<span  >\n\t\t\t\t\t\t\t3. V revizi\t\t\t\t\t\t<\/span>\n\t\t\t\t\t<\/h3>\n\t\t\t\t\n\t\t\t\t\t\t\t\t\t<p class=\"elementor-icon-box-description\">\n\t\t\t\t\t\tV\u00e1\u0161 pov\u011b\u0159en\u00fd z\u00e1stupce v sou\u010dasn\u00e9 dob\u011b kontroluje va\u0161i \u017e\u00e1dost, aby se ujistil, \u017ee poskytnut\u00e9 \u00fadaje jsou \u00fapln\u00e9 a p\u0159esn\u00e9, ne\u017e ji p\u0159edlo\u017e\u00ed Ministerstvu zahrani\u010d\u00ed USA.\t\t\t\t\t<\/p>\n\t\t\t\t\n\t\t\t<\/div>\n\t\t\t\n\t\t<\/div>\n\t\t\t\t\t\t<\/div>\n\t\t\t\t<\/div>\n\t\t\t\t<div class=\"elementor-element elementor-element-c6063c0 elementor-view-default elementor-position-top elementor-mobile-position-top elementor-widget elementor-widget-icon-box\" data-id=\"c6063c0\" data-element_type=\"widget\" data-widget_type=\"icon-box.default\">\n\t\t\t\t<div class=\"elementor-widget-container\">\n\t\t\t\t\t\t\t<div class=\"elementor-icon-box-wrapper\">\n\n\t\t\t\t\t\t<div class=\"elementor-icon-box-icon\">\n\t\t\t\t<span  class=\"elementor-icon\">\n\t\t\t\t<i aria-hidden=\"true\" class=\"jki jki-chevron-right-circle-light\"><\/i>\t\t\t\t<\/span>\n\t\t\t<\/div>\n\t\t\t\n\t\t\t\t\t\t<div class=\"elementor-icon-box-content\">\n\n\t\t\t\t\t\t\t\t\t<h3 class=\"elementor-icon-box-title\">\n\t\t\t\t\t\t<span  >\n\t\t\t\t\t\t\t4. \u010cek\u00e1n\u00ed na schv\u00e1len\u00ed\t\t\t\t\t\t<\/span>\n\t\t\t\t\t<\/h3>\n\t\t\t\t\n\t\t\t\t\t\t\t\t\t<p class=\"elementor-icon-box-description\">\n\t\t\t\t\t\tVa\u0161e \u017e\u00e1dost byla\n p\u0159edlo\u017een americk\u00e9mu ministerstvu zahrani\u010d\u00ed a v sou\u010dasn\u00e9 dob\u011b \u010dek\u00e1 na schv\u00e1len\u00ed.\t\t\t\t\t<\/p>\n\t\t\t\t\n\t\t\t<\/div>\n\t\t\t\n\t\t<\/div>\n\t\t\t\t\t\t<\/div>\n\t\t\t\t<\/div>\n\t\t\t\t<div class=\"elementor-element elementor-element-5e15cb9 elementor-view-default elementor-position-top elementor-mobile-position-top elementor-widget elementor-widget-icon-box\" data-id=\"5e15cb9\" data-element_type=\"widget\" data-widget_type=\"icon-box.default\">\n\t\t\t\t<div class=\"elementor-widget-container\">\n\t\t\t\t\t\t\t<div class=\"elementor-icon-box-wrapper\">\n\n\t\t\t\t\t\t<div class=\"elementor-icon-box-icon\">\n\t\t\t\t<span  class=\"elementor-icon\">\n\t\t\t\t<svg aria-hidden=\"true\" class=\"e-font-icon-svg e-far-file-alt\" viewBox=\"0 0 384 512\" xmlns=\"http:\/\/www.w3.org\/2000\/svg\"><path d=\"M288 248v28c0 6.6-5.4 12-12 12H108c-6.6 0-12-5.4-12-12v-28c0-6.6 5.4-12 12-12h168c6.6 0 12 5.4 12 12zm-12 72H108c-6.6 0-12 5.4-12 12v28c0 6.6 5.4 12 12 12h168c6.6 0 12-5.4 12-12v-28c0-6.6-5.4-12-12-12zm108-188.1V464c0 26.5-21.5 48-48 48H48c-26.5 0-48-21.5-48-48V48C0 21.5 21.5 0 48 0h204.1C264.8 0 277 5.1 286 14.1L369.9 98c9 8.9 14.1 21.2 14.1 33.9zm-128-80V128h76.1L256 51.9zM336 464V176H232c-13.3 0-24-10.7-24-24V48H48v416h288z\"><\/path><\/svg>\t\t\t\t<\/span>\n\t\t\t<\/div>\n\t\t\t\n\t\t\t\t\t\t<div class=\"elementor-icon-box-content\">\n\n\t\t\t\t\t\t\t\t\t<h3 class=\"elementor-icon-box-title\">\n\t\t\t\t\t\t<span  >\n\t\t\t\t\t\t\t5. V\u00fdsledek aplikace\t\t\t\t\t\t<\/span>\n\t\t\t\t\t<\/h3>\n\t\t\t\t\n\t\t\t\t\t\t\t\t\t<p class=\"elementor-icon-box-description\">\n\t\t\t\t\t\tVa\u0161e \u017e\u00e1dost byla\n p\u0159ezkoum\u00e1no Ministerstvem zahrani\u010d\u00ed USA. Zkontrolujte si doru\u010denou po\u0161tu, po schv\u00e1len\u00ed nebo v p\u0159\u00edpad\u011b pot\u0159eby dal\u0161\u00edch informac\u00ed budete informov\u00e1ni e-mailem. \t\t\t\t\t<\/p>\n\t\t\t\t\n\t\t\t<\/div>\n\t\t\t\n\t\t<\/div>\n\t\t\t\t\t\t<\/div>\n\t\t\t\t<\/div>\n\t\t\t\t<\/div>\n\t\t<div class=\"elementor-element elementor-element-962b3c7 e-con-full e-flex wpr-particle-no wpr-jarallax-no wpr-parallax-no wpr-sticky-section-no e-con e-child\" data-id=\"962b3c7\" data-element_type=\"container\" data-settings=\"{&quot;background_background&quot;:&quot;classic&quot;}\">\n\t\t\t\t<div class=\"elementor-element elementor-element-0bdf324 elementor-widget elementor-widget-heading\" data-id=\"0bdf324\" data-element_type=\"widget\" data-widget_type=\"heading.default\">\n\t\t\t\t<div class=\"elementor-widget-container\">\n\t\t\t\t\t<h3 class=\"elementor-heading-title elementor-size-default\">Pokud pot\u0159ebujete podat \u017e\u00e1dost o dal\u0161\u00edho uchaze\u010de, klikn\u011bte na tla\u010d\u00edtko.<\/h3>\t\t\t\t<\/div>\n\t\t\t\t<\/div>\n\t\t\t\t<div class=\"elementor-element elementor-element-692be83 elementor-widget elementor-widget-button\" data-id=\"692be83\" data-element_type=\"widget\" data-widget_type=\"button.default\">\n\t\t\t\t<div class=\"elementor-widget-container\">\n\t\t\t\t\t\t\t\t\t<div class=\"elementor-button-wrapper\">\n\t\t\t\t\t<a class=\"elementor-button elementor-button-link elementor-size-sm\" href=\"https:\/\/usimmigrationassistance.org\/cs\/pouzit\/\">\n\t\t\t\t\t\t<span class=\"elementor-button-content-wrapper\">\n\t\t\t\t\t\t\t\t\t<span class=\"elementor-button-text\">P\u0159idat dal\u0161\u00ed aplikaci<\/span>\n\t\t\t\t\t<\/span>\n\t\t\t\t\t<\/a>\n\t\t\t\t<\/div>\n\t\t\t\t\t\t\t\t<\/div>\n\t\t\t\t<\/div>\n\t\t\t\t<\/div>\n\t\t<div class=\"elementor-element elementor-element-d8e3793 e-con-full e-flex wpr-particle-no wpr-jarallax-no wpr-parallax-no wpr-sticky-section-no e-con e-child\" data-id=\"d8e3793\" data-element_type=\"container\">\n\t\t\t\t<div class=\"elementor-element elementor-element-a7060ef elementor-widget elementor-widget-text-editor\" data-id=\"a7060ef\" data-element_type=\"widget\" data-widget_type=\"text-editor.default\">\n\t\t\t\t<div class=\"elementor-widget-container\">\n\t\t\t\t\t\t\t\t\tVa\u0161e karta byla autorizov\u00e1na k platb\u011b. Potvrzen\u00ed v\u00e1m bylo odesl\u00e1no na v\u00e1\u0161 e-mail a n\u00ed\u017ee jsou uvedeny \u00fapln\u00e9 podrobnosti faktury. \t\t\t\t\t\t\t\t<\/div>\n\t\t\t\t<\/div>\n\t\t\t\t<div class=\"elementor-element elementor-element-2c8c0d1 elementor-widget elementor-widget-text-editor\" data-id=\"2c8c0d1\" data-element_type=\"widget\" data-widget_type=\"text-editor.default\">\n\t\t\t\t<div class=\"elementor-widget-container\">\n\t\t\t\t\t\t\t\t\tZkontrolujte si e-mail, zda v\u00e1m nep\u0159i\u0161el doklad o koupi. Pokud doklad o koupi ve schr\u00e1nce nevid\u00edte, zkontrolujte pros\u00edm slo\u017eky s nevy\u017e\u00e1danou po\u0161tou a p\u0159idejte \u201eUS Immigration Assistance\u201c na seznam povolen\u00fdch adres. Podrobn\u011bj\u0161\u00ed informace o tom, jak p\u0159idat na\u0161i e-mailovou adresu na seznam povolen\u00fdch adres, naleznete na internetu.  \t\t\t\t\t\t\t\t<\/div>\n\t\t\t\t<\/div>\n\t\t\t\t<\/div>\n\t\t<div class=\"elementor-element elementor-element-fafd01c e-con-full e-flex wpr-particle-no wpr-jarallax-no wpr-parallax-no wpr-sticky-section-no e-con e-child\" data-id=\"fafd01c\" data-element_type=\"container\" data-settings=\"{&quot;background_background&quot;:&quot;classic&quot;}\">\n\t\t\t\t<div class=\"elementor-element elementor-element-08767ad elementor-widget elementor-widget-text-editor\" data-id=\"08767ad\" data-element_type=\"widget\" data-widget_type=\"text-editor.default\">\n\t\t\t\t<div class=\"elementor-widget-container\">\n\t\t\t\t\t\t\t\t\tFaktura\t\t\t\t\t\t\t\t<\/div>\n\t\t\t\t<\/div>\n\t\t\t\t<\/div>\n\t\t<div class=\"elementor-element elementor-element-a2b3de8 e-con-full e-flex wpr-particle-no wpr-jarallax-no wpr-parallax-no wpr-sticky-section-no e-con e-child\" data-id=\"a2b3de8\" data-element_type=\"container\">\n\t\t\t\t<div class=\"elementor-element elementor-element-56372a9 elementor-widget elementor-widget-text-editor\" data-id=\"56372a9\" data-element_type=\"widget\" data-widget_type=\"text-editor.default\">\n\t\t\t\t<div class=\"elementor-widget-container\">\n\t\t\t\t\t\t\t\t\tZp\u016fsob platby: Kreditn\u00ed karta\t\t\t\t\t\t\t\t<\/div>\n\t\t\t\t<\/div>\n\t\t\t\t<div class=\"elementor-element elementor-element-d8eaf26 elementor-widget elementor-widget-text-editor\" data-id=\"d8eaf26\" data-element_type=\"widget\" data-widget_type=\"text-editor.default\">\n\t\t\t\t<div class=\"elementor-widget-container\">\n\t\t\t\t\t\t\t\t\tDoru\u010den\u00ed na: Elektronick\u00e9 doru\u010den\u00ed\t\t\t\t\t\t\t\t<\/div>\n\t\t\t\t<\/div>\n\t\t\t\t<\/div>\n\t\t<div class=\"elementor-element elementor-element-1960c80 e-con-full e-flex wpr-particle-no wpr-jarallax-no wpr-parallax-no wpr-sticky-section-no e-con e-child\" data-id=\"1960c80\" data-element_type=\"container\" data-settings=\"{&quot;background_background&quot;:&quot;classic&quot;}\">\n\t\t\t\t<div class=\"elementor-element elementor-element-ba25977 elementor-widget elementor-widget-text-editor\" data-id=\"ba25977\" data-element_type=\"widget\" data-widget_type=\"text-editor.default\">\n\t\t\t\t<div class=\"elementor-widget-container\">\n\t\t\t\t\t\t\t\t\tPolo\u017eka\t\t\t\t\t\t\t\t<\/div>\n\t\t\t\t<\/div>\n\t\t\t\t<\/div>\n\t\t<div class=\"elementor-element elementor-element-ae7951a e-con-full e-flex wpr-particle-no wpr-jarallax-no wpr-parallax-no wpr-sticky-section-no e-con e-child\" data-id=\"ae7951a\" data-element_type=\"container\">\n\t\t\t\t<div class=\"elementor-element elementor-element-12f9fd7 elementor-widget elementor-widget-text-editor\" data-id=\"12f9fd7\" data-element_type=\"widget\" data-widget_type=\"text-editor.default\">\n\t\t\t\t<div class=\"elementor-widget-container\">\n\t\t\t\t\t\t\t\t\t\u017d\u00e1dost o v\u00edzum do USA\t\t\t\t\t\t\t\t<\/div>\n\t\t\t\t<\/div>\n\t\t\t\t<\/div>\n\t\t<div class=\"elementor-element elementor-element-e15ab14 e-con-full e-flex wpr-particle-no wpr-jarallax-no wpr-parallax-no wpr-sticky-section-no e-con e-child\" data-id=\"e15ab14\" data-element_type=\"container\">\n\t\t\t\t<div class=\"elementor-element elementor-element-8f7fd7c elementor-widget elementor-widget-text-editor\" data-id=\"8f7fd7c\" data-element_type=\"widget\" data-widget_type=\"text-editor.default\">\n\t\t\t\t<div class=\"elementor-widget-container\">\n\t\t\t\t\t\t\t\t\tUpozorn\u011bn\u00ed:<br> Tato platba se na va\u0161em v\u00fdpisu z kreditn\u00ed karty objev\u00ed jako \u201eUS Immigration Assistance\u201c nebo \u201eusimmigrationassistance.org\u201c.\t\t\t\t\t\t\t\t<\/div>\n\t\t\t\t<\/div>\n\t\t\t\t<\/div>\n\t\t<div class=\"elementor-element elementor-element-a13c92a e-con-full e-flex wpr-particle-no wpr-jarallax-no wpr-parallax-no wpr-sticky-section-no e-con e-child\" data-id=\"a13c92a\" data-element_type=\"container\">\n\t\t\t\t<div class=\"elementor-element elementor-element-c7db7c3 elementor-widget elementor-widget-text-editor\" data-id=\"c7db7c3\" data-element_type=\"widget\" data-widget_type=\"text-editor.default\">\n\t\t\t\t<div class=\"elementor-widget-container\">\n\t\t\t\t\t\t\t\t\t\u00dasp\u011b\u0161n\u011b jste odeslali platbu. \u017d\u00e1dost dr\u017eitele karty bance nebo PayPalu o vr\u00e1cen\u00ed poplatk\u016f bude m\u00edt za n\u00e1sledek automatick\u00e9 <b>zam\u00edtnut\u00ed \u017e\u00e1dosti<\/b> . \t\t\t\t\t\t\t\t<\/div>\n\t\t\t\t<\/div>\n\t\t\t\t<\/div>\n\t\t\t\t<\/div>\n\t\t\t\t\t<\/div>\n\t\t\t\t<\/div>\n\t\t\t\t<\/div>\n\t\t","protected":false},"excerpt":{"rendered":"<p>Va\u0161e \u017e\u00e1dost o v\u00edzum byla \u00fasp\u011b\u0161n\u011b odesl\u00e1na Va\u0161e \u017e\u00e1dost ESTA \u010d. ! S ID objedn\u00e1vky byl \u00fasp\u011b\u0161n\u011b odesl\u00e1n. Na uvedenou e-mailovou adresu bylo odesl\u00e1no potvrzen\u00ed o p\u0159ijet\u00ed s podrobnostmi o va\u0161\u00ed \u017e\u00e1dosti. Uschovejte si jej pros\u00edm pro vlastn\u00ed pot\u0159ebu. Pokud se n\u00e1\u0161 e-mail s potvrzen\u00edm o n\u00e1kupu dostal do slo\u017eky s nevy\u017e\u00e1danou po\u0161tou , ozna\u010dte jej pros\u00edm jako \u201eNen\u00ed to spam\u201c. Pokud pot\u0159ebujete podat \u017e\u00e1dost o dal\u0161\u00edho uchaze\u010de, klikn\u011bte na tla\u010d\u00edtko. P\u0159idat dal\u0161\u00ed aplikaci Stav va\u0161\u00ed \u017e\u00e1dosti o v\u00edzum: KROK 1\/2 DOKON\u010cEN Mus\u00edte dokon\u010dit 2. krok procesu pod\u00e1v\u00e1n\u00ed \u017e\u00e1dosti, kter\u00fd zahrnuje poskytnut\u00ed podrobn\u00fdch informac\u00ed vlastn\u00edm tempem. B\u011bhem pr\u00e1ce na t\u00e9to \u010d\u00e1sti budeme informovat Ministerstvo zahrani\u010d\u00ed USA, \u017ee se va\u0161e \u017e\u00e1dost zpracov\u00e1v\u00e1. Jakmile ji dokon\u010d\u00edte, n\u00e1\u0161 intern\u00ed syst\u00e9m automaticky detekuje dokon\u010den\u00ed, tak\u017ee n\u00e1s nebudete muset informovat. Upozorn\u011bn\u00ed: M\u011bli byste od n\u00e1s obdr\u017eet e-mail se v\u0161emi pot\u0159ebn\u00fdmi pokyny k zah\u00e1jen\u00ed 2. kroku procesu pod\u00e1v\u00e1n\u00ed \u017e\u00e1dost\u00ed. (Pokud jste e-mail neobdr\u017eeli, nezapome\u0148te zkontrolovat slo\u017eku s nevy\u017e\u00e1danou po\u0161tou.) 1. Krok 1\/2 dokon\u010den \u00dasp\u011b\u0161n\u011b jsme obdr\u017eeli va\u0161i prvn\u00ed \u017e\u00e1dost o v\u00edzum. M\u011bli byste obdr\u017eet e-mail se v\u0161emi pot\u0159ebn\u00fdmi pokyny k pokra\u010dov\u00e1n\u00ed ve 2. kroku. 2. Krok 2 \u010cek\u00e1 na vy\u0159\u00edzen\u00ed Mus\u00edte dokon\u010dit 2. krok procesu pod\u00e1v\u00e1n\u00ed \u017e\u00e1dosti, kter\u00fd zahrnuje poskytnut\u00ed podrobn\u00fdch informac\u00ed vlastn\u00edm tempem. 3. V revizi V\u00e1\u0161 pov\u011b\u0159en\u00fd z\u00e1stupce v sou\u010dasn\u00e9 dob\u011b kontroluje va\u0161i \u017e\u00e1dost, aby se ujistil, \u017ee poskytnut\u00e9 \u00fadaje jsou \u00fapln\u00e9 a p\u0159esn\u00e9, ne\u017e ji p\u0159edlo\u017e\u00ed Ministerstvu zahrani\u010d\u00ed USA. 4. \u010cek\u00e1n\u00ed na schv\u00e1len\u00ed Va\u0161e \u017e\u00e1dost byla p\u0159edlo\u017een americk\u00e9mu ministerstvu zahrani\u010d\u00ed a v sou\u010dasn\u00e9 dob\u011b \u010dek\u00e1 na schv\u00e1len\u00ed. 5. V\u00fdsledek aplikace Va\u0161e \u017e\u00e1dost byla p\u0159ezkoum\u00e1no Ministerstvem zahrani\u010d\u00ed USA. Zkontrolujte si doru\u010denou po\u0161tu, po schv\u00e1len\u00ed nebo v p\u0159\u00edpad\u011b pot\u0159eby dal\u0161\u00edch informac\u00ed budete informov\u00e1ni e-mailem. Pokud pot\u0159ebujete podat \u017e\u00e1dost o dal\u0161\u00edho uchaze\u010de, klikn\u011bte na tla\u010d\u00edtko. P\u0159idat dal\u0161\u00ed aplikaci Va\u0161e karta byla autorizov\u00e1na k platb\u011b. Potvrzen\u00ed v\u00e1m bylo odesl\u00e1no na v\u00e1\u0161 e-mail a n\u00ed\u017ee jsou uvedeny \u00fapln\u00e9 podrobnosti faktury. Zkontrolujte si e-mail, zda v\u00e1m nep\u0159i\u0161el doklad o koupi. Pokud doklad o koupi ve schr\u00e1nce nevid\u00edte, zkontrolujte pros\u00edm slo\u017eky s nevy\u017e\u00e1danou po\u0161tou a p\u0159idejte \u201eUS Immigration Assistance\u201c na seznam povolen\u00fdch adres. Podrobn\u011bj\u0161\u00ed informace o tom, jak p\u0159idat na\u0161i e-mailovou adresu na seznam povolen\u00fdch adres, naleznete na internetu. FakturaZp\u016fsob platby: Kreditn\u00ed kartaDoru\u010den\u00ed na: Elektronick\u00e9 doru\u010den\u00edPolo\u017eka\u017d\u00e1dost o v\u00edzum do USAUpozorn\u011bn\u00ed: Tato platba se na va\u0161em v\u00fdpisu z kreditn\u00ed karty objev\u00ed jako \u201eUS Immigration Assistance\u201c nebo \u201eusimmigrationassistance.org\u201c.\u00dasp\u011b\u0161n\u011b jste odeslali platbu. \u017d\u00e1dost dr\u017eitele karty bance nebo PayPalu o vr\u00e1cen\u00ed poplatk\u016f bude m\u00edt za n\u00e1sledek automatick\u00e9 zam\u00edtnut\u00ed \u017e\u00e1dosti .<\/p>\n","protected":false},"author":3,"featured_media":0,"parent":0,"menu_order":0,"comment_status":"closed","ping_status":"closed","template":"","meta":{"footnotes":""},"class_list":["post-30192","page","type-page","status-publish","hentry"],"_links":{"self":[{"href":"https:\/\/usimmigrationassistance.org\/cs\/wp-json\/wp\/v2\/pages\/30192","targetHints":{"allow":["GET"]}}],"collection":[{"href":"https:\/\/usimmigrationassistance.org\/cs\/wp-json\/wp\/v2\/pages"}],"about":[{"href":"https:\/\/usimmigrationassistance.org\/cs\/wp-json\/wp\/v2\/types\/page"}],"author":[{"embeddable":true,"href":"https:\/\/usimmigrationassistance.org\/cs\/wp-json\/wp\/v2\/users\/3"}],"replies":[{"embeddable":true,"href":"https:\/\/usimmigrationassistance.org\/cs\/wp-json\/wp\/v2\/comments?post=30192"}],"version-history":[{"count":3,"href":"https:\/\/usimmigrationassistance.org\/cs\/wp-json\/wp\/v2\/pages\/30192\/revisions"}],"predecessor-version":[{"id":96170,"href":"https:\/\/usimmigrationassistance.org\/cs\/wp-json\/wp\/v2\/pages\/30192\/revisions\/96170"}],"wp:attachment":[{"href":"https:\/\/usimmigrationassistance.org\/cs\/wp-json\/wp\/v2\/media?parent=30192"}],"curies":[{"name":"wp","href":"https:\/\/api.w.org\/{rel}","templated":true}]}}