{"id":26391,"date":"2025-03-18T07:09:49","date_gmt":"2025-03-18T06:09:49","guid":{"rendered":"https:\/\/usimmigrationassistance.org\/juridisk-ansvarsfraskrivelse"},"modified":"2025-05-21T23:11:57","modified_gmt":"2025-05-21T19:11:57","slug":"juridisk-ansvarsfraskrivelse","status":"publish","type":"page","link":"https:\/\/usimmigrationassistance.org\/da\/juridisk-ansvarsfraskrivelse\/","title":{"rendered":"Juridisk ansvarsfraskrivelse"},"content":{"rendered":"\t\t<div data-elementor-type=\"wp-page\" data-elementor-id=\"26391\" class=\"elementor elementor-26391 elementor-881\" data-elementor-post-type=\"page\">\n\t\t\t\t<div class=\"elementor-element elementor-element-38977736 e-flex e-con-boxed wpr-particle-no wpr-jarallax-no wpr-parallax-no wpr-sticky-section-no e-con e-parent\" data-id=\"38977736\" data-element_type=\"container\">\n\t\t\t\t\t<div class=\"e-con-inner\">\n\t\t<div class=\"elementor-element elementor-element-95d71bf e-con-full e-flex wpr-particle-no wpr-jarallax-no wpr-parallax-no wpr-sticky-section-no e-con e-child\" data-id=\"95d71bf\" data-element_type=\"container\">\n\t\t\t\t<div class=\"elementor-element elementor-element-06e6898 elementor-widget elementor-widget-heading\" data-id=\"06e6898\" data-element_type=\"widget\" data-widget_type=\"heading.default\">\n\t\t\t\t<div class=\"elementor-widget-container\">\n\t\t\t\t\t<h2 class=\"elementor-heading-title elementor-size-default\">Juridisk ansvarsfraskrivelse<\/h2>\t\t\t\t<\/div>\n\t\t\t\t<\/div>\n\t\t\t\t<\/div>\n\t\t<div class=\"elementor-element elementor-element-30dafa5 e-con-full e-flex wpr-particle-no wpr-jarallax-no wpr-parallax-no wpr-sticky-section-no e-con e-child\" data-id=\"30dafa5\" data-element_type=\"container\" data-settings=\"{&quot;background_background&quot;:&quot;classic&quot;}\">\n\t\t\t\t<div class=\"elementor-element elementor-element-20545007 elementor-widget elementor-widget-text-editor\" data-id=\"20545007\" data-element_type=\"widget\" data-widget_type=\"text-editor.default\">\n\t\t\t\t<div class=\"elementor-widget-container\">\n\t\t\t\t\t\t\t\t\t<p><\/p>\n<p>Hverken TR\u0410VEL MUNDO &#8211; FZCO eller <a href=\"https:\/\/usimmigrationassistance.org\/da\" target=\"_blank\" rel=\"noopener\">usimmigrationassistance.org<\/a> er tilknyttet det amerikanske udenrigsministerium (US DOS), det amerikanske Department of Homeland Security (US DHS), det amerikanske Citizenship &amp; Immigration Services (USCIS) eller nogen anden amerikansk statslig myndighed.<br> Vi er ikke et advokatfirma, vi yder ikke juridisk r\u00e5dgivning, og vi erstatter ikke en advokat.<br> Vi er en privat, internetbaseret udbyder af rejse- og immigrationsr\u00e5dgivning, der er dedikeret til at hj\u00e6lpe enkeltpersoner med at rejse til USA.  <\/p>\n<p><\/p>\n<p><\/p>\n<p>Hverken TR\u0410VEL MUNDO &#8211; FZCO, <a href=\"https:\/\/usimmigrationassistance.org\/da\" target=\"_blank\" rel=\"noopener\">usimmigrationassistance.org<\/a> eller dets medarbejdere h\u00e6vder at have nogen s\u00e6rlig viden om immigrationslovgivning eller -procedurer. De anf\u00f8rte k\u00f8bspriser for assistance med ans\u00f8gningsforberedelse inkluderer IKKE gebyrer for offentlige ans\u00f8gninger, l\u00e6geunders\u00f8gelser, indgivelse eller biometri. Offentlige gebyrer refunderes ikke. Advokatsal\u00e6rer refunderes ikke.   <\/p>\n<p><\/p>\n<p><\/p>\n<p>De Forenede Staters visumpolitik omhandler de krav, som en udenlandsk statsborger, der \u00f8nsker at indrejse i USA, skal opfylde for at f\u00e5 et visum, som er en tilladelse til at rejse til, indrejse i og\/eller opholde sig i USA. Bes\u00f8gende i USA skal have et visum fra en af \u200b\u200bde amerikanske diplomatiske missioner, medmindre de kommer fra et af de visumfritagne lande eller lande under Visa Waiver Program. De samme regler g\u00e6lder for Puerto Rico og De Amerikanske Jomfru\u00f8er, mens andre regler g\u00e6lder for resten af \u200b\u200bamerikanske territorier, nemlig Guam, Nordmarianerne og Amerikansk Samoa.  <\/p>\n<p><\/p>\n<p><\/p>\n<p>Alle oplysninger, som du eller en udpeget tredjepart giver p\u00e5 dine vegne, skal v\u00e6re sande og korrekte. Et amerikansk visum kan til enhver tid og af enhver grund tilbagekaldes, f.eks. ved nye oplysninger, der p\u00e5virker din berettigelse. Du kan blive p\u00e5lagt administrative eller strafferetlige sanktioner, hvis du bevidst og fors\u00e6tligt afgiver en v\u00e6sentligt falsk, fiktiv eller svigagtig erkl\u00e6ring eller fremstilling i en visumans\u00f8gning, der er indsendt af dig eller p\u00e5 dine vegne.  <\/p>\n<p><\/p>\n<p><\/p>\n<p>Se venligst refunderingspolitikken, f\u00f8r du k\u00f8ber en tjeneste p\u00e5 vores hjemmeside.<\/p>\n<p><\/p>\n<p><\/p>\n<p>Denne hjemmeside indeholder generelle oplysninger om immigrationssp\u00f8rgsm\u00e5l og -udviklinger. S\u00e5danne materialer er kun til orientering og afspejler muligvis ikke den seneste udvikling. Disse informationsmaterialer er ikke beregnet til og b\u00f8r ikke opfattes som juridisk r\u00e5dgivning om fakta eller omst\u00e6ndigheder. Du b\u00f8r kontakte en advokat for at f\u00e5 vejledning om specifikke juridiske problemer.   <\/p>\n<p><\/p>\n<p><\/p>\n<p>Selvom vi bestr\u00e6ber os p\u00e5 at holde webstedets oplysninger opdaterede og korrekte, giver TR\u0410VEL MUNDO &#8211; FZCO ingen erkl\u00e6ringer eller garantier af nogen art, hverken udtrykkelige eller underforst\u00e5ede, om fuldst\u00e6ndigheden, n\u00f8jagtigheden, p\u00e5lideligheden, egnetheden eller tilg\u00e6ngeligheden af \u200b\u200bwebstedet eller de oplysninger, produkter, tjenester eller relaterede grafikker, der findes p\u00e5 webstedet, til noget form\u00e5l. Enhver tillid, du l\u00e6gger til s\u00e5dant materiale, sker derfor udelukkende p\u00e5 egen risiko. <\/p>\n<p><\/p>\n<p><\/p>\n<p>TRAVEL MUNDO &#8211; FZCO er ikke ansvarlig for falske, un\u00f8jagtige, upassende eller ufuldst\u00e6ndige oplysninger, der pr\u00e6senteres p\u00e5 hjemmesiden.<\/p>\n<p><\/p>\n<p><\/p>\n<p>Selvom vi g\u00f8r alt for at holde hjemmesiden k\u00f8rende problemfrit, p\u00e5tager TR\u0410VEL MUNDO &#8211; FZCO sig p\u00e5 grund af internettets natur og den involverede teknologi intet ansvar for og vil ikke v\u00e6re ansvarlig for, at hjemmesiden midlertidigt er utilg\u00e6ngelig p\u00e5 grund af tekniske problemer (eller andet) uden for deres kontrol, eller for tab eller skader, der m\u00e5tte opst\u00e5 som f\u00f8lge af brugen af \u200b\u200beller adgangen til eller manglende evne til at bruge eller f\u00e5 adgang til denne hjemmeside overhovedet.<\/p>\n<p><\/p>\n<p><\/p>\n<p>Visse links p\u00e5 denne hjemmeside f\u00f8rer til hjemmesider, der ikke er under TRAVEL MUNDO &#8211; FZCOs kontrol. N\u00e5r du aktiverer disse, forlader du TRAVEL MUNDO &#8211; FZCOs hjemmeside. TRAVEL MUNDO &#8211; FZCO har ingen kontrol over og p\u00e5tager sig intet ansvar for materialer, produkter eller tjenester, der er tilg\u00e6ngelige p\u00e5 hjemmesider, der ikke er under TRAVEL MUNDO &#8211; FZCOs kontrol.  <\/p>\n<p><\/p>\n<p><\/p>\n<p>I det omfang det ikke er forbudt ved lov, er TR\u0410VEL MUNDO &#8211; FZCO under ingen omst\u00e6ndigheder ansvarlig over for dig eller andre tredjeparter for tab eller skade (herunder, uden begr\u00e6nsning, skade for tab af forretning eller tabt fortjeneste), der direkte eller indirekte opst\u00e5r som f\u00f8lge af din brug af eller manglende evne til at bruge dette websted eller noget af dets materiale.<\/p>\n<p><\/p>\n<p><\/p>\n<p>Ans\u00f8gninger, der udfyldes ved hj\u00e6lp af vores tjeneste, er tilg\u00e6ngelige som blanke formularer gratis p\u00e5 nogle af den amerikanske regerings websteder. Vi er en privat, teknologisk internetbaseret rejseudbyder, der er dedikeret til at hj\u00e6lpe enkeltpersoner med at rejse til USA. Hvis du ikke \u00f8nsker at bruge vores tjenester, kan du ans\u00f8ge direkte p\u00e5 <a href=\"https:\/\/travel.state.gov\/\" target=\"_blank\" rel=\"noreferrer noopener\">travel.state.gov<\/a> eller p\u00e5 <a href=\"https:\/\/uscis.gov\/\" target=\"_blank\" rel=\"noreferrer noopener\">uscis.gov<\/a> .  <\/p>\n<p><\/p>\n<p><\/p>\n<p>Du b\u00f8r ikke bruge denne hjemmeside til at give fortrolige oplysninger om dine juridiske anliggender til vores indtagelsesagenter. Din brug af denne hjemmeside g\u00f8r dig ikke til klient hos et advokatfirma eller endda til en potentiel klient hos et advokatfirma. <\/p>\n<p><\/p>\n<p><\/p>\n<p>Som en bekvemmelighed kan dette websted indeholde links til tredjepartswebsteder. S\u00e5danne linkede websteder er ikke under vores kontrol, og vi p\u00e5tager os intet ansvar for n\u00f8jagtigheden af \u200b\u200bindholdet p\u00e5 s\u00e5danne websteder. <\/p>\n<p><\/p>\n<p><\/p>\n<p>Dit bes\u00f8g og\/eller din brug af denne hjemmeside indikerer, at du accepterer og klart forst\u00e5r ansvarsfraskrivelserne, <a href=\"https:\/\/usimmigrationassistance.org\/terms_of_use\" target=\"_blank\" rel=\"noreferrer noopener\">brugsbetingelserne<\/a> , <a href=\"https:\/\/usimmigrationassistance.org\/privacy_policy\" target=\"_blank\" rel=\"noreferrer noopener\">privatlivspolitikkerne<\/a> og <a href=\"https:\/\/usimmigrationassistance.org\/refund_policy\" target=\"_blank\" rel=\"noreferrer noopener\">refusionspolitikkerne<\/a> , der er angivet p\u00e5 denne hjemmeside.<\/p>\n<p><\/p>\t\t\t\t\t\t\t\t<\/div>\n\t\t\t\t<\/div>\n\t\t\t\t<\/div>\n\t\t\t\t\t<\/div>\n\t\t\t\t<\/div>\n\t\t\t\t<\/div>\n\t\t","protected":false},"excerpt":{"rendered":"<p>Juridisk ansvarsfraskrivelse Hverken TR\u0410VEL MUNDO &#8211; FZCO eller usimmigrationassistance.org er tilknyttet det amerikanske udenrigsministerium (US DOS), det amerikanske Department of Homeland Security (US DHS), det amerikanske Citizenship &amp; Immigration Services (USCIS) eller nogen anden amerikansk statslig myndighed. Vi er ikke et advokatfirma, vi yder ikke juridisk r\u00e5dgivning, og vi erstatter ikke en advokat. Vi er en privat, internetbaseret udbyder af rejse- og immigrationsr\u00e5dgivning, der er dedikeret til at hj\u00e6lpe enkeltpersoner med at rejse til USA. Hverken TR\u0410VEL MUNDO &#8211; FZCO, usimmigrationassistance.org eller dets medarbejdere h\u00e6vder at have nogen s\u00e6rlig viden om immigrationslovgivning eller -procedurer. De anf\u00f8rte k\u00f8bspriser for assistance med ans\u00f8gningsforberedelse inkluderer IKKE gebyrer for offentlige ans\u00f8gninger, l\u00e6geunders\u00f8gelser, indgivelse eller biometri. Offentlige gebyrer refunderes ikke. Advokatsal\u00e6rer refunderes ikke. De Forenede Staters visumpolitik omhandler de krav, som en udenlandsk statsborger, der \u00f8nsker at indrejse i USA, skal opfylde for at f\u00e5 et visum, som er en tilladelse til at rejse til, indrejse i og\/eller opholde sig i USA. Bes\u00f8gende i USA skal have et visum fra en af \u200b\u200bde amerikanske diplomatiske missioner, medmindre de kommer fra et af de visumfritagne lande eller lande under Visa Waiver Program. De samme regler g\u00e6lder for Puerto Rico og De Amerikanske Jomfru\u00f8er, mens andre regler g\u00e6lder for resten af \u200b\u200bamerikanske territorier, nemlig Guam, Nordmarianerne og Amerikansk Samoa. Alle oplysninger, som du eller en udpeget tredjepart giver p\u00e5 dine vegne, skal v\u00e6re sande og korrekte. Et amerikansk visum kan til enhver tid og af enhver grund tilbagekaldes, f.eks. ved nye oplysninger, der p\u00e5virker din berettigelse. Du kan blive p\u00e5lagt administrative eller strafferetlige sanktioner, hvis du bevidst og fors\u00e6tligt afgiver en v\u00e6sentligt falsk, fiktiv eller svigagtig erkl\u00e6ring eller fremstilling i en visumans\u00f8gning, der er indsendt af dig eller p\u00e5 dine vegne. Se venligst refunderingspolitikken, f\u00f8r du k\u00f8ber en tjeneste p\u00e5 vores hjemmeside. Denne hjemmeside indeholder generelle oplysninger om immigrationssp\u00f8rgsm\u00e5l og -udviklinger. S\u00e5danne materialer er kun til orientering og afspejler muligvis ikke den seneste udvikling. Disse informationsmaterialer er ikke beregnet til og b\u00f8r ikke opfattes som juridisk r\u00e5dgivning om fakta eller omst\u00e6ndigheder. Du b\u00f8r kontakte en advokat for at f\u00e5 vejledning om specifikke juridiske problemer. Selvom vi bestr\u00e6ber os p\u00e5 at holde webstedets oplysninger opdaterede og korrekte, giver TR\u0410VEL MUNDO &#8211; FZCO ingen erkl\u00e6ringer eller garantier af nogen art, hverken udtrykkelige eller underforst\u00e5ede, om fuldst\u00e6ndigheden, n\u00f8jagtigheden, p\u00e5lideligheden, egnetheden eller tilg\u00e6ngeligheden af \u200b\u200bwebstedet eller de oplysninger, produkter, tjenester eller relaterede grafikker, der findes p\u00e5 webstedet, til noget form\u00e5l. Enhver tillid, du l\u00e6gger til s\u00e5dant materiale, sker derfor udelukkende p\u00e5 egen risiko. TRAVEL MUNDO &#8211; FZCO er ikke ansvarlig for falske, un\u00f8jagtige, upassende eller ufuldst\u00e6ndige oplysninger, der pr\u00e6senteres p\u00e5 hjemmesiden. Selvom vi g\u00f8r alt for at holde hjemmesiden k\u00f8rende problemfrit, p\u00e5tager TR\u0410VEL MUNDO &#8211; FZCO sig p\u00e5 grund af internettets natur og den involverede teknologi intet ansvar for og vil ikke v\u00e6re ansvarlig for, at hjemmesiden midlertidigt er utilg\u00e6ngelig p\u00e5 grund af tekniske problemer (eller andet) uden for deres kontrol, eller for tab eller skader, der m\u00e5tte opst\u00e5 som f\u00f8lge af brugen af \u200b\u200beller adgangen til eller manglende evne til at bruge eller f\u00e5 adgang til denne hjemmeside overhovedet. Visse links p\u00e5 denne hjemmeside f\u00f8rer til hjemmesider, der ikke er under TRAVEL MUNDO &#8211; FZCOs kontrol. N\u00e5r du aktiverer disse, forlader du TRAVEL MUNDO &#8211; FZCOs hjemmeside. TRAVEL MUNDO &#8211; FZCO har ingen kontrol over og p\u00e5tager sig intet ansvar for materialer, produkter eller tjenester, der er tilg\u00e6ngelige p\u00e5 hjemmesider, der ikke er under TRAVEL MUNDO &#8211; FZCOs kontrol. I det omfang det ikke er forbudt ved lov, er TR\u0410VEL MUNDO &#8211; FZCO under ingen omst\u00e6ndigheder ansvarlig over for dig eller andre tredjeparter for tab eller skade (herunder, uden begr\u00e6nsning, skade for tab af forretning eller tabt fortjeneste), der direkte eller indirekte opst\u00e5r som f\u00f8lge af din brug af eller manglende evne til at bruge dette websted eller noget af dets materiale. Ans\u00f8gninger, der udfyldes ved hj\u00e6lp af vores tjeneste, er tilg\u00e6ngelige som blanke formularer gratis p\u00e5 nogle af den amerikanske regerings websteder. Vi er en privat, teknologisk internetbaseret rejseudbyder, der er dedikeret til at hj\u00e6lpe enkeltpersoner med at rejse til USA. Hvis du ikke \u00f8nsker at bruge vores tjenester, kan du ans\u00f8ge direkte p\u00e5 travel.state.gov eller p\u00e5 uscis.gov . Du b\u00f8r ikke bruge denne hjemmeside til at give fortrolige oplysninger om dine juridiske anliggender til vores indtagelsesagenter. Din brug af denne hjemmeside g\u00f8r dig ikke til klient hos et advokatfirma eller endda til en potentiel klient hos et advokatfirma. Som en bekvemmelighed kan dette websted indeholde links til tredjepartswebsteder. S\u00e5danne linkede websteder er ikke under vores kontrol, og vi p\u00e5tager os intet ansvar for n\u00f8jagtigheden af \u200b\u200bindholdet p\u00e5 s\u00e5danne websteder. Dit bes\u00f8g og\/eller din brug af denne hjemmeside indikerer, at du accepterer og klart forst\u00e5r ansvarsfraskrivelserne, brugsbetingelserne , privatlivspolitikkerne og refusionspolitikkerne , der er angivet p\u00e5 denne hjemmeside.<\/p>\n","protected":false},"author":3,"featured_media":0,"parent":0,"menu_order":0,"comment_status":"closed","ping_status":"closed","template":"","meta":{"footnotes":""},"class_list":["post-26391","page","type-page","status-publish","hentry"],"_links":{"self":[{"href":"https:\/\/usimmigrationassistance.org\/da\/wp-json\/wp\/v2\/pages\/26391","targetHints":{"allow":["GET"]}}],"collection":[{"href":"https:\/\/usimmigrationassistance.org\/da\/wp-json\/wp\/v2\/pages"}],"about":[{"href":"https:\/\/usimmigrationassistance.org\/da\/wp-json\/wp\/v2\/types\/page"}],"author":[{"embeddable":true,"href":"https:\/\/usimmigrationassistance.org\/da\/wp-json\/wp\/v2\/users\/3"}],"replies":[{"embeddable":true,"href":"https:\/\/usimmigrationassistance.org\/da\/wp-json\/wp\/v2\/comments?post=26391"}],"version-history":[{"count":5,"href":"https:\/\/usimmigrationassistance.org\/da\/wp-json\/wp\/v2\/pages\/26391\/revisions"}],"predecessor-version":[{"id":26402,"href":"https:\/\/usimmigrationassistance.org\/da\/wp-json\/wp\/v2\/pages\/26391\/revisions\/26402"}],"wp:attachment":[{"href":"https:\/\/usimmigrationassistance.org\/da\/wp-json\/wp\/v2\/media?parent=26391"}],"curies":[{"name":"wp","href":"https:\/\/api.w.org\/{rel}","templated":true}]}}