{"id":26459,"date":"2025-03-18T07:13:58","date_gmt":"2025-03-18T06:13:58","guid":{"rendered":"https:\/\/usimmigrationassistance.org\/refusionspolitik"},"modified":"2025-05-28T14:49:46","modified_gmt":"2025-05-28T10:49:46","slug":"refusionspolitik","status":"publish","type":"page","link":"https:\/\/usimmigrationassistance.org\/da\/refusionspolitik\/","title":{"rendered":"Refusionspolitik"},"content":{"rendered":"\t\t<div data-elementor-type=\"wp-page\" data-elementor-id=\"26459\" class=\"elementor elementor-26459 elementor-19\" data-elementor-post-type=\"page\">\n\t\t\t\t<div class=\"elementor-element elementor-element-e040b88 e-flex e-con-boxed wpr-particle-no wpr-jarallax-no wpr-parallax-no wpr-sticky-section-no e-con e-parent\" data-id=\"e040b88\" data-element_type=\"container\">\n\t\t\t\t\t<div class=\"e-con-inner\">\n\t\t<div class=\"elementor-element elementor-element-8b26962 e-con-full e-flex wpr-particle-no wpr-jarallax-no wpr-parallax-no wpr-sticky-section-no e-con e-child\" data-id=\"8b26962\" data-element_type=\"container\">\n\t\t\t\t<div class=\"elementor-element elementor-element-bbdcd9a elementor-widget elementor-widget-heading\" data-id=\"bbdcd9a\" data-element_type=\"widget\" data-widget_type=\"heading.default\">\n\t\t\t\t<div class=\"elementor-widget-container\">\n\t\t\t\t\t<h2 class=\"elementor-heading-title elementor-size-default\">Refusionspolitik<\/h2>\t\t\t\t<\/div>\n\t\t\t\t<\/div>\n\t\t\t\t<\/div>\n\t\t<div class=\"elementor-element elementor-element-55b5e2c e-con-full e-flex wpr-particle-no wpr-jarallax-no wpr-parallax-no wpr-sticky-section-no e-con e-child\" data-id=\"55b5e2c\" data-element_type=\"container\" data-settings=\"{&quot;background_background&quot;:&quot;classic&quot;}\">\n\t\t\t\t<div class=\"elementor-element elementor-element-65bcd51 elementor-widget elementor-widget-text-editor\" data-id=\"65bcd51\" data-element_type=\"widget\" data-widget_type=\"text-editor.default\">\n\t\t\t\t<div class=\"elementor-widget-container\">\n\t\t\t\t\t\t\t\t\t<p>L\u00e6s venligst denne politik omhyggeligt. Dette er refusionspolitikken for <a href=\"https:\/\/usimmigrationassistance.org\/da\">https:\/\/usimmigrationassistance.org\/<\/a> , som drives af TRAVEL MUNDO &#8211; FZCO ( <strong>vi\/vores\/os<\/strong> ). Ved at tilg\u00e5 vores hjemmeside <a href=\"https:\/\/usimmigrationassistance.org\/da\">https:\/\/usimmigrationassistance.org\/<\/a> og bruge vores tjenester accepterer du at v\u00e6re bundet af denne politik.  <br><strong>ALT SALG ER ENDELIGT OG KAN IKKE REFUNDERES.<\/strong><\/p>\n<p><\/p>\n<p>Vi er forpligtet til at levere tjenester af h\u00f8j kvalitet for at hj\u00e6lpe vores klienter ( <strong>dig\/din<\/strong> ) gennem hele deres immigrationsproces. <strong>N\u00e5r et k\u00f8b er foretaget, vil der dog ikke blive udstedt nogen refusion<\/strong> uanset \u00e5rsagen. Denne politik g\u00e6lder fra k\u00f8bstidspunktet, uanset om tjenesterne er blevet fuldt udnyttet eller ej.  <\/p>\n<p><\/p>\n<p><strong>POLITIKVILK\u00c5R<\/strong><\/p>\n<p><\/p>\n<p>Ved at k\u00f8be vores tjenester p\u00e5 <a href=\"https:\/\/usimmigrationassistance.org\/da\">https:\/\/usimmigrationassistance.org\/<\/a> anerkender og accepterer du, at <strong>alle tjenester ikke refunderes,<\/strong> og at <strong>enhver anmodning om refusion automatisk vil blive afvist<\/strong> . Der er ingen undtagelser fra denne regel, selvom din ans\u00f8gning endnu ikke er indsendt til de relevante myndigheder (Visa, ESTA eller andet). <\/p>\n<p><\/p>\n<p>N\u00e5r du har godkendt dokumenterne til indsendelse efter dit k\u00f8b, <strong>giver du uigenkaldeligt afkald p\u00e5 enhver ret til refusion<\/strong> . I tilf\u00e6lde af en v\u00e6sentlig fejl i din ans\u00f8gning, vil vi indsende ans\u00f8gningen igen uden yderligere omkostninger for dig, <strong>men der ydes ingen refusion<\/strong> . <\/p>\n<p><\/p>\n<p>Hvis du st\u00f8der p\u00e5 problemer, opfordres du til at kontakte os med det samme p\u00e5 <a href=\"mailto:support@usimmigrationassistance.org\">support@usimmigrationassistance.org<\/a> , s\u00e5 vi kan l\u00f8se situationen eller, i specifikke tilf\u00e6lde efter eget sk\u00f8n, give dig kredit til fremtidige tjenester.<\/p>\n<p><\/p>\n<p><strong>IKKE-REFUNDERBARE GEBYRER<\/strong><\/p>\n<p><\/p>\n<p>Gebyrer betalt til amerikanske offentlige myndigheder eller andre offentlige enheder kan p\u00e5 ingen m\u00e5de refunderes. N\u00e5r du foretager en betaling til det amerikanske udenrigsministerium eller andre myndigheder, betaler du for en offentlig tjeneste, og <strong>alle s\u00e5danne gebyrer er endelige og refunderes ikke<\/strong> , uanset resultatet af din ans\u00f8gning. <\/p>\n<p><\/p>\n<p>Derudover refunderes gebyrer betalt til tredjeparter involveret i behandlingen af \u200b\u200bdin ans\u00f8gning (s\u00e5som retsmedicinere, overs\u00e6ttere osv.) heller ikke og kan ikke godskrives.<\/p>\n<p><\/p>\n<p><strong>TILBAGEBETALINGSMEDDELELSE<\/strong><\/p>\n<p><\/p>\n<p>Enhver brug af en <strong>chargeback<\/strong> til at opn\u00e5 en refusion uden for de betingelser, der er beskrevet i denne politik, betragtes som en overtr\u00e6delse af vores vilk\u00e5r og vil blive behandlet med den st\u00f8rste alvorlighed. Vi vil betragte enhver <strong>chargeback<\/strong> som <strong>svigagtig<\/strong> og vil straks tage retlige skridt. <\/p>\n<p><\/p>\n<p><strong>Chargeback-svindel<\/strong> er en form for <strong>tyveri<\/strong> og <strong>tyveri<\/strong> . Personer, der findes skyldige i chargeback-svindel, kan p\u00e5l\u00e6gges b\u00e5de strafferetlige og civilretlige sanktioner. If\u00f8lge Nasir N. Pasha (Esq.), administrerende advokat hos <strong>Pasha Law PC<\/strong> , \u00bbkan myndighederne retsforf\u00f8lge enkeltpersoner for selv sm\u00e5 bel\u00f8b, med anklager lige fra <strong>mindre tyveri<\/strong> (under $50) til <strong>stort tyveri<\/strong> (over $500 til $1.000).\u00ab  <\/p>\n<p><\/p>\n<p>Vi vil rapportere ethvert fors\u00f8g p\u00e5 tilbagef\u00f8rselsbedrageri til betalingsbehandlere og relevante offentlige myndigheder, og der kan g\u00e6lde strenge sanktioner, herunder udelukkelse fra indrejse i destinationslandet.<\/p>\n<p><\/p>\n<p><strong>FORSIKRING<\/strong><\/p>\n<p><\/p>\n<p>Hvis du er i tvivl om, hvorvidt din ans\u00f8gning er indsendt korrekt, opfordrer vi dig til at kontakte os med det samme p\u00e5 <a href=\"mailto:support@usimmigrationassistance.org\" target=\"_blank\" rel=\"noreferrer noopener\">support@usimmigrationassistance.org<\/a> . Bem\u00e6rk dog venligst, at <strong>vi ikke tilbyder refusion,<\/strong> n\u00e5r tjenesterne er k\u00f8bt, i henhold til vilk\u00e5rene i denne politik. I visse tilf\u00e6lde kan vi efter eget sk\u00f8n give en kredit for fremtidige tjenester.  <\/p>\n<p><\/p>\n<p><strong>TILFREDSHEDSGARANTI<\/strong><\/p>\n<p><\/p>\n<p>Selvom vi str\u00e6ber efter at levere service af h\u00f8j kvalitet, er vores <strong>tilfredshedsgaranti<\/strong> begr\u00e6nset til problemer, der er direkte for\u00e5rsaget af <a href=\"https:\/\/usimmigrationassistance.org\/da\">https:\/\/usimmigrationassistance.org\/<\/a> f\u00f8r din ankomst til USA. Denne garanti inkluderer ikke <strong>refusioner,<\/strong> men kan tilbyde <strong>kredit<\/strong> for fremtidige tjenester i meget specifikke tilf\u00e6lde, med forbehold for grundig gennemgang. <\/p>\n<p><\/p>\n<p>Enhver anmodning om kredit til fremtidige tjenester skal indsendes inden for <strong>14 dage efter k\u00f8bet<\/strong> . Bem\u00e6rk venligst, at <strong>anmodninger om refusion ikke accepteres<\/strong> , og kredit vil kun blive ydet under specifikke omst\u00e6ndigheder, efter <a href=\"https:\/\/usimmigrationassistance.org\/da\">https:\/\/usimmigrationassistance.org\/s<\/a> sk\u00f8n. <\/p>\n<p><\/p>\n<p><strong>UNDTAGELSER FRA TILFREDSHEDSGARANTIEN<\/strong><\/p>\n<p><\/p>\n<p>Vi kan under ingen omst\u00e6ndigheder garantere resultaterne eller afg\u00f8relserne fra amerikanske myndigheder vedr\u00f8rende din ans\u00f8gning. Forsinkelser eller afslag fra myndigheder er uden for vores kontrol og <strong>giver dig ikke ret til refusion<\/strong> . <\/p>\n<p><\/p>\n<p>Denne garanti er ugyldig, hvis du har givet vildledende oplysninger eller allerede har anmodet om en <strong>tilbagef\u00f8rsel<\/strong> fra din bank.<\/p>\n<p><\/p>\n<p><strong>ANSVARSFRASKRIVELSE<\/strong><\/p>\n<p><\/p>\n<p>Ved at bruge vores tjenester accepterer og forst\u00e5r du, at vi er en privat, internetbaseret udbyder af rejseteknologitjenester. Vi er dedikeret til at hj\u00e6lpe enkeltpersoner med at rejse til USA. <a href=\"https:\/\/usimmigrationassistance.org\/da\" target=\"_blank\" rel=\"noreferrer noopener\">https:\/\/usimmigrationassistance.org\/<\/a> er ikke et advokatfirma og erstatter ikke juridisk r\u00e5dgivning fra en kvalificeret professionel. <span style=\"background-color: #ffffff;\"><a href=\"https:\/\/usimmigrationassistance.org\/da\">https:\/\/usimmigrationassistance.org\/<\/a><\/span> er ikke tilknyttet eller godkendt af United States Citizenship and Immigration Services (USCIS) eller nogen anden offentlig myndighed. <\/p>\n<p><\/p>\n<p><strong>BEM\u00c6RK<\/strong> : Blanke immigrationsformularer med skriftlige instruktioner til alle visa er tilg\u00e6ngelige gratis p\u00e5 <strong>USCIS&#8217;<\/strong> hjemmeside. Brug af hjemmesiden <span style=\"background-color: #ffffff;\"><a href=\"https:\/\/usimmigrationassistance.org\/da\">https:\/\/usimmigrationassistance.org\/<\/a><\/span> og dens tjenester er underlagt vores <a href=\"https:\/\/usimmigrationassistance.org\/da\/privacy_policy\/\" target=\"_blank\" rel=\"noreferrer noopener\">privatlivspolitik<\/a> , <a href=\"https:\/\/usimmigrationassistance.org\/da\/terms_of_service\/\" target=\"_blank\" rel=\"noreferrer noopener\">servicevilk\u00e5r<\/a> og <a href=\"https:\/\/usimmigrationassistance.org\/da\/terms_of_use\/\" target=\"_blank\" rel=\"noreferrer noopener\">brugsbetingelser<\/a> . <\/p>\n<p><\/p>\n<p><strong>GEBYRINFORMATION &#8211; KUN TIL INFORMATIONSFORM\u00c5L<\/strong><\/p>\n<p><\/p>\n<p><strong>Omkostninger til amerikanske visa<\/strong><\/p>\n<p><\/p>\n<p>Alle amerikanske visumans\u00f8gere skal betale et visumgebyr til den amerikanske regerings udstedende myndighed. St\u00f8rrelsen af \u200b\u200bvisumgebyret og hvorn\u00e5r det skal betales afh\u00e6nger af den type visum, der ans\u00f8ges om. F\u00f8r du ans\u00f8ger om et visum, b\u00f8r du finde ud af, hvilket visum der opfylder dine rejsebehov, og hvilket udstedende organ fra den amerikanske regering opkr\u00e6ver behandlingsgebyrerne for det p\u00e5g\u00e6ldende visum. For at g\u00f8re dette bedes du kontakte <a href=\"mailto:support@usimmigrationassistance.org\">support@usimmigrationassistance.org<\/a> .   <\/p>\n<p><\/p>\n<p><strong>MRV-gebyr<\/strong><\/p>\n<p><\/p>\n<p>Visumgebyret kaldes ogs\u00e5 <strong>konsul\u00e6rt gebyr<\/strong> eller <strong>ans\u00f8gningsgebyr<\/strong> og er officielt kendt som \u00bb<strong>Maskinl\u00e6sbart Visa (MRV) Gebyr<\/strong>\u00ab. Det konsul\u00e6re behandlingsgebyr opkr\u00e6ves ved hver visumans\u00f8gning. F\u00f8rst efter at have betalt visumgebyret kan du planl\u00e6gge en konsul\u00e6r interviewaftale p\u00e5 et amerikansk konsulat eller en amerikansk ambassade.  <\/p>\n<p><\/p>\n<p>Bem\u00e6rk venligst, at MRV (visum)-gebyrer <strong>ikke kan refunderes<\/strong> eller <strong>overf\u00f8res<\/strong> . Hvis visumans\u00f8gningen tr\u00e6kkes tilbage, eller det amerikanske visum afvises, vil ans\u00f8geren <strong>ikke modtage refusion<\/strong> . Desuden kan visumgebyret ikke overf\u00f8res til andre personer, s\u00e5som familiemedlemmer eller kolleger.  <\/p>\n<p><\/p>\n<p><strong>MRV-gebyrets st\u00f8rrelse<\/strong><\/p>\n<p><\/p>\n<p>St\u00f8rrelsen af \u200b\u200bvisumgebyret afh\u00e6nger af den ans\u00f8gte visumkategori. Det betyder, at forskellige visumkategorier kan have forskellige visumgebyrer. <\/p>\n<p><\/p>\n<p>Selvom visumgebyrer officielt er angivet i amerikanske dollars, sker betalingen i den respektive nationale valuta. Visumgebyrer er underlagt regelm\u00e6ssige valutakursudsving, hvilket betyder, at gebyrerne ofte reduceres eller forh\u00f8jes. For den aktuelle euro-dollar-kurs for amerikanske konsulater (= konsul\u00e6r valutakurs) kan du bes\u00f8ge dit lands amerikanske ambassade. De aktuelle konsul\u00e6re ans\u00f8gningsgebyrer for amerikanske ikke-immigrantvisa er som f\u00f8lger og skal betales direkte til det amerikanske konsulat\/ambassaden:   <\/p>\n<p><\/p>\n<p>B-1\/B-2 visa (forretningsrejsende\/turist): $175<br> C-1D visa (bes\u00e6tningsmedlemmer \/ transit): $175<br> F-1 visa (studerende): $175<br> J-1 visa (udvekslingsbes\u00f8gende): $175<br> ESTA (Turisme\/Transport\/Forretning): $129<\/p>\n<p><\/p>\n<p><strong>Betalingsmetoder<\/strong><\/p>\n<p><\/p>\n<p>Visumgebyrer kan betales p\u00e5 amerikanske konsulater\/ambassader verden over ved hj\u00e6lp af forskellige betalingsmuligheder. F\u00f8lgende betalingsmuligheder er tilg\u00e6ngelige: <\/p>\n<p><\/p>\n<p>Online bankoverf\u00f8rsel<br> Debetkort<br> Kreditkort<br> \u00d8jeblikkelig bankoverf\u00f8rsel<br> Kontantindskud i banken<\/p>\n<p><\/p>\n<p><strong>MRV-gebyrets gyldighed<\/strong><\/p>\n<p><\/p>\n<p>N\u00e5r du har betalt visumgebyret, modtager du en betalingskvittering, der er gyldig i et \u00e5r. Visumgebyret er derfor gyldigt i et \u00e5r fra betalingsdatoen. I denne periode skal du aftale et interview p\u00e5 et amerikansk konsulat eller en amerikansk ambassade, da visumgebyret skal betales igen efter tolv m\u00e5neder.  <\/p>\n<p><\/p>\n<p><strong>Andre gebyrer i forbindelse med konsul\u00e6r behandling<\/strong><\/p>\n<p><\/p>\n<p>Ud over det ovenfor beskrevne konsul\u00e6re ans\u00f8gningsgebyr er der andre visumgebyrer i den konsul\u00e6re proces:<\/p>\n<p><\/p>\n<p><strong>1. GENSIDIGHEDSGEBYR<\/strong><\/p>\n<p><\/p>\n<p><strong>Gensidighedsgebyret<\/strong> er baseret p\u00e5 systemet med statslig gensidighed. N\u00e5r en udenlandsk regering opkr\u00e6ver gebyrer fra amerikanske statsborgere for bestemte typer visa, opkr\u00e6ver USA ogs\u00e5 et <strong>gensidighedsgebyr<\/strong> fra det p\u00e5g\u00e6ldende lands statsborgere for lignende visumkategorier. <\/p>\n<p><\/p>\n<p>Hvis amerikanske statsborgere f.eks. skal betale et ekstra gebyr for et bes\u00f8gsvisum til Kina, g\u00e6lder dette ogs\u00e5 for kinesiske statsborgere, n\u00e5r de ans\u00f8ger om et B-1\/B-2 bes\u00f8gsvisum til USA.<\/p>\n<p><\/p>\n<p>Hvis du har planlagt en samtale, <strong>skal du ikke betale gensidighedsgebyret p\u00e5 forh\u00e5nd.<\/strong> Betal det i stedet p\u00e5 den amerikanske ambassades konsul\u00e6re afdeling, n\u00e5r du ankommer til samtalen. S\u00f8rg for kun at betale gensidighedsgebyret p\u00e5 forh\u00e5nd, hvis du fornyer dit eksisterende visum og ans\u00f8ger om visumfritagelse. Dette er ikke et MRV-gebyr, der kan bruges til at bestille en tid.  <\/p>\n<p><\/p>\n<p>Gensidighedsprincippet indeb\u00e6rer enten yderligere gebyrer eller en kortere gyldighedsperiode (eller begge dele) for visumans\u00f8gere fra bestemte lande og for bestemte visumkategorier. Baseret p\u00e5 ans\u00f8gerens nationalitet og den ans\u00f8gte visumtype kan det amerikanske udenrigsministerium s\u00e5ledes: <\/p>\n<p><\/p>\n<p>kr\u00e6ve et yderligere gebyr fra en ans\u00f8ger, eller<br> udstede et visum med en kortere gyldighedsperiode end normalt tilladt.<br> Gensidighedsgebyret varierer afh\u00e6ngigt af ans\u00f8gerens nationalitet samt visumkategori og -ans\u00f8gning. Du kan finde ud af p\u00e5 forh\u00e5nd, om der opkr\u00e6ves et gebyr for dig, ved at bes\u00f8ge det <strong>amerikanske udenrigsministeriums hjemmeside<\/strong> . <\/p>\n<p><\/p>\n<p>Dette gebyr skal ogs\u00e5 betales med kreditkort eller kontant personligt p\u00e5 det amerikanske konsulat\/ambassaden.<\/p>\n<p><\/p>\n<p><strong>2. SEVIS-GEBYR<\/strong><\/p>\n<p><\/p>\n<p><strong>SEVIS-gebyret<\/strong> skal betales ved ans\u00f8gning om F-, J- eller M-visum og varierer afh\u00e6ngigt af visumkategorien. Ans\u00f8gere skal betale SEVIS-gebyret <strong>inden<\/strong> deres konsul\u00e6re interviewaftale. Betaling sker online med kreditkort.  <\/p>\n<p><\/p>\n<p>Betalingskvitteringen skal vedl\u00e6gges den konsul\u00e6re ans\u00f8gning, ellers vil ans\u00f8gningen ikke blive behandlet.<\/p>\n<p><\/p>\n<p><strong>Praktisk tip<\/strong> : Vi antager, at alle ans\u00f8gninger med forkert gebyr vil blive returneret ubehandlede.<\/p>\n<p><\/p>\n<p>En komplet liste over alle USCIS-ans\u00f8gningsgebyrer kan findes p\u00e5 <strong>USCIS&#8217; hjemmeside<\/strong> .<\/p>\n<p><\/p>\n<p><strong>Praktisk tip<\/strong> : V\u00e6r opm\u00e6rksom p\u00e5 USCIS&#8217; instruktioner vedr\u00f8rende den respektive check eller postanvisning. Forkert indsendte checks eller postanvisninger vil resultere i, at ans\u00f8gningen ikke bliver accepteret. Disse ans\u00f8gninger vil blive returneret ubehandlede til ans\u00f8geren.  <\/p>\n<p><\/p>\n<p><strong>Ekspeditionsgebyrer &#8211; Vores USA-visumservice<\/strong><\/p>\n<p><\/p>\n<p>Ud over ans\u00f8gningsgebyrer til de amerikanske myndigheder, overs\u00e6ttelsesomkostninger osv. opkr\u00e6ves der et konsulent- og procesgebyr, n\u00e5r du hyrer vores rejseassistancebureau.<\/p>\n<p><\/p>\n<p>Afh\u00e6ngigt af visumkategorien opkr\u00e6ver vi et fast gebyr for h\u00e5ndtering af ydelser, samtidig med at vi tager h\u00f8jde for de forskellige behandlingsomkostninger. Jo enklere behandlingen af \u200b\u200ben visumkategori er, desto mere overkommelig er supporten fra vores amerikanske visumkonsulenter. <\/p>\n<p><\/p>\n<p>Efter anmodning tilbyder vi vejledning og behandling p\u00e5 timebasis. I s\u00e6rligt hastende visumsager kan vi ogs\u00e5 arrangere ekspresbehandling mod et ekstra gebyr. <\/p>\n<p><\/p>\t\t\t\t\t\t\t\t<\/div>\n\t\t\t\t<\/div>\n\t\t\t\t<\/div>\n\t\t\t\t\t<\/div>\n\t\t\t\t<\/div>\n\t\t\t\t<\/div>\n\t\t","protected":false},"excerpt":{"rendered":"<p>Refusionspolitik L\u00e6s venligst denne politik omhyggeligt. Dette er refusionspolitikken for https:\/\/usimmigrationassistance.org\/ , som drives af TRAVEL MUNDO &#8211; FZCO ( vi\/vores\/os ). Ved at tilg\u00e5 vores hjemmeside https:\/\/usimmigrationassistance.org\/ og bruge vores tjenester accepterer du at v\u00e6re bundet af denne politik. ALT SALG ER ENDELIGT OG KAN IKKE REFUNDERES. Vi er forpligtet til at levere tjenester af h\u00f8j kvalitet for at hj\u00e6lpe vores klienter ( dig\/din ) gennem hele deres immigrationsproces. N\u00e5r et k\u00f8b er foretaget, vil der dog ikke blive udstedt nogen refusion uanset \u00e5rsagen. Denne politik g\u00e6lder fra k\u00f8bstidspunktet, uanset om tjenesterne er blevet fuldt udnyttet eller ej. POLITIKVILK\u00c5R Ved at k\u00f8be vores tjenester p\u00e5 https:\/\/usimmigrationassistance.org\/ anerkender og accepterer du, at alle tjenester ikke refunderes, og at enhver anmodning om refusion automatisk vil blive afvist . Der er ingen undtagelser fra denne regel, selvom din ans\u00f8gning endnu ikke er indsendt til de relevante myndigheder (Visa, ESTA eller andet). N\u00e5r du har godkendt dokumenterne til indsendelse efter dit k\u00f8b, giver du uigenkaldeligt afkald p\u00e5 enhver ret til refusion . I tilf\u00e6lde af en v\u00e6sentlig fejl i din ans\u00f8gning, vil vi indsende ans\u00f8gningen igen uden yderligere omkostninger for dig, men der ydes ingen refusion . Hvis du st\u00f8der p\u00e5 problemer, opfordres du til at kontakte os med det samme p\u00e5 support@usimmigrationassistance.org , s\u00e5 vi kan l\u00f8se situationen eller, i specifikke tilf\u00e6lde efter eget sk\u00f8n, give dig kredit til fremtidige tjenester. IKKE-REFUNDERBARE GEBYRER Gebyrer betalt til amerikanske offentlige myndigheder eller andre offentlige enheder kan p\u00e5 ingen m\u00e5de refunderes. N\u00e5r du foretager en betaling til det amerikanske udenrigsministerium eller andre myndigheder, betaler du for en offentlig tjeneste, og alle s\u00e5danne gebyrer er endelige og refunderes ikke , uanset resultatet af din ans\u00f8gning. Derudover refunderes gebyrer betalt til tredjeparter involveret i behandlingen af \u200b\u200bdin ans\u00f8gning (s\u00e5som retsmedicinere, overs\u00e6ttere osv.) heller ikke og kan ikke godskrives. TILBAGEBETALINGSMEDDELELSE Enhver brug af en chargeback til at opn\u00e5 en refusion uden for de betingelser, der er beskrevet i denne politik, betragtes som en overtr\u00e6delse af vores vilk\u00e5r og vil blive behandlet med den st\u00f8rste alvorlighed. Vi vil betragte enhver chargeback som svigagtig og vil straks tage retlige skridt. Chargeback-svindel er en form for tyveri og tyveri . Personer, der findes skyldige i chargeback-svindel, kan p\u00e5l\u00e6gges b\u00e5de strafferetlige og civilretlige sanktioner. If\u00f8lge Nasir N. Pasha (Esq.), administrerende advokat hos Pasha Law PC , \u00bbkan myndighederne retsforf\u00f8lge enkeltpersoner for selv sm\u00e5 bel\u00f8b, med anklager lige fra mindre tyveri (under $50) til stort tyveri (over $500 til $1.000).\u00ab Vi vil rapportere ethvert fors\u00f8g p\u00e5 tilbagef\u00f8rselsbedrageri til betalingsbehandlere og relevante offentlige myndigheder, og der kan g\u00e6lde strenge sanktioner, herunder udelukkelse fra indrejse i destinationslandet. FORSIKRING Hvis du er i tvivl om, hvorvidt din ans\u00f8gning er indsendt korrekt, opfordrer vi dig til at kontakte os med det samme p\u00e5 support@usimmigrationassistance.org . Bem\u00e6rk dog venligst, at vi ikke tilbyder refusion, n\u00e5r tjenesterne er k\u00f8bt, i henhold til vilk\u00e5rene i denne politik. I visse tilf\u00e6lde kan vi efter eget sk\u00f8n give en kredit for fremtidige tjenester. TILFREDSHEDSGARANTI Selvom vi str\u00e6ber efter at levere service af h\u00f8j kvalitet, er vores tilfredshedsgaranti begr\u00e6nset til problemer, der er direkte for\u00e5rsaget af https:\/\/usimmigrationassistance.org\/ f\u00f8r din ankomst til USA. Denne garanti inkluderer ikke refusioner, men kan tilbyde kredit for fremtidige tjenester i meget specifikke tilf\u00e6lde, med forbehold for grundig gennemgang. Enhver anmodning om kredit til fremtidige tjenester skal indsendes inden for 14 dage efter k\u00f8bet . Bem\u00e6rk venligst, at anmodninger om refusion ikke accepteres , og kredit vil kun blive ydet under specifikke omst\u00e6ndigheder, efter https:\/\/usimmigrationassistance.org\/s sk\u00f8n. UNDTAGELSER FRA TILFREDSHEDSGARANTIEN Vi kan under ingen omst\u00e6ndigheder garantere resultaterne eller afg\u00f8relserne fra amerikanske myndigheder vedr\u00f8rende din ans\u00f8gning. Forsinkelser eller afslag fra myndigheder er uden for vores kontrol og giver dig ikke ret til refusion . Denne garanti er ugyldig, hvis du har givet vildledende oplysninger eller allerede har anmodet om en tilbagef\u00f8rsel fra din bank. ANSVARSFRASKRIVELSE Ved at bruge vores tjenester accepterer og forst\u00e5r du, at vi er en privat, internetbaseret udbyder af rejseteknologitjenester. Vi er dedikeret til at hj\u00e6lpe enkeltpersoner med at rejse til USA. https:\/\/usimmigrationassistance.org\/ er ikke et advokatfirma og erstatter ikke juridisk r\u00e5dgivning fra en kvalificeret professionel. https:\/\/usimmigrationassistance.org\/ er ikke tilknyttet eller godkendt af United States Citizenship and Immigration Services (USCIS) eller nogen anden offentlig myndighed. BEM\u00c6RK : Blanke immigrationsformularer med skriftlige instruktioner til alle visa er tilg\u00e6ngelige gratis p\u00e5 USCIS&#8217; hjemmeside. Brug af hjemmesiden https:\/\/usimmigrationassistance.org\/ og dens tjenester er underlagt vores privatlivspolitik , servicevilk\u00e5r og brugsbetingelser . GEBYRINFORMATION &#8211; KUN TIL INFORMATIONSFORM\u00c5L Omkostninger til amerikanske visa Alle amerikanske visumans\u00f8gere skal betale et visumgebyr til den amerikanske regerings udstedende myndighed. St\u00f8rrelsen af \u200b\u200bvisumgebyret og hvorn\u00e5r det skal betales afh\u00e6nger af den type visum, der ans\u00f8ges om. F\u00f8r du ans\u00f8ger om et visum, b\u00f8r du finde ud af, hvilket visum der opfylder dine rejsebehov, og hvilket udstedende organ fra den amerikanske regering opkr\u00e6ver behandlingsgebyrerne for det p\u00e5g\u00e6ldende visum. For at g\u00f8re dette bedes du kontakte support@usimmigrationassistance.org . MRV-gebyr Visumgebyret kaldes ogs\u00e5 konsul\u00e6rt gebyr eller ans\u00f8gningsgebyr og er officielt kendt som \u00bbMaskinl\u00e6sbart Visa (MRV) Gebyr\u00ab. Det konsul\u00e6re behandlingsgebyr opkr\u00e6ves ved hver visumans\u00f8gning. F\u00f8rst efter at have betalt visumgebyret kan du planl\u00e6gge en konsul\u00e6r interviewaftale p\u00e5 et amerikansk konsulat eller en amerikansk ambassade. Bem\u00e6rk venligst, at MRV (visum)-gebyrer ikke kan refunderes eller overf\u00f8res . Hvis visumans\u00f8gningen tr\u00e6kkes tilbage, eller det amerikanske visum afvises, vil ans\u00f8geren ikke modtage refusion . Desuden kan visumgebyret ikke overf\u00f8res til andre personer, s\u00e5som familiemedlemmer eller kolleger. MRV-gebyrets st\u00f8rrelse St\u00f8rrelsen af \u200b\u200bvisumgebyret afh\u00e6nger af den ans\u00f8gte visumkategori. Det betyder, at forskellige visumkategorier kan have forskellige visumgebyrer. Selvom visumgebyrer officielt er angivet i amerikanske dollars, sker betalingen i den respektive nationale valuta. Visumgebyrer er underlagt regelm\u00e6ssige valutakursudsving, hvilket betyder, at gebyrerne ofte reduceres eller forh\u00f8jes. For den aktuelle euro-dollar-kurs for amerikanske konsulater (= konsul\u00e6r valutakurs) kan du bes\u00f8ge dit lands amerikanske ambassade. De aktuelle konsul\u00e6re ans\u00f8gningsgebyrer for amerikanske ikke-immigrantvisa er som f\u00f8lger og skal betales direkte til det amerikanske konsulat\/ambassaden: B-1\/B-2 visa (forretningsrejsende\/turist): $175 C-1D visa (bes\u00e6tningsmedlemmer \/ transit): $175 F-1 visa (studerende): $175 J-1 visa (udvekslingsbes\u00f8gende): $175 ESTA (Turisme\/Transport\/Forretning): $129 Betalingsmetoder Visumgebyrer kan betales p\u00e5 amerikanske konsulater\/ambassader<\/p>\n","protected":false},"author":3,"featured_media":0,"parent":0,"menu_order":0,"comment_status":"closed","ping_status":"closed","template":"","meta":{"footnotes":""},"class_list":["post-26459","page","type-page","status-publish","hentry"],"_links":{"self":[{"href":"https:\/\/usimmigrationassistance.org\/da\/wp-json\/wp\/v2\/pages\/26459","targetHints":{"allow":["GET"]}}],"collection":[{"href":"https:\/\/usimmigrationassistance.org\/da\/wp-json\/wp\/v2\/pages"}],"about":[{"href":"https:\/\/usimmigrationassistance.org\/da\/wp-json\/wp\/v2\/types\/page"}],"author":[{"embeddable":true,"href":"https:\/\/usimmigrationassistance.org\/da\/wp-json\/wp\/v2\/users\/3"}],"replies":[{"embeddable":true,"href":"https:\/\/usimmigrationassistance.org\/da\/wp-json\/wp\/v2\/comments?post=26459"}],"version-history":[{"count":12,"href":"https:\/\/usimmigrationassistance.org\/da\/wp-json\/wp\/v2\/pages\/26459\/revisions"}],"predecessor-version":[{"id":30720,"href":"https:\/\/usimmigrationassistance.org\/da\/wp-json\/wp\/v2\/pages\/26459\/revisions\/30720"}],"wp:attachment":[{"href":"https:\/\/usimmigrationassistance.org\/da\/wp-json\/wp\/v2\/media?parent=26459"}],"curies":[{"name":"wp","href":"https:\/\/api.w.org\/{rel}","templated":true}]}}