{"id":25026,"date":"2025-03-18T12:23:57","date_gmt":"2025-03-18T11:23:57","guid":{"rendered":"https:\/\/usimmigrationassistance.org\/ds160_form_part1-haupt"},"modified":"2025-06-11T10:02:23","modified_gmt":"2025-06-11T09:02:23","slug":"ds160_form_part1-haupt","status":"publish","type":"page","link":"https:\/\/usimmigrationassistance.org\/de\/ds160_form_part1-haupt\/","title":{"rendered":"ds160_form_part1 Haupt"},"content":{"rendered":"\t\t<div data-elementor-type=\"wp-page\" data-elementor-id=\"25026\" class=\"elementor elementor-25026 elementor-964\" data-elementor-post-type=\"page\">\n\t\t\t\t<div class=\"elementor-element elementor-element-5bba6f1 e-con-full e-flex wpr-particle-no wpr-jarallax-no wpr-parallax-no wpr-sticky-section-no e-con e-parent\" data-id=\"5bba6f1\" data-element_type=\"container\" data-settings=\"{&quot;background_background&quot;:&quot;classic&quot;}\">\n\t\t<div class=\"elementor-element elementor-element-e035d44 e-con-full e-flex wpr-particle-no wpr-jarallax-no wpr-parallax-no wpr-sticky-section-no e-con e-child\" data-id=\"e035d44\" data-element_type=\"container\">\n\t\t\t\t<div class=\"elementor-element elementor-element-5b9fcb2 elementor-widget elementor-widget-heading\" data-id=\"5b9fcb2\" data-element_type=\"widget\" data-widget_type=\"heading.default\">\n\t\t\t\t<div class=\"elementor-widget-container\">\n\t\t\t\t\t<h2 class=\"elementor-heading-title elementor-size-default\">Diese Website ist NICHT mit einer US-Regierungsbeh\u00f6rde oder -abteilung verbunden.<\/h2>\t\t\t\t<\/div>\n\t\t\t\t<\/div>\n\t\t\t\t<\/div>\n\t\t\t\t<\/div>\n\t\t<div class=\"elementor-element elementor-element-7956989 e-flex e-con-boxed wpr-particle-no wpr-jarallax-no wpr-parallax-no wpr-sticky-section-no e-con e-parent\" data-id=\"7956989\" data-element_type=\"container\" data-settings=\"{&quot;background_background&quot;:&quot;classic&quot;}\">\n\t\t\t\t\t<div class=\"e-con-inner\">\n\t\t<div class=\"elementor-element elementor-element-a6ff819 e-con-full e-flex wpr-particle-no wpr-jarallax-no wpr-parallax-no wpr-sticky-section-no e-con e-child\" data-id=\"a6ff819\" data-element_type=\"container\">\n\t\t\t\t<div class=\"elementor-element elementor-element-3f5a3bc forminator-back-btn-arrow elementor-view-default elementor-widget elementor-widget-icon\" data-id=\"3f5a3bc\" data-element_type=\"widget\" data-widget_type=\"icon.default\">\n\t\t\t\t<div class=\"elementor-widget-container\">\n\t\t\t\t\t\t\t<div class=\"elementor-icon-wrapper\">\n\t\t\t<div class=\"elementor-icon\">\n\t\t\t<svg aria-hidden=\"true\" class=\"e-font-icon-svg e-fas-chevron-left\" viewBox=\"0 0 320 512\" xmlns=\"http:\/\/www.w3.org\/2000\/svg\"><path d=\"M34.52 239.03L228.87 44.69c9.37-9.37 24.57-9.37 33.94 0l22.67 22.67c9.36 9.36 9.37 24.52.04 33.9L131.49 256l154.02 154.75c9.34 9.38 9.32 24.54-.04 33.9l-22.67 22.67c-9.37 9.37-24.57 9.37-33.94 0L34.52 272.97c-9.37-9.37-9.37-24.57 0-33.94z\"><\/path><\/svg>\t\t\t<\/div>\n\t\t<\/div>\n\t\t\t\t\t\t<\/div>\n\t\t\t\t<\/div>\n\t\t\t\t<\/div>\n\t\t<div class=\"elementor-element elementor-element-028a8b3 e-con-full e-flex wpr-particle-no wpr-jarallax-no wpr-parallax-no wpr-sticky-section-no e-con e-child\" data-id=\"028a8b3\" data-element_type=\"container\">\n\t\t\t\t<div class=\"elementor-element elementor-element-297a482 elementor-widget elementor-widget-heading\" data-id=\"297a482\" data-element_type=\"widget\" data-widget_type=\"heading.default\">\n\t\t\t\t<div class=\"elementor-widget-container\">\n\t\t\t\t\t<h2 class=\"elementor-heading-title elementor-size-default\">US-Visumantrag\n<\/h2>\t\t\t\t<\/div>\n\t\t\t\t<\/div>\n\t\t\t\t<\/div>\n\t\t\t\t\t<\/div>\n\t\t\t\t<\/div>\n\t\t<div class=\"elementor-element elementor-element-6bb9421 e-flex e-con-boxed wpr-particle-no wpr-jarallax-no wpr-parallax-no wpr-sticky-section-no e-con e-parent\" data-id=\"6bb9421\" data-element_type=\"container\">\n\t\t\t\t\t<div class=\"e-con-inner\">\n\t\t<div class=\"elementor-element elementor-element-2e3d94e e-con-full e-flex wpr-particle-no wpr-jarallax-no wpr-parallax-no wpr-sticky-section-no e-con e-child\" data-id=\"2e3d94e\" data-element_type=\"container\">\n\t\t\t\t<div class=\"elementor-element elementor-element-87ee103 elementor-widget__width-inherit elementor-widget elementor-widget-shortcode\" data-id=\"87ee103\" data-element_type=\"widget\" data-widget_type=\"shortcode.default\">\n\t\t\t\t<div class=\"elementor-widget-container\">\n\t\t\t\t\t\t\t<div class=\"elementor-shortcode\"><form id=\"forminator-module-841\" class=\"forminator-custom-form forminator-custom-form-841\" method=\"post\" data-forminator-render=\"0\" data-uid=\"69e7600ddb671\"><div role=\"alert\" aria-live=\"polite\" class=\"forminator-response-message forminator-error\" aria-hidden=\"true\"><\/div><\/form><\/div>\n\t\t\t\t\t\t<\/div>\n\t\t\t\t<\/div>\n\t\t\t\t<div class=\"elementor-element elementor-element-de5da00 elementor-widget elementor-widget-text-editor\" data-id=\"de5da00\" data-element_type=\"widget\" id=\"privacy-policy-text-form\" data-widget_type=\"text-editor.default\">\n\t\t\t\t<div class=\"elementor-widget-container\">\n\t\t\t\t\t\t\t\t\t<p>Indem Sie auf \u201eWeiter\u201c klicken, stimmen Sie unseren <a style=\"color: #808080;\" href=\"https:\/\/usimmigrationassistance.org\/de\/privacy_policy\/\">Datenschutzrichtlinien<\/a> und <a style=\"color: #808080;\" href=\"https:\/\/usimmigrationassistance.org\/de\/terms_of_use\/\">Nutzungsbedingungen zu.<\/a><\/p>\t\t\t\t\t\t\t\t<\/div>\n\t\t\t\t<\/div>\n\t\t\t\t<\/div>\n\t\t\t\t\t<\/div>\n\t\t\t\t<\/div>\n\t\t<div class=\"elementor-element elementor-element-439c1c9 e-flex e-con-boxed wpr-particle-no wpr-jarallax-no wpr-parallax-no wpr-sticky-section-no e-con e-parent\" data-id=\"439c1c9\" data-element_type=\"container\" id=\"thank-you-form\" data-settings=\"{&quot;position&quot;:&quot;fixed&quot;}\">\n\t\t\t\t\t<div class=\"e-con-inner\">\n\t\t<div class=\"elementor-element elementor-element-07a885e e-con-full e-flex wpr-particle-no wpr-jarallax-no wpr-parallax-no wpr-sticky-section-no e-con e-child\" data-id=\"07a885e\" data-element_type=\"container\" data-settings=\"{&quot;background_background&quot;:&quot;classic&quot;}\">\n\t\t\t\t<div class=\"elementor-element elementor-element-ab3b484 elementor-view-default elementor-widget elementor-widget-icon\" data-id=\"ab3b484\" data-element_type=\"widget\" data-widget_type=\"icon.default\">\n\t\t\t\t<div class=\"elementor-widget-container\">\n\t\t\t\t\t\t\t<div class=\"elementor-icon-wrapper\">\n\t\t\t<a class=\"elementor-icon\" href=\"#\">\n\t\t\t<i aria-hidden=\"true\" class=\"jki jki-cancel-light\"><\/i>\t\t\t<\/a>\n\t\t<\/div>\n\t\t\t\t\t\t<\/div>\n\t\t\t\t<\/div>\n\t\t\t\t<div class=\"elementor-element elementor-element-a2df9e1 elementor-align-center elementor-icon-list--layout-traditional elementor-list-item-link-full_width elementor-widget elementor-widget-icon-list\" data-id=\"a2df9e1\" data-element_type=\"widget\" data-widget_type=\"icon-list.default\">\n\t\t\t\t<div class=\"elementor-widget-container\">\n\t\t\t\t\t\t\t<ul class=\"elementor-icon-list-items\">\n\t\t\t\t\t\t\t<li class=\"elementor-icon-list-item\">\n\t\t\t\t\t\t\t\t\t\t<span class=\"elementor-icon-list-text\">Vielen Dank f\u00fcr Ihre Bewerbung. Wir haben sie erhalten und werden sie schnellstm\u00f6glich bearbeiten.   <\/span>\n\t\t\t\t\t\t\t\t\t<\/li>\n\t\t\t\t\t\t\t\t<li class=\"elementor-icon-list-item\">\n\t\t\t\t\t\t\t\t\t\t<span class=\"elementor-icon-list-text\">Wir haben Ihnen eine Auftragsbest\u00e4tigung per E-Mail gesendet.<\/span>\n\t\t\t\t\t\t\t\t\t<\/li>\n\t\t\t\t\t\t\t\t<li class=\"elementor-icon-list-item\">\n\t\t\t\t\t\t\t\t\t\t<span class=\"elementor-icon-list-text\">Bei weiteren Fragen stehen wir Ihnen gerne zur Verf\u00fcgung.<\/span>\n\t\t\t\t\t\t\t\t\t<\/li>\n\t\t\t\t\t\t\t\t<li class=\"elementor-icon-list-item\">\n\t\t\t\t\t\t\t\t\t\t<span class=\"elementor-icon-list-text\">Wir w\u00fcnschen Ihnen einen sch\u00f6nen Tag!<\/span>\n\t\t\t\t\t\t\t\t\t<\/li>\n\t\t\t\t\t\t<\/ul>\n\t\t\t\t\t\t<\/div>\n\t\t\t\t<\/div>\n\t\t\t\t<div class=\"elementor-element elementor-element-650cbad elementor-widget elementor-widget-image\" data-id=\"650cbad\" data-element_type=\"widget\" data-widget_type=\"image.default\">\n\t\t\t\t<div class=\"elementor-widget-container\">\n\t\t\t\t\t\t\t\t\t\t\t\t\t\t\t<img decoding=\"async\" src=\"https:\/\/usimmigrationassistance.org\/wp-content\/uploads\/2025\/03\/us-migration-logo.svg\" class=\"attachment-full size-full wp-image-8766\" alt=\"\" \/>\t\t\t\t\t\t\t\t\t\t\t\t\t\t\t<\/div>\n\t\t\t\t<\/div>\n\t\t\t\t<\/div>\n\t\t\t\t\t<\/div>\n\t\t\t\t<\/div>\n\t\t\t\t<\/div>\n\t\t","protected":false},"excerpt":{"rendered":"<p>Diese Website ist NICHT mit einer US-Regierungsbeh\u00f6rde oder -abteilung verbunden. US-Visumantrag Indem Sie auf \u201eWeiter\u201c klicken, stimmen Sie unseren Datenschutzrichtlinien und Nutzungsbedingungen zu. Vielen Dank f\u00fcr Ihre Bewerbung. Wir haben sie erhalten und werden sie schnellstm\u00f6glich bearbeiten. Wir haben Ihnen eine Auftragsbest\u00e4tigung per E-Mail gesendet. Bei weiteren Fragen stehen wir Ihnen gerne zur Verf\u00fcgung. Wir w\u00fcnschen Ihnen einen sch\u00f6nen Tag!<\/p>\n","protected":false},"author":3,"featured_media":0,"parent":0,"menu_order":0,"comment_status":"closed","ping_status":"closed","template":"","meta":{"footnotes":""},"class_list":["post-25026","page","type-page","status-publish","hentry"],"_links":{"self":[{"href":"https:\/\/usimmigrationassistance.org\/de\/wp-json\/wp\/v2\/pages\/25026","targetHints":{"allow":["GET"]}}],"collection":[{"href":"https:\/\/usimmigrationassistance.org\/de\/wp-json\/wp\/v2\/pages"}],"about":[{"href":"https:\/\/usimmigrationassistance.org\/de\/wp-json\/wp\/v2\/types\/page"}],"author":[{"embeddable":true,"href":"https:\/\/usimmigrationassistance.org\/de\/wp-json\/wp\/v2\/users\/3"}],"replies":[{"embeddable":true,"href":"https:\/\/usimmigrationassistance.org\/de\/wp-json\/wp\/v2\/comments?post=25026"}],"version-history":[{"count":2,"href":"https:\/\/usimmigrationassistance.org\/de\/wp-json\/wp\/v2\/pages\/25026\/revisions"}],"predecessor-version":[{"id":38624,"href":"https:\/\/usimmigrationassistance.org\/de\/wp-json\/wp\/v2\/pages\/25026\/revisions\/38624"}],"wp:attachment":[{"href":"https:\/\/usimmigrationassistance.org\/de\/wp-json\/wp\/v2\/media?parent=25026"}],"curies":[{"name":"wp","href":"https:\/\/api.w.org\/{rel}","templated":true}]}}