{"id":25032,"date":"2025-03-18T07:09:49","date_gmt":"2025-03-18T06:09:49","guid":{"rendered":"https:\/\/usimmigrationassistance.org\/rechtliche-hinweise"},"modified":"2025-05-20T17:02:56","modified_gmt":"2025-05-20T13:02:56","slug":"rechtliche-hinweise","status":"publish","type":"page","link":"https:\/\/usimmigrationassistance.org\/de\/rechtliche-hinweise\/","title":{"rendered":"Rechtliche Hinweise"},"content":{"rendered":"\t\t<div data-elementor-type=\"wp-page\" data-elementor-id=\"25032\" class=\"elementor elementor-25032 elementor-881\" data-elementor-post-type=\"page\">\n\t\t\t\t<div class=\"elementor-element elementor-element-38977736 e-flex e-con-boxed wpr-particle-no wpr-jarallax-no wpr-parallax-no wpr-sticky-section-no e-con e-parent\" data-id=\"38977736\" data-element_type=\"container\">\n\t\t\t\t\t<div class=\"e-con-inner\">\n\t\t<div class=\"elementor-element elementor-element-95d71bf e-con-full e-flex wpr-particle-no wpr-jarallax-no wpr-parallax-no wpr-sticky-section-no e-con e-child\" data-id=\"95d71bf\" data-element_type=\"container\">\n\t\t\t\t<div class=\"elementor-element elementor-element-06e6898 elementor-widget elementor-widget-heading\" data-id=\"06e6898\" data-element_type=\"widget\" data-widget_type=\"heading.default\">\n\t\t\t\t<div class=\"elementor-widget-container\">\n\t\t\t\t\t<h2 class=\"elementor-heading-title elementor-size-default\">Rechtliche Hinweise<\/h2>\t\t\t\t<\/div>\n\t\t\t\t<\/div>\n\t\t\t\t<\/div>\n\t\t<div class=\"elementor-element elementor-element-30dafa5 e-con-full e-flex wpr-particle-no wpr-jarallax-no wpr-parallax-no wpr-sticky-section-no e-con e-child\" data-id=\"30dafa5\" data-element_type=\"container\" data-settings=\"{&quot;background_background&quot;:&quot;classic&quot;}\">\n\t\t\t\t<div class=\"elementor-element elementor-element-20545007 elementor-widget elementor-widget-text-editor\" data-id=\"20545007\" data-element_type=\"widget\" data-widget_type=\"text-editor.default\">\n\t\t\t\t<div class=\"elementor-widget-container\">\n\t\t\t\t\t\t\t\t\t<p><\/p>\n<p>Weder TR\u0410VEL MUNDO &#8211; FZCO noch <a href=\"https:\/\/usimmigrationassistance.org\/de\" target=\"_blank\" rel=\"noopener\">usimmigrationassistance.org<\/a> sind mit dem US-Au\u00dfenministerium (US DOS), dem US-Heimatschutzministerium (US DHS), dem US-Einwanderungs- und Einb\u00fcrgerungsdienst (USCIS) oder einer anderen US-Regierungsbeh\u00f6rde verbunden.<br> Wir sind keine Anwaltskanzlei, leisten keine Rechtsberatung und sind kein Ersatz f\u00fcr einen Rechtsanwalt.<br> Wir sind ein privater, internetbasierter Reise- und Einwanderungsberatungsanbieter, der sich darauf spezialisiert hat, Einzelpersonen bei der Einreise in die Vereinigten Staaten zu unterst\u00fctzen.  <\/p>\n<p><\/p>\n<p><\/p>\n<p>Weder TR\u0410VEL MUNDO &#8211; FZCO, <a href=\"https:\/\/usimmigrationassistance.org\/de\" target=\"_blank\" rel=\"noopener\">usimmigrationassistance.org<\/a> noch deren Mitarbeiter erheben Anspruch auf besondere Kenntnisse des Einwanderungsrechts oder -verfahrens. Die angegebenen Preise f\u00fcr die Unterst\u00fctzung bei der Antragsvorbereitung beinhalten KEINE Geb\u00fchren f\u00fcr staatliche Antr\u00e4ge, \u00e4rztliche Untersuchungen, Einreichungen oder biometrische Daten. Staatliche Geb\u00fchren sind nicht erstattungsf\u00e4hig. Anwaltskosten sind nicht erstattungsf\u00e4hig.   <\/p>\n<p><\/p>\n<p><\/p>\n<p>Die Visabestimmungen der Vereinigten Staaten regeln die Voraussetzungen f\u00fcr die Einreise in die Vereinigten Staaten. Sie stellen eine Reise-, Einreise- und\/oder Aufenthaltserlaubnis dar. Besucher der Vereinigten Staaten ben\u00f6tigen ein Visum von einer diplomatischen Vertretung der Vereinigten Staaten, es sei denn, sie kommen aus einem der visumbefreiten L\u00e4nder oder einem Land, das am Visa Waiver Program teilnimmt. Die gleichen Regeln gelten f\u00fcr Puerto Rico und die Amerikanischen Jungferninseln. F\u00fcr die \u00fcbrigen US-Territorien, n\u00e4mlich Guam, die N\u00f6rdlichen Marianen und Amerikanisch-Samoa, gelten abweichende Regeln.  <\/p>\n<p><\/p>\n<p><\/p>\n<p>Alle von Ihnen oder in Ihrem Namen von einem benannten Dritten bereitgestellten Informationen m\u00fcssen wahrheitsgem\u00e4\u00df und korrekt sein. Ein US-Visum kann jederzeit und aus beliebigem Grund widerrufen werden, beispielsweise aufgrund neuer Informationen, die die Berechtigung beeinflussen. Sie k\u00f6nnen verwaltungs- oder strafrechtlich belangt werden, wenn Sie in einem von Ihnen oder in Ihrem Namen eingereichten Visumantrag wissentlich und vors\u00e4tzlich wesentlich falsche, fiktive oder betr\u00fcgerische Angaben oder Darstellungen machen.  <\/p>\n<p><\/p>\n<p><\/p>\n<p>Bitte lesen Sie die R\u00fcckerstattungsrichtlinien, bevor Sie einen Dienst auf unserer Website kaufen.<\/p>\n<p><\/p>\n<p><\/p>\n<p>Diese Website enth\u00e4lt allgemeine Informationen zu Einwanderungsfragen und -entwicklungen. Diese Materialien dienen ausschlie\u00dflich Informationszwecken und spiegeln m\u00f6glicherweise nicht die aktuellsten Entwicklungen wider. Diese Informationsmaterialien stellen keine Rechtsberatung zu bestimmten Sachverhalten dar und sollten nicht als solche verstanden werden. Bei spezifischen Rechtsproblemen sollten Sie sich an einen Anwalt wenden.   <\/p>\n<p><\/p>\n<p><\/p>\n<p>Obwohl wir uns bem\u00fchen, die Informationen auf der Website aktuell und korrekt zu halten, \u00fcbernimmt TR\u0410VEL MUNDO &#8211; FZCO keine ausdr\u00fccklichen oder stillschweigenden Zusicherungen oder Gew\u00e4hrleistungen hinsichtlich der Vollst\u00e4ndigkeit, Richtigkeit, Zuverl\u00e4ssigkeit, Eignung oder Verf\u00fcgbarkeit der Website oder der auf der Website enthaltenen Informationen, Produkte, Dienstleistungen oder zugeh\u00f6rigen Grafiken f\u00fcr irgendeinen Zweck. Das Vertrauen in derartiges Material erfolgt daher ausschlie\u00dflich auf Ihr eigenes Risiko. <\/p>\n<p><\/p>\n<p><\/p>\n<p>TR\u0410VEL MUNDO \u2013 FZCO haftet nicht f\u00fcr falsche, ungenaue, unangemessene oder unvollst\u00e4ndige Informationen auf der Website.<\/p>\n<p><\/p>\n<p><\/p>\n<p>Obwohl alle Anstrengungen unternommen werden, um die Website reibungslos am Laufen zu halten, \u00fcbernimmt TR\u0410VEL MUNDO &#8211; FZCO aufgrund der Natur des Internets und der verwendeten Technologie keine Verantwortung und Haftung f\u00fcr die vor\u00fcbergehende Nichtverf\u00fcgbarkeit der Website aufgrund technischer Probleme (oder aus anderen Gr\u00fcnden), die au\u00dferhalb seiner Kontrolle liegen, oder f\u00fcr Verluste oder Sch\u00e4den, die durch die Nutzung oder den Zugriff auf diese Website oder die Unm\u00f6glichkeit der Nutzung oder des Zugriffs auf diese Website entstehen.<\/p>\n<p><\/p>\n<p><\/p>\n<p>Bestimmte Links auf dieser Website f\u00fchren zu Websites, die nicht von TR\u0410VEL MUNDO &#8211; FZCO kontrolliert werden. Wenn Sie diese Links aktivieren, verlassen Sie die TR\u0410VEL MUNDO &#8211; FZCO-Website. TR\u0410VEL MUNDO &#8211; FZCO hat keine Kontrolle \u00fcber und \u00fcbernimmt keine Haftung f\u00fcr Materialien, Produkte oder Dienstleistungen auf Websites, die nicht von TR\u0410VEL MUNDO &#8211; FZCO kontrolliert werden.  <\/p>\n<p><\/p>\n<p><\/p>\n<p>Soweit gesetzlich nicht verboten, haftet TR\u0410VEL MUNDO &#8211; FZCO Ihnen oder anderen Drittparteien gegen\u00fcber unter keinen Umst\u00e4nden f\u00fcr Verluste oder Sch\u00e4den (einschlie\u00dflich, aber nicht beschr\u00e4nkt auf Sch\u00e4den durch Gesch\u00e4ftsverluste oder entgangene Gewinne), die direkt oder indirekt aus Ihrer Nutzung oder der Unf\u00e4higkeit zur Nutzung dieser Site oder der darin enthaltenen Materialien entstehen.<\/p>\n<p><\/p>\n<p><\/p>\n<p>Die mit unserem Service ausgef\u00fcllten Antr\u00e4ge stehen als Blankoformulare kostenlos auf einigen Websites der US-Regierung zur Verf\u00fcgung. Wir sind ein privater, internetbasierter Reisedienstleister, der Einzelpersonen bei Reisen in die Vereinigten Staaten unterst\u00fctzt. Wenn Sie unsere Dienste nicht nutzen m\u00f6chten, k\u00f6nnen Sie sich direkt unter <a href=\"https:\/\/travel.state.gov\/\" target=\"_blank\" rel=\"noreferrer noopener\">travel.state.gov<\/a> oder <a href=\"https:\/\/uscis.gov\/\" target=\"_blank\" rel=\"noreferrer noopener\">uscis.gov<\/a> bewerben.  <\/p>\n<p><\/p>\n<p><\/p>\n<p>Sie sollten diese Website nicht nutzen, um den Aufnahmeagenten vertrauliche Informationen zu Ihrem Rechtsfall mitzuteilen. Durch die Nutzung dieser Website werden Sie weder zum Mandanten einer Anwaltskanzlei noch zu einem potenziellen Mandanten einer Anwaltskanzlei. <\/p>\n<p><\/p>\n<p><\/p>\n<p>Diese Website kann Links zu Websites Dritter enthalten. Wir haben keinen Einfluss auf diese verlinkten Websites und \u00fcbernehmen keine Verantwortung f\u00fcr die Richtigkeit der Inhalte dieser Websites. <\/p>\n<p><\/p>\n<p><\/p>\n<p>Ihr Besuch und\/oder Ihre Nutzung dieser Website zeigt an, dass Sie mit den auf dieser Website angegebenen Haftungsausschl\u00fcssen, <a href=\"https:\/\/usimmigrationassistance.org\/terms_of_use\" target=\"_blank\" rel=\"noreferrer noopener\">Nutzungsbedingungen<\/a> , <a href=\"https:\/\/usimmigrationassistance.org\/privacy_policy\" target=\"_blank\" rel=\"noreferrer noopener\">Datenschutz-<\/a> und <a href=\"https:\/\/usimmigrationassistance.org\/refund_policy\" target=\"_blank\" rel=\"noreferrer noopener\">R\u00fcckerstattungsrichtlinien<\/a> einverstanden sind und diese klar verstehen.<\/p>\n<p><\/p>\t\t\t\t\t\t\t\t<\/div>\n\t\t\t\t<\/div>\n\t\t\t\t<\/div>\n\t\t\t\t\t<\/div>\n\t\t\t\t<\/div>\n\t\t\t\t<\/div>\n\t\t","protected":false},"excerpt":{"rendered":"<p>Rechtliche Hinweise Weder TR\u0410VEL MUNDO &#8211; FZCO noch usimmigrationassistance.org sind mit dem US-Au\u00dfenministerium (US DOS), dem US-Heimatschutzministerium (US DHS), dem US-Einwanderungs- und Einb\u00fcrgerungsdienst (USCIS) oder einer anderen US-Regierungsbeh\u00f6rde verbunden. Wir sind keine Anwaltskanzlei, leisten keine Rechtsberatung und sind kein Ersatz f\u00fcr einen Rechtsanwalt. Wir sind ein privater, internetbasierter Reise- und Einwanderungsberatungsanbieter, der sich darauf spezialisiert hat, Einzelpersonen bei der Einreise in die Vereinigten Staaten zu unterst\u00fctzen. Weder TR\u0410VEL MUNDO &#8211; FZCO, usimmigrationassistance.org noch deren Mitarbeiter erheben Anspruch auf besondere Kenntnisse des Einwanderungsrechts oder -verfahrens. Die angegebenen Preise f\u00fcr die Unterst\u00fctzung bei der Antragsvorbereitung beinhalten KEINE Geb\u00fchren f\u00fcr staatliche Antr\u00e4ge, \u00e4rztliche Untersuchungen, Einreichungen oder biometrische Daten. Staatliche Geb\u00fchren sind nicht erstattungsf\u00e4hig. Anwaltskosten sind nicht erstattungsf\u00e4hig. Die Visabestimmungen der Vereinigten Staaten regeln die Voraussetzungen f\u00fcr die Einreise in die Vereinigten Staaten. Sie stellen eine Reise-, Einreise- und\/oder Aufenthaltserlaubnis dar. Besucher der Vereinigten Staaten ben\u00f6tigen ein Visum von einer diplomatischen Vertretung der Vereinigten Staaten, es sei denn, sie kommen aus einem der visumbefreiten L\u00e4nder oder einem Land, das am Visa Waiver Program teilnimmt. Die gleichen Regeln gelten f\u00fcr Puerto Rico und die Amerikanischen Jungferninseln. F\u00fcr die \u00fcbrigen US-Territorien, n\u00e4mlich Guam, die N\u00f6rdlichen Marianen und Amerikanisch-Samoa, gelten abweichende Regeln. Alle von Ihnen oder in Ihrem Namen von einem benannten Dritten bereitgestellten Informationen m\u00fcssen wahrheitsgem\u00e4\u00df und korrekt sein. Ein US-Visum kann jederzeit und aus beliebigem Grund widerrufen werden, beispielsweise aufgrund neuer Informationen, die die Berechtigung beeinflussen. Sie k\u00f6nnen verwaltungs- oder strafrechtlich belangt werden, wenn Sie in einem von Ihnen oder in Ihrem Namen eingereichten Visumantrag wissentlich und vors\u00e4tzlich wesentlich falsche, fiktive oder betr\u00fcgerische Angaben oder Darstellungen machen. Bitte lesen Sie die R\u00fcckerstattungsrichtlinien, bevor Sie einen Dienst auf unserer Website kaufen. Diese Website enth\u00e4lt allgemeine Informationen zu Einwanderungsfragen und -entwicklungen. Diese Materialien dienen ausschlie\u00dflich Informationszwecken und spiegeln m\u00f6glicherweise nicht die aktuellsten Entwicklungen wider. Diese Informationsmaterialien stellen keine Rechtsberatung zu bestimmten Sachverhalten dar und sollten nicht als solche verstanden werden. Bei spezifischen Rechtsproblemen sollten Sie sich an einen Anwalt wenden. Obwohl wir uns bem\u00fchen, die Informationen auf der Website aktuell und korrekt zu halten, \u00fcbernimmt TR\u0410VEL MUNDO &#8211; FZCO keine ausdr\u00fccklichen oder stillschweigenden Zusicherungen oder Gew\u00e4hrleistungen hinsichtlich der Vollst\u00e4ndigkeit, Richtigkeit, Zuverl\u00e4ssigkeit, Eignung oder Verf\u00fcgbarkeit der Website oder der auf der Website enthaltenen Informationen, Produkte, Dienstleistungen oder zugeh\u00f6rigen Grafiken f\u00fcr irgendeinen Zweck. Das Vertrauen in derartiges Material erfolgt daher ausschlie\u00dflich auf Ihr eigenes Risiko. TR\u0410VEL MUNDO \u2013 FZCO haftet nicht f\u00fcr falsche, ungenaue, unangemessene oder unvollst\u00e4ndige Informationen auf der Website. Obwohl alle Anstrengungen unternommen werden, um die Website reibungslos am Laufen zu halten, \u00fcbernimmt TR\u0410VEL MUNDO &#8211; FZCO aufgrund der Natur des Internets und der verwendeten Technologie keine Verantwortung und Haftung f\u00fcr die vor\u00fcbergehende Nichtverf\u00fcgbarkeit der Website aufgrund technischer Probleme (oder aus anderen Gr\u00fcnden), die au\u00dferhalb seiner Kontrolle liegen, oder f\u00fcr Verluste oder Sch\u00e4den, die durch die Nutzung oder den Zugriff auf diese Website oder die Unm\u00f6glichkeit der Nutzung oder des Zugriffs auf diese Website entstehen. Bestimmte Links auf dieser Website f\u00fchren zu Websites, die nicht von TR\u0410VEL MUNDO &#8211; FZCO kontrolliert werden. Wenn Sie diese Links aktivieren, verlassen Sie die TR\u0410VEL MUNDO &#8211; FZCO-Website. TR\u0410VEL MUNDO &#8211; FZCO hat keine Kontrolle \u00fcber und \u00fcbernimmt keine Haftung f\u00fcr Materialien, Produkte oder Dienstleistungen auf Websites, die nicht von TR\u0410VEL MUNDO &#8211; FZCO kontrolliert werden. Soweit gesetzlich nicht verboten, haftet TR\u0410VEL MUNDO &#8211; FZCO Ihnen oder anderen Drittparteien gegen\u00fcber unter keinen Umst\u00e4nden f\u00fcr Verluste oder Sch\u00e4den (einschlie\u00dflich, aber nicht beschr\u00e4nkt auf Sch\u00e4den durch Gesch\u00e4ftsverluste oder entgangene Gewinne), die direkt oder indirekt aus Ihrer Nutzung oder der Unf\u00e4higkeit zur Nutzung dieser Site oder der darin enthaltenen Materialien entstehen. Die mit unserem Service ausgef\u00fcllten Antr\u00e4ge stehen als Blankoformulare kostenlos auf einigen Websites der US-Regierung zur Verf\u00fcgung. Wir sind ein privater, internetbasierter Reisedienstleister, der Einzelpersonen bei Reisen in die Vereinigten Staaten unterst\u00fctzt. Wenn Sie unsere Dienste nicht nutzen m\u00f6chten, k\u00f6nnen Sie sich direkt unter travel.state.gov oder uscis.gov bewerben. Sie sollten diese Website nicht nutzen, um den Aufnahmeagenten vertrauliche Informationen zu Ihrem Rechtsfall mitzuteilen. Durch die Nutzung dieser Website werden Sie weder zum Mandanten einer Anwaltskanzlei noch zu einem potenziellen Mandanten einer Anwaltskanzlei. Diese Website kann Links zu Websites Dritter enthalten. Wir haben keinen Einfluss auf diese verlinkten Websites und \u00fcbernehmen keine Verantwortung f\u00fcr die Richtigkeit der Inhalte dieser Websites. Ihr Besuch und\/oder Ihre Nutzung dieser Website zeigt an, dass Sie mit den auf dieser Website angegebenen Haftungsausschl\u00fcssen, Nutzungsbedingungen , Datenschutz- und R\u00fcckerstattungsrichtlinien einverstanden sind und diese klar verstehen.<\/p>\n","protected":false},"author":3,"featured_media":0,"parent":0,"menu_order":0,"comment_status":"closed","ping_status":"closed","template":"","meta":{"footnotes":""},"class_list":["post-25032","page","type-page","status-publish","hentry"],"_links":{"self":[{"href":"https:\/\/usimmigrationassistance.org\/de\/wp-json\/wp\/v2\/pages\/25032","targetHints":{"allow":["GET"]}}],"collection":[{"href":"https:\/\/usimmigrationassistance.org\/de\/wp-json\/wp\/v2\/pages"}],"about":[{"href":"https:\/\/usimmigrationassistance.org\/de\/wp-json\/wp\/v2\/types\/page"}],"author":[{"embeddable":true,"href":"https:\/\/usimmigrationassistance.org\/de\/wp-json\/wp\/v2\/users\/3"}],"replies":[{"embeddable":true,"href":"https:\/\/usimmigrationassistance.org\/de\/wp-json\/wp\/v2\/comments?post=25032"}],"version-history":[{"count":9,"href":"https:\/\/usimmigrationassistance.org\/de\/wp-json\/wp\/v2\/pages\/25032\/revisions"}],"predecessor-version":[{"id":25049,"href":"https:\/\/usimmigrationassistance.org\/de\/wp-json\/wp\/v2\/pages\/25032\/revisions\/25049"}],"wp:attachment":[{"href":"https:\/\/usimmigrationassistance.org\/de\/wp-json\/wp\/v2\/media?parent=25032"}],"curies":[{"name":"wp","href":"https:\/\/api.w.org\/{rel}","templated":true}]}}