{"id":25081,"date":"2025-03-20T10:25:10","date_gmt":"2025-03-20T09:25:10","guid":{"rendered":"https:\/\/usimmigrationassistance.org\/danke-seite-teil-1"},"modified":"2025-07-24T08:06:47","modified_gmt":"2025-07-24T07:06:47","slug":"danke-seite-teil-1","status":"publish","type":"page","link":"https:\/\/usimmigrationassistance.org\/de\/danke-seite-teil-1\/","title":{"rendered":"Danke-Seite Teil 1"},"content":{"rendered":"\t\t<div data-elementor-type=\"wp-page\" data-elementor-id=\"25081\" class=\"elementor elementor-25081 elementor-1257\" data-elementor-post-type=\"page\">\n\t\t\t\t<div class=\"elementor-element elementor-element-4e62ca3 e-con-full e-flex wpr-particle-no wpr-jarallax-no wpr-parallax-no wpr-sticky-section-no e-con e-parent\" data-id=\"4e62ca3\" data-element_type=\"container\">\n\t\t<div class=\"elementor-element elementor-element-62f9774 e-con-full e-flex wpr-particle-no wpr-jarallax-no wpr-parallax-no wpr-sticky-section-no e-con e-child\" data-id=\"62f9774\" data-element_type=\"container\">\n\t\t\t\t<div class=\"elementor-element elementor-element-36b3503 elementor-widget elementor-widget-heading\" data-id=\"36b3503\" data-element_type=\"widget\" data-widget_type=\"heading.default\">\n\t\t\t\t<div class=\"elementor-widget-container\">\n\t\t\t\t\t<h1 class=\"elementor-heading-title elementor-size-default\">Ihr Visumantrag wurde erfolgreich eingereicht<\/h1>\t\t\t\t<\/div>\n\t\t\t\t<\/div>\n\t\t\t\t<div class=\"elementor-element elementor-element-191115b elementor-view-default elementor-widget elementor-widget-icon\" data-id=\"191115b\" data-element_type=\"widget\" data-widget_type=\"icon.default\">\n\t\t\t\t<div class=\"elementor-widget-container\">\n\t\t\t\t\t\t\t<div class=\"elementor-icon-wrapper\">\n\t\t\t<div class=\"elementor-icon\">\n\t\t\t<i aria-hidden=\"true\" class=\"jki jki-checked1-light\"><\/i>\t\t\t<\/div>\n\t\t<\/div>\n\t\t\t\t\t\t<\/div>\n\t\t\t\t<\/div>\n\t\t\t\t<\/div>\n\t\t\t\t<\/div>\n\t\t<div class=\"elementor-element elementor-element-77ae01b e-flex e-con-boxed wpr-particle-no wpr-jarallax-no wpr-parallax-no wpr-sticky-section-no e-con e-parent\" data-id=\"77ae01b\" data-element_type=\"container\">\n\t\t\t\t\t<div class=\"e-con-inner\">\n\t\t<div class=\"elementor-element elementor-element-e5e5024 e-con-full e-flex wpr-particle-no wpr-jarallax-no wpr-parallax-no wpr-sticky-section-no e-con e-child\" data-id=\"e5e5024\" data-element_type=\"container\" id=\"thank-you-custom-container\">\n\t\t<div class=\"elementor-element elementor-element-b076385 e-con-full e-flex wpr-particle-no wpr-jarallax-no wpr-parallax-no wpr-sticky-section-no e-con e-child\" data-id=\"b076385\" data-element_type=\"container\">\n\t\t\t\t<div class=\"elementor-element elementor-element-4ad27ed elementor-widget elementor-widget-heading\" data-id=\"4ad27ed\" data-element_type=\"widget\" data-widget_type=\"heading.default\">\n\t\t\t\t<div class=\"elementor-widget-container\">\n\t\t\t\t\t<h3 class=\"elementor-heading-title elementor-size-default\">John!, Ihre ESTA-Antragsnummer Mit Bestell-ID-Nr.0 wurde erfolgreich \u00fcbermittelt.\n<\/h3>\t\t\t\t<\/div>\n\t\t\t\t<\/div>\n\t\t\t\t<div class=\"elementor-element elementor-element-4a9e589 elementor-widget elementor-widget-text-editor\" data-id=\"4a9e589\" data-element_type=\"widget\" data-widget_type=\"text-editor.default\">\n\t\t\t\t<div class=\"elementor-widget-container\">\n\t\t\t\t\t\t\t\t\t<p>Eine E-Mail-Best\u00e4tigung mit den Details zu Ihrer Bewerbung wurde an die angegebene E-Mail-Adresse gesendet. Bitte bewahren Sie diese auf. Sollte unsere E-Mail mit der Kaufbest\u00e4tigung in Ihrem <b><u>Spam-Ordner<\/u><\/b> gelandet sein, markieren Sie sie bitte als \u201eKein Spam\u201c.  <\/p>\t\t\t\t\t\t\t\t<\/div>\n\t\t\t\t<\/div>\n\t\t\t\t<\/div>\n\t\t<div class=\"elementor-element elementor-element-b0f1bd8 e-con-full e-flex wpr-particle-no wpr-jarallax-no wpr-parallax-no wpr-sticky-section-no e-con e-child\" data-id=\"b0f1bd8\" data-element_type=\"container\" data-settings=\"{&quot;background_background&quot;:&quot;classic&quot;}\">\n\t\t\t\t<div class=\"elementor-element elementor-element-da3e5ad elementor-widget elementor-widget-heading\" data-id=\"da3e5ad\" data-element_type=\"widget\" data-widget_type=\"heading.default\">\n\t\t\t\t<div class=\"elementor-widget-container\">\n\t\t\t\t\t<h3 class=\"elementor-heading-title elementor-size-default\">Wenn Sie sich f\u00fcr einen anderen Bewerber bewerben m\u00fcssen, klicken Sie auf die Schaltfl\u00e4che.<\/h3>\t\t\t\t<\/div>\n\t\t\t\t<\/div>\n\t\t\t\t<div class=\"elementor-element elementor-element-ab78f18 elementor-widget elementor-widget-button\" data-id=\"ab78f18\" data-element_type=\"widget\" data-widget_type=\"button.default\">\n\t\t\t\t<div class=\"elementor-widget-container\">\n\t\t\t\t\t\t\t\t\t<div class=\"elementor-button-wrapper\">\n\t\t\t\t\t<a class=\"elementor-button elementor-button-link elementor-size-sm\" href=\"https:\/\/usimmigrationassistance.org\/de\/anwenden\/\">\n\t\t\t\t\t\t<span class=\"elementor-button-content-wrapper\">\n\t\t\t\t\t\t\t\t\t<span class=\"elementor-button-text\">Weitere Anwendung hinzuf\u00fcgen<\/span>\n\t\t\t\t\t<\/span>\n\t\t\t\t\t<\/a>\n\t\t\t\t<\/div>\n\t\t\t\t\t\t\t\t<\/div>\n\t\t\t\t<\/div>\n\t\t\t\t<\/div>\n\t\t<div class=\"elementor-element elementor-element-ad99abe e-con-full e-flex wpr-particle-no wpr-jarallax-no wpr-parallax-no wpr-sticky-section-no e-con e-child\" data-id=\"ad99abe\" data-element_type=\"container\">\n\t\t\t\t<div class=\"elementor-element elementor-element-2b78b2e elementor-widget elementor-widget-heading\" data-id=\"2b78b2e\" data-element_type=\"widget\" data-widget_type=\"heading.default\">\n\t\t\t\t<div class=\"elementor-widget-container\">\n\t\t\t\t\t<h3 class=\"elementor-heading-title elementor-size-default\">Status Ihres Visumantrags: <u><b>SCHRITT 1\/2 ABGESCHLOSSEN<\/b><\/u><\/h3>\t\t\t\t<\/div>\n\t\t\t\t<\/div>\n\t\t\t\t<div class=\"elementor-element elementor-element-832a0e6 elementor-widget elementor-widget-text-editor\" data-id=\"832a0e6\" data-element_type=\"widget\" data-widget_type=\"text-editor.default\">\n\t\t\t\t<div class=\"elementor-widget-container\">\n\t\t\t\t\t\t\t\t\tSie m\u00fcssen den <u><b>zweiten Schritt<\/b><\/u> des Bewerbungsprozesses abschlie\u00dfen und in Ihrem eigenen Tempo detaillierte Informationen angeben. W\u00e4hrend Sie diesen Abschnitt bearbeiten, benachrichtigen wir das US-Au\u00dfenministerium, dass Ihr Antrag bearbeitet wird. Sobald Sie fertig sind, erkennt unser internes System dies automatisch, sodass Sie uns nicht mehr benachrichtigen m\u00fcssen.  \t\t\t\t\t\t\t\t<\/div>\n\t\t\t\t<\/div>\n\t\t\t\t<div class=\"elementor-element elementor-element-73e1626 elementor-widget elementor-widget-text-editor\" data-id=\"73e1626\" data-element_type=\"widget\" data-widget_type=\"text-editor.default\">\n\t\t\t\t<div class=\"elementor-widget-container\">\n\t\t\t\t\t\t\t\t\tBitte beachten Sie: Sie sollten eine E-Mail von uns mit allen notwendigen Anweisungen f\u00fcr den <u><b>zweiten Schritt<\/b><\/u> des Bewerbungsprozesses erhalten haben. (Vergessen Sie nicht, Ihren Spam-Ordner zu \u00fcberpr\u00fcfen, falls Sie die E-Mail nicht erhalten haben.) \t\t\t\t\t\t\t\t<\/div>\n\t\t\t\t<\/div>\n\t\t\t\t<\/div>\n\t\t<div class=\"elementor-element elementor-element-b44da06 e-con-full e-grid wpr-particle-no wpr-jarallax-no wpr-parallax-no wpr-sticky-section-no e-con e-child\" data-id=\"b44da06\" data-element_type=\"container\">\n\t\t\t\t<div class=\"elementor-element elementor-element-5dd55ba elementor-view-default elementor-position-top elementor-mobile-position-top elementor-widget elementor-widget-icon-box\" data-id=\"5dd55ba\" data-element_type=\"widget\" data-widget_type=\"icon-box.default\">\n\t\t\t\t<div class=\"elementor-widget-container\">\n\t\t\t\t\t\t\t<div class=\"elementor-icon-box-wrapper\">\n\n\t\t\t\t\t\t<div class=\"elementor-icon-box-icon\">\n\t\t\t\t<span  class=\"elementor-icon\">\n\t\t\t\t<i aria-hidden=\"true\" class=\"jki jki-edit1-light\"><\/i>\t\t\t\t<\/span>\n\t\t\t<\/div>\n\t\t\t\n\t\t\t\t\t\t<div class=\"elementor-icon-box-content\">\n\n\t\t\t\t\t\t\t\t\t<h3 class=\"elementor-icon-box-title\">\n\t\t\t\t\t\t<span  >\n\t\t\t\t\t\t\t1. Schritt 1\/2 abgeschlossen\t\t\t\t\t\t<\/span>\n\t\t\t\t\t<\/h3>\n\t\t\t\t\n\t\t\t\t\t\t\t\t\t<p class=\"elementor-icon-box-description\">\n\t\t\t\t\t\tWir haben Ihren ersten Visumantrag erfolgreich erhalten. Sie sollten eine E-Mail mit allen notwendigen Anweisungen f\u00fcr den zweiten Schritt erhalten haben. \t\t\t\t\t<\/p>\n\t\t\t\t\n\t\t\t<\/div>\n\t\t\t\n\t\t<\/div>\n\t\t\t\t\t\t<\/div>\n\t\t\t\t<\/div>\n\t\t\t\t<div class=\"elementor-element elementor-element-af63b9d elementor-view-default elementor-position-top elementor-mobile-position-top elementor-widget elementor-widget-icon-box\" data-id=\"af63b9d\" data-element_type=\"widget\" data-widget_type=\"icon-box.default\">\n\t\t\t\t<div class=\"elementor-widget-container\">\n\t\t\t\t\t\t\t<div class=\"elementor-icon-box-wrapper\">\n\n\t\t\t\t\t\t<div class=\"elementor-icon-box-icon\">\n\t\t\t\t<span  class=\"elementor-icon\">\n\t\t\t\t<i aria-hidden=\"true\" class=\"jki jki-refresh-light\"><\/i>\t\t\t\t<\/span>\n\t\t\t<\/div>\n\t\t\t\n\t\t\t\t\t\t<div class=\"elementor-icon-box-content\">\n\n\t\t\t\t\t\t\t\t\t<h3 class=\"elementor-icon-box-title\">\n\t\t\t\t\t\t<span  >\n\t\t\t\t\t\t\t2. Schritt 2 ausstehend\t\t\t\t\t\t<\/span>\n\t\t\t\t\t<\/h3>\n\t\t\t\t\n\t\t\t\t\t\t\t\t\t<p class=\"elementor-icon-box-description\">\n\t\t\t\t\t\tSie m\u00fcssen den 2. Schritt des Bewerbungsprozesses abschlie\u00dfen, bei dem Sie in Ihrem eigenen Tempo detaillierte Informationen bereitstellen.\t\t\t\t\t<\/p>\n\t\t\t\t\n\t\t\t<\/div>\n\t\t\t\n\t\t<\/div>\n\t\t\t\t\t\t<\/div>\n\t\t\t\t<\/div>\n\t\t\t\t<div class=\"elementor-element elementor-element-3b5c08b elementor-view-default elementor-position-top elementor-mobile-position-top elementor-widget elementor-widget-icon-box\" data-id=\"3b5c08b\" data-element_type=\"widget\" data-widget_type=\"icon-box.default\">\n\t\t\t\t<div class=\"elementor-widget-container\">\n\t\t\t\t\t\t\t<div class=\"elementor-icon-box-wrapper\">\n\n\t\t\t\t\t\t<div class=\"elementor-icon-box-icon\">\n\t\t\t\t<span  class=\"elementor-icon\">\n\t\t\t\t<i aria-hidden=\"true\" class=\"jki jki-page_search-light\"><\/i>\t\t\t\t<\/span>\n\t\t\t<\/div>\n\t\t\t\n\t\t\t\t\t\t<div class=\"elementor-icon-box-content\">\n\n\t\t\t\t\t\t\t\t\t<h3 class=\"elementor-icon-box-title\">\n\t\t\t\t\t\t<span  >\n\t\t\t\t\t\t\t3. In Pr\u00fcfung\t\t\t\t\t\t<\/span>\n\t\t\t\t\t<\/h3>\n\t\t\t\t\n\t\t\t\t\t\t\t\t\t<p class=\"elementor-icon-box-description\">\n\t\t\t\t\t\tIhr zust\u00e4ndiger Vertreter \u00fcberpr\u00fcft derzeit Ihren Antrag, um sicherzustellen, dass die angegebenen Daten vollst\u00e4ndig und richtig sind, bevor er ihn an das US-Au\u00dfenministerium weiterleitet.\t\t\t\t\t<\/p>\n\t\t\t\t\n\t\t\t<\/div>\n\t\t\t\n\t\t<\/div>\n\t\t\t\t\t\t<\/div>\n\t\t\t\t<\/div>\n\t\t\t\t<div class=\"elementor-element elementor-element-c6063c0 elementor-view-default elementor-position-top elementor-mobile-position-top elementor-widget elementor-widget-icon-box\" data-id=\"c6063c0\" data-element_type=\"widget\" data-widget_type=\"icon-box.default\">\n\t\t\t\t<div class=\"elementor-widget-container\">\n\t\t\t\t\t\t\t<div class=\"elementor-icon-box-wrapper\">\n\n\t\t\t\t\t\t<div class=\"elementor-icon-box-icon\">\n\t\t\t\t<span  class=\"elementor-icon\">\n\t\t\t\t<i aria-hidden=\"true\" class=\"jki jki-chevron-right-circle-light\"><\/i>\t\t\t\t<\/span>\n\t\t\t<\/div>\n\t\t\t\n\t\t\t\t\t\t<div class=\"elementor-icon-box-content\">\n\n\t\t\t\t\t\t\t\t\t<h3 class=\"elementor-icon-box-title\">\n\t\t\t\t\t\t<span  >\n\t\t\t\t\t\t\t4. Warten auf die Genehmigung\t\t\t\t\t\t<\/span>\n\t\t\t\t\t<\/h3>\n\t\t\t\t\n\t\t\t\t\t\t\t\t\t<p class=\"elementor-icon-box-description\">\n\t\t\t\t\t\tIhre Bewerbung wurde\n beim US-Au\u00dfenministerium eingereicht und wartet derzeit auf die Genehmigung.\t\t\t\t\t<\/p>\n\t\t\t\t\n\t\t\t<\/div>\n\t\t\t\n\t\t<\/div>\n\t\t\t\t\t\t<\/div>\n\t\t\t\t<\/div>\n\t\t\t\t<div class=\"elementor-element elementor-element-5e15cb9 elementor-view-default elementor-position-top elementor-mobile-position-top elementor-widget elementor-widget-icon-box\" data-id=\"5e15cb9\" data-element_type=\"widget\" data-widget_type=\"icon-box.default\">\n\t\t\t\t<div class=\"elementor-widget-container\">\n\t\t\t\t\t\t\t<div class=\"elementor-icon-box-wrapper\">\n\n\t\t\t\t\t\t<div class=\"elementor-icon-box-icon\">\n\t\t\t\t<span  class=\"elementor-icon\">\n\t\t\t\t<svg aria-hidden=\"true\" class=\"e-font-icon-svg e-far-file-alt\" viewBox=\"0 0 384 512\" xmlns=\"http:\/\/www.w3.org\/2000\/svg\"><path d=\"M288 248v28c0 6.6-5.4 12-12 12H108c-6.6 0-12-5.4-12-12v-28c0-6.6 5.4-12 12-12h168c6.6 0 12 5.4 12 12zm-12 72H108c-6.6 0-12 5.4-12 12v28c0 6.6 5.4 12 12 12h168c6.6 0 12-5.4 12-12v-28c0-6.6-5.4-12-12-12zm108-188.1V464c0 26.5-21.5 48-48 48H48c-26.5 0-48-21.5-48-48V48C0 21.5 21.5 0 48 0h204.1C264.8 0 277 5.1 286 14.1L369.9 98c9 8.9 14.1 21.2 14.1 33.9zm-128-80V128h76.1L256 51.9zM336 464V176H232c-13.3 0-24-10.7-24-24V48H48v416h288z\"><\/path><\/svg>\t\t\t\t<\/span>\n\t\t\t<\/div>\n\t\t\t\n\t\t\t\t\t\t<div class=\"elementor-icon-box-content\">\n\n\t\t\t\t\t\t\t\t\t<h3 class=\"elementor-icon-box-title\">\n\t\t\t\t\t\t<span  >\n\t\t\t\t\t\t\t5. Bewerbungsergebnis\t\t\t\t\t\t<\/span>\n\t\t\t\t\t<\/h3>\n\t\t\t\t\n\t\t\t\t\t\t\t\t\t<p class=\"elementor-icon-box-description\">\n\t\t\t\t\t\tIhre Bewerbung wurde\n Vom US-Au\u00dfenministerium gepr\u00fcft. \u00dcberpr\u00fcfen Sie Ihren Posteingang. Sie werden per E-Mail benachrichtigt, sobald der Antrag genehmigt wurde oder weitere Informationen erforderlich sind. \t\t\t\t\t<\/p>\n\t\t\t\t\n\t\t\t<\/div>\n\t\t\t\n\t\t<\/div>\n\t\t\t\t\t\t<\/div>\n\t\t\t\t<\/div>\n\t\t\t\t<\/div>\n\t\t<div class=\"elementor-element elementor-element-962b3c7 e-con-full e-flex wpr-particle-no wpr-jarallax-no wpr-parallax-no wpr-sticky-section-no e-con e-child\" data-id=\"962b3c7\" data-element_type=\"container\" data-settings=\"{&quot;background_background&quot;:&quot;classic&quot;}\">\n\t\t\t\t<div class=\"elementor-element elementor-element-0bdf324 elementor-widget elementor-widget-heading\" data-id=\"0bdf324\" data-element_type=\"widget\" data-widget_type=\"heading.default\">\n\t\t\t\t<div class=\"elementor-widget-container\">\n\t\t\t\t\t<h3 class=\"elementor-heading-title elementor-size-default\">Wenn Sie sich f\u00fcr einen anderen Bewerber bewerben m\u00fcssen, klicken Sie auf die Schaltfl\u00e4che.<\/h3>\t\t\t\t<\/div>\n\t\t\t\t<\/div>\n\t\t\t\t<div class=\"elementor-element elementor-element-692be83 elementor-widget elementor-widget-button\" data-id=\"692be83\" data-element_type=\"widget\" data-widget_type=\"button.default\">\n\t\t\t\t<div class=\"elementor-widget-container\">\n\t\t\t\t\t\t\t\t\t<div class=\"elementor-button-wrapper\">\n\t\t\t\t\t<a class=\"elementor-button elementor-button-link elementor-size-sm\" href=\"https:\/\/usimmigrationassistance.org\/de\/anwenden\/\">\n\t\t\t\t\t\t<span class=\"elementor-button-content-wrapper\">\n\t\t\t\t\t\t\t\t\t<span class=\"elementor-button-text\">Weitere Anwendung hinzuf\u00fcgen<\/span>\n\t\t\t\t\t<\/span>\n\t\t\t\t\t<\/a>\n\t\t\t\t<\/div>\n\t\t\t\t\t\t\t\t<\/div>\n\t\t\t\t<\/div>\n\t\t\t\t<\/div>\n\t\t<div class=\"elementor-element elementor-element-d8e3793 e-con-full e-flex wpr-particle-no wpr-jarallax-no wpr-parallax-no wpr-sticky-section-no e-con e-child\" data-id=\"d8e3793\" data-element_type=\"container\">\n\t\t\t\t<div class=\"elementor-element elementor-element-a7060ef elementor-widget elementor-widget-text-editor\" data-id=\"a7060ef\" data-element_type=\"widget\" data-widget_type=\"text-editor.default\">\n\t\t\t\t<div class=\"elementor-widget-container\">\n\t\t\t\t\t\t\t\t\tIhre Karte wurde zur Zahlung autorisiert. Ihre Quittung wurde Ihnen per E-Mail zugesandt. Die vollst\u00e4ndigen Rechnungsdetails finden Sie unten. \t\t\t\t\t\t\t\t<\/div>\n\t\t\t\t<\/div>\n\t\t\t\t<div class=\"elementor-element elementor-element-2c8c0d1 elementor-widget elementor-widget-text-editor\" data-id=\"2c8c0d1\" data-element_type=\"widget\" data-widget_type=\"text-editor.default\">\n\t\t\t\t<div class=\"elementor-widget-container\">\n\t\t\t\t\t\t\t\t\t\u00dcberpr\u00fcfen Sie Ihre E-Mails auf einen Kaufbeleg. Sollten Sie diesen nicht finden, \u00fcberpr\u00fcfen Sie bitte Ihren Spam-Ordner und f\u00fcgen Sie \u201eUS Immigration Assistance\u201c zur Whitelist hinzu. Detaillierte Informationen zum Hinzuf\u00fcgen unserer E-Mail-Adresse zur Whitelist finden Sie im Internet.  \t\t\t\t\t\t\t\t<\/div>\n\t\t\t\t<\/div>\n\t\t\t\t<\/div>\n\t\t<div class=\"elementor-element elementor-element-fafd01c e-con-full e-flex wpr-particle-no wpr-jarallax-no wpr-parallax-no wpr-sticky-section-no e-con e-child\" data-id=\"fafd01c\" data-element_type=\"container\" data-settings=\"{&quot;background_background&quot;:&quot;classic&quot;}\">\n\t\t\t\t<div class=\"elementor-element elementor-element-08767ad elementor-widget elementor-widget-text-editor\" data-id=\"08767ad\" data-element_type=\"widget\" data-widget_type=\"text-editor.default\">\n\t\t\t\t<div class=\"elementor-widget-container\">\n\t\t\t\t\t\t\t\t\tRechnung\t\t\t\t\t\t\t\t<\/div>\n\t\t\t\t<\/div>\n\t\t\t\t<\/div>\n\t\t<div class=\"elementor-element elementor-element-a2b3de8 e-con-full e-flex wpr-particle-no wpr-jarallax-no wpr-parallax-no wpr-sticky-section-no e-con e-child\" data-id=\"a2b3de8\" data-element_type=\"container\">\n\t\t\t\t<div class=\"elementor-element elementor-element-56372a9 elementor-widget elementor-widget-text-editor\" data-id=\"56372a9\" data-element_type=\"widget\" data-widget_type=\"text-editor.default\">\n\t\t\t\t<div class=\"elementor-widget-container\">\n\t\t\t\t\t\t\t\t\tZahlungsmethode: Kreditkarte\t\t\t\t\t\t\t\t<\/div>\n\t\t\t\t<\/div>\n\t\t\t\t<div class=\"elementor-element elementor-element-d8eaf26 elementor-widget elementor-widget-text-editor\" data-id=\"d8eaf26\" data-element_type=\"widget\" data-widget_type=\"text-editor.default\">\n\t\t\t\t<div class=\"elementor-widget-container\">\n\t\t\t\t\t\t\t\t\tVersand an: Elektronische Zustellung\t\t\t\t\t\t\t\t<\/div>\n\t\t\t\t<\/div>\n\t\t\t\t<\/div>\n\t\t<div class=\"elementor-element elementor-element-1960c80 e-con-full e-flex wpr-particle-no wpr-jarallax-no wpr-parallax-no wpr-sticky-section-no e-con e-child\" data-id=\"1960c80\" data-element_type=\"container\" data-settings=\"{&quot;background_background&quot;:&quot;classic&quot;}\">\n\t\t\t\t<div class=\"elementor-element elementor-element-ba25977 elementor-widget elementor-widget-text-editor\" data-id=\"ba25977\" data-element_type=\"widget\" data-widget_type=\"text-editor.default\">\n\t\t\t\t<div class=\"elementor-widget-container\">\n\t\t\t\t\t\t\t\t\tArtikel\t\t\t\t\t\t\t\t<\/div>\n\t\t\t\t<\/div>\n\t\t\t\t<\/div>\n\t\t<div class=\"elementor-element elementor-element-ae7951a e-con-full e-flex wpr-particle-no wpr-jarallax-no wpr-parallax-no wpr-sticky-section-no e-con e-child\" data-id=\"ae7951a\" data-element_type=\"container\">\n\t\t\t\t<div class=\"elementor-element elementor-element-12f9fd7 elementor-widget elementor-widget-text-editor\" data-id=\"12f9fd7\" data-element_type=\"widget\" data-widget_type=\"text-editor.default\">\n\t\t\t\t<div class=\"elementor-widget-container\">\n\t\t\t\t\t\t\t\t\tUS-Visumantrag\t\t\t\t\t\t\t\t<\/div>\n\t\t\t\t<\/div>\n\t\t\t\t<\/div>\n\t\t<div class=\"elementor-element elementor-element-e15ab14 e-con-full e-flex wpr-particle-no wpr-jarallax-no wpr-parallax-no wpr-sticky-section-no e-con e-child\" data-id=\"e15ab14\" data-element_type=\"container\">\n\t\t\t\t<div class=\"elementor-element elementor-element-8f7fd7c elementor-widget elementor-widget-text-editor\" data-id=\"8f7fd7c\" data-element_type=\"widget\" data-widget_type=\"text-editor.default\">\n\t\t\t\t<div class=\"elementor-widget-container\">\n\t\t\t\t\t\t\t\t\tBitte beachten Sie:<br> Diese Belastung erscheint auf Ihrer Kreditkartenabrechnung als \u201eUS Immigration Assistance\u201c oder \u201eusimmigrationassistance.org\u201c.\t\t\t\t\t\t\t\t<\/div>\n\t\t\t\t<\/div>\n\t\t\t\t<\/div>\n\t\t<div class=\"elementor-element elementor-element-a13c92a e-con-full e-flex wpr-particle-no wpr-jarallax-no wpr-parallax-no wpr-sticky-section-no e-con e-child\" data-id=\"a13c92a\" data-element_type=\"container\">\n\t\t\t\t<div class=\"elementor-element elementor-element-c7db7c3 elementor-widget elementor-widget-text-editor\" data-id=\"c7db7c3\" data-element_type=\"widget\" data-widget_type=\"text-editor.default\">\n\t\t\t\t<div class=\"elementor-widget-container\">\n\t\t\t\t\t\t\t\t\tSie haben die Zahlung erfolgreich \u00fcbermittelt. Eine Anfrage des Karteninhabers an die Bank oder PayPal zur R\u00fcckerstattung der Geb\u00fchren f\u00fchrt automatisch zur <b>Ablehnung des Antrags<\/b> . \t\t\t\t\t\t\t\t<\/div>\n\t\t\t\t<\/div>\n\t\t\t\t<\/div>\n\t\t\t\t<\/div>\n\t\t\t\t\t<\/div>\n\t\t\t\t<\/div>\n\t\t\t\t<\/div>\n\t\t","protected":false},"excerpt":{"rendered":"<p>Ihr Visumantrag wurde erfolgreich eingereicht !, Ihre ESTA-Antragsnummer Mit Bestell-ID-Nr. wurde erfolgreich \u00fcbermittelt. Eine E-Mail-Best\u00e4tigung mit den Details zu Ihrer Bewerbung wurde an die angegebene E-Mail-Adresse gesendet. Bitte bewahren Sie diese auf. Sollte unsere E-Mail mit der Kaufbest\u00e4tigung in Ihrem Spam-Ordner gelandet sein, markieren Sie sie bitte als \u201eKein Spam\u201c. Wenn Sie sich f\u00fcr einen anderen Bewerber bewerben m\u00fcssen, klicken Sie auf die Schaltfl\u00e4che. Weitere Anwendung hinzuf\u00fcgen Status Ihres Visumantrags: SCHRITT 1\/2 ABGESCHLOSSEN Sie m\u00fcssen den zweiten Schritt des Bewerbungsprozesses abschlie\u00dfen und in Ihrem eigenen Tempo detaillierte Informationen angeben. W\u00e4hrend Sie diesen Abschnitt bearbeiten, benachrichtigen wir das US-Au\u00dfenministerium, dass Ihr Antrag bearbeitet wird. Sobald Sie fertig sind, erkennt unser internes System dies automatisch, sodass Sie uns nicht mehr benachrichtigen m\u00fcssen. Bitte beachten Sie: Sie sollten eine E-Mail von uns mit allen notwendigen Anweisungen f\u00fcr den zweiten Schritt des Bewerbungsprozesses erhalten haben. (Vergessen Sie nicht, Ihren Spam-Ordner zu \u00fcberpr\u00fcfen, falls Sie die E-Mail nicht erhalten haben.) 1. Schritt 1\/2 abgeschlossen Wir haben Ihren ersten Visumantrag erfolgreich erhalten. Sie sollten eine E-Mail mit allen notwendigen Anweisungen f\u00fcr den zweiten Schritt erhalten haben. 2. Schritt 2 ausstehend Sie m\u00fcssen den 2. Schritt des Bewerbungsprozesses abschlie\u00dfen, bei dem Sie in Ihrem eigenen Tempo detaillierte Informationen bereitstellen. 3. In Pr\u00fcfung Ihr zust\u00e4ndiger Vertreter \u00fcberpr\u00fcft derzeit Ihren Antrag, um sicherzustellen, dass die angegebenen Daten vollst\u00e4ndig und richtig sind, bevor er ihn an das US-Au\u00dfenministerium weiterleitet. 4. Warten auf die Genehmigung Ihre Bewerbung wurde beim US-Au\u00dfenministerium eingereicht und wartet derzeit auf die Genehmigung. 5. Bewerbungsergebnis Ihre Bewerbung wurde Vom US-Au\u00dfenministerium gepr\u00fcft. \u00dcberpr\u00fcfen Sie Ihren Posteingang. Sie werden per E-Mail benachrichtigt, sobald der Antrag genehmigt wurde oder weitere Informationen erforderlich sind. Wenn Sie sich f\u00fcr einen anderen Bewerber bewerben m\u00fcssen, klicken Sie auf die Schaltfl\u00e4che. Weitere Anwendung hinzuf\u00fcgen Ihre Karte wurde zur Zahlung autorisiert. Ihre Quittung wurde Ihnen per E-Mail zugesandt. Die vollst\u00e4ndigen Rechnungsdetails finden Sie unten. \u00dcberpr\u00fcfen Sie Ihre E-Mails auf einen Kaufbeleg. Sollten Sie diesen nicht finden, \u00fcberpr\u00fcfen Sie bitte Ihren Spam-Ordner und f\u00fcgen Sie \u201eUS Immigration Assistance\u201c zur Whitelist hinzu. Detaillierte Informationen zum Hinzuf\u00fcgen unserer E-Mail-Adresse zur Whitelist finden Sie im Internet. RechnungZahlungsmethode: KreditkarteVersand an: Elektronische ZustellungArtikelUS-VisumantragBitte beachten Sie: Diese Belastung erscheint auf Ihrer Kreditkartenabrechnung als \u201eUS Immigration Assistance\u201c oder \u201eusimmigrationassistance.org\u201c.Sie haben die Zahlung erfolgreich \u00fcbermittelt. Eine Anfrage des Karteninhabers an die Bank oder PayPal zur R\u00fcckerstattung der Geb\u00fchren f\u00fchrt automatisch zur Ablehnung des Antrags .<\/p>\n","protected":false},"author":3,"featured_media":0,"parent":0,"menu_order":0,"comment_status":"closed","ping_status":"closed","template":"","meta":{"footnotes":""},"class_list":["post-25081","page","type-page","status-publish","hentry"],"_links":{"self":[{"href":"https:\/\/usimmigrationassistance.org\/de\/wp-json\/wp\/v2\/pages\/25081","targetHints":{"allow":["GET"]}}],"collection":[{"href":"https:\/\/usimmigrationassistance.org\/de\/wp-json\/wp\/v2\/pages"}],"about":[{"href":"https:\/\/usimmigrationassistance.org\/de\/wp-json\/wp\/v2\/types\/page"}],"author":[{"embeddable":true,"href":"https:\/\/usimmigrationassistance.org\/de\/wp-json\/wp\/v2\/users\/3"}],"replies":[{"embeddable":true,"href":"https:\/\/usimmigrationassistance.org\/de\/wp-json\/wp\/v2\/comments?post=25081"}],"version-history":[{"count":3,"href":"https:\/\/usimmigrationassistance.org\/de\/wp-json\/wp\/v2\/pages\/25081\/revisions"}],"predecessor-version":[{"id":96157,"href":"https:\/\/usimmigrationassistance.org\/de\/wp-json\/wp\/v2\/pages\/25081\/revisions\/96157"}],"wp:attachment":[{"href":"https:\/\/usimmigrationassistance.org\/de\/wp-json\/wp\/v2\/media?parent=25081"}],"curies":[{"name":"wp","href":"https:\/\/api.w.org\/{rel}","templated":true}]}}