{"id":24370,"date":"2025-03-18T07:09:49","date_gmt":"2025-03-18T06:09:49","guid":{"rendered":"https:\/\/usimmigrationassistance.org\/aviso-legal"},"modified":"2025-05-19T23:00:45","modified_gmt":"2025-05-19T19:00:45","slug":"aviso-legal","status":"publish","type":"page","link":"https:\/\/usimmigrationassistance.org\/es\/aviso-legal\/","title":{"rendered":"Aviso legal"},"content":{"rendered":"\t\t<div data-elementor-type=\"wp-page\" data-elementor-id=\"24370\" class=\"elementor elementor-24370 elementor-881\" data-elementor-post-type=\"page\">\n\t\t\t\t<div class=\"elementor-element elementor-element-38977736 e-flex e-con-boxed wpr-particle-no wpr-jarallax-no wpr-parallax-no wpr-sticky-section-no e-con e-parent\" data-id=\"38977736\" data-element_type=\"container\">\n\t\t\t\t\t<div class=\"e-con-inner\">\n\t\t<div class=\"elementor-element elementor-element-95d71bf e-con-full e-flex wpr-particle-no wpr-jarallax-no wpr-parallax-no wpr-sticky-section-no e-con e-child\" data-id=\"95d71bf\" data-element_type=\"container\">\n\t\t\t\t<div class=\"elementor-element elementor-element-06e6898 elementor-widget elementor-widget-heading\" data-id=\"06e6898\" data-element_type=\"widget\" data-widget_type=\"heading.default\">\n\t\t\t\t<div class=\"elementor-widget-container\">\n\t\t\t\t\t<h2 class=\"elementor-heading-title elementor-size-default\">Aviso legal<\/h2>\t\t\t\t<\/div>\n\t\t\t\t<\/div>\n\t\t\t\t<\/div>\n\t\t<div class=\"elementor-element elementor-element-30dafa5 e-con-full e-flex wpr-particle-no wpr-jarallax-no wpr-parallax-no wpr-sticky-section-no e-con e-child\" data-id=\"30dafa5\" data-element_type=\"container\" data-settings=\"{&quot;background_background&quot;:&quot;classic&quot;}\">\n\t\t\t\t<div class=\"elementor-element elementor-element-20545007 elementor-widget elementor-widget-text-editor\" data-id=\"20545007\" data-element_type=\"widget\" data-widget_type=\"text-editor.default\">\n\t\t\t\t<div class=\"elementor-widget-container\">\n\t\t\t\t\t\t\t\t\t<p><\/p>\n<p>Ni TR\u0410VEL MUNDO &#8211; FZCO ni <a href=\"https:\/\/usimmigrationassistance.org\/es\" target=\"_blank\" rel=\"noopener\">usimmigrationassistance.org<\/a> est\u00e1n afiliados con el Departamento de Estado de los Estados Unidos (US DOS), el Departamento de Seguridad Nacional de los Estados Unidos (US DHS), el Servicio de Ciudadan\u00eda e Inmigraci\u00f3n de los Estados Unidos (USCIS), ni ninguna otra agencia gubernamental de los Estados Unidos.<br> No somos un bufete de abogados, no brindamos asesoramiento legal y no somos un sustituto de un abogado.<br> Somos un proveedor privado de consultor\u00eda de viajes e inmigraci\u00f3n basado en Internet, dedicado a ayudar a las personas a viajar a los Estados Unidos.  <\/p>\n<p><\/p>\n<p><\/p>\n<p>Ni TR\u0410VEL MUNDO &#8211; FZCO, <a href=\"https:\/\/usimmigrationassistance.org\/es\" target=\"_blank\" rel=\"noopener\">usimmigrationassistance.org<\/a> ni sus empleados afirman tener conocimientos especiales sobre leyes o procedimientos migratorios. Los precios de compra indicados para los servicios de asistencia para la preparaci\u00f3n de solicitudes NO incluyen las tasas de solicitud, examen m\u00e9dico, presentaci\u00f3n ni datos biom\u00e9tricos. Las tasas gubernamentales no son reembolsables. Los honorarios de los abogados no son reembolsables.   <\/p>\n<p><\/p>\n<p><\/p>\n<p>La pol\u00edtica de visas de Estados Unidos regula los requisitos que debe cumplir un extranjero que desee ingresar al pa\u00eds para obtener una visa, la cual consiste en un permiso para viajar, ingresar y\/o permanecer en el pa\u00eds. Quienes visiten Estados Unidos deben obtener una visa en una de las misiones diplom\u00e1ticas estadounidenses, a menos que provengan de pa\u00edses exentos de visa o del Programa de Exenci\u00f3n de Visa. Las mismas normas se aplican a Puerto Rico y las Islas V\u00edrgenes Estadounidenses, mientras que se aplican normas diferentes al resto de los territorios estadounidenses, a saber, Guam, las Islas Marianas del Norte y Samoa Americana.  <\/p>\n<p><\/p>\n<p><\/p>\n<p>Toda la informaci\u00f3n proporcionada por usted, o por un tercero designado en su nombre, debe ser veraz y correcta. Una visa estadounidense puede ser revocada en cualquier momento y por cualquier motivo, como por ejemplo, si surge nueva informaci\u00f3n que afecte su elegibilidad. Podr\u00eda estar sujeto a sanciones administrativas o penales si, a sabiendas y deliberadamente, realiza una declaraci\u00f3n o representaci\u00f3n sustancialmente falsa, ficticia o fraudulenta en una solicitud de visa presentada por usted o en su nombre.  <\/p>\n<p><\/p>\n<p><\/p>\n<p>Consulte la Pol\u00edtica de reembolso antes de comprar un servicio en nuestro sitio web.<\/p>\n<p><\/p>\n<p><\/p>\n<p>Este sitio web incluye informaci\u00f3n general sobre asuntos y novedades en materia de inmigraci\u00f3n. Dichos materiales son solo para fines informativos y podr\u00edan no reflejar la informaci\u00f3n m\u00e1s reciente. Estos materiales informativos no pretenden, ni deben interpretarse como, asesoramiento legal sobre ning\u00fan conjunto de hechos o circunstancias. Le recomendamos contactar con un abogado para obtener asesoramiento sobre problemas legales espec\u00edficos.   <\/p>\n<p><\/p>\n<p><\/p>\n<p>Si bien nos esforzamos por mantener la informaci\u00f3n del Sitio actualizada y correcta, TR\u0410VEL MUNDO &#8211; FZCO no ofrece ninguna declaraci\u00f3n ni garant\u00eda, expresa o impl\u00edcita, sobre la integridad, exactitud, fiabilidad, idoneidad o disponibilidad del sitio web ni de la informaci\u00f3n, productos, servicios o gr\u00e1ficos relacionados que contiene para ning\u00fan fin. Por lo tanto, cualquier confianza que usted deposite en dicho material es bajo su propio riesgo. <\/p>\n<p><\/p>\n<p><\/p>\n<p>TR\u0410VEL MUNDO &#8211; FZCO no ser\u00e1 responsable por ninguna informaci\u00f3n falsa, inexacta, inapropiada o incompleta presentada en el sitio web.<\/p>\n<p><\/p>\n<p><\/p>\n<p>Aunque se hace todo lo posible para mantener el sitio web en funcionamiento sin problemas, debido a la naturaleza de Internet y la tecnolog\u00eda involucrada, TR\u0410VEL MUNDO &#8211; FZCO no asume ninguna responsabilidad y no ser\u00e1 responsable de que el sitio web no est\u00e9 disponible temporalmente debido a problemas t\u00e9cnicos (o de otro tipo) fuera de su control o por cualquier p\u00e9rdida o da\u00f1o sufrido como resultado del uso o acceso, o la imposibilidad de usar o acceder a este sitio web.<\/p>\n<p><\/p>\n<p><\/p>\n<p>Algunos enlaces de este sitio web le llevar\u00e1n a sitios web que no est\u00e1n bajo el control de TR\u0410VEL MUNDO &#8211; FZCO. Al activarlos, abandonar\u00e1 el sitio web de TR\u0410VEL MUNDO &#8211; FZCO. TR\u0410VEL MUNDO &#8211; FZCO no tiene control ni se responsabiliza de los materiales, productos o servicios disponibles en ning\u00fan sitio web que no est\u00e9 bajo su control.  <\/p>\n<p><\/p>\n<p><\/p>\n<p>En la medida en que no lo proh\u00edba la ley, en ninguna circunstancia TR\u0410VEL MUNDO &#8211; FZCO ser\u00e1 responsable ante usted o cualquier otro tercero por cualquier p\u00e9rdida o da\u00f1o (incluidos, sin limitaci\u00f3n, da\u00f1os por p\u00e9rdida de negocios o p\u00e9rdida de ganancias) que surjan directa o indirectamente de su uso o incapacidad de usar este sitio o cualquier material contenido en \u00e9l.<\/p>\n<p><\/p>\n<p><\/p>\n<p>Las solicitudes completadas con nuestro servicio est\u00e1n disponibles gratuitamente como formularios en blanco en algunos sitios web del Gobierno de EE. UU. Somos un proveedor privado de servicios de viajes basados en tecnolog\u00eda por internet, dedicado a ayudar a las personas a viajar a Estados Unidos. Si no desea utilizar nuestros servicios, puede solicitar directamente en <a href=\"https:\/\/travel.state.gov\/\" target=\"_blank\" rel=\"noreferrer noopener\">travel.state.gov<\/a> o en <a href=\"https:\/\/uscis.gov\/\" target=\"_blank\" rel=\"noreferrer noopener\">uscis.gov<\/a> .  <\/p>\n<p><\/p>\n<p><\/p>\n<p>No debe usar este sitio web para proporcionar informaci\u00f3n confidencial sobre un asunto legal a los agentes de admisi\u00f3n. Su uso de este sitio web no lo convierte en cliente ni en posible cliente de un bufete de abogados. <\/p>\n<p><\/p>\n<p><\/p>\n<p>Para su comodidad, este sitio web puede proporcionar enlaces a sitios web de terceros. Dichos sitios web enlazados no est\u00e1n bajo nuestro control y no asumimos ninguna responsabilidad por la exactitud de su contenido. <\/p>\n<p><\/p>\n<p><\/p>\n<p>Su visita y\/o uso de este sitio web indica que usted acepta y comprende claramente las exenciones de responsabilidad, <a href=\"https:\/\/usimmigrationassistance.org\/terms_of_use\" target=\"_blank\" rel=\"noreferrer noopener\">los T\u00e9rminos de uso<\/a> , <a href=\"https:\/\/usimmigrationassistance.org\/privacy_policy\" target=\"_blank\" rel=\"noreferrer noopener\">la privacidad<\/a> y las pol\u00edticas <a href=\"https:\/\/usimmigrationassistance.org\/refund_policy\" target=\"_blank\" rel=\"noreferrer noopener\">de reembolso<\/a> indicadas en este sitio.<\/p>\n<p><\/p>\t\t\t\t\t\t\t\t<\/div>\n\t\t\t\t<\/div>\n\t\t\t\t<\/div>\n\t\t\t\t\t<\/div>\n\t\t\t\t<\/div>\n\t\t\t\t<\/div>\n\t\t","protected":false},"excerpt":{"rendered":"<p>Aviso legal Ni TR\u0410VEL MUNDO &#8211; FZCO ni usimmigrationassistance.org est\u00e1n afiliados con el Departamento de Estado de los Estados Unidos (US DOS), el Departamento de Seguridad Nacional de los Estados Unidos (US DHS), el Servicio de Ciudadan\u00eda e Inmigraci\u00f3n de los Estados Unidos (USCIS), ni ninguna otra agencia gubernamental de los Estados Unidos. No somos un bufete de abogados, no brindamos asesoramiento legal y no somos un sustituto de un abogado. Somos un proveedor privado de consultor\u00eda de viajes e inmigraci\u00f3n basado en Internet, dedicado a ayudar a las personas a viajar a los Estados Unidos. Ni TR\u0410VEL MUNDO &#8211; FZCO, usimmigrationassistance.org ni sus empleados afirman tener conocimientos especiales sobre leyes o procedimientos migratorios. Los precios de compra indicados para los servicios de asistencia para la preparaci\u00f3n de solicitudes NO incluyen las tasas de solicitud, examen m\u00e9dico, presentaci\u00f3n ni datos biom\u00e9tricos. Las tasas gubernamentales no son reembolsables. Los honorarios de los abogados no son reembolsables. La pol\u00edtica de visas de Estados Unidos regula los requisitos que debe cumplir un extranjero que desee ingresar al pa\u00eds para obtener una visa, la cual consiste en un permiso para viajar, ingresar y\/o permanecer en el pa\u00eds. Quienes visiten Estados Unidos deben obtener una visa en una de las misiones diplom\u00e1ticas estadounidenses, a menos que provengan de pa\u00edses exentos de visa o del Programa de Exenci\u00f3n de Visa. Las mismas normas se aplican a Puerto Rico y las Islas V\u00edrgenes Estadounidenses, mientras que se aplican normas diferentes al resto de los territorios estadounidenses, a saber, Guam, las Islas Marianas del Norte y Samoa Americana. Toda la informaci\u00f3n proporcionada por usted, o por un tercero designado en su nombre, debe ser veraz y correcta. Una visa estadounidense puede ser revocada en cualquier momento y por cualquier motivo, como por ejemplo, si surge nueva informaci\u00f3n que afecte su elegibilidad. Podr\u00eda estar sujeto a sanciones administrativas o penales si, a sabiendas y deliberadamente, realiza una declaraci\u00f3n o representaci\u00f3n sustancialmente falsa, ficticia o fraudulenta en una solicitud de visa presentada por usted o en su nombre. Consulte la Pol\u00edtica de reembolso antes de comprar un servicio en nuestro sitio web. Este sitio web incluye informaci\u00f3n general sobre asuntos y novedades en materia de inmigraci\u00f3n. Dichos materiales son solo para fines informativos y podr\u00edan no reflejar la informaci\u00f3n m\u00e1s reciente. Estos materiales informativos no pretenden, ni deben interpretarse como, asesoramiento legal sobre ning\u00fan conjunto de hechos o circunstancias. Le recomendamos contactar con un abogado para obtener asesoramiento sobre problemas legales espec\u00edficos. Si bien nos esforzamos por mantener la informaci\u00f3n del Sitio actualizada y correcta, TR\u0410VEL MUNDO &#8211; FZCO no ofrece ninguna declaraci\u00f3n ni garant\u00eda, expresa o impl\u00edcita, sobre la integridad, exactitud, fiabilidad, idoneidad o disponibilidad del sitio web ni de la informaci\u00f3n, productos, servicios o gr\u00e1ficos relacionados que contiene para ning\u00fan fin. Por lo tanto, cualquier confianza que usted deposite en dicho material es bajo su propio riesgo. TR\u0410VEL MUNDO &#8211; FZCO no ser\u00e1 responsable por ninguna informaci\u00f3n falsa, inexacta, inapropiada o incompleta presentada en el sitio web. Aunque se hace todo lo posible para mantener el sitio web en funcionamiento sin problemas, debido a la naturaleza de Internet y la tecnolog\u00eda involucrada, TR\u0410VEL MUNDO &#8211; FZCO no asume ninguna responsabilidad y no ser\u00e1 responsable de que el sitio web no est\u00e9 disponible temporalmente debido a problemas t\u00e9cnicos (o de otro tipo) fuera de su control o por cualquier p\u00e9rdida o da\u00f1o sufrido como resultado del uso o acceso, o la imposibilidad de usar o acceder a este sitio web. Algunos enlaces de este sitio web le llevar\u00e1n a sitios web que no est\u00e1n bajo el control de TR\u0410VEL MUNDO &#8211; FZCO. Al activarlos, abandonar\u00e1 el sitio web de TR\u0410VEL MUNDO &#8211; FZCO. TR\u0410VEL MUNDO &#8211; FZCO no tiene control ni se responsabiliza de los materiales, productos o servicios disponibles en ning\u00fan sitio web que no est\u00e9 bajo su control. En la medida en que no lo proh\u00edba la ley, en ninguna circunstancia TR\u0410VEL MUNDO &#8211; FZCO ser\u00e1 responsable ante usted o cualquier otro tercero por cualquier p\u00e9rdida o da\u00f1o (incluidos, sin limitaci\u00f3n, da\u00f1os por p\u00e9rdida de negocios o p\u00e9rdida de ganancias) que surjan directa o indirectamente de su uso o incapacidad de usar este sitio o cualquier material contenido en \u00e9l. Las solicitudes completadas con nuestro servicio est\u00e1n disponibles gratuitamente como formularios en blanco en algunos sitios web del Gobierno de EE. UU. Somos un proveedor privado de servicios de viajes basados en tecnolog\u00eda por internet, dedicado a ayudar a las personas a viajar a Estados Unidos. Si no desea utilizar nuestros servicios, puede solicitar directamente en travel.state.gov o en uscis.gov . No debe usar este sitio web para proporcionar informaci\u00f3n confidencial sobre un asunto legal a los agentes de admisi\u00f3n. Su uso de este sitio web no lo convierte en cliente ni en posible cliente de un bufete de abogados. Para su comodidad, este sitio web puede proporcionar enlaces a sitios web de terceros. Dichos sitios web enlazados no est\u00e1n bajo nuestro control y no asumimos ninguna responsabilidad por la exactitud de su contenido. Su visita y\/o uso de este sitio web indica que usted acepta y comprende claramente las exenciones de responsabilidad, los T\u00e9rminos de uso , la privacidad y las pol\u00edticas de reembolso indicadas en este sitio.<\/p>\n","protected":false},"author":3,"featured_media":0,"parent":0,"menu_order":0,"comment_status":"closed","ping_status":"closed","template":"","meta":{"footnotes":""},"class_list":["post-24370","page","type-page","status-publish","hentry"],"_links":{"self":[{"href":"https:\/\/usimmigrationassistance.org\/es\/wp-json\/wp\/v2\/pages\/24370","targetHints":{"allow":["GET"]}}],"collection":[{"href":"https:\/\/usimmigrationassistance.org\/es\/wp-json\/wp\/v2\/pages"}],"about":[{"href":"https:\/\/usimmigrationassistance.org\/es\/wp-json\/wp\/v2\/types\/page"}],"author":[{"embeddable":true,"href":"https:\/\/usimmigrationassistance.org\/es\/wp-json\/wp\/v2\/users\/3"}],"replies":[{"embeddable":true,"href":"https:\/\/usimmigrationassistance.org\/es\/wp-json\/wp\/v2\/comments?post=24370"}],"version-history":[{"count":3,"href":"https:\/\/usimmigrationassistance.org\/es\/wp-json\/wp\/v2\/pages\/24370\/revisions"}],"predecessor-version":[{"id":24373,"href":"https:\/\/usimmigrationassistance.org\/es\/wp-json\/wp\/v2\/pages\/24370\/revisions\/24373"}],"wp:attachment":[{"href":"https:\/\/usimmigrationassistance.org\/es\/wp-json\/wp\/v2\/media?parent=24370"}],"curies":[{"name":"wp","href":"https:\/\/api.w.org\/{rel}","templated":true}]}}