{"id":24374,"date":"2025-03-18T07:13:58","date_gmt":"2025-03-18T06:13:58","guid":{"rendered":"https:\/\/usimmigrationassistance.org\/politica-de-reembolso"},"modified":"2025-05-28T14:49:45","modified_gmt":"2025-05-28T10:49:45","slug":"politica-de-reembolso","status":"publish","type":"page","link":"https:\/\/usimmigrationassistance.org\/es\/politica-de-reembolso\/","title":{"rendered":"Pol\u00edtica de reembolso"},"content":{"rendered":"\t\t<div data-elementor-type=\"wp-page\" data-elementor-id=\"24374\" class=\"elementor elementor-24374 elementor-19\" data-elementor-post-type=\"page\">\n\t\t\t\t<div class=\"elementor-element elementor-element-e040b88 e-flex e-con-boxed wpr-particle-no wpr-jarallax-no wpr-parallax-no wpr-sticky-section-no e-con e-parent\" data-id=\"e040b88\" data-element_type=\"container\">\n\t\t\t\t\t<div class=\"e-con-inner\">\n\t\t<div class=\"elementor-element elementor-element-8b26962 e-con-full e-flex wpr-particle-no wpr-jarallax-no wpr-parallax-no wpr-sticky-section-no e-con e-child\" data-id=\"8b26962\" data-element_type=\"container\">\n\t\t\t\t<div class=\"elementor-element elementor-element-bbdcd9a elementor-widget elementor-widget-heading\" data-id=\"bbdcd9a\" data-element_type=\"widget\" data-widget_type=\"heading.default\">\n\t\t\t\t<div class=\"elementor-widget-container\">\n\t\t\t\t\t<h2 class=\"elementor-heading-title elementor-size-default\">Pol\u00edtica de reembolso<\/h2>\t\t\t\t<\/div>\n\t\t\t\t<\/div>\n\t\t\t\t<\/div>\n\t\t<div class=\"elementor-element elementor-element-55b5e2c e-con-full e-flex wpr-particle-no wpr-jarallax-no wpr-parallax-no wpr-sticky-section-no e-con e-child\" data-id=\"55b5e2c\" data-element_type=\"container\" data-settings=\"{&quot;background_background&quot;:&quot;classic&quot;}\">\n\t\t\t\t<div class=\"elementor-element elementor-element-65bcd51 elementor-widget elementor-widget-text-editor\" data-id=\"65bcd51\" data-element_type=\"widget\" data-widget_type=\"text-editor.default\">\n\t\t\t\t<div class=\"elementor-widget-container\">\n\t\t\t\t\t\t\t\t\t<p>Lea atentamente esta pol\u00edtica. Esta es la pol\u00edtica de reembolsos de <a href=\"https:\/\/usimmigrationassistance.org\/es\">https:\/\/usimmigrationassistance.org\/<\/a> , operada por TRAVEL MUNDO &#8211; FZCO ( <strong>nosotros\/nuestro\/nos<\/strong> ). Al acceder a nuestro sitio web <a href=\"https:\/\/usimmigrationassistance.org\/es\">https:\/\/usimmigrationassistance.org\/<\/a> y utilizar nuestros servicios, usted acepta estar sujeto a esta pol\u00edtica.  <br><strong>TODAS LAS VENTAS SON FINALES Y NO REEMBOLSABLES.<\/strong><\/p>\n<p><\/p>\n<p>Nos comprometemos a brindar servicios de alta calidad para asistir a nuestros clientes ( <strong>usted\/suyo<\/strong> ) durante todo su proceso de inmigraci\u00f3n. Sin embargo, <strong>una vez realizada la compra, no se emitir\u00e1n reembolsos<\/strong> por ning\u00fan motivo. Esta pol\u00edtica aplica desde el momento de la compra, independientemente de si los servicios se han utilizado en su totalidad o no.  <\/p>\n<p><\/p>\n<p><strong>T\u00c9RMINOS DE LA POL\u00cdTICA<\/strong><\/p>\n<p><\/p>\n<p>Al adquirir nuestros servicios en <a href=\"https:\/\/usimmigrationassistance.org\/es\">https:\/\/usimmigrationassistance.org\/<\/a> , usted reconoce y acepta que <strong>ning\u00fan servicio es reembolsable<\/strong> y que <strong>cualquier solicitud de reembolso ser\u00e1 denegada autom\u00e1ticamente<\/strong> . No hay excepciones a esta regla, incluso si su solicitud a\u00fan no se ha presentado ante las autoridades competentes (Visa, ESTA u otras). <\/p>\n<p><\/p>\n<p>Una vez que haya aprobado el env\u00edo de los documentos tras su compra, <strong>renuncia irrevocablemente a cualquier derecho a reembolso<\/strong> . En caso de error material en su solicitud, la volveremos a enviar sin coste adicional, <strong>pero no se le otorgar\u00e1 ning\u00fan reembolso<\/strong> . <\/p>\n<p><\/p>\n<p>Si encuentra alg\u00fan problema, le recomendamos que se comunique con nosotros de inmediato a <a href=\"mailto:support@usimmigrationassistance.org\">support@usimmigrationassistance.org<\/a> para que podamos resolver la situaci\u00f3n o, en casos espec\u00edficos a nuestra discreci\u00f3n, brindarle cr\u00e9dito para servicios futuros.<\/p>\n<p><\/p>\n<p><strong>TARIFAS NO REEMBOLSABLES<\/strong><\/p>\n<p><\/p>\n<p>Las tarifas pagadas a agencias u otras entidades gubernamentales de EE. UU. no son reembolsables. Al realizar un pago al Departamento de Estado de EE. UU. u otras agencias, usted est\u00e1 pagando por un servicio gubernamental, y <strong>todas estas tarifas son definitivas y no reembolsables<\/strong> , independientemente del resultado de su solicitud. <\/p>\n<p><\/p>\n<p>Adem\u00e1s, los honorarios pagados a terceros involucrados en el procesamiento de su solicitud (como m\u00e9dicos examinadores, traductores, etc.) tampoco son reembolsables y no son elegibles para cr\u00e9dito.<\/p>\n<p><\/p>\n<p><strong>AVISO DE CONTRACARGO<\/strong><\/p>\n<p><\/p>\n<p>Cualquier uso de una <strong>devoluci\u00f3n de cargo<\/strong> para obtener un reembolso fuera de las condiciones descritas en esta pol\u00edtica se considera una infracci\u00f3n de nuestros t\u00e9rminos y se tratar\u00e1 con la m\u00e1xima severidad. Consideraremos cualquier <strong>devoluci\u00f3n de cargo<\/strong> <strong>fraudulenta<\/strong> y emprenderemos acciones legales de inmediato. <\/p>\n<p><\/p>\n<p><strong>El fraude de contracargos<\/strong> es una forma de <strong>robo<\/strong> y <strong>hurto<\/strong> . Las personas declaradas culpables de fraude de contracargos est\u00e1n sujetas a sanciones penales y civiles. Seg\u00fan Nasir N. Pasha (Esq.), abogado gerente de <strong>Pasha Law PC<\/strong> , \u00abLas autoridades pueden procesar a personas incluso por peque\u00f1as cantidades, con cargos que van desde <strong>hurto menor<\/strong> (menos de $50) hasta <strong>hurto mayor<\/strong> (m\u00e1s de $500 a $1,000)\u00bb.  <\/p>\n<p><\/p>\n<p>Informaremos sobre cualquier intento de fraude de devoluci\u00f3n de cargo a los procesadores de pagos y las agencias gubernamentales pertinentes, y se podr\u00e1n aplicar sanciones estrictas, incluida la prohibici\u00f3n de entrada al pa\u00eds de destino.<\/p>\n<p><\/p>\n<p><strong>GARANT\u00cdA<\/strong><\/p>\n<p><\/p>\n<p>Si tiene dudas sobre la correcta presentaci\u00f3n de su solicitud, le recomendamos que nos contacte de inmediato a <a href=\"mailto:support@usimmigrationassistance.org\" target=\"_blank\" rel=\"noreferrer noopener\">support@usimmigrationassistance.org<\/a> . Sin embargo, tenga en cuenta que, seg\u00fan los t\u00e9rminos de esta pol\u00edtica, <strong>no ofrecemos reembolsos<\/strong> una vez adquiridos los servicios. En ciertos casos, se podr\u00e1 otorgar un cr\u00e9dito para servicios futuros, a nuestra discreci\u00f3n.  <\/p>\n<p><\/p>\n<p><strong>GARANT\u00cdA DE SATISFACCI\u00d3N<\/strong><\/p>\n<p><\/p>\n<p>Si bien nos esforzamos por brindar un servicio de calidad, nuestra <strong>garant\u00eda de satisfacci\u00f3n<\/strong> se limita a problemas causados directamente por <a href=\"https:\/\/usimmigrationassistance.org\/es\">https:\/\/usimmigrationassistance.org\/<\/a> antes de su llegada a Estados Unidos. Esta garant\u00eda no incluye <strong>reembolsos<\/strong> , pero podr\u00eda ofrecer <strong>cr\u00e9dito<\/strong> para servicios futuros en casos muy espec\u00edficos, sujeto a una revisi\u00f3n exhaustiva. <\/p>\n<p><\/p>\n<p>Cualquier solicitud de cr\u00e9dito para servicios futuros debe presentarse dentro de <strong>los 14 d\u00edas posteriores a la compra<\/strong> . Tenga en cuenta que <strong>no se aceptar\u00e1n solicitudes de reembolso<\/strong> y que el cr\u00e9dito solo se otorgar\u00e1 en circunstancias espec\u00edficas, a discreci\u00f3n de <a href=\"https:\/\/usimmigrationassistance.org\/es\">https:\/\/usimmigrationassistance.org\/<\/a> . <\/p>\n<p><\/p>\n<p><strong>EXCLUSIONES A LA GARANT\u00cdA DE SATISFACCI\u00d3N<\/strong><\/p>\n<p><\/p>\n<p>No podemos, bajo ninguna circunstancia, garantizar los resultados ni las decisiones de las agencias gubernamentales de EE. UU. con respecto a su solicitud. Las demoras o los rechazos por parte de las agencias gubernamentales est\u00e1n fuera de nuestro control y <strong>no le dan derecho a ning\u00fan reembolso<\/strong> . <\/p>\n<p><\/p>\n<p>Esta garant\u00eda ser\u00e1 nula si ha proporcionado informaci\u00f3n enga\u00f1osa o ya ha solicitado una <strong>devoluci\u00f3n de cargo<\/strong> a su banco.<\/p>\n<p><\/p>\n<p><strong>DESCARGO DE RESPONSABILIDAD<\/strong><\/p>\n<p><\/p>\n<p>Al utilizar nuestros servicios, usted acepta y comprende que somos un proveedor privado de servicios de tecnolog\u00eda de viajes en l\u00ednea. Nos dedicamos a ayudar a las personas a viajar a los Estados Unidos de Am\u00e9rica. <a href=\"https:\/\/usimmigrationassistance.org\/es\" target=\"_blank\" rel=\"noreferrer noopener\">https:\/\/usimmigrationassistance.org\/<\/a> no es un bufete de abogados ni sustituye la asesor\u00eda legal de un profesional cualificado. <span style=\"background-color: #ffffff;\"><a href=\"https:\/\/usimmigrationassistance.org\/es\">https:\/\/usimmigrationassistance.org\/<\/a><\/span> no est\u00e1 afiliado ni respaldado por el Servicio de Ciudadan\u00eda e Inmigraci\u00f3n de los Estados Unidos (USCIS) ni por ninguna otra agencia gubernamental. <\/p>\n<p><\/p>\n<p><strong>NOTA<\/strong> : Los formularios de inmigraci\u00f3n en blanco con instrucciones escritas para todas las visas est\u00e1n disponibles gratuitamente en el sitio web <strong>del USCIS<\/strong> . El uso del sitio web <span style=\"background-color: #ffffff;\"><a href=\"https:\/\/usimmigrationassistance.org\/es\">https:\/\/usimmigrationassistance.org\/<\/a><\/span> y sus servicios est\u00e1 sujeto a nuestra <a href=\"https:\/\/usimmigrationassistance.org\/es\/politica-de-privacidad\/\" target=\"_blank\" rel=\"noreferrer noopener\">Pol\u00edtica de Privacidad<\/a> , <a href=\"https:\/\/usimmigrationassistance.org\/es\/condiciones-de-servicio\/\" target=\"_blank\" rel=\"noreferrer noopener\">T\u00e9rminos de Servicio<\/a> y <a href=\"https:\/\/usimmigrationassistance.org\/es\/condiciones-de-uso\/\" target=\"_blank\" rel=\"noreferrer noopener\">T\u00e9rminos de Uso<\/a> . <\/p>\n<p><\/p>\n<p><strong>DETALLES DE TARIFAS &#8211; SOLO CON FINES INFORMATIVOS<\/strong><\/p>\n<p><\/p>\n<p><strong>Costos de las visas estadounidenses<\/strong><\/p>\n<p><\/p>\n<p>Todos los solicitantes de visa estadounidense deben pagar una tarifa de visa al organismo emisor del gobierno de EE. UU. El monto de la tarifa de solicitud de visa y el momento de pago dependen del tipo de visa que solicite. Antes de solicitar una visa, debe determinar qu\u00e9 visa se ajusta a sus necesidades de viaje y qu\u00e9 organismo emisor del gobierno de EE. UU. cobra las tarifas de procesamiento. Para ello, comun\u00edquese con <a href=\"mailto:support@usimmigrationassistance.org\">support@usimmigrationassistance.org<\/a> .   <\/p>\n<p><\/p>\n<p><strong>Tarifa MRV<\/strong><\/p>\n<p><\/p>\n<p>La tarifa de visa, tambi\u00e9n conocida como <strong>tarifa consular<\/strong> o <strong>tarifa de solicitud<\/strong> , se conoce oficialmente como \u00bb <strong>Tarifa de Visa de Lectura Mec\u00e1nica (MRV)<\/strong> \u00ab. Se requiere el pago de la tarifa de procesamiento consular con cada solicitud de visa. Solo despu\u00e9s de pagar la tarifa de visa se puede programar una cita para una entrevista consular en un consulado o embajada de EE. UU.  <\/p>\n<p><\/p>\n<p>Tenga en cuenta que las tarifas de visa MRV <strong>no son reembolsables<\/strong> ni <strong>transferibles<\/strong> . Si se retira la solicitud de visa o se rechaza la visa estadounidense, el solicitante <strong>no recibir\u00e1 ning\u00fan reembolso<\/strong> . Adem\u00e1s, la tarifa de la visa no es transferible a otras personas, como familiares o compa\u00f1eros de trabajo.  <\/p>\n<p><\/p>\n<p><strong>Monto de la Tarifa MRV<\/strong><\/p>\n<p><\/p>\n<p>El importe de la tasa de visa depende de la categor\u00eda solicitada. Esto significa que las tasas pueden variar seg\u00fan la categor\u00eda de visa. <\/p>\n<p><\/p>\n<p>Aunque las tarifas de visa se cotizan oficialmente en d\u00f3lares estadounidenses, el pago se realiza en la moneda nacional correspondiente. Las tarifas de visa est\u00e1n sujetas a fluctuaciones regulares en el tipo de cambio, lo que significa que suelen reducirse o aumentarse. Para conocer el tipo de cambio actual entre el euro y el d\u00f3lar de los consulados estadounidenses (= tipo de cambio consular), visite la Embajada de EE. UU. de su pa\u00eds. Las tarifas actuales de solicitud de visas consulares de no inmigrante estadounidenses son las siguientes y deben abonarse directamente en el Consulado\/Embajada de EE. UU.:   <\/p>\n<p><\/p>\n<p>Visas B-1\/B-2 (Visitante de Negocios\/Turista): $175<br> Visas C-1D (Tripulantes\/Tr\u00e1nsito): $175<br> Visas F-1 (Estudiantes): $175<br> Visas J-1 (visitantes de intercambio): $175<br> ESTA (Turismo\/Tr\u00e1nsito\/Negocios): $129<\/p>\n<p><\/p>\n<p><strong>M\u00e9todos de pago<\/strong><\/p>\n<p><\/p>\n<p>Las tasas de visado se pueden pagar en los consulados y embajadas de EE. UU. de todo el mundo mediante diversas opciones de pago. Est\u00e1n disponibles las siguientes: <\/p>\n<p><\/p>\n<p>Transferencia bancaria en l\u00ednea<br> Tarjeta de d\u00e9bito<br> Tarjeta de cr\u00e9dito<br> Transferencia bancaria inmediata<br> Dep\u00f3sito en efectivo en un banco<\/p>\n<p><\/p>\n<p><strong>Validez de la Tarifa MRV<\/strong><\/p>\n<p><\/p>\n<p>Tras pagar la tasa de la visa, recibir\u00e1 un recibo de pago con una validez de un a\u00f1o. Por lo tanto, la tasa de la visa tiene una validez de un a\u00f1o a partir de la fecha de pago. Durante este periodo, deber\u00e1 concertar una cita para una entrevista en un consulado o embajada de EE. UU., ya que deber\u00e1 abonar la tasa de la visa al cabo de doce meses.  <\/p>\n<p><\/p>\n<p><strong>Otras tarifas en el tr\u00e1mite consular<\/strong><\/p>\n<p><\/p>\n<p>Adem\u00e1s de la tarifa de solicitud consular descrita anteriormente, existen otras tarifas de visa en el proceso consular:<\/p>\n<p><\/p>\n<p><strong>1. TARIFA DE RECIPROCIDAD<\/strong><\/p>\n<p><\/p>\n<p>La <strong>Tarifa de Reciprocidad<\/strong> se basa en el sistema de reciprocidad estatal. Cuando un gobierno extranjero cobra tarifas a ciudadanos estadounidenses por ciertos tipos de visas, Estados Unidos tambi\u00e9n cobra una <strong>Tarifa de Reciprocidad<\/strong> a los ciudadanos de ese pa\u00eds por categor\u00edas de visas similares. <\/p>\n<p><\/p>\n<p>Por ejemplo, si los ciudadanos estadounidenses deben pagar una tarifa adicional por una visa de visitante a China, esto tambi\u00e9n se aplica a los ciudadanos chinos cuando solicitan una visa de visitante B-1\/B-2 a los EE. UU.<\/p>\n<p><\/p>\n<p>Si ha programado una entrevista, <strong>no pague la tarifa de reciprocidad por adelantado<\/strong> ; en su lugar, p\u00e1guela en la Unidad Consular de la Embajada de los Estados Unidos al llegar a su entrevista. Aseg\u00farese de pagar la tarifa de reciprocidad por adelantado solo si renueva su visa actual y solicita una exenci\u00f3n de visa. Esta tarifa no se puede utilizar para programar una cita.  <\/p>\n<p><\/p>\n<p>El principio de reciprocidad implica el pago de tasas adicionales o un per\u00edodo de validez m\u00e1s corto (o ambos) para los solicitantes de visa de ciertos pa\u00edses y para ciertas categor\u00edas de visa. Por lo tanto, seg\u00fan la nacionalidad del solicitante y el tipo de visa solicitada, el Departamento de Estado de los Estados Unidos puede: <\/p>\n<p><\/p>\n<p>exigir una tarifa adicional al solicitante, o<br> emitir una visa con un per\u00edodo de validez m\u00e1s corto que el normalmente permitido.<br> La Tarifa de Reciprocidad var\u00eda seg\u00fan la nacionalidad del solicitante, la categor\u00eda de visa y la solicitud. Puede consultar con antelaci\u00f3n si se le aplica una tarifa visitando el <strong>sitio web del Departamento de Estado de EE. UU<\/strong> . <\/p>\n<p><\/p>\n<p>Esta tarifa tambi\u00e9n debe pagarse con tarjeta de cr\u00e9dito o en efectivo en persona en el consulado\/embajada de EE. UU.<\/p>\n<p><\/p>\n<p><strong>2. TARIFA SEVIS<\/strong><\/p>\n<p><\/p>\n<p>La <strong>tarifa SEVIS<\/strong> se paga al solicitar visas F, J o M y var\u00eda seg\u00fan la categor\u00eda de visa. Los solicitantes deben pagar la tarifa SEVIS <strong>antes de<\/strong> su cita para la entrevista consular. El pago se realiza en l\u00ednea con tarjeta de cr\u00e9dito.  <\/p>\n<p><\/p>\n<p>El comprobante de pago deber\u00e1 adjuntarse a la solicitud consular, de lo contrario no se tramitar\u00e1 la solicitud.<\/p>\n<p><\/p>\n<p><strong>Consejo pr\u00e1ctico<\/strong> : Asumimos que todas las solicitudes que muestren una tarifa incorrecta ser\u00e1n devueltas sin procesar.<\/p>\n<p><\/p>\n<p>Puede encontrar una lista completa de todas las tarifas de solicitud de USCIS en el <strong>sitio web de USCIS<\/strong> .<\/p>\n<p><\/p>\n<p><strong>Consejo pr\u00e1ctico<\/strong> : Preste atenci\u00f3n a las instrucciones del USCIS sobre el cheque o giro postal correspondiente. Los cheques o giros postales presentados incorrectamente resultar\u00e1n en la no aceptaci\u00f3n de la solicitud. Estas peticiones ser\u00e1n devueltas al solicitante sin procesar.  <\/p>\n<p><\/p>\n<p><strong>Tarifas de tramitaci\u00f3n &#8211; Nuestro servicio de visas para EE. UU.<\/strong><\/p>\n<p><\/p>\n<p>Adem\u00e1s de los costos de solicitud de las autoridades de EE. UU., los costos de traducci\u00f3n, etc., se cobra una tarifa de consultor\u00eda y gesti\u00f3n de procesos cuando contrata a nuestra agencia de servicios de asistencia en viaje.<\/p>\n<p><\/p>\n<p>Seg\u00fan la categor\u00eda de visa, cobramos una tarifa fija por el servicio de tramitaci\u00f3n, considerando los diferentes costos de procesamiento. Cuanto m\u00e1s sencillo sea el procesamiento de una categor\u00eda de visa, m\u00e1s accesible ser\u00e1 el apoyo de nuestros asesores de visas para EE. UU. <\/p>\n<p><\/p>\n<p>Si lo solicita, podemos ofrecerle asesoramiento y tramitaci\u00f3n por horas. En casos de visado especialmente urgentes, tambi\u00e9n podemos gestionar su tramitaci\u00f3n expr\u00e9s por un cargo adicional. <\/p>\n<p><\/p>\t\t\t\t\t\t\t\t<\/div>\n\t\t\t\t<\/div>\n\t\t\t\t<\/div>\n\t\t\t\t\t<\/div>\n\t\t\t\t<\/div>\n\t\t\t\t<\/div>\n\t\t","protected":false},"excerpt":{"rendered":"<p>Pol\u00edtica de reembolso Lea atentamente esta pol\u00edtica. Esta es la pol\u00edtica de reembolsos de https:\/\/usimmigrationassistance.org\/ , operada por TRAVEL MUNDO &#8211; FZCO ( nosotros\/nuestro\/nos ). Al acceder a nuestro sitio web https:\/\/usimmigrationassistance.org\/ y utilizar nuestros servicios, usted acepta estar sujeto a esta pol\u00edtica. TODAS LAS VENTAS SON FINALES Y NO REEMBOLSABLES. Nos comprometemos a brindar servicios de alta calidad para asistir a nuestros clientes ( usted\/suyo ) durante todo su proceso de inmigraci\u00f3n. Sin embargo, una vez realizada la compra, no se emitir\u00e1n reembolsos por ning\u00fan motivo. Esta pol\u00edtica aplica desde el momento de la compra, independientemente de si los servicios se han utilizado en su totalidad o no. T\u00c9RMINOS DE LA POL\u00cdTICA Al adquirir nuestros servicios en https:\/\/usimmigrationassistance.org\/ , usted reconoce y acepta que ning\u00fan servicio es reembolsable y que cualquier solicitud de reembolso ser\u00e1 denegada autom\u00e1ticamente . No hay excepciones a esta regla, incluso si su solicitud a\u00fan no se ha presentado ante las autoridades competentes (Visa, ESTA u otras). Una vez que haya aprobado el env\u00edo de los documentos tras su compra, renuncia irrevocablemente a cualquier derecho a reembolso . En caso de error material en su solicitud, la volveremos a enviar sin coste adicional, pero no se le otorgar\u00e1 ning\u00fan reembolso . Si encuentra alg\u00fan problema, le recomendamos que se comunique con nosotros de inmediato a support@usimmigrationassistance.org para que podamos resolver la situaci\u00f3n o, en casos espec\u00edficos a nuestra discreci\u00f3n, brindarle cr\u00e9dito para servicios futuros. TARIFAS NO REEMBOLSABLES Las tarifas pagadas a agencias u otras entidades gubernamentales de EE. UU. no son reembolsables. Al realizar un pago al Departamento de Estado de EE. UU. u otras agencias, usted est\u00e1 pagando por un servicio gubernamental, y todas estas tarifas son definitivas y no reembolsables , independientemente del resultado de su solicitud. Adem\u00e1s, los honorarios pagados a terceros involucrados en el procesamiento de su solicitud (como m\u00e9dicos examinadores, traductores, etc.) tampoco son reembolsables y no son elegibles para cr\u00e9dito. AVISO DE CONTRACARGO Cualquier uso de una devoluci\u00f3n de cargo para obtener un reembolso fuera de las condiciones descritas en esta pol\u00edtica se considera una infracci\u00f3n de nuestros t\u00e9rminos y se tratar\u00e1 con la m\u00e1xima severidad. Consideraremos cualquier devoluci\u00f3n de cargo fraudulenta y emprenderemos acciones legales de inmediato. El fraude de contracargos es una forma de robo y hurto . Las personas declaradas culpables de fraude de contracargos est\u00e1n sujetas a sanciones penales y civiles. Seg\u00fan Nasir N. Pasha (Esq.), abogado gerente de Pasha Law PC , \u00abLas autoridades pueden procesar a personas incluso por peque\u00f1as cantidades, con cargos que van desde hurto menor (menos de $50) hasta hurto mayor (m\u00e1s de $500 a $1,000)\u00bb. Informaremos sobre cualquier intento de fraude de devoluci\u00f3n de cargo a los procesadores de pagos y las agencias gubernamentales pertinentes, y se podr\u00e1n aplicar sanciones estrictas, incluida la prohibici\u00f3n de entrada al pa\u00eds de destino. GARANT\u00cdA Si tiene dudas sobre la correcta presentaci\u00f3n de su solicitud, le recomendamos que nos contacte de inmediato a support@usimmigrationassistance.org . Sin embargo, tenga en cuenta que, seg\u00fan los t\u00e9rminos de esta pol\u00edtica, no ofrecemos reembolsos una vez adquiridos los servicios. En ciertos casos, se podr\u00e1 otorgar un cr\u00e9dito para servicios futuros, a nuestra discreci\u00f3n. GARANT\u00cdA DE SATISFACCI\u00d3N Si bien nos esforzamos por brindar un servicio de calidad, nuestra garant\u00eda de satisfacci\u00f3n se limita a problemas causados directamente por https:\/\/usimmigrationassistance.org\/ antes de su llegada a Estados Unidos. Esta garant\u00eda no incluye reembolsos , pero podr\u00eda ofrecer cr\u00e9dito para servicios futuros en casos muy espec\u00edficos, sujeto a una revisi\u00f3n exhaustiva. Cualquier solicitud de cr\u00e9dito para servicios futuros debe presentarse dentro de los 14 d\u00edas posteriores a la compra . Tenga en cuenta que no se aceptar\u00e1n solicitudes de reembolso y que el cr\u00e9dito solo se otorgar\u00e1 en circunstancias espec\u00edficas, a discreci\u00f3n de https:\/\/usimmigrationassistance.org\/ . EXCLUSIONES A LA GARANT\u00cdA DE SATISFACCI\u00d3N No podemos, bajo ninguna circunstancia, garantizar los resultados ni las decisiones de las agencias gubernamentales de EE. UU. con respecto a su solicitud. Las demoras o los rechazos por parte de las agencias gubernamentales est\u00e1n fuera de nuestro control y no le dan derecho a ning\u00fan reembolso . Esta garant\u00eda ser\u00e1 nula si ha proporcionado informaci\u00f3n enga\u00f1osa o ya ha solicitado una devoluci\u00f3n de cargo a su banco. DESCARGO DE RESPONSABILIDAD Al utilizar nuestros servicios, usted acepta y comprende que somos un proveedor privado de servicios de tecnolog\u00eda de viajes en l\u00ednea. Nos dedicamos a ayudar a las personas a viajar a los Estados Unidos de Am\u00e9rica. https:\/\/usimmigrationassistance.org\/ no es un bufete de abogados ni sustituye la asesor\u00eda legal de un profesional cualificado. https:\/\/usimmigrationassistance.org\/ no est\u00e1 afiliado ni respaldado por el Servicio de Ciudadan\u00eda e Inmigraci\u00f3n de los Estados Unidos (USCIS) ni por ninguna otra agencia gubernamental. NOTA : Los formularios de inmigraci\u00f3n en blanco con instrucciones escritas para todas las visas est\u00e1n disponibles gratuitamente en el sitio web del USCIS . El uso del sitio web https:\/\/usimmigrationassistance.org\/ y sus servicios est\u00e1 sujeto a nuestra Pol\u00edtica de Privacidad , T\u00e9rminos de Servicio y T\u00e9rminos de Uso . DETALLES DE TARIFAS &#8211; SOLO CON FINES INFORMATIVOS Costos de las visas estadounidenses Todos los solicitantes de visa estadounidense deben pagar una tarifa de visa al organismo emisor del gobierno de EE. UU. El monto de la tarifa de solicitud de visa y el momento de pago dependen del tipo de visa que solicite. Antes de solicitar una visa, debe determinar qu\u00e9 visa se ajusta a sus necesidades de viaje y qu\u00e9 organismo emisor del gobierno de EE. UU. cobra las tarifas de procesamiento. Para ello, comun\u00edquese con support@usimmigrationassistance.org . Tarifa MRV La tarifa de visa, tambi\u00e9n conocida como tarifa consular o tarifa de solicitud , se conoce oficialmente como \u00bb Tarifa de Visa de Lectura Mec\u00e1nica (MRV) \u00ab. Se requiere el pago de la tarifa de procesamiento consular con cada solicitud de visa. Solo despu\u00e9s de pagar la tarifa de visa se puede programar una cita para una entrevista consular en un consulado o embajada de EE. UU. Tenga en cuenta que las tarifas de visa MRV no son reembolsables ni<\/p>\n","protected":false},"author":3,"featured_media":0,"parent":0,"menu_order":0,"comment_status":"closed","ping_status":"closed","template":"","meta":{"footnotes":""},"class_list":["post-24374","page","type-page","status-publish","hentry"],"_links":{"self":[{"href":"https:\/\/usimmigrationassistance.org\/es\/wp-json\/wp\/v2\/pages\/24374","targetHints":{"allow":["GET"]}}],"collection":[{"href":"https:\/\/usimmigrationassistance.org\/es\/wp-json\/wp\/v2\/pages"}],"about":[{"href":"https:\/\/usimmigrationassistance.org\/es\/wp-json\/wp\/v2\/types\/page"}],"author":[{"embeddable":true,"href":"https:\/\/usimmigrationassistance.org\/es\/wp-json\/wp\/v2\/users\/3"}],"replies":[{"embeddable":true,"href":"https:\/\/usimmigrationassistance.org\/es\/wp-json\/wp\/v2\/comments?post=24374"}],"version-history":[{"count":18,"href":"https:\/\/usimmigrationassistance.org\/es\/wp-json\/wp\/v2\/pages\/24374\/revisions"}],"predecessor-version":[{"id":30707,"href":"https:\/\/usimmigrationassistance.org\/es\/wp-json\/wp\/v2\/pages\/24374\/revisions\/30707"}],"wp:attachment":[{"href":"https:\/\/usimmigrationassistance.org\/es\/wp-json\/wp\/v2\/media?parent=24374"}],"curies":[{"name":"wp","href":"https:\/\/api.w.org\/{rel}","templated":true}]}}