{"id":24380,"date":"2025-03-18T07:04:18","date_gmt":"2025-03-18T06:04:18","guid":{"rendered":"https:\/\/usimmigrationassistance.org\/condiciones-de-servicio"},"modified":"2025-05-28T18:53:37","modified_gmt":"2025-05-28T14:53:37","slug":"condiciones-de-servicio","status":"publish","type":"page","link":"https:\/\/usimmigrationassistance.org\/es\/condiciones-de-servicio\/","title":{"rendered":"Condiciones de servicio"},"content":{"rendered":"\t\t<div data-elementor-type=\"wp-page\" data-elementor-id=\"24380\" class=\"elementor elementor-24380 elementor-869\" data-elementor-post-type=\"page\">\n\t\t\t\t<div class=\"elementor-element elementor-element-38977736 e-flex e-con-boxed wpr-particle-no wpr-jarallax-no wpr-parallax-no wpr-sticky-section-no e-con e-parent\" data-id=\"38977736\" data-element_type=\"container\">\n\t\t\t\t\t<div class=\"e-con-inner\">\n\t\t<div class=\"elementor-element elementor-element-95d71bf e-con-full e-flex wpr-particle-no wpr-jarallax-no wpr-parallax-no wpr-sticky-section-no e-con e-child\" data-id=\"95d71bf\" data-element_type=\"container\">\n\t\t\t\t<div class=\"elementor-element elementor-element-06e6898 elementor-widget elementor-widget-heading\" data-id=\"06e6898\" data-element_type=\"widget\" data-widget_type=\"heading.default\">\n\t\t\t\t<div class=\"elementor-widget-container\">\n\t\t\t\t\t<h2 class=\"elementor-heading-title elementor-size-default\">Condiciones de servicio<\/h2>\t\t\t\t<\/div>\n\t\t\t\t<\/div>\n\t\t\t\t<\/div>\n\t\t<div class=\"elementor-element elementor-element-30dafa5 e-con-full e-flex wpr-particle-no wpr-jarallax-no wpr-parallax-no wpr-sticky-section-no e-con e-child\" data-id=\"30dafa5\" data-element_type=\"container\" data-settings=\"{&quot;background_background&quot;:&quot;classic&quot;}\">\n\t\t\t\t<div class=\"elementor-element elementor-element-20545007 elementor-widget elementor-widget-text-editor\" data-id=\"20545007\" data-element_type=\"widget\" data-widget_type=\"text-editor.default\">\n\t\t\t\t<div class=\"elementor-widget-container\">\n\t\t\t\t\t\t\t\t\t<p>1. Entiendo y acepto que <a href=\"https:\/\/usimmigrationassistance.org\/es\">https:\/\/usimmigrationassistance.org\/<\/a> de TR\u0410VEL MUNDO &#8211; FZCO (&#8216;TR\u0410VEL MUNDO &#8211; FZCO&#8217;) no es un bufete de abogados ni una agencia de abogados, no puede prestar los servicios de un abogado y sus formularios o plantillas no sustituyen el asesoramiento ni los servicios de un abogado. En realidad, me represento a m\u00ed mismo en este asunto legal. No se crea ninguna relaci\u00f3n ni privilegio abogado-cliente con el uso de TR\u0410VEL MUNDO &#8211; FZCO o su sitio web, ubicado en <a href=\"https:\/\/usimmigrationassistance.org\/es\">https:\/\/usimmigrationassistance.org\/<\/a> (nuestro \u00bb <strong>sitio<\/strong> \u00ab). Su visita o uso de este sitio web indica que acepta y comprende claramente los <a href=\"https:\/\/usimmigrationassistance.org\/es\/aviso-legal\/\" target=\"_blank\" rel=\"noreferrer noopener\">Descargos de responsabilidad<\/a> , <a href=\"https:\/\/usimmigrationassistance.org\/es\/condiciones-de-uso\/\" target=\"_blank\" rel=\"noreferrer noopener\">los T\u00e9rminos de uso<\/a> , <a href=\"https:\/\/usimmigrationassistance.org\/es\/politica-de-privacidad\/\" target=\"_blank\" rel=\"noreferrer noopener\">la Privacidad<\/a> y las pol\u00edticas de <a href=\"https:\/\/usimmigrationassistance.org\/es\/politica-de-reembolso\/\" target=\"_blank\" rel=\"noreferrer noopener\">reembolso<\/a> que se indican en este sitio.   <\/p>\n<p><\/p>\n<p>2. Si, antes de mi compra, creo que TR\u0410VEL MUNDO &#8211; FZCO me ha proporcionado alg\u00fan asesoramiento legal, opini\u00f3n o recomendaci\u00f3n sobre mis derechos legales, recursos, defensas, opciones, selecci\u00f3n de formas o estrategias, no proceder\u00e9 con esta compra, y cualquier compra que realice ser\u00e1 nula y sin valor.<\/p>\n<p><\/p>\n<p>3. Entiendo que estos T\u00e9rminos de Servicio contienen un acuerdo de arbitraje vinculante de forma individual para resolver disputas, en lugar de juicios con jurado o demandas colectivas, y tambi\u00e9n limitan los recursos disponibles para m\u00ed en caso de una disputa como se describe en los T\u00e9rminos de Uso de TR\u0410VEL MUNDO &#8211; FZCO, ubicados en <a href=\"https:\/\/usimmigrationassistance.org\/es\/condiciones-de-uso\/\">https:\/\/usimmigrationassistance.org\/terms_of_use\/<\/a> .<\/p>\n<p><\/p>\n<p>4. ENTIENDO QUE LA REVISI\u00d3N DE MIS RESPUESTAS POR PARTE DE TRAVEL MUNDO &#8211; FZCO SE LIMITA A LA INTEGRIDAD, LA ORTOGRAF\u00cdA Y LA COHERENCIA INTERNA DE NOMBRES, DIRECCIONES Y SIMILARES. LEER\u00c1 EL\/LOS DOCUMENTO(S) FINAL(ES) ANTES DE FIRMARLO(S), CUANDO CORRESPONDA, Y ACEPTO SER EL \u00daNICO RESPONSABLE DEL\/LOS DOCUMENTO(S) FINAL(ES) Y SU CONTENIDO. <\/p>\n<p><\/p>\n<p>5. Exactitud de la informaci\u00f3n y consentimiento de terceros<\/p>\n<p><\/p>\n<p>Hasta donde s\u00e9, he proporcionado informaci\u00f3n precisa a TR\u0410VEL MUNDO &#8211; FZCO y al Sitio y he obtenido todos los consentimientos de terceros necesarios para mi pedido.<\/p>\n<p><\/p>\n<p>6. Registros y firmas electr\u00f3nicas<\/p>\n<p><\/p>\n<p>Doy mi consentimiento a TR\u0410VEL MUNDO &#8211; FZCO y al Sitio para que firmen mi firma electr\u00f3nica cuando sea necesario para presentar mis documentos. Entiendo que puedo revocar mi consentimiento, siempre que mis documentos no se hayan presentado ya, contactando con nuestro Equipo de Soporte Global en <a href=\"mailto:support@usimmigrationassistance.org\">support@usimmigrationassistance.org<\/a> . <\/p>\n<p><\/p>\n<p>7. Clientes que no hablan ingl\u00e9s<\/p>\n<p><\/p>\n<p>Entiendo que ciertos materiales del sitio web de TR\u0410VEL MUNDO &#8211; FZCO, incluyendo, entre otros, cuestionarios, documentos, instrucciones y presentaciones, solo est\u00e1n disponibles en ingl\u00e9s. Las traducciones de estos T\u00e9rminos, as\u00ed como de otros t\u00e9rminos, condiciones y pol\u00edticas, a otros idiomas, se proporcionan \u00fanicamente para su comodidad. En caso de ambig\u00fcedad o conflicto entre las traducciones, la versi\u00f3n en ingl\u00e9s prevalecer\u00e1.  <\/p>\n<p><\/p>\n<p>8. Limitaci\u00f3n de responsabilidad e indemnizaci\u00f3n<\/p>\n<p><\/p>\n<p>EXCEPTO LO PROH\u00cdBA LA LEY, EXIMIR\u00c9 DE RESPONSABILIDAD A TRAVEL MUNDO &#8211; FZCO Y SUS FUNCIONARIOS, DIRECTORES, EMPLEADOS Y AGENTES DE CUALQUIER DA\u00d1O INDIRECTO, PUNITIVO, ESPECIAL, INCIDENTAL O CONSECUENTE, COMO SEA QUE SURJA (INCLUYENDO LOS HONORARIOS DE ABOGADOS Y TODOS LOS COSTOS Y GASTOS RELACIONADOS CON LITIGIOS Y ARBITRAJES, O EN JUICIO O EN APELACI\u00d3N, SI LOS HUBIERE, YA SEA QUE SE INSTITUYA O NO UN LITIGIO O ARBITRAJE), YA SEA EN UNA ACCI\u00d3N CONTRACTUAL, NEGLIGENCIA U OTRA ACCI\u00d3N IL\u00cdCITA, O QUE SURJA DE O EN CONEXI\u00d3N CON ESTE ACUERDO, INCLUYENDO, SIN LIMITACI\u00d3N, CUALQUIER RECLAMACI\u00d3N POR LESIONES PERSONALES O DA\u00d1OS MATERIALES, QUE SURJAN DE ESTE ACUERDO Y CUALQUIER VIOLACI\u00d3N POR MI PARTE DE CUALQUIER LEY, ESTATUTO, REGLAMENTO O REGLAMENTO FEDERAL, ESTATAL O LOCAL, INCLUSO SI SE HA INFORMADO PREVIAMENTE A TRAVEL MUNDO &#8211; FZCO DE LA POSIBILIDAD DE DICHO DA\u00d1O. SALVO QUE LA LEY LO PROH\u00cdBA, SI SE ENCUENTRA RESPONSABILIDAD POR PARTE DE TRAVEL MUNDO &#8211; FZCO, ESTA SE LIMITAR\u00c1 AL IMPORTE PAGADO POR LOS PRODUCTOS Y\/O SERVICIOS Y BAJO NINGUNA CIRCUNSTANCIA HABR\u00c1 DA\u00d1OS CONSECUENTES O PUNITIVOS. ALGUNOS ESTADOS O TERRITORIOS NO PERMITEN LA EXCLUSI\u00d3N O LIMITACI\u00d3N DE DA\u00d1OS PUNITIVOS, INCIDENTALES O CONSECUENTES, POR LO QUE LA LIMITACI\u00d3N O EXCLUSI\u00d3N ANTERIOR PUEDE NO APLICARSE EN MI CASO. ESTE P\u00c1RRAFO NO SE APLICA A LOS CONSUMIDORES DE CAROLINA DEL NORTE.   <\/p>\n<p><\/p>\n<p>9. Condiciones de uso<\/p>\n<p><\/p>\n<p>Entiendo que los t\u00e9rminos generales de uso del Sitio (los \u00bb <a href=\"https:\/\/usimmigrationassistance.org\/es\/condiciones-de-uso\/\" target=\"_blank\" rel=\"noreferrer noopener\">T\u00e9rminos de uso<\/a> \u00ab) tambi\u00e9n se aplican a estos T\u00e9rminos de servicio y, al aceptar estos T\u00e9rminos de servicio, reconozco que he le\u00eddo y acepto dichos T\u00e9rminos de uso, que se incorporan aqu\u00ed por referencia.<\/p>\n<p><\/p>\n<p>10. T\u00e9rminos adicionales<\/p>\n<p><\/p>\n<p>Entiendo que mi compra puede estar sujeta a t\u00e9rminos y condiciones adicionales. Si corresponde, confirmo haber le\u00eddo y aceptado los t\u00e9rminos adicionales, que se incorporan al presente documento por referencia. <\/p>\n<p><\/p>\n<p>11. Servicios de terceros<\/p>\n<p><\/p>\n<p>Si compr\u00e9 un producto que involucra servicios de terceros, entiendo que es posible que deba aceptar t\u00e9rminos adicionales ubicados en el sitio del tercero. El tercero puede comunicarse conmigo por correo electr\u00f3nico con instrucciones sobre c\u00f3mo acceder a mis beneficios. TR\u0410VEL MUNDO &#8211; FZCO POR LA PRESENTE RENUNCIA A LA RESPONSABILIDAD POR CUALQUIER INFORMACI\u00d3N, MATERIALES, PRODUCTOS O SERVICIOS PUBLICADOS U OFRECIDOS COMO PARTE DE CUALQUIER SERVICIO DE TERCEROS. TR\u0410VEL MUNDO &#8211; FZCO NO ES RESPONSABLE POR NINGUNA FALLA DE LOS PRODUCTOS O SERVICIOS OFRECIDOS O ANUNCIADOS EN ESOS SITIOS. UN TERCERO PUEDE TENER UNA POL\u00cdTICA DE PRIVACIDAD DIFERENTE A LA DE TR\u0410VEL MUNDO &#8211; FZCO Y EL SITIO WEB DEL TERCERO PUEDE PROPORCIONAR MENOS SEGURIDAD QUE EL SITIO DE TR\u0410VEL MUNDO &#8211; FZCO.    <\/p>\n<p><\/p>\n<p>12. Productos y servicios futuros<\/p>\n<p><\/p>\n<p>Si elijo agregar un producto o servicio a mi pedido posteriormente a esta compra inicial en una compra futura, estos T\u00e9rminos de Servicio se aplicar\u00e1n tambi\u00e9n a esa compra de producto o servicio adicional.<\/p>\n<p><\/p>\n<p>13. Pol\u00edtica de reembolso<\/p>\n<p><\/p>\n<p>Entiendo que TR\u0410VEL MUNDO &#8211; FZCO tiene una Pol\u00edtica de Reembolso claramente estipulada, la cual se incorpora a estos T\u00e9rminos de Servicio. Los t\u00e9rminos de la Pol\u00edtica de Reembolso est\u00e1n disponibles en &nbsp;<a href=\"https:\/\/usimmigrationassistance.org\/es\/politica-de-reembolso\/\" target=\"_blank\">https:\/\/usimmigrationassistance.org\/politica_de_reembolso\/<\/a> .<\/p>\n<p><\/p>\n<p>14. Cuentas suspendidas<\/p>\n<p><\/p>\n<p>Usted acepta que tenemos el derecho, pero no la obligaci\u00f3n, de monitorear, suspender, terminar, editar, divulgar, negarnos a publicar o eliminar en cualquier momento, por cualquier motivo a nuestra entera discreci\u00f3n, cualquier material, contenido y\/o actividad en cualquier parte de este Sitio. Sin perjuicio de este derecho, no revisamos ni podemos revisar todos los materiales enviados a este Sitio. Si se nos notifica, podemos investigar una alegaci\u00f3n de que el contenido que se nos transmite infringe estos T\u00e9rminos de uso y determinar si debemos eliminar la comunicaci\u00f3n. Sin embargo, no tenemos la obligaci\u00f3n de eliminar contenido y no asumimos ninguna responsabilidad derivada o relacionada con cualquier acci\u00f3n o contenido transmitido por o entre usted o cualquier tercero dentro o fuera de este Sitio, incluyendo, pero no limitado a, cualquier error, difamaci\u00f3n, libelo, calumnia, omisi\u00f3n, falsedad, obscenidad, pornograf\u00eda, blasfemia, peligro o inexactitud contenida en el mismo.   <\/p>\n<p><\/p>\n<p>15. RESOLUCI\u00d3N DE CONTROVERSIAS MEDIANTE ARBITRAJE VINCULANTE<\/p>\n<p><\/p>\n<p>Por favor, lea esto atentamente. Afecta sus derechos. <\/p>\n<p><\/p>\n<p><strong>(a) Arbitraje y jurisdicci\u00f3n<\/strong><\/p>\n<p><\/p>\n<p>Cualquier disputa relacionada con su visita a este Sitio se someter\u00e1 a arbitraje confidencial en los Emiratos \u00c1rabes Unidos. Sin embargo, si usted ha violado o amenazado con violar nuestros derechos de propiedad intelectual, podremos solicitar medidas cautelares u otras medidas apropiadas en cualquier tribunal estatal o federal, y usted acepta la jurisdicci\u00f3n y competencia de dichos tribunales. El arbitraje, en virtud de estas Condiciones de Uso, se llevar\u00e1 a cabo conforme a las normas vigentes en ese momento en el Centro Internacional de Arbitraje de Dub\u00e1i (DIAC), de conformidad con su Reglamento de Arbitraje DIAC y ante un \u00fanico \u00e1rbitro. <\/p>\n<p><\/p>\n<p>En \u00faltima instancia, el \u00e1rbitro seleccionado deber\u00e1 tener experiencia en el objeto de la controversia. Los gastos del arbitraje que el \u00e1rbitro cobre correr\u00e1n a cargo de la parte vencedora o, de lo contrario, ser\u00e1n distribuidos entre las partes por el \u00e1rbitro a su discreci\u00f3n. Sin embargo, en todos los dem\u00e1s aspectos, cada parte deber\u00e1 pagar y asumir sus propios costos, honorarios legales, costas y gastos. El arbitraje deber\u00e1 completarse dentro de los ciento veinte (120) d\u00edas siguientes a la notificaci\u00f3n o la presentaci\u00f3n de una demanda de arbitraje ante el Centro Internacional de Arbitraje de Dub\u00e1i (lo que ocurra primero).   <\/p>\n<p><\/p>\n<p><strong>(b) Arbitraje final<\/strong><\/p>\n<p><\/p>\n<p>El laudo arbitral ser\u00e1 vinculante y podr\u00e1 dictarse como sentencia en cualquier tribunal competente de los Emiratos \u00c1rabes Unidos. Los testimonios, las pruebas, el laudo y toda la documentaci\u00f3n relativa a cualquier arbitraje se considerar\u00e1n informaci\u00f3n confidencial. Ninguna de las partes podr\u00e1 utilizar, divulgar ni revelar dicha informaci\u00f3n, salvo que la ley lo exija.  <\/p>\n<p><\/p>\n<p><strong>(c) Acci\u00f3n colectiva<\/strong><\/p>\n<p><\/p>\n<p>Renuncia En la medida m\u00e1xima permitida por la ley aplicable, ning\u00fan arbitraje bajo estos T\u00e9rminos de uso se unir\u00e1 a un arbitraje que involucre a cualquier otra parte sujeta a estos T\u00e9rminos de uso, ya sea a trav\u00e9s de procedimientos de arbitraje colectivo o de otro modo. Usted acepta un arbitraje de forma individual. En cualquier disputa, NI USTED NI NOSOTROS TENDREMOS DERECHO A UNIR O CONSOLIDAR RECLAMACIONES DE O CONTRA OTROS USUARIOS EN UN TRIBUNAL O EN UN ARBITRAJE O PARTICIPAR DE OTRA MANERA EN CUALQUIER RECLAMACI\u00d3N COMO REPRESENTANTE COLECTIVO, MIEMBRO DEL GRUPO O EN CAPACIDAD DE ABOGADO GENERAL PRIVADO. El tribunal arbitral no puede consolidar las reclamaciones de m\u00e1s de una (1) persona y no puede presidir ninguna forma de procedimiento representativo o colectivo. El tribunal arbitral no tiene poder para considerar la aplicabilidad de esta renuncia de arbitraje colectivo y cualquier impugnaci\u00f3n de la renuncia de arbitraje colectivo solo puede plantearse en un tribunal de jurisdicci\u00f3n competente. Al utilizar este sitio, usted afirma su conformidad y acuerdo con la exenci\u00f3n antes mencionada.     <\/p>\n<p><\/p>\n<p>16. Tasas de presentaci\u00f3n<\/p>\n<p><\/p>\n<p>Los precios de compra indicados para los servicios de asistencia para la preparaci\u00f3n de solicitudes NO incluyen las tasas de solicitud, examen m\u00e9dico, presentaci\u00f3n ni datos biom\u00e9tricos. Las tasas gubernamentales no son reembolsables. Consulte la Pol\u00edtica de Reembolsos, disponible en  &nbsp;<span style=\"text-align: var(--text-align);\"><span style=\"color: #4c5eff;\"><u><a href=\"https:\/\/usimmigrationassistance.org\/es\/politica-de-reembolso\/\">https:\/\/usimmigrationassistance.org\/refund_policy\/<\/a><\/u><\/span><\/span><\/p>\n<p><\/p>\n<p>17. Rese\u00f1as<\/p>\n<p><\/p>\n<p>Tras su compra, podr\u00eda recibir una solicitud de encuesta por correo electr\u00f3nico de TAVEL MUNDO &#8211; FZCO. Tambi\u00e9n puede escribir una rese\u00f1a en el Sitio. Si completa la encuesta o env\u00eda una rese\u00f1a, sus opiniones podr\u00edan publicarse, total o parcialmente, en el Sitio o utilizarse en material de marketing. La rese\u00f1a podr\u00eda incluir informaci\u00f3n de identificaci\u00f3n limitada, como su nombre e inicial del apellido, el producto adquirido, su sexo, ciudad o estado, y rango de edad.   <\/p>\n<p><\/p>\n<p>18. Acceso a la World Wide Web; retrasos en Internet<\/p>\n<p><\/p>\n<p>Para utilizar los servicios de TR\u0410VEL MUNDO &#8211; FZCO, debo obtener acceso a la World Wide Web, ya sea directamente o a trav\u00e9s de dispositivos que accedan a contenido web, y abonar las tarifas de servicio asociadas a dicho acceso. Soy responsable de proporcionar todo el equipo necesario para dicha conexi\u00f3n a la World Wide Web, incluyendo una computadora y acceso a internet. El acceso a ciertos servicios de TR\u0410VEL MUNDO &#8211; FZCO puede verse limitado o retrasado debido a problemas inherentes al uso de internet y las comunicaciones electr\u00f3nicas. Entiendo que TR\u0410VEL MUNDO &#8211; FZCO no se responsabiliza de retrasos, fallos en la entrega ni otros da\u00f1os derivados de dichos problemas.   <\/p>\n<p><\/p>\n<p>19. Fuerza mayor<\/p>\n<p><\/p>\n<p>TR\u0410VEL MUNDO &#8211; FZCO no se considerar\u00e1 en incumplimiento de estos T\u00e9rminos de Servicio ni de ning\u00fan contrato conmigo o con cualquier otro usuario, y no ser\u00e1 responsable ante m\u00ed por ning\u00fan cese, interrupci\u00f3n o retraso en el cumplimiento de sus obligaciones en virtud del presente por causa de terremoto, inundaci\u00f3n, incendio, tormenta, rayo, sequ\u00eda, deslizamiento de tierra, hurac\u00e1n, cicl\u00f3n, tif\u00f3n, tornado, desastre natural, caso fortuito o enemigo p\u00fablico, epidemia, pandemia, hambruna o plaga, acci\u00f3n de un tribunal o autoridad p\u00fablica, cambio en la ley, explosi\u00f3n, guerra, terrorismo, conflicto armado, huelga laboral, cierre patronal, boicot o evento similar fuera de nuestro control razonable, ya sea previsto o imprevisto (cada uno un \u00abEvento de Fuerza Mayor\u00bb). Si un Evento de Fuerza Mayor contin\u00faa durante m\u00e1s de 60 d\u00edas en total, TR\u0410VEL MUNDO &#8211; FZCO podr\u00e1 rescindir inmediatamente estos T\u00e9rminos de Servicio y no tendr\u00e1 ninguna responsabilidad ante m\u00ed por o como resultado de dicha rescisi\u00f3n. <\/p>\n<p><\/p>\n<p>20. Derecho a rechazar<\/p>\n<p><\/p>\n<p>Reconozco que TR\u0410VEL MUNDO &#8211; FZCO se reserva el derecho de rechazar el servicio a cualquier persona.<\/p>\n<p><\/p>\n<p>21. Confirmaci\u00f3n de pago<\/p>\n<p><\/p>\n<p>Una vez realizado el pago, la notificaci\u00f3n de confirmaci\u00f3n se enviar\u00e1 al cliente v\u00eda correo electr\u00f3nico dentro de las 24 horas siguientes a la recepci\u00f3n del pago.<\/p>\n<p><\/p>\n<p>22. Entrega\/Env\u00edo<\/p>\n<p><\/p>\n<p>Asistencia de Inmigraci\u00f3n de EE. UU. ofrece servicios digitales que se env\u00edan electr\u00f3nicamente a la direcci\u00f3n de correo electr\u00f3nico proporcionada por el cliente. La entrega de los servicios puede tardar desde unas horas hasta varios d\u00edas, dependiendo de la naturaleza del servicio solicitado. <\/p>\n<p><\/p>\n<p>23. Entiendo que estos t\u00e9rminos afectan mis derechos y obligaciones legales. Si no acepto todos estos t\u00e9rminos, no utilizar\u00e9 este servicio. Al continuar con mi compra, acepto estos <a href=\"https:\/\/usimmigrationassistance.org\/es\/condiciones-de-servicio\/\" target=\"_blank\" rel=\"noreferrer noopener\">T\u00e9rminos de Servicio<\/a> .  <\/p>\n<p><\/p>\t\t\t\t\t\t\t\t<\/div>\n\t\t\t\t<\/div>\n\t\t\t\t<\/div>\n\t\t\t\t\t<\/div>\n\t\t\t\t<\/div>\n\t\t\t\t<\/div>\n\t\t","protected":false},"excerpt":{"rendered":"<p>Condiciones de servicio 1. Entiendo y acepto que https:\/\/usimmigrationassistance.org\/ de TR\u0410VEL MUNDO &#8211; FZCO (&#8216;TR\u0410VEL MUNDO &#8211; FZCO&#8217;) no es un bufete de abogados ni una agencia de abogados, no puede prestar los servicios de un abogado y sus formularios o plantillas no sustituyen el asesoramiento ni los servicios de un abogado. En realidad, me represento a m\u00ed mismo en este asunto legal. No se crea ninguna relaci\u00f3n ni privilegio abogado-cliente con el uso de TR\u0410VEL MUNDO &#8211; FZCO o su sitio web, ubicado en https:\/\/usimmigrationassistance.org\/ (nuestro \u00bb sitio \u00ab). Su visita o uso de este sitio web indica que acepta y comprende claramente los Descargos de responsabilidad , los T\u00e9rminos de uso , la Privacidad y las pol\u00edticas de reembolso que se indican en este sitio. 2. Si, antes de mi compra, creo que TR\u0410VEL MUNDO &#8211; FZCO me ha proporcionado alg\u00fan asesoramiento legal, opini\u00f3n o recomendaci\u00f3n sobre mis derechos legales, recursos, defensas, opciones, selecci\u00f3n de formas o estrategias, no proceder\u00e9 con esta compra, y cualquier compra que realice ser\u00e1 nula y sin valor. 3. Entiendo que estos T\u00e9rminos de Servicio contienen un acuerdo de arbitraje vinculante de forma individual para resolver disputas, en lugar de juicios con jurado o demandas colectivas, y tambi\u00e9n limitan los recursos disponibles para m\u00ed en caso de una disputa como se describe en los T\u00e9rminos de Uso de TR\u0410VEL MUNDO &#8211; FZCO, ubicados en https:\/\/usimmigrationassistance.org\/terms_of_use\/ . 4. ENTIENDO QUE LA REVISI\u00d3N DE MIS RESPUESTAS POR PARTE DE TRAVEL MUNDO &#8211; FZCO SE LIMITA A LA INTEGRIDAD, LA ORTOGRAF\u00cdA Y LA COHERENCIA INTERNA DE NOMBRES, DIRECCIONES Y SIMILARES. LEER\u00c1 EL\/LOS DOCUMENTO(S) FINAL(ES) ANTES DE FIRMARLO(S), CUANDO CORRESPONDA, Y ACEPTO SER EL \u00daNICO RESPONSABLE DEL\/LOS DOCUMENTO(S) FINAL(ES) Y SU CONTENIDO. 5. Exactitud de la informaci\u00f3n y consentimiento de terceros Hasta donde s\u00e9, he proporcionado informaci\u00f3n precisa a TR\u0410VEL MUNDO &#8211; FZCO y al Sitio y he obtenido todos los consentimientos de terceros necesarios para mi pedido. 6. Registros y firmas electr\u00f3nicas Doy mi consentimiento a TR\u0410VEL MUNDO &#8211; FZCO y al Sitio para que firmen mi firma electr\u00f3nica cuando sea necesario para presentar mis documentos. Entiendo que puedo revocar mi consentimiento, siempre que mis documentos no se hayan presentado ya, contactando con nuestro Equipo de Soporte Global en support@usimmigrationassistance.org . 7. Clientes que no hablan ingl\u00e9s Entiendo que ciertos materiales del sitio web de TR\u0410VEL MUNDO &#8211; FZCO, incluyendo, entre otros, cuestionarios, documentos, instrucciones y presentaciones, solo est\u00e1n disponibles en ingl\u00e9s. Las traducciones de estos T\u00e9rminos, as\u00ed como de otros t\u00e9rminos, condiciones y pol\u00edticas, a otros idiomas, se proporcionan \u00fanicamente para su comodidad. En caso de ambig\u00fcedad o conflicto entre las traducciones, la versi\u00f3n en ingl\u00e9s prevalecer\u00e1. 8. Limitaci\u00f3n de responsabilidad e indemnizaci\u00f3n EXCEPTO LO PROH\u00cdBA LA LEY, EXIMIR\u00c9 DE RESPONSABILIDAD A TRAVEL MUNDO &#8211; FZCO Y SUS FUNCIONARIOS, DIRECTORES, EMPLEADOS Y AGENTES DE CUALQUIER DA\u00d1O INDIRECTO, PUNITIVO, ESPECIAL, INCIDENTAL O CONSECUENTE, COMO SEA QUE SURJA (INCLUYENDO LOS HONORARIOS DE ABOGADOS Y TODOS LOS COSTOS Y GASTOS RELACIONADOS CON LITIGIOS Y ARBITRAJES, O EN JUICIO O EN APELACI\u00d3N, SI LOS HUBIERE, YA SEA QUE SE INSTITUYA O NO UN LITIGIO O ARBITRAJE), YA SEA EN UNA ACCI\u00d3N CONTRACTUAL, NEGLIGENCIA U OTRA ACCI\u00d3N IL\u00cdCITA, O QUE SURJA DE O EN CONEXI\u00d3N CON ESTE ACUERDO, INCLUYENDO, SIN LIMITACI\u00d3N, CUALQUIER RECLAMACI\u00d3N POR LESIONES PERSONALES O DA\u00d1OS MATERIALES, QUE SURJAN DE ESTE ACUERDO Y CUALQUIER VIOLACI\u00d3N POR MI PARTE DE CUALQUIER LEY, ESTATUTO, REGLAMENTO O REGLAMENTO FEDERAL, ESTATAL O LOCAL, INCLUSO SI SE HA INFORMADO PREVIAMENTE A TRAVEL MUNDO &#8211; FZCO DE LA POSIBILIDAD DE DICHO DA\u00d1O. SALVO QUE LA LEY LO PROH\u00cdBA, SI SE ENCUENTRA RESPONSABILIDAD POR PARTE DE TRAVEL MUNDO &#8211; FZCO, ESTA SE LIMITAR\u00c1 AL IMPORTE PAGADO POR LOS PRODUCTOS Y\/O SERVICIOS Y BAJO NINGUNA CIRCUNSTANCIA HABR\u00c1 DA\u00d1OS CONSECUENTES O PUNITIVOS. ALGUNOS ESTADOS O TERRITORIOS NO PERMITEN LA EXCLUSI\u00d3N O LIMITACI\u00d3N DE DA\u00d1OS PUNITIVOS, INCIDENTALES O CONSECUENTES, POR LO QUE LA LIMITACI\u00d3N O EXCLUSI\u00d3N ANTERIOR PUEDE NO APLICARSE EN MI CASO. ESTE P\u00c1RRAFO NO SE APLICA A LOS CONSUMIDORES DE CAROLINA DEL NORTE. 9. Condiciones de uso Entiendo que los t\u00e9rminos generales de uso del Sitio (los \u00bb T\u00e9rminos de uso \u00ab) tambi\u00e9n se aplican a estos T\u00e9rminos de servicio y, al aceptar estos T\u00e9rminos de servicio, reconozco que he le\u00eddo y acepto dichos T\u00e9rminos de uso, que se incorporan aqu\u00ed por referencia. 10. T\u00e9rminos adicionales Entiendo que mi compra puede estar sujeta a t\u00e9rminos y condiciones adicionales. Si corresponde, confirmo haber le\u00eddo y aceptado los t\u00e9rminos adicionales, que se incorporan al presente documento por referencia. 11. Servicios de terceros Si compr\u00e9 un producto que involucra servicios de terceros, entiendo que es posible que deba aceptar t\u00e9rminos adicionales ubicados en el sitio del tercero. El tercero puede comunicarse conmigo por correo electr\u00f3nico con instrucciones sobre c\u00f3mo acceder a mis beneficios. TR\u0410VEL MUNDO &#8211; FZCO POR LA PRESENTE RENUNCIA A LA RESPONSABILIDAD POR CUALQUIER INFORMACI\u00d3N, MATERIALES, PRODUCTOS O SERVICIOS PUBLICADOS U OFRECIDOS COMO PARTE DE CUALQUIER SERVICIO DE TERCEROS. TR\u0410VEL MUNDO &#8211; FZCO NO ES RESPONSABLE POR NINGUNA FALLA DE LOS PRODUCTOS O SERVICIOS OFRECIDOS O ANUNCIADOS EN ESOS SITIOS. UN TERCERO PUEDE TENER UNA POL\u00cdTICA DE PRIVACIDAD DIFERENTE A LA DE TR\u0410VEL MUNDO &#8211; FZCO Y EL SITIO WEB DEL TERCERO PUEDE PROPORCIONAR MENOS SEGURIDAD QUE EL SITIO DE TR\u0410VEL MUNDO &#8211; FZCO. 12. Productos y servicios futuros Si elijo agregar un producto o servicio a mi pedido posteriormente a esta compra inicial en una compra futura, estos T\u00e9rminos de Servicio se aplicar\u00e1n tambi\u00e9n a esa compra de producto o servicio adicional. 13. Pol\u00edtica de reembolso Entiendo que TR\u0410VEL MUNDO &#8211; FZCO tiene una Pol\u00edtica de Reembolso claramente estipulada, la cual se incorpora a estos T\u00e9rminos de Servicio. Los t\u00e9rminos de la Pol\u00edtica de Reembolso est\u00e1n disponibles en &nbsp;https:\/\/usimmigrationassistance.org\/politica_de_reembolso\/ . 14. Cuentas suspendidas Usted acepta que tenemos el derecho, pero no la obligaci\u00f3n, de monitorear, suspender, terminar, editar, divulgar, negarnos a publicar o eliminar en cualquier momento, por cualquier motivo a nuestra entera discreci\u00f3n, cualquier material, contenido y\/o actividad en cualquier parte de este Sitio.<\/p>\n","protected":false},"author":3,"featured_media":0,"parent":0,"menu_order":0,"comment_status":"closed","ping_status":"closed","template":"","meta":{"footnotes":""},"class_list":["post-24380","page","type-page","status-publish","hentry"],"_links":{"self":[{"href":"https:\/\/usimmigrationassistance.org\/es\/wp-json\/wp\/v2\/pages\/24380","targetHints":{"allow":["GET"]}}],"collection":[{"href":"https:\/\/usimmigrationassistance.org\/es\/wp-json\/wp\/v2\/pages"}],"about":[{"href":"https:\/\/usimmigrationassistance.org\/es\/wp-json\/wp\/v2\/types\/page"}],"author":[{"embeddable":true,"href":"https:\/\/usimmigrationassistance.org\/es\/wp-json\/wp\/v2\/users\/3"}],"replies":[{"embeddable":true,"href":"https:\/\/usimmigrationassistance.org\/es\/wp-json\/wp\/v2\/comments?post=24380"}],"version-history":[{"count":26,"href":"https:\/\/usimmigrationassistance.org\/es\/wp-json\/wp\/v2\/pages\/24380\/revisions"}],"predecessor-version":[{"id":30911,"href":"https:\/\/usimmigrationassistance.org\/es\/wp-json\/wp\/v2\/pages\/24380\/revisions\/30911"}],"wp:attachment":[{"href":"https:\/\/usimmigrationassistance.org\/es\/wp-json\/wp\/v2\/media?parent=24380"}],"curies":[{"name":"wp","href":"https:\/\/api.w.org\/{rel}","templated":true}]}}