{"id":26344,"date":"2025-05-05T12:56:51","date_gmt":"2025-05-05T08:56:51","guid":{"rendered":"https:\/\/usimmigrationassistance.org\/tootaja-toole-kandideerimise-staatus"},"modified":"2025-05-21T23:08:56","modified_gmt":"2025-05-21T19:08:56","slug":"tootaja-toole-kandideerimise-staatus","status":"publish","type":"page","link":"https:\/\/usimmigrationassistance.org\/et\/tootaja-toole-kandideerimise-staatus\/","title":{"rendered":"T\u00f6\u00f6taja t\u00f6\u00f6le kandideerimise staatus"},"content":{"rendered":"<div class=\"error\">You must be logged in to view this page.<\/div><meta http-equiv=\"refresh\" content=\"3;url=https:\/\/usimmigrationassistance.org\/et\/\">\n","protected":false},"excerpt":{"rendered":"","protected":false},"author":3,"featured_media":0,"parent":0,"menu_order":0,"comment_status":"closed","ping_status":"closed","template":"","meta":{"footnotes":""},"class_list":["post-26344","page","type-page","status-publish","hentry"],"_links":{"self":[{"href":"https:\/\/usimmigrationassistance.org\/et\/wp-json\/wp\/v2\/pages\/26344","targetHints":{"allow":["GET"]}}],"collection":[{"href":"https:\/\/usimmigrationassistance.org\/et\/wp-json\/wp\/v2\/pages"}],"about":[{"href":"https:\/\/usimmigrationassistance.org\/et\/wp-json\/wp\/v2\/types\/page"}],"author":[{"embeddable":true,"href":"https:\/\/usimmigrationassistance.org\/et\/wp-json\/wp\/v2\/users\/3"}],"replies":[{"embeddable":true,"href":"https:\/\/usimmigrationassistance.org\/et\/wp-json\/wp\/v2\/comments?post=26344"}],"version-history":[{"count":1,"href":"https:\/\/usimmigrationassistance.org\/et\/wp-json\/wp\/v2\/pages\/26344\/revisions"}],"predecessor-version":[{"id":26345,"href":"https:\/\/usimmigrationassistance.org\/et\/wp-json\/wp\/v2\/pages\/26344\/revisions\/26345"}],"wp:attachment":[{"href":"https:\/\/usimmigrationassistance.org\/et\/wp-json\/wp\/v2\/media?parent=26344"}],"curies":[{"name":"wp","href":"https:\/\/api.w.org\/{rel}","templated":true}]}}