{"id":26387,"date":"2025-03-18T07:09:49","date_gmt":"2025-03-18T06:09:49","guid":{"rendered":"https:\/\/usimmigrationassistance.org\/oiguslik-lahtiutlus"},"modified":"2025-05-21T23:11:57","modified_gmt":"2025-05-21T19:11:57","slug":"oiguslik-lahtiutlus","status":"publish","type":"page","link":"https:\/\/usimmigrationassistance.org\/et\/oiguslik-lahtiutlus\/","title":{"rendered":"\u00d5iguslik lahti\u00fctlus"},"content":{"rendered":"\t\t<div data-elementor-type=\"wp-page\" data-elementor-id=\"26387\" class=\"elementor elementor-26387 elementor-881\" data-elementor-post-type=\"page\">\n\t\t\t\t<div class=\"elementor-element elementor-element-38977736 e-flex e-con-boxed wpr-particle-no wpr-jarallax-no wpr-parallax-no wpr-sticky-section-no e-con e-parent\" data-id=\"38977736\" data-element_type=\"container\">\n\t\t\t\t\t<div class=\"e-con-inner\">\n\t\t<div class=\"elementor-element elementor-element-95d71bf e-con-full e-flex wpr-particle-no wpr-jarallax-no wpr-parallax-no wpr-sticky-section-no e-con e-child\" data-id=\"95d71bf\" data-element_type=\"container\">\n\t\t\t\t<div class=\"elementor-element elementor-element-06e6898 elementor-widget elementor-widget-heading\" data-id=\"06e6898\" data-element_type=\"widget\" data-widget_type=\"heading.default\">\n\t\t\t\t<div class=\"elementor-widget-container\">\n\t\t\t\t\t<h2 class=\"elementor-heading-title elementor-size-default\">\u00d5iguslik lahti\u00fctlus<\/h2>\t\t\t\t<\/div>\n\t\t\t\t<\/div>\n\t\t\t\t<\/div>\n\t\t<div class=\"elementor-element elementor-element-30dafa5 e-con-full e-flex wpr-particle-no wpr-jarallax-no wpr-parallax-no wpr-sticky-section-no e-con e-child\" data-id=\"30dafa5\" data-element_type=\"container\" data-settings=\"{&quot;background_background&quot;:&quot;classic&quot;}\">\n\t\t\t\t<div class=\"elementor-element elementor-element-20545007 elementor-widget elementor-widget-text-editor\" data-id=\"20545007\" data-element_type=\"widget\" data-widget_type=\"text-editor.default\">\n\t\t\t\t<div class=\"elementor-widget-container\">\n\t\t\t\t\t\t\t\t\t<p><\/p>\n<p>Ei TR\u0410VEL MUNDO &#8211; FZCO ega <a href=\"https:\/\/usimmigrationassistance.org\/et\" target=\"_blank\" rel=\"noopener\">usimmigrationassistance.org<\/a> ole seotud Ameerika \u00dchendriikide v\u00e4lisministeeriumi (US DOS), Ameerika \u00dchendriikide sisejulgeolekuministeeriumi (US DHS), Ameerika \u00dchendriikide kodakondsus- ja immigratsiooniteenistuse (USCIS) ega \u00fchegi teise Ameerika \u00dchendriikide valitsusasutusega.<br> Me ei ole advokaadib\u00fcroo, me ei paku \u00f5igusn\u00f5ustamist ega asenda advokaati.<br> Oleme era\u00f5iguslik internetip\u00f5hine reisi- ja immigratsioonikonsultatsioonifirma, mis on p\u00fchendunud inimeste abistamisele Ameerika \u00dchendriikidesse reisimisel.  <\/p>\n<p><\/p>\n<p><\/p>\n<p>Ei TR\u0410VEL MUNDO &#8211; FZCO, <a href=\"https:\/\/usimmigrationassistance.org\/et\" target=\"_blank\" rel=\"noopener\">usimmigrationassistance.org<\/a> ega nende t\u00f6\u00f6tajad v\u00e4ida, et neil on eriteadmised immigratsiooniseaduste v\u00f5i -protseduuride kohta. Taotluste ettevalmistamise abiteenuste loetletud ostuhinnad EI SISALDA valitsuse taotlustasusid, tervisekontrolli tasusid, esitamise ega biomeetria tasusid. Valitsuse tasud ei ole tagastatavad. Advokaaditasud ei ole tagastatavad.   <\/p>\n<p><\/p>\n<p><\/p>\n<p>Ameerika \u00dchendriikide viisapoliitika k\u00e4sitleb n\u00f5udeid, millele Ameerika \u00dchendriikidesse siseneda sooviv v\u00e4lisriigi kodanik peab viisa saamiseks vastama. Viisa on luba Ameerika \u00dchendriikidesse reisida, sinna siseneda ja\/v\u00f5i seal viibida. Ameerika \u00dchendriikide k\u00fclastajad peavad viisa hankima \u00fchelt Ameerika \u00dchendriikide diplomaatiliselt esinduselt, v\u00e4lja arvatud juhul, kui nad tulevad viisavabast riigist v\u00f5i viisavabadusprogrammi riigist. Samad reeglid kehtivad Puerto Ricole ja Ameerika \u00dchendriikide Neitsisaartele, samas kui \u00fclej\u00e4\u00e4nud USA territooriumidele, nimelt Guamile, P\u00f5hja-Mariaanidele ja Ameerika Samoale, kehtivad erinevad reeglid.  <\/p>\n<p><\/p>\n<p><\/p>\n<p>Kogu teie v\u00f5i teie nimel m\u00e4\u00e4ratud kolmanda osapoole esitatud teave peab olema t\u00f5ene ja \u00f5ige. USA viisa v\u00f5idakse igal ajal ja mis tahes p\u00f5hjusel kehtetuks tunnistada, n\u00e4iteks uue teabe korral, mis m\u00f5jutab viisa saamise \u00f5igust. Teile v\u00f5idakse m\u00e4\u00e4rata haldus- v\u00f5i kriminaalkaristus, kui te esitate teie v\u00f5i teie nimel esitatud viisataotluses teadlikult ja tahtlikult oluliselt vale, fiktiivse v\u00f5i petturliku avalduse v\u00f5i esituse.  <\/p>\n<p><\/p>\n<p><\/p>\n<p>Enne meie veebisaidilt teenuse ostmist tutvuge palun tagastuspoliitikaga.<\/p>\n<p><\/p>\n<p><\/p>\n<p>See veebisait sisaldab \u00fcldist teavet immigratsioonik\u00fcsimuste ja -arengu kohta. Sellised materjalid on ainult informatiivsel eesm\u00e4rgil ja ei pruugi kajastada k\u00f5ige v\u00e4rskemaid arenguid. Need infomaterjalid ei ole m\u00f5eldud ega tohiks k\u00e4sitleda \u00f5igusn\u00f5uandena mis tahes faktide v\u00f5i asjaolude kohta. Konkreetsete \u00f5igusprobleemide korral peaksite p\u00f6\u00f6rduma juristi poole.   <\/p>\n<p><\/p>\n<p><\/p>\n<p>Kuigi me p\u00fc\u00fcame hoida saidi teavet ajakohase ja \u00f5igena, ei anna TR\u0410VEL MUNDO &#8211; FZCO mingeid otseseid ega kaudseid kinnitusi ega garantiisid veebisaidi v\u00f5i veebisaidil sisalduva teabe, toodete, teenuste v\u00f5i sellega seotud graafika t\u00e4ielikkuse, t\u00e4psuse, usaldusv\u00e4\u00e4rsuse, sobivuse v\u00f5i k\u00e4ttesaadavuse kohta mis tahes eesm\u00e4rgil. Seet\u00f5ttu toimub igasugune sellisele materjalile tuginemine rangelt teie enda vastutusel. <\/p>\n<p><\/p>\n<p><\/p>\n<p>TR\u0410VEL MUNDO &#8211; FZCO ei vastuta veebisaidil esitatud vale, ebat\u00e4pse, sobimatu v\u00f5i mittet\u00e4ieliku teabe eest.<\/p>\n<p><\/p>\n<p><\/p>\n<p>Kuigi veebisaidi sujuva t\u00f6\u00f6 tagamiseks tehakse k\u00f5ik endast olenev, ei vastuta TR\u0410VEL MUNDO &#8211; FZCO interneti olemuse ja kasutatava tehnoloogia t\u00f5ttu veebisaidi ajutise k\u00e4ttesaamatuse eest tehniliste probleemide (v\u00f5i muude) t\u00f5ttu, mis on ettev\u00f5tte kontrolli alt v\u00e4ljas, ega veebisaidi kasutamisest, sellele juurdep\u00e4\u00e4sust v\u00f5i selle kasutamise v\u00f5i sellele juurdep\u00e4\u00e4su v\u00f5imatusest tuleneva kahju v\u00f5i kahjustuste eest.<\/p>\n<p><\/p>\n<p><\/p>\n<p>Teatud lingid sellel veebisaidil viivad veebisaitidele, mis ei ole TR\u0410VEL MUNDO &#8211; FZCO kontrolli all. Nende aktiveerimisel lahkute TR\u0410VEL MUNDO &#8211; FZCO veebisaidilt. TR\u0410VEL MUNDO &#8211; FZCO-l puudub kontroll ja ta ei vastuta materjalide, toodete v\u00f5i teenuste eest, mis on saadaval \u00fchelgi veebisaidil, mis ei ole TR\u0410VEL MUNDO &#8211; FZCO kontrolli all.  <\/p>\n<p><\/p>\n<p><\/p>\n<p>Seadusega keelatud ulatuses ei vastuta TR\u0410VEL MUNDO &#8211; FZCO mingil juhul teie ega \u00fchegi kolmanda isiku ees kahjude v\u00f5i kahjustuste (sealhulgas, kuid mitte ainult, \u00e4ritegevuse kaotuse v\u00f5i kasumi kaotuse) eest, mis tulenevad otseselt v\u00f5i kaudselt teiepoolsest selle saidi v\u00f5i sellel sisalduva materjali kasutamisest v\u00f5i v\u00f5imetusest seda kasutada.<\/p>\n<p><\/p>\n<p><\/p>\n<p>Meie teenuse abil t\u00e4idetud avaldused on t\u00fchjade vormidena tasuta saadaval m\u00f5nedel USA valitsuse veebisaitidel. Oleme era\u00f5iguslik internetip\u00f5hine reisiteenuste pakkuja, mis on p\u00fchendunud inimeste abistamisele Ameerika \u00dchendriikidesse reisimisel. Kui te ei soovi meie teenuseid kasutada, saate avalduse esitada otse veebisaitidel <a href=\"https:\/\/travel.state.gov\/\" target=\"_blank\" rel=\"noreferrer noopener\">travel.state.gov<\/a> v\u00f5i <a href=\"https:\/\/uscis.gov\/\" target=\"_blank\" rel=\"noreferrer noopener\">uscis.gov<\/a> .  <\/p>\n<p><\/p>\n<p><\/p>\n<p>Te ei tohiks seda veebisaiti kasutada oma \u00f5igusk\u00fcsimuste konfidentsiaalse teabe edastamiseks vastuv\u00f5tuagentidele. Selle veebisaidi kasutamine ei tee teist advokaadib\u00fcroo klienti ega isegi potentsiaalset klienti. <\/p>\n<p><\/p>\n<p><\/p>\n<p>Mugavuse huvides v\u00f5ib see veebisait pakkuda linke kolmandate osapoolte veebisaitidele. Sellised lingitud veebisaidid ei ole meie kontrolli all ja me ei vastuta nende veebisaitide sisu t\u00e4psuse eest. <\/p>\n<p><\/p>\n<p><\/p>\n<p>Selle veebisaidi k\u00fclastamine ja\/v\u00f5i kasutamine n\u00e4itab, et n\u00f5ustute ja m\u00f5istate selgelt sellel saidil toodud vastutusest loobumise, <a href=\"https:\/\/usimmigrationassistance.org\/terms_of_use\" target=\"_blank\" rel=\"noreferrer noopener\">kasutustingimuste<\/a> , <a href=\"https:\/\/usimmigrationassistance.org\/privacy_policy\" target=\"_blank\" rel=\"noreferrer noopener\">privaatsus-<\/a> ja <a href=\"https:\/\/usimmigrationassistance.org\/refund_policy\" target=\"_blank\" rel=\"noreferrer noopener\">tagasimaksepoliitikat<\/a> .<\/p>\n<p><\/p>\t\t\t\t\t\t\t\t<\/div>\n\t\t\t\t<\/div>\n\t\t\t\t<\/div>\n\t\t\t\t\t<\/div>\n\t\t\t\t<\/div>\n\t\t\t\t<\/div>\n\t\t","protected":false},"excerpt":{"rendered":"<p>\u00d5iguslik lahti\u00fctlus Ei TR\u0410VEL MUNDO &#8211; FZCO ega usimmigrationassistance.org ole seotud Ameerika \u00dchendriikide v\u00e4lisministeeriumi (US DOS), Ameerika \u00dchendriikide sisejulgeolekuministeeriumi (US DHS), Ameerika \u00dchendriikide kodakondsus- ja immigratsiooniteenistuse (USCIS) ega \u00fchegi teise Ameerika \u00dchendriikide valitsusasutusega. Me ei ole advokaadib\u00fcroo, me ei paku \u00f5igusn\u00f5ustamist ega asenda advokaati. Oleme era\u00f5iguslik internetip\u00f5hine reisi- ja immigratsioonikonsultatsioonifirma, mis on p\u00fchendunud inimeste abistamisele Ameerika \u00dchendriikidesse reisimisel. Ei TR\u0410VEL MUNDO &#8211; FZCO, usimmigrationassistance.org ega nende t\u00f6\u00f6tajad v\u00e4ida, et neil on eriteadmised immigratsiooniseaduste v\u00f5i -protseduuride kohta. Taotluste ettevalmistamise abiteenuste loetletud ostuhinnad EI SISALDA valitsuse taotlustasusid, tervisekontrolli tasusid, esitamise ega biomeetria tasusid. Valitsuse tasud ei ole tagastatavad. Advokaaditasud ei ole tagastatavad. Ameerika \u00dchendriikide viisapoliitika k\u00e4sitleb n\u00f5udeid, millele Ameerika \u00dchendriikidesse siseneda sooviv v\u00e4lisriigi kodanik peab viisa saamiseks vastama. Viisa on luba Ameerika \u00dchendriikidesse reisida, sinna siseneda ja\/v\u00f5i seal viibida. Ameerika \u00dchendriikide k\u00fclastajad peavad viisa hankima \u00fchelt Ameerika \u00dchendriikide diplomaatiliselt esinduselt, v\u00e4lja arvatud juhul, kui nad tulevad viisavabast riigist v\u00f5i viisavabadusprogrammi riigist. Samad reeglid kehtivad Puerto Ricole ja Ameerika \u00dchendriikide Neitsisaartele, samas kui \u00fclej\u00e4\u00e4nud USA territooriumidele, nimelt Guamile, P\u00f5hja-Mariaanidele ja Ameerika Samoale, kehtivad erinevad reeglid. Kogu teie v\u00f5i teie nimel m\u00e4\u00e4ratud kolmanda osapoole esitatud teave peab olema t\u00f5ene ja \u00f5ige. USA viisa v\u00f5idakse igal ajal ja mis tahes p\u00f5hjusel kehtetuks tunnistada, n\u00e4iteks uue teabe korral, mis m\u00f5jutab viisa saamise \u00f5igust. Teile v\u00f5idakse m\u00e4\u00e4rata haldus- v\u00f5i kriminaalkaristus, kui te esitate teie v\u00f5i teie nimel esitatud viisataotluses teadlikult ja tahtlikult oluliselt vale, fiktiivse v\u00f5i petturliku avalduse v\u00f5i esituse. Enne meie veebisaidilt teenuse ostmist tutvuge palun tagastuspoliitikaga. See veebisait sisaldab \u00fcldist teavet immigratsioonik\u00fcsimuste ja -arengu kohta. Sellised materjalid on ainult informatiivsel eesm\u00e4rgil ja ei pruugi kajastada k\u00f5ige v\u00e4rskemaid arenguid. Need infomaterjalid ei ole m\u00f5eldud ega tohiks k\u00e4sitleda \u00f5igusn\u00f5uandena mis tahes faktide v\u00f5i asjaolude kohta. Konkreetsete \u00f5igusprobleemide korral peaksite p\u00f6\u00f6rduma juristi poole. Kuigi me p\u00fc\u00fcame hoida saidi teavet ajakohase ja \u00f5igena, ei anna TR\u0410VEL MUNDO &#8211; FZCO mingeid otseseid ega kaudseid kinnitusi ega garantiisid veebisaidi v\u00f5i veebisaidil sisalduva teabe, toodete, teenuste v\u00f5i sellega seotud graafika t\u00e4ielikkuse, t\u00e4psuse, usaldusv\u00e4\u00e4rsuse, sobivuse v\u00f5i k\u00e4ttesaadavuse kohta mis tahes eesm\u00e4rgil. Seet\u00f5ttu toimub igasugune sellisele materjalile tuginemine rangelt teie enda vastutusel. TR\u0410VEL MUNDO &#8211; FZCO ei vastuta veebisaidil esitatud vale, ebat\u00e4pse, sobimatu v\u00f5i mittet\u00e4ieliku teabe eest. Kuigi veebisaidi sujuva t\u00f6\u00f6 tagamiseks tehakse k\u00f5ik endast olenev, ei vastuta TR\u0410VEL MUNDO &#8211; FZCO interneti olemuse ja kasutatava tehnoloogia t\u00f5ttu veebisaidi ajutise k\u00e4ttesaamatuse eest tehniliste probleemide (v\u00f5i muude) t\u00f5ttu, mis on ettev\u00f5tte kontrolli alt v\u00e4ljas, ega veebisaidi kasutamisest, sellele juurdep\u00e4\u00e4sust v\u00f5i selle kasutamise v\u00f5i sellele juurdep\u00e4\u00e4su v\u00f5imatusest tuleneva kahju v\u00f5i kahjustuste eest. Teatud lingid sellel veebisaidil viivad veebisaitidele, mis ei ole TR\u0410VEL MUNDO &#8211; FZCO kontrolli all. Nende aktiveerimisel lahkute TR\u0410VEL MUNDO &#8211; FZCO veebisaidilt. TR\u0410VEL MUNDO &#8211; FZCO-l puudub kontroll ja ta ei vastuta materjalide, toodete v\u00f5i teenuste eest, mis on saadaval \u00fchelgi veebisaidil, mis ei ole TR\u0410VEL MUNDO &#8211; FZCO kontrolli all. Seadusega keelatud ulatuses ei vastuta TR\u0410VEL MUNDO &#8211; FZCO mingil juhul teie ega \u00fchegi kolmanda isiku ees kahjude v\u00f5i kahjustuste (sealhulgas, kuid mitte ainult, \u00e4ritegevuse kaotuse v\u00f5i kasumi kaotuse) eest, mis tulenevad otseselt v\u00f5i kaudselt teiepoolsest selle saidi v\u00f5i sellel sisalduva materjali kasutamisest v\u00f5i v\u00f5imetusest seda kasutada. Meie teenuse abil t\u00e4idetud avaldused on t\u00fchjade vormidena tasuta saadaval m\u00f5nedel USA valitsuse veebisaitidel. Oleme era\u00f5iguslik internetip\u00f5hine reisiteenuste pakkuja, mis on p\u00fchendunud inimeste abistamisele Ameerika \u00dchendriikidesse reisimisel. Kui te ei soovi meie teenuseid kasutada, saate avalduse esitada otse veebisaitidel travel.state.gov v\u00f5i uscis.gov . Te ei tohiks seda veebisaiti kasutada oma \u00f5igusk\u00fcsimuste konfidentsiaalse teabe edastamiseks vastuv\u00f5tuagentidele. Selle veebisaidi kasutamine ei tee teist advokaadib\u00fcroo klienti ega isegi potentsiaalset klienti. Mugavuse huvides v\u00f5ib see veebisait pakkuda linke kolmandate osapoolte veebisaitidele. Sellised lingitud veebisaidid ei ole meie kontrolli all ja me ei vastuta nende veebisaitide sisu t\u00e4psuse eest. Selle veebisaidi k\u00fclastamine ja\/v\u00f5i kasutamine n\u00e4itab, et n\u00f5ustute ja m\u00f5istate selgelt sellel saidil toodud vastutusest loobumise, kasutustingimuste , privaatsus- ja tagasimaksepoliitikat .<\/p>\n","protected":false},"author":3,"featured_media":0,"parent":0,"menu_order":0,"comment_status":"closed","ping_status":"closed","template":"","meta":{"footnotes":""},"class_list":["post-26387","page","type-page","status-publish","hentry"],"_links":{"self":[{"href":"https:\/\/usimmigrationassistance.org\/et\/wp-json\/wp\/v2\/pages\/26387","targetHints":{"allow":["GET"]}}],"collection":[{"href":"https:\/\/usimmigrationassistance.org\/et\/wp-json\/wp\/v2\/pages"}],"about":[{"href":"https:\/\/usimmigrationassistance.org\/et\/wp-json\/wp\/v2\/types\/page"}],"author":[{"embeddable":true,"href":"https:\/\/usimmigrationassistance.org\/et\/wp-json\/wp\/v2\/users\/3"}],"replies":[{"embeddable":true,"href":"https:\/\/usimmigrationassistance.org\/et\/wp-json\/wp\/v2\/comments?post=26387"}],"version-history":[{"count":7,"href":"https:\/\/usimmigrationassistance.org\/et\/wp-json\/wp\/v2\/pages\/26387\/revisions"}],"predecessor-version":[{"id":26400,"href":"https:\/\/usimmigrationassistance.org\/et\/wp-json\/wp\/v2\/pages\/26387\/revisions\/26400"}],"wp:attachment":[{"href":"https:\/\/usimmigrationassistance.org\/et\/wp-json\/wp\/v2\/media?parent=26387"}],"curies":[{"name":"wp","href":"https:\/\/api.w.org\/{rel}","templated":true}]}}