{"id":26410,"date":"2025-03-20T10:25:10","date_gmt":"2025-03-20T09:25:10","guid":{"rendered":"https:\/\/usimmigrationassistance.org\/tanuleht-1-osa"},"modified":"2025-07-24T08:06:48","modified_gmt":"2025-07-24T07:06:48","slug":"tanuleht-1-osa","status":"publish","type":"page","link":"https:\/\/usimmigrationassistance.org\/et\/tanuleht-1-osa\/","title":{"rendered":"T\u00e4nuleht &#8211; 1. osa"},"content":{"rendered":"\t\t<div data-elementor-type=\"wp-page\" data-elementor-id=\"26410\" class=\"elementor elementor-26410 elementor-1257\" data-elementor-post-type=\"page\">\n\t\t\t\t<div class=\"elementor-element elementor-element-4e62ca3 e-con-full e-flex wpr-particle-no wpr-jarallax-no wpr-parallax-no wpr-sticky-section-no e-con e-parent\" data-id=\"4e62ca3\" data-element_type=\"container\">\n\t\t<div class=\"elementor-element elementor-element-62f9774 e-con-full e-flex wpr-particle-no wpr-jarallax-no wpr-parallax-no wpr-sticky-section-no e-con e-child\" data-id=\"62f9774\" data-element_type=\"container\">\n\t\t\t\t<div class=\"elementor-element elementor-element-36b3503 elementor-widget elementor-widget-heading\" data-id=\"36b3503\" data-element_type=\"widget\" data-widget_type=\"heading.default\">\n\t\t\t\t<div class=\"elementor-widget-container\">\n\t\t\t\t\t<h1 class=\"elementor-heading-title elementor-size-default\">Teie viisataotlus on edukalt esitatud<\/h1>\t\t\t\t<\/div>\n\t\t\t\t<\/div>\n\t\t\t\t<div class=\"elementor-element elementor-element-191115b elementor-view-default elementor-widget elementor-widget-icon\" data-id=\"191115b\" data-element_type=\"widget\" data-widget_type=\"icon.default\">\n\t\t\t\t<div class=\"elementor-widget-container\">\n\t\t\t\t\t\t\t<div class=\"elementor-icon-wrapper\">\n\t\t\t<div class=\"elementor-icon\">\n\t\t\t<i aria-hidden=\"true\" class=\"jki jki-checked1-light\"><\/i>\t\t\t<\/div>\n\t\t<\/div>\n\t\t\t\t\t\t<\/div>\n\t\t\t\t<\/div>\n\t\t\t\t<\/div>\n\t\t\t\t<\/div>\n\t\t<div class=\"elementor-element elementor-element-77ae01b e-flex e-con-boxed wpr-particle-no wpr-jarallax-no wpr-parallax-no wpr-sticky-section-no e-con e-parent\" data-id=\"77ae01b\" data-element_type=\"container\">\n\t\t\t\t\t<div class=\"e-con-inner\">\n\t\t<div class=\"elementor-element elementor-element-e5e5024 e-con-full e-flex wpr-particle-no wpr-jarallax-no wpr-parallax-no wpr-sticky-section-no e-con e-child\" data-id=\"e5e5024\" data-element_type=\"container\" id=\"thank-you-custom-container\">\n\t\t<div class=\"elementor-element elementor-element-b076385 e-con-full e-flex wpr-particle-no wpr-jarallax-no wpr-parallax-no wpr-sticky-section-no e-con e-child\" data-id=\"b076385\" data-element_type=\"container\">\n\t\t\t\t<div class=\"elementor-element elementor-element-4ad27ed elementor-widget elementor-widget-heading\" data-id=\"4ad27ed\" data-element_type=\"widget\" data-widget_type=\"heading.default\">\n\t\t\t\t<div class=\"elementor-widget-container\">\n\t\t\t\t\t<h3 class=\"elementor-heading-title elementor-size-default\">John!, Teie ESTA taotluse number Tellimuse ID #-ga0 on edukalt esitatud.\n<\/h3>\t\t\t\t<\/div>\n\t\t\t\t<\/div>\n\t\t\t\t<div class=\"elementor-element elementor-element-4a9e589 elementor-widget elementor-widget-text-editor\" data-id=\"4a9e589\" data-element_type=\"widget\" data-widget_type=\"text-editor.default\">\n\t\t\t\t<div class=\"elementor-widget-container\">\n\t\t\t\t\t\t\t\t\t<p>Teie taotluse \u00fcksikasjadega e-posti teel saadetud kviitung on saadetud teie esitatud e-posti aadressile. Palun hoidke see alles. Kui meie ostukviitungi e-kiri j\u00f5udis teie <b><u>r\u00e4mpsposti kausta<\/u><\/b> , m\u00e4rkige see kui \u201eMitte r\u00e4mpspost\u201c.  <\/p>\t\t\t\t\t\t\t\t<\/div>\n\t\t\t\t<\/div>\n\t\t\t\t<\/div>\n\t\t<div class=\"elementor-element elementor-element-b0f1bd8 e-con-full e-flex wpr-particle-no wpr-jarallax-no wpr-parallax-no wpr-sticky-section-no e-con e-child\" data-id=\"b0f1bd8\" data-element_type=\"container\" data-settings=\"{&quot;background_background&quot;:&quot;classic&quot;}\">\n\t\t\t\t<div class=\"elementor-element elementor-element-da3e5ad elementor-widget elementor-widget-heading\" data-id=\"da3e5ad\" data-element_type=\"widget\" data-widget_type=\"heading.default\">\n\t\t\t\t<div class=\"elementor-widget-container\">\n\t\t\t\t\t<h3 class=\"elementor-heading-title elementor-size-default\">Kui teil on vaja esitada avaldus teise taotleja nimel, kl\u00f5psake nuppu.<\/h3>\t\t\t\t<\/div>\n\t\t\t\t<\/div>\n\t\t\t\t<div class=\"elementor-element elementor-element-ab78f18 elementor-widget elementor-widget-button\" data-id=\"ab78f18\" data-element_type=\"widget\" data-widget_type=\"button.default\">\n\t\t\t\t<div class=\"elementor-widget-container\">\n\t\t\t\t\t\t\t\t\t<div class=\"elementor-button-wrapper\">\n\t\t\t\t\t<a class=\"elementor-button elementor-button-link elementor-size-sm\" href=\"https:\/\/usimmigrationassistance.org\/et\/kandideeri\/\">\n\t\t\t\t\t\t<span class=\"elementor-button-content-wrapper\">\n\t\t\t\t\t\t\t\t\t<span class=\"elementor-button-text\">Lisa veel \u00fcks rakendus<\/span>\n\t\t\t\t\t<\/span>\n\t\t\t\t\t<\/a>\n\t\t\t\t<\/div>\n\t\t\t\t\t\t\t\t<\/div>\n\t\t\t\t<\/div>\n\t\t\t\t<\/div>\n\t\t<div class=\"elementor-element elementor-element-ad99abe e-con-full e-flex wpr-particle-no wpr-jarallax-no wpr-parallax-no wpr-sticky-section-no e-con e-child\" data-id=\"ad99abe\" data-element_type=\"container\">\n\t\t\t\t<div class=\"elementor-element elementor-element-2b78b2e elementor-widget elementor-widget-heading\" data-id=\"2b78b2e\" data-element_type=\"widget\" data-widget_type=\"heading.default\">\n\t\t\t\t<div class=\"elementor-widget-container\">\n\t\t\t\t\t<h3 class=\"elementor-heading-title elementor-size-default\">Teie viisataotluse staatus: <u><b>SAMM 1\/2 L\u00d5PETUD<\/b><\/u><\/h3>\t\t\t\t<\/div>\n\t\t\t\t<\/div>\n\t\t\t\t<div class=\"elementor-element elementor-element-832a0e6 elementor-widget elementor-widget-text-editor\" data-id=\"832a0e6\" data-element_type=\"widget\" data-widget_type=\"text-editor.default\">\n\t\t\t\t<div class=\"elementor-widget-container\">\n\t\t\t\t\t\t\t\t\tTe peate l\u00e4bima taotlusprotsessi <u><b>teise etapi<\/b><\/u> , mis h\u00f5lmab \u00fcksikasjaliku teabe esitamist omas tempos. Samal ajal kui te selle osaga t\u00f6\u00f6tate, teavitame USA v\u00e4lisministeeriumi, et teie taotlus on menetlemisel. Kui olete l\u00f5petanud, tuvastab meie sises\u00fcsteem automaatselt l\u00e4bimise, seega ei pea te meid sellest teavitama.  \t\t\t\t\t\t\t\t<\/div>\n\t\t\t\t<\/div>\n\t\t\t\t<div class=\"elementor-element elementor-element-73e1626 elementor-widget elementor-widget-text-editor\" data-id=\"73e1626\" data-element_type=\"widget\" data-widget_type=\"text-editor.default\">\n\t\t\t\t<div class=\"elementor-widget-container\">\n\t\t\t\t\t\t\t\t\tPane t\u00e4hele: Sa pidid olema meilt saanud e-kirja, mis sisaldab k\u00f5iki vajalikke juhiseid kandideerimisprotsessi <u><b>teise etapi<\/b><\/u> alustamiseks. (\u00c4ra unusta kontrollida oma r\u00e4mpsposti kausta, kui sa e-kirja ei saanud.) \t\t\t\t\t\t\t\t<\/div>\n\t\t\t\t<\/div>\n\t\t\t\t<\/div>\n\t\t<div class=\"elementor-element elementor-element-b44da06 e-con-full e-grid wpr-particle-no wpr-jarallax-no wpr-parallax-no wpr-sticky-section-no e-con e-child\" data-id=\"b44da06\" data-element_type=\"container\">\n\t\t\t\t<div class=\"elementor-element elementor-element-5dd55ba elementor-view-default elementor-position-top elementor-mobile-position-top elementor-widget elementor-widget-icon-box\" data-id=\"5dd55ba\" data-element_type=\"widget\" data-widget_type=\"icon-box.default\">\n\t\t\t\t<div class=\"elementor-widget-container\">\n\t\t\t\t\t\t\t<div class=\"elementor-icon-box-wrapper\">\n\n\t\t\t\t\t\t<div class=\"elementor-icon-box-icon\">\n\t\t\t\t<span  class=\"elementor-icon\">\n\t\t\t\t<i aria-hidden=\"true\" class=\"jki jki-edit1-light\"><\/i>\t\t\t\t<\/span>\n\t\t\t<\/div>\n\t\t\t\n\t\t\t\t\t\t<div class=\"elementor-icon-box-content\">\n\n\t\t\t\t\t\t\t\t\t<h3 class=\"elementor-icon-box-title\">\n\t\t\t\t\t\t<span  >\n\t\t\t\t\t\t\t1. 1.\/2. samm on l\u00f5pule viidud\t\t\t\t\t\t<\/span>\n\t\t\t\t\t<\/h3>\n\t\t\t\t\n\t\t\t\t\t\t\t\t\t<p class=\"elementor-icon-box-description\">\n\t\t\t\t\t\tOleme teie esialgse viisataotluse edukalt k\u00e4tte saanud. Te peaksite saama e-kirja k\u00f5igi vajalike juhistega teise sammu juurde liikumiseks. \t\t\t\t\t<\/p>\n\t\t\t\t\n\t\t\t<\/div>\n\t\t\t\n\t\t<\/div>\n\t\t\t\t\t\t<\/div>\n\t\t\t\t<\/div>\n\t\t\t\t<div class=\"elementor-element elementor-element-af63b9d elementor-view-default elementor-position-top elementor-mobile-position-top elementor-widget elementor-widget-icon-box\" data-id=\"af63b9d\" data-element_type=\"widget\" data-widget_type=\"icon-box.default\">\n\t\t\t\t<div class=\"elementor-widget-container\">\n\t\t\t\t\t\t\t<div class=\"elementor-icon-box-wrapper\">\n\n\t\t\t\t\t\t<div class=\"elementor-icon-box-icon\">\n\t\t\t\t<span  class=\"elementor-icon\">\n\t\t\t\t<i aria-hidden=\"true\" class=\"jki jki-refresh-light\"><\/i>\t\t\t\t<\/span>\n\t\t\t<\/div>\n\t\t\t\n\t\t\t\t\t\t<div class=\"elementor-icon-box-content\">\n\n\t\t\t\t\t\t\t\t\t<h3 class=\"elementor-icon-box-title\">\n\t\t\t\t\t\t<span  >\n\t\t\t\t\t\t\t2. 2. samm on pooleli\t\t\t\t\t\t<\/span>\n\t\t\t\t\t<\/h3>\n\t\t\t\t\n\t\t\t\t\t\t\t\t\t<p class=\"elementor-icon-box-description\">\n\t\t\t\t\t\tPeate l\u00e4bima kandideerimisprotsessi teise etapi, mis h\u00f5lmab \u00fcksikasjaliku teabe esitamist omas tempos.\t\t\t\t\t<\/p>\n\t\t\t\t\n\t\t\t<\/div>\n\t\t\t\n\t\t<\/div>\n\t\t\t\t\t\t<\/div>\n\t\t\t\t<\/div>\n\t\t\t\t<div class=\"elementor-element elementor-element-3b5c08b elementor-view-default elementor-position-top elementor-mobile-position-top elementor-widget elementor-widget-icon-box\" data-id=\"3b5c08b\" data-element_type=\"widget\" data-widget_type=\"icon-box.default\">\n\t\t\t\t<div class=\"elementor-widget-container\">\n\t\t\t\t\t\t\t<div class=\"elementor-icon-box-wrapper\">\n\n\t\t\t\t\t\t<div class=\"elementor-icon-box-icon\">\n\t\t\t\t<span  class=\"elementor-icon\">\n\t\t\t\t<i aria-hidden=\"true\" class=\"jki jki-page_search-light\"><\/i>\t\t\t\t<\/span>\n\t\t\t<\/div>\n\t\t\t\n\t\t\t\t\t\t<div class=\"elementor-icon-box-content\">\n\n\t\t\t\t\t\t\t\t\t<h3 class=\"elementor-icon-box-title\">\n\t\t\t\t\t\t<span  >\n\t\t\t\t\t\t\t3. L\u00e4bivaatamisel\t\t\t\t\t\t<\/span>\n\t\t\t\t\t<\/h3>\n\t\t\t\t\n\t\t\t\t\t\t\t\t\t<p class=\"elementor-icon-box-description\">\n\t\t\t\t\t\tTeie m\u00e4\u00e4ratud esindaja vaatab praegu teie taotlust l\u00e4bi, et veenduda esitatud andmete t\u00e4ielikkuses ja t\u00e4psuses, enne kui selle USA v\u00e4lisministeeriumile esitate.\t\t\t\t\t<\/p>\n\t\t\t\t\n\t\t\t<\/div>\n\t\t\t\n\t\t<\/div>\n\t\t\t\t\t\t<\/div>\n\t\t\t\t<\/div>\n\t\t\t\t<div class=\"elementor-element elementor-element-c6063c0 elementor-view-default elementor-position-top elementor-mobile-position-top elementor-widget elementor-widget-icon-box\" data-id=\"c6063c0\" data-element_type=\"widget\" data-widget_type=\"icon-box.default\">\n\t\t\t\t<div class=\"elementor-widget-container\">\n\t\t\t\t\t\t\t<div class=\"elementor-icon-box-wrapper\">\n\n\t\t\t\t\t\t<div class=\"elementor-icon-box-icon\">\n\t\t\t\t<span  class=\"elementor-icon\">\n\t\t\t\t<i aria-hidden=\"true\" class=\"jki jki-chevron-right-circle-light\"><\/i>\t\t\t\t<\/span>\n\t\t\t<\/div>\n\t\t\t\n\t\t\t\t\t\t<div class=\"elementor-icon-box-content\">\n\n\t\t\t\t\t\t\t\t\t<h3 class=\"elementor-icon-box-title\">\n\t\t\t\t\t\t<span  >\n\t\t\t\t\t\t\t4. Heakskiidu ootamine\t\t\t\t\t\t<\/span>\n\t\t\t\t\t<\/h3>\n\t\t\t\t\n\t\t\t\t\t\t\t\t\t<p class=\"elementor-icon-box-description\">\n\t\t\t\t\t\tTeie avaldus on esitatud\n esitatud USA v\u00e4lisministeeriumile ja ootab praegu heakskiitu.\t\t\t\t\t<\/p>\n\t\t\t\t\n\t\t\t<\/div>\n\t\t\t\n\t\t<\/div>\n\t\t\t\t\t\t<\/div>\n\t\t\t\t<\/div>\n\t\t\t\t<div class=\"elementor-element elementor-element-5e15cb9 elementor-view-default elementor-position-top elementor-mobile-position-top elementor-widget elementor-widget-icon-box\" data-id=\"5e15cb9\" data-element_type=\"widget\" data-widget_type=\"icon-box.default\">\n\t\t\t\t<div class=\"elementor-widget-container\">\n\t\t\t\t\t\t\t<div class=\"elementor-icon-box-wrapper\">\n\n\t\t\t\t\t\t<div class=\"elementor-icon-box-icon\">\n\t\t\t\t<span  class=\"elementor-icon\">\n\t\t\t\t<svg aria-hidden=\"true\" class=\"e-font-icon-svg e-far-file-alt\" viewBox=\"0 0 384 512\" xmlns=\"http:\/\/www.w3.org\/2000\/svg\"><path d=\"M288 248v28c0 6.6-5.4 12-12 12H108c-6.6 0-12-5.4-12-12v-28c0-6.6 5.4-12 12-12h168c6.6 0 12 5.4 12 12zm-12 72H108c-6.6 0-12 5.4-12 12v28c0 6.6 5.4 12 12 12h168c6.6 0 12-5.4 12-12v-28c0-6.6-5.4-12-12-12zm108-188.1V464c0 26.5-21.5 48-48 48H48c-26.5 0-48-21.5-48-48V48C0 21.5 21.5 0 48 0h204.1C264.8 0 277 5.1 286 14.1L369.9 98c9 8.9 14.1 21.2 14.1 33.9zm-128-80V128h76.1L256 51.9zM336 464V176H232c-13.3 0-24-10.7-24-24V48H48v416h288z\"><\/path><\/svg>\t\t\t\t<\/span>\n\t\t\t<\/div>\n\t\t\t\n\t\t\t\t\t\t<div class=\"elementor-icon-box-content\">\n\n\t\t\t\t\t\t\t\t\t<h3 class=\"elementor-icon-box-title\">\n\t\t\t\t\t\t<span  >\n\t\t\t\t\t\t\t5. Taotluse tulemus\t\t\t\t\t\t<\/span>\n\t\t\t\t\t<\/h3>\n\t\t\t\t\n\t\t\t\t\t\t\t\t\t<p class=\"elementor-icon-box-description\">\n\t\t\t\t\t\tTeie avaldus on esitatud\n USA v\u00e4lisministeeriumi poolt \u00fcle vaadatud. Kontrollige oma postkasti, teid teavitatakse e-posti teel, kui see on heaks kiidetud v\u00f5i kui on vaja lisateavet. \t\t\t\t\t<\/p>\n\t\t\t\t\n\t\t\t<\/div>\n\t\t\t\n\t\t<\/div>\n\t\t\t\t\t\t<\/div>\n\t\t\t\t<\/div>\n\t\t\t\t<\/div>\n\t\t<div class=\"elementor-element elementor-element-962b3c7 e-con-full e-flex wpr-particle-no wpr-jarallax-no wpr-parallax-no wpr-sticky-section-no e-con e-child\" data-id=\"962b3c7\" data-element_type=\"container\" data-settings=\"{&quot;background_background&quot;:&quot;classic&quot;}\">\n\t\t\t\t<div class=\"elementor-element elementor-element-0bdf324 elementor-widget elementor-widget-heading\" data-id=\"0bdf324\" data-element_type=\"widget\" data-widget_type=\"heading.default\">\n\t\t\t\t<div class=\"elementor-widget-container\">\n\t\t\t\t\t<h3 class=\"elementor-heading-title elementor-size-default\">Kui teil on vaja esitada avaldus teise taotleja nimel, kl\u00f5psake nuppu.<\/h3>\t\t\t\t<\/div>\n\t\t\t\t<\/div>\n\t\t\t\t<div class=\"elementor-element elementor-element-692be83 elementor-widget elementor-widget-button\" data-id=\"692be83\" data-element_type=\"widget\" data-widget_type=\"button.default\">\n\t\t\t\t<div class=\"elementor-widget-container\">\n\t\t\t\t\t\t\t\t\t<div class=\"elementor-button-wrapper\">\n\t\t\t\t\t<a class=\"elementor-button elementor-button-link elementor-size-sm\" href=\"https:\/\/usimmigrationassistance.org\/et\/kandideeri\/\">\n\t\t\t\t\t\t<span class=\"elementor-button-content-wrapper\">\n\t\t\t\t\t\t\t\t\t<span class=\"elementor-button-text\">Lisa veel \u00fcks rakendus<\/span>\n\t\t\t\t\t<\/span>\n\t\t\t\t\t<\/a>\n\t\t\t\t<\/div>\n\t\t\t\t\t\t\t\t<\/div>\n\t\t\t\t<\/div>\n\t\t\t\t<\/div>\n\t\t<div class=\"elementor-element elementor-element-d8e3793 e-con-full e-flex wpr-particle-no wpr-jarallax-no wpr-parallax-no wpr-sticky-section-no e-con e-child\" data-id=\"d8e3793\" data-element_type=\"container\">\n\t\t\t\t<div class=\"elementor-element elementor-element-a7060ef elementor-widget elementor-widget-text-editor\" data-id=\"a7060ef\" data-element_type=\"widget\" data-widget_type=\"text-editor.default\">\n\t\t\t\t<div class=\"elementor-widget-container\">\n\t\t\t\t\t\t\t\t\tTeie kaart on makseks autoriseeritud. Kviitung on saadetud teie e-posti aadressile ja arve t\u00e4ielikud andmed on loetletud allpool. \t\t\t\t\t\t\t\t<\/div>\n\t\t\t\t<\/div>\n\t\t\t\t<div class=\"elementor-element elementor-element-2c8c0d1 elementor-widget elementor-widget-text-editor\" data-id=\"2c8c0d1\" data-element_type=\"widget\" data-widget_type=\"text-editor.default\">\n\t\t\t\t<div class=\"elementor-widget-container\">\n\t\t\t\t\t\t\t\t\tKontrollige oma e-posti aadressilt ostut\u0161ekki. Kui te ei leia ostut\u0161ekki oma postkastist, palun kontrollige r\u00e4mpsposti kausta ja lisage \u201eUSA immigratsiooniabi\u201c valgesse nimekirja. Lisateavet selle kohta, kuidas meie e-posti aadressi valgesse nimekirja lisada, leiate internetist.  \t\t\t\t\t\t\t\t<\/div>\n\t\t\t\t<\/div>\n\t\t\t\t<\/div>\n\t\t<div class=\"elementor-element elementor-element-fafd01c e-con-full e-flex wpr-particle-no wpr-jarallax-no wpr-parallax-no wpr-sticky-section-no e-con e-child\" data-id=\"fafd01c\" data-element_type=\"container\" data-settings=\"{&quot;background_background&quot;:&quot;classic&quot;}\">\n\t\t\t\t<div class=\"elementor-element elementor-element-08767ad elementor-widget elementor-widget-text-editor\" data-id=\"08767ad\" data-element_type=\"widget\" data-widget_type=\"text-editor.default\">\n\t\t\t\t<div class=\"elementor-widget-container\">\n\t\t\t\t\t\t\t\t\tArve\t\t\t\t\t\t\t\t<\/div>\n\t\t\t\t<\/div>\n\t\t\t\t<\/div>\n\t\t<div class=\"elementor-element elementor-element-a2b3de8 e-con-full e-flex wpr-particle-no wpr-jarallax-no wpr-parallax-no wpr-sticky-section-no e-con e-child\" data-id=\"a2b3de8\" data-element_type=\"container\">\n\t\t\t\t<div class=\"elementor-element elementor-element-56372a9 elementor-widget elementor-widget-text-editor\" data-id=\"56372a9\" data-element_type=\"widget\" data-widget_type=\"text-editor.default\">\n\t\t\t\t<div class=\"elementor-widget-container\">\n\t\t\t\t\t\t\t\t\tMakseviis: krediitkaart\t\t\t\t\t\t\t\t<\/div>\n\t\t\t\t<\/div>\n\t\t\t\t<div class=\"elementor-element elementor-element-d8eaf26 elementor-widget elementor-widget-text-editor\" data-id=\"d8eaf26\" data-element_type=\"widget\" data-widget_type=\"text-editor.default\">\n\t\t\t\t<div class=\"elementor-widget-container\">\n\t\t\t\t\t\t\t\t\tSaatmisaadress: Elektrooniline kohaletoimetamine\t\t\t\t\t\t\t\t<\/div>\n\t\t\t\t<\/div>\n\t\t\t\t<\/div>\n\t\t<div class=\"elementor-element elementor-element-1960c80 e-con-full e-flex wpr-particle-no wpr-jarallax-no wpr-parallax-no wpr-sticky-section-no e-con e-child\" data-id=\"1960c80\" data-element_type=\"container\" data-settings=\"{&quot;background_background&quot;:&quot;classic&quot;}\">\n\t\t\t\t<div class=\"elementor-element elementor-element-ba25977 elementor-widget elementor-widget-text-editor\" data-id=\"ba25977\" data-element_type=\"widget\" data-widget_type=\"text-editor.default\">\n\t\t\t\t<div class=\"elementor-widget-container\">\n\t\t\t\t\t\t\t\t\tEse\t\t\t\t\t\t\t\t<\/div>\n\t\t\t\t<\/div>\n\t\t\t\t<\/div>\n\t\t<div class=\"elementor-element elementor-element-ae7951a e-con-full e-flex wpr-particle-no wpr-jarallax-no wpr-parallax-no wpr-sticky-section-no e-con e-child\" data-id=\"ae7951a\" data-element_type=\"container\">\n\t\t\t\t<div class=\"elementor-element elementor-element-12f9fd7 elementor-widget elementor-widget-text-editor\" data-id=\"12f9fd7\" data-element_type=\"widget\" data-widget_type=\"text-editor.default\">\n\t\t\t\t<div class=\"elementor-widget-container\">\n\t\t\t\t\t\t\t\t\tUSA viisataotlus\t\t\t\t\t\t\t\t<\/div>\n\t\t\t\t<\/div>\n\t\t\t\t<\/div>\n\t\t<div class=\"elementor-element elementor-element-e15ab14 e-con-full e-flex wpr-particle-no wpr-jarallax-no wpr-parallax-no wpr-sticky-section-no e-con e-child\" data-id=\"e15ab14\" data-element_type=\"container\">\n\t\t\t\t<div class=\"elementor-element elementor-element-8f7fd7c elementor-widget elementor-widget-text-editor\" data-id=\"8f7fd7c\" data-element_type=\"widget\" data-widget_type=\"text-editor.default\">\n\t\t\t\t<div class=\"elementor-widget-container\">\n\t\t\t\t\t\t\t\t\tPalun arvestage:<br> See makse kuvatakse teie krediitkaardi v\u00e4ljav\u00f5ttel nime all \u201eUSA immigratsiooniabi\u201c v\u00f5i \u201eusimmigrationassistance.org\u201c.\t\t\t\t\t\t\t\t<\/div>\n\t\t\t\t<\/div>\n\t\t\t\t<\/div>\n\t\t<div class=\"elementor-element elementor-element-a13c92a e-con-full e-flex wpr-particle-no wpr-jarallax-no wpr-parallax-no wpr-sticky-section-no e-con e-child\" data-id=\"a13c92a\" data-element_type=\"container\">\n\t\t\t\t<div class=\"elementor-element elementor-element-c7db7c3 elementor-widget elementor-widget-text-editor\" data-id=\"c7db7c3\" data-element_type=\"widget\" data-widget_type=\"text-editor.default\">\n\t\t\t\t<div class=\"elementor-widget-container\">\n\t\t\t\t\t\t\t\t\tOlete makse edukalt esitanud. Kaardiomaniku pangale v\u00f5i PayPalile esitatud tasude tagastamise taotlus toob kaasa <b>taotluse automaatse tagasil\u00fckkamise<\/b> . \t\t\t\t\t\t\t\t<\/div>\n\t\t\t\t<\/div>\n\t\t\t\t<\/div>\n\t\t\t\t<\/div>\n\t\t\t\t\t<\/div>\n\t\t\t\t<\/div>\n\t\t\t\t<\/div>\n\t\t","protected":false},"excerpt":{"rendered":"<p>Teie viisataotlus on edukalt esitatud !, Teie ESTA taotluse number Tellimuse ID #-ga on edukalt esitatud. Teie taotluse \u00fcksikasjadega e-posti teel saadetud kviitung on saadetud teie esitatud e-posti aadressile. Palun hoidke see alles. Kui meie ostukviitungi e-kiri j\u00f5udis teie r\u00e4mpsposti kausta , m\u00e4rkige see kui \u201eMitte r\u00e4mpspost\u201c. Kui teil on vaja esitada avaldus teise taotleja nimel, kl\u00f5psake nuppu. Lisa veel \u00fcks rakendus Teie viisataotluse staatus: SAMM 1\/2 L\u00d5PETUD Te peate l\u00e4bima taotlusprotsessi teise etapi , mis h\u00f5lmab \u00fcksikasjaliku teabe esitamist omas tempos. Samal ajal kui te selle osaga t\u00f6\u00f6tate, teavitame USA v\u00e4lisministeeriumi, et teie taotlus on menetlemisel. Kui olete l\u00f5petanud, tuvastab meie sises\u00fcsteem automaatselt l\u00e4bimise, seega ei pea te meid sellest teavitama. Pane t\u00e4hele: Sa pidid olema meilt saanud e-kirja, mis sisaldab k\u00f5iki vajalikke juhiseid kandideerimisprotsessi teise etapi alustamiseks. (\u00c4ra unusta kontrollida oma r\u00e4mpsposti kausta, kui sa e-kirja ei saanud.) 1. 1.\/2. samm on l\u00f5pule viidud Oleme teie esialgse viisataotluse edukalt k\u00e4tte saanud. Te peaksite saama e-kirja k\u00f5igi vajalike juhistega teise sammu juurde liikumiseks. 2. 2. samm on pooleli Peate l\u00e4bima kandideerimisprotsessi teise etapi, mis h\u00f5lmab \u00fcksikasjaliku teabe esitamist omas tempos. 3. L\u00e4bivaatamisel Teie m\u00e4\u00e4ratud esindaja vaatab praegu teie taotlust l\u00e4bi, et veenduda esitatud andmete t\u00e4ielikkuses ja t\u00e4psuses, enne kui selle USA v\u00e4lisministeeriumile esitate. 4. Heakskiidu ootamine Teie avaldus on esitatud esitatud USA v\u00e4lisministeeriumile ja ootab praegu heakskiitu. 5. Taotluse tulemus Teie avaldus on esitatud USA v\u00e4lisministeeriumi poolt \u00fcle vaadatud. Kontrollige oma postkasti, teid teavitatakse e-posti teel, kui see on heaks kiidetud v\u00f5i kui on vaja lisateavet. Kui teil on vaja esitada avaldus teise taotleja nimel, kl\u00f5psake nuppu. Lisa veel \u00fcks rakendus Teie kaart on makseks autoriseeritud. Kviitung on saadetud teie e-posti aadressile ja arve t\u00e4ielikud andmed on loetletud allpool. Kontrollige oma e-posti aadressilt ostut\u0161ekki. Kui te ei leia ostut\u0161ekki oma postkastist, palun kontrollige r\u00e4mpsposti kausta ja lisage \u201eUSA immigratsiooniabi\u201c valgesse nimekirja. Lisateavet selle kohta, kuidas meie e-posti aadressi valgesse nimekirja lisada, leiate internetist. ArveMakseviis: krediitkaartSaatmisaadress: Elektrooniline kohaletoimetamineEseUSA viisataotlusPalun arvestage: See makse kuvatakse teie krediitkaardi v\u00e4ljav\u00f5ttel nime all \u201eUSA immigratsiooniabi\u201c v\u00f5i \u201eusimmigrationassistance.org\u201c.Olete makse edukalt esitanud. Kaardiomaniku pangale v\u00f5i PayPalile esitatud tasude tagastamise taotlus toob kaasa taotluse automaatse tagasil\u00fckkamise .<\/p>\n","protected":false},"author":3,"featured_media":0,"parent":0,"menu_order":0,"comment_status":"closed","ping_status":"closed","template":"","meta":{"footnotes":""},"class_list":["post-26410","page","type-page","status-publish","hentry"],"_links":{"self":[{"href":"https:\/\/usimmigrationassistance.org\/et\/wp-json\/wp\/v2\/pages\/26410","targetHints":{"allow":["GET"]}}],"collection":[{"href":"https:\/\/usimmigrationassistance.org\/et\/wp-json\/wp\/v2\/pages"}],"about":[{"href":"https:\/\/usimmigrationassistance.org\/et\/wp-json\/wp\/v2\/types\/page"}],"author":[{"embeddable":true,"href":"https:\/\/usimmigrationassistance.org\/et\/wp-json\/wp\/v2\/users\/3"}],"replies":[{"embeddable":true,"href":"https:\/\/usimmigrationassistance.org\/et\/wp-json\/wp\/v2\/comments?post=26410"}],"version-history":[{"count":3,"href":"https:\/\/usimmigrationassistance.org\/et\/wp-json\/wp\/v2\/pages\/26410\/revisions"}],"predecessor-version":[{"id":96159,"href":"https:\/\/usimmigrationassistance.org\/et\/wp-json\/wp\/v2\/pages\/26410\/revisions\/96159"}],"wp:attachment":[{"href":"https:\/\/usimmigrationassistance.org\/et\/wp-json\/wp\/v2\/media?parent=26410"}],"curies":[{"name":"wp","href":"https:\/\/api.w.org\/{rel}","templated":true}]}}