{"id":26475,"date":"2025-03-18T07:13:58","date_gmt":"2025-03-18T06:13:58","guid":{"rendered":"https:\/\/usimmigrationassistance.org\/tagasimaksepoliitika"},"modified":"2025-05-28T14:49:47","modified_gmt":"2025-05-28T10:49:47","slug":"tagasimaksepoliitika","status":"publish","type":"page","link":"https:\/\/usimmigrationassistance.org\/et\/tagasimaksepoliitika\/","title":{"rendered":"Tagasimaksepoliitika"},"content":{"rendered":"\t\t<div data-elementor-type=\"wp-page\" data-elementor-id=\"26475\" class=\"elementor elementor-26475 elementor-19\" data-elementor-post-type=\"page\">\n\t\t\t\t<div class=\"elementor-element elementor-element-e040b88 e-flex e-con-boxed wpr-particle-no wpr-jarallax-no wpr-parallax-no wpr-sticky-section-no e-con e-parent\" data-id=\"e040b88\" data-element_type=\"container\">\n\t\t\t\t\t<div class=\"e-con-inner\">\n\t\t<div class=\"elementor-element elementor-element-8b26962 e-con-full e-flex wpr-particle-no wpr-jarallax-no wpr-parallax-no wpr-sticky-section-no e-con e-child\" data-id=\"8b26962\" data-element_type=\"container\">\n\t\t\t\t<div class=\"elementor-element elementor-element-bbdcd9a elementor-widget elementor-widget-heading\" data-id=\"bbdcd9a\" data-element_type=\"widget\" data-widget_type=\"heading.default\">\n\t\t\t\t<div class=\"elementor-widget-container\">\n\t\t\t\t\t<h2 class=\"elementor-heading-title elementor-size-default\">Tagasimaksepoliitika<\/h2>\t\t\t\t<\/div>\n\t\t\t\t<\/div>\n\t\t\t\t<\/div>\n\t\t<div class=\"elementor-element elementor-element-55b5e2c e-con-full e-flex wpr-particle-no wpr-jarallax-no wpr-parallax-no wpr-sticky-section-no e-con e-child\" data-id=\"55b5e2c\" data-element_type=\"container\" data-settings=\"{&quot;background_background&quot;:&quot;classic&quot;}\">\n\t\t\t\t<div class=\"elementor-element elementor-element-65bcd51 elementor-widget elementor-widget-text-editor\" data-id=\"65bcd51\" data-element_type=\"widget\" data-widget_type=\"text-editor.default\">\n\t\t\t\t<div class=\"elementor-widget-container\">\n\t\t\t\t\t\t\t\t\t<p>Palun lugege see poliitika hoolikalt l\u00e4bi. See on TRAVEL MUNDO &#8211; FZCO ( <strong>meie\/meie\/meid<\/strong> ) hallatava saidi <a href=\"https:\/\/usimmigrationassistance.org\/et\">https:\/\/usimmigrationassistance.org\/<\/a> tagasimaksepoliitika. Meie veebisaidile <a href=\"https:\/\/usimmigrationassistance.org\/et\">https:\/\/usimmigrationassistance.org\/<\/a> ligi p\u00e4\u00e4sedes ja meie teenuseid kasutades n\u00f5ustute selle poliitikaga.  <br><strong>K\u00d5IK M\u00dc\u00dcGID ON L\u00d5PLIKUD JA MITTE TAGASTATAVAD.<\/strong><\/p>\n<p><\/p>\n<p>Oleme p\u00fchendunud kvaliteetsete teenuste pakkumisele, et abistada oma kliente ( <strong>teid<\/strong> ) kogu nende immigratsiooniprotsessi v\u00e4ltel. <strong>P\u00e4rast ostu sooritamist ei tehta aga enam raha tagasi<\/strong> . See poliitika kehtib alates ostu sooritamise hetkest, olenemata sellest, kas teenuseid on t\u00e4ielikult kasutatud v\u00f5i mitte.  <\/p>\n<p><\/p>\n<p><strong>POLIITIKA TINGIMUSED<\/strong><\/p>\n<p><\/p>\n<p>Meie teenuseid ostes veebilehelt <a href=\"https:\/\/usimmigrationassistance.org\/et\">https:\/\/usimmigrationassistance.org\/<\/a> , kinnitate ja n\u00f5ustute, et <strong>k\u00f5ik teenused ei ole tagastatavad<\/strong> ning <strong>k\u00f5ik tagasimaksetaotlused l\u00fckatakse automaatselt tagasi<\/strong> . Sellest reeglist ei ole erandeid, isegi kui teie taotlust ei ole veel asjaomastele asutustele (viisa, ESTA v\u00f5i muu) esitatud. <\/p>\n<p><\/p>\n<p>Kui olete p\u00e4rast ostu dokumendid esitamiseks heaks kiitnud, <strong>loobute p\u00f6\u00f6rdumatult \u00f5igusest raha tagasi saada<\/strong> . Kui teie taotluses on oluline viga, esitame taotluse uuesti ilma teile lisakuludeta, <strong>kuid raha tagasi ei maksta<\/strong> . <\/p>\n<p><\/p>\n<p>Kui teil tekib probleeme, v\u00f5tke meiega viivitamatult \u00fchendust aadressil <a href=\"mailto:support@usimmigrationassistance.org\">support@usimmigrationassistance.org<\/a> , et saaksime olukorra lahendada v\u00f5i konkreetsetel juhtudel oma \u00e4ran\u00e4gemisel teile edaspidiste teenuste eest krediiti pakkuda.<\/p>\n<p><\/p>\n<p><strong>MITTETAGASTATAVAD TASUD<\/strong><\/p>\n<p><\/p>\n<p>USA valitsusasutustele v\u00f5i teistele valitsusasutustele makstud tasud ei ole mingil viisil tagastatavad. USA v\u00e4lisministeeriumile v\u00f5i teistele asutustele makse tegemisel maksate valitsuse teenuse eest ning <strong>k\u00f5ik sellised tasud on l\u00f5plikud ja tagastamatud<\/strong> , olenemata teie taotluse tulemusest. <\/p>\n<p><\/p>\n<p>Lisaks ei ole teie taotluse menetlemisega seotud kolmandatele isikutele (nt kohtumeditsiinieksperdid, t\u00f5lkijad jne) makstud tasud tagastatavad ega ole krediteeritavad.<\/p>\n<p><\/p>\n<p><strong>TAGASIMAKSE TEADE<\/strong><\/p>\n<p><\/p>\n<p><strong>Tagasimakse<\/strong> saamise eesm\u00e4rgil raha tagastamise mis tahes viisil, mis ei vasta k\u00e4esolevas poliitikas s\u00e4testatud tingimustele, loetakse meie tingimuste rikkumiseks ja seda k\u00e4sitletakse \u00e4\u00e4rmise rangusega. Me k\u00e4sitleme iga <strong>tagasimakset<\/strong> <strong>pettusena<\/strong> ja v\u00f5tame viivitamatult \u00f5iguslikke meetmeid. <\/p>\n<p><\/p>\n<p><strong>Tagasimaksepett<\/strong> on <strong>varguse<\/strong> ja <strong>r\u00f6\u00f6vimise<\/strong> vorm. Tagasimaksepettuses s\u00fc\u00fcdi m\u00f5istetud isikutele kohaldatakse nii kriminaal- kui ka tsiviilkaristusi. <strong>Pasha Law PC<\/strong> juhtivadvokaadi Nasir N. Pasha (Esq.) s\u00f5nul saavad v\u00f5imud isikuid s\u00fc\u00fcdistada isegi v\u00e4ikeste summade eest, s\u00fc\u00fcdistustega alates <strong>pisivargusest<\/strong> (alla 50 dollari) kuni <strong>raske varguseni<\/strong> (\u00fcle 500 dollari kuni 1000 dollari).  <\/p>\n<p><\/p>\n<p>Teatame k\u00f5ikidest tagasimaksepettuse katsetest makse t\u00f6\u00f6tlejatele ja asjaomastele valitsusasutustele ning v\u00f5ivad kehtida ranged karistused, sealhulgas sihtriiki sisenemise keelamine.<\/p>\n<p><\/p>\n<p><strong>KINDLUSTUS<\/strong><\/p>\n<p><\/p>\n<p>Kui teil on kahtlusi oma taotluse n\u00f5uetekohase esitamise osas, soovitame teil meiega viivitamatult \u00fchendust v\u00f5tta aadressil <a href=\"mailto:support@usimmigrationassistance.org\" target=\"_blank\" rel=\"noreferrer noopener\">support@usimmigrationassistance.org<\/a> . Siiski palume arvestada, et vastavalt k\u00e4esolevatele eeskirjadele <strong>me p\u00e4rast teenuste ostmist raha tagasi ei maksa<\/strong> . Teatud juhtudel v\u00f5ime oma \u00e4ran\u00e4gemisel anda krediiti tulevaste teenuste eest.  <\/p>\n<p><\/p>\n<p><strong>RAHULOLUGARANTII<\/strong><\/p>\n<p><\/p>\n<p>Kuigi me p\u00fc\u00fcame pakkuda kvaliteetset teenust, piirdub meie <strong>rahulolugarantii<\/strong> probleemidega, mis on otseselt p\u00f5hjustatud <a href=\"https:\/\/usimmigrationassistance.org\/et\">https:\/\/usimmigrationassistance.org\/-ist<\/a> enne teie saabumist Ameerika \u00dchendriikidesse. See garantii ei h\u00f5lma <strong>tagasimakseid<\/strong> , kuid v\u00f5ib v\u00e4ga erijuhtudel pakkuda <strong>krediiti<\/strong> tulevaste teenuste eest, kui see on p\u00f5hjaliku \u00fclevaatuse tulemus. <\/p>\n<p><\/p>\n<p>K\u00f5ik tulevaste teenuste krediiditaotlused tuleb esitada <strong>14 p\u00e4eva jooksul alates ostukuup\u00e4evast<\/strong> . Pange t\u00e4hele, et <strong>tagasimaksetaotlusi ei aktsepteerita<\/strong> ja krediiti antakse ainult erijuhtudel <a href=\"https:\/\/usimmigrationassistance.org\/et\">https:\/\/usimmigrationassistance.org\/<\/a> \u00e4ran\u00e4gemisel. <\/p>\n<p><\/p>\n<p><strong>RAHULOLUGARANTII ERANDID<\/strong><\/p>\n<p><\/p>\n<p>Me ei saa mingil juhul garanteerida USA valitsusasutuste tulemusi ega otsuseid teie taotluse kohta. Valitsusasutuste viivitused v\u00f5i tagasil\u00fckkamised ei ole meie kontrolli all ega <strong>anna teile \u00f5igust raha tagasi saada<\/strong> . <\/p>\n<p><\/p>\n<p>See garantii on kehtetu, kui olete esitanud eksitavat teavet v\u00f5i olete juba oma pangalt <strong>tagasimakset<\/strong> taotlenud.<\/p>\n<p><\/p>\n<p><strong>LAHTI\u00dcTLUS<\/strong><\/p>\n<p><\/p>\n<p>Meie teenuseid kasutades n\u00f5ustute ja m\u00f5istate, et oleme era\u00f5iguslik internetip\u00f5hine reisitehnoloogia teenusepakkuja. Meie eesm\u00e4rk on aidata inimestel reisida Ameerika \u00dchendriikidesse. <a href=\"https:\/\/usimmigrationassistance.org\/et\" target=\"_blank\" rel=\"noreferrer noopener\">https:\/\/usimmigrationassistance.org\/<\/a> ei ole advokaadib\u00fcroo ega asenda kvalifitseeritud spetsialisti \u00f5igusn\u00f5u. <span style=\"background-color: #ffffff;\"><a href=\"https:\/\/usimmigrationassistance.org\/et\">https:\/\/usimmigrationassistance.org\/<\/a><\/span> ei ole seotud Ameerika \u00dchendriikide Kodakondsus- ja Immigratsiooniteenistusega (USCIS) ega \u00fchegi teise valitsusasutusega ega ole nende poolt toetatud. <\/p>\n<p><\/p>\n<p><strong>M\u00c4RKUS<\/strong> : K\u00f5ikide viisade jaoks on kirjalike juhistega t\u00fchjad immigratsioonivormid tasuta saadaval <strong>USCIS-i<\/strong> veebisaidil. Veebisaidi <span style=\"background-color: #ffffff;\"><a href=\"https:\/\/usimmigrationassistance.org\/et\">https:\/\/usimmigrationassistance.org\/<\/a><\/span> ja selle teenuste kasutamine toimub vastavalt meie <a href=\"https:\/\/usimmigrationassistance.org\/et\/privacy_policy\/\" target=\"_blank\" rel=\"noreferrer noopener\">privaatsuspoliitikale<\/a> , <a href=\"https:\/\/usimmigrationassistance.org\/et\/terms_of_service\/\" target=\"_blank\" rel=\"noreferrer noopener\">teenusetingimustele<\/a> ja <a href=\"https:\/\/usimmigrationassistance.org\/et\/terms_of_use\/\" target=\"_blank\" rel=\"noreferrer noopener\">kasutustingimustele<\/a> . <\/p>\n<p><\/p>\n<p><strong>TASUD \u2013 AINULT INFORMATSIIVSEKS EESM\u00c4RGIKS<\/strong><\/p>\n<p><\/p>\n<p><strong>USA viisade kulud<\/strong><\/p>\n<p><\/p>\n<p>K\u00f5ik USA viisataotlejad peavad maksma viisatasu USA valitsuse viisa v\u00e4ljastavale asutusele. Viisataotlustasu suurus ja selle maksmise aeg s\u00f5ltub taotletava viisa t\u00fc\u00fcbist. Enne viisa taotlemist peaksite kindlaks tegema, milline viisa vastab teie reisivajadustele ja milline USA valitsuse viisa v\u00e4ljastav asutus selle viisa eest menetlustasu v\u00f5tab. Selleks v\u00f5tke palun \u00fchendust <a href=\"mailto:support@usimmigrationassistance.org\">aadressil support@usimmigrationassistance.org<\/a> .   <\/p>\n<p><\/p>\n<p><strong>MRV-tasu<\/strong><\/p>\n<p><\/p>\n<p>Viisatasu nimetatakse ka <strong>konsulaartasuks<\/strong> v\u00f5i <strong>taotlustasuks<\/strong> ja ametlikult tuntakse seda kui <strong>masinloetava viisa (MRV) tasu<\/strong> . Konsulaarmenetluse tasu n\u00f5utakse iga viisataotluse esitamisel. Alles p\u00e4rast viisatasu maksmist saate USA konsulaadis v\u00f5i saatkonnas konsulaarintervjuu aja kokku leppida.  <\/p>\n<p><\/p>\n<p>Palun arvestage, et MRV (viisa) tasud <strong>ei ole tagastatavad<\/strong> ega <strong>\u00fclekantavad<\/strong> . Kui viisataotlus t\u00fchistatakse v\u00f5i USA viisa andmisest keeldutakse, siis taotleja <strong>raha tagasi ei saa<\/strong> . Lisaks ei ole viisatasu \u00fclekantav teistele isikutele, n\u00e4iteks pereliikmetele ega t\u00f6\u00f6kaaslastele.  <\/p>\n<p><\/p>\n<p><strong>MRV-tasu summa<\/strong><\/p>\n<p><\/p>\n<p>Viisatasu suurus s\u00f5ltub taotletavast viisakategooriast. See t\u00e4hendab, et erinevatel viisakategooriatel v\u00f5ivad olla erinevad viisatasud. <\/p>\n<p><\/p>\n<p>Kuigi viisatasud on ametlikult noteeritud USA dollarites, makstakse vastavas omav\u00e4\u00e4ringus. Viisatasud s\u00f5ltuvad regulaarsetest vahetuskursi k\u00f5ikumistest, mis t\u00e4hendab, et tasusid sageli v\u00e4hendatakse v\u00f5i suurendatakse. USA konsulaatide kehtiva euro-dollari vahetuskursi (= konsulaarkurss) vaatamiseks k\u00fclastage oma riigi USA saatkonda. Kehtivad USA mitteimmigrandiviisade konsulaartaotluse tasud on j\u00e4rgmised ja need tuleb tasuda otse USA konsulaadile\/saatkonnale:   <\/p>\n<p><\/p>\n<p>B-1\/B-2 viisad (\u00e4rireisijad \/ turistid): 175 dollarit<br> C-1D viisad (meeskonnaliikmed \/ transiit): 175 dollarit<br> F-1 viisad (\u00fcli\u00f5pilased): 175 dollarit<br> J-1 viisad (vahetusprogrammis osalejad): 175 dollarit<br> ESTA (turism\/transiit\/\u00e4ri): 129 dollarit<\/p>\n<p><\/p>\n<p><strong>Makseviisid<\/strong><\/p>\n<p><\/p>\n<p>Viisatasusid saab maksta USA konsulaatides\/saatkondades \u00fcle maailma, kasutades erinevaid v\u00f5imalusi. Saadaval on j\u00e4rgmised maksev\u00f5imalused: <\/p>\n<p><\/p>\n<p>Panga\u00fclekanne internetis<br> Deebetkaart<br> Krediitkaart<br> Kohene panga\u00fclekanne<br> Sularaha sissemakse panka<\/p>\n<p><\/p>\n<p><strong>MRV-tasu kehtivus<\/strong><\/p>\n<p><\/p>\n<p>P\u00e4rast viisatasu tasumist saate maksekviitungi, mis kehtib \u00fche aasta. Seega kehtib viisatasu \u00fche aasta alates makse kuup\u00e4evast. Selle aja jooksul peate kokku leppima intervjuuaja USA konsulaadis v\u00f5i saatkonnas, kuna viisatasu tuleb uuesti tasuda kaheteistk\u00fcmne kuu p\u00e4rast.  <\/p>\n<p><\/p>\n<p><strong>Muud konsulaarmenetluse tasud<\/strong><\/p>\n<p><\/p>\n<p>Lisaks eespool kirjeldatud konsulaartaotluse tasule on konsulaarprotsessis ka muud viisatasud:<\/p>\n<p><\/p>\n<p><strong>1. VASTASTIKUSE TASU<\/strong><\/p>\n<p><\/p>\n<p><strong>Vastastikkuse tasu<\/strong> p\u00f5hineb osariikide vastastikkuse s\u00fcsteemil. Kui v\u00e4lisriigi valitsus n\u00f5uab USA kodanikelt teatud t\u00fc\u00fcpi viisade eest tasu, n\u00f5uab Ameerika \u00dchendriigid <strong>vastastikkuse tasu<\/strong> ka selle riigi kodanikelt sarnaste viisakategooriate eest. <\/p>\n<p><\/p>\n<p>N\u00e4iteks kui USA kodanikud peavad Hiinasse k\u00fclastava viisa eest lisatasu maksma, kehtib see ka Hiina kodanike kohta, kes taotlevad USA-sse B-1\/B-2 k\u00fclastajaviisat.<\/p>\n<p><\/p>\n<p>Kui olete intervjuu kokku leppinud, <strong>\u00e4rge makske vastastikkusmaksu ette<\/strong> ; selle asemel makske see USA saatkonna konsulaarosakonnas intervjuule saabudes. Palun veenduge, et maksate vastastikkusmaksu ette ainult siis, kui uuendate oma olemasolevat viisat ja taotlete viisavabadust. See ei ole MRV-tasu, mida saab kasutada aja broneerimiseks.  <\/p>\n<p><\/p>\n<p>Vastastikkuse p\u00f5him\u00f5te t\u00e4hendab teatud riikide viisataotlejatele ja teatud viisakategooriatele kas lisatasusid v\u00f5i l\u00fchemat kehtivusaega (v\u00f5i m\u00f5lemat). Seega v\u00f5ib USA v\u00e4lisministeerium taotleja kodakondsuse ja taotletava viisa liigi p\u00f5hjal: <\/p>\n<p><\/p>\n<p>n\u00f5uda taotlejalt lisatasu v\u00f5i<br> v\u00e4ljastada viisa l\u00fchema kehtivusajaga kui tavaliselt lubatud.<br> Vastastikkuse tasu suurus s\u00f5ltub taotleja kodakondsusest, viisakategooriast ja taotlusest. Saate eelnevalt teada saada, kas teile kehtib tasu, k\u00fclastades <strong>USA v\u00e4lisministeeriumi veebisaiti<\/strong> . <\/p>\n<p><\/p>\n<p>See tasu tuleb samuti tasuda krediitkaardiga v\u00f5i sularahas isiklikult USA konsulaadis\/saatkonnas.<\/p>\n<p><\/p>\n<p><strong>2. SEVIS-TASU<\/strong><\/p>\n<p><\/p>\n<p><strong>SEVIS-tasu<\/strong> tuleb tasuda F-, J- v\u00f5i M-viisade taotlemisel ning see s\u00f5ltub viisakategooriast. Taotlejad peavad SEVIS-tasu tasuma <strong>enne<\/strong> konsulaarintervjuu aega. Makse tehakse veebis krediitkaardiga.  <\/p>\n<p><\/p>\n<p>Konsulaartaotlusele tuleb lisada maksekviitung, vastasel juhul taotlust ei menetleta.<\/p>\n<p><\/p>\n<p><strong>Praktiline nipp<\/strong> : Eeldame, et k\u00f5ik vale tasuga taotlused tagastatakse t\u00f6\u00f6tlemata kujul.<\/p>\n<p><\/p>\n<p>T\u00e4ieliku nimekirja k\u00f5igist USCIS-i taotlustasudest leiate <strong>USCIS-i veebisaidilt<\/strong> .<\/p>\n<p><\/p>\n<p><strong>Praktiline nipp<\/strong> : p\u00f6\u00f6rake t\u00e4helepanu USCIS-i juhistele vastava t\u0161eki v\u00f5i raha\u00fclekande kohta. Valesti esitatud t\u0161ekkide v\u00f5i raha\u00fclekannete korral taotlust ei aktsepteerita. Need petitsioonid tagastatakse taotlejale t\u00f6\u00f6tlemata kujul.  <\/p>\n<p><\/p>\n<p><strong>Teenustasud &#8211; meie USA viisateenus<\/strong><\/p>\n<p><\/p>\n<p>Lisaks USA ametiv\u00f5imude taotlustasudele, t\u00f5lkekuludele jne lisandub meie reisiteenuste abistamise agentuuri tellimisel konsultatsiooni- ja menetlustasu.<\/p>\n<p><\/p>\n<p>S\u00f5ltuvalt viisakategooriast rakendame fikseeritud teenustasu, v\u00f5ttes arvesse erinevaid t\u00f6\u00f6tlemiskulusid. Mida lihtsam on viisakategooria t\u00f6\u00f6tlemine, seda soodsam on meie USA viisakonsultantide tugi. <\/p>\n<p><\/p>\n<p>Soovi korral pakume teile tunnihinna alusel juhendamist ja t\u00f6\u00f6tlemist. Eriti kiireloomuliste viisajuhtumite korral saame lisatasu eest korraldada ka kiirt\u00f6\u00f6tlemise. <\/p>\n<p><\/p>\t\t\t\t\t\t\t\t<\/div>\n\t\t\t\t<\/div>\n\t\t\t\t<\/div>\n\t\t\t\t\t<\/div>\n\t\t\t\t<\/div>\n\t\t\t\t<\/div>\n\t\t","protected":false},"excerpt":{"rendered":"<p>Tagasimaksepoliitika Palun lugege see poliitika hoolikalt l\u00e4bi. See on TRAVEL MUNDO &#8211; FZCO ( meie\/meie\/meid ) hallatava saidi https:\/\/usimmigrationassistance.org\/ tagasimaksepoliitika. Meie veebisaidile https:\/\/usimmigrationassistance.org\/ ligi p\u00e4\u00e4sedes ja meie teenuseid kasutades n\u00f5ustute selle poliitikaga. K\u00d5IK M\u00dc\u00dcGID ON L\u00d5PLIKUD JA MITTE TAGASTATAVAD. Oleme p\u00fchendunud kvaliteetsete teenuste pakkumisele, et abistada oma kliente ( teid ) kogu nende immigratsiooniprotsessi v\u00e4ltel. P\u00e4rast ostu sooritamist ei tehta aga enam raha tagasi . See poliitika kehtib alates ostu sooritamise hetkest, olenemata sellest, kas teenuseid on t\u00e4ielikult kasutatud v\u00f5i mitte. POLIITIKA TINGIMUSED Meie teenuseid ostes veebilehelt https:\/\/usimmigrationassistance.org\/ , kinnitate ja n\u00f5ustute, et k\u00f5ik teenused ei ole tagastatavad ning k\u00f5ik tagasimaksetaotlused l\u00fckatakse automaatselt tagasi . Sellest reeglist ei ole erandeid, isegi kui teie taotlust ei ole veel asjaomastele asutustele (viisa, ESTA v\u00f5i muu) esitatud. Kui olete p\u00e4rast ostu dokumendid esitamiseks heaks kiitnud, loobute p\u00f6\u00f6rdumatult \u00f5igusest raha tagasi saada . Kui teie taotluses on oluline viga, esitame taotluse uuesti ilma teile lisakuludeta, kuid raha tagasi ei maksta . Kui teil tekib probleeme, v\u00f5tke meiega viivitamatult \u00fchendust aadressil support@usimmigrationassistance.org , et saaksime olukorra lahendada v\u00f5i konkreetsetel juhtudel oma \u00e4ran\u00e4gemisel teile edaspidiste teenuste eest krediiti pakkuda. MITTETAGASTATAVAD TASUD USA valitsusasutustele v\u00f5i teistele valitsusasutustele makstud tasud ei ole mingil viisil tagastatavad. USA v\u00e4lisministeeriumile v\u00f5i teistele asutustele makse tegemisel maksate valitsuse teenuse eest ning k\u00f5ik sellised tasud on l\u00f5plikud ja tagastamatud , olenemata teie taotluse tulemusest. Lisaks ei ole teie taotluse menetlemisega seotud kolmandatele isikutele (nt kohtumeditsiinieksperdid, t\u00f5lkijad jne) makstud tasud tagastatavad ega ole krediteeritavad. TAGASIMAKSE TEADE Tagasimakse saamise eesm\u00e4rgil raha tagastamise mis tahes viisil, mis ei vasta k\u00e4esolevas poliitikas s\u00e4testatud tingimustele, loetakse meie tingimuste rikkumiseks ja seda k\u00e4sitletakse \u00e4\u00e4rmise rangusega. Me k\u00e4sitleme iga tagasimakset pettusena ja v\u00f5tame viivitamatult \u00f5iguslikke meetmeid. Tagasimaksepett on varguse ja r\u00f6\u00f6vimise vorm. Tagasimaksepettuses s\u00fc\u00fcdi m\u00f5istetud isikutele kohaldatakse nii kriminaal- kui ka tsiviilkaristusi. Pasha Law PC juhtivadvokaadi Nasir N. Pasha (Esq.) s\u00f5nul saavad v\u00f5imud isikuid s\u00fc\u00fcdistada isegi v\u00e4ikeste summade eest, s\u00fc\u00fcdistustega alates pisivargusest (alla 50 dollari) kuni raske varguseni (\u00fcle 500 dollari kuni 1000 dollari). Teatame k\u00f5ikidest tagasimaksepettuse katsetest makse t\u00f6\u00f6tlejatele ja asjaomastele valitsusasutustele ning v\u00f5ivad kehtida ranged karistused, sealhulgas sihtriiki sisenemise keelamine. KINDLUSTUS Kui teil on kahtlusi oma taotluse n\u00f5uetekohase esitamise osas, soovitame teil meiega viivitamatult \u00fchendust v\u00f5tta aadressil support@usimmigrationassistance.org . Siiski palume arvestada, et vastavalt k\u00e4esolevatele eeskirjadele me p\u00e4rast teenuste ostmist raha tagasi ei maksa . Teatud juhtudel v\u00f5ime oma \u00e4ran\u00e4gemisel anda krediiti tulevaste teenuste eest. RAHULOLUGARANTII Kuigi me p\u00fc\u00fcame pakkuda kvaliteetset teenust, piirdub meie rahulolugarantii probleemidega, mis on otseselt p\u00f5hjustatud https:\/\/usimmigrationassistance.org\/-ist enne teie saabumist Ameerika \u00dchendriikidesse. See garantii ei h\u00f5lma tagasimakseid , kuid v\u00f5ib v\u00e4ga erijuhtudel pakkuda krediiti tulevaste teenuste eest, kui see on p\u00f5hjaliku \u00fclevaatuse tulemus. K\u00f5ik tulevaste teenuste krediiditaotlused tuleb esitada 14 p\u00e4eva jooksul alates ostukuup\u00e4evast . Pange t\u00e4hele, et tagasimaksetaotlusi ei aktsepteerita ja krediiti antakse ainult erijuhtudel https:\/\/usimmigrationassistance.org\/ \u00e4ran\u00e4gemisel. RAHULOLUGARANTII ERANDID Me ei saa mingil juhul garanteerida USA valitsusasutuste tulemusi ega otsuseid teie taotluse kohta. Valitsusasutuste viivitused v\u00f5i tagasil\u00fckkamised ei ole meie kontrolli all ega anna teile \u00f5igust raha tagasi saada . See garantii on kehtetu, kui olete esitanud eksitavat teavet v\u00f5i olete juba oma pangalt tagasimakset taotlenud. LAHTI\u00dcTLUS Meie teenuseid kasutades n\u00f5ustute ja m\u00f5istate, et oleme era\u00f5iguslik internetip\u00f5hine reisitehnoloogia teenusepakkuja. Meie eesm\u00e4rk on aidata inimestel reisida Ameerika \u00dchendriikidesse. https:\/\/usimmigrationassistance.org\/ ei ole advokaadib\u00fcroo ega asenda kvalifitseeritud spetsialisti \u00f5igusn\u00f5u. https:\/\/usimmigrationassistance.org\/ ei ole seotud Ameerika \u00dchendriikide Kodakondsus- ja Immigratsiooniteenistusega (USCIS) ega \u00fchegi teise valitsusasutusega ega ole nende poolt toetatud. M\u00c4RKUS : K\u00f5ikide viisade jaoks on kirjalike juhistega t\u00fchjad immigratsioonivormid tasuta saadaval USCIS-i veebisaidil. Veebisaidi https:\/\/usimmigrationassistance.org\/ ja selle teenuste kasutamine toimub vastavalt meie privaatsuspoliitikale , teenusetingimustele ja kasutustingimustele . TASUD \u2013 AINULT INFORMATSIIVSEKS EESM\u00c4RGIKS USA viisade kulud K\u00f5ik USA viisataotlejad peavad maksma viisatasu USA valitsuse viisa v\u00e4ljastavale asutusele. Viisataotlustasu suurus ja selle maksmise aeg s\u00f5ltub taotletava viisa t\u00fc\u00fcbist. Enne viisa taotlemist peaksite kindlaks tegema, milline viisa vastab teie reisivajadustele ja milline USA valitsuse viisa v\u00e4ljastav asutus selle viisa eest menetlustasu v\u00f5tab. Selleks v\u00f5tke palun \u00fchendust aadressil support@usimmigrationassistance.org . MRV-tasu Viisatasu nimetatakse ka konsulaartasuks v\u00f5i taotlustasuks ja ametlikult tuntakse seda kui masinloetava viisa (MRV) tasu . Konsulaarmenetluse tasu n\u00f5utakse iga viisataotluse esitamisel. Alles p\u00e4rast viisatasu maksmist saate USA konsulaadis v\u00f5i saatkonnas konsulaarintervjuu aja kokku leppida. Palun arvestage, et MRV (viisa) tasud ei ole tagastatavad ega \u00fclekantavad . Kui viisataotlus t\u00fchistatakse v\u00f5i USA viisa andmisest keeldutakse, siis taotleja raha tagasi ei saa . Lisaks ei ole viisatasu \u00fclekantav teistele isikutele, n\u00e4iteks pereliikmetele ega t\u00f6\u00f6kaaslastele. MRV-tasu summa Viisatasu suurus s\u00f5ltub taotletavast viisakategooriast. See t\u00e4hendab, et erinevatel viisakategooriatel v\u00f5ivad olla erinevad viisatasud. Kuigi viisatasud on ametlikult noteeritud USA dollarites, makstakse vastavas omav\u00e4\u00e4ringus. Viisatasud s\u00f5ltuvad regulaarsetest vahetuskursi k\u00f5ikumistest, mis t\u00e4hendab, et tasusid sageli v\u00e4hendatakse v\u00f5i suurendatakse. USA konsulaatide kehtiva euro-dollari vahetuskursi (= konsulaarkurss) vaatamiseks k\u00fclastage oma riigi USA saatkonda. Kehtivad USA mitteimmigrandiviisade konsulaartaotluse tasud on j\u00e4rgmised ja need tuleb tasuda otse USA konsulaadile\/saatkonnale: B-1\/B-2 viisad (\u00e4rireisijad \/ turistid): 175 dollarit C-1D viisad (meeskonnaliikmed \/ transiit): 175 dollarit F-1 viisad (\u00fcli\u00f5pilased): 175 dollarit J-1 viisad (vahetusprogrammis osalejad): 175 dollarit ESTA (turism\/transiit\/\u00e4ri): 129 dollarit Makseviisid Viisatasusid saab maksta USA konsulaatides\/saatkondades \u00fcle maailma, kasutades erinevaid v\u00f5imalusi. Saadaval on j\u00e4rgmised maksev\u00f5imalused: Panga\u00fclekanne internetis Deebetkaart Krediitkaart Kohene panga\u00fclekanne Sularaha sissemakse panka MRV-tasu kehtivus P\u00e4rast viisatasu tasumist saate maksekviitungi, mis kehtib \u00fche aasta. Seega kehtib viisatasu \u00fche aasta alates makse kuup\u00e4evast. Selle aja jooksul peate kokku leppima intervjuuaja USA konsulaadis v\u00f5i saatkonnas, kuna viisatasu tuleb uuesti tasuda kaheteistk\u00fcmne kuu p\u00e4rast. Muud konsulaarmenetluse tasud Lisaks eespool kirjeldatud konsulaartaotluse tasule on konsulaarprotsessis ka muud viisatasud: 1. VASTASTIKUSE TASU Vastastikkuse tasu p\u00f5hineb osariikide vastastikkuse s\u00fcsteemil. Kui v\u00e4lisriigi valitsus n\u00f5uab USA kodanikelt teatud t\u00fc\u00fcpi viisade eest tasu, n\u00f5uab Ameerika \u00dchendriigid vastastikkuse tasu ka selle riigi kodanikelt sarnaste viisakategooriate eest. N\u00e4iteks kui USA kodanikud peavad Hiinasse k\u00fclastava viisa eest lisatasu maksma, kehtib see ka Hiina kodanike kohta, kes taotlevad USA-sse B-1\/B-2 k\u00fclastajaviisat. Kui olete intervjuu kokku leppinud, \u00e4rge makske vastastikkusmaksu ette ; selle asemel makske see USA saatkonna konsulaarosakonnas intervjuule saabudes. Palun veenduge, et maksate vastastikkusmaksu ette ainult siis, kui uuendate oma olemasolevat viisat ja taotlete viisavabadust. See ei ole MRV-tasu, mida saab kasutada aja broneerimiseks. Vastastikkuse p\u00f5him\u00f5te t\u00e4hendab teatud riikide viisataotlejatele ja teatud viisakategooriatele kas lisatasusid v\u00f5i l\u00fchemat kehtivusaega (v\u00f5i m\u00f5lemat). Seega<\/p>\n","protected":false},"author":3,"featured_media":0,"parent":0,"menu_order":0,"comment_status":"closed","ping_status":"closed","template":"","meta":{"footnotes":""},"class_list":["post-26475","page","type-page","status-publish","hentry"],"_links":{"self":[{"href":"https:\/\/usimmigrationassistance.org\/et\/wp-json\/wp\/v2\/pages\/26475","targetHints":{"allow":["GET"]}}],"collection":[{"href":"https:\/\/usimmigrationassistance.org\/et\/wp-json\/wp\/v2\/pages"}],"about":[{"href":"https:\/\/usimmigrationassistance.org\/et\/wp-json\/wp\/v2\/types\/page"}],"author":[{"embeddable":true,"href":"https:\/\/usimmigrationassistance.org\/et\/wp-json\/wp\/v2\/users\/3"}],"replies":[{"embeddable":true,"href":"https:\/\/usimmigrationassistance.org\/et\/wp-json\/wp\/v2\/comments?post=26475"}],"version-history":[{"count":10,"href":"https:\/\/usimmigrationassistance.org\/et\/wp-json\/wp\/v2\/pages\/26475\/revisions"}],"predecessor-version":[{"id":30724,"href":"https:\/\/usimmigrationassistance.org\/et\/wp-json\/wp\/v2\/pages\/26475\/revisions\/30724"}],"wp:attachment":[{"href":"https:\/\/usimmigrationassistance.org\/et\/wp-json\/wp\/v2\/media?parent=26475"}],"curies":[{"name":"wp","href":"https:\/\/api.w.org\/{rel}","templated":true}]}}