{"id":28156,"date":"2025-05-05T12:56:51","date_gmt":"2025-05-05T08:56:51","guid":{"rendered":"https:\/\/usimmigrationassistance.org\/tyontekijan-tyohakemuksen-tila"},"modified":"2025-05-23T17:42:51","modified_gmt":"2025-05-23T13:42:51","slug":"tyontekijan-tyohakemuksen-tila","status":"publish","type":"page","link":"https:\/\/usimmigrationassistance.org\/fi\/tyontekijan-tyohakemuksen-tila\/","title":{"rendered":"Ty\u00f6ntekij\u00e4n ty\u00f6hakemuksen tila"},"content":{"rendered":"<div class=\"error\">You must be logged in to view this page.<\/div><meta http-equiv=\"refresh\" content=\"3;url=https:\/\/usimmigrationassistance.org\/fi\/\">\n","protected":false},"excerpt":{"rendered":"","protected":false},"author":3,"featured_media":0,"parent":0,"menu_order":0,"comment_status":"closed","ping_status":"closed","template":"","meta":{"footnotes":""},"class_list":["post-28156","page","type-page","status-publish","hentry"],"_links":{"self":[{"href":"https:\/\/usimmigrationassistance.org\/fi\/wp-json\/wp\/v2\/pages\/28156","targetHints":{"allow":["GET"]}}],"collection":[{"href":"https:\/\/usimmigrationassistance.org\/fi\/wp-json\/wp\/v2\/pages"}],"about":[{"href":"https:\/\/usimmigrationassistance.org\/fi\/wp-json\/wp\/v2\/types\/page"}],"author":[{"embeddable":true,"href":"https:\/\/usimmigrationassistance.org\/fi\/wp-json\/wp\/v2\/users\/3"}],"replies":[{"embeddable":true,"href":"https:\/\/usimmigrationassistance.org\/fi\/wp-json\/wp\/v2\/comments?post=28156"}],"version-history":[{"count":1,"href":"https:\/\/usimmigrationassistance.org\/fi\/wp-json\/wp\/v2\/pages\/28156\/revisions"}],"predecessor-version":[{"id":28157,"href":"https:\/\/usimmigrationassistance.org\/fi\/wp-json\/wp\/v2\/pages\/28156\/revisions\/28157"}],"wp:attachment":[{"href":"https:\/\/usimmigrationassistance.org\/fi\/wp-json\/wp\/v2\/media?parent=28156"}],"curies":[{"name":"wp","href":"https:\/\/api.w.org\/{rel}","templated":true}]}}