{"id":28669,"date":"2025-03-18T07:09:49","date_gmt":"2025-03-18T06:09:49","guid":{"rendered":"https:\/\/usimmigrationassistance.org\/oikeudellinen-vastuuvapauslauseke"},"modified":"2025-05-24T19:11:37","modified_gmt":"2025-05-24T15:11:37","slug":"oikeudellinen-vastuuvapauslauseke","status":"publish","type":"page","link":"https:\/\/usimmigrationassistance.org\/fi\/oikeudellinen-vastuuvapauslauseke\/","title":{"rendered":"Oikeudellinen vastuuvapauslauseke"},"content":{"rendered":"\t\t<div data-elementor-type=\"wp-page\" data-elementor-id=\"28669\" class=\"elementor elementor-28669 elementor-881\" data-elementor-post-type=\"page\">\n\t\t\t\t<div class=\"elementor-element elementor-element-38977736 e-flex e-con-boxed wpr-particle-no wpr-jarallax-no wpr-parallax-no wpr-sticky-section-no e-con e-parent\" data-id=\"38977736\" data-element_type=\"container\">\n\t\t\t\t\t<div class=\"e-con-inner\">\n\t\t<div class=\"elementor-element elementor-element-95d71bf e-con-full e-flex wpr-particle-no wpr-jarallax-no wpr-parallax-no wpr-sticky-section-no e-con e-child\" data-id=\"95d71bf\" data-element_type=\"container\">\n\t\t\t\t<div class=\"elementor-element elementor-element-06e6898 elementor-widget elementor-widget-heading\" data-id=\"06e6898\" data-element_type=\"widget\" data-widget_type=\"heading.default\">\n\t\t\t\t<div class=\"elementor-widget-container\">\n\t\t\t\t\t<h2 class=\"elementor-heading-title elementor-size-default\">Oikeudellinen vastuuvapauslauseke<\/h2>\t\t\t\t<\/div>\n\t\t\t\t<\/div>\n\t\t\t\t<\/div>\n\t\t<div class=\"elementor-element elementor-element-30dafa5 e-con-full e-flex wpr-particle-no wpr-jarallax-no wpr-parallax-no wpr-sticky-section-no e-con e-child\" data-id=\"30dafa5\" data-element_type=\"container\" data-settings=\"{&quot;background_background&quot;:&quot;classic&quot;}\">\n\t\t\t\t<div class=\"elementor-element elementor-element-20545007 elementor-widget elementor-widget-text-editor\" data-id=\"20545007\" data-element_type=\"widget\" data-widget_type=\"text-editor.default\">\n\t\t\t\t<div class=\"elementor-widget-container\">\n\t\t\t\t\t\t\t\t\t<p><\/p>\n<p>TR\u0410VEL MUNDO &#8211; FZCO tai <a href=\"https:\/\/usimmigrationassistance.org\/fi\" target=\"_blank\" rel=\"noopener\">usimmigrationassistance.org<\/a> eiv\u00e4t ole sidoksissa Yhdysvaltain ulkoministeri\u00f6\u00f6n (US DOS), Yhdysvaltain kotimaan turvallisuusministeri\u00f6\u00f6n (US DHS), Yhdysvaltain kansalaisuus- ja maahanmuuttovirastoon (USCIS) tai mihink\u00e4\u00e4n muuhun Yhdysvaltain hallituksen virastoon.<br> Emme ole lakiasiaintoimisto, emme tarjoa oikeudellista neuvontaa emmek\u00e4 korvaa asianajajaa.<br> Olemme yksityinen, internet-pohjainen matkailu- ja maahanmuuttokonsultointiyritys, joka on omistautunut auttamaan yksil\u00f6it\u00e4 matkustamaan Yhdysvaltoihin.  <\/p>\n<p><\/p>\n<p><\/p>\n<p>TR\u0410VEL MUNDO &#8211; FZCO, <a href=\"https:\/\/usimmigrationassistance.org\/fi\" target=\"_blank\" rel=\"noopener\">usimmigrationassistance.org<\/a> tai sen ty\u00f6ntekij\u00e4t eiv\u00e4t v\u00e4it\u00e4 omaavansa erityist\u00e4 tiet\u00e4myst\u00e4 maahanmuuttolaista tai -menettelyist\u00e4. Hakemuksen valmistelupalveluiden listatut ostohinnat EIV\u00c4T sis\u00e4ll\u00e4 mit\u00e4\u00e4n hallituksen hakemusmaksuja, l\u00e4\u00e4k\u00e4rintarkastusmaksuja, hakemusmaksuja tai biometriikkamaksuja. Hallituksen maksuja ei palauteta. Asianajajan palkkioita ei palauteta.   <\/p>\n<p><\/p>\n<p><\/p>\n<p>Yhdysvaltojen viisumipolitiikka k\u00e4sittelee vaatimuksia, jotka Yhdysvaltoihin haluavan ulkomaalaisen on t\u00e4ytett\u00e4v\u00e4 saadakseen viisumin. Viisumi on lupa matkustaa, saapua ja\/tai oleskella Yhdysvalloissa. Yhdysvaltoihin tulevien vierailijoiden on hankittava viisumi joltakin Yhdysvaltain diplomaattisesta edustustosta, elleiv\u00e4t he tule viisumivapaista maista tai viisumivapausohjelman maista. Samat s\u00e4\u00e4nn\u00f6t koskevat Puerto Ricoa ja Yhdysvaltain Neitsytsaaria, kun taas muihin Yhdysvaltain territorioihin, eli Guamiin, Pohjois-Mariaaneille ja Amerikan Samoaan, sovelletaan eri s\u00e4\u00e4nt\u00f6j\u00e4.  <\/p>\n<p><\/p>\n<p><\/p>\n<p>Kaikkien sinun tai nimetyn kolmannen osapuolen puolestasi toimittamien tietojen on oltava totuudenmukaisia \u200b\u200bja oikeita. Yhdysvaltain viisumi voidaan peruuttaa milloin tahansa ja mist\u00e4 tahansa syyst\u00e4, kuten uusien kelpoisuuteen vaikuttavien tietojen perusteella. Sinuun voidaan kohdistaa hallinnollisia tai rikosoikeudellisia seuraamuksia, jos tietoisesti ja tahallisesti annat olennaisesti v\u00e4\u00e4r\u00e4n, tekaistun tai vilpillisen lausunnon tai esityksen sinun tai puolestasi toimitetussa viisumihakemuksessa.  <\/p>\n<p><\/p>\n<p><\/p>\n<p>Tutustuthan palautusk\u00e4yt\u00e4nt\u00f6\u00f6mme ennen palvelun ostamista verkkosivustoltamme.<\/p>\n<p><\/p>\n<p><\/p>\n<p>T\u00e4m\u00e4 verkkosivusto sis\u00e4lt\u00e4\u00e4 yleist\u00e4 tietoa maahanmuuttoon liittyvist\u00e4 kysymyksist\u00e4 ja kehityksest\u00e4. T\u00e4llaiset materiaalit ovat vain tiedoksi, eiv\u00e4tk\u00e4 ne v\u00e4ltt\u00e4m\u00e4tt\u00e4 vastaa uusimpia kehityskulkuja. N\u00e4it\u00e4 tiedotusmateriaaleja ei ole tarkoitettu, eik\u00e4 niit\u00e4 tule pit\u00e4\u00e4 oikeudellisena neuvontana mist\u00e4\u00e4n tosiasioista tai olosuhteista. Sinun tulee ottaa yhteytt\u00e4 asianajajaan saadaksesi ohjausta tietyiss\u00e4 oikeudellisissa ongelmissa.   <\/p>\n<p><\/p>\n<p><\/p>\n<p>Vaikka pyrimme pit\u00e4m\u00e4\u00e4n sivuston tiedot ajan tasalla ja oikeina, TR\u0410VEL MUNDO &#8211; FZCO ei anna mink\u00e4\u00e4nlaisia \u200b\u200b\u200b\u200bnimenomaisia \u200b\u200b\u200b\u200btai ep\u00e4suoria takuita tai vakuutuksia verkkosivuston tai sen sis\u00e4lt\u00e4mien tietojen, tuotteiden, palveluiden tai niihin liittyvien grafiikoiden t\u00e4ydellisyydest\u00e4, tarkkuudesta, luotettavuudesta, sopivuudesta tai saatavuudesta mihink\u00e4\u00e4n tarkoitukseen. Luotat siis t\u00e4ysin omalla vastuullasi t\u00e4llaiseen materiaaliin. <\/p>\n<p><\/p>\n<p><\/p>\n<p>TR\u0410VEL MUNDO &#8211; FZCO ei ole vastuussa verkkosivustolla esitetyist\u00e4 v\u00e4\u00e4rist\u00e4, ep\u00e4tarkoista, sopimattomista tai puutteellisista tiedoista.<\/p>\n<p><\/p>\n<p><\/p>\n<p>Vaikka verkkosivuston sujuvan toiminnan varmistamiseksi tehd\u00e4\u00e4nkin kaikkensa, internetin luonteen ja k\u00e4ytetyn teknologian vuoksi TR\u0410VEL MUNDO &#8211; FZCO ei ota vastuuta verkkosivuston tilap\u00e4isest\u00e4 k\u00e4ytt\u00f6kattavuudesta teknisten ongelmien (tai muiden) vuoksi, jotka eiv\u00e4t ole sen hallinnassa, tai mist\u00e4\u00e4n menetyksist\u00e4 tai vahingoista, jotka johtuvat verkkosivuston k\u00e4yt\u00f6st\u00e4, sille p\u00e4\u00e4syst\u00e4 tai sen k\u00e4yt\u00f6n estymisest\u00e4.<\/p>\n<p><\/p>\n<p><\/p>\n<p>Tietyt linkit t\u00e4ll\u00e4 verkkosivustolla johtavat verkkosivustoille, jotka eiv\u00e4t ole TR\u0410VEL MUNDO &#8211; FZCO:n hallinnassa. Kun aktivoit n\u00e4m\u00e4 linkit, poistut TR\u0410VEL MUNDO &#8211; FZCO:n verkkosivustolta. TR\u0410VEL MUNDO &#8211; FZCO:lla ei ole m\u00e4\u00e4r\u00e4ysvaltaa eik\u00e4 se ota vastuuta mill\u00e4\u00e4n TR\u0410VEL MUNDO &#8211; FZCO:n hallinnassa olevilla verkkosivustoilla saatavilla olevista materiaaleista, tuotteista tai palveluista.  <\/p>\n<p><\/p>\n<p><\/p>\n<p>Silt\u00e4 osin kuin laki sit\u00e4 ei kiell\u00e4, TR\u0410VEL MUNDO &#8211; FZCO ei miss\u00e4\u00e4n olosuhteissa ole vastuussa sinulle tai muille kolmansille osapuolille mist\u00e4\u00e4n menetyksest\u00e4 tai vahingosta (mukaan lukien rajoituksetta liiketoiminnan menetyksest\u00e4 tai voitonmenetyksest\u00e4 aiheutuvat vahingot), jotka johtuvat suoraan tai ep\u00e4suorasti t\u00e4m\u00e4n sivuston tai sen sis\u00e4lt\u00e4m\u00e4n materiaalin k\u00e4yt\u00f6st\u00e4 tai kyvytt\u00f6myydest\u00e4 k\u00e4ytt\u00e4\u00e4 sit\u00e4.<\/p>\n<p><\/p>\n<p><\/p>\n<p>Palvelumme kautta t\u00e4ytetyt hakemukset ovat saatavilla tyhjin\u00e4 lomakkeina ilmaiseksi joillakin Yhdysvaltain hallituksen verkkosivuilla. Olemme yksityinen, teknologiapohjainen internet-matkapalveluiden tarjoaja, joka on omistautunut auttamaan yksil\u00f6it\u00e4 matkustamaan Yhdysvaltoihin. Jos et halua k\u00e4ytt\u00e4\u00e4 palveluitamme, voit hakea suoraan osoitteessa <a href=\"https:\/\/travel.state.gov\/\" target=\"_blank\" rel=\"noreferrer noopener\">travel.state.gov<\/a> tai <a href=\"https:\/\/uscis.gov\/\" target=\"_blank\" rel=\"noreferrer noopener\">uscis.gov<\/a> .  <\/p>\n<p><\/p>\n<p><\/p>\n<p>Sinun ei tule k\u00e4ytt\u00e4\u00e4 t\u00e4t\u00e4 verkkosivustoa luottamuksellisten tietojen antamiseen oikeudellisesta asiastasi asianajotoimiston edustajille. T\u00e4m\u00e4n verkkosivuston k\u00e4ytt\u00f6 ei tee sinusta asianajotoimiston asiakasta tai edes asianajotoimiston potentiaalista asiakasta. <\/p>\n<p><\/p>\n<p><\/p>\n<p>Mukavuussyist\u00e4 t\u00e4m\u00e4 verkkosivusto saattaa tarjota linkkej\u00e4 kolmansien osapuolten verkkosivustoille. T\u00e4llaiset linkitetyt verkkosivustot eiv\u00e4t ole hallinnassamme, emmek\u00e4 ota vastuuta niiden sis\u00e4ll\u00f6n oikeellisuudesta. <\/p>\n<p><\/p>\n<p><\/p>\n<p>Vierailusi ja\/tai t\u00e4m\u00e4n verkkosivuston k\u00e4ytt\u00f6 osoittaa, ett\u00e4 hyv\u00e4ksyt ja ymm\u00e4rr\u00e4t selv\u00e4sti t\u00e4ll\u00e4 sivustolla mainitut vastuuvapauslausekkeet, <a href=\"https:\/\/usimmigrationassistance.org\/terms_of_use\" target=\"_blank\" rel=\"noreferrer noopener\">k\u00e4ytt\u00f6ehdot<\/a> , <a href=\"https:\/\/usimmigrationassistance.org\/privacy_policy\" target=\"_blank\" rel=\"noreferrer noopener\">tietosuojak\u00e4yt\u00e4nn\u00f6t<\/a> ja <a href=\"https:\/\/usimmigrationassistance.org\/refund_policy\" target=\"_blank\" rel=\"noreferrer noopener\">hyvitysk\u00e4yt\u00e4nn\u00f6t<\/a> .<\/p>\n<p><\/p>\t\t\t\t\t\t\t\t<\/div>\n\t\t\t\t<\/div>\n\t\t\t\t<\/div>\n\t\t\t\t\t<\/div>\n\t\t\t\t<\/div>\n\t\t\t\t<\/div>\n\t\t","protected":false},"excerpt":{"rendered":"<p>Oikeudellinen vastuuvapauslauseke TR\u0410VEL MUNDO &#8211; FZCO tai usimmigrationassistance.org eiv\u00e4t ole sidoksissa Yhdysvaltain ulkoministeri\u00f6\u00f6n (US DOS), Yhdysvaltain kotimaan turvallisuusministeri\u00f6\u00f6n (US DHS), Yhdysvaltain kansalaisuus- ja maahanmuuttovirastoon (USCIS) tai mihink\u00e4\u00e4n muuhun Yhdysvaltain hallituksen virastoon. Emme ole lakiasiaintoimisto, emme tarjoa oikeudellista neuvontaa emmek\u00e4 korvaa asianajajaa. Olemme yksityinen, internet-pohjainen matkailu- ja maahanmuuttokonsultointiyritys, joka on omistautunut auttamaan yksil\u00f6it\u00e4 matkustamaan Yhdysvaltoihin. TR\u0410VEL MUNDO &#8211; FZCO, usimmigrationassistance.org tai sen ty\u00f6ntekij\u00e4t eiv\u00e4t v\u00e4it\u00e4 omaavansa erityist\u00e4 tiet\u00e4myst\u00e4 maahanmuuttolaista tai -menettelyist\u00e4. Hakemuksen valmistelupalveluiden listatut ostohinnat EIV\u00c4T sis\u00e4ll\u00e4 mit\u00e4\u00e4n hallituksen hakemusmaksuja, l\u00e4\u00e4k\u00e4rintarkastusmaksuja, hakemusmaksuja tai biometriikkamaksuja. Hallituksen maksuja ei palauteta. Asianajajan palkkioita ei palauteta. Yhdysvaltojen viisumipolitiikka k\u00e4sittelee vaatimuksia, jotka Yhdysvaltoihin haluavan ulkomaalaisen on t\u00e4ytett\u00e4v\u00e4 saadakseen viisumin. Viisumi on lupa matkustaa, saapua ja\/tai oleskella Yhdysvalloissa. Yhdysvaltoihin tulevien vierailijoiden on hankittava viisumi joltakin Yhdysvaltain diplomaattisesta edustustosta, elleiv\u00e4t he tule viisumivapaista maista tai viisumivapausohjelman maista. Samat s\u00e4\u00e4nn\u00f6t koskevat Puerto Ricoa ja Yhdysvaltain Neitsytsaaria, kun taas muihin Yhdysvaltain territorioihin, eli Guamiin, Pohjois-Mariaaneille ja Amerikan Samoaan, sovelletaan eri s\u00e4\u00e4nt\u00f6j\u00e4. Kaikkien sinun tai nimetyn kolmannen osapuolen puolestasi toimittamien tietojen on oltava totuudenmukaisia \u200b\u200bja oikeita. Yhdysvaltain viisumi voidaan peruuttaa milloin tahansa ja mist\u00e4 tahansa syyst\u00e4, kuten uusien kelpoisuuteen vaikuttavien tietojen perusteella. Sinuun voidaan kohdistaa hallinnollisia tai rikosoikeudellisia seuraamuksia, jos tietoisesti ja tahallisesti annat olennaisesti v\u00e4\u00e4r\u00e4n, tekaistun tai vilpillisen lausunnon tai esityksen sinun tai puolestasi toimitetussa viisumihakemuksessa. Tutustuthan palautusk\u00e4yt\u00e4nt\u00f6\u00f6mme ennen palvelun ostamista verkkosivustoltamme. T\u00e4m\u00e4 verkkosivusto sis\u00e4lt\u00e4\u00e4 yleist\u00e4 tietoa maahanmuuttoon liittyvist\u00e4 kysymyksist\u00e4 ja kehityksest\u00e4. T\u00e4llaiset materiaalit ovat vain tiedoksi, eiv\u00e4tk\u00e4 ne v\u00e4ltt\u00e4m\u00e4tt\u00e4 vastaa uusimpia kehityskulkuja. N\u00e4it\u00e4 tiedotusmateriaaleja ei ole tarkoitettu, eik\u00e4 niit\u00e4 tule pit\u00e4\u00e4 oikeudellisena neuvontana mist\u00e4\u00e4n tosiasioista tai olosuhteista. Sinun tulee ottaa yhteytt\u00e4 asianajajaan saadaksesi ohjausta tietyiss\u00e4 oikeudellisissa ongelmissa. Vaikka pyrimme pit\u00e4m\u00e4\u00e4n sivuston tiedot ajan tasalla ja oikeina, TR\u0410VEL MUNDO &#8211; FZCO ei anna mink\u00e4\u00e4nlaisia \u200b\u200b\u200b\u200bnimenomaisia \u200b\u200b\u200b\u200btai ep\u00e4suoria takuita tai vakuutuksia verkkosivuston tai sen sis\u00e4lt\u00e4mien tietojen, tuotteiden, palveluiden tai niihin liittyvien grafiikoiden t\u00e4ydellisyydest\u00e4, tarkkuudesta, luotettavuudesta, sopivuudesta tai saatavuudesta mihink\u00e4\u00e4n tarkoitukseen. Luotat siis t\u00e4ysin omalla vastuullasi t\u00e4llaiseen materiaaliin. TR\u0410VEL MUNDO &#8211; FZCO ei ole vastuussa verkkosivustolla esitetyist\u00e4 v\u00e4\u00e4rist\u00e4, ep\u00e4tarkoista, sopimattomista tai puutteellisista tiedoista. Vaikka verkkosivuston sujuvan toiminnan varmistamiseksi tehd\u00e4\u00e4nkin kaikkensa, internetin luonteen ja k\u00e4ytetyn teknologian vuoksi TR\u0410VEL MUNDO &#8211; FZCO ei ota vastuuta verkkosivuston tilap\u00e4isest\u00e4 k\u00e4ytt\u00f6kattavuudesta teknisten ongelmien (tai muiden) vuoksi, jotka eiv\u00e4t ole sen hallinnassa, tai mist\u00e4\u00e4n menetyksist\u00e4 tai vahingoista, jotka johtuvat verkkosivuston k\u00e4yt\u00f6st\u00e4, sille p\u00e4\u00e4syst\u00e4 tai sen k\u00e4yt\u00f6n estymisest\u00e4. Tietyt linkit t\u00e4ll\u00e4 verkkosivustolla johtavat verkkosivustoille, jotka eiv\u00e4t ole TR\u0410VEL MUNDO &#8211; FZCO:n hallinnassa. Kun aktivoit n\u00e4m\u00e4 linkit, poistut TR\u0410VEL MUNDO &#8211; FZCO:n verkkosivustolta. TR\u0410VEL MUNDO &#8211; FZCO:lla ei ole m\u00e4\u00e4r\u00e4ysvaltaa eik\u00e4 se ota vastuuta mill\u00e4\u00e4n TR\u0410VEL MUNDO &#8211; FZCO:n hallinnassa olevilla verkkosivustoilla saatavilla olevista materiaaleista, tuotteista tai palveluista. Silt\u00e4 osin kuin laki sit\u00e4 ei kiell\u00e4, TR\u0410VEL MUNDO &#8211; FZCO ei miss\u00e4\u00e4n olosuhteissa ole vastuussa sinulle tai muille kolmansille osapuolille mist\u00e4\u00e4n menetyksest\u00e4 tai vahingosta (mukaan lukien rajoituksetta liiketoiminnan menetyksest\u00e4 tai voitonmenetyksest\u00e4 aiheutuvat vahingot), jotka johtuvat suoraan tai ep\u00e4suorasti t\u00e4m\u00e4n sivuston tai sen sis\u00e4lt\u00e4m\u00e4n materiaalin k\u00e4yt\u00f6st\u00e4 tai kyvytt\u00f6myydest\u00e4 k\u00e4ytt\u00e4\u00e4 sit\u00e4. Palvelumme kautta t\u00e4ytetyt hakemukset ovat saatavilla tyhjin\u00e4 lomakkeina ilmaiseksi joillakin Yhdysvaltain hallituksen verkkosivuilla. Olemme yksityinen, teknologiapohjainen internet-matkapalveluiden tarjoaja, joka on omistautunut auttamaan yksil\u00f6it\u00e4 matkustamaan Yhdysvaltoihin. Jos et halua k\u00e4ytt\u00e4\u00e4 palveluitamme, voit hakea suoraan osoitteessa travel.state.gov tai uscis.gov . Sinun ei tule k\u00e4ytt\u00e4\u00e4 t\u00e4t\u00e4 verkkosivustoa luottamuksellisten tietojen antamiseen oikeudellisesta asiastasi asianajotoimiston edustajille. T\u00e4m\u00e4n verkkosivuston k\u00e4ytt\u00f6 ei tee sinusta asianajotoimiston asiakasta tai edes asianajotoimiston potentiaalista asiakasta. Mukavuussyist\u00e4 t\u00e4m\u00e4 verkkosivusto saattaa tarjota linkkej\u00e4 kolmansien osapuolten verkkosivustoille. T\u00e4llaiset linkitetyt verkkosivustot eiv\u00e4t ole hallinnassamme, emmek\u00e4 ota vastuuta niiden sis\u00e4ll\u00f6n oikeellisuudesta. Vierailusi ja\/tai t\u00e4m\u00e4n verkkosivuston k\u00e4ytt\u00f6 osoittaa, ett\u00e4 hyv\u00e4ksyt ja ymm\u00e4rr\u00e4t selv\u00e4sti t\u00e4ll\u00e4 sivustolla mainitut vastuuvapauslausekkeet, k\u00e4ytt\u00f6ehdot , tietosuojak\u00e4yt\u00e4nn\u00f6t ja hyvitysk\u00e4yt\u00e4nn\u00f6t .<\/p>\n","protected":false},"author":3,"featured_media":0,"parent":0,"menu_order":0,"comment_status":"closed","ping_status":"closed","template":"","meta":{"footnotes":""},"class_list":["post-28669","page","type-page","status-publish","hentry"],"_links":{"self":[{"href":"https:\/\/usimmigrationassistance.org\/fi\/wp-json\/wp\/v2\/pages\/28669","targetHints":{"allow":["GET"]}}],"collection":[{"href":"https:\/\/usimmigrationassistance.org\/fi\/wp-json\/wp\/v2\/pages"}],"about":[{"href":"https:\/\/usimmigrationassistance.org\/fi\/wp-json\/wp\/v2\/types\/page"}],"author":[{"embeddable":true,"href":"https:\/\/usimmigrationassistance.org\/fi\/wp-json\/wp\/v2\/users\/3"}],"replies":[{"embeddable":true,"href":"https:\/\/usimmigrationassistance.org\/fi\/wp-json\/wp\/v2\/comments?post=28669"}],"version-history":[{"count":3,"href":"https:\/\/usimmigrationassistance.org\/fi\/wp-json\/wp\/v2\/pages\/28669\/revisions"}],"predecessor-version":[{"id":28680,"href":"https:\/\/usimmigrationassistance.org\/fi\/wp-json\/wp\/v2\/pages\/28669\/revisions\/28680"}],"wp:attachment":[{"href":"https:\/\/usimmigrationassistance.org\/fi\/wp-json\/wp\/v2\/media?parent=28669"}],"curies":[{"name":"wp","href":"https:\/\/api.w.org\/{rel}","templated":true}]}}