{"id":25940,"date":"2025-03-19T05:42:35","date_gmt":"2025-03-19T04:42:35","guid":{"rendered":"https:\/\/usimmigrationassistance.org\/etravel_form-principal"},"modified":"2025-06-11T09:59:28","modified_gmt":"2025-06-11T08:59:28","slug":"etravel_form-principal","status":"publish","type":"page","link":"https:\/\/usimmigrationassistance.org\/fr\/etravel_form-principal\/","title":{"rendered":"etravel_form Principal"},"content":{"rendered":"\t\t<div data-elementor-type=\"wp-page\" data-elementor-id=\"25940\" class=\"elementor elementor-25940 elementor-1035\" data-elementor-post-type=\"page\">\n\t\t\t\t<div class=\"elementor-element elementor-element-0f08d78 e-con-full e-flex wpr-particle-no wpr-jarallax-no wpr-parallax-no wpr-sticky-section-no e-con e-parent\" data-id=\"0f08d78\" data-element_type=\"container\">\n\t\t<div class=\"elementor-element elementor-element-7a4607e e-con-full e-flex wpr-particle-no wpr-jarallax-no wpr-parallax-no wpr-sticky-section-no e-con e-child\" data-id=\"7a4607e\" data-element_type=\"container\">\n\t\t\t\t<div class=\"elementor-element elementor-element-7a0b97c elementor-widget elementor-widget-heading\" data-id=\"7a0b97c\" data-element_type=\"widget\" data-widget_type=\"heading.default\">\n\t\t\t\t<div class=\"elementor-widget-container\">\n\t\t\t\t\t<h2 class=\"elementor-heading-title elementor-size-default\">Ce site Web n'est affili\u00e9 \u00e0 aucune agence ou d\u00e9partement du gouvernement des \u00c9tats-Unis.\n<\/h2>\t\t\t\t<\/div>\n\t\t\t\t<\/div>\n\t\t\t\t<\/div>\n\t\t\t\t<\/div>\n\t\t<div class=\"elementor-element elementor-element-b6c5792 e-flex e-con-boxed wpr-particle-no wpr-jarallax-no wpr-parallax-no wpr-sticky-section-no e-con e-parent\" data-id=\"b6c5792\" data-element_type=\"container\" data-settings=\"{&quot;background_background&quot;:&quot;classic&quot;}\">\n\t\t\t\t\t<div class=\"e-con-inner\">\n\t\t<div class=\"elementor-element elementor-element-70bda14 e-con-full e-flex wpr-particle-no wpr-jarallax-no wpr-parallax-no wpr-sticky-section-no e-con e-child\" data-id=\"70bda14\" data-element_type=\"container\">\n\t\t\t\t<div class=\"elementor-element elementor-element-1b020c9 forminator-back-btn-arrow elementor-view-default elementor-widget elementor-widget-icon\" data-id=\"1b020c9\" data-element_type=\"widget\" data-widget_type=\"icon.default\">\n\t\t\t\t<div class=\"elementor-widget-container\">\n\t\t\t\t\t\t\t<div class=\"elementor-icon-wrapper\">\n\t\t\t<div class=\"elementor-icon\">\n\t\t\t<svg aria-hidden=\"true\" class=\"e-font-icon-svg e-fas-chevron-left\" viewBox=\"0 0 320 512\" xmlns=\"http:\/\/www.w3.org\/2000\/svg\"><path d=\"M34.52 239.03L228.87 44.69c9.37-9.37 24.57-9.37 33.94 0l22.67 22.67c9.36 9.36 9.37 24.52.04 33.9L131.49 256l154.02 154.75c9.34 9.38 9.32 24.54-.04 33.9l-22.67 22.67c-9.37 9.37-24.57 9.37-33.94 0L34.52 272.97c-9.37-9.37-9.37-24.57 0-33.94z\"><\/path><\/svg>\t\t\t<\/div>\n\t\t<\/div>\n\t\t\t\t\t\t<\/div>\n\t\t\t\t<\/div>\n\t\t\t\t<\/div>\n\t\t<div class=\"elementor-element elementor-element-166ed3e e-con-full e-flex wpr-particle-no wpr-jarallax-no wpr-parallax-no wpr-sticky-section-no e-con e-child\" data-id=\"166ed3e\" data-element_type=\"container\">\n\t\t\t\t<div class=\"elementor-element elementor-element-47616e5 elementor-widget elementor-widget-heading\" data-id=\"47616e5\" data-element_type=\"widget\" data-widget_type=\"heading.default\">\n\t\t\t\t<div class=\"elementor-widget-container\">\n\t\t\t\t\t<h2 class=\"elementor-heading-title elementor-size-default\">Demande ESTA aux \u00c9tats-Unis<\/h2>\t\t\t\t<\/div>\n\t\t\t\t<\/div>\n\t\t\t\t<\/div>\n\t\t\t\t\t<\/div>\n\t\t\t\t<\/div>\n\t\t<div class=\"elementor-element elementor-element-62bc643 e-flex e-con-boxed wpr-particle-no wpr-jarallax-no wpr-parallax-no wpr-sticky-section-no e-con e-parent\" data-id=\"62bc643\" data-element_type=\"container\">\n\t\t\t\t\t<div class=\"e-con-inner\">\n\t\t<div class=\"elementor-element elementor-element-dffe4ce e-con-full e-flex wpr-particle-no wpr-jarallax-no wpr-parallax-no wpr-sticky-section-no e-con e-child\" data-id=\"dffe4ce\" data-element_type=\"container\">\n\t\t\t\t<div class=\"elementor-element elementor-element-9eec123 elementor-widget__width-inherit elementor-widget elementor-widget-shortcode\" data-id=\"9eec123\" data-element_type=\"widget\" data-widget_type=\"shortcode.default\">\n\t\t\t\t<div class=\"elementor-widget-container\">\n\t\t\t\t\t\t\t<div class=\"elementor-shortcode\"><form id=\"forminator-module-162\" class=\"forminator-custom-form forminator-custom-form-162\" method=\"post\" data-forminator-render=\"0\" data-uid=\"69e774ac935bb\"><div role=\"alert\" aria-live=\"polite\" class=\"forminator-response-message forminator-error\" aria-hidden=\"true\"><\/div><\/form><\/div>\n\t\t\t\t\t\t<\/div>\n\t\t\t\t<\/div>\n\t\t\t\t<div class=\"elementor-element elementor-element-5c6cb5c elementor-widget elementor-widget-text-editor\" data-id=\"5c6cb5c\" data-element_type=\"widget\" id=\"privacy-policy-text-form\" data-widget_type=\"text-editor.default\">\n\t\t\t\t<div class=\"elementor-widget-container\">\n\t\t\t\t\t\t\t\t\t<p>En cliquant sur Continuer, vous acceptez notre <a style=\"color: #808080;\" href=\"https:\/\/usimmigrationassistance.org\/fr\/privacy_policy\/\">politique de confidentialit\u00e9<\/a> et <a style=\"color: #808080;\" href=\"https:\/\/usimmigrationassistance.org\/fr\/terms_of_use\/\">nos conditions d&rsquo;utilisation.<\/a><\/p>\t\t\t\t\t\t\t\t<\/div>\n\t\t\t\t<\/div>\n\t\t\t\t<\/div>\n\t\t\t\t\t<\/div>\n\t\t\t\t<\/div>\n\t\t\t\t<\/div>\n\t\t","protected":false},"excerpt":{"rendered":"<p>Ce site Web n&rsquo;est affili\u00e9 \u00e0 aucune agence ou d\u00e9partement du gouvernement des \u00c9tats-Unis. Demande ESTA aux \u00c9tats-Unis En cliquant sur Continuer, vous acceptez notre politique de confidentialit\u00e9 et nos conditions d&rsquo;utilisation.<\/p>\n","protected":false},"author":3,"featured_media":0,"parent":0,"menu_order":0,"comment_status":"closed","ping_status":"closed","template":"","meta":{"footnotes":""},"class_list":["post-25940","page","type-page","status-publish","hentry"],"_links":{"self":[{"href":"https:\/\/usimmigrationassistance.org\/fr\/wp-json\/wp\/v2\/pages\/25940","targetHints":{"allow":["GET"]}}],"collection":[{"href":"https:\/\/usimmigrationassistance.org\/fr\/wp-json\/wp\/v2\/pages"}],"about":[{"href":"https:\/\/usimmigrationassistance.org\/fr\/wp-json\/wp\/v2\/types\/page"}],"author":[{"embeddable":true,"href":"https:\/\/usimmigrationassistance.org\/fr\/wp-json\/wp\/v2\/users\/3"}],"replies":[{"embeddable":true,"href":"https:\/\/usimmigrationassistance.org\/fr\/wp-json\/wp\/v2\/comments?post=25940"}],"version-history":[{"count":2,"href":"https:\/\/usimmigrationassistance.org\/fr\/wp-json\/wp\/v2\/pages\/25940\/revisions"}],"predecessor-version":[{"id":38598,"href":"https:\/\/usimmigrationassistance.org\/fr\/wp-json\/wp\/v2\/pages\/25940\/revisions\/38598"}],"wp:attachment":[{"href":"https:\/\/usimmigrationassistance.org\/fr\/wp-json\/wp\/v2\/media?parent=25940"}],"curies":[{"name":"wp","href":"https:\/\/api.w.org\/{rel}","templated":true}]}}