{"id":25995,"date":"2025-03-18T07:09:49","date_gmt":"2025-03-18T06:09:49","guid":{"rendered":"https:\/\/usimmigrationassistance.org\/avis-de-non-responsabilite-juridique"},"modified":"2025-05-21T18:06:57","modified_gmt":"2025-05-21T14:06:57","slug":"avis-de-non-responsabilite-juridique","status":"publish","type":"page","link":"https:\/\/usimmigrationassistance.org\/fr\/avis-de-non-responsabilite-juridique\/","title":{"rendered":"Avis de non-responsabilit\u00e9 juridique"},"content":{"rendered":"\t\t<div data-elementor-type=\"wp-page\" data-elementor-id=\"25995\" class=\"elementor elementor-25995 elementor-881\" data-elementor-post-type=\"page\">\n\t\t\t\t<div class=\"elementor-element elementor-element-38977736 e-flex e-con-boxed wpr-particle-no wpr-jarallax-no wpr-parallax-no wpr-sticky-section-no e-con e-parent\" data-id=\"38977736\" data-element_type=\"container\">\n\t\t\t\t\t<div class=\"e-con-inner\">\n\t\t<div class=\"elementor-element elementor-element-95d71bf e-con-full e-flex wpr-particle-no wpr-jarallax-no wpr-parallax-no wpr-sticky-section-no e-con e-child\" data-id=\"95d71bf\" data-element_type=\"container\">\n\t\t\t\t<div class=\"elementor-element elementor-element-06e6898 elementor-widget elementor-widget-heading\" data-id=\"06e6898\" data-element_type=\"widget\" data-widget_type=\"heading.default\">\n\t\t\t\t<div class=\"elementor-widget-container\">\n\t\t\t\t\t<h2 class=\"elementor-heading-title elementor-size-default\">Avis de non-responsabilit\u00e9 juridique<\/h2>\t\t\t\t<\/div>\n\t\t\t\t<\/div>\n\t\t\t\t<\/div>\n\t\t<div class=\"elementor-element elementor-element-30dafa5 e-con-full e-flex wpr-particle-no wpr-jarallax-no wpr-parallax-no wpr-sticky-section-no e-con e-child\" data-id=\"30dafa5\" data-element_type=\"container\" data-settings=\"{&quot;background_background&quot;:&quot;classic&quot;}\">\n\t\t\t\t<div class=\"elementor-element elementor-element-20545007 elementor-widget elementor-widget-text-editor\" data-id=\"20545007\" data-element_type=\"widget\" data-widget_type=\"text-editor.default\">\n\t\t\t\t<div class=\"elementor-widget-container\">\n\t\t\t\t\t\t\t\t\t<p><\/p>\n<p>Ni TR\u0410VEL MUNDO &#8211; FZCO ni <a href=\"https:\/\/usimmigrationassistance.org\/fr\" target=\"_blank\" rel=\"noopener\">usimmigrationassistance.org<\/a> ne sont affili\u00e9s au D\u00e9partement d&rsquo;\u00c9tat des \u00c9tats-Unis (US DOS), au D\u00e9partement de la s\u00e9curit\u00e9 int\u00e9rieure des \u00c9tats-Unis (US DHS), aux Services de citoyennet\u00e9 et d&rsquo;immigration des \u00c9tats-Unis (USCIS) ou \u00e0 toute autre agence gouvernementale des \u00c9tats-Unis.<br> Nous ne sommes pas un cabinet d\u2019avocats, nous ne fournissons pas de conseils juridiques et nous ne rempla\u00e7ons pas un avocat.<br> Nous sommes un fournisseur priv\u00e9 de conseil en voyages et en immigration bas\u00e9 sur Internet, d\u00e9di\u00e9 \u00e0 aider les particuliers \u00e0 voyager aux \u00c9tats-Unis.  <\/p>\n<p><\/p>\n<p><\/p>\n<p>Ni TR\u0410VEL MUNDO &#8211; FZCO, ni <a href=\"https:\/\/usimmigrationassistance.org\/fr\" target=\"_blank\" rel=\"noopener\">usimmigrationassistance.org<\/a> , ni ses employ\u00e9s ne pr\u00e9tendent avoir de connaissances particuli\u00e8res en mati\u00e8re de droit et de proc\u00e9dure d&rsquo;immigration. Les prix d&rsquo;achat indiqu\u00e9s pour les services d&rsquo;aide \u00e0 la pr\u00e9paration des demandes n&rsquo;incluent pas les frais de demande gouvernementale, d&rsquo;examen m\u00e9dical, de d\u00e9p\u00f4t ni de biom\u00e9trie. Les frais gouvernementaux ne sont pas remboursables. Les honoraires d&rsquo;avocat ne sont pas remboursables.   <\/p>\n<p><\/p>\n<p><\/p>\n<p>La politique des visas des \u00c9tats-Unis d\u00e9finit les conditions qu&rsquo;un ressortissant \u00e9tranger souhaitant entrer aux \u00c9tats-Unis doit remplir pour obtenir un visa, qui est un permis de voyager, d&rsquo;entrer et\/ou de s\u00e9journer aux \u00c9tats-Unis. Les visiteurs aux \u00c9tats-Unis doivent obtenir un visa aupr\u00e8s de l&rsquo;une des missions diplomatiques des \u00c9tats-Unis, sauf s&rsquo;ils proviennent d&rsquo;un pays exempt\u00e9 de visa ou d&rsquo;un pays participant au programme d&rsquo;exemption de visa. Les m\u00eames r\u00e8gles s&rsquo;appliquent \u00e0 Porto Rico et aux \u00celes Vierges am\u00e9ricaines, tandis que des r\u00e8gles diff\u00e9rentes s&rsquo;appliquent aux autres territoires am\u00e9ricains, \u00e0 savoir Guam, les \u00celes Mariannes du Nord et les Samoa am\u00e9ricaines.  <\/p>\n<p><\/p>\n<p><\/p>\n<p>Toutes les informations fournies par vous, ou en votre nom par un tiers d\u00e9sign\u00e9, doivent \u00eatre vraies et exactes. Un visa am\u00e9ricain peut \u00eatre r\u00e9voqu\u00e9 \u00e0 tout moment et pour quelque raison que ce soit, par exemple en cas de nouvelles informations influen\u00e7ant l&rsquo;\u00e9ligibilit\u00e9. Vous pouvez \u00eatre passible de sanctions administratives ou p\u00e9nales si vous faites sciemment et volontairement une d\u00e9claration ou une repr\u00e9sentation mat\u00e9riellement fausse, fictive ou frauduleuse dans une demande de visa soumise par vous ou en votre nom.  <\/p>\n<p><\/p>\n<p><\/p>\n<p>Veuillez consulter la politique de remboursement avant d&rsquo;acheter un service sur notre site Web.<\/p>\n<p><\/p>\n<p><\/p>\n<p>Ce site web contient des informations g\u00e9n\u00e9rales sur les questions et les \u00e9volutions en mati\u00e8re d&rsquo;immigration. Ces informations sont fournies \u00e0 titre informatif uniquement et peuvent ne pas refl\u00e9ter les d\u00e9veloppements les plus r\u00e9cents. Elles ne constituent pas et ne doivent pas \u00eatre consid\u00e9r\u00e9es comme des conseils juridiques sur des faits ou des circonstances sp\u00e9cifiques. Il est conseill\u00e9 de consulter un avocat pour obtenir des conseils sur des questions juridiques sp\u00e9cifiques.   <\/p>\n<p><\/p>\n<p><\/p>\n<p>Bien que nous nous efforcions de maintenir les informations du site \u00e0 jour et correctes, TR\u0410VEL MUNDO &#8211; FZCO ne fait aucune d\u00e9claration ni ne donne aucune garantie, expresse ou implicite, quant \u00e0 l&rsquo;exhaustivit\u00e9, l&rsquo;exactitude, la fiabilit\u00e9, la pertinence ou la disponibilit\u00e9 du site web ou des informations, produits, services ou \u00e9l\u00e9ments graphiques associ\u00e9s qu&rsquo;il contient, \u00e0 quelque fin que ce soit. Toute confiance que vous accordez \u00e0 ces informations rel\u00e8ve donc de votre enti\u00e8re responsabilit\u00e9. <\/p>\n<p><\/p>\n<p><\/p>\n<p>TR\u0410VEL MUNDO &#8211; FZCO ne sera pas responsable des informations fausses, inexactes, inappropri\u00e9es ou incompl\u00e8tes pr\u00e9sent\u00e9es sur le site Web.<\/p>\n<p><\/p>\n<p><\/p>\n<p>Bien que tous les efforts soient faits pour maintenir le site Web op\u00e9rationnel et sans probl\u00e8me, en raison de la nature d&rsquo;Internet et de la technologie impliqu\u00e9e, TR\u0410VEL MUNDO &#8211; FZCO n&rsquo;assume aucune responsabilit\u00e9 et ne sera pas responsable de l&rsquo;indisponibilit\u00e9 temporaire du site Web en raison de probl\u00e8mes techniques (ou autres) ind\u00e9pendants de sa volont\u00e9 ou de toute perte ou dommage subi \u00e0 la suite de l&rsquo;utilisation ou de l&rsquo;acc\u00e8s \u00e0, ou de l&rsquo;impossibilit\u00e9 d&rsquo;utiliser ou d&rsquo;acc\u00e9der \u00e0 ce site Web.<\/p>\n<p><\/p>\n<p><\/p>\n<p>Certains liens pr\u00e9sents sur ce site web m\u00e8nent \u00e0 des sites web ind\u00e9pendants de TR\u0410VEL MUNDO &#8211; FZCO. En les activant, vous quittez le site web de TR\u0410VEL MUNDO &#8211; FZCO. TR\u0410VEL MUNDO &#8211; FZCO n&rsquo;exerce aucun contr\u00f4le et d\u00e9cline toute responsabilit\u00e9 quant aux contenus, produits ou services disponibles sur les sites web ind\u00e9pendants de TR\u0410VEL MUNDO &#8211; FZCO.  <\/p>\n<p><\/p>\n<p><\/p>\n<p>Dans la mesure o\u00f9 la loi ne l&rsquo;interdit pas, TR\u0410VEL MUNDO &#8211; FZCO ne sera en aucun cas responsable envers vous ou tout autre tiers pour toute perte ou dommage (y compris, sans limitation, les dommages pour perte d&rsquo;activit\u00e9 ou perte de b\u00e9n\u00e9fices) d\u00e9coulant directement ou indirectement de votre utilisation ou de votre incapacit\u00e9 \u00e0 utiliser ce site ou tout \u00e9l\u00e9ment qu&rsquo;il contient.<\/p>\n<p><\/p>\n<p><\/p>\n<p>Les demandes compl\u00e9t\u00e9es via notre service sont disponibles gratuitement sous forme de formulaires vierges sur certains sites web du gouvernement am\u00e9ricain. Nous sommes un prestataire de services de voyage priv\u00e9, bas\u00e9 sur Internet, qui accompagne les voyageurs aux \u00c9tats-Unis. Si vous ne souhaitez pas utiliser nos services, vous pouvez d\u00e9poser votre demande directement sur <a href=\"https:\/\/travel.state.gov\/\" target=\"_blank\" rel=\"noreferrer noopener\">travel.state.gov<\/a> ou <a href=\"https:\/\/uscis.gov\/\" target=\"_blank\" rel=\"noreferrer noopener\">uscis.gov<\/a> .  <\/p>\n<p><\/p>\n<p><\/p>\n<p>Vous ne devez pas utiliser ce site web pour fournir des informations confidentielles concernant une affaire juridique vous concernant aux agents d&rsquo;accueil. Votre utilisation de ce site web ne fait pas de vous un client d&rsquo;un cabinet d&rsquo;avocats, ni m\u00eame un client potentiel. <\/p>\n<p><\/p>\n<p><\/p>\n<p>Pour votre commodit\u00e9, ce site web peut proposer des liens vers des sites web tiers. Ces sites ne sont pas sous notre contr\u00f4le et nous d\u00e9clinons toute responsabilit\u00e9 quant \u00e0 l&rsquo;exactitude de leur contenu. <\/p>\n<p><\/p>\n<p><\/p>\n<p>Votre visite et\/ou utilisation de ce site Web indique que vous acceptez et comprenez clairement les avis de non-responsabilit\u00e9, <a href=\"https:\/\/usimmigrationassistance.org\/terms_of_use\" target=\"_blank\" rel=\"noreferrer noopener\">les conditions d&rsquo;utilisation<\/a> , <a href=\"https:\/\/usimmigrationassistance.org\/privacy_policy\" target=\"_blank\" rel=\"noreferrer noopener\">la confidentialit\u00e9<\/a> et les politiques <a href=\"https:\/\/usimmigrationassistance.org\/refund_policy\" target=\"_blank\" rel=\"noreferrer noopener\">de remboursement<\/a> indiqu\u00e9s sur ce site.<\/p>\n<p><\/p>\t\t\t\t\t\t\t\t<\/div>\n\t\t\t\t<\/div>\n\t\t\t\t<\/div>\n\t\t\t\t\t<\/div>\n\t\t\t\t<\/div>\n\t\t\t\t<\/div>\n\t\t","protected":false},"excerpt":{"rendered":"<p>Avis de non-responsabilit\u00e9 juridique Ni TR\u0410VEL MUNDO &#8211; FZCO ni usimmigrationassistance.org ne sont affili\u00e9s au D\u00e9partement d&rsquo;\u00c9tat des \u00c9tats-Unis (US DOS), au D\u00e9partement de la s\u00e9curit\u00e9 int\u00e9rieure des \u00c9tats-Unis (US DHS), aux Services de citoyennet\u00e9 et d&rsquo;immigration des \u00c9tats-Unis (USCIS) ou \u00e0 toute autre agence gouvernementale des \u00c9tats-Unis. Nous ne sommes pas un cabinet d\u2019avocats, nous ne fournissons pas de conseils juridiques et nous ne rempla\u00e7ons pas un avocat. Nous sommes un fournisseur priv\u00e9 de conseil en voyages et en immigration bas\u00e9 sur Internet, d\u00e9di\u00e9 \u00e0 aider les particuliers \u00e0 voyager aux \u00c9tats-Unis. Ni TR\u0410VEL MUNDO &#8211; FZCO, ni usimmigrationassistance.org , ni ses employ\u00e9s ne pr\u00e9tendent avoir de connaissances particuli\u00e8res en mati\u00e8re de droit et de proc\u00e9dure d&rsquo;immigration. Les prix d&rsquo;achat indiqu\u00e9s pour les services d&rsquo;aide \u00e0 la pr\u00e9paration des demandes n&rsquo;incluent pas les frais de demande gouvernementale, d&rsquo;examen m\u00e9dical, de d\u00e9p\u00f4t ni de biom\u00e9trie. Les frais gouvernementaux ne sont pas remboursables. Les honoraires d&rsquo;avocat ne sont pas remboursables. La politique des visas des \u00c9tats-Unis d\u00e9finit les conditions qu&rsquo;un ressortissant \u00e9tranger souhaitant entrer aux \u00c9tats-Unis doit remplir pour obtenir un visa, qui est un permis de voyager, d&rsquo;entrer et\/ou de s\u00e9journer aux \u00c9tats-Unis. Les visiteurs aux \u00c9tats-Unis doivent obtenir un visa aupr\u00e8s de l&rsquo;une des missions diplomatiques des \u00c9tats-Unis, sauf s&rsquo;ils proviennent d&rsquo;un pays exempt\u00e9 de visa ou d&rsquo;un pays participant au programme d&rsquo;exemption de visa. Les m\u00eames r\u00e8gles s&rsquo;appliquent \u00e0 Porto Rico et aux \u00celes Vierges am\u00e9ricaines, tandis que des r\u00e8gles diff\u00e9rentes s&rsquo;appliquent aux autres territoires am\u00e9ricains, \u00e0 savoir Guam, les \u00celes Mariannes du Nord et les Samoa am\u00e9ricaines. Toutes les informations fournies par vous, ou en votre nom par un tiers d\u00e9sign\u00e9, doivent \u00eatre vraies et exactes. Un visa am\u00e9ricain peut \u00eatre r\u00e9voqu\u00e9 \u00e0 tout moment et pour quelque raison que ce soit, par exemple en cas de nouvelles informations influen\u00e7ant l&rsquo;\u00e9ligibilit\u00e9. Vous pouvez \u00eatre passible de sanctions administratives ou p\u00e9nales si vous faites sciemment et volontairement une d\u00e9claration ou une repr\u00e9sentation mat\u00e9riellement fausse, fictive ou frauduleuse dans une demande de visa soumise par vous ou en votre nom. Veuillez consulter la politique de remboursement avant d&rsquo;acheter un service sur notre site Web. Ce site web contient des informations g\u00e9n\u00e9rales sur les questions et les \u00e9volutions en mati\u00e8re d&rsquo;immigration. Ces informations sont fournies \u00e0 titre informatif uniquement et peuvent ne pas refl\u00e9ter les d\u00e9veloppements les plus r\u00e9cents. Elles ne constituent pas et ne doivent pas \u00eatre consid\u00e9r\u00e9es comme des conseils juridiques sur des faits ou des circonstances sp\u00e9cifiques. Il est conseill\u00e9 de consulter un avocat pour obtenir des conseils sur des questions juridiques sp\u00e9cifiques. Bien que nous nous efforcions de maintenir les informations du site \u00e0 jour et correctes, TR\u0410VEL MUNDO &#8211; FZCO ne fait aucune d\u00e9claration ni ne donne aucune garantie, expresse ou implicite, quant \u00e0 l&rsquo;exhaustivit\u00e9, l&rsquo;exactitude, la fiabilit\u00e9, la pertinence ou la disponibilit\u00e9 du site web ou des informations, produits, services ou \u00e9l\u00e9ments graphiques associ\u00e9s qu&rsquo;il contient, \u00e0 quelque fin que ce soit. Toute confiance que vous accordez \u00e0 ces informations rel\u00e8ve donc de votre enti\u00e8re responsabilit\u00e9. TR\u0410VEL MUNDO &#8211; FZCO ne sera pas responsable des informations fausses, inexactes, inappropri\u00e9es ou incompl\u00e8tes pr\u00e9sent\u00e9es sur le site Web. Bien que tous les efforts soient faits pour maintenir le site Web op\u00e9rationnel et sans probl\u00e8me, en raison de la nature d&rsquo;Internet et de la technologie impliqu\u00e9e, TR\u0410VEL MUNDO &#8211; FZCO n&rsquo;assume aucune responsabilit\u00e9 et ne sera pas responsable de l&rsquo;indisponibilit\u00e9 temporaire du site Web en raison de probl\u00e8mes techniques (ou autres) ind\u00e9pendants de sa volont\u00e9 ou de toute perte ou dommage subi \u00e0 la suite de l&rsquo;utilisation ou de l&rsquo;acc\u00e8s \u00e0, ou de l&rsquo;impossibilit\u00e9 d&rsquo;utiliser ou d&rsquo;acc\u00e9der \u00e0 ce site Web. Certains liens pr\u00e9sents sur ce site web m\u00e8nent \u00e0 des sites web ind\u00e9pendants de TR\u0410VEL MUNDO &#8211; FZCO. En les activant, vous quittez le site web de TR\u0410VEL MUNDO &#8211; FZCO. TR\u0410VEL MUNDO &#8211; FZCO n&rsquo;exerce aucun contr\u00f4le et d\u00e9cline toute responsabilit\u00e9 quant aux contenus, produits ou services disponibles sur les sites web ind\u00e9pendants de TR\u0410VEL MUNDO &#8211; FZCO. Dans la mesure o\u00f9 la loi ne l&rsquo;interdit pas, TR\u0410VEL MUNDO &#8211; FZCO ne sera en aucun cas responsable envers vous ou tout autre tiers pour toute perte ou dommage (y compris, sans limitation, les dommages pour perte d&rsquo;activit\u00e9 ou perte de b\u00e9n\u00e9fices) d\u00e9coulant directement ou indirectement de votre utilisation ou de votre incapacit\u00e9 \u00e0 utiliser ce site ou tout \u00e9l\u00e9ment qu&rsquo;il contient. Les demandes compl\u00e9t\u00e9es via notre service sont disponibles gratuitement sous forme de formulaires vierges sur certains sites web du gouvernement am\u00e9ricain. Nous sommes un prestataire de services de voyage priv\u00e9, bas\u00e9 sur Internet, qui accompagne les voyageurs aux \u00c9tats-Unis. Si vous ne souhaitez pas utiliser nos services, vous pouvez d\u00e9poser votre demande directement sur travel.state.gov ou uscis.gov . Vous ne devez pas utiliser ce site web pour fournir des informations confidentielles concernant une affaire juridique vous concernant aux agents d&rsquo;accueil. Votre utilisation de ce site web ne fait pas de vous un client d&rsquo;un cabinet d&rsquo;avocats, ni m\u00eame un client potentiel. Pour votre commodit\u00e9, ce site web peut proposer des liens vers des sites web tiers. Ces sites ne sont pas sous notre contr\u00f4le et nous d\u00e9clinons toute responsabilit\u00e9 quant \u00e0 l&rsquo;exactitude de leur contenu. Votre visite et\/ou utilisation de ce site Web indique que vous acceptez et comprenez clairement les avis de non-responsabilit\u00e9, les conditions d&rsquo;utilisation , la confidentialit\u00e9 et les politiques de remboursement indiqu\u00e9s sur ce site.<\/p>\n","protected":false},"author":3,"featured_media":0,"parent":0,"menu_order":0,"comment_status":"closed","ping_status":"closed","template":"","meta":{"footnotes":""},"class_list":["post-25995","page","type-page","status-publish","hentry"],"_links":{"self":[{"href":"https:\/\/usimmigrationassistance.org\/fr\/wp-json\/wp\/v2\/pages\/25995","targetHints":{"allow":["GET"]}}],"collection":[{"href":"https:\/\/usimmigrationassistance.org\/fr\/wp-json\/wp\/v2\/pages"}],"about":[{"href":"https:\/\/usimmigrationassistance.org\/fr\/wp-json\/wp\/v2\/types\/page"}],"author":[{"embeddable":true,"href":"https:\/\/usimmigrationassistance.org\/fr\/wp-json\/wp\/v2\/users\/3"}],"replies":[{"embeddable":true,"href":"https:\/\/usimmigrationassistance.org\/fr\/wp-json\/wp\/v2\/comments?post=25995"}],"version-history":[{"count":3,"href":"https:\/\/usimmigrationassistance.org\/fr\/wp-json\/wp\/v2\/pages\/25995\/revisions"}],"predecessor-version":[{"id":25998,"href":"https:\/\/usimmigrationassistance.org\/fr\/wp-json\/wp\/v2\/pages\/25995\/revisions\/25998"}],"wp:attachment":[{"href":"https:\/\/usimmigrationassistance.org\/fr\/wp-json\/wp\/v2\/media?parent=25995"}],"curies":[{"name":"wp","href":"https:\/\/api.w.org\/{rel}","templated":true}]}}