{"id":26378,"date":"2025-03-18T07:09:49","date_gmt":"2025-03-18T06:09:49","guid":{"rendered":"https:\/\/usimmigrationassistance.org\/pravna-odricanja-odgovornosti"},"modified":"2025-05-21T23:11:53","modified_gmt":"2025-05-21T19:11:53","slug":"pravna-odricanja-odgovornosti","status":"publish","type":"page","link":"https:\/\/usimmigrationassistance.org\/hr\/pravna-odricanja-odgovornosti\/","title":{"rendered":"Pravna odricanja odgovornosti"},"content":{"rendered":"\t\t<div data-elementor-type=\"wp-page\" data-elementor-id=\"26378\" class=\"elementor elementor-26378 elementor-881\" data-elementor-post-type=\"page\">\n\t\t\t\t<div class=\"elementor-element elementor-element-38977736 e-flex e-con-boxed wpr-particle-no wpr-jarallax-no wpr-parallax-no wpr-sticky-section-no e-con e-parent\" data-id=\"38977736\" data-element_type=\"container\">\n\t\t\t\t\t<div class=\"e-con-inner\">\n\t\t<div class=\"elementor-element elementor-element-95d71bf e-con-full e-flex wpr-particle-no wpr-jarallax-no wpr-parallax-no wpr-sticky-section-no e-con e-child\" data-id=\"95d71bf\" data-element_type=\"container\">\n\t\t\t\t<div class=\"elementor-element elementor-element-06e6898 elementor-widget elementor-widget-heading\" data-id=\"06e6898\" data-element_type=\"widget\" data-widget_type=\"heading.default\">\n\t\t\t\t<div class=\"elementor-widget-container\">\n\t\t\t\t\t<h2 class=\"elementor-heading-title elementor-size-default\">Pravna odricanja odgovornosti<\/h2>\t\t\t\t<\/div>\n\t\t\t\t<\/div>\n\t\t\t\t<\/div>\n\t\t<div class=\"elementor-element elementor-element-30dafa5 e-con-full e-flex wpr-particle-no wpr-jarallax-no wpr-parallax-no wpr-sticky-section-no e-con e-child\" data-id=\"30dafa5\" data-element_type=\"container\" data-settings=\"{&quot;background_background&quot;:&quot;classic&quot;}\">\n\t\t\t\t<div class=\"elementor-element elementor-element-20545007 elementor-widget elementor-widget-text-editor\" data-id=\"20545007\" data-element_type=\"widget\" data-widget_type=\"text-editor.default\">\n\t\t\t\t<div class=\"elementor-widget-container\">\n\t\t\t\t\t\t\t\t\t<p><\/p>\n<p>Ni TRAVEL MUNDO &#8211; FZCO ni <a href=\"https:\/\/usimmigrationassistance.org\/hr\" target=\"_blank\" rel=\"noopener\">usimmigrationassistance.org<\/a> nisu povezani s Ministarstvom vanjskih poslova Sjedinjenih Ameri\u010dkih Dr\u017eava (US DOS), Ministarstvom domovinske sigurnosti Sjedinjenih Ameri\u010dkih Dr\u017eava (US DHS), Slu\u017ebom za dr\u017eavljanstvo i imigraciju Sjedinjenih Ameri\u010dkih Dr\u017eava (USCIS) ili bilo kojom drugom vladinom agencijom Sjedinjenih Ameri\u010dkih Dr\u017eava.<br> Nismo odvjetni\u010dki ured, ne pru\u017eamo pravne savjete i nismo zamjena za odvjetnika.<br> Mi smo privatni, internetski pru\u017eatelj savjetodavnih usluga za putovanja i imigraciju posve\u0107en pomaganju pojedincima pri putovanju u Sjedinjene Ameri\u010dke Dr\u017eave.  <\/p>\n<p><\/p>\n<p><\/p>\n<p>Ni TRAVEL MUNDO &#8211; FZCO, ni <a href=\"https:\/\/usimmigrationassistance.org\/hr\" target=\"_blank\" rel=\"noopener\">usimmigrationassistance.org<\/a> , niti njihovi zaposlenici ne tvrde da imaju bilo kakvo posebno znanje o imigracijskom zakonu ili postupku. Navedene cijene za usluge pomo\u0107i u pripremi prijave NE uklju\u010duju nikakve dr\u017eavne pristojbe za prijavu, naknadu za lije\u010dni\u010dki pregled, podno\u0161enje zahtjeva ili biometrijske naknade. Dr\u017eavne pristojbe se ne vra\u0107aju. Odvjetni\u010dki tro\u0161kovi se ne vra\u0107aju.   <\/p>\n<p><\/p>\n<p><\/p>\n<p>Vizna politika Sjedinjenih Ameri\u010dkih Dr\u017eava bavi se uvjetima koje strani dr\u017eavljanin koji \u017eeli u\u0107i u Sjedinjene Ameri\u010dke Dr\u017eave mora ispuniti kako bi dobio vizu, \u0161to je dozvola za putovanje, ulazak i\/ili boravak u Sjedinjenim Ameri\u010dkim Dr\u017eavama. Posjetitelji Sjedinjenih Ameri\u010dkih Dr\u017eava moraju dobiti vizu od jednog od diplomatskih predstavni\u0161tava Sjedinjenih Ameri\u010dkih Dr\u017eava, osim ako ne dolaze iz jedne od zemalja oslobo\u0111enih viza ili zemalja Programa za ukidanje viza. Ista pravila vrijede za Portoriko i Ameri\u010dke Djevi\u010danske otoke, dok se druga\u010dija pravila primjenjuju na ostatak ameri\u010dkih teritorija, naime Guam, Sjevernomarijanske otoke i Ameri\u010dku Samou.  <\/p>\n<p><\/p>\n<p><\/p>\n<p>Sve informacije koje ste vi ili u va\u0161e ime dostavili odre\u0111enu tre\u0107u stranu moraju biti istinite i to\u010dne. Ameri\u010dka viza mo\u017ee se opozvati u bilo kojem trenutku i iz bilo kojeg razloga, kao \u0161to su nove informacije koje utje\u010du na ispunjavanje uvjeta. Mo\u017eete biti podvrgnuti administrativnim ili kaznenim sankcijama ako svjesno i namjerno date materijalno la\u017enu, izmi\u0161ljenu ili prijevarnu izjavu ili izjavu u zahtjevu za VISU koji ste podnijeli vi ili u va\u0161e ime.  <\/p>\n<p><\/p>\n<p><\/p>\n<p>Molimo Vas da prije kupnje usluge na na\u0161oj web stranici pro\u010ditate Pravila povrata novca.<\/p>\n<p><\/p>\n<p><\/p>\n<p>Ova web stranica sadr\u017ei op\u0107e informacije o imigracijskim pitanjima i doga\u0111ajima. Takvi materijali slu\u017ee samo u informativne svrhe i ne moraju odra\u017eavati najnovija doga\u0111anja. Ovi informativni materijali nisu namijenjeni i ne smiju se shva\u0107ati kao pravni savjet o bilo kojoj \u010dinjenica ili okolnosti. Za smjernice o specifi\u010dnim pravnim problemima trebali biste se obratiti odvjetniku.   <\/p>\n<p><\/p>\n<p><\/p>\n<p>Iako se trudimo da informacije na web-mjestu budu a\u017eurne i to\u010dne, TRAVEL MUNDO &#8211; FZCO ne daje nikakve izjave ili jamstva bilo koje vrste, izri\u010dita ili implicitna, o potpunosti, to\u010dnosti, pouzdanosti, prikladnosti ili dostupnosti u vezi s web-mjestom ili informacijama, proizvodima, uslugama ili povezanom grafikom sadr\u017eanom na web-mjestu u bilo koju svrhu. Svako oslanjanje na takav materijal stoga je isklju\u010divo na vlastiti rizik. <\/p>\n<p><\/p>\n<p><\/p>\n<p>TRAVEL MUNDO &#8211; FZCO ne\u0107e biti odgovoran za bilo kakve la\u017ene, neto\u010dne, neprikladne ili nepotpune informacije prikazane na web stranici.<\/p>\n<p><\/p>\n<p><\/p>\n<p>Iako se ula\u017ee svaki napor kako bi web stranica radila nesmetano, zbog prirode interneta i uklju\u010dene tehnologije, TRAVEL MUNDO &#8211; FZCO ne preuzima nikakvu odgovornost i ne\u0107e biti odgovoran za privremenu nedostupnost web stranice zbog tehni\u010dkih problema (ili na drugi na\u010din) izvan njegove kontrole ili za bilo kakav gubitak ili \u0161tetu nastalu kao rezultat kori\u0161tenja ili pristupa ili nemogu\u0107nosti kori\u0161tenja ili pristupa ovoj web stranici.<\/p>\n<p><\/p>\n<p><\/p>\n<p>Odre\u0111ene poveznice na ovoj web stranici vode na web stranice koje nisu pod kontrolom tvrtke TRAVEL MUNDO &#8211; FZCO. Kada ih aktivirate, napu\u0161tate web stranicu TRAVEL MUNDO &#8211; FZCO. TRAVEL MUNDO &#8211; FZCO nema kontrolu nad materijalima, proizvodima ili uslugama dostupnima na bilo kojoj web stranici koja nije pod kontrolom tvrtke TRAVEL MUNDO &#8211; FZCO i ne preuzima nikakvu odgovornost za njih.  <\/p>\n<p><\/p>\n<p><\/p>\n<p>U mjeri u kojoj to nije zakonom zabranjeno, TRAVEL MUNDO &#8211; FZCO ni pod kojim okolnostima ne\u0107e biti odgovoran vama ili bilo kojoj drugoj tre\u0107oj strani za bilo kakav gubitak ili \u0161tetu (uklju\u010duju\u0107i, bez ograni\u010denja, \u0161tetu zbog gubitka poslovanja ili gubitka dobiti) koja proizlazi izravno ili neizravno iz va\u0161eg kori\u0161tenja ili nemogu\u0107nosti kori\u0161tenja ove stranice ili bilo kojeg materijala sadr\u017eanog na njoj.<\/p>\n<p><\/p>\n<p><\/p>\n<p>Prijave ispunjene putem na\u0161e usluge dostupne su besplatno kao prazni obrasci na nekim web stranicama vlade SAD-a. Mi smo privatni, tehnolo\u0161ki internetski pru\u017eatelj putni\u010dkih usluga posve\u0107en pomaganju pojedincima u putovanju u Sjedinjene Ameri\u010dke Dr\u017eave. Ako ne \u017eelite koristiti na\u0161e usluge, mo\u017eete se izravno prijaviti na <a href=\"https:\/\/travel.state.gov\/\" target=\"_blank\" rel=\"noreferrer noopener\">travel.state.gov<\/a> ili na <a href=\"https:\/\/uscis.gov\/\" target=\"_blank\" rel=\"noreferrer noopener\">uscis.gov<\/a> .  <\/p>\n<p><\/p>\n<p><\/p>\n<p>Ne biste trebali koristiti ovu web stranicu za davanje povjerljivih informacija o va\u0161em pravnom pitanju agentima za prijem prijava. Kori\u0161tenje ove web stranice ne \u010dini vas klijentom odvjetni\u010dkog dru\u0161tva ili \u010dak potencijalnim klijentom odvjetni\u010dkog dru\u0161tva. <\/p>\n<p><\/p>\n<p><\/p>\n<p>Radi prakti\u010dnosti, ova web stranica mo\u017ee sadr\u017eavati poveznice na web stranice tre\u0107ih strana. Takve povezane web stranice nisu pod na\u0161om kontrolom i ne preuzimamo nikakvu odgovornost za to\u010dnost sadr\u017eaja takvih web stranica. <\/p>\n<p><\/p>\n<p><\/p>\n<p>Va\u0161 posjet i\/ili kori\u0161tenje ove web stranice ozna\u010dava da se sla\u017eete i da jasno razumijete odricanje od odgovornosti, <a href=\"https:\/\/usimmigrationassistance.org\/terms_of_use\" target=\"_blank\" rel=\"noreferrer noopener\">Uvjete kori\u0161tenja<\/a> , <a href=\"https:\/\/usimmigrationassistance.org\/privacy_policy\" target=\"_blank\" rel=\"noreferrer noopener\">Pravila privatnosti<\/a> i Pravila <a href=\"https:\/\/usimmigrationassistance.org\/refund_policy\" target=\"_blank\" rel=\"noreferrer noopener\">povrata novca<\/a> navedena na ovoj stranici.<\/p>\n<p><\/p>\t\t\t\t\t\t\t\t<\/div>\n\t\t\t\t<\/div>\n\t\t\t\t<\/div>\n\t\t\t\t\t<\/div>\n\t\t\t\t<\/div>\n\t\t\t\t<\/div>\n\t\t","protected":false},"excerpt":{"rendered":"<p>Pravna odricanja odgovornosti Ni TRAVEL MUNDO &#8211; FZCO ni usimmigrationassistance.org nisu povezani s Ministarstvom vanjskih poslova Sjedinjenih Ameri\u010dkih Dr\u017eava (US DOS), Ministarstvom domovinske sigurnosti Sjedinjenih Ameri\u010dkih Dr\u017eava (US DHS), Slu\u017ebom za dr\u017eavljanstvo i imigraciju Sjedinjenih Ameri\u010dkih Dr\u017eava (USCIS) ili bilo kojom drugom vladinom agencijom Sjedinjenih Ameri\u010dkih Dr\u017eava. Nismo odvjetni\u010dki ured, ne pru\u017eamo pravne savjete i nismo zamjena za odvjetnika. Mi smo privatni, internetski pru\u017eatelj savjetodavnih usluga za putovanja i imigraciju posve\u0107en pomaganju pojedincima pri putovanju u Sjedinjene Ameri\u010dke Dr\u017eave. Ni TRAVEL MUNDO &#8211; FZCO, ni usimmigrationassistance.org , niti njihovi zaposlenici ne tvrde da imaju bilo kakvo posebno znanje o imigracijskom zakonu ili postupku. Navedene cijene za usluge pomo\u0107i u pripremi prijave NE uklju\u010duju nikakve dr\u017eavne pristojbe za prijavu, naknadu za lije\u010dni\u010dki pregled, podno\u0161enje zahtjeva ili biometrijske naknade. Dr\u017eavne pristojbe se ne vra\u0107aju. Odvjetni\u010dki tro\u0161kovi se ne vra\u0107aju. Vizna politika Sjedinjenih Ameri\u010dkih Dr\u017eava bavi se uvjetima koje strani dr\u017eavljanin koji \u017eeli u\u0107i u Sjedinjene Ameri\u010dke Dr\u017eave mora ispuniti kako bi dobio vizu, \u0161to je dozvola za putovanje, ulazak i\/ili boravak u Sjedinjenim Ameri\u010dkim Dr\u017eavama. Posjetitelji Sjedinjenih Ameri\u010dkih Dr\u017eava moraju dobiti vizu od jednog od diplomatskih predstavni\u0161tava Sjedinjenih Ameri\u010dkih Dr\u017eava, osim ako ne dolaze iz jedne od zemalja oslobo\u0111enih viza ili zemalja Programa za ukidanje viza. Ista pravila vrijede za Portoriko i Ameri\u010dke Djevi\u010danske otoke, dok se druga\u010dija pravila primjenjuju na ostatak ameri\u010dkih teritorija, naime Guam, Sjevernomarijanske otoke i Ameri\u010dku Samou. Sve informacije koje ste vi ili u va\u0161e ime dostavili odre\u0111enu tre\u0107u stranu moraju biti istinite i to\u010dne. Ameri\u010dka viza mo\u017ee se opozvati u bilo kojem trenutku i iz bilo kojeg razloga, kao \u0161to su nove informacije koje utje\u010du na ispunjavanje uvjeta. Mo\u017eete biti podvrgnuti administrativnim ili kaznenim sankcijama ako svjesno i namjerno date materijalno la\u017enu, izmi\u0161ljenu ili prijevarnu izjavu ili izjavu u zahtjevu za VISU koji ste podnijeli vi ili u va\u0161e ime. Molimo Vas da prije kupnje usluge na na\u0161oj web stranici pro\u010ditate Pravila povrata novca. Ova web stranica sadr\u017ei op\u0107e informacije o imigracijskim pitanjima i doga\u0111ajima. Takvi materijali slu\u017ee samo u informativne svrhe i ne moraju odra\u017eavati najnovija doga\u0111anja. Ovi informativni materijali nisu namijenjeni i ne smiju se shva\u0107ati kao pravni savjet o bilo kojoj \u010dinjenica ili okolnosti. Za smjernice o specifi\u010dnim pravnim problemima trebali biste se obratiti odvjetniku. Iako se trudimo da informacije na web-mjestu budu a\u017eurne i to\u010dne, TRAVEL MUNDO &#8211; FZCO ne daje nikakve izjave ili jamstva bilo koje vrste, izri\u010dita ili implicitna, o potpunosti, to\u010dnosti, pouzdanosti, prikladnosti ili dostupnosti u vezi s web-mjestom ili informacijama, proizvodima, uslugama ili povezanom grafikom sadr\u017eanom na web-mjestu u bilo koju svrhu. Svako oslanjanje na takav materijal stoga je isklju\u010divo na vlastiti rizik. TRAVEL MUNDO &#8211; FZCO ne\u0107e biti odgovoran za bilo kakve la\u017ene, neto\u010dne, neprikladne ili nepotpune informacije prikazane na web stranici. Iako se ula\u017ee svaki napor kako bi web stranica radila nesmetano, zbog prirode interneta i uklju\u010dene tehnologije, TRAVEL MUNDO &#8211; FZCO ne preuzima nikakvu odgovornost i ne\u0107e biti odgovoran za privremenu nedostupnost web stranice zbog tehni\u010dkih problema (ili na drugi na\u010din) izvan njegove kontrole ili za bilo kakav gubitak ili \u0161tetu nastalu kao rezultat kori\u0161tenja ili pristupa ili nemogu\u0107nosti kori\u0161tenja ili pristupa ovoj web stranici. Odre\u0111ene poveznice na ovoj web stranici vode na web stranice koje nisu pod kontrolom tvrtke TRAVEL MUNDO &#8211; FZCO. Kada ih aktivirate, napu\u0161tate web stranicu TRAVEL MUNDO &#8211; FZCO. TRAVEL MUNDO &#8211; FZCO nema kontrolu nad materijalima, proizvodima ili uslugama dostupnima na bilo kojoj web stranici koja nije pod kontrolom tvrtke TRAVEL MUNDO &#8211; FZCO i ne preuzima nikakvu odgovornost za njih. U mjeri u kojoj to nije zakonom zabranjeno, TRAVEL MUNDO &#8211; FZCO ni pod kojim okolnostima ne\u0107e biti odgovoran vama ili bilo kojoj drugoj tre\u0107oj strani za bilo kakav gubitak ili \u0161tetu (uklju\u010duju\u0107i, bez ograni\u010denja, \u0161tetu zbog gubitka poslovanja ili gubitka dobiti) koja proizlazi izravno ili neizravno iz va\u0161eg kori\u0161tenja ili nemogu\u0107nosti kori\u0161tenja ove stranice ili bilo kojeg materijala sadr\u017eanog na njoj. Prijave ispunjene putem na\u0161e usluge dostupne su besplatno kao prazni obrasci na nekim web stranicama vlade SAD-a. Mi smo privatni, tehnolo\u0161ki internetski pru\u017eatelj putni\u010dkih usluga posve\u0107en pomaganju pojedincima u putovanju u Sjedinjene Ameri\u010dke Dr\u017eave. Ako ne \u017eelite koristiti na\u0161e usluge, mo\u017eete se izravno prijaviti na travel.state.gov ili na uscis.gov . Ne biste trebali koristiti ovu web stranicu za davanje povjerljivih informacija o va\u0161em pravnom pitanju agentima za prijem prijava. Kori\u0161tenje ove web stranice ne \u010dini vas klijentom odvjetni\u010dkog dru\u0161tva ili \u010dak potencijalnim klijentom odvjetni\u010dkog dru\u0161tva. Radi prakti\u010dnosti, ova web stranica mo\u017ee sadr\u017eavati poveznice na web stranice tre\u0107ih strana. Takve povezane web stranice nisu pod na\u0161om kontrolom i ne preuzimamo nikakvu odgovornost za to\u010dnost sadr\u017eaja takvih web stranica. Va\u0161 posjet i\/ili kori\u0161tenje ove web stranice ozna\u010dava da se sla\u017eete i da jasno razumijete odricanje od odgovornosti, Uvjete kori\u0161tenja , Pravila privatnosti i Pravila povrata novca navedena na ovoj stranici.<\/p>\n","protected":false},"author":3,"featured_media":0,"parent":0,"menu_order":0,"comment_status":"closed","ping_status":"closed","template":"","meta":{"footnotes":""},"class_list":["post-26378","page","type-page","status-publish","hentry"],"_links":{"self":[{"href":"https:\/\/usimmigrationassistance.org\/hr\/wp-json\/wp\/v2\/pages\/26378","targetHints":{"allow":["GET"]}}],"collection":[{"href":"https:\/\/usimmigrationassistance.org\/hr\/wp-json\/wp\/v2\/pages"}],"about":[{"href":"https:\/\/usimmigrationassistance.org\/hr\/wp-json\/wp\/v2\/types\/page"}],"author":[{"embeddable":true,"href":"https:\/\/usimmigrationassistance.org\/hr\/wp-json\/wp\/v2\/users\/3"}],"replies":[{"embeddable":true,"href":"https:\/\/usimmigrationassistance.org\/hr\/wp-json\/wp\/v2\/comments?post=26378"}],"version-history":[{"count":6,"href":"https:\/\/usimmigrationassistance.org\/hr\/wp-json\/wp\/v2\/pages\/26378\/revisions"}],"predecessor-version":[{"id":159268,"href":"https:\/\/usimmigrationassistance.org\/hr\/wp-json\/wp\/v2\/pages\/26378\/revisions\/159268"}],"wp:attachment":[{"href":"https:\/\/usimmigrationassistance.org\/hr\/wp-json\/wp\/v2\/media?parent=26378"}],"curies":[{"name":"wp","href":"https:\/\/api.w.org\/{rel}","templated":true}]}}