{"id":26463,"date":"2025-03-18T07:13:58","date_gmt":"2025-03-18T06:13:58","guid":{"rendered":"https:\/\/usimmigrationassistance.org\/pravila-povrata-novca"},"modified":"2025-05-28T14:49:46","modified_gmt":"2025-05-28T10:49:46","slug":"pravila-povrata-novca","status":"publish","type":"page","link":"https:\/\/usimmigrationassistance.org\/hr\/pravila-povrata-novca\/","title":{"rendered":"Pravila povrata novca"},"content":{"rendered":"\t\t<div data-elementor-type=\"wp-page\" data-elementor-id=\"26463\" class=\"elementor elementor-26463 elementor-19\" data-elementor-post-type=\"page\">\n\t\t\t\t<div class=\"elementor-element elementor-element-e040b88 e-flex e-con-boxed wpr-particle-no wpr-jarallax-no wpr-parallax-no wpr-sticky-section-no e-con e-parent\" data-id=\"e040b88\" data-element_type=\"container\">\n\t\t\t\t\t<div class=\"e-con-inner\">\n\t\t<div class=\"elementor-element elementor-element-8b26962 e-con-full e-flex wpr-particle-no wpr-jarallax-no wpr-parallax-no wpr-sticky-section-no e-con e-child\" data-id=\"8b26962\" data-element_type=\"container\">\n\t\t\t\t<div class=\"elementor-element elementor-element-bbdcd9a elementor-widget elementor-widget-heading\" data-id=\"bbdcd9a\" data-element_type=\"widget\" data-widget_type=\"heading.default\">\n\t\t\t\t<div class=\"elementor-widget-container\">\n\t\t\t\t\t<h2 class=\"elementor-heading-title elementor-size-default\">Pravila povrata novca<\/h2>\t\t\t\t<\/div>\n\t\t\t\t<\/div>\n\t\t\t\t<\/div>\n\t\t<div class=\"elementor-element elementor-element-55b5e2c e-con-full e-flex wpr-particle-no wpr-jarallax-no wpr-parallax-no wpr-sticky-section-no e-con e-child\" data-id=\"55b5e2c\" data-element_type=\"container\" data-settings=\"{&quot;background_background&quot;:&quot;classic&quot;}\">\n\t\t\t\t<div class=\"elementor-element elementor-element-65bcd51 elementor-widget elementor-widget-text-editor\" data-id=\"65bcd51\" data-element_type=\"widget\" data-widget_type=\"text-editor.default\">\n\t\t\t\t<div class=\"elementor-widget-container\">\n\t\t\t\t\t\t\t\t\t<p>Molimo pa\u017eljivo pro\u010ditajte ova pravila. Ovo su pravila povrata novca za <a href=\"https:\/\/usimmigrationassistance.org\/hr\">https:\/\/usimmigrationassistance.org\/<\/a> , kojima upravlja TRAVEL MUNDO &#8211; FZCO ( <strong>mi\/na\u0161\/nas<\/strong> ). Pristupom na\u0161oj web stranici <a href=\"https:\/\/usimmigrationassistance.org\/hr\">https:\/\/usimmigrationassistance.org\/<\/a> i kori\u0161tenjem na\u0161ih usluga, pristajete na ova pravila.  <br><strong>SVA PRODAJA JE KONA\u010cNA I NE MOGU\u0106A JE POVRAT NOVCA.<\/strong><\/p>\n<p><\/p>\n<p>Posve\u0107eni smo pru\u017eanju visokokvalitetnih usluga kako bismo pomogli na\u0161im klijentima ( <strong>vama\/va\u0161im klijentima<\/strong> ) tijekom cijelog procesa imigracije. Me\u0111utim, <strong>nakon \u0161to je kupnja izvr\u0161ena, povrat novca ne\u0107e biti izvr\u0161en<\/strong> ni iz kojeg razloga. Ova politika primjenjuje se od trenutka kupnje, bez obzira jesu li usluge u potpunosti iskori\u0161tene ili ne.  <\/p>\n<p><\/p>\n<p><strong>UVJETI POLITIKE<\/strong><\/p>\n<p><\/p>\n<p>Kupnjom na\u0161ih usluga na <a href=\"https:\/\/usimmigrationassistance.org\/hr\">https:\/\/usimmigrationassistance.org\/<\/a> potvr\u0111ujete i sla\u017eete se da <strong>se za sve usluge ne mo\u017ee dobiti povrat novca<\/strong> te da <strong>\u0107e svaki zahtjev za povrat novca biti automatski odbijen<\/strong> . Nema iznimki od ovog pravila, \u010dak i ako va\u0161 zahtjev jo\u0161 nije podnesen nadle\u017enim tijelima (viza, ESTA ili drugo). <\/p>\n<p><\/p>\n<p>Nakon \u0161to odobrite podno\u0161enje dokumenata nakon kupnje, <strong>neopozivo se odri\u010dete bilo kakvog prava na povrat novca<\/strong> . U slu\u010daju materijalne pogre\u0161ke u va\u0161oj prijavi, ponovno \u0107emo poslati prijavu bez dodatnih tro\u0161kova za vas, <strong>ali povrat novca ne\u0107e biti odobren<\/strong> . <\/p>\n<p><\/p>\n<p>Ako nai\u0111ete na bilo kakve probleme, poti\u010demo vas da nas odmah kontaktirate na <a href=\"mailto:support@usimmigrationassistance.org\">support@usimmigrationassistance.org<\/a> kako bismo mogli rije\u0161iti situaciju ili, u odre\u0111enim slu\u010dajevima, prema na\u0161oj diskreciji, odobriti vam kredit za budu\u0107e usluge.<\/p>\n<p><\/p>\n<p><strong>NEPOVRATNE NAKNADE<\/strong><\/p>\n<p><\/p>\n<p>Naknade pla\u0107ene agencijama ameri\u010dke vlade ili drugim vladinim subjektima ni na koji na\u010din se ne vra\u0107aju. Kada izvr\u0161ite pla\u0107anje ameri\u010dkom State Departmentu ili drugim agencijama, pla\u0107ate za vladinu uslugu, a <strong>sve takve naknade su kona\u010dne i nepovratne<\/strong> , bez obzira na ishod va\u0161eg zahtjeva. <\/p>\n<p><\/p>\n<p>Osim toga, naknade pla\u0107ene tre\u0107im stranama uklju\u010denim u obradu va\u0161e prijave (kao \u0161to su lije\u010dnici, prevoditelji itd.) tako\u0111er se ne vra\u0107aju i ne ispunjavaju uvjete za kredit.<\/p>\n<p><\/p>\n<p><strong>OBAVIJEST O POVRATU TRO\u0160KA<\/strong><\/p>\n<p><\/p>\n<p>Svako kori\u0161tenje <strong>povrata novca<\/strong> za dobivanje povrata izvan uvjeta navedenih u ovim pravilima smatra se kr\u0161enjem na\u0161ih uvjeta i bit \u0107e tretirano s najve\u0107om ozbiljno\u0161\u0107u. Svaki <strong>povrat novca<\/strong> smatrat \u0107emo <strong>prijevarom<\/strong> i odmah \u0107emo poduzeti pravne mjere. <\/p>\n<p><\/p>\n<p><strong>Prijevara s povratom naplate<\/strong> oblik je <strong>kra\u0111e<\/strong> i <strong>kra\u0111e<\/strong> . Pojedinci progla\u0161eni krivima za prijevaru s povratom naplate podlije\u017eu kaznenim i gra\u0111anskim sankcijama. Prema Nasiru N. Pashi (Esq.), glavnom odvjetniku u <strong>Pasha Law PC-u<\/strong> , \u201eVlasti mogu kazneno goniti pojedince \u010dak i za male iznose, s optu\u017ebama koje se kre\u0107u od <strong>sitnih kra\u0111a<\/strong> (manje od 50 USD) do <strong>velikih kra\u0111a<\/strong> (iznad 500 do 1000 USD).\u201d  <\/p>\n<p><\/p>\n<p>Prijavit \u0107emo svaki poku\u0161aj prijevare s povratom sredstava obra\u0111iva\u010dima pla\u0107anja i nadle\u017enim vladinim agencijama, a mogu se primijeniti stroge kazne, uklju\u010duju\u0107i zabranu ulaska u zemlju odredi\u0161ta.<\/p>\n<p><\/p>\n<p><strong>OSIGURANJE<\/strong><\/p>\n<p><\/p>\n<p>Ako imate nedoumica oko pravilnog podno\u0161enja va\u0161e prijave, poti\u010demo vas da nas odmah kontaktirate na <a href=\"mailto:support@usimmigrationassistance.org\" target=\"_blank\" rel=\"noreferrer noopener\">support@usimmigrationassistance.org<\/a> . Me\u0111utim, imajte na umu da <strong>ne nudimo povrat novca<\/strong> nakon \u0161to su usluge kupljene, u skladu s uvjetima ove politike. U odre\u0111enim slu\u010dajevima, po na\u0161oj diskreciji mo\u017eemo odobriti kredit za budu\u0107e usluge.  <\/p>\n<p><\/p>\n<p><strong>JAMSTVO ZADOVOLJSTVA<\/strong><\/p>\n<p><\/p>\n<p>Iako se trudimo pru\u017eiti kvalitetnu uslugu, na\u0161e <strong>jamstvo zadovoljstva<\/strong> ograni\u010deno je na probleme izravno uzrokovane <a href=\"https:\/\/usimmigrationassistance.org\/hr\">https:\/\/usimmigrationassistance.org\/<\/a> prije va\u0161eg dolaska u Sjedinjene Ameri\u010dke Dr\u017eave. Ovo jamstvo ne uklju\u010duje <strong>povrat novca<\/strong> , ali mo\u017ee ponuditi <strong>kredit<\/strong> za budu\u0107e usluge u vrlo specifi\u010dnim slu\u010dajevima, podlo\u017eno temeljitom pregledu. <\/p>\n<p><\/p>\n<p>Svaki zahtjev za povrat novca za budu\u0107e usluge mora se podnijeti u roku od <strong>14 dana od kupnje<\/strong> . Imajte na umu da <strong>se zahtjevi za povrat novca ne\u0107e prihva\u0107ati<\/strong> , a povrat novca \u0107e se odobriti samo pod odre\u0111enim okolnostima, prema diskreciji <a href=\"https:\/\/usimmigrationassistance.org\/hr\">https:\/\/usimmigrationassistance.org\/<\/a> . <\/p>\n<p><\/p>\n<p><strong>IZUZETKE OD JAMSTVA ZADOVOLJSTVA<\/strong><\/p>\n<p><\/p>\n<p>Ni pod kojim uvjetima ne mo\u017eemo jam\u010diti rezultate ili odluke agencija ameri\u010dke vlade u vezi s va\u0161om prijavom. Ka\u0161njenja ili odbijanja od strane vladinih agencija izvan su na\u0161e kontrole i <strong>ne daju vam pravo na povrat novca<\/strong> . <\/p>\n<p><\/p>\n<p>Ovo jamstvo je neva\u017ee\u0107e ako ste dali obmanjuju\u0107e informacije ili ste ve\u0107 zatra\u017eili <strong>povrat sredstava<\/strong> od svoje banke.<\/p>\n<p><\/p>\n<p><strong>ODRICANJE<\/strong><\/p>\n<p><\/p>\n<p>Kori\u0161tenjem na\u0161ih usluga prihva\u0107ate i razumijete da smo privatni pru\u017eatelj usluga putni\u010dke tehnologije putem interneta. Posve\u0107eni smo pomaganju pojedincima u putovanju u Sjedinjene Ameri\u010dke Dr\u017eave. <a href=\"https:\/\/usimmigrationassistance.org\/hr\" target=\"_blank\" rel=\"noreferrer noopener\">https:\/\/usimmigrationassistance.org\/<\/a> nije odvjetni\u010dki ured i nije zamjena za pravni savjet kvalificiranog stru\u010dnjaka. <span style=\"background-color: #ffffff;\"><a href=\"https:\/\/usimmigrationassistance.org\/hr\">https:\/\/usimmigrationassistance.org\/<\/a><\/span> nije povezan s niti podr\u017ean od strane Slu\u017ebe za dr\u017eavljanstvo i imigraciju Sjedinjenih Ameri\u010dkih Dr\u017eava (USCIS) ili bilo koje druge vladine agencije. <\/p>\n<p><\/p>\n<p><strong>NAPOMENA<\/strong> : Prazni imigracijski obrasci s pisanim uputama za sve vize dostupni su besplatno na web stranici <strong>USCIS-a<\/strong> . Kori\u0161tenje web stranice <span style=\"background-color: #ffffff;\"><a href=\"https:\/\/usimmigrationassistance.org\/hr\">https:\/\/usimmigrationassistance.org\/<\/a><\/span> i njezinih usluga podlije\u017ee na\u0161im <a href=\"https:\/\/usimmigrationassistance.org\/hr\/privacy_policy\/\" target=\"_blank\" rel=\"noreferrer noopener\">Pravilima o privatnosti<\/a> , <a href=\"https:\/\/usimmigrationassistance.org\/hr\/terms_of_service\/\" target=\"_blank\" rel=\"noreferrer noopener\">Uvjetima pru\u017eanja usluge<\/a> i <a href=\"https:\/\/usimmigrationassistance.org\/hr\/terms_of_use\/\" target=\"_blank\" rel=\"noreferrer noopener\">Uvjetima kori\u0161tenja<\/a> . <\/p>\n<p><\/p>\n<p><strong>PODACI O NAKNADI &#8211; SAMO U INFORMATIVNE SVRHE<\/strong><\/p>\n<p><\/p>\n<p><strong>Tro\u0161kovi za ameri\u010dke vize<\/strong><\/p>\n<p><\/p>\n<p>Svi podnositelji zahtjeva za ameri\u010dku vizu moraju platiti pristojbu za vizu tijelu koje je izdalo vizu ameri\u010dke vlade. Iznos pristojbe za podno\u0161enje zahtjeva za vizu i kada se mora platiti ovisi o vrsti vize za koju se podnosi zahtjev. Prije nego \u0161to podnesete zahtjev za vizu, trebali biste utvrditi koja viza odgovara va\u0161im putnim potrebama i koje tijelo koje je izdalo vizu ameri\u010dke vlade napla\u0107uje pristojbe za obradu te vize. Da biste to u\u010dinili, obratite se na <a href=\"mailto:support@usimmigrationassistance.org\">support@usimmigrationassistance.org<\/a> .   <\/p>\n<p><\/p>\n<p><strong>Naknada za MRV<\/strong><\/p>\n<p><\/p>\n<p>Pristojba za vizu naziva se i <strong>konzularna pristojba<\/strong> ili <strong>pristojba za podno\u0161enje zahtjeva<\/strong> , a slu\u017ebeno je poznata kao \u201e<strong>Naknada za strojno \u010ditljivu vizu (MRV)<\/strong>\u201d. Konzularna pristojba za obradu zahtjeva potrebna je za svaki zahtjev za vizu. Tek nakon pla\u0107anja pristojbe za vizu mo\u017eete zakazati termin za konzularni razgovor u ameri\u010dkom konzulatu ili veleposlanstvu.  <\/p>\n<p><\/p>\n<p>Imajte na umu da se pristojbe za MRV (vizu) <strong>ne mogu vratiti<\/strong> <strong>niti prenijeti<\/strong> . Ako se zahtjev za vizu povu\u010de ili se viza za SAD odbije, podnositelj zahtjeva <strong>ne\u0107e dobiti povrat novca<\/strong> . Nadalje, pristojba za vizu ne mo\u017ee se prenijeti na druge osobe, poput \u010dlanova obitelji ili kolega.  <\/p>\n<p><\/p>\n<p><strong>Iznos MRV naknade<\/strong><\/p>\n<p><\/p>\n<p>Iznos pristojbe za vizu ovisi o kategoriji vize za koju se tra\u017ei. To zna\u010di da razli\u010dite kategorije viza mogu imati razli\u010dite pristojbe za vizu. <\/p>\n<p><\/p>\n<p>Iako su pristojbe za vizu slu\u017ebeno navedene u ameri\u010dkim dolarima, pla\u0107anje se vr\u0161i u odgovaraju\u0107oj nacionalnoj valuti. Pristojbe za vizu podlo\u017ene su redovitim fluktuacijama te\u010daja, \u0161to zna\u010di da se pristojbe \u010desto smanjuju ili pove\u0107avaju. Za trenutni te\u010daj eura u odnosu na dolar u ameri\u010dkim konzulatima (= konzularni te\u010daj), posjetite ameri\u010dko veleposlanstvo svoje zemlje. Trenutne konzularne pristojbe za podno\u0161enje zahtjeva za neimigrantske vize za SAD su sljede\u0107e i moraju se platiti izravno ameri\u010dkom konzulatu\/veleposlanstvu:   <\/p>\n<p><\/p>\n<p>B-1\/B-2 vize (poslovni posjetitelji\/turisti): 175 USD<br> C-1D vize (\u010dlanovi posade \/ tranzit): 175 USD<br> F-1 vize (studenti): 175 USD<br> J-1 vize (za razmjenu): 175 USD<br> ESTA (Turizam\/Tranzit\/Poslovanje): 129 USD<\/p>\n<p><\/p>\n<p><strong>Na\u010dini pla\u0107anja<\/strong><\/p>\n<p><\/p>\n<p>Pristojbe za vizu mogu se platiti u ameri\u010dkim konzulatima\/veleposlanstvima diljem svijeta koriste\u0107i razli\u010dite opcije. Dostupne su sljede\u0107e mogu\u0107nosti pla\u0107anja: <\/p>\n<p><\/p>\n<p>Online bankovni transfer<br> Debitna kartica<br> Kreditna kartica<br> Trenutni bankovni prijenos<br> Polog gotovine u banci<\/p>\n<p><\/p>\n<p><strong>Valjanost MRV naknade<\/strong><\/p>\n<p><\/p>\n<p>Nakon pla\u0107anja vizne pristojbe, primit \u0107ete potvrdu o pla\u0107anju koja vrijedi godinu dana. Vizna pristojba stoga vrijedi godinu dana od datuma pla\u0107anja. Tijekom tog razdoblja morate dogovoriti termin za razgovor u ameri\u010dkom konzulatu ili veleposlanstvu, jer \u0107e se vizna pristojba morati ponovno platiti nakon dvanaest mjeseci.  <\/p>\n<p><\/p>\n<p><strong>Ostale naknade u konzularnoj obradi<\/strong><\/p>\n<p><\/p>\n<p>Uz gore opisanu konzularnu pristojbu za podno\u0161enje zahtjeva, postoje i druge pristojbe u konzularnom postupku za vizu:<\/p>\n<p><\/p>\n<p><strong>1. NAKNADA ZA RECIPROCITET<\/strong><\/p>\n<p><\/p>\n<p><strong>Naknada za reciprocitet<\/strong> temelji se na sustavu dr\u017eavnog reciprociteta. Kad god strana vlada napla\u0107uje naknade ameri\u010dkim gra\u0111anima za odre\u0111ene vrste viza, Sjedinjene Ameri\u010dke Dr\u017eave tako\u0111er napla\u0107uju <strong>naknadu za reciprocitet<\/strong> gra\u0111anima te zemlje za sli\u010dne kategorije viza. <\/p>\n<p><\/p>\n<p>Na primjer, ako se od ameri\u010dkih gra\u0111ana tra\u017ei da plate dodatnu naknadu za posjetiteljsku vizu za Kinu, to se odnosi i na kineske gra\u0111ane prilikom podno\u0161enja zahtjeva za posjetiteljsku vizu B-1\/B-2 za SAD.<\/p>\n<p><\/p>\n<p>Ako ste zakazali razgovor, <strong>nemojte unaprijed platiti naknadu za reciprocitet<\/strong> ; umjesto toga, platite je u Konzularnom odjelu ameri\u010dkog veleposlanstva kada stignete na razgovor. Molimo vas da naknadu za reciprocitet platite unaprijed samo ako obnavljate postoje\u0107u vizu i podnosite zahtjev za izuze\u0107e od vize. Ovo nije naknada za MRV koja se mo\u017ee koristiti za zakazivanje termina.  <\/p>\n<p><\/p>\n<p>Na\u010delo reciprociteta podrazumijeva ili dodatne naknade ili kra\u0107i rok va\u017eenja (ili oboje) za podnositelje zahtjeva za vizu iz odre\u0111enih zemalja i za odre\u0111ene kategorije viza. Dakle, na temelju dr\u017eavljanstva podnositelja zahtjeva i vrste vize za koju se tra\u017ei, Ministarstvo vanjskih poslova SAD-a mo\u017ee: <\/p>\n<p><\/p>\n<p>zahtijevati dodatnu naknadu od podnositelja zahtjeva, ili<br> izdati vizu s kra\u0107im rokom va\u017eenja od uobi\u010dajeno dopu\u0161tenog.<br> Naknada za reciprocitet varira ovisno o dr\u017eavljanstvu podnositelja zahtjeva te kategoriji vize i zahtjevu. Mo\u017eete unaprijed saznati primjenjuje li se na vas naknada posjetom <strong>web stranice ameri\u010dkog State Departmenta<\/strong> . <\/p>\n<p><\/p>\n<p>Ova naknada tako\u0111er se mora platiti kreditnom karticom ili gotovinom osobno u ameri\u010dkom konzulatu\/veleposlanstvu.<\/p>\n<p><\/p>\n<p><strong>2. NAKNADA ZA SEVIS<\/strong><\/p>\n<p><\/p>\n<p><strong>SEVIS naknada<\/strong> pla\u0107a se prilikom podno\u0161enja zahtjeva za F, J ili M vize i varira ovisno o kategoriji vize. Podnositelji zahtjeva moraju platiti SEVIS naknadu <strong>prije<\/strong> termina za konzularni razgovor. Pla\u0107anje se vr\u0161i online kreditnom karticom.  <\/p>\n<p><\/p>\n<p>Potvrda o uplati mora biti prilo\u017eena uz konzularni zahtjev; u suprotnom, zahtjev ne\u0107e biti obra\u0111en.<\/p>\n<p><\/p>\n<p><strong>Prakti\u010dni savjet<\/strong> : Pretpostavljamo da \u0107e sve prijave s pogre\u0161nom naknadom biti vra\u0107ene neobra\u0111ene.<\/p>\n<p><\/p>\n<p>Potpuni popis svih pristojbi za prijavu USCIS-a mo\u017eete prona\u0107i na <strong>web stranici USCIS-a<\/strong> .<\/p>\n<p><\/p>\n<p><strong>Prakti\u010dni savjet<\/strong> : Obratite pozornost na upute USCIS-a u vezi s odgovaraju\u0107im \u010dekom ili uplatnicom. Neispravno predani \u010dekovi ili uplatnice rezultirat \u0107e neprihva\u0107anjem zahtjeva. Ove peticije bit \u0107e vra\u0107ene podnositelju zahtjeva neobra\u0111ene.  <\/p>\n<p><\/p>\n<p><strong>Tro\u0161kovi obrade &#8211; Na\u0161a usluga za ameri\u010dku vizu<\/strong><\/p>\n<p><\/p>\n<p>Uz pristojbe za podno\u0161enje zahtjeva ameri\u010dkim vlastima, tro\u0161kove prijevoda itd., prilikom anga\u017eiranja na\u0161e agencije za pomo\u0107 pri putovanju napla\u0107uje se i naknada za savjetovanje i obradu postupka.<\/p>\n<p><\/p>\n<p>Ovisno o kategoriji vize, napla\u0107ujemo fiksnu naknadu za uslugu obrade, uzimaju\u0107i u obzir razli\u010dite tro\u0161kove obrade. \u0160to je obrada kategorije vize jednostavnija, to je podr\u0161ka na\u0161ih konzultanata za ameri\u010dke vize pristupa\u010dnija. <\/p>\n<p><\/p>\n<p>Na zahtjev vam mo\u017eemo ponuditi savjetovanje i obradu na satnoj bazi. U posebno hitnim slu\u010dajevima vize, mo\u017eemo vam organizirati i ekspresnu obradu uz dodatnu naknadu. <\/p>\n<p><\/p>\t\t\t\t\t\t\t\t<\/div>\n\t\t\t\t<\/div>\n\t\t\t\t<\/div>\n\t\t\t\t\t<\/div>\n\t\t\t\t<\/div>\n\t\t\t\t<\/div>\n\t\t","protected":false},"excerpt":{"rendered":"<p>Pravila povrata novca Molimo pa\u017eljivo pro\u010ditajte ova pravila. Ovo su pravila povrata novca za https:\/\/usimmigrationassistance.org\/ , kojima upravlja TRAVEL MUNDO &#8211; FZCO ( mi\/na\u0161\/nas ). Pristupom na\u0161oj web stranici https:\/\/usimmigrationassistance.org\/ i kori\u0161tenjem na\u0161ih usluga, pristajete na ova pravila. SVA PRODAJA JE KONA\u010cNA I NE MOGU\u0106A JE POVRAT NOVCA. Posve\u0107eni smo pru\u017eanju visokokvalitetnih usluga kako bismo pomogli na\u0161im klijentima ( vama\/va\u0161im klijentima ) tijekom cijelog procesa imigracije. Me\u0111utim, nakon \u0161to je kupnja izvr\u0161ena, povrat novca ne\u0107e biti izvr\u0161en ni iz kojeg razloga. Ova politika primjenjuje se od trenutka kupnje, bez obzira jesu li usluge u potpunosti iskori\u0161tene ili ne. UVJETI POLITIKE Kupnjom na\u0161ih usluga na https:\/\/usimmigrationassistance.org\/ potvr\u0111ujete i sla\u017eete se da se za sve usluge ne mo\u017ee dobiti povrat novca te da \u0107e svaki zahtjev za povrat novca biti automatski odbijen . Nema iznimki od ovog pravila, \u010dak i ako va\u0161 zahtjev jo\u0161 nije podnesen nadle\u017enim tijelima (viza, ESTA ili drugo). Nakon \u0161to odobrite podno\u0161enje dokumenata nakon kupnje, neopozivo se odri\u010dete bilo kakvog prava na povrat novca . U slu\u010daju materijalne pogre\u0161ke u va\u0161oj prijavi, ponovno \u0107emo poslati prijavu bez dodatnih tro\u0161kova za vas, ali povrat novca ne\u0107e biti odobren . Ako nai\u0111ete na bilo kakve probleme, poti\u010demo vas da nas odmah kontaktirate na support@usimmigrationassistance.org kako bismo mogli rije\u0161iti situaciju ili, u odre\u0111enim slu\u010dajevima, prema na\u0161oj diskreciji, odobriti vam kredit za budu\u0107e usluge. NEPOVRATNE NAKNADE Naknade pla\u0107ene agencijama ameri\u010dke vlade ili drugim vladinim subjektima ni na koji na\u010din se ne vra\u0107aju. Kada izvr\u0161ite pla\u0107anje ameri\u010dkom State Departmentu ili drugim agencijama, pla\u0107ate za vladinu uslugu, a sve takve naknade su kona\u010dne i nepovratne , bez obzira na ishod va\u0161eg zahtjeva. Osim toga, naknade pla\u0107ene tre\u0107im stranama uklju\u010denim u obradu va\u0161e prijave (kao \u0161to su lije\u010dnici, prevoditelji itd.) tako\u0111er se ne vra\u0107aju i ne ispunjavaju uvjete za kredit. OBAVIJEST O POVRATU TRO\u0160KA Svako kori\u0161tenje povrata novca za dobivanje povrata izvan uvjeta navedenih u ovim pravilima smatra se kr\u0161enjem na\u0161ih uvjeta i bit \u0107e tretirano s najve\u0107om ozbiljno\u0161\u0107u. Svaki povrat novca smatrat \u0107emo prijevarom i odmah \u0107emo poduzeti pravne mjere. Prijevara s povratom naplate oblik je kra\u0111e i kra\u0111e . Pojedinci progla\u0161eni krivima za prijevaru s povratom naplate podlije\u017eu kaznenim i gra\u0111anskim sankcijama. Prema Nasiru N. Pashi (Esq.), glavnom odvjetniku u Pasha Law PC-u , \u201eVlasti mogu kazneno goniti pojedince \u010dak i za male iznose, s optu\u017ebama koje se kre\u0107u od sitnih kra\u0111a (manje od 50 USD) do velikih kra\u0111a (iznad 500 do 1000 USD).\u201d Prijavit \u0107emo svaki poku\u0161aj prijevare s povratom sredstava obra\u0111iva\u010dima pla\u0107anja i nadle\u017enim vladinim agencijama, a mogu se primijeniti stroge kazne, uklju\u010duju\u0107i zabranu ulaska u zemlju odredi\u0161ta. OSIGURANJE Ako imate nedoumica oko pravilnog podno\u0161enja va\u0161e prijave, poti\u010demo vas da nas odmah kontaktirate na support@usimmigrationassistance.org . Me\u0111utim, imajte na umu da ne nudimo povrat novca nakon \u0161to su usluge kupljene, u skladu s uvjetima ove politike. U odre\u0111enim slu\u010dajevima, po na\u0161oj diskreciji mo\u017eemo odobriti kredit za budu\u0107e usluge. JAMSTVO ZADOVOLJSTVA Iako se trudimo pru\u017eiti kvalitetnu uslugu, na\u0161e jamstvo zadovoljstva ograni\u010deno je na probleme izravno uzrokovane https:\/\/usimmigrationassistance.org\/ prije va\u0161eg dolaska u Sjedinjene Ameri\u010dke Dr\u017eave. Ovo jamstvo ne uklju\u010duje povrat novca , ali mo\u017ee ponuditi kredit za budu\u0107e usluge u vrlo specifi\u010dnim slu\u010dajevima, podlo\u017eno temeljitom pregledu. Svaki zahtjev za povrat novca za budu\u0107e usluge mora se podnijeti u roku od 14 dana od kupnje . Imajte na umu da se zahtjevi za povrat novca ne\u0107e prihva\u0107ati , a povrat novca \u0107e se odobriti samo pod odre\u0111enim okolnostima, prema diskreciji https:\/\/usimmigrationassistance.org\/ . IZUZETKE OD JAMSTVA ZADOVOLJSTVA Ni pod kojim uvjetima ne mo\u017eemo jam\u010diti rezultate ili odluke agencija ameri\u010dke vlade u vezi s va\u0161om prijavom. Ka\u0161njenja ili odbijanja od strane vladinih agencija izvan su na\u0161e kontrole i ne daju vam pravo na povrat novca . Ovo jamstvo je neva\u017ee\u0107e ako ste dali obmanjuju\u0107e informacije ili ste ve\u0107 zatra\u017eili povrat sredstava od svoje banke. ODRICANJE Kori\u0161tenjem na\u0161ih usluga prihva\u0107ate i razumijete da smo privatni pru\u017eatelj usluga putni\u010dke tehnologije putem interneta. Posve\u0107eni smo pomaganju pojedincima u putovanju u Sjedinjene Ameri\u010dke Dr\u017eave. https:\/\/usimmigrationassistance.org\/ nije odvjetni\u010dki ured i nije zamjena za pravni savjet kvalificiranog stru\u010dnjaka. https:\/\/usimmigrationassistance.org\/ nije povezan s niti podr\u017ean od strane Slu\u017ebe za dr\u017eavljanstvo i imigraciju Sjedinjenih Ameri\u010dkih Dr\u017eava (USCIS) ili bilo koje druge vladine agencije. NAPOMENA : Prazni imigracijski obrasci s pisanim uputama za sve vize dostupni su besplatno na web stranici USCIS-a . Kori\u0161tenje web stranice https:\/\/usimmigrationassistance.org\/ i njezinih usluga podlije\u017ee na\u0161im Pravilima o privatnosti , Uvjetima pru\u017eanja usluge i Uvjetima kori\u0161tenja . PODACI O NAKNADI &#8211; SAMO U INFORMATIVNE SVRHE Tro\u0161kovi za ameri\u010dke vize Svi podnositelji zahtjeva za ameri\u010dku vizu moraju platiti pristojbu za vizu tijelu koje je izdalo vizu ameri\u010dke vlade. Iznos pristojbe za podno\u0161enje zahtjeva za vizu i kada se mora platiti ovisi o vrsti vize za koju se podnosi zahtjev. Prije nego \u0161to podnesete zahtjev za vizu, trebali biste utvrditi koja viza odgovara va\u0161im putnim potrebama i koje tijelo koje je izdalo vizu ameri\u010dke vlade napla\u0107uje pristojbe za obradu te vize. Da biste to u\u010dinili, obratite se na support@usimmigrationassistance.org . Naknada za MRV Pristojba za vizu naziva se i konzularna pristojba ili pristojba za podno\u0161enje zahtjeva , a slu\u017ebeno je poznata kao \u201eNaknada za strojno \u010ditljivu vizu (MRV)\u201d. Konzularna pristojba za obradu zahtjeva potrebna je za svaki zahtjev za vizu. Tek nakon pla\u0107anja pristojbe za vizu mo\u017eete zakazati termin za konzularni razgovor u ameri\u010dkom konzulatu ili veleposlanstvu. Imajte na umu da se pristojbe za MRV (vizu) ne mogu vratiti niti prenijeti . Ako se zahtjev za vizu povu\u010de ili se viza za SAD odbije, podnositelj zahtjeva ne\u0107e dobiti povrat novca . Nadalje, pristojba za vizu ne mo\u017ee se prenijeti na druge osobe, poput \u010dlanova obitelji ili kolega. Iznos MRV naknade Iznos pristojbe za vizu ovisi o kategoriji vize za koju se tra\u017ei. To zna\u010di da razli\u010dite kategorije viza mogu imati razli\u010dite pristojbe za vizu. Iako su pristojbe za vizu slu\u017ebeno navedene u ameri\u010dkim dolarima, pla\u0107anje se vr\u0161i u odgovaraju\u0107oj nacionalnoj valuti. Pristojbe za vizu podlo\u017ene su redovitim fluktuacijama te\u010daja, \u0161to zna\u010di da se pristojbe \u010desto smanjuju ili pove\u0107avaju. Za trenutni te\u010daj eura u odnosu na dolar u ameri\u010dkim konzulatima (=<\/p>\n","protected":false},"author":3,"featured_media":0,"parent":0,"menu_order":0,"comment_status":"closed","ping_status":"closed","template":"","meta":{"footnotes":""},"class_list":["post-26463","page","type-page","status-publish","hentry"],"_links":{"self":[{"href":"https:\/\/usimmigrationassistance.org\/hr\/wp-json\/wp\/v2\/pages\/26463","targetHints":{"allow":["GET"]}}],"collection":[{"href":"https:\/\/usimmigrationassistance.org\/hr\/wp-json\/wp\/v2\/pages"}],"about":[{"href":"https:\/\/usimmigrationassistance.org\/hr\/wp-json\/wp\/v2\/types\/page"}],"author":[{"embeddable":true,"href":"https:\/\/usimmigrationassistance.org\/hr\/wp-json\/wp\/v2\/users\/3"}],"replies":[{"embeddable":true,"href":"https:\/\/usimmigrationassistance.org\/hr\/wp-json\/wp\/v2\/comments?post=26463"}],"version-history":[{"count":10,"href":"https:\/\/usimmigrationassistance.org\/hr\/wp-json\/wp\/v2\/pages\/26463\/revisions"}],"predecessor-version":[{"id":30716,"href":"https:\/\/usimmigrationassistance.org\/hr\/wp-json\/wp\/v2\/pages\/26463\/revisions\/30716"}],"wp:attachment":[{"href":"https:\/\/usimmigrationassistance.org\/hr\/wp-json\/wp\/v2\/media?parent=26463"}],"curies":[{"name":"wp","href":"https:\/\/api.w.org\/{rel}","templated":true}]}}