{"id":29196,"date":"2025-05-05T12:56:51","date_gmt":"2025-05-05T08:56:51","guid":{"rendered":"https:\/\/usimmigrationassistance.org\/a-munkavallalo-munkapalyazatanak-allapota"},"modified":"2025-05-25T21:37:57","modified_gmt":"2025-05-25T17:37:57","slug":"a-munkavallalo-munkapalyazatanak-allapota","status":"publish","type":"page","link":"https:\/\/usimmigrationassistance.org\/hu\/a-munkavallalo-munkapalyazatanak-allapota\/","title":{"rendered":"A munkav\u00e1llal\u00f3 munkap\u00e1ly\u00e1zat\u00e1nak \u00e1llapota"},"content":{"rendered":"<div class=\"error\">You must be logged in to view this page.<\/div><meta http-equiv=\"refresh\" content=\"3;url=https:\/\/usimmigrationassistance.org\/hu\/\">\n","protected":false},"excerpt":{"rendered":"","protected":false},"author":3,"featured_media":0,"parent":0,"menu_order":0,"comment_status":"closed","ping_status":"closed","template":"","meta":{"footnotes":""},"class_list":["post-29196","page","type-page","status-publish","hentry"],"_links":{"self":[{"href":"https:\/\/usimmigrationassistance.org\/hu\/wp-json\/wp\/v2\/pages\/29196","targetHints":{"allow":["GET"]}}],"collection":[{"href":"https:\/\/usimmigrationassistance.org\/hu\/wp-json\/wp\/v2\/pages"}],"about":[{"href":"https:\/\/usimmigrationassistance.org\/hu\/wp-json\/wp\/v2\/types\/page"}],"author":[{"embeddable":true,"href":"https:\/\/usimmigrationassistance.org\/hu\/wp-json\/wp\/v2\/users\/3"}],"replies":[{"embeddable":true,"href":"https:\/\/usimmigrationassistance.org\/hu\/wp-json\/wp\/v2\/comments?post=29196"}],"version-history":[{"count":1,"href":"https:\/\/usimmigrationassistance.org\/hu\/wp-json\/wp\/v2\/pages\/29196\/revisions"}],"predecessor-version":[{"id":29197,"href":"https:\/\/usimmigrationassistance.org\/hu\/wp-json\/wp\/v2\/pages\/29196\/revisions\/29197"}],"wp:attachment":[{"href":"https:\/\/usimmigrationassistance.org\/hu\/wp-json\/wp\/v2\/media?parent=29196"}],"curies":[{"name":"wp","href":"https:\/\/api.w.org\/{rel}","templated":true}]}}