{"id":29230,"date":"2025-03-18T07:09:49","date_gmt":"2025-03-18T06:09:49","guid":{"rendered":"https:\/\/usimmigrationassistance.org\/jogi-nyilatkozat"},"modified":"2025-05-25T21:40:40","modified_gmt":"2025-05-25T17:40:40","slug":"jogi-nyilatkozat","status":"publish","type":"page","link":"https:\/\/usimmigrationassistance.org\/hu\/jogi-nyilatkozat\/","title":{"rendered":"Jogi nyilatkozat"},"content":{"rendered":"\t\t<div data-elementor-type=\"wp-page\" data-elementor-id=\"29230\" class=\"elementor elementor-29230 elementor-881\" data-elementor-post-type=\"page\">\n\t\t\t\t<div class=\"elementor-element elementor-element-38977736 e-flex e-con-boxed wpr-particle-no wpr-jarallax-no wpr-parallax-no wpr-sticky-section-no e-con e-parent\" data-id=\"38977736\" data-element_type=\"container\">\n\t\t\t\t\t<div class=\"e-con-inner\">\n\t\t<div class=\"elementor-element elementor-element-95d71bf e-con-full e-flex wpr-particle-no wpr-jarallax-no wpr-parallax-no wpr-sticky-section-no e-con e-child\" data-id=\"95d71bf\" data-element_type=\"container\">\n\t\t\t\t<div class=\"elementor-element elementor-element-06e6898 elementor-widget elementor-widget-heading\" data-id=\"06e6898\" data-element_type=\"widget\" data-widget_type=\"heading.default\">\n\t\t\t\t<div class=\"elementor-widget-container\">\n\t\t\t\t\t<h2 class=\"elementor-heading-title elementor-size-default\">Jogi nyilatkozat<\/h2>\t\t\t\t<\/div>\n\t\t\t\t<\/div>\n\t\t\t\t<\/div>\n\t\t<div class=\"elementor-element elementor-element-30dafa5 e-con-full e-flex wpr-particle-no wpr-jarallax-no wpr-parallax-no wpr-sticky-section-no e-con e-child\" data-id=\"30dafa5\" data-element_type=\"container\" data-settings=\"{&quot;background_background&quot;:&quot;classic&quot;}\">\n\t\t\t\t<div class=\"elementor-element elementor-element-20545007 elementor-widget elementor-widget-text-editor\" data-id=\"20545007\" data-element_type=\"widget\" data-widget_type=\"text-editor.default\">\n\t\t\t\t<div class=\"elementor-widget-container\">\n\t\t\t\t\t\t\t\t\t<p><\/p>\n<p>Sem a TR\u0410VEL MUNDO &#8211; FZCO, sem <a href=\"https:\/\/usimmigrationassistance.org\/hu\" target=\"_blank\" rel=\"noopener\">az usimmigrationassistance.org<\/a> nem \u00e1ll kapcsolatban az Egyes\u00fclt \u00c1llamok K\u00fcl\u00fcgyminiszt\u00e9rium\u00e1val (US DOS), az Egyes\u00fclt \u00c1llamok Belbiztons\u00e1gi Miniszt\u00e9rium\u00e1val (US DHS), az Egyes\u00fclt \u00c1llamok \u00c1llampolg\u00e1rs\u00e1gi \u00e9s Bev\u00e1ndorl\u00e1si Szolg\u00e1lat\u00e1val (USCIS) vagy az Egyes\u00fclt \u00c1llamok b\u00e1rmely m\u00e1s korm\u00e1nyzati szerv\u00e9vel.<br> Nem vagyunk \u00fcgyv\u00e9di iroda, nem ny\u00fajtunk jogi tan\u00e1csad\u00e1st, \u00e9s nem helyettes\u00edtj\u00fck az \u00fcgyv\u00e9det.<br> Egy priv\u00e1t, internetalap\u00fa utaz\u00e1si \u00e9s bev\u00e1ndorl\u00e1si tan\u00e1csad\u00f3 c\u00e9g vagyunk, amely elk\u00f6telezett az egy\u00e9nek Egyes\u00fclt \u00c1llamokba val\u00f3 utaz\u00e1s\u00e1nak seg\u00edt\u00e9se ir\u00e1nt.  <\/p>\n<p><\/p>\n<p><\/p>\n<p>Sem a TR\u0410VEL MUNDO &#8211; FZCO, <a href=\"https:\/\/usimmigrationassistance.org\/hu\" target=\"_blank\" rel=\"noopener\">az usimmigrationassistance.org<\/a> , sem alkalmazottai nem \u00e1ll\u00edtj\u00e1k, hogy speci\u00e1lis ismeretekkel rendelkeznek a bev\u00e1ndorl\u00e1si jog vagy elj\u00e1r\u00e1sok ter\u00e9n. A jelentkez\u00e9si lap elk\u00e9sz\u00edt\u00e9s\u00e9vel kapcsolatos seg\u00edts\u00e9gny\u00fajt\u00e1si szolg\u00e1ltat\u00e1sok felt\u00fcntetett \u00e1rai NEM tartalmazz\u00e1k a korm\u00e1nyzati jelentkez\u00e9si, orvosi vizsg\u00e1lati, beny\u00fajt\u00e1si vagy biometrikus d\u00edjakat. A korm\u00e1nyzati d\u00edjak nem visszat\u00e9r\u00edthet\u0151k. Az \u00fcgyv\u00e9di d\u00edjak nem visszat\u00e9r\u00edthet\u0151k.   <\/p>\n<p><\/p>\n<p><\/p>\n<p>Az Egyes\u00fclt \u00c1llamok v\u00edzumpolitik\u00e1ja azokat a k\u00f6vetelm\u00e9nyeket szab\u00e1lyozza, amelyeket egy k\u00fclf\u00f6ldi \u00e1llampolg\u00e1rnak teljes\u00edtenie kell az Egyes\u00fclt \u00c1llamokba bel\u00e9pni k\u00edv\u00e1n\u00f3 szem\u00e9ly v\u00edzum megszerz\u00e9s\u00e9hez, amely enged\u00e9lyt ad az Egyes\u00fclt \u00c1llamokba val\u00f3 utaz\u00e1sra, bel\u00e9p\u00e9sre \u00e9s\/vagy ott-tart\u00f3zkod\u00e1sra. Az Egyes\u00fclt \u00c1llamokba l\u00e1togat\u00f3knak v\u00edzumot kell k\u00e9rni\u00fck az Egyes\u00fclt \u00c1llamok egyik diplom\u00e1ciai k\u00e9pviselet\u00e9t\u0151l, kiv\u00e9ve, ha v\u00edzummentes orsz\u00e1gokb\u00f3l vagy a v\u00edzummentess\u00e9gi programban r\u00e9szt vev\u0151 orsz\u00e1gokb\u00f3l \u00e9rkeznek. Ugyanezek a szab\u00e1lyok vonatkoznak Puerto Ric\u00f3ra \u00e9s az Egyes\u00fclt \u00c1llamok Virgin-szigeteire, m\u00edg az Egyes\u00fclt \u00c1llamok t\u00f6bbi ter\u00fclet\u00e9re, nevezetesen Guamra, az \u00c9szaki-Mariana-szigetekre \u00e9s Amerikai Szamo\u00e1ra elt\u00e9r\u0151 szab\u00e1lyok vonatkoznak.  <\/p>\n<p><\/p>\n<p><\/p>\n<p>Az \u00d6n \u00e1ltal, vagy az \u00d6n nev\u00e9ben egy kijel\u00f6lt harmadik f\u00e9l \u00e1ltal megadott \u00f6sszes inform\u00e1ci\u00f3nak igaznak \u00e9s helyesnek kell lennie. Az amerikai v\u00edzum b\u00e1rmikor \u00e9s b\u00e1rmilyen okb\u00f3l visszavonhat\u00f3, p\u00e9ld\u00e1ul \u00faj, a jogosults\u00e1got befoly\u00e1sol\u00f3 inform\u00e1ci\u00f3k miatt. K\u00f6zigazgat\u00e1si vagy b\u00fcntet\u0151jogi szankci\u00f3kra sz\u00e1m\u00edthat, ha tudatosan \u00e9s sz\u00e1nd\u00e9kosan l\u00e9nyegesen hamis, fikt\u00edv vagy csal\u00e1rd nyilatkozatot vagy nyilatkozatot tesz az \u00d6n \u00e1ltal vagy az \u00d6n nev\u00e9ben beny\u00fajtott v\u00edzumk\u00e9relm\u00e9ben.  <\/p>\n<p><\/p>\n<p><\/p>\n<p>K\u00e9rj\u00fck, tekintse meg a Visszat\u00e9r\u00edt\u00e9si Szab\u00e1lyzatot, miel\u0151tt szolg\u00e1ltat\u00e1st v\u00e1s\u00e1rolna weboldalunkon.<\/p>\n<p><\/p>\n<p><\/p>\n<p>Ez a weboldal \u00e1ltal\u00e1nos inform\u00e1ci\u00f3kat tartalmaz a bev\u00e1ndorl\u00e1ssal kapcsolatos k\u00e9rd\u00e9sekr\u0151l \u00e9s fejlem\u00e9nyekr\u0151l. Az ilyen anyagok kiz\u00e1r\u00f3lag t\u00e1j\u00e9koztat\u00f3 jelleg\u0171ek, \u00e9s nem felt\u00e9tlen\u00fcl t\u00fckr\u00f6zik a legfrissebb fejlem\u00e9nyeket. Ezek a t\u00e1j\u00e9koztat\u00f3 anyagok nem min\u0151s\u00fclnek jogi tan\u00e1csad\u00e1snak semmilyen t\u00e9ny vagy k\u00f6r\u00fclm\u00e9ny tekintet\u00e9ben, \u00e9s nem is szabad azokk\u00e9nt \u00e9rtelmezni. Konkr\u00e9t jogi probl\u00e9m\u00e1k eset\u00e9n forduljon \u00fcgyv\u00e9dhez \u00fatmutat\u00e1s\u00e9rt.   <\/p>\n<p><\/p>\n<p><\/p>\n<p>B\u00e1r igyeksz\u00fcnk a weboldalon tal\u00e1lhat\u00f3 inform\u00e1ci\u00f3kat naprak\u00e9szen \u00e9s helyesen tartani, a TR\u0410VEL MUNDO &#8211; FZCO semmilyen kifejezett vagy hallgat\u00f3lagos nyilatkozatot vagy garanci\u00e1t nem v\u00e1llal a weboldal vagy a weboldalon tal\u00e1lhat\u00f3 inform\u00e1ci\u00f3k, term\u00e9kek, szolg\u00e1ltat\u00e1sok vagy kapcsol\u00f3d\u00f3 grafik\u00e1k teljess\u00e9g\u00e9re, pontoss\u00e1g\u00e1ra, megb\u00edzhat\u00f3s\u00e1g\u00e1ra, alkalmass\u00e1g\u00e1ra vagy el\u00e9rhet\u0151s\u00e9g\u00e9re vonatkoz\u00f3an, b\u00e1rmilyen c\u00e9lb\u00f3l. Ez\u00e9rt az ilyen anyagokra val\u00f3 b\u00e1rmilyen t\u00e1maszkod\u00e1s szigor\u00faan saj\u00e1t felel\u0151ss\u00e9g\u00e9re t\u00f6rt\u00e9nik. <\/p>\n<p><\/p>\n<p><\/p>\n<p>A TR\u0410VEL MUNDO &#8211; FZCO nem v\u00e1llal felel\u0151ss\u00e9get a weboldalon megjelen\u00edtett hamis, pontatlan, nem megfelel\u0151 vagy hi\u00e1nyos inform\u00e1ci\u00f3k\u00e9rt.<\/p>\n<p><\/p>\n<p><\/p>\n<p>B\u00e1r minden er\u0151fesz\u00edt\u00e9st megtesz\u00fcnk a weboldal z\u00f6kken\u0151mentes m\u0171k\u00f6d\u00e9s\u00e9nek fenntart\u00e1sa \u00e9rdek\u00e9ben, az internet \u00e9s az alkalmazott technol\u00f3gia jellege miatt a TR\u0410VEL MUNDO &#8211; FZCO nem v\u00e1llal felel\u0151ss\u00e9get a weboldal technikai (vagy egy\u00e9b) probl\u00e9m\u00e1k miatti ideiglenes el\u00e9rhetetlens\u00e9g\u00e9\u00e9rt, illetve a weboldal haszn\u00e1lat\u00e1b\u00f3l, el\u00e9r\u00e9s\u00e9b\u0151l, illetve a haszn\u00e1lat\u00e1nak vagy el\u00e9r\u00e9s\u00e9nek lehetetlens\u00e9g\u00e9b\u0151l ered\u0151 b\u00e1rmilyen vesztes\u00e9g\u00e9rt vagy k\u00e1r\u00e9rt.<\/p>\n<p><\/p>\n<p><\/p>\n<p>A weboldalon tal\u00e1lhat\u00f3 bizonyos linkek olyan weboldalakra vezetnek, amelyek nem a TR\u0410VEL MUNDO &#8211; FZCO ellen\u0151rz\u00e9se alatt \u00e1llnak. Amikor aktiv\u00e1lja ezeket, elhagyja a TR\u0410VEL MUNDO &#8211; FZCO weboldal\u00e1t. A TR\u0410VEL MUNDO &#8211; FZCO nincs befoly\u00e1ssal a TR\u0410VEL MUNDO &#8211; FZCO ellen\u0151rz\u00e9se alatt nem \u00e1ll\u00f3 weboldalakon el\u00e9rhet\u0151 anyagokra, term\u00e9kekre vagy szolg\u00e1ltat\u00e1sokra, \u00e9s nem v\u00e1llal felel\u0151ss\u00e9get \u00e9rt\u00fck.  <\/p>\n<p><\/p>\n<p><\/p>\n<p>A t\u00f6rv\u00e9ny \u00e1ltal nem tiltott m\u00e9rt\u00e9kben a TR\u0410VEL MUNDO &#8211; FZCO semmilyen k\u00f6r\u00fclm\u00e9nyek k\u00f6z\u00f6tt sem felel\u0151s \u00d6nnel vagy b\u00e1rmely harmadik f\u00e9llel szemben semmilyen vesztes\u00e9g\u00e9rt vagy k\u00e1r\u00e9rt (bele\u00e9rtve korl\u00e1toz\u00e1s n\u00e9lk\u00fcl az \u00fczleti vesztes\u00e9gb\u0151l vagy az elmaradt haszonb\u00f3l ered\u0151 k\u00e1rokat), amely k\u00f6zvetlen\u00fcl vagy k\u00f6zvetve a webhely vagy az azon tal\u00e1lhat\u00f3 b\u00e1rmely anyag haszn\u00e1lat\u00e1b\u00f3l vagy haszn\u00e1lat\u00e1nak hi\u00e1ny\u00e1b\u00f3l ered.<\/p>\n<p><\/p>\n<p><\/p>\n<p>A szolg\u00e1ltat\u00e1sunkon kereszt\u00fcl kit\u00f6lt\u00f6tt jelentkez\u00e9si lapok \u00fcres \u0171rlapok form\u00e1j\u00e1ban ingyenesen el\u00e9rhet\u0151k egyes USA korm\u00e1nyzati weboldalakon. Mag\u00e1ntulajdonban l\u00e9v\u0151, internetalap\u00fa utaz\u00e1si szolg\u00e1ltat\u00f3 vagyunk, amely elk\u00f6telezett az egy\u00e9nek Egyes\u00fclt \u00c1llamokba val\u00f3 utaz\u00e1s\u00e1nak seg\u00edt\u00e9se ir\u00e1nt. Ha nem k\u00edv\u00e1nja ig\u00e9nybe venni szolg\u00e1ltat\u00e1sainkat, k\u00f6zvetlen\u00fcl a <a href=\"https:\/\/travel.state.gov\/\" target=\"_blank\" rel=\"noreferrer noopener\">travel.state.gov<\/a> vagy <a href=\"https:\/\/uscis.gov\/\" target=\"_blank\" rel=\"noreferrer noopener\">az uscis.gov<\/a> oldalon is jelentkezhet.  <\/p>\n<p><\/p>\n<p><\/p>\n<p>Ne haszn\u00e1lja ezt a weboldalt arra, hogy bizalmas inform\u00e1ci\u00f3kat adjon meg jogi \u00fcgyeivel kapcsolatban az \u00fcgyn\u00f6k\u00f6knek. A weboldal haszn\u00e1lata nem teszi \u00d6nt egy \u00fcgyv\u00e9di iroda \u00fcgyfel\u00e9v\u00e9, s\u0151t m\u00e9g egy leend\u0151 \u00fcgyfel\u00e9v\u00e9 sem. <\/p>\n<p><\/p>\n<p><\/p>\n<p>K\u00e9nyelmi okokb\u00f3l ez a weboldal harmadik f\u00e9l weboldalaira mutat\u00f3 hivatkoz\u00e1sokat tartalmazhat. Az ilyen hivatkozott weboldalak nem \u00e1llnak az ellen\u0151rz\u00e9s\u00fcnk alatt, \u00e9s nem v\u00e1llalunk felel\u0151ss\u00e9get az ilyen weboldalak tartalm\u00e1nak pontoss\u00e1g\u00e1\u00e9rt. <\/p>\n<p><\/p>\n<p><\/p>\n<p>A weboldal l\u00e1togat\u00e1s\u00e1val \u00e9s\/vagy haszn\u00e1lat\u00e1val \u00d6n elfogadja \u00e9s egy\u00e9rtelm\u0171en meg\u00e9rti a weboldalon felt\u00fcntetett jogi nyilatkozatokat, <a href=\"https:\/\/usimmigrationassistance.org\/terms_of_use\" target=\"_blank\" rel=\"noreferrer noopener\">Felhaszn\u00e1l\u00e1si felt\u00e9teleket<\/a> , <a href=\"https:\/\/usimmigrationassistance.org\/privacy_policy\" target=\"_blank\" rel=\"noreferrer noopener\">Adatv\u00e9delmi ir\u00e1nyelveket<\/a> \u00e9s <a href=\"https:\/\/usimmigrationassistance.org\/refund_policy\" target=\"_blank\" rel=\"noreferrer noopener\">visszat\u00e9r\u00edt\u00e9si<\/a> szab\u00e1lyzatokat.<\/p>\n<p><\/p>\t\t\t\t\t\t\t\t<\/div>\n\t\t\t\t<\/div>\n\t\t\t\t<\/div>\n\t\t\t\t\t<\/div>\n\t\t\t\t<\/div>\n\t\t\t\t<\/div>\n\t\t","protected":false},"excerpt":{"rendered":"<p>Jogi nyilatkozat Sem a TR\u0410VEL MUNDO &#8211; FZCO, sem az usimmigrationassistance.org nem \u00e1ll kapcsolatban az Egyes\u00fclt \u00c1llamok K\u00fcl\u00fcgyminiszt\u00e9rium\u00e1val (US DOS), az Egyes\u00fclt \u00c1llamok Belbiztons\u00e1gi Miniszt\u00e9rium\u00e1val (US DHS), az Egyes\u00fclt \u00c1llamok \u00c1llampolg\u00e1rs\u00e1gi \u00e9s Bev\u00e1ndorl\u00e1si Szolg\u00e1lat\u00e1val (USCIS) vagy az Egyes\u00fclt \u00c1llamok b\u00e1rmely m\u00e1s korm\u00e1nyzati szerv\u00e9vel. Nem vagyunk \u00fcgyv\u00e9di iroda, nem ny\u00fajtunk jogi tan\u00e1csad\u00e1st, \u00e9s nem helyettes\u00edtj\u00fck az \u00fcgyv\u00e9det. Egy priv\u00e1t, internetalap\u00fa utaz\u00e1si \u00e9s bev\u00e1ndorl\u00e1si tan\u00e1csad\u00f3 c\u00e9g vagyunk, amely elk\u00f6telezett az egy\u00e9nek Egyes\u00fclt \u00c1llamokba val\u00f3 utaz\u00e1s\u00e1nak seg\u00edt\u00e9se ir\u00e1nt. Sem a TR\u0410VEL MUNDO &#8211; FZCO, az usimmigrationassistance.org , sem alkalmazottai nem \u00e1ll\u00edtj\u00e1k, hogy speci\u00e1lis ismeretekkel rendelkeznek a bev\u00e1ndorl\u00e1si jog vagy elj\u00e1r\u00e1sok ter\u00e9n. A jelentkez\u00e9si lap elk\u00e9sz\u00edt\u00e9s\u00e9vel kapcsolatos seg\u00edts\u00e9gny\u00fajt\u00e1si szolg\u00e1ltat\u00e1sok felt\u00fcntetett \u00e1rai NEM tartalmazz\u00e1k a korm\u00e1nyzati jelentkez\u00e9si, orvosi vizsg\u00e1lati, beny\u00fajt\u00e1si vagy biometrikus d\u00edjakat. A korm\u00e1nyzati d\u00edjak nem visszat\u00e9r\u00edthet\u0151k. Az \u00fcgyv\u00e9di d\u00edjak nem visszat\u00e9r\u00edthet\u0151k. Az Egyes\u00fclt \u00c1llamok v\u00edzumpolitik\u00e1ja azokat a k\u00f6vetelm\u00e9nyeket szab\u00e1lyozza, amelyeket egy k\u00fclf\u00f6ldi \u00e1llampolg\u00e1rnak teljes\u00edtenie kell az Egyes\u00fclt \u00c1llamokba bel\u00e9pni k\u00edv\u00e1n\u00f3 szem\u00e9ly v\u00edzum megszerz\u00e9s\u00e9hez, amely enged\u00e9lyt ad az Egyes\u00fclt \u00c1llamokba val\u00f3 utaz\u00e1sra, bel\u00e9p\u00e9sre \u00e9s\/vagy ott-tart\u00f3zkod\u00e1sra. Az Egyes\u00fclt \u00c1llamokba l\u00e1togat\u00f3knak v\u00edzumot kell k\u00e9rni\u00fck az Egyes\u00fclt \u00c1llamok egyik diplom\u00e1ciai k\u00e9pviselet\u00e9t\u0151l, kiv\u00e9ve, ha v\u00edzummentes orsz\u00e1gokb\u00f3l vagy a v\u00edzummentess\u00e9gi programban r\u00e9szt vev\u0151 orsz\u00e1gokb\u00f3l \u00e9rkeznek. Ugyanezek a szab\u00e1lyok vonatkoznak Puerto Ric\u00f3ra \u00e9s az Egyes\u00fclt \u00c1llamok Virgin-szigeteire, m\u00edg az Egyes\u00fclt \u00c1llamok t\u00f6bbi ter\u00fclet\u00e9re, nevezetesen Guamra, az \u00c9szaki-Mariana-szigetekre \u00e9s Amerikai Szamo\u00e1ra elt\u00e9r\u0151 szab\u00e1lyok vonatkoznak. Az \u00d6n \u00e1ltal, vagy az \u00d6n nev\u00e9ben egy kijel\u00f6lt harmadik f\u00e9l \u00e1ltal megadott \u00f6sszes inform\u00e1ci\u00f3nak igaznak \u00e9s helyesnek kell lennie. Az amerikai v\u00edzum b\u00e1rmikor \u00e9s b\u00e1rmilyen okb\u00f3l visszavonhat\u00f3, p\u00e9ld\u00e1ul \u00faj, a jogosults\u00e1got befoly\u00e1sol\u00f3 inform\u00e1ci\u00f3k miatt. K\u00f6zigazgat\u00e1si vagy b\u00fcntet\u0151jogi szankci\u00f3kra sz\u00e1m\u00edthat, ha tudatosan \u00e9s sz\u00e1nd\u00e9kosan l\u00e9nyegesen hamis, fikt\u00edv vagy csal\u00e1rd nyilatkozatot vagy nyilatkozatot tesz az \u00d6n \u00e1ltal vagy az \u00d6n nev\u00e9ben beny\u00fajtott v\u00edzumk\u00e9relm\u00e9ben. K\u00e9rj\u00fck, tekintse meg a Visszat\u00e9r\u00edt\u00e9si Szab\u00e1lyzatot, miel\u0151tt szolg\u00e1ltat\u00e1st v\u00e1s\u00e1rolna weboldalunkon. Ez a weboldal \u00e1ltal\u00e1nos inform\u00e1ci\u00f3kat tartalmaz a bev\u00e1ndorl\u00e1ssal kapcsolatos k\u00e9rd\u00e9sekr\u0151l \u00e9s fejlem\u00e9nyekr\u0151l. Az ilyen anyagok kiz\u00e1r\u00f3lag t\u00e1j\u00e9koztat\u00f3 jelleg\u0171ek, \u00e9s nem felt\u00e9tlen\u00fcl t\u00fckr\u00f6zik a legfrissebb fejlem\u00e9nyeket. Ezek a t\u00e1j\u00e9koztat\u00f3 anyagok nem min\u0151s\u00fclnek jogi tan\u00e1csad\u00e1snak semmilyen t\u00e9ny vagy k\u00f6r\u00fclm\u00e9ny tekintet\u00e9ben, \u00e9s nem is szabad azokk\u00e9nt \u00e9rtelmezni. Konkr\u00e9t jogi probl\u00e9m\u00e1k eset\u00e9n forduljon \u00fcgyv\u00e9dhez \u00fatmutat\u00e1s\u00e9rt. B\u00e1r igyeksz\u00fcnk a weboldalon tal\u00e1lhat\u00f3 inform\u00e1ci\u00f3kat naprak\u00e9szen \u00e9s helyesen tartani, a TR\u0410VEL MUNDO &#8211; FZCO semmilyen kifejezett vagy hallgat\u00f3lagos nyilatkozatot vagy garanci\u00e1t nem v\u00e1llal a weboldal vagy a weboldalon tal\u00e1lhat\u00f3 inform\u00e1ci\u00f3k, term\u00e9kek, szolg\u00e1ltat\u00e1sok vagy kapcsol\u00f3d\u00f3 grafik\u00e1k teljess\u00e9g\u00e9re, pontoss\u00e1g\u00e1ra, megb\u00edzhat\u00f3s\u00e1g\u00e1ra, alkalmass\u00e1g\u00e1ra vagy el\u00e9rhet\u0151s\u00e9g\u00e9re vonatkoz\u00f3an, b\u00e1rmilyen c\u00e9lb\u00f3l. Ez\u00e9rt az ilyen anyagokra val\u00f3 b\u00e1rmilyen t\u00e1maszkod\u00e1s szigor\u00faan saj\u00e1t felel\u0151ss\u00e9g\u00e9re t\u00f6rt\u00e9nik. A TR\u0410VEL MUNDO &#8211; FZCO nem v\u00e1llal felel\u0151ss\u00e9get a weboldalon megjelen\u00edtett hamis, pontatlan, nem megfelel\u0151 vagy hi\u00e1nyos inform\u00e1ci\u00f3k\u00e9rt. B\u00e1r minden er\u0151fesz\u00edt\u00e9st megtesz\u00fcnk a weboldal z\u00f6kken\u0151mentes m\u0171k\u00f6d\u00e9s\u00e9nek fenntart\u00e1sa \u00e9rdek\u00e9ben, az internet \u00e9s az alkalmazott technol\u00f3gia jellege miatt a TR\u0410VEL MUNDO &#8211; FZCO nem v\u00e1llal felel\u0151ss\u00e9get a weboldal technikai (vagy egy\u00e9b) probl\u00e9m\u00e1k miatti ideiglenes el\u00e9rhetetlens\u00e9g\u00e9\u00e9rt, illetve a weboldal haszn\u00e1lat\u00e1b\u00f3l, el\u00e9r\u00e9s\u00e9b\u0151l, illetve a haszn\u00e1lat\u00e1nak vagy el\u00e9r\u00e9s\u00e9nek lehetetlens\u00e9g\u00e9b\u0151l ered\u0151 b\u00e1rmilyen vesztes\u00e9g\u00e9rt vagy k\u00e1r\u00e9rt. A weboldalon tal\u00e1lhat\u00f3 bizonyos linkek olyan weboldalakra vezetnek, amelyek nem a TR\u0410VEL MUNDO &#8211; FZCO ellen\u0151rz\u00e9se alatt \u00e1llnak. Amikor aktiv\u00e1lja ezeket, elhagyja a TR\u0410VEL MUNDO &#8211; FZCO weboldal\u00e1t. A TR\u0410VEL MUNDO &#8211; FZCO nincs befoly\u00e1ssal a TR\u0410VEL MUNDO &#8211; FZCO ellen\u0151rz\u00e9se alatt nem \u00e1ll\u00f3 weboldalakon el\u00e9rhet\u0151 anyagokra, term\u00e9kekre vagy szolg\u00e1ltat\u00e1sokra, \u00e9s nem v\u00e1llal felel\u0151ss\u00e9get \u00e9rt\u00fck. A t\u00f6rv\u00e9ny \u00e1ltal nem tiltott m\u00e9rt\u00e9kben a TR\u0410VEL MUNDO &#8211; FZCO semmilyen k\u00f6r\u00fclm\u00e9nyek k\u00f6z\u00f6tt sem felel\u0151s \u00d6nnel vagy b\u00e1rmely harmadik f\u00e9llel szemben semmilyen vesztes\u00e9g\u00e9rt vagy k\u00e1r\u00e9rt (bele\u00e9rtve korl\u00e1toz\u00e1s n\u00e9lk\u00fcl az \u00fczleti vesztes\u00e9gb\u0151l vagy az elmaradt haszonb\u00f3l ered\u0151 k\u00e1rokat), amely k\u00f6zvetlen\u00fcl vagy k\u00f6zvetve a webhely vagy az azon tal\u00e1lhat\u00f3 b\u00e1rmely anyag haszn\u00e1lat\u00e1b\u00f3l vagy haszn\u00e1lat\u00e1nak hi\u00e1ny\u00e1b\u00f3l ered. A szolg\u00e1ltat\u00e1sunkon kereszt\u00fcl kit\u00f6lt\u00f6tt jelentkez\u00e9si lapok \u00fcres \u0171rlapok form\u00e1j\u00e1ban ingyenesen el\u00e9rhet\u0151k egyes USA korm\u00e1nyzati weboldalakon. Mag\u00e1ntulajdonban l\u00e9v\u0151, internetalap\u00fa utaz\u00e1si szolg\u00e1ltat\u00f3 vagyunk, amely elk\u00f6telezett az egy\u00e9nek Egyes\u00fclt \u00c1llamokba val\u00f3 utaz\u00e1s\u00e1nak seg\u00edt\u00e9se ir\u00e1nt. Ha nem k\u00edv\u00e1nja ig\u00e9nybe venni szolg\u00e1ltat\u00e1sainkat, k\u00f6zvetlen\u00fcl a travel.state.gov vagy az uscis.gov oldalon is jelentkezhet. Ne haszn\u00e1lja ezt a weboldalt arra, hogy bizalmas inform\u00e1ci\u00f3kat adjon meg jogi \u00fcgyeivel kapcsolatban az \u00fcgyn\u00f6k\u00f6knek. A weboldal haszn\u00e1lata nem teszi \u00d6nt egy \u00fcgyv\u00e9di iroda \u00fcgyfel\u00e9v\u00e9, s\u0151t m\u00e9g egy leend\u0151 \u00fcgyfel\u00e9v\u00e9 sem. K\u00e9nyelmi okokb\u00f3l ez a weboldal harmadik f\u00e9l weboldalaira mutat\u00f3 hivatkoz\u00e1sokat tartalmazhat. Az ilyen hivatkozott weboldalak nem \u00e1llnak az ellen\u0151rz\u00e9s\u00fcnk alatt, \u00e9s nem v\u00e1llalunk felel\u0151ss\u00e9get az ilyen weboldalak tartalm\u00e1nak pontoss\u00e1g\u00e1\u00e9rt. A weboldal l\u00e1togat\u00e1s\u00e1val \u00e9s\/vagy haszn\u00e1lat\u00e1val \u00d6n elfogadja \u00e9s egy\u00e9rtelm\u0171en meg\u00e9rti a weboldalon felt\u00fcntetett jogi nyilatkozatokat, Felhaszn\u00e1l\u00e1si felt\u00e9teleket , Adatv\u00e9delmi ir\u00e1nyelveket \u00e9s visszat\u00e9r\u00edt\u00e9si szab\u00e1lyzatokat.<\/p>\n","protected":false},"author":3,"featured_media":0,"parent":0,"menu_order":0,"comment_status":"closed","ping_status":"closed","template":"","meta":{"footnotes":""},"class_list":["post-29230","page","type-page","status-publish","hentry"],"_links":{"self":[{"href":"https:\/\/usimmigrationassistance.org\/hu\/wp-json\/wp\/v2\/pages\/29230","targetHints":{"allow":["GET"]}}],"collection":[{"href":"https:\/\/usimmigrationassistance.org\/hu\/wp-json\/wp\/v2\/pages"}],"about":[{"href":"https:\/\/usimmigrationassistance.org\/hu\/wp-json\/wp\/v2\/types\/page"}],"author":[{"embeddable":true,"href":"https:\/\/usimmigrationassistance.org\/hu\/wp-json\/wp\/v2\/users\/3"}],"replies":[{"embeddable":true,"href":"https:\/\/usimmigrationassistance.org\/hu\/wp-json\/wp\/v2\/comments?post=29230"}],"version-history":[{"count":11,"href":"https:\/\/usimmigrationassistance.org\/hu\/wp-json\/wp\/v2\/pages\/29230\/revisions"}],"predecessor-version":[{"id":29266,"href":"https:\/\/usimmigrationassistance.org\/hu\/wp-json\/wp\/v2\/pages\/29230\/revisions\/29266"}],"wp:attachment":[{"href":"https:\/\/usimmigrationassistance.org\/hu\/wp-json\/wp\/v2\/media?parent=29230"}],"curies":[{"name":"wp","href":"https:\/\/api.w.org\/{rel}","templated":true}]}}