{"id":29237,"date":"2025-03-08T23:33:17","date_gmt":"2025-03-08T19:33:17","guid":{"rendered":"https:\/\/usimmigrationassistance.org\/tartsuk-a-kapcsolatot"},"modified":"2025-03-08T23:33:17","modified_gmt":"2025-03-08T19:33:17","slug":"tartsuk-a-kapcsolatot","status":"publish","type":"page","link":"https:\/\/usimmigrationassistance.org\/hu\/tartsuk-a-kapcsolatot\/","title":{"rendered":"Tartsuk a kapcsolatot"},"content":{"rendered":"<p>Szia  <span id=\"bwfan_unsubscribe_name\">John<\/span> <\/p>\n<p>Seg\u00edtsen nek\u00fcnk jav\u00edtani az \u00d6n felhaszn\u00e1l\u00f3i \u00e9lm\u00e9ny\u00e9t a jobb kommunik\u00e1ci\u00f3 r\u00e9v\u00e9n. K\u00e9rj\u00fck, m\u00f3dos\u00edtsa az e-mail-be\u00e1ll\u00edt\u00e1sait.<span id=\"bwfan_unsubscribe_recipient\">john@example.com<\/span> .   <\/p>\n<p><style type='text\/css'>\n\t\t\ta#bwfan_unsubscribe {\n\t\t\t    text-shadow: none;\n\t\t\t    display: inline-block;\n\t\t\t    padding: 15px 20px;\n\t\t\t    cursor: pointer;\n\t\t\t    text-decoration: none !important;\n\t\t\t}\n\t\t\t.bwfan_loading{opacity: 1!important;position: relative;color: rgba(255,255,255,.05)!important;pointer-events: none!important;}\n\t\t\t.bwfan_loading::-moz-selection {color: rgba(255, 255, 255, .05) !important;}\n\t\t\t.bwfan_loading::selection {color: rgba(255, 255, 255, .05) !important;}\n\t\t\t.bwfan_loading:after {animation: bwfan_spin 500ms infinite linear;border: 2px solid #fff;border-radius: 50%;border-right-color: transparent !important;border-top-color: transparent !important;content: '';display: block;width: 16px;height: 16px;top: 50%;left: 50%;margin-top: -8px;margin-left: -8px;position: absolute;}\n\t\t\t@keyframes bwfan_spin { 0% {transform: rotate(0deg)}100% {transform: rotate(360deg)}}\n\t\t<\/style><form id=\"bwfan_unsubscribe_fields\">        <style>\n            .bwfan-unsubscribe-single-list {\n                border-bottom: 1px solid #aaa;\n                padding: 20px;\n            }\n\n            .bwfan-unsubscribe-single-list:last-child {\n                border: none;\n                padding: 20px;\n            }\n\n            .bwfan-unsubscribe-single-list p {\n                margin-top: 3px;\n                margin-bottom: 0;\n            }\n\n            .bwfan-unsubscribe-single-list label {\n                margin-left: 10px;\n            }\n\n            p.bwfan-unsubscribe-list-description {\n                font-size: 14px;\n            }\n\n            .bwfan-unsubscribe-lists {\n                margin-bottom: 30px;\n            }\n\n            .bwfan-unsubscribe-from-all-lists label {\n                font-size: 16px;\n                font-weight: 500;\n            }\n\n            .bwfan_response {\n                margin-top: 12px;\n            }\n        <\/style>\n        <div class=\"bwfan-unsubscribe-lists\" id=\"bwfan-unsubscribe-lists\">\n\t\t\t            <!-- Global Unsubscription option -->\n            <div class=\"bwfan-unsubscribe-single-list bwfan-unsubscribe-from-all-lists\">\n                <div class=\"bwfan-unsubscribe-list-checkbox\">\n                    <input id=\"bwfan-list-unsubscribe-all\" type=\"checkbox\" value=\"unsubscribe_all\"  \/>\n                    <label for=\"bwfan-list-unsubscribe-all\">Unsubscribe from all Email Lists<\/label>\n                <\/div>\n\t\t\t\t                    <p class=\"bwfan-unsubscribe-list-description\">You will still receive important billing and transactional emails<\/p>\n\t\t\t\t            <\/div>\n        <\/div>\n\t\t<a id=\"bwfan_unsubscribe\" class=\"button-primary button\" href=\"#\">Friss\u00edtse a be\u00e1ll\u00edt\u00e1saimat<\/a><input type=\"hidden\" id=\"bwfan_one_click\" value=\"0\" name=\"one_click\"><input type=\"hidden\" id=\"bwfan_unsubscribe_nonce\" value=\"7d2f7879d4\" name=\"bwfan_unsubscribe_nonce\"><\/form>.<\/p>\n","protected":false},"excerpt":{"rendered":"<p>Szia Seg\u00edtsen nek\u00fcnk jav\u00edtani az \u00d6n felhaszn\u00e1l\u00f3i \u00e9lm\u00e9ny\u00e9t a jobb kommunik\u00e1ci\u00f3 r\u00e9v\u00e9n. K\u00e9rj\u00fck, m\u00f3dos\u00edtsa az e-mail-be\u00e1ll\u00edt\u00e1sait. . .<\/p>\n","protected":false},"author":1,"featured_media":0,"parent":0,"menu_order":0,"comment_status":"closed","ping_status":"closed","template":"","meta":{"footnotes":""},"class_list":["post-29237","page","type-page","status-publish","hentry"],"_links":{"self":[{"href":"https:\/\/usimmigrationassistance.org\/hu\/wp-json\/wp\/v2\/pages\/29237","targetHints":{"allow":["GET"]}}],"collection":[{"href":"https:\/\/usimmigrationassistance.org\/hu\/wp-json\/wp\/v2\/pages"}],"about":[{"href":"https:\/\/usimmigrationassistance.org\/hu\/wp-json\/wp\/v2\/types\/page"}],"author":[{"embeddable":true,"href":"https:\/\/usimmigrationassistance.org\/hu\/wp-json\/wp\/v2\/users\/1"}],"replies":[{"embeddable":true,"href":"https:\/\/usimmigrationassistance.org\/hu\/wp-json\/wp\/v2\/comments?post=29237"}],"version-history":[{"count":0,"href":"https:\/\/usimmigrationassistance.org\/hu\/wp-json\/wp\/v2\/pages\/29237\/revisions"}],"wp:attachment":[{"href":"https:\/\/usimmigrationassistance.org\/hu\/wp-json\/wp\/v2\/media?parent=29237"}],"curies":[{"name":"wp","href":"https:\/\/api.w.org\/{rel}","templated":true}]}}