{"id":29308,"date":"2025-03-20T10:25:10","date_gmt":"2025-03-20T09:25:10","guid":{"rendered":"https:\/\/usimmigrationassistance.org\/koszonooldal-1-resz"},"modified":"2025-07-24T08:06:50","modified_gmt":"2025-07-24T07:06:50","slug":"koszonooldal-1-resz","status":"publish","type":"page","link":"https:\/\/usimmigrationassistance.org\/hu\/koszonooldal-1-resz\/","title":{"rendered":"K\u00f6sz\u00f6n\u0151oldal &#8211; 1. r\u00e9sz"},"content":{"rendered":"\t\t<div data-elementor-type=\"wp-page\" data-elementor-id=\"29308\" class=\"elementor elementor-29308 elementor-1257\" data-elementor-post-type=\"page\">\n\t\t\t\t<div class=\"elementor-element elementor-element-4e62ca3 e-con-full e-flex wpr-particle-no wpr-jarallax-no wpr-parallax-no wpr-sticky-section-no e-con e-parent\" data-id=\"4e62ca3\" data-element_type=\"container\">\n\t\t<div class=\"elementor-element elementor-element-62f9774 e-con-full e-flex wpr-particle-no wpr-jarallax-no wpr-parallax-no wpr-sticky-section-no e-con e-child\" data-id=\"62f9774\" data-element_type=\"container\">\n\t\t\t\t<div class=\"elementor-element elementor-element-36b3503 elementor-widget elementor-widget-heading\" data-id=\"36b3503\" data-element_type=\"widget\" data-widget_type=\"heading.default\">\n\t\t\t\t<div class=\"elementor-widget-container\">\n\t\t\t\t\t<h1 class=\"elementor-heading-title elementor-size-default\">A v\u00edzumk\u00e9relm\u00e9t sikeresen beny\u00fajtottuk<\/h1>\t\t\t\t<\/div>\n\t\t\t\t<\/div>\n\t\t\t\t<div class=\"elementor-element elementor-element-191115b elementor-view-default elementor-widget elementor-widget-icon\" data-id=\"191115b\" data-element_type=\"widget\" data-widget_type=\"icon.default\">\n\t\t\t\t<div class=\"elementor-widget-container\">\n\t\t\t\t\t\t\t<div class=\"elementor-icon-wrapper\">\n\t\t\t<div class=\"elementor-icon\">\n\t\t\t<i aria-hidden=\"true\" class=\"jki jki-checked1-light\"><\/i>\t\t\t<\/div>\n\t\t<\/div>\n\t\t\t\t\t\t<\/div>\n\t\t\t\t<\/div>\n\t\t\t\t<\/div>\n\t\t\t\t<\/div>\n\t\t<div class=\"elementor-element elementor-element-77ae01b e-flex e-con-boxed wpr-particle-no wpr-jarallax-no wpr-parallax-no wpr-sticky-section-no e-con e-parent\" data-id=\"77ae01b\" data-element_type=\"container\">\n\t\t\t\t\t<div class=\"e-con-inner\">\n\t\t<div class=\"elementor-element elementor-element-e5e5024 e-con-full e-flex wpr-particle-no wpr-jarallax-no wpr-parallax-no wpr-sticky-section-no e-con e-child\" data-id=\"e5e5024\" data-element_type=\"container\" id=\"thank-you-custom-container\">\n\t\t<div class=\"elementor-element elementor-element-b076385 e-con-full e-flex wpr-particle-no wpr-jarallax-no wpr-parallax-no wpr-sticky-section-no e-con e-child\" data-id=\"b076385\" data-element_type=\"container\">\n\t\t\t\t<div class=\"elementor-element elementor-element-4ad27ed elementor-widget elementor-widget-heading\" data-id=\"4ad27ed\" data-element_type=\"widget\" data-widget_type=\"heading.default\">\n\t\t\t\t<div class=\"elementor-widget-container\">\n\t\t\t\t\t<h3 class=\"elementor-heading-title elementor-size-default\">John!, Az \u00d6n ESTA k\u00e9relm\u00e9nek sz\u00e1ma Rendel\u00e9si azonos\u00edt\u00f3 #0 sikeresen elk\u00fcldve.\n<\/h3>\t\t\t\t<\/div>\n\t\t\t\t<\/div>\n\t\t\t\t<div class=\"elementor-element elementor-element-4a9e589 elementor-widget elementor-widget-text-editor\" data-id=\"4a9e589\" data-element_type=\"widget\" data-widget_type=\"text-editor.default\">\n\t\t\t\t<div class=\"elementor-widget-container\">\n\t\t\t\t\t\t\t\t\t<p>A megadott e-mail c\u00edmre elk\u00fcldt\u00fck a v\u00e1s\u00e1rl\u00e1si visszaigazol\u00e1st, amely tartalmazza a jelentkez\u00e9s r\u00e9szleteit. K\u00e9rj\u00fck, \u0151rizze meg. Ha a v\u00e1s\u00e1rl\u00e1si visszaigazol\u00e1sr\u00f3l sz\u00f3l\u00f3 e-mail\u00fcnk el\u00e9rte a <b><u>Spam mapp\u00e1j\u00e1t<\/u><\/b> , k\u00e9rj\u00fck, jel\u00f6lje meg \u201eNem spam\u201d-k\u00e9nt.  <\/p>\t\t\t\t\t\t\t\t<\/div>\n\t\t\t\t<\/div>\n\t\t\t\t<\/div>\n\t\t<div class=\"elementor-element elementor-element-b0f1bd8 e-con-full e-flex wpr-particle-no wpr-jarallax-no wpr-parallax-no wpr-sticky-section-no e-con e-child\" data-id=\"b0f1bd8\" data-element_type=\"container\" data-settings=\"{&quot;background_background&quot;:&quot;classic&quot;}\">\n\t\t\t\t<div class=\"elementor-element elementor-element-da3e5ad elementor-widget elementor-widget-heading\" data-id=\"da3e5ad\" data-element_type=\"widget\" data-widget_type=\"heading.default\">\n\t\t\t\t<div class=\"elementor-widget-container\">\n\t\t\t\t\t<h3 class=\"elementor-heading-title elementor-size-default\">Ha egy m\u00e1sik jelentkez\u0151 nev\u00e9ben kell jelentkeznie, kattintson a gombra.<\/h3>\t\t\t\t<\/div>\n\t\t\t\t<\/div>\n\t\t\t\t<div class=\"elementor-element elementor-element-ab78f18 elementor-widget elementor-widget-button\" data-id=\"ab78f18\" data-element_type=\"widget\" data-widget_type=\"button.default\">\n\t\t\t\t<div class=\"elementor-widget-container\">\n\t\t\t\t\t\t\t\t\t<div class=\"elementor-button-wrapper\">\n\t\t\t\t\t<a class=\"elementor-button elementor-button-link elementor-size-sm\" href=\"https:\/\/usimmigrationassistance.org\/hu\/jelentkezes\/\">\n\t\t\t\t\t\t<span class=\"elementor-button-content-wrapper\">\n\t\t\t\t\t\t\t\t\t<span class=\"elementor-button-text\">\u00dajabb alkalmaz\u00e1s hozz\u00e1ad\u00e1sa<\/span>\n\t\t\t\t\t<\/span>\n\t\t\t\t\t<\/a>\n\t\t\t\t<\/div>\n\t\t\t\t\t\t\t\t<\/div>\n\t\t\t\t<\/div>\n\t\t\t\t<\/div>\n\t\t<div class=\"elementor-element elementor-element-ad99abe e-con-full e-flex wpr-particle-no wpr-jarallax-no wpr-parallax-no wpr-sticky-section-no e-con e-child\" data-id=\"ad99abe\" data-element_type=\"container\">\n\t\t\t\t<div class=\"elementor-element elementor-element-2b78b2e elementor-widget elementor-widget-heading\" data-id=\"2b78b2e\" data-element_type=\"widget\" data-widget_type=\"heading.default\">\n\t\t\t\t<div class=\"elementor-widget-container\">\n\t\t\t\t\t<h3 class=\"elementor-heading-title elementor-size-default\">V\u00edzumk\u00e9relme \u00e1llapota: <u><b>1\/2. L\u00c9P\u00c9S BEFEJEZVE<\/b><\/u><\/h3>\t\t\t\t<\/div>\n\t\t\t\t<\/div>\n\t\t\t\t<div class=\"elementor-element elementor-element-832a0e6 elementor-widget elementor-widget-text-editor\" data-id=\"832a0e6\" data-element_type=\"widget\" data-widget_type=\"text-editor.default\">\n\t\t\t\t<div class=\"elementor-widget-container\">\n\t\t\t\t\t\t\t\t\tA jelentkez\u00e9si folyamat <u><b>2. l\u00e9p\u00e9s\u00e9t<\/b><\/u> kell elv\u00e9geznie, amely a r\u00e9szletes inform\u00e1ci\u00f3k megad\u00e1s\u00e1t jelenti a saj\u00e1t temp\u00f3j\u00e1ban. Am\u00edg ezen a szakaszon dolgozik, \u00e9rtes\u00edtj\u00fck az Egyes\u00fclt \u00c1llamok K\u00fcl\u00fcgyminiszt\u00e9rium\u00e1t, hogy a jelentkez\u00e9se feldolgoz\u00e1s alatt \u00e1ll. Amint befejezte, bels\u0151 rendszer\u00fcnk automatikusan \u00e9rz\u00e9keli a befejez\u00e9st, \u00edgy nem kell \u00e9rtes\u00edtenie minket.  \t\t\t\t\t\t\t\t<\/div>\n\t\t\t\t<\/div>\n\t\t\t\t<div class=\"elementor-element elementor-element-73e1626 elementor-widget elementor-widget-text-editor\" data-id=\"73e1626\" data-element_type=\"widget\" data-widget_type=\"text-editor.default\">\n\t\t\t\t<div class=\"elementor-widget-container\">\n\t\t\t\t\t\t\t\t\tMegjegyz\u00e9s: Kapnia kellett t\u0151l\u00fcnk egy e-mailt, amelyben minden sz\u00fcks\u00e9ges utas\u00edt\u00e1st megtal\u00e1l a jelentkez\u00e9si folyamat <u><b>2. l\u00e9p\u00e9s\u00e9nek<\/b><\/u> megkezd\u00e9s\u00e9hez. (Ne felejtse el ellen\u0151rizni a spam mapp\u00e1j\u00e1t, ha nem kapta meg az e-mailt.) \t\t\t\t\t\t\t\t<\/div>\n\t\t\t\t<\/div>\n\t\t\t\t<\/div>\n\t\t<div class=\"elementor-element elementor-element-b44da06 e-con-full e-grid wpr-particle-no wpr-jarallax-no wpr-parallax-no wpr-sticky-section-no e-con e-child\" data-id=\"b44da06\" data-element_type=\"container\">\n\t\t\t\t<div class=\"elementor-element elementor-element-5dd55ba elementor-view-default elementor-position-top elementor-mobile-position-top elementor-widget elementor-widget-icon-box\" data-id=\"5dd55ba\" data-element_type=\"widget\" data-widget_type=\"icon-box.default\">\n\t\t\t\t<div class=\"elementor-widget-container\">\n\t\t\t\t\t\t\t<div class=\"elementor-icon-box-wrapper\">\n\n\t\t\t\t\t\t<div class=\"elementor-icon-box-icon\">\n\t\t\t\t<span  class=\"elementor-icon\">\n\t\t\t\t<i aria-hidden=\"true\" class=\"jki jki-edit1-light\"><\/i>\t\t\t\t<\/span>\n\t\t\t<\/div>\n\t\t\t\n\t\t\t\t\t\t<div class=\"elementor-icon-box-content\">\n\n\t\t\t\t\t\t\t\t\t<h3 class=\"elementor-icon-box-title\">\n\t\t\t\t\t\t<span  >\n\t\t\t\t\t\t\t1. 1.\/2. l\u00e9p\u00e9s befejezve\t\t\t\t\t\t<\/span>\n\t\t\t\t\t<\/h3>\n\t\t\t\t\n\t\t\t\t\t\t\t\t\t<p class=\"elementor-icon-box-description\">\n\t\t\t\t\t\tSikeresen megkaptuk a v\u00edzumk\u00e9relm\u00e9t. Kapnia kellett egy e-mailt, amelyben minden sz\u00fcks\u00e9ges utas\u00edt\u00e1st megtal\u00e1l a 2. l\u00e9p\u00e9shez. \t\t\t\t\t<\/p>\n\t\t\t\t\n\t\t\t<\/div>\n\t\t\t\n\t\t<\/div>\n\t\t\t\t\t\t<\/div>\n\t\t\t\t<\/div>\n\t\t\t\t<div class=\"elementor-element elementor-element-af63b9d elementor-view-default elementor-position-top elementor-mobile-position-top elementor-widget elementor-widget-icon-box\" data-id=\"af63b9d\" data-element_type=\"widget\" data-widget_type=\"icon-box.default\">\n\t\t\t\t<div class=\"elementor-widget-container\">\n\t\t\t\t\t\t\t<div class=\"elementor-icon-box-wrapper\">\n\n\t\t\t\t\t\t<div class=\"elementor-icon-box-icon\">\n\t\t\t\t<span  class=\"elementor-icon\">\n\t\t\t\t<i aria-hidden=\"true\" class=\"jki jki-refresh-light\"><\/i>\t\t\t\t<\/span>\n\t\t\t<\/div>\n\t\t\t\n\t\t\t\t\t\t<div class=\"elementor-icon-box-content\">\n\n\t\t\t\t\t\t\t\t\t<h3 class=\"elementor-icon-box-title\">\n\t\t\t\t\t\t<span  >\n\t\t\t\t\t\t\t2. 2. l\u00e9p\u00e9s f\u00fcgg\u0151ben\t\t\t\t\t\t<\/span>\n\t\t\t\t\t<\/h3>\n\t\t\t\t\n\t\t\t\t\t\t\t\t\t<p class=\"elementor-icon-box-description\">\n\t\t\t\t\t\tA jelentkez\u00e9si folyamat 2. l\u00e9p\u00e9s\u00e9t kell elv\u00e9gezned, amely sor\u00e1n a saj\u00e1t temp\u00f3dban adsz meg r\u00e9szletes inform\u00e1ci\u00f3kat.\t\t\t\t\t<\/p>\n\t\t\t\t\n\t\t\t<\/div>\n\t\t\t\n\t\t<\/div>\n\t\t\t\t\t\t<\/div>\n\t\t\t\t<\/div>\n\t\t\t\t<div class=\"elementor-element elementor-element-3b5c08b elementor-view-default elementor-position-top elementor-mobile-position-top elementor-widget elementor-widget-icon-box\" data-id=\"3b5c08b\" data-element_type=\"widget\" data-widget_type=\"icon-box.default\">\n\t\t\t\t<div class=\"elementor-widget-container\">\n\t\t\t\t\t\t\t<div class=\"elementor-icon-box-wrapper\">\n\n\t\t\t\t\t\t<div class=\"elementor-icon-box-icon\">\n\t\t\t\t<span  class=\"elementor-icon\">\n\t\t\t\t<i aria-hidden=\"true\" class=\"jki jki-page_search-light\"><\/i>\t\t\t\t<\/span>\n\t\t\t<\/div>\n\t\t\t\n\t\t\t\t\t\t<div class=\"elementor-icon-box-content\">\n\n\t\t\t\t\t\t\t\t\t<h3 class=\"elementor-icon-box-title\">\n\t\t\t\t\t\t<span  >\n\t\t\t\t\t\t\t3. Fel\u00fclvizsg\u00e1lat alatt\t\t\t\t\t\t<\/span>\n\t\t\t\t\t<\/h3>\n\t\t\t\t\n\t\t\t\t\t\t\t\t\t<p class=\"elementor-icon-box-description\">\n\t\t\t\t\t\tKijel\u00f6lt \u00fcgyn\u00f6ke jelenleg fel\u00fclvizsg\u00e1lja a k\u00e9relm\u00e9t, hogy megbizonyosodjon a megadott adatok teljess\u00e9g\u00e9r\u0151l \u00e9s pontoss\u00e1g\u00e1r\u00f3l, miel\u0151tt beny\u00fajtan\u00e1 azt az Egyes\u00fclt \u00c1llamok K\u00fcl\u00fcgyminiszt\u00e9rium\u00e1nak.\t\t\t\t\t<\/p>\n\t\t\t\t\n\t\t\t<\/div>\n\t\t\t\n\t\t<\/div>\n\t\t\t\t\t\t<\/div>\n\t\t\t\t<\/div>\n\t\t\t\t<div class=\"elementor-element elementor-element-c6063c0 elementor-view-default elementor-position-top elementor-mobile-position-top elementor-widget elementor-widget-icon-box\" data-id=\"c6063c0\" data-element_type=\"widget\" data-widget_type=\"icon-box.default\">\n\t\t\t\t<div class=\"elementor-widget-container\">\n\t\t\t\t\t\t\t<div class=\"elementor-icon-box-wrapper\">\n\n\t\t\t\t\t\t<div class=\"elementor-icon-box-icon\">\n\t\t\t\t<span  class=\"elementor-icon\">\n\t\t\t\t<i aria-hidden=\"true\" class=\"jki jki-chevron-right-circle-light\"><\/i>\t\t\t\t<\/span>\n\t\t\t<\/div>\n\t\t\t\n\t\t\t\t\t\t<div class=\"elementor-icon-box-content\">\n\n\t\t\t\t\t\t\t\t\t<h3 class=\"elementor-icon-box-title\">\n\t\t\t\t\t\t<span  >\n\t\t\t\t\t\t\t4. J\u00f3v\u00e1hagy\u00e1sra v\u00e1rva\t\t\t\t\t\t<\/span>\n\t\t\t\t\t<\/h3>\n\t\t\t\t\n\t\t\t\t\t\t\t\t\t<p class=\"elementor-icon-box-description\">\n\t\t\t\t\t\tA jelentkez\u00e9sed el lett k\u00fcldve\n beny\u00fajtott\u00e1k az Egyes\u00fclt \u00c1llamok K\u00fcl\u00fcgyminiszt\u00e9rium\u00e1hoz, \u00e9s jelenleg j\u00f3v\u00e1hagy\u00e1sra v\u00e1r.\t\t\t\t\t<\/p>\n\t\t\t\t\n\t\t\t<\/div>\n\t\t\t\n\t\t<\/div>\n\t\t\t\t\t\t<\/div>\n\t\t\t\t<\/div>\n\t\t\t\t<div class=\"elementor-element elementor-element-5e15cb9 elementor-view-default elementor-position-top elementor-mobile-position-top elementor-widget elementor-widget-icon-box\" data-id=\"5e15cb9\" data-element_type=\"widget\" data-widget_type=\"icon-box.default\">\n\t\t\t\t<div class=\"elementor-widget-container\">\n\t\t\t\t\t\t\t<div class=\"elementor-icon-box-wrapper\">\n\n\t\t\t\t\t\t<div class=\"elementor-icon-box-icon\">\n\t\t\t\t<span  class=\"elementor-icon\">\n\t\t\t\t<svg aria-hidden=\"true\" class=\"e-font-icon-svg e-far-file-alt\" viewBox=\"0 0 384 512\" xmlns=\"http:\/\/www.w3.org\/2000\/svg\"><path d=\"M288 248v28c0 6.6-5.4 12-12 12H108c-6.6 0-12-5.4-12-12v-28c0-6.6 5.4-12 12-12h168c6.6 0 12 5.4 12 12zm-12 72H108c-6.6 0-12 5.4-12 12v28c0 6.6 5.4 12 12 12h168c6.6 0 12-5.4 12-12v-28c0-6.6-5.4-12-12-12zm108-188.1V464c0 26.5-21.5 48-48 48H48c-26.5 0-48-21.5-48-48V48C0 21.5 21.5 0 48 0h204.1C264.8 0 277 5.1 286 14.1L369.9 98c9 8.9 14.1 21.2 14.1 33.9zm-128-80V128h76.1L256 51.9zM336 464V176H232c-13.3 0-24-10.7-24-24V48H48v416h288z\"><\/path><\/svg>\t\t\t\t<\/span>\n\t\t\t<\/div>\n\t\t\t\n\t\t\t\t\t\t<div class=\"elementor-icon-box-content\">\n\n\t\t\t\t\t\t\t\t\t<h3 class=\"elementor-icon-box-title\">\n\t\t\t\t\t\t<span  >\n\t\t\t\t\t\t\t5. Jelentkez\u00e9s eredm\u00e9nye\t\t\t\t\t\t<\/span>\n\t\t\t\t\t<\/h3>\n\t\t\t\t\n\t\t\t\t\t\t\t\t\t<p class=\"elementor-icon-box-description\">\n\t\t\t\t\t\tA jelentkez\u00e9sed el lett k\u00fcldve\n az Egyes\u00fclt \u00c1llamok K\u00fcl\u00fcgyminiszt\u00e9riuma fel\u00fclvizsg\u00e1lta. Ellen\u0151rizze a be\u00e9rkez\u0151 leveleit, e-mailben \u00e9rtes\u00edtj\u00fck a j\u00f3v\u00e1hagy\u00e1sr\u00f3l, vagy ha tov\u00e1bbi inform\u00e1ci\u00f3ra van sz\u00fcks\u00e9g. \t\t\t\t\t<\/p>\n\t\t\t\t\n\t\t\t<\/div>\n\t\t\t\n\t\t<\/div>\n\t\t\t\t\t\t<\/div>\n\t\t\t\t<\/div>\n\t\t\t\t<\/div>\n\t\t<div class=\"elementor-element elementor-element-962b3c7 e-con-full e-flex wpr-particle-no wpr-jarallax-no wpr-parallax-no wpr-sticky-section-no e-con e-child\" data-id=\"962b3c7\" data-element_type=\"container\" data-settings=\"{&quot;background_background&quot;:&quot;classic&quot;}\">\n\t\t\t\t<div class=\"elementor-element elementor-element-0bdf324 elementor-widget elementor-widget-heading\" data-id=\"0bdf324\" data-element_type=\"widget\" data-widget_type=\"heading.default\">\n\t\t\t\t<div class=\"elementor-widget-container\">\n\t\t\t\t\t<h3 class=\"elementor-heading-title elementor-size-default\">Ha egy m\u00e1sik jelentkez\u0151 nev\u00e9ben kell jelentkeznie, kattintson a gombra.<\/h3>\t\t\t\t<\/div>\n\t\t\t\t<\/div>\n\t\t\t\t<div class=\"elementor-element elementor-element-692be83 elementor-widget elementor-widget-button\" data-id=\"692be83\" data-element_type=\"widget\" data-widget_type=\"button.default\">\n\t\t\t\t<div class=\"elementor-widget-container\">\n\t\t\t\t\t\t\t\t\t<div class=\"elementor-button-wrapper\">\n\t\t\t\t\t<a class=\"elementor-button elementor-button-link elementor-size-sm\" href=\"https:\/\/usimmigrationassistance.org\/hu\/jelentkezes\/\">\n\t\t\t\t\t\t<span class=\"elementor-button-content-wrapper\">\n\t\t\t\t\t\t\t\t\t<span class=\"elementor-button-text\">\u00dajabb alkalmaz\u00e1s hozz\u00e1ad\u00e1sa<\/span>\n\t\t\t\t\t<\/span>\n\t\t\t\t\t<\/a>\n\t\t\t\t<\/div>\n\t\t\t\t\t\t\t\t<\/div>\n\t\t\t\t<\/div>\n\t\t\t\t<\/div>\n\t\t<div class=\"elementor-element elementor-element-d8e3793 e-con-full e-flex wpr-particle-no wpr-jarallax-no wpr-parallax-no wpr-sticky-section-no e-con e-child\" data-id=\"d8e3793\" data-element_type=\"container\">\n\t\t\t\t<div class=\"elementor-element elementor-element-a7060ef elementor-widget elementor-widget-text-editor\" data-id=\"a7060ef\" data-element_type=\"widget\" data-widget_type=\"text-editor.default\">\n\t\t\t\t<div class=\"elementor-widget-container\">\n\t\t\t\t\t\t\t\t\tA k\u00e1rty\u00e1j\u00e1t enged\u00e9lyezt\u00fck a fizet\u00e9shez. A nyugt\u00e1t elk\u00fcldt\u00fck az e-mail c\u00edm\u00e9re, a sz\u00e1mla teljes r\u00e9szleteit pedig al\u00e1bb tal\u00e1lja. \t\t\t\t\t\t\t\t<\/div>\n\t\t\t\t<\/div>\n\t\t\t\t<div class=\"elementor-element elementor-element-2c8c0d1 elementor-widget elementor-widget-text-editor\" data-id=\"2c8c0d1\" data-element_type=\"widget\" data-widget_type=\"text-editor.default\">\n\t\t\t\t<div class=\"elementor-widget-container\">\n\t\t\t\t\t\t\t\t\tEllen\u0151rizd az e-mail fi\u00f3kodat a v\u00e1s\u00e1rl\u00e1si nyugta miatt. Ha nem tal\u00e1lod a v\u00e1s\u00e1rl\u00e1si nyugt\u00e1t a be\u00e9rkez\u0151 leveleid k\u00f6z\u00f6tt, k\u00e9rj\u00fck, ellen\u0151rizd a spam mapp\u00e1dat is, \u00e9s add hozz\u00e1 az \u201eUS Immigration Assistance\u201d c\u00edmet a feh\u00e9rlist\u00e1hoz. Az interneten r\u00e9szletesebb inform\u00e1ci\u00f3kat tal\u00e1lsz arr\u00f3l, hogyan adhatod hozz\u00e1 e-mail c\u00edm\u00fcnket a feh\u00e9rlist\u00e1hoz.  \t\t\t\t\t\t\t\t<\/div>\n\t\t\t\t<\/div>\n\t\t\t\t<\/div>\n\t\t<div class=\"elementor-element elementor-element-fafd01c e-con-full e-flex wpr-particle-no wpr-jarallax-no wpr-parallax-no wpr-sticky-section-no e-con e-child\" data-id=\"fafd01c\" data-element_type=\"container\" data-settings=\"{&quot;background_background&quot;:&quot;classic&quot;}\">\n\t\t\t\t<div class=\"elementor-element elementor-element-08767ad elementor-widget elementor-widget-text-editor\" data-id=\"08767ad\" data-element_type=\"widget\" data-widget_type=\"text-editor.default\">\n\t\t\t\t<div class=\"elementor-widget-container\">\n\t\t\t\t\t\t\t\t\tSz\u00e1mla\t\t\t\t\t\t\t\t<\/div>\n\t\t\t\t<\/div>\n\t\t\t\t<\/div>\n\t\t<div class=\"elementor-element elementor-element-a2b3de8 e-con-full e-flex wpr-particle-no wpr-jarallax-no wpr-parallax-no wpr-sticky-section-no e-con e-child\" data-id=\"a2b3de8\" data-element_type=\"container\">\n\t\t\t\t<div class=\"elementor-element elementor-element-56372a9 elementor-widget elementor-widget-text-editor\" data-id=\"56372a9\" data-element_type=\"widget\" data-widget_type=\"text-editor.default\">\n\t\t\t\t<div class=\"elementor-widget-container\">\n\t\t\t\t\t\t\t\t\tFizet\u00e9si m\u00f3d: Hitelk\u00e1rtya\t\t\t\t\t\t\t\t<\/div>\n\t\t\t\t<\/div>\n\t\t\t\t<div class=\"elementor-element elementor-element-d8eaf26 elementor-widget elementor-widget-text-editor\" data-id=\"d8eaf26\" data-element_type=\"widget\" data-widget_type=\"text-editor.default\">\n\t\t\t\t<div class=\"elementor-widget-container\">\n\t\t\t\t\t\t\t\t\tSz\u00e1ll\u00edt\u00e1si c\u00edm: Elektronikus k\u00e9zbes\u00edt\u00e9s\t\t\t\t\t\t\t\t<\/div>\n\t\t\t\t<\/div>\n\t\t\t\t<\/div>\n\t\t<div class=\"elementor-element elementor-element-1960c80 e-con-full e-flex wpr-particle-no wpr-jarallax-no wpr-parallax-no wpr-sticky-section-no e-con e-child\" data-id=\"1960c80\" data-element_type=\"container\" data-settings=\"{&quot;background_background&quot;:&quot;classic&quot;}\">\n\t\t\t\t<div class=\"elementor-element elementor-element-ba25977 elementor-widget elementor-widget-text-editor\" data-id=\"ba25977\" data-element_type=\"widget\" data-widget_type=\"text-editor.default\">\n\t\t\t\t<div class=\"elementor-widget-container\">\n\t\t\t\t\t\t\t\t\tT\u00e9tel\t\t\t\t\t\t\t\t<\/div>\n\t\t\t\t<\/div>\n\t\t\t\t<\/div>\n\t\t<div class=\"elementor-element elementor-element-ae7951a e-con-full e-flex wpr-particle-no wpr-jarallax-no wpr-parallax-no wpr-sticky-section-no e-con e-child\" data-id=\"ae7951a\" data-element_type=\"container\">\n\t\t\t\t<div class=\"elementor-element elementor-element-12f9fd7 elementor-widget elementor-widget-text-editor\" data-id=\"12f9fd7\" data-element_type=\"widget\" data-widget_type=\"text-editor.default\">\n\t\t\t\t<div class=\"elementor-widget-container\">\n\t\t\t\t\t\t\t\t\tAmerikai v\u00edzumk\u00e9relem\t\t\t\t\t\t\t\t<\/div>\n\t\t\t\t<\/div>\n\t\t\t\t<\/div>\n\t\t<div class=\"elementor-element elementor-element-e15ab14 e-con-full e-flex wpr-particle-no wpr-jarallax-no wpr-parallax-no wpr-sticky-section-no e-con e-child\" data-id=\"e15ab14\" data-element_type=\"container\">\n\t\t\t\t<div class=\"elementor-element elementor-element-8f7fd7c elementor-widget elementor-widget-text-editor\" data-id=\"8f7fd7c\" data-element_type=\"widget\" data-widget_type=\"text-editor.default\">\n\t\t\t\t<div class=\"elementor-widget-container\">\n\t\t\t\t\t\t\t\t\tMegjegyz\u00e9s:<br> Ez a terhel\u00e9s a hitelk\u00e1rtya-kimutat\u00e1s\u00e1n \u201eUS Immigration Assistance \u201evagy \u201eusimmigrationassistance.org\u201d n\u00e9ven fog megjelenni.\t\t\t\t\t\t\t\t<\/div>\n\t\t\t\t<\/div>\n\t\t\t\t<\/div>\n\t\t<div class=\"elementor-element elementor-element-a13c92a e-con-full e-flex wpr-particle-no wpr-jarallax-no wpr-parallax-no wpr-sticky-section-no e-con e-child\" data-id=\"a13c92a\" data-element_type=\"container\">\n\t\t\t\t<div class=\"elementor-element elementor-element-c7db7c3 elementor-widget elementor-widget-text-editor\" data-id=\"c7db7c3\" data-element_type=\"widget\" data-widget_type=\"text-editor.default\">\n\t\t\t\t<div class=\"elementor-widget-container\">\n\t\t\t\t\t\t\t\t\tSikeresen elk\u00fcldte a fizet\u00e9st. A k\u00e1rtyabirtokos bankhoz vagy a PayPalhoz int\u00e9zett, a d\u00edjak visszat\u00e9r\u00edt\u00e9s\u00e9re vonatkoz\u00f3 k\u00e9relme <b>a k\u00e9relem automatikus elutas\u00edt\u00e1s\u00e1t<\/b> eredm\u00e9nyezi. \t\t\t\t\t\t\t\t<\/div>\n\t\t\t\t<\/div>\n\t\t\t\t<\/div>\n\t\t\t\t<\/div>\n\t\t\t\t\t<\/div>\n\t\t\t\t<\/div>\n\t\t\t\t<\/div>\n\t\t","protected":false},"excerpt":{"rendered":"<p>A v\u00edzumk\u00e9relm\u00e9t sikeresen beny\u00fajtottuk !, Az \u00d6n ESTA k\u00e9relm\u00e9nek sz\u00e1ma Rendel\u00e9si azonos\u00edt\u00f3 # sikeresen elk\u00fcldve. A megadott e-mail c\u00edmre elk\u00fcldt\u00fck a v\u00e1s\u00e1rl\u00e1si visszaigazol\u00e1st, amely tartalmazza a jelentkez\u00e9s r\u00e9szleteit. K\u00e9rj\u00fck, \u0151rizze meg. Ha a v\u00e1s\u00e1rl\u00e1si visszaigazol\u00e1sr\u00f3l sz\u00f3l\u00f3 e-mail\u00fcnk el\u00e9rte a Spam mapp\u00e1j\u00e1t , k\u00e9rj\u00fck, jel\u00f6lje meg \u201eNem spam\u201d-k\u00e9nt. Ha egy m\u00e1sik jelentkez\u0151 nev\u00e9ben kell jelentkeznie, kattintson a gombra. \u00dajabb alkalmaz\u00e1s hozz\u00e1ad\u00e1sa V\u00edzumk\u00e9relme \u00e1llapota: 1\/2. L\u00c9P\u00c9S BEFEJEZVE A jelentkez\u00e9si folyamat 2. l\u00e9p\u00e9s\u00e9t kell elv\u00e9geznie, amely a r\u00e9szletes inform\u00e1ci\u00f3k megad\u00e1s\u00e1t jelenti a saj\u00e1t temp\u00f3j\u00e1ban. Am\u00edg ezen a szakaszon dolgozik, \u00e9rtes\u00edtj\u00fck az Egyes\u00fclt \u00c1llamok K\u00fcl\u00fcgyminiszt\u00e9rium\u00e1t, hogy a jelentkez\u00e9se feldolgoz\u00e1s alatt \u00e1ll. Amint befejezte, bels\u0151 rendszer\u00fcnk automatikusan \u00e9rz\u00e9keli a befejez\u00e9st, \u00edgy nem kell \u00e9rtes\u00edtenie minket. Megjegyz\u00e9s: Kapnia kellett t\u0151l\u00fcnk egy e-mailt, amelyben minden sz\u00fcks\u00e9ges utas\u00edt\u00e1st megtal\u00e1l a jelentkez\u00e9si folyamat 2. l\u00e9p\u00e9s\u00e9nek megkezd\u00e9s\u00e9hez. (Ne felejtse el ellen\u0151rizni a spam mapp\u00e1j\u00e1t, ha nem kapta meg az e-mailt.) 1. 1.\/2. l\u00e9p\u00e9s befejezve Sikeresen megkaptuk a v\u00edzumk\u00e9relm\u00e9t. Kapnia kellett egy e-mailt, amelyben minden sz\u00fcks\u00e9ges utas\u00edt\u00e1st megtal\u00e1l a 2. l\u00e9p\u00e9shez. 2. 2. l\u00e9p\u00e9s f\u00fcgg\u0151ben A jelentkez\u00e9si folyamat 2. l\u00e9p\u00e9s\u00e9t kell elv\u00e9gezned, amely sor\u00e1n a saj\u00e1t temp\u00f3dban adsz meg r\u00e9szletes inform\u00e1ci\u00f3kat. 3. Fel\u00fclvizsg\u00e1lat alatt Kijel\u00f6lt \u00fcgyn\u00f6ke jelenleg fel\u00fclvizsg\u00e1lja a k\u00e9relm\u00e9t, hogy megbizonyosodjon a megadott adatok teljess\u00e9g\u00e9r\u0151l \u00e9s pontoss\u00e1g\u00e1r\u00f3l, miel\u0151tt beny\u00fajtan\u00e1 azt az Egyes\u00fclt \u00c1llamok K\u00fcl\u00fcgyminiszt\u00e9rium\u00e1nak. 4. J\u00f3v\u00e1hagy\u00e1sra v\u00e1rva A jelentkez\u00e9sed el lett k\u00fcldve beny\u00fajtott\u00e1k az Egyes\u00fclt \u00c1llamok K\u00fcl\u00fcgyminiszt\u00e9rium\u00e1hoz, \u00e9s jelenleg j\u00f3v\u00e1hagy\u00e1sra v\u00e1r. 5. Jelentkez\u00e9s eredm\u00e9nye A jelentkez\u00e9sed el lett k\u00fcldve az Egyes\u00fclt \u00c1llamok K\u00fcl\u00fcgyminiszt\u00e9riuma fel\u00fclvizsg\u00e1lta. Ellen\u0151rizze a be\u00e9rkez\u0151 leveleit, e-mailben \u00e9rtes\u00edtj\u00fck a j\u00f3v\u00e1hagy\u00e1sr\u00f3l, vagy ha tov\u00e1bbi inform\u00e1ci\u00f3ra van sz\u00fcks\u00e9g. Ha egy m\u00e1sik jelentkez\u0151 nev\u00e9ben kell jelentkeznie, kattintson a gombra. \u00dajabb alkalmaz\u00e1s hozz\u00e1ad\u00e1sa A k\u00e1rty\u00e1j\u00e1t enged\u00e9lyezt\u00fck a fizet\u00e9shez. A nyugt\u00e1t elk\u00fcldt\u00fck az e-mail c\u00edm\u00e9re, a sz\u00e1mla teljes r\u00e9szleteit pedig al\u00e1bb tal\u00e1lja. Ellen\u0151rizd az e-mail fi\u00f3kodat a v\u00e1s\u00e1rl\u00e1si nyugta miatt. Ha nem tal\u00e1lod a v\u00e1s\u00e1rl\u00e1si nyugt\u00e1t a be\u00e9rkez\u0151 leveleid k\u00f6z\u00f6tt, k\u00e9rj\u00fck, ellen\u0151rizd a spam mapp\u00e1dat is, \u00e9s add hozz\u00e1 az \u201eUS Immigration Assistance\u201d c\u00edmet a feh\u00e9rlist\u00e1hoz. Az interneten r\u00e9szletesebb inform\u00e1ci\u00f3kat tal\u00e1lsz arr\u00f3l, hogyan adhatod hozz\u00e1 e-mail c\u00edm\u00fcnket a feh\u00e9rlist\u00e1hoz. Sz\u00e1mlaFizet\u00e9si m\u00f3d: Hitelk\u00e1rtyaSz\u00e1ll\u00edt\u00e1si c\u00edm: Elektronikus k\u00e9zbes\u00edt\u00e9sT\u00e9telAmerikai v\u00edzumk\u00e9relemMegjegyz\u00e9s: Ez a terhel\u00e9s a hitelk\u00e1rtya-kimutat\u00e1s\u00e1n \u201eUS Immigration Assistance \u201evagy \u201eusimmigrationassistance.org\u201d n\u00e9ven fog megjelenni.Sikeresen elk\u00fcldte a fizet\u00e9st. A k\u00e1rtyabirtokos bankhoz vagy a PayPalhoz int\u00e9zett, a d\u00edjak visszat\u00e9r\u00edt\u00e9s\u00e9re vonatkoz\u00f3 k\u00e9relme a k\u00e9relem automatikus elutas\u00edt\u00e1s\u00e1t eredm\u00e9nyezi.<\/p>\n","protected":false},"author":3,"featured_media":0,"parent":0,"menu_order":0,"comment_status":"closed","ping_status":"closed","template":"","meta":{"footnotes":""},"class_list":["post-29308","page","type-page","status-publish","hentry"],"_links":{"self":[{"href":"https:\/\/usimmigrationassistance.org\/hu\/wp-json\/wp\/v2\/pages\/29308","targetHints":{"allow":["GET"]}}],"collection":[{"href":"https:\/\/usimmigrationassistance.org\/hu\/wp-json\/wp\/v2\/pages"}],"about":[{"href":"https:\/\/usimmigrationassistance.org\/hu\/wp-json\/wp\/v2\/types\/page"}],"author":[{"embeddable":true,"href":"https:\/\/usimmigrationassistance.org\/hu\/wp-json\/wp\/v2\/users\/3"}],"replies":[{"embeddable":true,"href":"https:\/\/usimmigrationassistance.org\/hu\/wp-json\/wp\/v2\/comments?post=29308"}],"version-history":[{"count":3,"href":"https:\/\/usimmigrationassistance.org\/hu\/wp-json\/wp\/v2\/pages\/29308\/revisions"}],"predecessor-version":[{"id":96169,"href":"https:\/\/usimmigrationassistance.org\/hu\/wp-json\/wp\/v2\/pages\/29308\/revisions\/96169"}],"wp:attachment":[{"href":"https:\/\/usimmigrationassistance.org\/hu\/wp-json\/wp\/v2\/media?parent=29308"}],"curies":[{"name":"wp","href":"https:\/\/api.w.org\/{rel}","templated":true}]}}