{"id":30069,"date":"2025-03-18T07:09:49","date_gmt":"2025-03-18T06:09:49","guid":{"rendered":"https:\/\/usimmigrationassistance.org\/loglegur-fyrirvari\/"},"modified":"2025-05-27T22:52:31","modified_gmt":"2025-05-27T18:52:31","slug":"loglegur-fyrirvari","status":"publish","type":"page","link":"https:\/\/usimmigrationassistance.org\/is\/loglegur-fyrirvari\/","title":{"rendered":"L\u00f6glegur fyrirvari"},"content":{"rendered":"\t\t<div data-elementor-type=\"wp-page\" data-elementor-id=\"30069\" class=\"elementor elementor-30069 elementor-881\" data-elementor-post-type=\"page\">\n\t\t\t\t<div class=\"elementor-element elementor-element-38977736 e-flex e-con-boxed wpr-particle-no wpr-jarallax-no wpr-parallax-no wpr-sticky-section-no e-con e-parent\" data-id=\"38977736\" data-element_type=\"container\">\n\t\t\t\t\t<div class=\"e-con-inner\">\n\t\t<div class=\"elementor-element elementor-element-95d71bf e-con-full e-flex wpr-particle-no wpr-jarallax-no wpr-parallax-no wpr-sticky-section-no e-con e-child\" data-id=\"95d71bf\" data-element_type=\"container\">\n\t\t\t\t<div class=\"elementor-element elementor-element-06e6898 elementor-widget elementor-widget-heading\" data-id=\"06e6898\" data-element_type=\"widget\" data-widget_type=\"heading.default\">\n\t\t\t\t<div class=\"elementor-widget-container\">\n\t\t\t\t\t<h2 class=\"elementor-heading-title elementor-size-default\">L\u00f6glegur fyrirvari<\/h2>\t\t\t\t<\/div>\n\t\t\t\t<\/div>\n\t\t\t\t<\/div>\n\t\t<div class=\"elementor-element elementor-element-30dafa5 e-con-full e-flex wpr-particle-no wpr-jarallax-no wpr-parallax-no wpr-sticky-section-no e-con e-child\" data-id=\"30dafa5\" data-element_type=\"container\" data-settings=\"{&quot;background_background&quot;:&quot;classic&quot;}\">\n\t\t\t\t<div class=\"elementor-element elementor-element-20545007 elementor-widget elementor-widget-text-editor\" data-id=\"20545007\" data-element_type=\"widget\" data-widget_type=\"text-editor.default\">\n\t\t\t\t<div class=\"elementor-widget-container\">\n\t\t\t\t\t\t\t\t\t<p><\/p>\n<p>Hvorki TR\u0410VEL MUNDO &#8211; FZCO n\u00e9 <a href=\"https:\/\/usimmigrationassistance.org\/is\/\" target=\"_blank\" rel=\"noopener\">usimmigrationassistance.org<\/a> eru tengd utanr\u00edkisr\u00e1\u00f0uneyti Bandar\u00edkjanna (US DOS), innanr\u00edkis\u00f6ryggisr\u00e1\u00f0uneyti Bandar\u00edkjanna (US DHS), \u00fatlendingastofnun Bandar\u00edkjanna (USCIS) e\u00f0a neinum \u00f6\u00f0rum r\u00edkisstofnunum Bandar\u00edkjanna.<br> Vi\u00f0 erum ekki l\u00f6gmannsstofa, vi\u00f0 veitum ekki l\u00f6gfr\u00e6\u00f0ir\u00e1\u00f0gj\u00f6f og vi\u00f0 komum ekki \u00ed sta\u00f0 l\u00f6gmanns.<br> Vi\u00f0 erum einkarekin, nettengd r\u00e1\u00f0gjafarfyrirt\u00e6ki \u00ed fer\u00f0am\u00e1lum og innflytjendam\u00e1lum sem s\u00e9rh\u00e6fir sig \u00ed a\u00f0 a\u00f0sto\u00f0a einstaklinga vi\u00f0 a\u00f0 fer\u00f0ast til Bandar\u00edkjanna.  <\/p>\n<p><\/p>\n<p><\/p>\n<p>Hvorki TR\u0410VEL MUNDO &#8211; FZCO, <a href=\"https:\/\/usimmigrationassistance.org\/is\/\" target=\"_blank\" rel=\"noopener\">usimmigrationassistance.org<\/a> n\u00e9 starfsmenn \u00feess fullyr\u00f0a a\u00f0 \u00feeir hafi neina s\u00e9rstaka \u00feekkingu \u00e1 \u00fatlendingal\u00f6gum e\u00f0a m\u00e1lsme\u00f0fer\u00f0. Skr\u00e1\u00f0 ver\u00f0 fyrir a\u00f0sto\u00f0 vi\u00f0 undirb\u00faning ums\u00f3kna innihalda EKKI ums\u00f3knargj\u00f6ld, l\u00e6knissko\u00f0unargj\u00f6ld, skr\u00e1ningargj\u00f6ld e\u00f0a l\u00edffr\u00e6\u00f0ileg au\u00f0kenningargj\u00f6ld fr\u00e1 stj\u00f3rnv\u00f6ldum. Gjald fr\u00e1 stj\u00f3rnv\u00f6ldum er ekki endurgreitt. L\u00f6gmannsgj\u00f6ld eru ekki endurgrei\u00f0anleg.   <\/p>\n<p><\/p>\n<p><\/p>\n<p>Vegabr\u00e9fs\u00e1ritunarstefna Bandar\u00edkjanna fjallar um kr\u00f6fur sem erlendur r\u00edkisborgari sem vill koma til Bandar\u00edkjanna ver\u00f0ur a\u00f0 uppfylla til a\u00f0 f\u00e1 vegabr\u00e9fs\u00e1ritun, sem er leyfi til a\u00f0 fer\u00f0ast til, koma inn \u00ed og\/e\u00f0a dvelja \u00ed Bandar\u00edkjunum. Gestir til Bandar\u00edkjanna ver\u00f0a a\u00f0 f\u00e1 vegabr\u00e9fs\u00e1ritun fr\u00e1 einni af sendir\u00e1\u00f0um Bandar\u00edkjanna nema \u00feeir komi fr\u00e1 einu af vegabr\u00e9fs\u00e1ritunarl\u00f6ndunum e\u00f0a l\u00f6ndum sem falla undir vegabr\u00e9fs\u00e1ritunarundan\u00fe\u00e1guna. S\u00f6mu reglur gilda um P\u00faert\u00f3 R\u00edk\u00f3 og J\u00f3mfr\u00faaeyjar Bandar\u00edkjanna, en a\u00f0rar reglur gilda um \u00f6nnur yfirr\u00e1\u00f0asv\u00e6\u00f0i Bandar\u00edkjanna, \u00fe.e. Gvam, Nor\u00f0ur-Mar\u00edanaeyjar og Bandar\u00edska Sam\u00f3a.  <\/p>\n<p><\/p>\n<p><\/p>\n<p>Allar uppl\u00fdsingar sem \u00fe\u00fa l\u00e6tur \u00ed t\u00e9, e\u00f0a tilnefndur \u00feri\u00f0ji a\u00f0ili l\u00e6tur \u00ed t\u00e9 fyrir \u00fe\u00edna h\u00f6nd, ver\u00f0a a\u00f0 vera sannar og r\u00e9ttar. Bandar\u00edskt vegabr\u00e9fs\u00e1ritunarleyfi m\u00e1 afturkalla hven\u00e6r sem er og af hva\u00f0a \u00e1st\u00e6\u00f0u sem er, svo sem ef n\u00fdjar uppl\u00fdsingar hafa \u00e1hrif \u00e1 h\u00e6fi. \u00de\u00fa g\u00e6tir \u00e1tt yfir h\u00f6f\u00f0i \u00fe\u00e9r stj\u00f3rns\u00fdslu- e\u00f0a refsivi\u00f0url\u00f6g ef \u00fe\u00fa v\u00edsvitandi og af \u00e1settu r\u00e1\u00f0i gefur upp efnislega ranga, uppspunna e\u00f0a sviksamlega yfirl\u00fdsingu e\u00f0a fullyr\u00f0ingu \u00ed vegabr\u00e9fs\u00e1ritunarums\u00f3kn sem \u00fe\u00fa e\u00f0a tilnefndur a\u00f0ili leggur fram fyrir \u00fe\u00edna h\u00f6nd.  <\/p>\n<p><\/p>\n<p><\/p>\n<p>Vinsamlegast sko\u00f0i\u00f0 endurgrei\u00f0slustefnuna \u00e1\u00f0ur en \u00fei\u00f0 kaupi\u00f0 \u00fej\u00f3nustu \u00e1 vefs\u00ed\u00f0u okkar.<\/p>\n<p><\/p>\n<p><\/p>\n<p>\u00deessi vefs\u00ed\u00f0a inniheldur almennar uppl\u00fdsingar um m\u00e1lefni og \u00fer\u00f3un m\u00e1la \u00ed innflytjendam\u00e1lum. Sl\u00edkt efni er eing\u00f6ngu \u00e6tla\u00f0 til uppl\u00fdsinga og endurspeglar ekki endilega n\u00fdjustu \u00fer\u00f3un. \u00deetta uppl\u00fdsingaefni er ekki \u00e6tla\u00f0 og \u00e6tti ekki a\u00f0 l\u00edta \u00e1 sem l\u00f6gfr\u00e6\u00f0ir\u00e1\u00f0gj\u00f6f um sta\u00f0reyndir e\u00f0a a\u00f0st\u00e6\u00f0ur. \u00de\u00fa \u00e6ttir a\u00f0 hafa samband vi\u00f0 l\u00f6gmann til a\u00f0 f\u00e1 lei\u00f0beiningar um tiltekin lagaleg vandam\u00e1l.   <\/p>\n<p><\/p>\n<p><\/p>\n<p>\u00de\u00f3tt vi\u00f0 leggjum okkur fram um a\u00f0 halda uppl\u00fdsingum \u00e1 vefs\u00ed\u00f0unni uppf\u00e6r\u00f0um og r\u00e9ttum, \u00fe\u00e1 veitir TR\u0410VEL MUNDO &#8211; FZCO engar yfirl\u00fdsingar e\u00f0a \u00e1byrg\u00f0ir af neinu tagi, hvorki sk\u00fdrar n\u00e9 \u00f3sk\u00fdrar, um heilleika, n\u00e1kv\u00e6mni, \u00e1rei\u00f0anleika, hentugleika e\u00f0a frambo\u00f0 vefs\u00ed\u00f0unnar e\u00f0a uppl\u00fdsinga, vara, \u00fej\u00f3nustu e\u00f0a tengdrar graf\u00edk sem er a\u00f0 finna \u00e1 vefs\u00ed\u00f0unni \u00ed neinum tilgangi. \u00d6ll rei\u00f0i sem \u00fe\u00fa leggur \u00e1 sl\u00edkt efni er \u00fev\u00ed alfari\u00f0 \u00e1 \u00fe\u00edna eigin \u00e1byrg\u00f0. <\/p>\n<p><\/p>\n<p><\/p>\n<p>TR\u0410VEL MUNDO &#8211; FZCO ber ekki \u00e1byrg\u00f0 \u00e1 r\u00f6ngum, \u00f3n\u00e1kv\u00e6mum, \u00f3vi\u00f0eigandi e\u00f0a \u00f3fullkomnum uppl\u00fdsingum sem birtast \u00e1 vefs\u00ed\u00f0unni.<\/p>\n<p><\/p>\n<p><\/p>\n<p>\u00de\u00f3tt allt s\u00e9 gert til a\u00f0 halda vefs\u00ed\u00f0unni gangandi, ber TR\u0410VEL MUNDO &#8211; FZCO, vegna e\u00f0lis internetsins og \u00feeirrar t\u00e6kni sem um r\u00e6\u00f0ir, enga \u00e1byrg\u00f0 \u00e1 \u00fev\u00ed ef vefs\u00ed\u00f0an er t\u00edmabundi\u00f0 \u00f3a\u00f0gengileg vegna t\u00e6knilegra vandam\u00e1la (e\u00f0a annars) sem eru utan stj\u00f3rn \u00feess e\u00f0a fyrir tj\u00f3n sem kann a\u00f0 ver\u00f0a vegna notkunar \u00e1 e\u00f0a a\u00f0gangs a\u00f0 \u00feessari vefs\u00ed\u00f0u, e\u00f0a vanh\u00e6fni til a\u00f0 nota e\u00f0a f\u00e1 a\u00f0gang a\u00f0 henni af neinu tagi.<\/p>\n<p><\/p>\n<p><\/p>\n<p>\u00c1kve\u00f0nir tenglar \u00e1 \u00feessari vefs\u00ed\u00f0u munu lei\u00f0a \u00e1 vefs\u00ed\u00f0ur sem TRAVEL MUNDO &#8211; FZCO hefur ekki stj\u00f3rn \u00e1. \u00deegar \u00fe\u00fa virkjar \u00feessa tengla yfirgefur \u00fe\u00fa vefs\u00ed\u00f0u TRAVEL MUNDO &#8211; FZCO. TRAVEL MUNDO &#8211; FZCO hefur enga stj\u00f3rn \u00e1 og ber enga \u00e1byrg\u00f0 \u00e1 efni, v\u00f6rum e\u00f0a \u00fej\u00f3nustu sem er a\u00f0gengileg \u00e1 vefs\u00ed\u00f0um sem TRAVEL MUNDO &#8211; FZCO hefur ekki stj\u00f3rn \u00e1 og ber enga \u00e1byrg\u00f0 \u00e1.  <\/p>\n<p><\/p>\n<p><\/p>\n<p>A\u00f0 \u00fev\u00ed marki sem \u00fea\u00f0 er ekki banna\u00f0 samkv\u00e6mt l\u00f6gum, ber TR\u0410VEL MUNDO &#8211; FZCO undir engum kringumst\u00e6\u00f0um \u00e1byrg\u00f0 gagnvart \u00fe\u00e9r e\u00f0a neinum \u00feri\u00f0ja a\u00f0ila vegna tj\u00f3ns e\u00f0a ska\u00f0a (\u00fear me\u00f0 tali\u00f0, \u00e1n takmarkana, tj\u00f3ns vegna vi\u00f0skiptataps e\u00f0a hagna\u00f0artaps) sem stafar beint e\u00f0a \u00f3beint af notkun \u00feinni \u00e1 e\u00f0a vanh\u00e6fni til a\u00f0 nota \u00feessa s\u00ed\u00f0u e\u00f0a efni sem \u00e1 henni er.<\/p>\n<p><\/p>\n<p><\/p>\n<p>Ums\u00f3knir sem fylltar eru \u00fat me\u00f0 \u00fej\u00f3nustu okkar eru f\u00e1anlegar sem au\u00f0ar ey\u00f0ubl\u00f6\u00f0 \u00e1n endurgjalds \u00e1 vefs\u00ed\u00f0um sumra bandar\u00edskra stj\u00f3rnvalda. Vi\u00f0 erum einkarekinn, t\u00e6knilegur, nettengdur fer\u00f0a\u00fej\u00f3nustua\u00f0ili sem s\u00e9rh\u00e6fir sig \u00ed a\u00f0 a\u00f0sto\u00f0a einstaklinga vi\u00f0 a\u00f0 fer\u00f0ast til Bandar\u00edkjanna. Ef \u00fe\u00fa vilt ekki n\u00fdta \u00fe\u00e9r \u00fej\u00f3nustu okkar getur\u00f0u s\u00f3tt um beint \u00e1 <a href=\"https:\/\/travel.state.gov\/\" target=\"_blank\" rel=\"noreferrer noopener\">travel.state.gov<\/a> e\u00f0a \u00e1 <a href=\"https:\/\/uscis.gov\/\" target=\"_blank\" rel=\"noreferrer noopener\">uscis.gov<\/a> .  <\/p>\n<p><\/p>\n<p><\/p>\n<p>\u00de\u00fa \u00e6ttir ekki a\u00f0 nota \u00feessa vefs\u00ed\u00f0u til a\u00f0 veita tr\u00fana\u00f0aruppl\u00fdsingar um l\u00f6gfr\u00e6\u00f0ilegt m\u00e1lefni \u00feitt til umbo\u00f0smanna. Notkun \u00fe\u00edn \u00e1 \u00feessari vefs\u00ed\u00f0u gerir \u00feig ekki a\u00f0 vi\u00f0skiptavini l\u00f6gmannsstofu e\u00f0a jafnvel a\u00f0 v\u00e6ntanlegum vi\u00f0skiptavini l\u00f6gmannsstofu. <\/p>\n<p><\/p>\n<p><\/p>\n<p>Til \u00fe\u00e6ginda kann \u00feessi vefs\u00ed\u00f0a a\u00f0 innihalda tengla \u00e1 vefs\u00ed\u00f0ur \u00feri\u00f0ja a\u00f0ila. Sl\u00edkar tengdar vefs\u00ed\u00f0ur eru ekki undir okkar stj\u00f3rn og vi\u00f0 berum enga \u00e1byrg\u00f0 \u00e1 n\u00e1kv\u00e6mni efnis sl\u00edkra vefs\u00ed\u00f0na. <\/p>\n<p><\/p>\n<p><\/p>\n<p>Heims\u00f3kn \u00fe\u00edn og\/e\u00f0a notkun \u00e1 \u00feessari vefs\u00ed\u00f0u gefur til kynna a\u00f0 \u00fe\u00fa sam\u00feykkir og skiljir greinilega fyrirvarana, <a href=\"https:\/\/usimmigrationassistance.org\/terms_of_use\/\" target=\"_blank\" rel=\"noreferrer noopener\">notkunarskilm\u00e1lana<\/a> , <a href=\"https:\/\/usimmigrationassistance.org\/privacy_policy\/\" target=\"_blank\" rel=\"noreferrer noopener\">pers\u00f3nuverndarstefnuna<\/a> og <a href=\"https:\/\/usimmigrationassistance.org\/refund_policy\/\" target=\"_blank\" rel=\"noreferrer noopener\">endurgrei\u00f0slustefnuna<\/a> sem fram koma \u00e1 \u00feessari s\u00ed\u00f0u.<\/p>\n<p><\/p>\t\t\t\t\t\t\t\t<\/div>\n\t\t\t\t<\/div>\n\t\t\t\t<\/div>\n\t\t\t\t\t<\/div>\n\t\t\t\t<\/div>\n\t\t\t\t<\/div>\n\t\t","protected":false},"excerpt":{"rendered":"<p>L\u00f6glegur fyrirvari Hvorki TR\u0410VEL MUNDO &#8211; FZCO n\u00e9 usimmigrationassistance.org eru tengd utanr\u00edkisr\u00e1\u00f0uneyti Bandar\u00edkjanna (US DOS), innanr\u00edkis\u00f6ryggisr\u00e1\u00f0uneyti Bandar\u00edkjanna (US DHS), \u00fatlendingastofnun Bandar\u00edkjanna (USCIS) e\u00f0a neinum \u00f6\u00f0rum r\u00edkisstofnunum Bandar\u00edkjanna. Vi\u00f0 erum ekki l\u00f6gmannsstofa, vi\u00f0 veitum ekki l\u00f6gfr\u00e6\u00f0ir\u00e1\u00f0gj\u00f6f og vi\u00f0 komum ekki \u00ed sta\u00f0 l\u00f6gmanns. Vi\u00f0 erum einkarekin, nettengd r\u00e1\u00f0gjafarfyrirt\u00e6ki \u00ed fer\u00f0am\u00e1lum og innflytjendam\u00e1lum sem s\u00e9rh\u00e6fir sig \u00ed a\u00f0 a\u00f0sto\u00f0a einstaklinga vi\u00f0 a\u00f0 fer\u00f0ast til Bandar\u00edkjanna. Hvorki TR\u0410VEL MUNDO &#8211; FZCO, usimmigrationassistance.org n\u00e9 starfsmenn \u00feess fullyr\u00f0a a\u00f0 \u00feeir hafi neina s\u00e9rstaka \u00feekkingu \u00e1 \u00fatlendingal\u00f6gum e\u00f0a m\u00e1lsme\u00f0fer\u00f0. Skr\u00e1\u00f0 ver\u00f0 fyrir a\u00f0sto\u00f0 vi\u00f0 undirb\u00faning ums\u00f3kna innihalda EKKI ums\u00f3knargj\u00f6ld, l\u00e6knissko\u00f0unargj\u00f6ld, skr\u00e1ningargj\u00f6ld e\u00f0a l\u00edffr\u00e6\u00f0ileg au\u00f0kenningargj\u00f6ld fr\u00e1 stj\u00f3rnv\u00f6ldum. Gjald fr\u00e1 stj\u00f3rnv\u00f6ldum er ekki endurgreitt. L\u00f6gmannsgj\u00f6ld eru ekki endurgrei\u00f0anleg. Vegabr\u00e9fs\u00e1ritunarstefna Bandar\u00edkjanna fjallar um kr\u00f6fur sem erlendur r\u00edkisborgari sem vill koma til Bandar\u00edkjanna ver\u00f0ur a\u00f0 uppfylla til a\u00f0 f\u00e1 vegabr\u00e9fs\u00e1ritun, sem er leyfi til a\u00f0 fer\u00f0ast til, koma inn \u00ed og\/e\u00f0a dvelja \u00ed Bandar\u00edkjunum. Gestir til Bandar\u00edkjanna ver\u00f0a a\u00f0 f\u00e1 vegabr\u00e9fs\u00e1ritun fr\u00e1 einni af sendir\u00e1\u00f0um Bandar\u00edkjanna nema \u00feeir komi fr\u00e1 einu af vegabr\u00e9fs\u00e1ritunarl\u00f6ndunum e\u00f0a l\u00f6ndum sem falla undir vegabr\u00e9fs\u00e1ritunarundan\u00fe\u00e1guna. S\u00f6mu reglur gilda um P\u00faert\u00f3 R\u00edk\u00f3 og J\u00f3mfr\u00faaeyjar Bandar\u00edkjanna, en a\u00f0rar reglur gilda um \u00f6nnur yfirr\u00e1\u00f0asv\u00e6\u00f0i Bandar\u00edkjanna, \u00fe.e. Gvam, Nor\u00f0ur-Mar\u00edanaeyjar og Bandar\u00edska Sam\u00f3a. Allar uppl\u00fdsingar sem \u00fe\u00fa l\u00e6tur \u00ed t\u00e9, e\u00f0a tilnefndur \u00feri\u00f0ji a\u00f0ili l\u00e6tur \u00ed t\u00e9 fyrir \u00fe\u00edna h\u00f6nd, ver\u00f0a a\u00f0 vera sannar og r\u00e9ttar. Bandar\u00edskt vegabr\u00e9fs\u00e1ritunarleyfi m\u00e1 afturkalla hven\u00e6r sem er og af hva\u00f0a \u00e1st\u00e6\u00f0u sem er, svo sem ef n\u00fdjar uppl\u00fdsingar hafa \u00e1hrif \u00e1 h\u00e6fi. \u00de\u00fa g\u00e6tir \u00e1tt yfir h\u00f6f\u00f0i \u00fe\u00e9r stj\u00f3rns\u00fdslu- e\u00f0a refsivi\u00f0url\u00f6g ef \u00fe\u00fa v\u00edsvitandi og af \u00e1settu r\u00e1\u00f0i gefur upp efnislega ranga, uppspunna e\u00f0a sviksamlega yfirl\u00fdsingu e\u00f0a fullyr\u00f0ingu \u00ed vegabr\u00e9fs\u00e1ritunarums\u00f3kn sem \u00fe\u00fa e\u00f0a tilnefndur a\u00f0ili leggur fram fyrir \u00fe\u00edna h\u00f6nd. Vinsamlegast sko\u00f0i\u00f0 endurgrei\u00f0slustefnuna \u00e1\u00f0ur en \u00fei\u00f0 kaupi\u00f0 \u00fej\u00f3nustu \u00e1 vefs\u00ed\u00f0u okkar. \u00deessi vefs\u00ed\u00f0a inniheldur almennar uppl\u00fdsingar um m\u00e1lefni og \u00fer\u00f3un m\u00e1la \u00ed innflytjendam\u00e1lum. Sl\u00edkt efni er eing\u00f6ngu \u00e6tla\u00f0 til uppl\u00fdsinga og endurspeglar ekki endilega n\u00fdjustu \u00fer\u00f3un. \u00deetta uppl\u00fdsingaefni er ekki \u00e6tla\u00f0 og \u00e6tti ekki a\u00f0 l\u00edta \u00e1 sem l\u00f6gfr\u00e6\u00f0ir\u00e1\u00f0gj\u00f6f um sta\u00f0reyndir e\u00f0a a\u00f0st\u00e6\u00f0ur. \u00de\u00fa \u00e6ttir a\u00f0 hafa samband vi\u00f0 l\u00f6gmann til a\u00f0 f\u00e1 lei\u00f0beiningar um tiltekin lagaleg vandam\u00e1l. \u00de\u00f3tt vi\u00f0 leggjum okkur fram um a\u00f0 halda uppl\u00fdsingum \u00e1 vefs\u00ed\u00f0unni uppf\u00e6r\u00f0um og r\u00e9ttum, \u00fe\u00e1 veitir TR\u0410VEL MUNDO &#8211; FZCO engar yfirl\u00fdsingar e\u00f0a \u00e1byrg\u00f0ir af neinu tagi, hvorki sk\u00fdrar n\u00e9 \u00f3sk\u00fdrar, um heilleika, n\u00e1kv\u00e6mni, \u00e1rei\u00f0anleika, hentugleika e\u00f0a frambo\u00f0 vefs\u00ed\u00f0unnar e\u00f0a uppl\u00fdsinga, vara, \u00fej\u00f3nustu e\u00f0a tengdrar graf\u00edk sem er a\u00f0 finna \u00e1 vefs\u00ed\u00f0unni \u00ed neinum tilgangi. \u00d6ll rei\u00f0i sem \u00fe\u00fa leggur \u00e1 sl\u00edkt efni er \u00fev\u00ed alfari\u00f0 \u00e1 \u00fe\u00edna eigin \u00e1byrg\u00f0. TR\u0410VEL MUNDO &#8211; FZCO ber ekki \u00e1byrg\u00f0 \u00e1 r\u00f6ngum, \u00f3n\u00e1kv\u00e6mum, \u00f3vi\u00f0eigandi e\u00f0a \u00f3fullkomnum uppl\u00fdsingum sem birtast \u00e1 vefs\u00ed\u00f0unni. \u00de\u00f3tt allt s\u00e9 gert til a\u00f0 halda vefs\u00ed\u00f0unni gangandi, ber TR\u0410VEL MUNDO &#8211; FZCO, vegna e\u00f0lis internetsins og \u00feeirrar t\u00e6kni sem um r\u00e6\u00f0ir, enga \u00e1byrg\u00f0 \u00e1 \u00fev\u00ed ef vefs\u00ed\u00f0an er t\u00edmabundi\u00f0 \u00f3a\u00f0gengileg vegna t\u00e6knilegra vandam\u00e1la (e\u00f0a annars) sem eru utan stj\u00f3rn \u00feess e\u00f0a fyrir tj\u00f3n sem kann a\u00f0 ver\u00f0a vegna notkunar \u00e1 e\u00f0a a\u00f0gangs a\u00f0 \u00feessari vefs\u00ed\u00f0u, e\u00f0a vanh\u00e6fni til a\u00f0 nota e\u00f0a f\u00e1 a\u00f0gang a\u00f0 henni af neinu tagi. \u00c1kve\u00f0nir tenglar \u00e1 \u00feessari vefs\u00ed\u00f0u munu lei\u00f0a \u00e1 vefs\u00ed\u00f0ur sem TRAVEL MUNDO &#8211; FZCO hefur ekki stj\u00f3rn \u00e1. \u00deegar \u00fe\u00fa virkjar \u00feessa tengla yfirgefur \u00fe\u00fa vefs\u00ed\u00f0u TRAVEL MUNDO &#8211; FZCO. TRAVEL MUNDO &#8211; FZCO hefur enga stj\u00f3rn \u00e1 og ber enga \u00e1byrg\u00f0 \u00e1 efni, v\u00f6rum e\u00f0a \u00fej\u00f3nustu sem er a\u00f0gengileg \u00e1 vefs\u00ed\u00f0um sem TRAVEL MUNDO &#8211; FZCO hefur ekki stj\u00f3rn \u00e1 og ber enga \u00e1byrg\u00f0 \u00e1. A\u00f0 \u00fev\u00ed marki sem \u00fea\u00f0 er ekki banna\u00f0 samkv\u00e6mt l\u00f6gum, ber TR\u0410VEL MUNDO &#8211; FZCO undir engum kringumst\u00e6\u00f0um \u00e1byrg\u00f0 gagnvart \u00fe\u00e9r e\u00f0a neinum \u00feri\u00f0ja a\u00f0ila vegna tj\u00f3ns e\u00f0a ska\u00f0a (\u00fear me\u00f0 tali\u00f0, \u00e1n takmarkana, tj\u00f3ns vegna vi\u00f0skiptataps e\u00f0a hagna\u00f0artaps) sem stafar beint e\u00f0a \u00f3beint af notkun \u00feinni \u00e1 e\u00f0a vanh\u00e6fni til a\u00f0 nota \u00feessa s\u00ed\u00f0u e\u00f0a efni sem \u00e1 henni er. Ums\u00f3knir sem fylltar eru \u00fat me\u00f0 \u00fej\u00f3nustu okkar eru f\u00e1anlegar sem au\u00f0ar ey\u00f0ubl\u00f6\u00f0 \u00e1n endurgjalds \u00e1 vefs\u00ed\u00f0um sumra bandar\u00edskra stj\u00f3rnvalda. Vi\u00f0 erum einkarekinn, t\u00e6knilegur, nettengdur fer\u00f0a\u00fej\u00f3nustua\u00f0ili sem s\u00e9rh\u00e6fir sig \u00ed a\u00f0 a\u00f0sto\u00f0a einstaklinga vi\u00f0 a\u00f0 fer\u00f0ast til Bandar\u00edkjanna. Ef \u00fe\u00fa vilt ekki n\u00fdta \u00fe\u00e9r \u00fej\u00f3nustu okkar getur\u00f0u s\u00f3tt um beint \u00e1 travel.state.gov e\u00f0a \u00e1 uscis.gov . \u00de\u00fa \u00e6ttir ekki a\u00f0 nota \u00feessa vefs\u00ed\u00f0u til a\u00f0 veita tr\u00fana\u00f0aruppl\u00fdsingar um l\u00f6gfr\u00e6\u00f0ilegt m\u00e1lefni \u00feitt til umbo\u00f0smanna. Notkun \u00fe\u00edn \u00e1 \u00feessari vefs\u00ed\u00f0u gerir \u00feig ekki a\u00f0 vi\u00f0skiptavini l\u00f6gmannsstofu e\u00f0a jafnvel a\u00f0 v\u00e6ntanlegum vi\u00f0skiptavini l\u00f6gmannsstofu. Til \u00fe\u00e6ginda kann \u00feessi vefs\u00ed\u00f0a a\u00f0 innihalda tengla \u00e1 vefs\u00ed\u00f0ur \u00feri\u00f0ja a\u00f0ila. Sl\u00edkar tengdar vefs\u00ed\u00f0ur eru ekki undir okkar stj\u00f3rn og vi\u00f0 berum enga \u00e1byrg\u00f0 \u00e1 n\u00e1kv\u00e6mni efnis sl\u00edkra vefs\u00ed\u00f0na. Heims\u00f3kn \u00fe\u00edn og\/e\u00f0a notkun \u00e1 \u00feessari vefs\u00ed\u00f0u gefur til kynna a\u00f0 \u00fe\u00fa sam\u00feykkir og skiljir greinilega fyrirvarana, notkunarskilm\u00e1lana , pers\u00f3nuverndarstefnuna og endurgrei\u00f0slustefnuna sem fram koma \u00e1 \u00feessari s\u00ed\u00f0u.<\/p>\n","protected":false},"author":3,"featured_media":0,"parent":0,"menu_order":0,"comment_status":"closed","ping_status":"closed","template":"","meta":{"footnotes":""},"class_list":["post-30069","page","type-page","status-publish","hentry"],"_links":{"self":[{"href":"https:\/\/usimmigrationassistance.org\/is\/wp-json\/wp\/v2\/pages\/30069","targetHints":{"allow":["GET"]}}],"collection":[{"href":"https:\/\/usimmigrationassistance.org\/is\/wp-json\/wp\/v2\/pages"}],"about":[{"href":"https:\/\/usimmigrationassistance.org\/is\/wp-json\/wp\/v2\/types\/page"}],"author":[{"embeddable":true,"href":"https:\/\/usimmigrationassistance.org\/is\/wp-json\/wp\/v2\/users\/3"}],"replies":[{"embeddable":true,"href":"https:\/\/usimmigrationassistance.org\/is\/wp-json\/wp\/v2\/comments?post=30069"}],"version-history":[{"count":11,"href":"https:\/\/usimmigrationassistance.org\/is\/wp-json\/wp\/v2\/pages\/30069\/revisions"}],"predecessor-version":[{"id":30105,"href":"https:\/\/usimmigrationassistance.org\/is\/wp-json\/wp\/v2\/pages\/30069\/revisions\/30105"}],"wp:attachment":[{"href":"https:\/\/usimmigrationassistance.org\/is\/wp-json\/wp\/v2\/media?parent=30069"}],"curies":[{"name":"wp","href":"https:\/\/api.w.org\/{rel}","templated":true}]}}