{"id":30116,"date":"2025-03-18T11:38:21","date_gmt":"2025-03-18T07:38:21","guid":{"rendered":"https:\/\/usimmigrationassistance.org\/almennar-upplysingar\/"},"modified":"2025-05-27T22:53:07","modified_gmt":"2025-05-27T18:53:07","slug":"almennar-upplysingar","status":"publish","type":"page","link":"https:\/\/usimmigrationassistance.org\/is\/almennar-upplysingar\/","title":{"rendered":"Almennar uppl\u00fdsingar"},"content":{"rendered":"\t\t<div data-elementor-type=\"wp-page\" data-elementor-id=\"30116\" class=\"elementor elementor-30116 elementor-939\" data-elementor-post-type=\"page\">\n\t\t\t\t<div class=\"elementor-element elementor-element-a2005f4 e-flex e-con-boxed wpr-particle-no wpr-jarallax-no wpr-parallax-no wpr-sticky-section-no e-con e-parent\" data-id=\"a2005f4\" data-element_type=\"container\" data-settings=\"{&quot;background_background&quot;:&quot;classic&quot;}\">\n\t\t\t\t\t<div class=\"e-con-inner\">\n\t\t<div class=\"elementor-element elementor-element-534ab60 e-con-full e-flex wpr-particle-no wpr-jarallax-no wpr-parallax-no wpr-sticky-section-no e-con e-child\" data-id=\"534ab60\" data-element_type=\"container\">\n\t\t\t\t<div class=\"elementor-element elementor-element-4d948f7 elementor-widget elementor-widget-heading\" data-id=\"4d948f7\" data-element_type=\"widget\" data-widget_type=\"heading.default\">\n\t\t\t\t<div class=\"elementor-widget-container\">\n\t\t\t\t\t<h2 class=\"elementor-heading-title elementor-size-default\">Ums\u00f3kn um bandar\u00edskt vegabr\u00e9fs\u00e1ritun<\/h2>\t\t\t\t<\/div>\n\t\t\t\t<\/div>\n\t\t\t\t<\/div>\n\t\t\t\t\t<\/div>\n\t\t\t\t<\/div>\n\t\t<div class=\"elementor-element elementor-element-6e15b66 e-flex e-con-boxed wpr-particle-no wpr-jarallax-no wpr-parallax-no wpr-sticky-section-no e-con e-parent\" data-id=\"6e15b66\" data-element_type=\"container\" data-settings=\"{&quot;background_background&quot;:&quot;classic&quot;}\">\n\t\t\t\t\t<div class=\"e-con-inner\">\n\t\t\t\t<div class=\"elementor-element elementor-element-57599ab elementor-position-left elementor-mobile-position-left elementor-view-default elementor-widget elementor-widget-icon-box\" data-id=\"57599ab\" data-element_type=\"widget\" data-widget_type=\"icon-box.default\">\n\t\t\t\t<div class=\"elementor-widget-container\">\n\t\t\t\t\t\t\t<div class=\"elementor-icon-box-wrapper\">\n\n\t\t\t\t\t\t<div class=\"elementor-icon-box-icon\">\n\t\t\t\t<span  class=\"elementor-icon\">\n\t\t\t\t<i aria-hidden=\"true\" class=\"jki jki-alert-circle-line\"><\/i>\t\t\t\t<\/span>\n\t\t\t<\/div>\n\t\t\t\n\t\t\t\t\t\t<div class=\"elementor-icon-box-content\">\n\n\t\t\t\t\t\t\t\t\t<p class=\"elementor-icon-box-title\">\n\t\t\t\t\t\t<span  >\n\t\t\t\t\t\t\tEf vegabr\u00e9fs\u00e1ritun \u00fe\u00edn hefur runni\u00f0 \u00fat innan s\u00ed\u00f0ustu 24 m\u00e1na\u00f0a er n\u00fa h\u00e6gt a\u00f0 endurn\u00fdja hana \u00e1n \u00feess a\u00f0 \u00feurfa a\u00f0 m\u00e6ta \u00ed vi\u00f0tal.\t\t\t\t\t\t<\/span>\n\t\t\t\t\t<\/p>\n\t\t\t\t\n\t\t\t\t\n\t\t\t<\/div>\n\t\t\t\n\t\t<\/div>\n\t\t\t\t\t\t<\/div>\n\t\t\t\t<\/div>\n\t\t\t\t\t<\/div>\n\t\t\t\t<\/div>\n\t\t<div class=\"elementor-element elementor-element-6aaa983 e-flex e-con-boxed wpr-particle-no wpr-jarallax-no wpr-parallax-no wpr-sticky-section-no e-con e-parent\" data-id=\"6aaa983\" data-element_type=\"container\">\n\t\t\t\t\t<div class=\"e-con-inner\">\n\t\t<div class=\"elementor-element elementor-element-23f73f2 e-con-full e-flex wpr-particle-no wpr-jarallax-no wpr-parallax-no wpr-sticky-section-no e-con e-child\" data-id=\"23f73f2\" data-element_type=\"container\">\n\t\t\t\t<div class=\"elementor-element elementor-element-1eabfef elementor-widget elementor-widget-heading\" data-id=\"1eabfef\" data-element_type=\"widget\" data-widget_type=\"heading.default\">\n\t\t\t\t<div class=\"elementor-widget-container\">\n\t\t\t\t\t<h4 class=\"elementor-heading-title elementor-size-default\">Ums\u00f3kn um bandar\u00edskt vegabr\u00e9fs\u00e1ritunarums\u00f3kn - Almennar uppl\u00fdsingar - <span style=\"color:#bf8002\">1. hluti<\/span><\/h4>\t\t\t\t<\/div>\n\t\t\t\t<\/div>\n\t\t\t\t<div class=\"elementor-element elementor-element-ee10b64 elementor-widget elementor-widget-text-editor\" data-id=\"ee10b64\" data-element_type=\"widget\" data-widget_type=\"text-editor.default\">\n\t\t\t\t<div class=\"elementor-widget-container\">\n\t\t\t\t\t\t\t\t\t<p>Fer\u00f0amenn sem fara til Bandar\u00edkjanna \u00ed fer\u00f0a\u00fej\u00f3nustu, vi\u00f0skiptafer\u00f0um e\u00f0a l\u00e6knisheims\u00f3knum \u00feurfa vegabr\u00e9fs\u00e1ritun. \u00de\u00fa getur dvali\u00f0 \u00ed Bandar\u00edkjunum \u00ed 180 daga e\u00f0a skemur. \u00deessi tegund vegabr\u00e9fs\u00e1ritunar leyfir margar komu innan gildist\u00edmans svo framarlega sem engin dv\u00f6l er lengri en 6 m\u00e1nu\u00f0ir.  <\/p>\t\t\t\t\t\t\t\t<\/div>\n\t\t\t\t<\/div>\n\t\t\t\t<div class=\"elementor-element elementor-element-e323501 elementor-widget elementor-widget-heading\" data-id=\"e323501\" data-element_type=\"widget\" data-widget_type=\"heading.default\">\n\t\t\t\t<div class=\"elementor-widget-container\">\n\t\t\t\t\t<h6 class=\"elementor-heading-title elementor-size-default\">FER\u00d0ATILGANGUR<\/h6>\t\t\t\t<\/div>\n\t\t\t\t<\/div>\n\t\t\t\t<div class=\"elementor-element elementor-element-1bf9e06 elementor-icon-list--layout-traditional elementor-list-item-link-full_width elementor-widget elementor-widget-icon-list\" data-id=\"1bf9e06\" data-element_type=\"widget\" data-widget_type=\"icon-list.default\">\n\t\t\t\t<div class=\"elementor-widget-container\">\n\t\t\t\t\t\t\t<ul class=\"elementor-icon-list-items\">\n\t\t\t\t\t\t\t<li class=\"elementor-icon-list-item\">\n\t\t\t\t\t\t\t\t\t\t\t<span class=\"elementor-icon-list-icon\">\n\t\t\t\t\t\t\t<i aria-hidden=\"true\" class=\"jki jki-internet-light\"><\/i>\t\t\t\t\t\t<\/span>\n\t\t\t\t\t\t\t\t\t\t<span class=\"elementor-icon-list-text\">Fer\u00f0a\u00fej\u00f3nusta, vi\u00f0skipti, l\u00e6knisfr\u00e6\u00f0i<\/span>\n\t\t\t\t\t\t\t\t\t<\/li>\n\t\t\t\t\t\t<\/ul>\n\t\t\t\t\t\t<\/div>\n\t\t\t\t<\/div>\n\t\t\t\t<div class=\"elementor-element elementor-element-9b6e40e elementor-widget elementor-widget-heading\" data-id=\"9b6e40e\" data-element_type=\"widget\" data-widget_type=\"heading.default\">\n\t\t\t\t<div class=\"elementor-widget-container\">\n\t\t\t\t\t<h6 class=\"elementor-heading-title elementor-size-default\">H\u00c1MARKSDV\u00d6L\n<\/h6>\t\t\t\t<\/div>\n\t\t\t\t<\/div>\n\t\t\t\t<div class=\"elementor-element elementor-element-dcaf221 elementor-icon-list--layout-traditional elementor-list-item-link-full_width elementor-widget elementor-widget-icon-list\" data-id=\"dcaf221\" data-element_type=\"widget\" data-widget_type=\"icon-list.default\">\n\t\t\t\t<div class=\"elementor-widget-container\">\n\t\t\t\t\t\t\t<ul class=\"elementor-icon-list-items\">\n\t\t\t\t\t\t\t<li class=\"elementor-icon-list-item\">\n\t\t\t\t\t\t\t\t\t\t\t<span class=\"elementor-icon-list-icon\">\n\t\t\t\t\t\t\t<svg aria-hidden=\"true\" class=\"e-font-icon-svg e-far-calendar-alt\" viewBox=\"0 0 448 512\" xmlns=\"http:\/\/www.w3.org\/2000\/svg\"><path d=\"M148 288h-40c-6.6 0-12-5.4-12-12v-40c0-6.6 5.4-12 12-12h40c6.6 0 12 5.4 12 12v40c0 6.6-5.4 12-12 12zm108-12v-40c0-6.6-5.4-12-12-12h-40c-6.6 0-12 5.4-12 12v40c0 6.6 5.4 12 12 12h40c6.6 0 12-5.4 12-12zm96 0v-40c0-6.6-5.4-12-12-12h-40c-6.6 0-12 5.4-12 12v40c0 6.6 5.4 12 12 12h40c6.6 0 12-5.4 12-12zm-96 96v-40c0-6.6-5.4-12-12-12h-40c-6.6 0-12 5.4-12 12v40c0 6.6 5.4 12 12 12h40c6.6 0 12-5.4 12-12zm-96 0v-40c0-6.6-5.4-12-12-12h-40c-6.6 0-12 5.4-12 12v40c0 6.6 5.4 12 12 12h40c6.6 0 12-5.4 12-12zm192 0v-40c0-6.6-5.4-12-12-12h-40c-6.6 0-12 5.4-12 12v40c0 6.6 5.4 12 12 12h40c6.6 0 12-5.4 12-12zm96-260v352c0 26.5-21.5 48-48 48H48c-26.5 0-48-21.5-48-48V112c0-26.5 21.5-48 48-48h48V12c0-6.6 5.4-12 12-12h40c6.6 0 12 5.4 12 12v52h128V12c0-6.6 5.4-12 12-12h40c6.6 0 12 5.4 12 12v52h48c26.5 0 48 21.5 48 48zm-48 346V160H48v298c0 3.3 2.7 6 6 6h340c3.3 0 6-2.7 6-6z\"><\/path><\/svg>\t\t\t\t\t\t<\/span>\n\t\t\t\t\t\t\t\t\t\t<span class=\"elementor-icon-list-text\">180 dagar<\/span>\n\t\t\t\t\t\t\t\t\t<\/li>\n\t\t\t\t\t\t<\/ul>\n\t\t\t\t\t\t<\/div>\n\t\t\t\t<\/div>\n\t\t\t\t<div class=\"elementor-element elementor-element-cc1155a elementor-widget elementor-widget-heading\" data-id=\"cc1155a\" data-element_type=\"widget\" data-widget_type=\"heading.default\">\n\t\t\t\t<div class=\"elementor-widget-container\">\n\t\t\t\t\t<h6 class=\"elementor-heading-title elementor-size-default\">F\u00c6RSLUR<\/h6>\t\t\t\t<\/div>\n\t\t\t\t<\/div>\n\t\t\t\t<div class=\"elementor-element elementor-element-cac3438 elementor-icon-list--layout-traditional elementor-list-item-link-full_width elementor-widget elementor-widget-icon-list\" data-id=\"cac3438\" data-element_type=\"widget\" data-widget_type=\"icon-list.default\">\n\t\t\t\t<div class=\"elementor-widget-container\">\n\t\t\t\t\t\t\t<ul class=\"elementor-icon-list-items\">\n\t\t\t\t\t\t\t<li class=\"elementor-icon-list-item\">\n\t\t\t\t\t\t\t\t\t\t\t<span class=\"elementor-icon-list-icon\">\n\t\t\t\t\t\t\t<i aria-hidden=\"true\" class=\"jki jki-refresh-cw-line\"><\/i>\t\t\t\t\t\t<\/span>\n\t\t\t\t\t\t\t\t\t\t<span class=\"elementor-icon-list-text\">Margfeldi<\/span>\n\t\t\t\t\t\t\t\t\t<\/li>\n\t\t\t\t\t\t<\/ul>\n\t\t\t\t\t\t<\/div>\n\t\t\t\t<\/div>\n\t\t\t\t<div class=\"elementor-element elementor-element-23720a5 elementor-widget elementor-widget-heading\" data-id=\"23720a5\" data-element_type=\"widget\" data-widget_type=\"heading.default\">\n\t\t\t\t<div class=\"elementor-widget-container\">\n\t\t\t\t\t<h6 class=\"elementor-heading-title elementor-size-default\">GILDIST\u00cdMI<\/h6>\t\t\t\t<\/div>\n\t\t\t\t<\/div>\n\t\t\t\t<div class=\"elementor-element elementor-element-4e2223c elementor-icon-list--layout-traditional elementor-list-item-link-full_width elementor-widget elementor-widget-icon-list\" data-id=\"4e2223c\" data-element_type=\"widget\" data-widget_type=\"icon-list.default\">\n\t\t\t\t<div class=\"elementor-widget-container\">\n\t\t\t\t\t\t\t<ul class=\"elementor-icon-list-items\">\n\t\t\t\t\t\t\t<li class=\"elementor-icon-list-item\">\n\t\t\t\t\t\t\t\t\t\t\t<span class=\"elementor-icon-list-icon\">\n\t\t\t\t\t\t\t<i aria-hidden=\"true\" class=\"jki jki-checked1-light\"><\/i>\t\t\t\t\t\t<\/span>\n\t\t\t\t\t\t\t\t\t\t<span class=\"elementor-icon-list-text\">10 \u00e1r<\/span>\n\t\t\t\t\t\t\t\t\t<\/li>\n\t\t\t\t\t\t<\/ul>\n\t\t\t\t\t\t<\/div>\n\t\t\t\t<\/div>\n\t\t\t\t<div class=\"elementor-element elementor-element-1b7529f elementor-widget elementor-widget-heading\" data-id=\"1b7529f\" data-element_type=\"widget\" data-widget_type=\"heading.default\">\n\t\t\t\t<div class=\"elementor-widget-container\">\n\t\t\t\t\t<h6 class=\"elementor-heading-title elementor-size-default\">HEIMS\u00d3KN \u00cd SENDIR\u00c1\u00d0I\u00d0<\/h6>\t\t\t\t<\/div>\n\t\t\t\t<\/div>\n\t\t\t\t<div class=\"elementor-element elementor-element-65d10ce elementor-icon-list--layout-traditional elementor-list-item-link-full_width elementor-widget elementor-widget-icon-list\" data-id=\"65d10ce\" data-element_type=\"widget\" data-widget_type=\"icon-list.default\">\n\t\t\t\t<div class=\"elementor-widget-container\">\n\t\t\t\t\t\t\t<ul class=\"elementor-icon-list-items\">\n\t\t\t\t\t\t\t<li class=\"elementor-icon-list-item\">\n\t\t\t\t\t\t\t\t\t\t\t<span class=\"elementor-icon-list-icon\">\n\t\t\t\t\t\t\t<i aria-hidden=\"true\" class=\"jki jki-stopwatch-solid\"><\/i>\t\t\t\t\t\t<\/span>\n\t\t\t\t\t\t\t\t\t\t<span class=\"elementor-icon-list-text\">Nau\u00f0synlegt fyrir vi\u00f0tal<\/span>\n\t\t\t\t\t\t\t\t\t<\/li>\n\t\t\t\t\t\t<\/ul>\n\t\t\t\t\t\t<\/div>\n\t\t\t\t<\/div>\n\t\t\t\t<\/div>\n\t\t<div class=\"elementor-element elementor-element-8f3e626 e-con-full e-flex wpr-particle-no wpr-jarallax-no wpr-parallax-no wpr-sticky-section-no e-con e-child\" data-id=\"8f3e626\" data-element_type=\"container\">\n\t\t<div class=\"elementor-element elementor-element-76c0daf e-con-full e-flex wpr-particle-no wpr-jarallax-no wpr-parallax-no wpr-sticky-section-no e-con e-child\" data-id=\"76c0daf\" data-element_type=\"container\">\n\t\t<div class=\"elementor-element elementor-element-51b8d86 e-con-full e-flex wpr-particle-no wpr-jarallax-no wpr-parallax-no wpr-sticky-section-no e-con e-child\" data-id=\"51b8d86\" data-element_type=\"container\" data-settings=\"{&quot;background_background&quot;:&quot;classic&quot;}\">\n\t\t\t\t<div class=\"elementor-element elementor-element-60e97bf elementor-position-left elementor-mobile-position-left elementor-view-default elementor-widget elementor-widget-icon-box\" data-id=\"60e97bf\" data-element_type=\"widget\" data-widget_type=\"icon-box.default\">\n\t\t\t\t<div class=\"elementor-widget-container\">\n\t\t\t\t\t\t\t<div class=\"elementor-icon-box-wrapper\">\n\n\t\t\t\t\t\t<div class=\"elementor-icon-box-icon\">\n\t\t\t\t<span  class=\"elementor-icon\">\n\t\t\t\t<i aria-hidden=\"true\" class=\"jki jki-alert-circle-line\"><\/i>\t\t\t\t<\/span>\n\t\t\t<\/div>\n\t\t\t\n\t\t\t\t\t\t<div class=\"elementor-icon-box-content\">\n\n\t\t\t\t\n\t\t\t\t\t\t\t\t\t<p class=\"elementor-icon-box-description\">\n\t\t\t\t\t\t<span style=\"font-weight:600\">Athugi\u00f0:<\/span> Heims\u00f3kn \u00ed sendir\u00e1\u00f0i\u00f0 er nau\u00f0synleg fyrir vi\u00f0tali\u00f0.\t\t\t\t\t<\/p>\n\t\t\t\t\n\t\t\t<\/div>\n\t\t\t\n\t\t<\/div>\n\t\t\t\t\t\t<\/div>\n\t\t\t\t<\/div>\n\t\t\t\t<\/div>\n\t\t\t\t<div class=\"elementor-element elementor-element-4895925 elementor-align-center elementor-widget elementor-widget-button\" data-id=\"4895925\" data-element_type=\"widget\" data-widget_type=\"button.default\">\n\t\t\t\t<div class=\"elementor-widget-container\">\n\t\t\t\t\t\t\t\t\t<div class=\"elementor-button-wrapper\">\n\t\t\t\t\t<a class=\"elementor-button elementor-button-link elementor-size-sm\" href=\"https:\/\/usimmigrationassistance.org\/is\/ds160_form_part1-adal\/\" id=\"aplication-submit\">\n\t\t\t\t\t\t<span class=\"elementor-button-content-wrapper\">\n\t\t\t\t\t\t\t\t\t<span class=\"elementor-button-text\">byrja<\/span>\n\t\t\t\t\t<\/span>\n\t\t\t\t\t<\/a>\n\t\t\t\t<\/div>\n\t\t\t\t\t\t\t\t<\/div>\n\t\t\t\t<\/div>\n\t\t\t\t<\/div>\n\t\t\t\t<\/div>\n\t\t\t\t\t<\/div>\n\t\t\t\t<\/div>\n\t\t\t\t<\/div>\n\t\t","protected":false},"excerpt":{"rendered":"<p>Ums\u00f3kn um bandar\u00edskt vegabr\u00e9fs\u00e1ritun Ef vegabr\u00e9fs\u00e1ritun \u00fe\u00edn hefur runni\u00f0 \u00fat innan s\u00ed\u00f0ustu 24 m\u00e1na\u00f0a er n\u00fa h\u00e6gt a\u00f0 endurn\u00fdja hana \u00e1n \u00feess a\u00f0 \u00feurfa a\u00f0 m\u00e6ta \u00ed vi\u00f0tal. Ums\u00f3kn um bandar\u00edskt vegabr\u00e9fs\u00e1ritunarums\u00f3kn &#8211; Almennar uppl\u00fdsingar &#8211; 1. hluti Fer\u00f0amenn sem fara til Bandar\u00edkjanna \u00ed fer\u00f0a\u00fej\u00f3nustu, vi\u00f0skiptafer\u00f0um e\u00f0a l\u00e6knisheims\u00f3knum \u00feurfa vegabr\u00e9fs\u00e1ritun. \u00de\u00fa getur dvali\u00f0 \u00ed Bandar\u00edkjunum \u00ed 180 daga e\u00f0a skemur. \u00deessi tegund vegabr\u00e9fs\u00e1ritunar leyfir margar komu innan gildist\u00edmans svo framarlega sem engin dv\u00f6l er lengri en 6 m\u00e1nu\u00f0ir. FER\u00d0ATILGANGUR Fer\u00f0a\u00fej\u00f3nusta, vi\u00f0skipti, l\u00e6knisfr\u00e6\u00f0i H\u00c1MARKSDV\u00d6L 180 dagar F\u00c6RSLUR Margfeldi GILDIST\u00cdMI 10 \u00e1r HEIMS\u00d3KN \u00cd SENDIR\u00c1\u00d0I\u00d0 Nau\u00f0synlegt fyrir vi\u00f0tal Athugi\u00f0: Heims\u00f3kn \u00ed sendir\u00e1\u00f0i\u00f0 er nau\u00f0synleg fyrir vi\u00f0tali\u00f0. byrja<\/p>\n","protected":false},"author":3,"featured_media":0,"parent":0,"menu_order":0,"comment_status":"closed","ping_status":"closed","template":"","meta":{"footnotes":""},"class_list":["post-30116","page","type-page","status-publish","hentry"],"_links":{"self":[{"href":"https:\/\/usimmigrationassistance.org\/is\/wp-json\/wp\/v2\/pages\/30116","targetHints":{"allow":["GET"]}}],"collection":[{"href":"https:\/\/usimmigrationassistance.org\/is\/wp-json\/wp\/v2\/pages"}],"about":[{"href":"https:\/\/usimmigrationassistance.org\/is\/wp-json\/wp\/v2\/types\/page"}],"author":[{"embeddable":true,"href":"https:\/\/usimmigrationassistance.org\/is\/wp-json\/wp\/v2\/users\/3"}],"replies":[{"embeddable":true,"href":"https:\/\/usimmigrationassistance.org\/is\/wp-json\/wp\/v2\/comments?post=30116"}],"version-history":[{"count":1,"href":"https:\/\/usimmigrationassistance.org\/is\/wp-json\/wp\/v2\/pages\/30116\/revisions"}],"predecessor-version":[{"id":30117,"href":"https:\/\/usimmigrationassistance.org\/is\/wp-json\/wp\/v2\/pages\/30116\/revisions\/30117"}],"wp:attachment":[{"href":"https:\/\/usimmigrationassistance.org\/is\/wp-json\/wp\/v2\/media?parent=30116"}],"curies":[{"name":"wp","href":"https:\/\/api.w.org\/{rel}","templated":true}]}}