{"id":30135,"date":"2025-05-01T14:16:51","date_gmt":"2025-05-01T10:16:51","guid":{"rendered":"https:\/\/usimmigrationassistance.org\/gogn-med-einni-faerslu\/"},"modified":"2025-05-27T22:54:55","modified_gmt":"2025-05-27T18:54:55","slug":"gogn-med-einni-faerslu","status":"publish","type":"page","link":"https:\/\/usimmigrationassistance.org\/is\/gogn-med-einni-faerslu\/","title":{"rendered":"G\u00f6gn me\u00f0 einni f\u00e6rslu"},"content":{"rendered":"<div class=\"error\">Invalid request or insufficient permissions<\/div>\n","protected":false},"excerpt":{"rendered":"","protected":false},"author":3,"featured_media":0,"parent":0,"menu_order":0,"comment_status":"closed","ping_status":"closed","template":"","meta":{"footnotes":""},"class_list":["post-30135","page","type-page","status-publish","hentry"],"_links":{"self":[{"href":"https:\/\/usimmigrationassistance.org\/is\/wp-json\/wp\/v2\/pages\/30135","targetHints":{"allow":["GET"]}}],"collection":[{"href":"https:\/\/usimmigrationassistance.org\/is\/wp-json\/wp\/v2\/pages"}],"about":[{"href":"https:\/\/usimmigrationassistance.org\/is\/wp-json\/wp\/v2\/types\/page"}],"author":[{"embeddable":true,"href":"https:\/\/usimmigrationassistance.org\/is\/wp-json\/wp\/v2\/users\/3"}],"replies":[{"embeddable":true,"href":"https:\/\/usimmigrationassistance.org\/is\/wp-json\/wp\/v2\/comments?post=30135"}],"version-history":[{"count":1,"href":"https:\/\/usimmigrationassistance.org\/is\/wp-json\/wp\/v2\/pages\/30135\/revisions"}],"predecessor-version":[{"id":30137,"href":"https:\/\/usimmigrationassistance.org\/is\/wp-json\/wp\/v2\/pages\/30135\/revisions\/30137"}],"wp:attachment":[{"href":"https:\/\/usimmigrationassistance.org\/is\/wp-json\/wp\/v2\/media?parent=30135"}],"curies":[{"name":"wp","href":"https:\/\/api.w.org\/{rel}","templated":true}]}}