{"id":30158,"date":"2025-03-21T06:45:10","date_gmt":"2025-03-21T05:45:10","guid":{"rendered":"https:\/\/usimmigrationassistance.org\/thakkarsida-esta\/"},"modified":"2025-07-24T08:12:16","modified_gmt":"2025-07-24T07:12:16","slug":"thakkarsida-esta","status":"publish","type":"page","link":"https:\/\/usimmigrationassistance.org\/is\/thakkarsida-esta\/","title":{"rendered":"\u00deakkars\u00ed\u00f0a ESTA"},"content":{"rendered":"\t\t<div data-elementor-type=\"wp-page\" data-elementor-id=\"30158\" class=\"elementor elementor-30158 elementor-1405\" data-elementor-post-type=\"page\">\n\t\t\t\t<div class=\"elementor-element elementor-element-4e62ca3 e-con-full e-flex wpr-particle-no wpr-jarallax-no wpr-parallax-no wpr-sticky-section-no e-con e-parent\" data-id=\"4e62ca3\" data-element_type=\"container\">\n\t\t<div class=\"elementor-element elementor-element-62f9774 e-con-full e-flex wpr-particle-no wpr-jarallax-no wpr-parallax-no wpr-sticky-section-no e-con e-child\" data-id=\"62f9774\" data-element_type=\"container\">\n\t\t\t\t<div class=\"elementor-element elementor-element-36b3503 elementor-widget elementor-widget-heading\" data-id=\"36b3503\" data-element_type=\"widget\" data-widget_type=\"heading.default\">\n\t\t\t\t<div class=\"elementor-widget-container\">\n\t\t\t\t\t<h1 class=\"elementor-heading-title elementor-size-default\">ESTA ums\u00f3kn \u00fe\u00edn hefur veri\u00f0 send inn<\/h1>\t\t\t\t<\/div>\n\t\t\t\t<\/div>\n\t\t\t\t<div class=\"elementor-element elementor-element-191115b elementor-view-default elementor-widget elementor-widget-icon\" data-id=\"191115b\" data-element_type=\"widget\" data-widget_type=\"icon.default\">\n\t\t\t\t<div class=\"elementor-widget-container\">\n\t\t\t\t\t\t\t<div class=\"elementor-icon-wrapper\">\n\t\t\t<div class=\"elementor-icon\">\n\t\t\t<i aria-hidden=\"true\" class=\"jki jki-checked1-light\"><\/i>\t\t\t<\/div>\n\t\t<\/div>\n\t\t\t\t\t\t<\/div>\n\t\t\t\t<\/div>\n\t\t\t\t<\/div>\n\t\t\t\t<\/div>\n\t\t<div class=\"elementor-element elementor-element-77ae01b e-flex e-con-boxed wpr-particle-no wpr-jarallax-no wpr-parallax-no wpr-sticky-section-no e-con e-parent\" data-id=\"77ae01b\" data-element_type=\"container\">\n\t\t\t\t\t<div class=\"e-con-inner\">\n\t\t<div class=\"elementor-element elementor-element-e5e5024 e-con-full e-flex wpr-particle-no wpr-jarallax-no wpr-parallax-no wpr-sticky-section-no e-con e-child\" data-id=\"e5e5024\" data-element_type=\"container\" id=\"thank-you-custom-container\">\n\t\t<div class=\"elementor-element elementor-element-b076385 e-con-full e-flex wpr-particle-no wpr-jarallax-no wpr-parallax-no wpr-sticky-section-no e-con e-child\" data-id=\"b076385\" data-element_type=\"container\">\n\t\t\t\t<div class=\"elementor-element elementor-element-4ad27ed elementor-widget elementor-widget-heading\" data-id=\"4ad27ed\" data-element_type=\"widget\" data-widget_type=\"heading.default\">\n\t\t\t\t<div class=\"elementor-widget-container\">\n\t\t\t\t\t<h3 class=\"elementor-heading-title elementor-size-default\">John!, ESTA ums\u00f3knarn\u00famer \u00feitt Me\u00f0 p\u00f6ntunarn\u00fameri0 hefur veri\u00f0 sent inn me\u00f0 g\u00f3\u00f0um \u00e1rangri.\n<\/h3>\t\t\t\t<\/div>\n\t\t\t\t<\/div>\n\t\t\t\t<div class=\"elementor-element elementor-element-4a9e589 elementor-widget elementor-widget-text-editor\" data-id=\"4a9e589\" data-element_type=\"widget\" data-widget_type=\"text-editor.default\">\n\t\t\t\t<div class=\"elementor-widget-container\">\n\t\t\t\t\t\t\t\t\t<p>Kvittun me\u00f0 uppl\u00fdsingum um ums\u00f3kn \u00fe\u00edna hefur veri\u00f0 send \u00e1 uppgefi\u00f0 netfang. Vinsamlegast geymi\u00f0 hana. Ef t\u00f6lvup\u00f3sturinn me\u00f0 kaupkvittuninni lendir <b><u>\u00ed ruslp\u00f3stm\u00f6ppunni<\/u><\/b> skaltu merkja hana sem \u201eEkki ruslp\u00f3stur\u201c.  <\/p>\t\t\t\t\t\t\t\t<\/div>\n\t\t\t\t<\/div>\n\t\t\t\t<\/div>\n\t\t<div class=\"elementor-element elementor-element-b0f1bd8 e-con-full e-flex wpr-particle-no wpr-jarallax-no wpr-parallax-no wpr-sticky-section-no e-con e-child\" data-id=\"b0f1bd8\" data-element_type=\"container\" data-settings=\"{&quot;background_background&quot;:&quot;classic&quot;}\">\n\t\t\t\t<div class=\"elementor-element elementor-element-da3e5ad elementor-widget elementor-widget-heading\" data-id=\"da3e5ad\" data-element_type=\"widget\" data-widget_type=\"heading.default\">\n\t\t\t\t<div class=\"elementor-widget-container\">\n\t\t\t\t\t<h3 class=\"elementor-heading-title elementor-size-default\">Ef \u00fe\u00fa \u00fearft a\u00f0 s\u00e6kja um fyrir annan ums\u00e6kjanda, smelltu \u00fe\u00e1 \u00e1 hnappinn.<\/h3>\t\t\t\t<\/div>\n\t\t\t\t<\/div>\n\t\t\t\t<div class=\"elementor-element elementor-element-ab78f18 elementor-widget elementor-widget-button\" data-id=\"ab78f18\" data-element_type=\"widget\" data-widget_type=\"button.default\">\n\t\t\t\t<div class=\"elementor-widget-container\">\n\t\t\t\t\t\t\t\t\t<div class=\"elementor-button-wrapper\">\n\t\t\t\t\t<a class=\"elementor-button elementor-button-link elementor-size-sm\" href=\"https:\/\/usimmigrationassistance.org\/is\/saekja-um\/\">\n\t\t\t\t\t\t<span class=\"elementor-button-content-wrapper\">\n\t\t\t\t\t\t\t\t\t<span class=\"elementor-button-text\">B\u00e6ta vi\u00f0 \u00f6\u00f0ru forriti<\/span>\n\t\t\t\t\t<\/span>\n\t\t\t\t\t<\/a>\n\t\t\t\t<\/div>\n\t\t\t\t\t\t\t\t<\/div>\n\t\t\t\t<\/div>\n\t\t\t\t<\/div>\n\t\t<div class=\"elementor-element elementor-element-ad99abe e-con-full e-flex wpr-particle-no wpr-jarallax-no wpr-parallax-no wpr-sticky-section-no e-con e-child\" data-id=\"ad99abe\" data-element_type=\"container\">\n\t\t\t\t<div class=\"elementor-element elementor-element-2b78b2e elementor-widget elementor-widget-heading\" data-id=\"2b78b2e\" data-element_type=\"widget\" data-widget_type=\"heading.default\">\n\t\t\t\t<div class=\"elementor-widget-container\">\n\t\t\t\t\t<h3 class=\"elementor-heading-title elementor-size-default\">Sta\u00f0a ESTA ums\u00f3knar \u00feinnar: \u00cd YFIRLIT<\/h3>\t\t\t\t<\/div>\n\t\t\t\t<\/div>\n\t\t\t\t<div class=\"elementor-element elementor-element-832a0e6 elementor-widget elementor-widget-text-editor\" data-id=\"832a0e6\" data-element_type=\"widget\" data-widget_type=\"text-editor.default\">\n\t\t\t\t<div class=\"elementor-widget-container\">\n\t\t\t\t\t\t\t\t\tFer\u00f0aleyfi \u00feitt er til sko\u00f0unar. Ni\u00f0ursta\u00f0a ver\u00f0ur tilt\u00e6k flj\u00f3tlega. \u00de\u00fa f\u00e6r\u00f0 tilkynningu \u00ed t\u00f6lvup\u00f3sti \u00feegar ums\u00f3kn \u00fe\u00edn hefur veri\u00f0 sam\u00feykkt e\u00f0a ef frekari uppl\u00fdsinga er \u00fe\u00f6rf.  \t\t\t\t\t\t\t\t<\/div>\n\t\t\t\t<\/div>\n\t\t\t\t<div class=\"elementor-element elementor-element-73e1626 elementor-widget elementor-widget-text-editor\" data-id=\"73e1626\" data-element_type=\"widget\" data-widget_type=\"text-editor.default\">\n\t\t\t\t<div class=\"elementor-widget-container\">\n\t\t\t\t\t\t\t\t\tAthugi\u00f0: Rafr\u00e6nar fer\u00f0aleyfi eru venjulega sam\u00feykktar flj\u00f3tt. \u00cd afar sjaldg\u00e6fum tilvikum g\u00e6tu sumar ums\u00f3knir krafist frekari uppl\u00fdsinga. Vi\u00f0 munum hafa samband vi\u00f0 \u00feig tafarlaust til a\u00f0 uppf\u00e6ra \u00feig um st\u00f6\u00f0u ums\u00f3knarinnar og \u00f3ska \u200b\u200beftir nau\u00f0synlegum uppl\u00fdsingum (ef einhverjar eru).  \t\t\t\t\t\t\t\t<\/div>\n\t\t\t\t<\/div>\n\t\t\t\t<\/div>\n\t\t<div class=\"elementor-element elementor-element-b44da06 e-con-full e-grid wpr-particle-no wpr-jarallax-no wpr-parallax-no wpr-sticky-section-no e-con e-child\" data-id=\"b44da06\" data-element_type=\"container\">\n\t\t\t\t<div class=\"elementor-element elementor-element-5dd55ba elementor-view-default elementor-position-top elementor-mobile-position-top elementor-widget elementor-widget-icon-box\" data-id=\"5dd55ba\" data-element_type=\"widget\" data-widget_type=\"icon-box.default\">\n\t\t\t\t<div class=\"elementor-widget-container\">\n\t\t\t\t\t\t\t<div class=\"elementor-icon-box-wrapper\">\n\n\t\t\t\t\t\t<div class=\"elementor-icon-box-icon\">\n\t\t\t\t<span  class=\"elementor-icon\">\n\t\t\t\t<i aria-hidden=\"true\" class=\"jki jki-edit1-light\"><\/i>\t\t\t\t<\/span>\n\t\t\t<\/div>\n\t\t\t\n\t\t\t\t\t\t<div class=\"elementor-icon-box-content\">\n\n\t\t\t\t\t\t\t\t\t<h3 class=\"elementor-icon-box-title\">\n\t\t\t\t\t\t<span  >\n\t\t\t\t\t\t\t1. Ums\u00f3kn loki\u00f0\t\t\t\t\t\t<\/span>\n\t\t\t\t\t<\/h3>\n\t\t\t\t\n\t\t\t\t\t\t\t\t\t<p class=\"elementor-icon-box-description\">\n\t\t\t\t\t\tVi\u00f0 h\u00f6fum m\u00f3tteki\u00f0 ESTA ums\u00f3kn \u00fe\u00edna.\t\t\t\t\t<\/p>\n\t\t\t\t\n\t\t\t<\/div>\n\t\t\t\n\t\t<\/div>\n\t\t\t\t\t\t<\/div>\n\t\t\t\t<\/div>\n\t\t\t\t<div class=\"elementor-element elementor-element-af63b9d elementor-view-default elementor-position-top elementor-mobile-position-top elementor-widget elementor-widget-icon-box\" data-id=\"af63b9d\" data-element_type=\"widget\" data-widget_type=\"icon-box.default\">\n\t\t\t\t<div class=\"elementor-widget-container\">\n\t\t\t\t\t\t\t<div class=\"elementor-icon-box-wrapper\">\n\n\t\t\t\t\t\t<div class=\"elementor-icon-box-icon\">\n\t\t\t\t<span  class=\"elementor-icon\">\n\t\t\t\t<i aria-hidden=\"true\" class=\"jki jki-refresh-light\"><\/i>\t\t\t\t<\/span>\n\t\t\t<\/div>\n\t\t\t\n\t\t\t\t\t\t<div class=\"elementor-icon-box-content\">\n\n\t\t\t\t\t\t\t\t\t<h3 class=\"elementor-icon-box-title\">\n\t\t\t\t\t\t<span  >\n\t\t\t\t\t\t\t2. Ums\u00f3kn \u00ed bi\u00f0\t\t\t\t\t\t<\/span>\n\t\t\t\t\t<\/h3>\n\t\t\t\t\n\t\t\t\t\t\t\t\t\t<p class=\"elementor-icon-box-description\">\n\t\t\t\t\t\tUms\u00f3kn \u00fe\u00edn hefur veri\u00f0 \u00fathluta\u00f0 til eins af reyndum umbo\u00f0sm\u00f6nnum okkar.\t\t\t\t\t<\/p>\n\t\t\t\t\n\t\t\t<\/div>\n\t\t\t\n\t\t<\/div>\n\t\t\t\t\t\t<\/div>\n\t\t\t\t<\/div>\n\t\t\t\t<div class=\"elementor-element elementor-element-3b5c08b elementor-view-default elementor-position-top elementor-mobile-position-top elementor-widget elementor-widget-icon-box\" data-id=\"3b5c08b\" data-element_type=\"widget\" data-widget_type=\"icon-box.default\">\n\t\t\t\t<div class=\"elementor-widget-container\">\n\t\t\t\t\t\t\t<div class=\"elementor-icon-box-wrapper\">\n\n\t\t\t\t\t\t<div class=\"elementor-icon-box-icon\">\n\t\t\t\t<span  class=\"elementor-icon\">\n\t\t\t\t<i aria-hidden=\"true\" class=\"jki jki-page_search-light\"><\/i>\t\t\t\t<\/span>\n\t\t\t<\/div>\n\t\t\t\n\t\t\t\t\t\t<div class=\"elementor-icon-box-content\">\n\n\t\t\t\t\t\t\t\t\t<h3 class=\"elementor-icon-box-title\">\n\t\t\t\t\t\t<span  >\n\t\t\t\t\t\t\t3. Til sko\u00f0unar\t\t\t\t\t\t<\/span>\n\t\t\t\t\t<\/h3>\n\t\t\t\t\n\t\t\t\t\t\t\t\t\t<p class=\"elementor-icon-box-description\">\n\t\t\t\t\t\tTilnefndur fulltr\u00fai \u00feinn er n\u00fa a\u00f0 fara yfir ums\u00f3kn \u00fe\u00edna til a\u00f0 ganga \u00far skugga um a\u00f0 uppl\u00fdsingarnar sem \u00fe\u00fa gafst upp s\u00e9u fulln\u00e6gjandi og r\u00e9ttar, \u00e1\u00f0ur en h\u00fan er send til bandar\u00edsku tollg\u00e6slunnar og landam\u00e6raeftirlitsins.\t\t\t\t\t<\/p>\n\t\t\t\t\n\t\t\t<\/div>\n\t\t\t\n\t\t<\/div>\n\t\t\t\t\t\t<\/div>\n\t\t\t\t<\/div>\n\t\t\t\t<div class=\"elementor-element elementor-element-c6063c0 elementor-view-default elementor-position-top elementor-mobile-position-top elementor-widget elementor-widget-icon-box\" data-id=\"c6063c0\" data-element_type=\"widget\" data-widget_type=\"icon-box.default\">\n\t\t\t\t<div class=\"elementor-widget-container\">\n\t\t\t\t\t\t\t<div class=\"elementor-icon-box-wrapper\">\n\n\t\t\t\t\t\t<div class=\"elementor-icon-box-icon\">\n\t\t\t\t<span  class=\"elementor-icon\">\n\t\t\t\t<i aria-hidden=\"true\" class=\"jki jki-chevron-right-circle-light\"><\/i>\t\t\t\t<\/span>\n\t\t\t<\/div>\n\t\t\t\n\t\t\t\t\t\t<div class=\"elementor-icon-box-content\">\n\n\t\t\t\t\t\t\t\t\t<h3 class=\"elementor-icon-box-title\">\n\t\t\t\t\t\t<span  >\n\t\t\t\t\t\t\t4. B\u00ed\u00f0 eftir sam\u00feykki\t\t\t\t\t\t<\/span>\n\t\t\t\t\t<\/h3>\n\t\t\t\t\n\t\t\t\t\t\t\t\t\t<p class=\"elementor-icon-box-description\">\n\t\t\t\t\t\tUms\u00f3kn \u00fe\u00edn hefur veri\u00f0\n sent til bandar\u00edsku tollg\u00e6slunnar og landam\u00e6raeftirlitsins og b\u00ed\u00f0ur n\u00fa eftir sam\u00feykki.\t\t\t\t\t<\/p>\n\t\t\t\t\n\t\t\t<\/div>\n\t\t\t\n\t\t<\/div>\n\t\t\t\t\t\t<\/div>\n\t\t\t\t<\/div>\n\t\t\t\t<div class=\"elementor-element elementor-element-5e15cb9 elementor-view-default elementor-position-top elementor-mobile-position-top elementor-widget elementor-widget-icon-box\" data-id=\"5e15cb9\" data-element_type=\"widget\" data-widget_type=\"icon-box.default\">\n\t\t\t\t<div class=\"elementor-widget-container\">\n\t\t\t\t\t\t\t<div class=\"elementor-icon-box-wrapper\">\n\n\t\t\t\t\t\t<div class=\"elementor-icon-box-icon\">\n\t\t\t\t<span  class=\"elementor-icon\">\n\t\t\t\t<svg aria-hidden=\"true\" class=\"e-font-icon-svg e-far-file-alt\" viewBox=\"0 0 384 512\" xmlns=\"http:\/\/www.w3.org\/2000\/svg\"><path d=\"M288 248v28c0 6.6-5.4 12-12 12H108c-6.6 0-12-5.4-12-12v-28c0-6.6 5.4-12 12-12h168c6.6 0 12 5.4 12 12zm-12 72H108c-6.6 0-12 5.4-12 12v28c0 6.6 5.4 12 12 12h168c6.6 0 12-5.4 12-12v-28c0-6.6-5.4-12-12-12zm108-188.1V464c0 26.5-21.5 48-48 48H48c-26.5 0-48-21.5-48-48V48C0 21.5 21.5 0 48 0h204.1C264.8 0 277 5.1 286 14.1L369.9 98c9 8.9 14.1 21.2 14.1 33.9zm-128-80V128h76.1L256 51.9zM336 464V176H232c-13.3 0-24-10.7-24-24V48H48v416h288z\"><\/path><\/svg>\t\t\t\t<\/span>\n\t\t\t<\/div>\n\t\t\t\n\t\t\t\t\t\t<div class=\"elementor-icon-box-content\">\n\n\t\t\t\t\t\t\t\t\t<h3 class=\"elementor-icon-box-title\">\n\t\t\t\t\t\t<span  >\n\t\t\t\t\t\t\t5. Ni\u00f0ursta\u00f0a ums\u00f3knar\t\t\t\t\t\t<\/span>\n\t\t\t\t\t<\/h3>\n\t\t\t\t\n\t\t\t\t\t\t\t\t\t<p class=\"elementor-icon-box-description\">\n\t\t\t\t\t\tUms\u00f3kn \u00fe\u00edn hefur veri\u00f0\n Yfirfari\u00f0 af bandar\u00edsku tollg\u00e6slunni og landam\u00e6raeftirlitinu. K\u00edktu \u00e1 p\u00f3sth\u00f3lfi\u00f0 \u00feitt, \u00fe\u00fa f\u00e6r\u00f0 tilkynningu \u00ed t\u00f6lvup\u00f3sti \u00feegar \u00fea\u00f0 hefur veri\u00f0 sam\u00feykkt e\u00f0a ef frekari uppl\u00fdsingar eru nau\u00f0synlegar. \t\t\t\t\t<\/p>\n\t\t\t\t\n\t\t\t<\/div>\n\t\t\t\n\t\t<\/div>\n\t\t\t\t\t\t<\/div>\n\t\t\t\t<\/div>\n\t\t\t\t<\/div>\n\t\t<div class=\"elementor-element elementor-element-962b3c7 e-con-full e-flex wpr-particle-no wpr-jarallax-no wpr-parallax-no wpr-sticky-section-no e-con e-child\" data-id=\"962b3c7\" data-element_type=\"container\" data-settings=\"{&quot;background_background&quot;:&quot;classic&quot;}\">\n\t\t\t\t<div class=\"elementor-element elementor-element-0bdf324 elementor-widget elementor-widget-heading\" data-id=\"0bdf324\" data-element_type=\"widget\" data-widget_type=\"heading.default\">\n\t\t\t\t<div class=\"elementor-widget-container\">\n\t\t\t\t\t<h3 class=\"elementor-heading-title elementor-size-default\">Ef \u00fe\u00fa \u00fearft a\u00f0 s\u00e6kja um fyrir annan ums\u00e6kjanda, smelltu \u00fe\u00e1 \u00e1 hnappinn.<\/h3>\t\t\t\t<\/div>\n\t\t\t\t<\/div>\n\t\t\t\t<div class=\"elementor-element elementor-element-692be83 elementor-widget elementor-widget-button\" data-id=\"692be83\" data-element_type=\"widget\" data-widget_type=\"button.default\">\n\t\t\t\t<div class=\"elementor-widget-container\">\n\t\t\t\t\t\t\t\t\t<div class=\"elementor-button-wrapper\">\n\t\t\t\t\t<a class=\"elementor-button elementor-button-link elementor-size-sm\" href=\"https:\/\/usimmigrationassistance.org\/is\/saekja-um\/\">\n\t\t\t\t\t\t<span class=\"elementor-button-content-wrapper\">\n\t\t\t\t\t\t\t\t\t<span class=\"elementor-button-text\">B\u00e6ta vi\u00f0 \u00f6\u00f0ru forriti<\/span>\n\t\t\t\t\t<\/span>\n\t\t\t\t\t<\/a>\n\t\t\t\t<\/div>\n\t\t\t\t\t\t\t\t<\/div>\n\t\t\t\t<\/div>\n\t\t\t\t<\/div>\n\t\t<div class=\"elementor-element elementor-element-d8e3793 e-con-full e-flex wpr-particle-no wpr-jarallax-no wpr-parallax-no wpr-sticky-section-no e-con e-child\" data-id=\"d8e3793\" data-element_type=\"container\">\n\t\t\t\t<div class=\"elementor-element elementor-element-a7060ef elementor-widget elementor-widget-text-editor\" data-id=\"a7060ef\" data-element_type=\"widget\" data-widget_type=\"text-editor.default\">\n\t\t\t\t<div class=\"elementor-widget-container\">\n\t\t\t\t\t\t\t\t\tGrei\u00f0sluheimild hefur veri\u00f0 veitt \u00e1 korti\u00f0 \u00feitt. Kvittunin hefur veri\u00f0 send \u00e1 netfangi\u00f0 \u00feitt og allar uppl\u00fdsingar um reikninginn eru h\u00e9r a\u00f0 ne\u00f0an. \t\t\t\t\t\t\t\t<\/div>\n\t\t\t\t<\/div>\n\t\t\t\t<div class=\"elementor-element elementor-element-2c8c0d1 elementor-widget elementor-widget-text-editor\" data-id=\"2c8c0d1\" data-element_type=\"widget\" data-widget_type=\"text-editor.default\">\n\t\t\t\t<div class=\"elementor-widget-container\">\n\t\t\t\t\t\t\t\t\tAthuga\u00f0u hvort \u00fe\u00fa hafir fengi\u00f0 kvittun fyrir kaupin \u00ed t\u00f6lvup\u00f3stinum \u00fe\u00ednum. Ef \u00fe\u00fa s\u00e9r\u00f0 ekki kvittunina \u00ed p\u00f3sth\u00f3lfinu \u00fe\u00ednu skaltu athuga ruslp\u00f3stm\u00f6ppurnar \u00fe\u00ednar og b\u00e6ta \u201eUS Immigration Assistance\u201c vi\u00f0 hv\u00edtlistann. \u00de\u00fa getur fundi\u00f0 n\u00e1nari uppl\u00fdsingar um hvernig \u00e1 a\u00f0 b\u00e6ta netfanginu okkar vi\u00f0 hv\u00edtlistann \u00e1 netinu.  \t\t\t\t\t\t\t\t<\/div>\n\t\t\t\t<\/div>\n\t\t\t\t<\/div>\n\t\t<div class=\"elementor-element elementor-element-fafd01c e-con-full e-flex wpr-particle-no wpr-jarallax-no wpr-parallax-no wpr-sticky-section-no e-con e-child\" data-id=\"fafd01c\" data-element_type=\"container\" data-settings=\"{&quot;background_background&quot;:&quot;classic&quot;}\">\n\t\t\t\t<div class=\"elementor-element elementor-element-08767ad elementor-widget elementor-widget-text-editor\" data-id=\"08767ad\" data-element_type=\"widget\" data-widget_type=\"text-editor.default\">\n\t\t\t\t<div class=\"elementor-widget-container\">\n\t\t\t\t\t\t\t\t\tReikningur\t\t\t\t\t\t\t\t<\/div>\n\t\t\t\t<\/div>\n\t\t\t\t<\/div>\n\t\t<div class=\"elementor-element elementor-element-a2b3de8 e-con-full e-flex wpr-particle-no wpr-jarallax-no wpr-parallax-no wpr-sticky-section-no e-con e-child\" data-id=\"a2b3de8\" data-element_type=\"container\">\n\t\t\t\t<div class=\"elementor-element elementor-element-56372a9 elementor-widget elementor-widget-text-editor\" data-id=\"56372a9\" data-element_type=\"widget\" data-widget_type=\"text-editor.default\">\n\t\t\t\t<div class=\"elementor-widget-container\">\n\t\t\t\t\t\t\t\t\tGrei\u00f0slum\u00e1ti: Kreditkort\t\t\t\t\t\t\t\t<\/div>\n\t\t\t\t<\/div>\n\t\t\t\t<div class=\"elementor-element elementor-element-d8eaf26 elementor-widget elementor-widget-text-editor\" data-id=\"d8eaf26\" data-element_type=\"widget\" data-widget_type=\"text-editor.default\">\n\t\t\t\t<div class=\"elementor-widget-container\">\n\t\t\t\t\t\t\t\t\tSenda til: Rafr\u00e6n afhending\t\t\t\t\t\t\t\t<\/div>\n\t\t\t\t<\/div>\n\t\t\t\t<\/div>\n\t\t<div class=\"elementor-element elementor-element-1960c80 e-con-full e-flex wpr-particle-no wpr-jarallax-no wpr-parallax-no wpr-sticky-section-no e-con e-child\" data-id=\"1960c80\" data-element_type=\"container\" data-settings=\"{&quot;background_background&quot;:&quot;classic&quot;}\">\n\t\t\t\t<div class=\"elementor-element elementor-element-ba25977 elementor-widget elementor-widget-text-editor\" data-id=\"ba25977\" data-element_type=\"widget\" data-widget_type=\"text-editor.default\">\n\t\t\t\t<div class=\"elementor-widget-container\">\n\t\t\t\t\t\t\t\t\tVara\t\t\t\t\t\t\t\t<\/div>\n\t\t\t\t<\/div>\n\t\t\t\t<\/div>\n\t\t<div class=\"elementor-element elementor-element-ae7951a e-con-full e-flex wpr-particle-no wpr-jarallax-no wpr-parallax-no wpr-sticky-section-no e-con e-child\" data-id=\"ae7951a\" data-element_type=\"container\">\n\t\t\t\t<div class=\"elementor-element elementor-element-12f9fd7 elementor-widget elementor-widget-text-editor\" data-id=\"12f9fd7\" data-element_type=\"widget\" data-widget_type=\"text-editor.default\">\n\t\t\t\t<div class=\"elementor-widget-container\">\n\t\t\t\t\t\t\t\t\tUms\u00f3kn um bandar\u00edskt ESTA-leyfi\t\t\t\t\t\t\t\t<\/div>\n\t\t\t\t<\/div>\n\t\t\t\t<\/div>\n\t\t<div class=\"elementor-element elementor-element-e15ab14 e-con-full e-flex wpr-particle-no wpr-jarallax-no wpr-parallax-no wpr-sticky-section-no e-con e-child\" data-id=\"e15ab14\" data-element_type=\"container\">\n\t\t\t\t<div class=\"elementor-element elementor-element-8f7fd7c elementor-widget elementor-widget-text-editor\" data-id=\"8f7fd7c\" data-element_type=\"widget\" data-widget_type=\"text-editor.default\">\n\t\t\t\t<div class=\"elementor-widget-container\">\n\t\t\t\t\t\t\t\t\tVinsamlegast athugi\u00f0:<br> \u00deessi grei\u00f0sla mun birtast \u00e1 kreditkortayfirlitinu \u00fe\u00ednu sem \u201eUS Immigration Assistance\u201c e\u00f0a \u201eusimmigrationassistance.org\u201c.\t\t\t\t\t\t\t\t<\/div>\n\t\t\t\t<\/div>\n\t\t\t\t<\/div>\n\t\t<div class=\"elementor-element elementor-element-a13c92a e-con-full e-flex wpr-particle-no wpr-jarallax-no wpr-parallax-no wpr-sticky-section-no e-con e-child\" data-id=\"a13c92a\" data-element_type=\"container\">\n\t\t\t\t<div class=\"elementor-element elementor-element-c7db7c3 elementor-widget elementor-widget-text-editor\" data-id=\"c7db7c3\" data-element_type=\"widget\" data-widget_type=\"text-editor.default\">\n\t\t\t\t<div class=\"elementor-widget-container\">\n\t\t\t\t\t\t\t\t\t\u00de\u00fa hefur sent grei\u00f0slu. Bei\u00f0ni korthafa til bankans e\u00f0a PayPal um endurgrei\u00f0slu gjalda mun lei\u00f0a til sj\u00e1lfvirkrar <b>h\u00f6fnunar ums\u00f3knarinnar<\/b> . \t\t\t\t\t\t\t\t<\/div>\n\t\t\t\t<\/div>\n\t\t\t\t<\/div>\n\t\t\t\t<\/div>\n\t\t\t\t\t<\/div>\n\t\t\t\t<\/div>\n\t\t\t\t<\/div>\n\t\t","protected":false},"excerpt":{"rendered":"<p>ESTA ums\u00f3kn \u00fe\u00edn hefur veri\u00f0 send inn !, ESTA ums\u00f3knarn\u00famer \u00feitt Me\u00f0 p\u00f6ntunarn\u00fameri hefur veri\u00f0 sent inn me\u00f0 g\u00f3\u00f0um \u00e1rangri. Kvittun me\u00f0 uppl\u00fdsingum um ums\u00f3kn \u00fe\u00edna hefur veri\u00f0 send \u00e1 uppgefi\u00f0 netfang. Vinsamlegast geymi\u00f0 hana. Ef t\u00f6lvup\u00f3sturinn me\u00f0 kaupkvittuninni lendir \u00ed ruslp\u00f3stm\u00f6ppunni skaltu merkja hana sem \u201eEkki ruslp\u00f3stur\u201c. Ef \u00fe\u00fa \u00fearft a\u00f0 s\u00e6kja um fyrir annan ums\u00e6kjanda, smelltu \u00fe\u00e1 \u00e1 hnappinn. B\u00e6ta vi\u00f0 \u00f6\u00f0ru forriti Sta\u00f0a ESTA ums\u00f3knar \u00feinnar: \u00cd YFIRLIT Fer\u00f0aleyfi \u00feitt er til sko\u00f0unar. Ni\u00f0ursta\u00f0a ver\u00f0ur tilt\u00e6k flj\u00f3tlega. \u00de\u00fa f\u00e6r\u00f0 tilkynningu \u00ed t\u00f6lvup\u00f3sti \u00feegar ums\u00f3kn \u00fe\u00edn hefur veri\u00f0 sam\u00feykkt e\u00f0a ef frekari uppl\u00fdsinga er \u00fe\u00f6rf. Athugi\u00f0: Rafr\u00e6nar fer\u00f0aleyfi eru venjulega sam\u00feykktar flj\u00f3tt. \u00cd afar sjaldg\u00e6fum tilvikum g\u00e6tu sumar ums\u00f3knir krafist frekari uppl\u00fdsinga. Vi\u00f0 munum hafa samband vi\u00f0 \u00feig tafarlaust til a\u00f0 uppf\u00e6ra \u00feig um st\u00f6\u00f0u ums\u00f3knarinnar og \u00f3ska \u200b\u200beftir nau\u00f0synlegum uppl\u00fdsingum (ef einhverjar eru). 1. Ums\u00f3kn loki\u00f0 Vi\u00f0 h\u00f6fum m\u00f3tteki\u00f0 ESTA ums\u00f3kn \u00fe\u00edna. 2. Ums\u00f3kn \u00ed bi\u00f0 Ums\u00f3kn \u00fe\u00edn hefur veri\u00f0 \u00fathluta\u00f0 til eins af reyndum umbo\u00f0sm\u00f6nnum okkar. 3. Til sko\u00f0unar Tilnefndur fulltr\u00fai \u00feinn er n\u00fa a\u00f0 fara yfir ums\u00f3kn \u00fe\u00edna til a\u00f0 ganga \u00far skugga um a\u00f0 uppl\u00fdsingarnar sem \u00fe\u00fa gafst upp s\u00e9u fulln\u00e6gjandi og r\u00e9ttar, \u00e1\u00f0ur en h\u00fan er send til bandar\u00edsku tollg\u00e6slunnar og landam\u00e6raeftirlitsins. 4. B\u00ed\u00f0 eftir sam\u00feykki Ums\u00f3kn \u00fe\u00edn hefur veri\u00f0 sent til bandar\u00edsku tollg\u00e6slunnar og landam\u00e6raeftirlitsins og b\u00ed\u00f0ur n\u00fa eftir sam\u00feykki. 5. Ni\u00f0ursta\u00f0a ums\u00f3knar Ums\u00f3kn \u00fe\u00edn hefur veri\u00f0 Yfirfari\u00f0 af bandar\u00edsku tollg\u00e6slunni og landam\u00e6raeftirlitinu. K\u00edktu \u00e1 p\u00f3sth\u00f3lfi\u00f0 \u00feitt, \u00fe\u00fa f\u00e6r\u00f0 tilkynningu \u00ed t\u00f6lvup\u00f3sti \u00feegar \u00fea\u00f0 hefur veri\u00f0 sam\u00feykkt e\u00f0a ef frekari uppl\u00fdsingar eru nau\u00f0synlegar. Ef \u00fe\u00fa \u00fearft a\u00f0 s\u00e6kja um fyrir annan ums\u00e6kjanda, smelltu \u00fe\u00e1 \u00e1 hnappinn. B\u00e6ta vi\u00f0 \u00f6\u00f0ru forriti Grei\u00f0sluheimild hefur veri\u00f0 veitt \u00e1 korti\u00f0 \u00feitt. Kvittunin hefur veri\u00f0 send \u00e1 netfangi\u00f0 \u00feitt og allar uppl\u00fdsingar um reikninginn eru h\u00e9r a\u00f0 ne\u00f0an. Athuga\u00f0u hvort \u00fe\u00fa hafir fengi\u00f0 kvittun fyrir kaupin \u00ed t\u00f6lvup\u00f3stinum \u00fe\u00ednum. Ef \u00fe\u00fa s\u00e9r\u00f0 ekki kvittunina \u00ed p\u00f3sth\u00f3lfinu \u00fe\u00ednu skaltu athuga ruslp\u00f3stm\u00f6ppurnar \u00fe\u00ednar og b\u00e6ta \u201eUS Immigration Assistance\u201c vi\u00f0 hv\u00edtlistann. \u00de\u00fa getur fundi\u00f0 n\u00e1nari uppl\u00fdsingar um hvernig \u00e1 a\u00f0 b\u00e6ta netfanginu okkar vi\u00f0 hv\u00edtlistann \u00e1 netinu. ReikningurGrei\u00f0slum\u00e1ti: KreditkortSenda til: Rafr\u00e6n afhendingVaraUms\u00f3kn um bandar\u00edskt ESTA-leyfiVinsamlegast athugi\u00f0: \u00deessi grei\u00f0sla mun birtast \u00e1 kreditkortayfirlitinu \u00fe\u00ednu sem \u201eUS Immigration Assistance\u201c e\u00f0a \u201eusimmigrationassistance.org\u201c.\u00de\u00fa hefur sent grei\u00f0slu. Bei\u00f0ni korthafa til bankans e\u00f0a PayPal um endurgrei\u00f0slu gjalda mun lei\u00f0a til sj\u00e1lfvirkrar h\u00f6fnunar ums\u00f3knarinnar .<\/p>\n","protected":false},"author":3,"featured_media":0,"parent":0,"menu_order":0,"comment_status":"closed","ping_status":"closed","template":"","meta":{"footnotes":""},"class_list":["post-30158","page","type-page","status-publish","hentry"],"_links":{"self":[{"href":"https:\/\/usimmigrationassistance.org\/is\/wp-json\/wp\/v2\/pages\/30158","targetHints":{"allow":["GET"]}}],"collection":[{"href":"https:\/\/usimmigrationassistance.org\/is\/wp-json\/wp\/v2\/pages"}],"about":[{"href":"https:\/\/usimmigrationassistance.org\/is\/wp-json\/wp\/v2\/types\/page"}],"author":[{"embeddable":true,"href":"https:\/\/usimmigrationassistance.org\/is\/wp-json\/wp\/v2\/users\/3"}],"replies":[{"embeddable":true,"href":"https:\/\/usimmigrationassistance.org\/is\/wp-json\/wp\/v2\/comments?post=30158"}],"version-history":[{"count":2,"href":"https:\/\/usimmigrationassistance.org\/is\/wp-json\/wp\/v2\/pages\/30158\/revisions"}],"predecessor-version":[{"id":96234,"href":"https:\/\/usimmigrationassistance.org\/is\/wp-json\/wp\/v2\/pages\/30158\/revisions\/96234"}],"wp:attachment":[{"href":"https:\/\/usimmigrationassistance.org\/is\/wp-json\/wp\/v2\/media?parent=30158"}],"curies":[{"name":"wp","href":"https:\/\/api.w.org\/{rel}","templated":true}]}}