{"id":24958,"date":"2025-03-18T07:09:49","date_gmt":"2025-03-18T06:09:49","guid":{"rendered":"https:\/\/usimmigrationassistance.org\/disclaimer-legale"},"modified":"2025-05-20T16:40:48","modified_gmt":"2025-05-20T12:40:48","slug":"disclaimer-legale","status":"publish","type":"page","link":"https:\/\/usimmigrationassistance.org\/it\/disclaimer-legale\/","title":{"rendered":"Disclaimer legale"},"content":{"rendered":"\t\t<div data-elementor-type=\"wp-page\" data-elementor-id=\"24958\" class=\"elementor elementor-24958 elementor-881\" data-elementor-post-type=\"page\">\n\t\t\t\t<div class=\"elementor-element elementor-element-38977736 e-flex e-con-boxed wpr-particle-no wpr-jarallax-no wpr-parallax-no wpr-sticky-section-no e-con e-parent\" data-id=\"38977736\" data-element_type=\"container\">\n\t\t\t\t\t<div class=\"e-con-inner\">\n\t\t<div class=\"elementor-element elementor-element-95d71bf e-con-full e-flex wpr-particle-no wpr-jarallax-no wpr-parallax-no wpr-sticky-section-no e-con e-child\" data-id=\"95d71bf\" data-element_type=\"container\">\n\t\t\t\t<div class=\"elementor-element elementor-element-06e6898 elementor-widget elementor-widget-heading\" data-id=\"06e6898\" data-element_type=\"widget\" data-widget_type=\"heading.default\">\n\t\t\t\t<div class=\"elementor-widget-container\">\n\t\t\t\t\t<h2 class=\"elementor-heading-title elementor-size-default\">Disclaimer legale<\/h2>\t\t\t\t<\/div>\n\t\t\t\t<\/div>\n\t\t\t\t<\/div>\n\t\t<div class=\"elementor-element elementor-element-30dafa5 e-con-full e-flex wpr-particle-no wpr-jarallax-no wpr-parallax-no wpr-sticky-section-no e-con e-child\" data-id=\"30dafa5\" data-element_type=\"container\" data-settings=\"{&quot;background_background&quot;:&quot;classic&quot;}\">\n\t\t\t\t<div class=\"elementor-element elementor-element-20545007 elementor-widget elementor-widget-text-editor\" data-id=\"20545007\" data-element_type=\"widget\" data-widget_type=\"text-editor.default\">\n\t\t\t\t<div class=\"elementor-widget-container\">\n\t\t\t\t\t\t\t\t\t<p><\/p>\n<p>N\u00e9 TR\u0410VEL MUNDO &#8211; FZCO n\u00e9 <a href=\"https:\/\/usimmigrationassistance.org\/it\" target=\"_blank\" rel=\"noopener\">usimmigrationassistance.org<\/a> sono affiliati al Dipartimento di Stato degli Stati Uniti (US DOS), al Dipartimento della Sicurezza Interna degli Stati Uniti (US DHS), ai Servizi per la Cittadinanza e l&#8217;Immigrazione degli Stati Uniti (USCIS) o ad altre agenzie governative degli Stati Uniti.<br> Non siamo uno studio legale, non forniamo consulenza legale e non sostituiamo un avvocato.<br> Siamo un fornitore privato di consulenza su viaggi e immigrazione basato su Internet, il cui obiettivo \u00e8 aiutare le persone a viaggiare negli Stati Uniti.  <\/p>\n<p><\/p>\n<p><\/p>\n<p>N\u00e9 TR\u0410VEL MUNDO &#8211; FZCO, n\u00e9 <a href=\"https:\/\/usimmigrationassistance.org\/it\" target=\"_blank\" rel=\"noopener\">usimmigrationassistance.org<\/a> , n\u00e9 i suoi dipendenti dichiarano di avere una conoscenza specifica del diritto o delle procedure in materia di immigrazione. I prezzi di acquisto indicati per i servizi di assistenza per la preparazione delle domande NON includono le spese per la presentazione delle domande governative, le spese per la visita medica, la presentazione o i dati biometrici. Le spese governative non sono rimborsabili. Le spese legali non sono rimborsabili.   <\/p>\n<p><\/p>\n<p><\/p>\n<p>La politica sui visti degli Stati Uniti riguarda i requisiti che un cittadino straniero che desidera entrare negli Stati Uniti deve soddisfare per ottenere un visto, ovvero un permesso per viaggiare, entrare e\/o soggiornare negli Stati Uniti. I visitatori degli Stati Uniti devono ottenere un visto da una delle rappresentanze diplomatiche statunitensi, a meno che non provengano da uno dei paesi esenti da visto o da un paese aderente al Programma Visa Waiver. Le stesse regole si applicano a Porto Rico e alle Isole Vergini americane, mentre regole diverse si applicano al resto dei territori statunitensi, ovvero Guam, Isole Marianne Settentrionali e Samoa Americane.  <\/p>\n<p><\/p>\n<p><\/p>\n<p>Tutte le informazioni fornite da te, o da una terza parte designata per tuo conto, devono essere vere e corrette. Un visto per gli Stati Uniti pu\u00f2 essere revocato in qualsiasi momento e per qualsiasi motivo, ad esempio in caso di nuove informazioni che influiscano sull&#8217;idoneit\u00e0. Potresti essere soggetto a sanzioni amministrative o penali se, consapevolmente e intenzionalmente, rilasci una dichiarazione o un&#8217;affermazione sostanzialmente falsa, fittizia o fraudolenta in una domanda di visto presentata da te o per tuo conto.  <\/p>\n<p><\/p>\n<p><\/p>\n<p>Si prega di consultare la Politica di rimborso prima di acquistare un servizio sul nostro sito web.<\/p>\n<p><\/p>\n<p><\/p>\n<p>Questo sito web contiene informazioni generali su questioni e sviluppi in materia di immigrazione. Tale materiale ha solo scopo informativo e potrebbe non riflettere gli sviluppi pi\u00f9 recenti. Questo materiale informativo non intende, e non deve essere considerato, come consulenza legale su alcun insieme di fatti o circostanze. Si consiglia di contattare un avvocato per assistenza su specifici problemi legali.   <\/p>\n<p><\/p>\n<p><\/p>\n<p>Sebbene ci impegniamo a mantenere le informazioni del Sito aggiornate e corrette, TR\u0410VEL MUNDO &#8211; FZCO non rilascia alcuna dichiarazione o garanzia di alcun tipo, espressa o implicita, circa la completezza, l&#8217;accuratezza, l&#8217;affidabilit\u00e0, l&#8217;idoneit\u00e0 o la disponibilit\u00e0 del sito web o delle informazioni, dei prodotti, dei servizi o della relativa grafica contenuti nel sito web per qualsiasi scopo. Qualsiasi affidamento su tale materiale \u00e8 pertanto strettamente a vostro rischio e pericolo. <\/p>\n<p><\/p>\n<p><\/p>\n<p>TR\u0410VEL MUNDO &#8211; FZCO non sar\u00e0 responsabile per eventuali informazioni false, inaccurate, inappropriate o incomplete presentate sul sito web.<\/p>\n<p><\/p>\n<p><\/p>\n<p>Sebbene venga fatto il possibile per mantenere il sito web attivo e funzionante senza intoppi, data la natura di Internet e della tecnologia impiegata, TR\u0410VEL MUNDO &#8211; FZCO non si assume alcuna responsabilit\u00e0 e non sar\u00e0 ritenuta responsabile per la temporanea indisponibilit\u00e0 del sito web dovuta a problemi tecnici (o altro) al di fuori del suo controllo o per qualsiasi perdita o danno subito a seguito dell&#8217;uso o dell&#8217;accesso a questo sito web o dell&#8217;impossibilit\u00e0 di utilizzarlo o accedervi in qualsiasi modo.<\/p>\n<p><\/p>\n<p><\/p>\n<p>Alcuni link presenti su questo sito web conducono a siti web che non sono sotto il controllo di TR\u0410VEL MUNDO &#8211; FZCO. Attivandoli, si abbandona il sito web di TR\u0410VEL MUNDO &#8211; FZCO. TR\u0410VEL MUNDO &#8211; FZCO non ha alcun controllo e non si assume alcuna responsabilit\u00e0 in merito a materiali, prodotti o servizi disponibili su qualsiasi sito web che non sia sotto il controllo di TR\u0410VEL MUNDO &#8211; FZCO.  <\/p>\n<p><\/p>\n<p><\/p>\n<p>Nella misura in cui non sia proibito dalla legge, in nessun caso TR\u0410VEL MUNDO &#8211; FZCO sar\u00e0 ritenuta responsabile nei confronti dell&#8217;utente o di terze parti per eventuali perdite o danni (inclusi, senza limitazioni, danni per perdita di affari o perdita di profitti) derivanti direttamente o indirettamente dall&#8217;utilizzo o dall&#8217;impossibilit\u00e0 di utilizzare questo sito o qualsiasi materiale in esso contenuto.<\/p>\n<p><\/p>\n<p><\/p>\n<p>Le domande compilate tramite il nostro servizio sono disponibili gratuitamente come moduli vuoti su alcuni siti web del governo statunitense. Siamo un fornitore privato di servizi di viaggio basati su tecnologia Internet, dedicato ad aiutare le persone a viaggiare negli Stati Uniti. Se non desiderate utilizzare i nostri servizi, potete presentare domanda direttamente su <a href=\"https:\/\/travel.state.gov\/\" target=\"_blank\" rel=\"noreferrer noopener\">travel.state.gov<\/a> o su <a href=\"https:\/\/uscis.gov\/\" target=\"_blank\" rel=\"noreferrer noopener\">uscis.gov<\/a> .  <\/p>\n<p><\/p>\n<p><\/p>\n<p>Non dovresti utilizzare questo sito web per fornire informazioni riservate su una tua questione legale agli agenti di accoglienza. L&#8217;utilizzo di questo sito web non ti rende n\u00e9 un cliente n\u00e9 un potenziale cliente di uno studio legale. <\/p>\n<p><\/p>\n<p><\/p>\n<p>Per comodit\u00e0, questo sito web potrebbe contenere link a siti web di terze parti. Tali siti web collegati non sono sotto il nostro controllo e non ci assumiamo alcuna responsabilit\u00e0 per l&#8217;accuratezza dei contenuti di tali siti web. <\/p>\n<p><\/p>\n<p><\/p>\n<p>La visita e\/o l&#8217;utilizzo di questo sito web indica che accetti e comprendi chiaramente le esclusioni di responsabilit\u00e0, <a href=\"https:\/\/usimmigrationassistance.org\/terms_of_use\" target=\"_blank\" rel=\"noreferrer noopener\">i Termini di utilizzo<\/a> , <a href=\"https:\/\/usimmigrationassistance.org\/privacy_policy\" target=\"_blank\" rel=\"noreferrer noopener\">la Privacy<\/a> e le Politiche <a href=\"https:\/\/usimmigrationassistance.org\/refund_policy\" target=\"_blank\" rel=\"noreferrer noopener\">di rimborso<\/a> indicate su questo sito.<\/p>\n<p><\/p>\t\t\t\t\t\t\t\t<\/div>\n\t\t\t\t<\/div>\n\t\t\t\t<\/div>\n\t\t\t\t\t<\/div>\n\t\t\t\t<\/div>\n\t\t\t\t<\/div>\n\t\t","protected":false},"excerpt":{"rendered":"<p>Disclaimer legale N\u00e9 TR\u0410VEL MUNDO &#8211; FZCO n\u00e9 usimmigrationassistance.org sono affiliati al Dipartimento di Stato degli Stati Uniti (US DOS), al Dipartimento della Sicurezza Interna degli Stati Uniti (US DHS), ai Servizi per la Cittadinanza e l&#8217;Immigrazione degli Stati Uniti (USCIS) o ad altre agenzie governative degli Stati Uniti. Non siamo uno studio legale, non forniamo consulenza legale e non sostituiamo un avvocato. Siamo un fornitore privato di consulenza su viaggi e immigrazione basato su Internet, il cui obiettivo \u00e8 aiutare le persone a viaggiare negli Stati Uniti. N\u00e9 TR\u0410VEL MUNDO &#8211; FZCO, n\u00e9 usimmigrationassistance.org , n\u00e9 i suoi dipendenti dichiarano di avere una conoscenza specifica del diritto o delle procedure in materia di immigrazione. I prezzi di acquisto indicati per i servizi di assistenza per la preparazione delle domande NON includono le spese per la presentazione delle domande governative, le spese per la visita medica, la presentazione o i dati biometrici. Le spese governative non sono rimborsabili. Le spese legali non sono rimborsabili. La politica sui visti degli Stati Uniti riguarda i requisiti che un cittadino straniero che desidera entrare negli Stati Uniti deve soddisfare per ottenere un visto, ovvero un permesso per viaggiare, entrare e\/o soggiornare negli Stati Uniti. I visitatori degli Stati Uniti devono ottenere un visto da una delle rappresentanze diplomatiche statunitensi, a meno che non provengano da uno dei paesi esenti da visto o da un paese aderente al Programma Visa Waiver. Le stesse regole si applicano a Porto Rico e alle Isole Vergini americane, mentre regole diverse si applicano al resto dei territori statunitensi, ovvero Guam, Isole Marianne Settentrionali e Samoa Americane. Tutte le informazioni fornite da te, o da una terza parte designata per tuo conto, devono essere vere e corrette. Un visto per gli Stati Uniti pu\u00f2 essere revocato in qualsiasi momento e per qualsiasi motivo, ad esempio in caso di nuove informazioni che influiscano sull&#8217;idoneit\u00e0. Potresti essere soggetto a sanzioni amministrative o penali se, consapevolmente e intenzionalmente, rilasci una dichiarazione o un&#8217;affermazione sostanzialmente falsa, fittizia o fraudolenta in una domanda di visto presentata da te o per tuo conto. Si prega di consultare la Politica di rimborso prima di acquistare un servizio sul nostro sito web. Questo sito web contiene informazioni generali su questioni e sviluppi in materia di immigrazione. Tale materiale ha solo scopo informativo e potrebbe non riflettere gli sviluppi pi\u00f9 recenti. Questo materiale informativo non intende, e non deve essere considerato, come consulenza legale su alcun insieme di fatti o circostanze. Si consiglia di contattare un avvocato per assistenza su specifici problemi legali. Sebbene ci impegniamo a mantenere le informazioni del Sito aggiornate e corrette, TR\u0410VEL MUNDO &#8211; FZCO non rilascia alcuna dichiarazione o garanzia di alcun tipo, espressa o implicita, circa la completezza, l&#8217;accuratezza, l&#8217;affidabilit\u00e0, l&#8217;idoneit\u00e0 o la disponibilit\u00e0 del sito web o delle informazioni, dei prodotti, dei servizi o della relativa grafica contenuti nel sito web per qualsiasi scopo. Qualsiasi affidamento su tale materiale \u00e8 pertanto strettamente a vostro rischio e pericolo. TR\u0410VEL MUNDO &#8211; FZCO non sar\u00e0 responsabile per eventuali informazioni false, inaccurate, inappropriate o incomplete presentate sul sito web. Sebbene venga fatto il possibile per mantenere il sito web attivo e funzionante senza intoppi, data la natura di Internet e della tecnologia impiegata, TR\u0410VEL MUNDO &#8211; FZCO non si assume alcuna responsabilit\u00e0 e non sar\u00e0 ritenuta responsabile per la temporanea indisponibilit\u00e0 del sito web dovuta a problemi tecnici (o altro) al di fuori del suo controllo o per qualsiasi perdita o danno subito a seguito dell&#8217;uso o dell&#8217;accesso a questo sito web o dell&#8217;impossibilit\u00e0 di utilizzarlo o accedervi in qualsiasi modo. Alcuni link presenti su questo sito web conducono a siti web che non sono sotto il controllo di TR\u0410VEL MUNDO &#8211; FZCO. Attivandoli, si abbandona il sito web di TR\u0410VEL MUNDO &#8211; FZCO. TR\u0410VEL MUNDO &#8211; FZCO non ha alcun controllo e non si assume alcuna responsabilit\u00e0 in merito a materiali, prodotti o servizi disponibili su qualsiasi sito web che non sia sotto il controllo di TR\u0410VEL MUNDO &#8211; FZCO. Nella misura in cui non sia proibito dalla legge, in nessun caso TR\u0410VEL MUNDO &#8211; FZCO sar\u00e0 ritenuta responsabile nei confronti dell&#8217;utente o di terze parti per eventuali perdite o danni (inclusi, senza limitazioni, danni per perdita di affari o perdita di profitti) derivanti direttamente o indirettamente dall&#8217;utilizzo o dall&#8217;impossibilit\u00e0 di utilizzare questo sito o qualsiasi materiale in esso contenuto. Le domande compilate tramite il nostro servizio sono disponibili gratuitamente come moduli vuoti su alcuni siti web del governo statunitense. Siamo un fornitore privato di servizi di viaggio basati su tecnologia Internet, dedicato ad aiutare le persone a viaggiare negli Stati Uniti. Se non desiderate utilizzare i nostri servizi, potete presentare domanda direttamente su travel.state.gov o su uscis.gov . Non dovresti utilizzare questo sito web per fornire informazioni riservate su una tua questione legale agli agenti di accoglienza. L&#8217;utilizzo di questo sito web non ti rende n\u00e9 un cliente n\u00e9 un potenziale cliente di uno studio legale. Per comodit\u00e0, questo sito web potrebbe contenere link a siti web di terze parti. Tali siti web collegati non sono sotto il nostro controllo e non ci assumiamo alcuna responsabilit\u00e0 per l&#8217;accuratezza dei contenuti di tali siti web. La visita e\/o l&#8217;utilizzo di questo sito web indica che accetti e comprendi chiaramente le esclusioni di responsabilit\u00e0, i Termini di utilizzo , la Privacy e le Politiche di rimborso indicate su questo sito.<\/p>\n","protected":false},"author":3,"featured_media":0,"parent":0,"menu_order":0,"comment_status":"closed","ping_status":"closed","template":"","meta":{"footnotes":""},"class_list":["post-24958","page","type-page","status-publish","hentry"],"_links":{"self":[{"href":"https:\/\/usimmigrationassistance.org\/it\/wp-json\/wp\/v2\/pages\/24958","targetHints":{"allow":["GET"]}}],"collection":[{"href":"https:\/\/usimmigrationassistance.org\/it\/wp-json\/wp\/v2\/pages"}],"about":[{"href":"https:\/\/usimmigrationassistance.org\/it\/wp-json\/wp\/v2\/types\/page"}],"author":[{"embeddable":true,"href":"https:\/\/usimmigrationassistance.org\/it\/wp-json\/wp\/v2\/users\/3"}],"replies":[{"embeddable":true,"href":"https:\/\/usimmigrationassistance.org\/it\/wp-json\/wp\/v2\/comments?post=24958"}],"version-history":[{"count":7,"href":"https:\/\/usimmigrationassistance.org\/it\/wp-json\/wp\/v2\/pages\/24958\/revisions"}],"predecessor-version":[{"id":24970,"href":"https:\/\/usimmigrationassistance.org\/it\/wp-json\/wp\/v2\/pages\/24958\/revisions\/24970"}],"wp:attachment":[{"href":"https:\/\/usimmigrationassistance.org\/it\/wp-json\/wp\/v2\/media?parent=24958"}],"curies":[{"name":"wp","href":"https:\/\/api.w.org\/{rel}","templated":true}]}}