{"id":24981,"date":"2025-03-18T07:13:58","date_gmt":"2025-03-18T06:13:58","guid":{"rendered":"https:\/\/usimmigrationassistance.org\/politica-di-rimborso"},"modified":"2025-05-28T14:49:45","modified_gmt":"2025-05-28T10:49:45","slug":"politica-di-rimborso","status":"publish","type":"page","link":"https:\/\/usimmigrationassistance.org\/it\/politica-di-rimborso\/","title":{"rendered":"Politica di rimborso"},"content":{"rendered":"\t\t<div data-elementor-type=\"wp-page\" data-elementor-id=\"24981\" class=\"elementor elementor-24981 elementor-19\" data-elementor-post-type=\"page\">\n\t\t\t\t<div class=\"elementor-element elementor-element-e040b88 e-flex e-con-boxed wpr-particle-no wpr-jarallax-no wpr-parallax-no wpr-sticky-section-no e-con e-parent\" data-id=\"e040b88\" data-element_type=\"container\">\n\t\t\t\t\t<div class=\"e-con-inner\">\n\t\t<div class=\"elementor-element elementor-element-8b26962 e-con-full e-flex wpr-particle-no wpr-jarallax-no wpr-parallax-no wpr-sticky-section-no e-con e-child\" data-id=\"8b26962\" data-element_type=\"container\">\n\t\t\t\t<div class=\"elementor-element elementor-element-bbdcd9a elementor-widget elementor-widget-heading\" data-id=\"bbdcd9a\" data-element_type=\"widget\" data-widget_type=\"heading.default\">\n\t\t\t\t<div class=\"elementor-widget-container\">\n\t\t\t\t\t<h2 class=\"elementor-heading-title elementor-size-default\">Politica di rimborso<\/h2>\t\t\t\t<\/div>\n\t\t\t\t<\/div>\n\t\t\t\t<\/div>\n\t\t<div class=\"elementor-element elementor-element-55b5e2c e-con-full e-flex wpr-particle-no wpr-jarallax-no wpr-parallax-no wpr-sticky-section-no e-con e-child\" data-id=\"55b5e2c\" data-element_type=\"container\" data-settings=\"{&quot;background_background&quot;:&quot;classic&quot;}\">\n\t\t\t\t<div class=\"elementor-element elementor-element-65bcd51 elementor-widget elementor-widget-text-editor\" data-id=\"65bcd51\" data-element_type=\"widget\" data-widget_type=\"text-editor.default\">\n\t\t\t\t<div class=\"elementor-widget-container\">\n\t\t\t\t\t\t\t\t\t<p>Si prega di leggere attentamente la presente informativa. Questa \u00e8 la politica di rimborso di <a href=\"https:\/\/usimmigrationassistance.org\/it\">https:\/\/usimmigrationassistance.org\/<\/a> , gestita da TRAVEL MUNDO &#8211; FZCO ( <strong>noi\/nostro\/ci<\/strong> ). Accedendo al nostro sito web <a href=\"https:\/\/usimmigrationassistance.org\/it\">https:\/\/usimmigrationassistance.org\/<\/a> e utilizzando i nostri servizi, l&#8217;utente accetta di essere vincolato dalla presente informativa.  <br><strong>TUTTE LE VENDITE SONO DEFINITIVE E NON RIMBORSABILI.<\/strong><\/p>\n<p><\/p>\n<p>Ci impegniamo a fornire servizi di alta qualit\u00e0 per assistere i nostri clienti ( <strong>voi\/vostro\/a\/i\/e<\/strong> ) durante tutto il loro processo di immigrazione. Tuttavia, <strong>una volta effettuato un acquisto, non verranno emessi rimborsi<\/strong> per nessun motivo. Questa politica si applica dal momento dell&#8217;acquisto, indipendentemente dal fatto che i servizi siano stati utilizzati completamente o meno.  <\/p>\n<p><\/p>\n<p><strong>TERMINI DELLA POLITICA<\/strong><\/p>\n<p><\/p>\n<p>Acquistando i nostri servizi su <a href=\"https:\/\/usimmigrationassistance.org\/it\">https:\/\/usimmigrationassistance.org\/<\/a> , riconosci e accetti che <strong>tutti i servizi non sono rimborsabili<\/strong> e che <strong>qualsiasi richiesta di rimborso verr\u00e0 automaticamente respinta<\/strong> . Non ci sono eccezioni a questa regola, anche se la tua domanda non \u00e8 ancora stata presentata alle autorit\u00e0 competenti (Visto, ESTA o altro). <\/p>\n<p><\/p>\n<p>Una volta approvati i documenti per l&#8217;invio dopo l&#8217;acquisto, <strong>si rinuncia irrevocabilmente a qualsiasi diritto di rimborso<\/strong> . In caso di errore materiale nella domanda, la rinvieremo senza costi aggiuntivi, <strong>ma non verr\u00e0 concesso alcun rimborso<\/strong> . <\/p>\n<p><\/p>\n<p>In caso di problemi, ti invitiamo a contattarci immediatamente all&#8217;indirizzo <a href=\"mailto:support@usimmigrationassistance.org\">support@usimmigrationassistance.org<\/a> , in modo da poter risolvere la situazione o, in casi specifici a nostra discrezione, fornirti un credito per servizi futuri.<\/p>\n<p><\/p>\n<p><strong>TARIFFE NON RIMBORSABILI<\/strong><\/p>\n<p><\/p>\n<p>Le tasse pagate ad agenzie governative statunitensi o ad altri enti governativi non sono in alcun modo rimborsabili. Quando si effettua un pagamento al Dipartimento di Stato degli Stati Uniti o ad altre agenzie, si paga per un servizio governativo e <strong>tutte le tasse sono definitive e non rimborsabili<\/strong> , indipendentemente dall&#8217;esito della domanda. <\/p>\n<p><\/p>\n<p>Inoltre, le spese pagate a terzi coinvolti nell&#8217;elaborazione della domanda (ad esempio medici legali, traduttori, ecc.) non sono rimborsabili e non danno diritto a un credito.<\/p>\n<p><\/p>\n<p><strong>AVVISO DI ADDEBITO<\/strong><\/p>\n<p><\/p>\n<p>Qualsiasi utilizzo di un <strong>chargeback<\/strong> per ottenere un rimborso al di fuori delle condizioni descritte in questa informativa \u00e8 considerato una violazione dei nostri termini e sar\u00e0 trattato con la massima severit\u00e0. Considereremo qualsiasi <strong>chargeback<\/strong> <strong>fraudolento<\/strong> e intraprenderemo immediatamente azioni legali. <\/p>\n<p><\/p>\n<p><strong>La frode di chargeback<\/strong> \u00e8 una forma di <strong>furto<\/strong> e <strong>furto con scasso<\/strong> . Gli individui riconosciuti colpevoli di frode di chargeback sono soggetti a sanzioni sia penali che civili. Secondo Nasir N. Pasha (Esq.), avvocato responsabile presso <strong>Pasha Law PC<\/strong> , &#8220;Le autorit\u00e0 possono perseguire penalmente gli individui anche per piccole somme, con accuse che vanno dal <strong>furto di lieve entit\u00e0<\/strong> (meno di 50 dollari) al <strong>furto aggravato<\/strong> (oltre i 500 dollari e i 1.000 dollari)&#8221;.  <\/p>\n<p><\/p>\n<p>Segnaleremo qualsiasi tentativo di frode tramite addebito in conto agli elaboratori di pagamento e alle agenzie governative competenti e potrebbero essere applicate sanzioni severe, incluso il divieto di ingresso nel Paese di destinazione.<\/p>\n<p><\/p>\n<p><strong>GARANZIA<\/strong><\/p>\n<p><\/p>\n<p>In caso di dubbi sulla corretta presentazione della domanda, vi invitiamo a contattarci immediatamente all&#8217;indirizzo <a href=\"mailto:support@usimmigrationassistance.org\" target=\"_blank\" rel=\"noreferrer noopener\">support@usimmigrationassistance.org<\/a> . Tuttavia, si prega di notare che <strong>non offriamo rimborsi<\/strong> una volta acquistati i servizi, come previsto dai termini di questa politica. In alcuni casi, potremmo concedere un credito per servizi futuri a nostra discrezione.  <\/p>\n<p><\/p>\n<p><strong>GARANZIA DI SODDISFAZIONE<\/strong><\/p>\n<p><\/p>\n<p>Sebbene ci impegniamo a fornire un servizio di qualit\u00e0, la nostra <strong>garanzia di soddisfazione<\/strong> \u00e8 limitata ai problemi causati direttamente da <a href=\"https:\/\/usimmigrationassistance.org\/it\">https:\/\/usimmigrationassistance.org\/<\/a> prima del tuo arrivo negli Stati Uniti. Questa garanzia non include <strong>alcun rimborso<\/strong> , ma pu\u00f2 offrire <strong>un credito<\/strong> per servizi futuri in casi molto specifici, previa attenta valutazione. <\/p>\n<p><\/p>\n<p>Qualsiasi richiesta di accredito per servizi futuri deve essere presentata entro <strong>14 giorni dall&#8217;acquisto<\/strong> . Si prega di notare che <strong>non saranno accettate richieste di rimborso<\/strong> e che l&#8217;accredito verr\u00e0 concesso solo in circostanze specifiche, a discrezione di <a href=\"https:\/\/usimmigrationassistance.org\/it\">https:\/\/usimmigrationassistance.org\/<\/a> . <\/p>\n<p><\/p>\n<p><strong>ESCLUSIONI ALLA GARANZIA DI SODDISFAZIONE<\/strong><\/p>\n<p><\/p>\n<p>Non possiamo, in nessun caso, garantire i risultati o le decisioni delle agenzie governative statunitensi in merito alla tua domanda. Ritardi o rifiuti da parte delle agenzie governative sono al di fuori del nostro controllo e <strong>non danno diritto ad alcun rimborso<\/strong> . <\/p>\n<p><\/p>\n<p>Questa garanzia non sar\u00e0 valida se hai fornito informazioni fuorvianti o hai gi\u00e0 richiesto uno <strong>storno di addebito<\/strong> alla tua banca.<\/p>\n<p><\/p>\n<p><strong>DISCLAIMER<\/strong><\/p>\n<p><\/p>\n<p>Utilizzando i nostri servizi, accetti e comprendi che siamo un fornitore privato di servizi tecnologici di viaggio basati su Internet. Ci dedichiamo ad aiutare le persone a viaggiare negli Stati Uniti d&#8217;America. <a href=\"https:\/\/usimmigrationassistance.org\/it\" target=\"_blank\" rel=\"noreferrer noopener\">https:\/\/usimmigrationassistance.org\/<\/a> non \u00e8 uno studio legale e non sostituisce la consulenza legale di un professionista qualificato. <span style=\"background-color: #ffffff;\"><a href=\"https:\/\/usimmigrationassistance.org\/it\">https:\/\/usimmigrationassistance.org\/<\/a><\/span> non \u00e8 affiliato n\u00e9 approvato dallo United States Citizenship and Immigration Services (USCIS) o da qualsiasi altra agenzia governativa. <\/p>\n<p><\/p>\n<p><strong>NOTA<\/strong> : I moduli di immigrazione vuoti con istruzioni scritte per tutti i visti sono disponibili gratuitamente sul sito web <strong>dell&#8217;USCIS<\/strong> . L&#8217;utilizzo del sito web <span style=\"background-color: #ffffff;\"><a href=\"https:\/\/usimmigrationassistance.org\/it\">https:\/\/usimmigrationassistance.org\/<\/a><\/span> e dei suoi servizi \u00e8 soggetto alla nostra <a href=\"https:\/\/usimmigrationassistance.org\/it\/politica-sulla-riservatezza\/\" target=\"_blank\" rel=\"noreferrer noopener\">Informativa sulla privacy<\/a> , <a href=\"https:\/\/usimmigrationassistance.org\/it\/termini-di-servizio\/\" target=\"_blank\" rel=\"noreferrer noopener\">ai Termini di servizio<\/a> e <a href=\"https:\/\/usimmigrationassistance.org\/it\/terms_of_use\/\" target=\"_blank\" rel=\"noreferrer noopener\">alle Condizioni d&#8217;uso<\/a> . <\/p>\n<p><\/p>\n<p><strong>DETTAGLI SULLE TARIFFE &#8211; SOLO A SCOPO INFORMATIVO<\/strong><\/p>\n<p><\/p>\n<p><strong>Costi per i visti USA<\/strong><\/p>\n<p><\/p>\n<p>Tutti i richiedenti un visto per gli Stati Uniti sono tenuti a pagare una tassa per il visto all&#8217;ente emittente del governo statunitense. L&#8217;importo della tassa per la domanda di visto e le relative tempistiche dipendono dal tipo di visto richiesto. Prima di richiedere un visto, \u00e8 necessario determinare quale visto soddisfa le proprie esigenze di viaggio e quale ente emittente del governo statunitense addebita le spese di elaborazione per tale visto. Per informazioni, contattare <a href=\"mailto:support@usimmigrationassistance.org\">support@usimmigrationassistance.org<\/a> .   <\/p>\n<p><\/p>\n<p><strong>Tariffa MRV<\/strong><\/p>\n<p><\/p>\n<p>La tassa per il visto \u00e8 anche chiamata <strong>tassa consolare<\/strong> o <strong>tassa di richiesta<\/strong> ed \u00e8 ufficialmente nota come &#8221; <strong>Machine Readable Visa (MRV) Fee<\/strong> &#8220;. La tassa consolare \u00e8 richiesta per ogni domanda di visto. Solo dopo aver pagato la tassa per il visto \u00e8 possibile fissare un appuntamento per un colloquio consolare presso un consolato o un&#8217;ambasciata statunitense.  <\/p>\n<p><\/p>\n<p>Si prega di notare che le tariffe MRV (Visa) <strong>non sono rimborsabili<\/strong> n\u00e9 <strong>trasferibili<\/strong> . Se la domanda di visto viene ritirata o il visto statunitense viene rifiutato, il richiedente <strong>non ricever\u00e0 alcun rimborso<\/strong> . Inoltre, la tariffa del visto non \u00e8 trasferibile ad altre persone, come familiari o colleghi.  <\/p>\n<p><\/p>\n<p><strong>Importo della tassa MRV<\/strong><\/p>\n<p><\/p>\n<p>L&#8217;importo del visto dipende dalla categoria richiesta. Ci\u00f2 significa che categorie di visto diverse possono avere costi diversi. <\/p>\n<p><\/p>\n<p>Sebbene le tariffe per i visti siano ufficialmente espresse in dollari statunitensi, il pagamento viene effettuato nella rispettiva valuta nazionale. Le tariffe per i visti sono soggette a regolari fluttuazioni del tasso di cambio, il che significa che spesso vengono ridotte o aumentate. Per conoscere il tasso di cambio attuale tra euro e dollaro dei consolati statunitensi (= tasso di cambio consolare), si prega di visitare l&#8217;Ambasciata statunitense del proprio Paese. Le tariffe consolari attuali per i visti non-immigranti statunitensi sono le seguenti e devono essere pagate direttamente al Consolato\/Ambasciata statunitense:   <\/p>\n<p><\/p>\n<p>Visti B-1\/B-2 (Visitatori d&#8217;affari\/turisti): $ 175<br> Visti C-1D (membri dell&#8217;equipaggio\/transito): $ 175<br> Visti F-1 (studenti): $ 175<br> Visti J-1 (visitatori di scambio): $ 175<br> ESTA (Turismo\/Transito\/Affari): $ 129<\/p>\n<p><\/p>\n<p><strong>Metodi di pagamento<\/strong><\/p>\n<p><\/p>\n<p>Le tariffe per il visto possono essere pagate presso i consolati e le ambasciate statunitensi in tutto il mondo con diverse modalit\u00e0. Sono disponibili le seguenti opzioni di pagamento: <\/p>\n<p><\/p>\n<p>Bonifico bancario online<br> Carta di debito<br> Carta di credito<br> Bonifico bancario immediato<br> Deposito di contanti presso una banca<\/p>\n<p><\/p>\n<p><strong>Validit\u00e0 della tariffa MRV<\/strong><\/p>\n<p><\/p>\n<p>Dopo aver pagato la tassa per il visto, riceverai una ricevuta di pagamento valida per un anno. La tassa per il visto \u00e8 quindi valida per un anno dalla data di pagamento. Durante questo periodo, dovrai fissare un appuntamento per un colloquio presso un consolato o un&#8217;ambasciata statunitense, poich\u00e9 la tassa per il visto dovr\u00e0 essere nuovamente pagata dopo dodici mesi.  <\/p>\n<p><\/p>\n<p><strong>Altre tariffe per l&#8217;elaborazione consolare<\/strong><\/p>\n<p><\/p>\n<p>Oltre alla tassa consolare di cui sopra, ci sono altre tasse da pagare per il visto nel processo consolare:<\/p>\n<p><\/p>\n<p><strong>1. COMMISSIONE DI RECIPROCIT\u00c0<\/strong><\/p>\n<p><\/p>\n<p>La <strong>tassa di reciprocit\u00e0<\/strong> si basa sul sistema di reciprocit\u00e0 statale. Ogni volta che un governo straniero applica una tassa ai cittadini statunitensi per determinati tipi di visto, anche gli Stati Uniti applicano una <strong>tassa di reciprocit\u00e0<\/strong> ai cittadini di quel paese per categorie di visto simili. <\/p>\n<p><\/p>\n<p>Ad esempio, se ai cittadini statunitensi viene richiesto di pagare una tariffa aggiuntiva per un visto turistico per la Cina, ci\u00f2 si applica anche ai cittadini cinesi quando richiedono un visto turistico B-1\/B-2 per gli Stati Uniti.<\/p>\n<p><\/p>\n<p>Se hai prenotato un colloquio, <strong>non pagare la tassa di reciprocit\u00e0 in anticipo<\/strong> ; pagala invece presso l&#8217;Unit\u00e0 Consolare dell&#8217;Ambasciata degli Stati Uniti al tuo arrivo per il colloquio. Assicurati di pagare la tassa di reciprocit\u00e0 in anticipo solo se stai rinnovando il tuo visto esistente e richiedendo un&#8217;esenzione dal visto. Questa non \u00e8 una tassa MRV che pu\u00f2 essere utilizzata per fissare un appuntamento.  <\/p>\n<p><\/p>\n<p>Il principio di reciprocit\u00e0 implica il pagamento di tariffe aggiuntive o un periodo di validit\u00e0 pi\u00f9 breve (o entrambi) per i richiedenti di visto provenienti da determinati Paesi e per determinate categorie di visto. Pertanto, in base alla nazionalit\u00e0 del richiedente e al tipo di visto richiesto, il Dipartimento di Stato americano pu\u00f2: <\/p>\n<p><\/p>\n<p>richiedere un compenso aggiuntivo al richiedente, oppure<br> rilasciare un visto con un periodo di validit\u00e0 pi\u00f9 breve di quello normalmente consentito.<br> La commissione di reciprocit\u00e0 varia a seconda della nazionalit\u00e0 del richiedente, della categoria di visto e della domanda. \u00c8 possibile verificare in anticipo se si applica una commissione visitando il <strong>sito web del Dipartimento di Stato degli Stati Uniti<\/strong> . <\/p>\n<p><\/p>\n<p>Questa tassa deve essere pagata tramite carta di credito o in contanti di persona presso il consolato\/ambasciata degli Stati Uniti.<\/p>\n<p><\/p>\n<p><strong>2. TASSA SEVIS<\/strong><\/p>\n<p><\/p>\n<p>La <strong>tassa SEVIS<\/strong> \u00e8 dovuta per le richieste di visto F, J o M e varia a seconda della categoria di visto. I richiedenti devono pagare la tassa SEVIS <strong>prima<\/strong> dell&#8217;appuntamento per il colloquio consolare. Il pagamento avviene online con carta di credito.  <\/p>\n<p><\/p>\n<p>La ricevuta del pagamento deve essere allegata alla domanda consolare; in caso contrario, la domanda non verr\u00e0 elaborata.<\/p>\n<p><\/p>\n<p><strong>Consiglio pratico<\/strong> : partiamo dal presupposto che tutte le domande che riportano una tariffa errata verranno respinte e non elaborate.<\/p>\n<p><\/p>\n<p>Un elenco completo di tutte le tariffe per la domanda USCIS \u00e8 disponibile sul <strong>sito web USCIS<\/strong> .<\/p>\n<p><\/p>\n<p><strong>Consiglio pratico<\/strong> : prestare attenzione alle istruzioni dell&#8217;USCIS relative al rispettivo assegno o vaglia postale. Assegni o vaglia postali inviati in modo errato non saranno accettati. Queste petizioni saranno restituite al richiedente senza essere elaborate.  <\/p>\n<p><\/p>\n<p><strong>Commissioni di gestione &#8211; Il nostro servizio visti USA<\/strong><\/p>\n<p><\/p>\n<p>Oltre alle spese di iscrizione alle autorit\u00e0 statunitensi, ai costi di traduzione, ecc., quando si affida un incarico alla nostra agenzia di servizi di assistenza viaggi, vengono addebitati anche i costi di consulenza e di gestione della pratica.<\/p>\n<p><\/p>\n<p>A seconda della categoria di visto, applichiamo una commissione di gestione fissa, tenendo conto dei diversi costi di elaborazione. Pi\u00f9 semplice \u00e8 l&#8217;elaborazione di una categoria di visto, pi\u00f9 conveniente sar\u00e0 il supporto dei nostri consulenti per i visti statunitensi. <\/p>\n<p><\/p>\n<p>Su richiesta, possiamo offrirvi assistenza e supporto su base oraria. In casi di visto particolarmente urgenti, possiamo anche organizzare un&#8217;elaborazione rapida a un costo aggiuntivo. <\/p>\n<p><\/p>\t\t\t\t\t\t\t\t<\/div>\n\t\t\t\t<\/div>\n\t\t\t\t<\/div>\n\t\t\t\t\t<\/div>\n\t\t\t\t<\/div>\n\t\t\t\t<\/div>\n\t\t","protected":false},"excerpt":{"rendered":"<p>Politica di rimborso Si prega di leggere attentamente la presente informativa. Questa \u00e8 la politica di rimborso di https:\/\/usimmigrationassistance.org\/ , gestita da TRAVEL MUNDO &#8211; FZCO ( noi\/nostro\/ci ). Accedendo al nostro sito web https:\/\/usimmigrationassistance.org\/ e utilizzando i nostri servizi, l&#8217;utente accetta di essere vincolato dalla presente informativa. TUTTE LE VENDITE SONO DEFINITIVE E NON RIMBORSABILI. Ci impegniamo a fornire servizi di alta qualit\u00e0 per assistere i nostri clienti ( voi\/vostro\/a\/i\/e ) durante tutto il loro processo di immigrazione. Tuttavia, una volta effettuato un acquisto, non verranno emessi rimborsi per nessun motivo. Questa politica si applica dal momento dell&#8217;acquisto, indipendentemente dal fatto che i servizi siano stati utilizzati completamente o meno. TERMINI DELLA POLITICA Acquistando i nostri servizi su https:\/\/usimmigrationassistance.org\/ , riconosci e accetti che tutti i servizi non sono rimborsabili e che qualsiasi richiesta di rimborso verr\u00e0 automaticamente respinta . Non ci sono eccezioni a questa regola, anche se la tua domanda non \u00e8 ancora stata presentata alle autorit\u00e0 competenti (Visto, ESTA o altro). Una volta approvati i documenti per l&#8217;invio dopo l&#8217;acquisto, si rinuncia irrevocabilmente a qualsiasi diritto di rimborso . In caso di errore materiale nella domanda, la rinvieremo senza costi aggiuntivi, ma non verr\u00e0 concesso alcun rimborso . In caso di problemi, ti invitiamo a contattarci immediatamente all&#8217;indirizzo support@usimmigrationassistance.org , in modo da poter risolvere la situazione o, in casi specifici a nostra discrezione, fornirti un credito per servizi futuri. TARIFFE NON RIMBORSABILI Le tasse pagate ad agenzie governative statunitensi o ad altri enti governativi non sono in alcun modo rimborsabili. Quando si effettua un pagamento al Dipartimento di Stato degli Stati Uniti o ad altre agenzie, si paga per un servizio governativo e tutte le tasse sono definitive e non rimborsabili , indipendentemente dall&#8217;esito della domanda. Inoltre, le spese pagate a terzi coinvolti nell&#8217;elaborazione della domanda (ad esempio medici legali, traduttori, ecc.) non sono rimborsabili e non danno diritto a un credito. AVVISO DI ADDEBITO Qualsiasi utilizzo di un chargeback per ottenere un rimborso al di fuori delle condizioni descritte in questa informativa \u00e8 considerato una violazione dei nostri termini e sar\u00e0 trattato con la massima severit\u00e0. Considereremo qualsiasi chargeback fraudolento e intraprenderemo immediatamente azioni legali. La frode di chargeback \u00e8 una forma di furto e furto con scasso . Gli individui riconosciuti colpevoli di frode di chargeback sono soggetti a sanzioni sia penali che civili. Secondo Nasir N. Pasha (Esq.), avvocato responsabile presso Pasha Law PC , &#8220;Le autorit\u00e0 possono perseguire penalmente gli individui anche per piccole somme, con accuse che vanno dal furto di lieve entit\u00e0 (meno di 50 dollari) al furto aggravato (oltre i 500 dollari e i 1.000 dollari)&#8221;. Segnaleremo qualsiasi tentativo di frode tramite addebito in conto agli elaboratori di pagamento e alle agenzie governative competenti e potrebbero essere applicate sanzioni severe, incluso il divieto di ingresso nel Paese di destinazione. GARANZIA In caso di dubbi sulla corretta presentazione della domanda, vi invitiamo a contattarci immediatamente all&#8217;indirizzo support@usimmigrationassistance.org . Tuttavia, si prega di notare che non offriamo rimborsi una volta acquistati i servizi, come previsto dai termini di questa politica. In alcuni casi, potremmo concedere un credito per servizi futuri a nostra discrezione. GARANZIA DI SODDISFAZIONE Sebbene ci impegniamo a fornire un servizio di qualit\u00e0, la nostra garanzia di soddisfazione \u00e8 limitata ai problemi causati direttamente da https:\/\/usimmigrationassistance.org\/ prima del tuo arrivo negli Stati Uniti. Questa garanzia non include alcun rimborso , ma pu\u00f2 offrire un credito per servizi futuri in casi molto specifici, previa attenta valutazione. Qualsiasi richiesta di accredito per servizi futuri deve essere presentata entro 14 giorni dall&#8217;acquisto . Si prega di notare che non saranno accettate richieste di rimborso e che l&#8217;accredito verr\u00e0 concesso solo in circostanze specifiche, a discrezione di https:\/\/usimmigrationassistance.org\/ . ESCLUSIONI ALLA GARANZIA DI SODDISFAZIONE Non possiamo, in nessun caso, garantire i risultati o le decisioni delle agenzie governative statunitensi in merito alla tua domanda. Ritardi o rifiuti da parte delle agenzie governative sono al di fuori del nostro controllo e non danno diritto ad alcun rimborso . Questa garanzia non sar\u00e0 valida se hai fornito informazioni fuorvianti o hai gi\u00e0 richiesto uno storno di addebito alla tua banca. DISCLAIMER Utilizzando i nostri servizi, accetti e comprendi che siamo un fornitore privato di servizi tecnologici di viaggio basati su Internet. Ci dedichiamo ad aiutare le persone a viaggiare negli Stati Uniti d&#8217;America. https:\/\/usimmigrationassistance.org\/ non \u00e8 uno studio legale e non sostituisce la consulenza legale di un professionista qualificato. https:\/\/usimmigrationassistance.org\/ non \u00e8 affiliato n\u00e9 approvato dallo United States Citizenship and Immigration Services (USCIS) o da qualsiasi altra agenzia governativa. NOTA : I moduli di immigrazione vuoti con istruzioni scritte per tutti i visti sono disponibili gratuitamente sul sito web dell&#8217;USCIS . L&#8217;utilizzo del sito web https:\/\/usimmigrationassistance.org\/ e dei suoi servizi \u00e8 soggetto alla nostra Informativa sulla privacy , ai Termini di servizio e alle Condizioni d&#8217;uso . DETTAGLI SULLE TARIFFE &#8211; SOLO A SCOPO INFORMATIVO Costi per i visti USA Tutti i richiedenti un visto per gli Stati Uniti sono tenuti a pagare una tassa per il visto all&#8217;ente emittente del governo statunitense. L&#8217;importo della tassa per la domanda di visto e le relative tempistiche dipendono dal tipo di visto richiesto. Prima di richiedere un visto, \u00e8 necessario determinare quale visto soddisfa le proprie esigenze di viaggio e quale ente emittente del governo statunitense addebita le spese di elaborazione per tale visto. Per informazioni, contattare support@usimmigrationassistance.org . Tariffa MRV La tassa per il visto \u00e8 anche chiamata tassa consolare o tassa di richiesta ed \u00e8 ufficialmente nota come &#8221; Machine Readable Visa (MRV) Fee &#8220;. La tassa consolare \u00e8 richiesta per ogni domanda di visto. Solo dopo aver pagato la tassa per il visto \u00e8 possibile fissare un appuntamento per un colloquio consolare presso un consolato o un&#8217;ambasciata statunitense. Si prega di notare che le tariffe MRV (Visa) non sono rimborsabili n\u00e9 trasferibili . Se la domanda di visto viene ritirata o il visto statunitense viene rifiutato, il richiedente non ricever\u00e0 alcun rimborso . Inoltre, la tariffa del visto non \u00e8 trasferibile ad<\/p>\n","protected":false},"author":3,"featured_media":0,"parent":0,"menu_order":0,"comment_status":"closed","ping_status":"closed","template":"","meta":{"footnotes":""},"class_list":["post-24981","page","type-page","status-publish","hentry"],"_links":{"self":[{"href":"https:\/\/usimmigrationassistance.org\/it\/wp-json\/wp\/v2\/pages\/24981","targetHints":{"allow":["GET"]}}],"collection":[{"href":"https:\/\/usimmigrationassistance.org\/it\/wp-json\/wp\/v2\/pages"}],"about":[{"href":"https:\/\/usimmigrationassistance.org\/it\/wp-json\/wp\/v2\/types\/page"}],"author":[{"embeddable":true,"href":"https:\/\/usimmigrationassistance.org\/it\/wp-json\/wp\/v2\/users\/3"}],"replies":[{"embeddable":true,"href":"https:\/\/usimmigrationassistance.org\/it\/wp-json\/wp\/v2\/comments?post=24981"}],"version-history":[{"count":11,"href":"https:\/\/usimmigrationassistance.org\/it\/wp-json\/wp\/v2\/pages\/24981\/revisions"}],"predecessor-version":[{"id":30709,"href":"https:\/\/usimmigrationassistance.org\/it\/wp-json\/wp\/v2\/pages\/24981\/revisions\/30709"}],"wp:attachment":[{"href":"https:\/\/usimmigrationassistance.org\/it\/wp-json\/wp\/v2\/media?parent=24981"}],"curies":[{"name":"wp","href":"https:\/\/api.w.org\/{rel}","templated":true}]}}