{"id":25065,"date":"2025-03-18T07:04:18","date_gmt":"2025-03-18T06:04:18","guid":{"rendered":"https:\/\/usimmigrationassistance.org\/termini-di-servizio"},"modified":"2025-05-28T18:53:38","modified_gmt":"2025-05-28T14:53:38","slug":"termini-di-servizio","status":"publish","type":"page","link":"https:\/\/usimmigrationassistance.org\/it\/termini-di-servizio\/","title":{"rendered":"Termini di servizio"},"content":{"rendered":"\t\t<div data-elementor-type=\"wp-page\" data-elementor-id=\"25065\" class=\"elementor elementor-25065 elementor-869\" data-elementor-post-type=\"page\">\n\t\t\t\t<div class=\"elementor-element elementor-element-38977736 e-flex e-con-boxed wpr-particle-no wpr-jarallax-no wpr-parallax-no wpr-sticky-section-no e-con e-parent\" data-id=\"38977736\" data-element_type=\"container\">\n\t\t\t\t\t<div class=\"e-con-inner\">\n\t\t<div class=\"elementor-element elementor-element-95d71bf e-con-full e-flex wpr-particle-no wpr-jarallax-no wpr-parallax-no wpr-sticky-section-no e-con e-child\" data-id=\"95d71bf\" data-element_type=\"container\">\n\t\t\t\t<div class=\"elementor-element elementor-element-06e6898 elementor-widget elementor-widget-heading\" data-id=\"06e6898\" data-element_type=\"widget\" data-widget_type=\"heading.default\">\n\t\t\t\t<div class=\"elementor-widget-container\">\n\t\t\t\t\t<h2 class=\"elementor-heading-title elementor-size-default\">Termini di servizio<\/h2>\t\t\t\t<\/div>\n\t\t\t\t<\/div>\n\t\t\t\t<\/div>\n\t\t<div class=\"elementor-element elementor-element-30dafa5 e-con-full e-flex wpr-particle-no wpr-jarallax-no wpr-parallax-no wpr-sticky-section-no e-con e-child\" data-id=\"30dafa5\" data-element_type=\"container\" data-settings=\"{&quot;background_background&quot;:&quot;classic&quot;}\">\n\t\t\t\t<div class=\"elementor-element elementor-element-20545007 elementor-widget elementor-widget-text-editor\" data-id=\"20545007\" data-element_type=\"widget\" data-widget_type=\"text-editor.default\">\n\t\t\t\t<div class=\"elementor-widget-container\">\n\t\t\t\t\t\t\t\t\t<p>1. Comprendo e accetto che <a href=\"https:\/\/usimmigrationassistance.org\/it\">https:\/\/usimmigrationassistance.org\/<\/a> di TR\u0410VEL MUNDO &#8211; FZCO (&#8220;TR\u0410VEL MUNDO &#8211; FZCO&#8221;) non \u00e8 uno studio legale n\u00e9 un avvocato, non pu\u00f2 fornire servizi svolti da un avvocato e i suoi moduli o modelli non sostituiscono la consulenza o i servizi di un avvocato. Piuttosto, rappresento me stesso in questa questione legale. Non si crea alcun rapporto avvocato-cliente o privilegio con l&#8217;utilizzo di TR\u0410VEL MUNDO &#8211; FZCO o del suo sito web situato all&#8217;indirizzo <a href=\"https:\/\/usimmigrationassistance.org\/it\">https:\/\/usimmigrationassistance.org\/<\/a> (il nostro &#8221; <strong>sito<\/strong> &#8220;). La tua visita e\/o utilizzo di questo sito web indica che accetti e comprendi chiaramente le <a href=\"https:\/\/usimmigrationassistance.org\/it\/disclaimer-legale\/\" target=\"_blank\" rel=\"noreferrer noopener\">Avvertenze<\/a> , <a href=\"https:\/\/usimmigrationassistance.org\/it\/terms_of_use\/\" target=\"_blank\" rel=\"noreferrer noopener\">i Termini di utilizzo<\/a> , le Norme <a href=\"https:\/\/usimmigrationassistance.org\/it\/politica-sulla-riservatezza\/\" target=\"_blank\" rel=\"noreferrer noopener\">sulla privacy<\/a> e sui <a href=\"https:\/\/usimmigrationassistance.org\/it\/politica-di-rimborso\/\" target=\"_blank\" rel=\"noreferrer noopener\">rimborsi<\/a> indicati su questo sito.   <\/p>\n<p><\/p>\n<p>2. Se, prima del mio acquisto, ritengo che TR\u0410VEL MUNDO &#8211; FZCO mi abbia fornito consulenza, opinione o raccomandazione legale sui miei diritti legali, rimedi, difese, opzioni, selezione di moduli o strategie, non proceder\u00f2 con questo acquisto e qualsiasi acquisto che effettuer\u00f2 sar\u00e0 nullo e non valido.<\/p>\n<p><\/p>\n<p>3. Comprendo che le presenti Condizioni di servizio contengono un accordo di arbitrato vincolante su base individuale per risolvere le controversie, anzich\u00e9 processi con giuria o azioni collettive, e limitano anche i rimedi a mia disposizione in caso di controversia come descritto nelle Condizioni d&#8217;uso di TR\u0410VEL MUNDO &#8211; FZCO, disponibili all&#8217;indirizzo <a href=\"https:\/\/usimmigrationassistance.org\/it\/terms_of_use\/\">https:\/\/usimmigrationassistance.org\/terms_of_use\/<\/a> .<\/p>\n<p><\/p>\n<p>4. COMPRENDO CHE LA REVISIONE DELLE MIE RISPOSTE DA PARTE DI TRAVEL MUNDO &#8211; FZCO \u00c8 LIMITATA ALLA COMPLETEZZA, ALL&#8217;ORTOGRAFIA E ALLA COERENZA INTERNA DI NOMI, INDIRIZZI E SIMILI. LEGGERO&#8217; IL\/I DOCUMENTO\/I FINALE\/I PRIMA DI FIRMARLO\/I, OVE APPLICABILE, E ACCETTO DI ESSERE L&#8217;UNICO RESPONSABILE DEL\/I DOCUMENTO\/I FINALE\/I E DEL SUO\/SUO CONTENUTO. <\/p>\n<p><\/p>\n<p>5. Accuratezza delle informazioni e consenso di terze parti<\/p>\n<p><\/p>\n<p>Per quanto a mia conoscenza, ho fornito informazioni accurate a TR\u0410VEL MUNDO &#8211; FZCO e al Sito e ho ottenuto tutti i consensi di terze parti richiesti per il mio ordine.<\/p>\n<p><\/p>\n<p>6. Documenti e firme elettroniche<\/p>\n<p><\/p>\n<p>Acconsento a TR\u0410VEL MUNDO &#8211; FZCO e al Sito ad apporre la mia firma elettronica ove richiesto per l&#8217;archiviazione dei miei documenti. Sono consapevole di poter revocare il mio consenso, a condizione che i miei documenti non siano gi\u00e0 stati archiviati, contattando il nostro Team di Supporto Globale all&#8217;indirizzo <a href=\"mailto:support@usimmigrationassistance.org\">support@usimmigrationassistance.org<\/a> . <\/p>\n<p><\/p>\n<p>7. Clienti non anglofoni<\/p>\n<p><\/p>\n<p>Sono consapevole che alcuni materiali presenti sul sito TR\u0410VEL MUNDO &#8211; FZCO, inclusi, a titolo esemplificativo ma non esaustivo, questionari, documenti, istruzioni e archivi, sono disponibili solo in inglese. Le traduzioni in altre lingue dei presenti Termini, nonch\u00e9 di altri termini, condizioni e policy, sono fornite esclusivamente per comodit\u00e0. In caso di ambiguit\u00e0 o conflitti tra le traduzioni, la versione inglese \u00e8 quella che fa fede.  <\/p>\n<p><\/p>\n<p>8. Limitazione di responsabilit\u00e0 e indennizzo<\/p>\n<p><\/p>\n<p>SALVO QUANTO VIETATO DALLA LEGGE, TERR\u00d2VEL MUNDO &#8211; FZCO E I SUOI FUNZIONARI, DIRETTORI, DIPENDENTI E AGENTI INDENNI PER QUALSIASI DANNO INDIRETTO, PUNITIVO, SPECIALE, ACCIDENTALE O CONSEGUENTE, COMUNQUE SI VERIFICHI (COMPRESE LE SPESE LEGALI E TUTTI I COSTI E LE SPESE CORRELATI DI CONTENZIOSO E ARBITRATO, O IN PROCESSO O IN APPELLO, SE PRESENTI, INDIPENDENTEMENTE DAL FATTO CHE IL CONTENZIOSO O L&#8217;ARBITRATO VENGANO ISTITUITI), SIA IN UN&#8217;AZIONE CONTRATTUALE, DI NEGLIGENZA O ALTRO ATTO ILLECITO, O DERIVANTE DA O IN RELAZIONE AL PRESENTE CONTRATTO, COMPRESO SENZA LIMITAZIONE QUALSIASI RICHIESTA DI LESIONI PERSONALI O DANNI ALLA PROPRIET\u00c0, DERIVANTE DAL PRESENTE CONTRATTO E QUALSIASI VIOLAZIONE DA PARTE MIA DI QUALSIASI LEGGE, STATUTO, NORMA O REGOLAMENTO FEDERALE, STATALE O LOCALE, ANCHE NEL CASO IN CUI TRAVEL MUNDO &#8211; FZCO SIA STATA PRECEDENTEMENTE INFORMATA DELLA POSSIBILIT\u00c0 DI TALE DANNO. SALVO QUANTO VIETATO DALLA LEGGE, QUALORA VI SIA UNA RESPONSABILIT\u00c0 DA PARTE DI TRAVEL MUNDO &#8211; FZCO, QUESTA SAR\u00c0 LIMITATA ALL&#8217;IMPORTO PAGATO PER I PRODOTTI E\/O I SERVIZI E IN NESSUN CASO SI VERIFICHERANNO DANNI CONSEGUENTI O PUNITIVI. ALCUNI STATI O TERRITORI NON CONSENTONO L&#8217;ESCLUSIONE O LA LIMITAZIONE DEI DANNI PUNITIVI, ACCIDENTALI O CONSEGUENTI, PERTANTO LA PRECEDENTE LIMITAZIONE O ESCLUSIONE POTREBBE NON ESSERE APPLICABILE A ME. QUESTO PARAGRAFO NON SI APPLICA AI CONSUMATORI DELLA CAROLINA DEL NORD.   <\/p>\n<p><\/p>\n<p>9. Termini di utilizzo<\/p>\n<p><\/p>\n<p>Comprendo che le condizioni generali di utilizzo del Sito (le &#8221; <a href=\"https:\/\/usimmigrationassistance.org\/it\/terms_of_use\/\" target=\"_blank\" rel=\"noreferrer noopener\">Condizioni di utilizzo<\/a> &#8220;) si applicano anche alle presenti Condizioni di servizio e, accettando le presenti Condizioni di servizio, riconosco di aver letto e di accettare tali Condizioni di utilizzo, che sono qui incorporate per riferimento.<\/p>\n<p><\/p>\n<p>10. Termini aggiuntivi<\/p>\n<p><\/p>\n<p>Sono consapevole che il mio acquisto potrebbe essere soggetto a termini e condizioni aggiuntivi. Se applicabile, dichiaro di aver letto e di accettare i termini supplementari, qui incorporati per riferimento. <\/p>\n<p><\/p>\n<p>11. Servizi di terze parti<\/p>\n<p><\/p>\n<p>Se ho acquistato un prodotto che include servizi di terze parti, comprendo che potrebbe essermi richiesto di accettare termini e condizioni aggiuntivi disponibili sul sito di tali terze parti. La terza parte potrebbe contattarmi via e-mail con istruzioni su come accedere ai miei vantaggi. TR\u0410VEL MUNDO &#8211; FZCO DECLINA OGNI RESPONSABILIT\u00c0 PER QUALSIASI INFORMAZIONE, MATERIALE, PRODOTTO O SERVIZIO PUBBLICATO O OFFERTO COME PARTE DI QUALSIASI SERVIZIO DI TERZE PARTI. TR\u0410VEL MUNDO &#8211; FZCO NON \u00c8 RESPONSABILE PER QUALSIASI INADEMPIMENTO DI PRODOTTI O SERVIZI OFFERTI O PUBBLICIZZATI SU TALI SITI. UNA TERZA PARTE POTREBBE AVERE UN&#8217;INFORMATIVA SULLA PRIVACY DIVERSA DA QUELLA DI TR\u0410VEL MUNDO &#8211; FZCO E IL SITO WEB DI TERZE PARTI POTREBBE OFFRIRE UN LIVELLO DI SICUREZZA INFERIORE RISPETTO AL SITO DI TR\u0410VEL MUNDO &#8211; FZCO.    <\/p>\n<p><\/p>\n<p>12. Prodotti e servizi futuri<\/p>\n<p><\/p>\n<p>Se scelgo di aggiungere un prodotto o un servizio al mio ordine successivamente a questo acquisto iniziale in un acquisto futuro, le presenti Condizioni di servizio si applicheranno anche a tale acquisto aggiuntivo di prodotto o servizio.<\/p>\n<p><\/p>\n<p>13. Politica di rimborso<\/p>\n<p><\/p>\n<p>Sono consapevole che TR\u0410VEL MUNDO &#8211; FZCO ha una Politica di Rimborso chiaramente definita, qui incorporata nei presenti Termini di Servizio. I termini della Politica di Rimborso sono accessibili all&#8217;indirizzo &nbsp;<a href=\"https:\/\/usimmigrationassistance.org\/it\/politica-di-rimborso\/\" target=\"_blank\">https:\/\/usimmigrationassistance.org\/refund_policy\/<\/a> .<\/p>\n<p><\/p>\n<p>14. Account sospesi<\/p>\n<p><\/p>\n<p>Accetti che abbiamo il diritto, ma non l&#8217;obbligo, di monitorare, sospendere, terminare, modificare, divulgare, rifiutare di pubblicare o rimuovere in qualsiasi momento, per qualsiasi motivo e a nostra esclusiva discrezione, qualsiasi materiale, contenuto e\/o attivit\u00e0 presente su questo Sito. Nonostante questo diritto, non esaminiamo e non possiamo esaminare tutto il materiale inviato a questo Sito. Se avvisati, potremmo indagare su un&#8217;accusa secondo cui il contenuto trasmessoci viola i presenti Termini di Utilizzo e decidere se rimuovere la comunicazione. Tuttavia, non abbiamo alcun obbligo di rimuovere il contenuto e non ci assumiamo alcuna responsabilit\u00e0 derivante da o relativa a qualsiasi azione o contenuto trasmesso da o tra te o terze parti all&#8217;interno o all&#8217;esterno di questo Sito, inclusi, a titolo esemplificativo ma non esaustivo, qualsiasi errore, diffamazione, calunnia, calunnia, omissione, falsit\u00e0, oscenit\u00e0, pornografia, blasfemia, pericolo o inesattezza ivi contenuti.   <\/p>\n<p><\/p>\n<p>15. RISOLUZIONE DELLE CONTROVERSIE MEDIANTE ARBITRATO VINCOLANTE<\/p>\n<p><\/p>\n<p>Si prega di leggere attentamente quanto segue. Riguarda i vostri diritti. <\/p>\n<p><\/p>\n<p><strong>(a) Arbitrato e sede<\/strong><\/p>\n<p><\/p>\n<p>Qualsiasi controversia relativa in qualsiasi modo alla vostra visita a questo Sito sar\u00e0 sottoposta ad arbitrato confidenziale negli Emirati Arabi Uniti, fatta eccezione per la violazione o la minaccia di violazione dei nostri diritti di propriet\u00e0 intellettuale da parte vostra, che ci autorizza a richiedere un provvedimento ingiuntivo o altro provvedimento appropriato in qualsiasi tribunale statale o federale, e voi acconsentite alla giurisdizione e alla competenza territoriale di tali tribunali. L&#8217;arbitrato ai sensi delle presenti Condizioni d&#8217;Uso sar\u00e0 condotto secondo le regole vigenti del Dubai International Arbitration Centre (DIAC), in conformit\u00e0 con il suo Regolamento di Arbitrato DIAC e dinanzi a un arbitro unico. <\/p>\n<p><\/p>\n<p>In definitiva, l&#8217;arbitro prescelto deve possedere competenza nell&#8217;oggetto della controversia. Le spese dell&#8217;arbitrato addebitate dall&#8217;arbitro saranno a carico della parte prevalente o altrimenti opportunamente ripartite tra le parti dall&#8217;arbitro a sua discrezione. Tuttavia, per ogni altro aspetto, ciascuna parte sosterr\u00e0 e sosterr\u00e0 le proprie spese, onorari, spese legali e spese. L&#8217;arbitrato dovr\u00e0 essere completato entro centoventi (120) giorni dalla notifica o dal deposito di una domanda di arbitrato presso il Dubai International Arbitration Centre (a seconda di quale evento si verifichi per primo).   <\/p>\n<p><\/p>\n<p><strong>(b) Arbitrato finale<\/strong><\/p>\n<p><\/p>\n<p>Il lodo arbitrale sar\u00e0 vincolante e potr\u00e0 essere depositato come sentenza presso qualsiasi tribunale competente negli Emirati Arabi Uniti. Le testimonianze, le prove, il lodo e tutta la documentazione relativa a qualsiasi arbitrato saranno considerate informazioni riservate. Nessuna delle parti potr\u00e0 utilizzare, divulgare o divulgare tali informazioni, salvo quanto diversamente previsto dalla legge.  <\/p>\n<p><\/p>\n<p><strong>(c) Azione collettiva<\/strong><\/p>\n<p><\/p>\n<p>Rinuncia Nella misura massima consentita dalla legge applicabile, nessun arbitrato ai sensi delle presenti Condizioni d&#8217;Uso potr\u00e0 essere unito a un arbitrato che coinvolga qualsiasi altra parte soggetta alle presenti Condizioni d&#8217;Uso, sia tramite un procedimento arbitrale collettivo che in altro modo. L&#8217;utente accetta un arbitrato su base individuale. In caso di controversia, N\u00c9 L&#8217;UTENTE N\u00c9 NOI AVREMO IL DIRITTO DI UNIRE O CONSOLIDARE I RECLAMI DI O CONTRO ALTRI UTENTI IN TRIBUNALE O IN ARBITRATO, O DI PARTECIPARE IN ALTRO MODO A QUALSIASI RECLAMO IN QUALIT\u00c0 DI RAPPRESENTANTE DI UNA CLASSE, MEMBRO DI UNA CLASSE O IN QUALIT\u00c0 DI PROCURATORE GENERALE PRIVATO. Il tribunale arbitrale non pu\u00f2 consolidare i reclami di pi\u00f9 di una (1) persona e non pu\u00f2 altrimenti presiedere alcuna forma di procedimento rappresentativo o collettivo. Il tribunale arbitrale non ha il potere di valutare l&#8217;esecutivit\u00e0 di questa rinuncia all&#8217;arbitrato collettivo e qualsiasi contestazione alla rinuncia all&#8217;arbitrato collettivo pu\u00f2 essere presentata esclusivamente presso un tribunale competente. Utilizzando questo sito, l&#8217;utente dichiara di essere d&#8217;accordo con la suddetta rinuncia.     <\/p>\n<p><\/p>\n<p>16. Spese di deposito<\/p>\n<p><\/p>\n<p>I prezzi di acquisto indicati per i servizi di assistenza alla preparazione delle domande NON includono le spese per la presentazione delle domande governative, le spese per la visita medica, la presentazione o i dati biometrici. Le spese governative non sono rimborsabili. Consultare la Politica di Rimborso, accessibile all&#8217;indirizzo  &nbsp;<span style=\"text-align: var(--text-align);\"><span style=\"color: #4c5eff;\"><u><a href=\"https:\/\/usimmigrationassistance.org\/it\/politica-di-rimborso\/\">https:\/\/usimmigrationassistance.org\/refund_policy\/<\/a><\/u><\/span><\/span><\/p>\n<p><\/p>\n<p>17. Recensioni<\/p>\n<p><\/p>\n<p>Dopo l&#8217;acquisto, potresti ricevere una richiesta di sondaggio via e-mail da TAVEL MUNDO &#8211; FZCO. Puoi anche scrivere una recensione sul Sito. Se completi il sondaggio o invii una recensione, le tue opinioni potrebbero essere pubblicate, in tutto o in parte, sul Sito o utilizzate in materiale di marketing. La recensione potrebbe essere corredata da informazioni identificative limitate, come il tuo nome e l&#8217;iniziale del cognome, il prodotto acquistato, il tuo sesso, la tua citt\u00e0 e\/o stato e la tua fascia d&#8217;et\u00e0.   <\/p>\n<p><\/p>\n<p>18. Accesso al World Wide Web; ritardi di Internet<\/p>\n<p><\/p>\n<p>Per utilizzare i servizi di TR\u0410VEL MUNDO &#8211; FZCO, devo ottenere l&#8217;accesso al World Wide Web, direttamente o tramite dispositivi che accedono a contenuti web e pagare le eventuali tariffe di servizio associate a tale accesso. Sono responsabile della fornitura di tutte le attrezzature necessarie per effettuare tale connessione al World Wide Web, inclusi un computer e un accesso a Internet. L&#8217;accesso ad alcuni servizi di TR\u0410VEL MUNDO &#8211; FZCO potrebbe essere limitato o ritardato a causa di problemi inerenti all&#8217;uso di Internet e delle comunicazioni elettroniche. Sono consapevole che TR\u0410VEL MUNDO &#8211; FZCO non \u00e8 responsabile per ritardi, mancate consegne o altri danni derivanti da tali problemi.   <\/p>\n<p><\/p>\n<p>19. Forza maggiore<\/p>\n<p><\/p>\n<p>TR\u0410VEL MUNDO &#8211; FZCO non sar\u00e0 considerata inadempiente o inadempiente ai sensi dei presenti Termini di Servizio o di qualsiasi contratto stipulato con me o con qualsiasi altro utente, e non sar\u00e0 responsabile nei miei confronti per qualsiasi cessazione, interruzione o ritardo nell&#8217;adempimento dei propri obblighi ai sensi del presente documento a causa di terremoti, inondazioni, incendi, tempeste, fulmini, siccit\u00e0, frane, uragani, cicloni, tifoni, tornado, calamit\u00e0 naturali, calamit\u00e0 naturali o causate da nemici pubblici, epidemie, pandemie, carestie o pestilenze, azioni di un tribunale o di un&#8217;autorit\u00e0 pubblica, modifiche legislative, esplosioni, guerre, terrorismo, conflitti armati, scioperi, serrate, boicottaggi o eventi simili al di fuori del nostro ragionevole controllo, previsti o imprevisti (ciascuno un &#8220;Evento di Forza Maggiore&#8221;). Se un Evento di Forza Maggiore si protrae per un totale di oltre 60 giorni, TR\u0410VEL MUNDO &#8211; FZCO pu\u00f2 recedere immediatamente dai presenti Termini di Servizio e non avr\u00e0 alcuna responsabilit\u00e0 nei miei confronti per o in conseguenza di tale rescissione. <\/p>\n<p><\/p>\n<p>20. Diritto di rifiuto<\/p>\n<p><\/p>\n<p>Sono consapevole che TR\u0410VEL MUNDO &#8211; FZCO si riserva il diritto di rifiutare il servizio a chiunque.<\/p>\n<p><\/p>\n<p>21. Conferma del pagamento<\/p>\n<p><\/p>\n<p>Una volta effettuato il pagamento, la notifica di conferma verr\u00e0 inviata al cliente via e-mail entro 24 ore dalla ricezione del pagamento.<\/p>\n<p><\/p>\n<p>22. Consegna\/Spedizione<\/p>\n<p><\/p>\n<p>L&#8217;US Immigration Assistance fornisce servizi digitali che vengono forniti elettronicamente all&#8217;indirizzo email fornito dal cliente. L&#8217;erogazione dei servizi pu\u00f2 richiedere da poche ore a diversi giorni, a seconda della natura del servizio richiesto. <\/p>\n<p><\/p>\n<p>23. Sono consapevole che i presenti termini incidono sui miei diritti e obblighi legali. Se non accetto di essere vincolato da tutti i presenti termini, non utilizzer\u00f2 questo servizio. Procedendo con l&#8217;acquisto, accetto i presenti <a href=\"https:\/\/usimmigrationassistance.org\/it\/termini-di-servizio\/\" target=\"_blank\" rel=\"noreferrer noopener\">Termini di Servizio<\/a> .  <\/p>\n<p><\/p>\t\t\t\t\t\t\t\t<\/div>\n\t\t\t\t<\/div>\n\t\t\t\t<\/div>\n\t\t\t\t\t<\/div>\n\t\t\t\t<\/div>\n\t\t\t\t<\/div>\n\t\t","protected":false},"excerpt":{"rendered":"<p>Termini di servizio 1. Comprendo e accetto che https:\/\/usimmigrationassistance.org\/ di TR\u0410VEL MUNDO &#8211; FZCO (&#8220;TR\u0410VEL MUNDO &#8211; FZCO&#8221;) non \u00e8 uno studio legale n\u00e9 un avvocato, non pu\u00f2 fornire servizi svolti da un avvocato e i suoi moduli o modelli non sostituiscono la consulenza o i servizi di un avvocato. Piuttosto, rappresento me stesso in questa questione legale. Non si crea alcun rapporto avvocato-cliente o privilegio con l&#8217;utilizzo di TR\u0410VEL MUNDO &#8211; FZCO o del suo sito web situato all&#8217;indirizzo https:\/\/usimmigrationassistance.org\/ (il nostro &#8221; sito &#8220;). La tua visita e\/o utilizzo di questo sito web indica che accetti e comprendi chiaramente le Avvertenze , i Termini di utilizzo , le Norme sulla privacy e sui rimborsi indicati su questo sito. 2. Se, prima del mio acquisto, ritengo che TR\u0410VEL MUNDO &#8211; FZCO mi abbia fornito consulenza, opinione o raccomandazione legale sui miei diritti legali, rimedi, difese, opzioni, selezione di moduli o strategie, non proceder\u00f2 con questo acquisto e qualsiasi acquisto che effettuer\u00f2 sar\u00e0 nullo e non valido. 3. Comprendo che le presenti Condizioni di servizio contengono un accordo di arbitrato vincolante su base individuale per risolvere le controversie, anzich\u00e9 processi con giuria o azioni collettive, e limitano anche i rimedi a mia disposizione in caso di controversia come descritto nelle Condizioni d&#8217;uso di TR\u0410VEL MUNDO &#8211; FZCO, disponibili all&#8217;indirizzo https:\/\/usimmigrationassistance.org\/terms_of_use\/ . 4. COMPRENDO CHE LA REVISIONE DELLE MIE RISPOSTE DA PARTE DI TRAVEL MUNDO &#8211; FZCO \u00c8 LIMITATA ALLA COMPLETEZZA, ALL&#8217;ORTOGRAFIA E ALLA COERENZA INTERNA DI NOMI, INDIRIZZI E SIMILI. LEGGERO&#8217; IL\/I DOCUMENTO\/I FINALE\/I PRIMA DI FIRMARLO\/I, OVE APPLICABILE, E ACCETTO DI ESSERE L&#8217;UNICO RESPONSABILE DEL\/I DOCUMENTO\/I FINALE\/I E DEL SUO\/SUO CONTENUTO. 5. Accuratezza delle informazioni e consenso di terze parti Per quanto a mia conoscenza, ho fornito informazioni accurate a TR\u0410VEL MUNDO &#8211; FZCO e al Sito e ho ottenuto tutti i consensi di terze parti richiesti per il mio ordine. 6. Documenti e firme elettroniche Acconsento a TR\u0410VEL MUNDO &#8211; FZCO e al Sito ad apporre la mia firma elettronica ove richiesto per l&#8217;archiviazione dei miei documenti. Sono consapevole di poter revocare il mio consenso, a condizione che i miei documenti non siano gi\u00e0 stati archiviati, contattando il nostro Team di Supporto Globale all&#8217;indirizzo support@usimmigrationassistance.org . 7. Clienti non anglofoni Sono consapevole che alcuni materiali presenti sul sito TR\u0410VEL MUNDO &#8211; FZCO, inclusi, a titolo esemplificativo ma non esaustivo, questionari, documenti, istruzioni e archivi, sono disponibili solo in inglese. Le traduzioni in altre lingue dei presenti Termini, nonch\u00e9 di altri termini, condizioni e policy, sono fornite esclusivamente per comodit\u00e0. In caso di ambiguit\u00e0 o conflitti tra le traduzioni, la versione inglese \u00e8 quella che fa fede. 8. Limitazione di responsabilit\u00e0 e indennizzo SALVO QUANTO VIETATO DALLA LEGGE, TERR\u00d2VEL MUNDO &#8211; FZCO E I SUOI FUNZIONARI, DIRETTORI, DIPENDENTI E AGENTI INDENNI PER QUALSIASI DANNO INDIRETTO, PUNITIVO, SPECIALE, ACCIDENTALE O CONSEGUENTE, COMUNQUE SI VERIFICHI (COMPRESE LE SPESE LEGALI E TUTTI I COSTI E LE SPESE CORRELATI DI CONTENZIOSO E ARBITRATO, O IN PROCESSO O IN APPELLO, SE PRESENTI, INDIPENDENTEMENTE DAL FATTO CHE IL CONTENZIOSO O L&#8217;ARBITRATO VENGANO ISTITUITI), SIA IN UN&#8217;AZIONE CONTRATTUALE, DI NEGLIGENZA O ALTRO ATTO ILLECITO, O DERIVANTE DA O IN RELAZIONE AL PRESENTE CONTRATTO, COMPRESO SENZA LIMITAZIONE QUALSIASI RICHIESTA DI LESIONI PERSONALI O DANNI ALLA PROPRIET\u00c0, DERIVANTE DAL PRESENTE CONTRATTO E QUALSIASI VIOLAZIONE DA PARTE MIA DI QUALSIASI LEGGE, STATUTO, NORMA O REGOLAMENTO FEDERALE, STATALE O LOCALE, ANCHE NEL CASO IN CUI TRAVEL MUNDO &#8211; FZCO SIA STATA PRECEDENTEMENTE INFORMATA DELLA POSSIBILIT\u00c0 DI TALE DANNO. SALVO QUANTO VIETATO DALLA LEGGE, QUALORA VI SIA UNA RESPONSABILIT\u00c0 DA PARTE DI TRAVEL MUNDO &#8211; FZCO, QUESTA SAR\u00c0 LIMITATA ALL&#8217;IMPORTO PAGATO PER I PRODOTTI E\/O I SERVIZI E IN NESSUN CASO SI VERIFICHERANNO DANNI CONSEGUENTI O PUNITIVI. ALCUNI STATI O TERRITORI NON CONSENTONO L&#8217;ESCLUSIONE O LA LIMITAZIONE DEI DANNI PUNITIVI, ACCIDENTALI O CONSEGUENTI, PERTANTO LA PRECEDENTE LIMITAZIONE O ESCLUSIONE POTREBBE NON ESSERE APPLICABILE A ME. QUESTO PARAGRAFO NON SI APPLICA AI CONSUMATORI DELLA CAROLINA DEL NORD. 9. Termini di utilizzo Comprendo che le condizioni generali di utilizzo del Sito (le &#8221; Condizioni di utilizzo &#8220;) si applicano anche alle presenti Condizioni di servizio e, accettando le presenti Condizioni di servizio, riconosco di aver letto e di accettare tali Condizioni di utilizzo, che sono qui incorporate per riferimento. 10. Termini aggiuntivi Sono consapevole che il mio acquisto potrebbe essere soggetto a termini e condizioni aggiuntivi. Se applicabile, dichiaro di aver letto e di accettare i termini supplementari, qui incorporati per riferimento. 11. Servizi di terze parti Se ho acquistato un prodotto che include servizi di terze parti, comprendo che potrebbe essermi richiesto di accettare termini e condizioni aggiuntivi disponibili sul sito di tali terze parti. La terza parte potrebbe contattarmi via e-mail con istruzioni su come accedere ai miei vantaggi. TR\u0410VEL MUNDO &#8211; FZCO DECLINA OGNI RESPONSABILIT\u00c0 PER QUALSIASI INFORMAZIONE, MATERIALE, PRODOTTO O SERVIZIO PUBBLICATO O OFFERTO COME PARTE DI QUALSIASI SERVIZIO DI TERZE PARTI. TR\u0410VEL MUNDO &#8211; FZCO NON \u00c8 RESPONSABILE PER QUALSIASI INADEMPIMENTO DI PRODOTTI O SERVIZI OFFERTI O PUBBLICIZZATI SU TALI SITI. UNA TERZA PARTE POTREBBE AVERE UN&#8217;INFORMATIVA SULLA PRIVACY DIVERSA DA QUELLA DI TR\u0410VEL MUNDO &#8211; FZCO E IL SITO WEB DI TERZE PARTI POTREBBE OFFRIRE UN LIVELLO DI SICUREZZA INFERIORE RISPETTO AL SITO DI TR\u0410VEL MUNDO &#8211; FZCO. 12. Prodotti e servizi futuri Se scelgo di aggiungere un prodotto o un servizio al mio ordine successivamente a questo acquisto iniziale in un acquisto futuro, le presenti Condizioni di servizio si applicheranno anche a tale acquisto aggiuntivo di prodotto o servizio. 13. Politica di rimborso Sono consapevole che TR\u0410VEL MUNDO &#8211; FZCO ha una Politica di Rimborso chiaramente definita, qui incorporata nei presenti Termini di Servizio. I termini della Politica di Rimborso sono accessibili all&#8217;indirizzo &nbsp;https:\/\/usimmigrationassistance.org\/refund_policy\/ . 14. Account sospesi Accetti che abbiamo il diritto, ma non l&#8217;obbligo, di monitorare, sospendere, terminare, modificare, divulgare, rifiutare di pubblicare o rimuovere in qualsiasi momento, per qualsiasi motivo e a nostra esclusiva discrezione, qualsiasi materiale, contenuto e\/o attivit\u00e0 presente su questo Sito. Nonostante questo diritto, non esaminiamo e non possiamo<\/p>\n","protected":false},"author":3,"featured_media":0,"parent":0,"menu_order":0,"comment_status":"closed","ping_status":"closed","template":"","meta":{"footnotes":""},"class_list":["post-25065","page","type-page","status-publish","hentry"],"_links":{"self":[{"href":"https:\/\/usimmigrationassistance.org\/it\/wp-json\/wp\/v2\/pages\/25065","targetHints":{"allow":["GET"]}}],"collection":[{"href":"https:\/\/usimmigrationassistance.org\/it\/wp-json\/wp\/v2\/pages"}],"about":[{"href":"https:\/\/usimmigrationassistance.org\/it\/wp-json\/wp\/v2\/types\/page"}],"author":[{"embeddable":true,"href":"https:\/\/usimmigrationassistance.org\/it\/wp-json\/wp\/v2\/users\/3"}],"replies":[{"embeddable":true,"href":"https:\/\/usimmigrationassistance.org\/it\/wp-json\/wp\/v2\/comments?post=25065"}],"version-history":[{"count":23,"href":"https:\/\/usimmigrationassistance.org\/it\/wp-json\/wp\/v2\/pages\/25065\/revisions"}],"predecessor-version":[{"id":30917,"href":"https:\/\/usimmigrationassistance.org\/it\/wp-json\/wp\/v2\/pages\/25065\/revisions\/30917"}],"wp:attachment":[{"href":"https:\/\/usimmigrationassistance.org\/it\/wp-json\/wp\/v2\/media?parent=25065"}],"curies":[{"name":"wp","href":"https:\/\/api.w.org\/{rel}","templated":true}]}}