{"id":29239,"date":"2025-03-18T07:09:49","date_gmt":"2025-03-18T06:09:49","guid":{"rendered":"https:\/\/usimmigrationassistance.org\/teisinis-atsakomybes-apribojimas"},"modified":"2025-05-25T21:40:40","modified_gmt":"2025-05-25T17:40:40","slug":"teisinis-atsakomybes-apribojimas","status":"publish","type":"page","link":"https:\/\/usimmigrationassistance.org\/lt\/teisinis-atsakomybes-apribojimas\/","title":{"rendered":"Teisinis atsakomyb\u0117s apribojimas"},"content":{"rendered":"\t\t<div data-elementor-type=\"wp-page\" data-elementor-id=\"29239\" class=\"elementor elementor-29239 elementor-881\" data-elementor-post-type=\"page\">\n\t\t\t\t<div class=\"elementor-element elementor-element-38977736 e-flex e-con-boxed wpr-particle-no wpr-jarallax-no wpr-parallax-no wpr-sticky-section-no e-con e-parent\" data-id=\"38977736\" data-element_type=\"container\">\n\t\t\t\t\t<div class=\"e-con-inner\">\n\t\t<div class=\"elementor-element elementor-element-95d71bf e-con-full e-flex wpr-particle-no wpr-jarallax-no wpr-parallax-no wpr-sticky-section-no e-con e-child\" data-id=\"95d71bf\" data-element_type=\"container\">\n\t\t\t\t<div class=\"elementor-element elementor-element-06e6898 elementor-widget elementor-widget-heading\" data-id=\"06e6898\" data-element_type=\"widget\" data-widget_type=\"heading.default\">\n\t\t\t\t<div class=\"elementor-widget-container\">\n\t\t\t\t\t<h2 class=\"elementor-heading-title elementor-size-default\">Teisinis atsakomyb\u0117s apribojimas<\/h2>\t\t\t\t<\/div>\n\t\t\t\t<\/div>\n\t\t\t\t<\/div>\n\t\t<div class=\"elementor-element elementor-element-30dafa5 e-con-full e-flex wpr-particle-no wpr-jarallax-no wpr-parallax-no wpr-sticky-section-no e-con e-child\" data-id=\"30dafa5\" data-element_type=\"container\" data-settings=\"{&quot;background_background&quot;:&quot;classic&quot;}\">\n\t\t\t\t<div class=\"elementor-element elementor-element-20545007 elementor-widget elementor-widget-text-editor\" data-id=\"20545007\" data-element_type=\"widget\" data-widget_type=\"text-editor.default\">\n\t\t\t\t<div class=\"elementor-widget-container\">\n\t\t\t\t\t\t\t\t\t<p><\/p>\n<p>Nei TR\u0410VEL MUNDO &#8211; FZCO, nei <a href=\"https:\/\/usimmigrationassistance.org\/lt\" target=\"_blank\" rel=\"noopener\">usimmigrationassistance.org<\/a> n\u0117ra susij\u0119 su Jungtini\u0173 Valstij\u0173 Valstyb\u0117s departamentu (JAV DOS), Jungtini\u0173 Valstij\u0173 Vidaus saugumo departamentu (JAV DHS), Jungtini\u0173 Valstij\u0173 Pilietyb\u0117s ir imigracijos tarnyba (USCIS) ar jokia kita Jungtini\u0173 Valstij\u0173 vyriausybine agent\u016bra.<br> Nesame advokat\u0173 kontora, neteikiame teisini\u0173 konsultacij\u0173 ir nepakei\u010diame advokato.<br> Esame privati, internetin\u0117 kelioni\u0173 ir imigracijos konsultacij\u0173 \u012fmon\u0117, padedanti asmenims keliauti \u012f Jungtines Valstijas.  <\/p>\n<p><\/p>\n<p><\/p>\n<p>Nei \u201eTR\u0410VEL MUNDO &#8211; FZCO\u201c, nei <a href=\"https:\/\/usimmigrationassistance.org\/lt\" target=\"_blank\" rel=\"noopener\">usimmigrationassistance.org<\/a> , nei j\u0173 darbuotojai teigia turintys koki\u0173 nors speciali\u0173 \u017eini\u0173 apie imigracijos \u012fstatymus ar proced\u016bras. Nurodytos parai\u0161k\u0173 rengimo pagalbos paslaug\u0173 pirkimo kainos NE\u012eSKAI\u010cIUOTI jokie vyriausyb\u0117s parai\u0161kos, medicinin\u0117s ap\u017ei\u016bros, pateikimo ar biometrini\u0173 duomen\u0173 mokes\u010diai. Vyriausyb\u0117s mokes\u010diai negr\u0105\u017einami. Advokato mokes\u010diai negr\u0105\u017einami.   <\/p>\n<p><\/p>\n<p><\/p>\n<p>Jungtini\u0173 Valstij\u0173 viz\u0173 politika reglamentuoja reikalavimus, kuriuos turi atitikti u\u017esienio pilietis, norintis atvykti \u012f Jungtines Valstijas, nor\u0117damas gauti viz\u0105 \u2013 leidim\u0105 keliauti \u012f Jungtines Valstijas, atvykti ir (arba) jose pasilikti. Jungtini\u0173 Valstij\u0173 lankytojai privalo gauti viz\u0105 i\u0161 vienos i\u0161 Jungtini\u0173 Valstij\u0173 diplomatini\u0173 atstovybi\u0173, nebent jie atvyksta i\u0161 vienos i\u0161 \u0161ali\u0173, kurioms netaikomas viz\u0173 re\u017eimas, arba \u0161ali\u0173, dalyvaujan\u010di\u0173 bevizio re\u017eimo programoje. Puerto Rikui ir Jungtini\u0173 Valstij\u0173 Mergeli\u0173 saloms taikomos tos pa\u010dios taisykl\u0117s, o kitokios taisykl\u0117s taikomos kitoms JAV teritorijoms, b\u016btent Guamui, Marian\u0173 \u0160iaur\u0117s saloms ir Amerikos Samoa.  <\/p>\n<p><\/p>\n<p><\/p>\n<p>Visa j\u016bs\u0173 arba j\u016bs\u0173 vardu paskirtos tre\u010diosios \u0161alies pateikta informacija turi b\u016bti teisinga ir tiksli. JAV viza gali b\u016bti at\u0161aukta bet kuriuo metu ir d\u0117l bet kokios prie\u017easties, pavyzd\u017eiui, d\u0117l naujos informacijos, turin\u010dios \u012ftakos tinkamumui. Jums gali b\u016bti skirtos administracin\u0117s arba baud\u017eiamosios sankcijos, jei s\u0105moningai ir ty\u010dia pateiksite i\u0161 esm\u0117s melaging\u0105, fiktyv\u0173 ar apgauling\u0105 parei\u0161kim\u0105 ar parei\u0161kim\u0105 savo arba j\u016bs\u0173 vardu pateiktoje VIZOS parai\u0161koje.  <\/p>\n<p><\/p>\n<p><\/p>\n<p>Prie\u0161 \u012fsigydami paslaug\u0105 m\u016bs\u0173 svetain\u0117je, pra\u0161ome susipa\u017einti su pinig\u0173 gr\u0105\u017einimo politika.<\/p>\n<p><\/p>\n<p><\/p>\n<p>\u0160ioje svetain\u0117je pateikiama bendro pob\u016bd\u017eio informacija apie imigracijos klausimus ir \u012fvykius. Tokia med\u017eiaga skirta tik informaciniams tikslams ir gali neatspind\u0117ti naujausi\u0173 \u012fvyki\u0173. \u0160i informacin\u0117 med\u017eiaga n\u0117ra skirta ir netur\u0117t\u0173 b\u016bti laikoma teisine konsultacija d\u0117l joki\u0173 fakt\u0173 ar aplinkybi\u0173. D\u0117l konkre\u010di\u0173 teisini\u0173 problem\u0173 tur\u0117tum\u0117te kreiptis \u012f advokat\u0105.   <\/p>\n<p><\/p>\n<p><\/p>\n<p>Nors stengiam\u0117s nuolat atnaujinti Svetain\u0117s informacij\u0105 ir u\u017etikrinti jos tikslum\u0105, TR\u0410VEL MUNDO &#8211; FZCO neteikia joki\u0173 ai\u0161ki\u0173 ar numanom\u0173 parei\u0161kim\u0173 ar garantij\u0173 d\u0117l svetain\u0117s ar joje esan\u010dios informacijos, produkt\u0173, paslaug\u0173 ar susijusios grafikos i\u0161samumo, tikslumo, patikimumo, tinkamumo ar prieinamumo jokiu tikslu. Tod\u0117l bet koks pasitik\u0117jimas tokia med\u017eiaga yra grie\u017etai j\u016bs\u0173 pa\u010di\u0173 rizika. <\/p>\n<p><\/p>\n<p><\/p>\n<p>\u201eTR\u0410VEL MUNDO &#8211; FZCO\u201c neatsako u\u017e joki\u0105 klaiding\u0105, netiksli\u0105, netinkam\u0105 ar nei\u0161sami\u0105 informacij\u0105, pateikt\u0105 svetain\u0117je.<\/p>\n<p><\/p>\n<p><\/p>\n<p>Nors dedamos visos pastangos, kad svetain\u0117 veikt\u0173 skland\u017eiai, d\u0117l interneto pob\u016bd\u017eio ir naudojam\u0173 technologij\u0173 TR\u0410VEL MUNDO &#8211; FZCO neprisiima jokios atsakomyb\u0117s ir nebus atsakinga u\u017e laikin\u0105 svetain\u0117s nepasiekiamum\u0105 d\u0117l technini\u0173 problem\u0173 (ar kit\u0173), kuri\u0173 ji negali kontroliuoti, arba u\u017e bet kokius nuostolius ar \u017eal\u0105, patirt\u0105 d\u0117l \u0161ios svetain\u0117s naudojimo, prieigos prie jos arba negal\u0117jimo jos naudoti ar pasiekti.<\/p>\n<p><\/p>\n<p><\/p>\n<p>Tam tikros nuorodos \u0161ioje svetain\u0117je nukreips \u012f svetaines, kuri\u0173 nekontroliuoja TR\u0410VEL MUNDO &#8211; FZCO. Jas aktyvav\u0119, i\u0161eisite i\u0161 TR\u0410VEL MUNDO &#8211; FZCO svetain\u0117s. TR\u0410VEL MUNDO &#8211; FZCO nekontroliuoja ir neprisiima jokios atsakomyb\u0117s u\u017e med\u017eiagas, produktus ar paslaugas, prieinamas bet kurioje svetain\u0117je, kurios nekontroliuoja TR\u0410VEL MUNDO &#8211; FZCO.  <\/p>\n<p><\/p>\n<p><\/p>\n<p>Tiek, kiek to nedraud\u017eia \u012fstatymai, jokiomis aplinkyb\u0117mis TR\u0410VEL MUNDO &#8211; FZCO nebus atsakinga jums ar bet kurioms kitoms tre\u010diosioms \u0161alims u\u017e jokius nuostolius ar \u017eal\u0105 (\u012fskaitant, bet neapsiribojant, \u017eal\u0105 d\u0117l verslo praradimo ar pelno praradimo), tiesiogiai ar netiesiogiai atsiradusius d\u0117l j\u016bs\u0173 naudojimosi \u0161ia svetaine ar bet kuria joje esan\u010dia med\u017eiaga arba negal\u0117jimo ja naudotis.<\/p>\n<p><\/p>\n<p><\/p>\n<p>Naudojantis m\u016bs\u0173 paslauga u\u017epildytas parai\u0161kas galima nemokamai rasti tu\u0161\u010diose formose kai kuriose JAV vyriausyb\u0117s svetain\u0117se. Esame privatus, technologijomis paremtas internetini\u0173 kelioni\u0173 paslaug\u0173 teik\u0117jas, padedantis asmenims keliauti \u012f Jungtines Valstijas. Jei nenorite naudotis m\u016bs\u0173 paslaugomis, galite pateikti parai\u0161k\u0105 tiesiogiai svetain\u0117se <a href=\"https:\/\/travel.state.gov\/\" target=\"_blank\" rel=\"noreferrer noopener\">travel.state.gov<\/a> arba <a href=\"https:\/\/uscis.gov\/\" target=\"_blank\" rel=\"noreferrer noopener\">uscis.gov<\/a> .  <\/p>\n<p><\/p>\n<p><\/p>\n<p>Netur\u0117tum\u0117te naudotis \u0161ia svetaine, nor\u0117dami pateikti konfidenciali\u0105 informacij\u0105 apie savo teisin\u012f klausim\u0105 pri\u0117mimo agentams. J\u016bs\u0173 naudojimasis \u0161ia svetaine nepadaro j\u016bs\u0173 advokat\u0173 kontoros klientu ar net potencialiu advokat\u0173 kontoros klientu. <\/p>\n<p><\/p>\n<p><\/p>\n<p>J\u016bs\u0173 patogumui \u0161ioje svetain\u0117je gali b\u016bti nuorod\u0173 \u012f tre\u010di\u0173j\u0173 \u0161ali\u0173 svetaines. Tokios susietos svetain\u0117s n\u0117ra m\u016bs\u0173 kontroliuojamos ir mes neprisiimame jokios atsakomyb\u0117s u\u017e toki\u0173 svetaini\u0173 turinio tikslum\u0105. <\/p>\n<p><\/p>\n<p><\/p>\n<p>J\u016bs\u0173 apsilankymas ir (arba) naudojimasis \u0161ia svetaine rei\u0161kia, kad sutinkate ir ai\u0161kiai suprantate \u0161ioje svetain\u0117je nurodytas atsakomyb\u0117s apribojimus, <a href=\"https:\/\/usimmigrationassistance.org\/terms_of_use\" target=\"_blank\" rel=\"noreferrer noopener\">naudojimo s\u0105lygas<\/a> , <a href=\"https:\/\/usimmigrationassistance.org\/privacy_policy\" target=\"_blank\" rel=\"noreferrer noopener\">privatumo<\/a> ir <a href=\"https:\/\/usimmigrationassistance.org\/refund_policy\" target=\"_blank\" rel=\"noreferrer noopener\">pinig\u0173 gr\u0105\u017einimo<\/a> politik\u0105.<\/p>\n<p><\/p>\t\t\t\t\t\t\t\t<\/div>\n\t\t\t\t<\/div>\n\t\t\t\t<\/div>\n\t\t\t\t\t<\/div>\n\t\t\t\t<\/div>\n\t\t\t\t<\/div>\n\t\t","protected":false},"excerpt":{"rendered":"<p>Teisinis atsakomyb\u0117s apribojimas Nei TR\u0410VEL MUNDO &#8211; FZCO, nei usimmigrationassistance.org n\u0117ra susij\u0119 su Jungtini\u0173 Valstij\u0173 Valstyb\u0117s departamentu (JAV DOS), Jungtini\u0173 Valstij\u0173 Vidaus saugumo departamentu (JAV DHS), Jungtini\u0173 Valstij\u0173 Pilietyb\u0117s ir imigracijos tarnyba (USCIS) ar jokia kita Jungtini\u0173 Valstij\u0173 vyriausybine agent\u016bra. Nesame advokat\u0173 kontora, neteikiame teisini\u0173 konsultacij\u0173 ir nepakei\u010diame advokato. Esame privati, internetin\u0117 kelioni\u0173 ir imigracijos konsultacij\u0173 \u012fmon\u0117, padedanti asmenims keliauti \u012f Jungtines Valstijas. Nei \u201eTR\u0410VEL MUNDO &#8211; FZCO\u201c, nei usimmigrationassistance.org , nei j\u0173 darbuotojai teigia turintys koki\u0173 nors speciali\u0173 \u017eini\u0173 apie imigracijos \u012fstatymus ar proced\u016bras. Nurodytos parai\u0161k\u0173 rengimo pagalbos paslaug\u0173 pirkimo kainos NE\u012eSKAI\u010cIUOTI jokie vyriausyb\u0117s parai\u0161kos, medicinin\u0117s ap\u017ei\u016bros, pateikimo ar biometrini\u0173 duomen\u0173 mokes\u010diai. Vyriausyb\u0117s mokes\u010diai negr\u0105\u017einami. Advokato mokes\u010diai negr\u0105\u017einami. Jungtini\u0173 Valstij\u0173 viz\u0173 politika reglamentuoja reikalavimus, kuriuos turi atitikti u\u017esienio pilietis, norintis atvykti \u012f Jungtines Valstijas, nor\u0117damas gauti viz\u0105 \u2013 leidim\u0105 keliauti \u012f Jungtines Valstijas, atvykti ir (arba) jose pasilikti. Jungtini\u0173 Valstij\u0173 lankytojai privalo gauti viz\u0105 i\u0161 vienos i\u0161 Jungtini\u0173 Valstij\u0173 diplomatini\u0173 atstovybi\u0173, nebent jie atvyksta i\u0161 vienos i\u0161 \u0161ali\u0173, kurioms netaikomas viz\u0173 re\u017eimas, arba \u0161ali\u0173, dalyvaujan\u010di\u0173 bevizio re\u017eimo programoje. Puerto Rikui ir Jungtini\u0173 Valstij\u0173 Mergeli\u0173 saloms taikomos tos pa\u010dios taisykl\u0117s, o kitokios taisykl\u0117s taikomos kitoms JAV teritorijoms, b\u016btent Guamui, Marian\u0173 \u0160iaur\u0117s saloms ir Amerikos Samoa. Visa j\u016bs\u0173 arba j\u016bs\u0173 vardu paskirtos tre\u010diosios \u0161alies pateikta informacija turi b\u016bti teisinga ir tiksli. JAV viza gali b\u016bti at\u0161aukta bet kuriuo metu ir d\u0117l bet kokios prie\u017easties, pavyzd\u017eiui, d\u0117l naujos informacijos, turin\u010dios \u012ftakos tinkamumui. Jums gali b\u016bti skirtos administracin\u0117s arba baud\u017eiamosios sankcijos, jei s\u0105moningai ir ty\u010dia pateiksite i\u0161 esm\u0117s melaging\u0105, fiktyv\u0173 ar apgauling\u0105 parei\u0161kim\u0105 ar parei\u0161kim\u0105 savo arba j\u016bs\u0173 vardu pateiktoje VIZOS parai\u0161koje. Prie\u0161 \u012fsigydami paslaug\u0105 m\u016bs\u0173 svetain\u0117je, pra\u0161ome susipa\u017einti su pinig\u0173 gr\u0105\u017einimo politika. \u0160ioje svetain\u0117je pateikiama bendro pob\u016bd\u017eio informacija apie imigracijos klausimus ir \u012fvykius. Tokia med\u017eiaga skirta tik informaciniams tikslams ir gali neatspind\u0117ti naujausi\u0173 \u012fvyki\u0173. \u0160i informacin\u0117 med\u017eiaga n\u0117ra skirta ir netur\u0117t\u0173 b\u016bti laikoma teisine konsultacija d\u0117l joki\u0173 fakt\u0173 ar aplinkybi\u0173. D\u0117l konkre\u010di\u0173 teisini\u0173 problem\u0173 tur\u0117tum\u0117te kreiptis \u012f advokat\u0105. Nors stengiam\u0117s nuolat atnaujinti Svetain\u0117s informacij\u0105 ir u\u017etikrinti jos tikslum\u0105, TR\u0410VEL MUNDO &#8211; FZCO neteikia joki\u0173 ai\u0161ki\u0173 ar numanom\u0173 parei\u0161kim\u0173 ar garantij\u0173 d\u0117l svetain\u0117s ar joje esan\u010dios informacijos, produkt\u0173, paslaug\u0173 ar susijusios grafikos i\u0161samumo, tikslumo, patikimumo, tinkamumo ar prieinamumo jokiu tikslu. Tod\u0117l bet koks pasitik\u0117jimas tokia med\u017eiaga yra grie\u017etai j\u016bs\u0173 pa\u010di\u0173 rizika. \u201eTR\u0410VEL MUNDO &#8211; FZCO\u201c neatsako u\u017e joki\u0105 klaiding\u0105, netiksli\u0105, netinkam\u0105 ar nei\u0161sami\u0105 informacij\u0105, pateikt\u0105 svetain\u0117je. Nors dedamos visos pastangos, kad svetain\u0117 veikt\u0173 skland\u017eiai, d\u0117l interneto pob\u016bd\u017eio ir naudojam\u0173 technologij\u0173 TR\u0410VEL MUNDO &#8211; FZCO neprisiima jokios atsakomyb\u0117s ir nebus atsakinga u\u017e laikin\u0105 svetain\u0117s nepasiekiamum\u0105 d\u0117l technini\u0173 problem\u0173 (ar kit\u0173), kuri\u0173 ji negali kontroliuoti, arba u\u017e bet kokius nuostolius ar \u017eal\u0105, patirt\u0105 d\u0117l \u0161ios svetain\u0117s naudojimo, prieigos prie jos arba negal\u0117jimo jos naudoti ar pasiekti. Tam tikros nuorodos \u0161ioje svetain\u0117je nukreips \u012f svetaines, kuri\u0173 nekontroliuoja TR\u0410VEL MUNDO &#8211; FZCO. Jas aktyvav\u0119, i\u0161eisite i\u0161 TR\u0410VEL MUNDO &#8211; FZCO svetain\u0117s. TR\u0410VEL MUNDO &#8211; FZCO nekontroliuoja ir neprisiima jokios atsakomyb\u0117s u\u017e med\u017eiagas, produktus ar paslaugas, prieinamas bet kurioje svetain\u0117je, kurios nekontroliuoja TR\u0410VEL MUNDO &#8211; FZCO. Tiek, kiek to nedraud\u017eia \u012fstatymai, jokiomis aplinkyb\u0117mis TR\u0410VEL MUNDO &#8211; FZCO nebus atsakinga jums ar bet kurioms kitoms tre\u010diosioms \u0161alims u\u017e jokius nuostolius ar \u017eal\u0105 (\u012fskaitant, bet neapsiribojant, \u017eal\u0105 d\u0117l verslo praradimo ar pelno praradimo), tiesiogiai ar netiesiogiai atsiradusius d\u0117l j\u016bs\u0173 naudojimosi \u0161ia svetaine ar bet kuria joje esan\u010dia med\u017eiaga arba negal\u0117jimo ja naudotis. Naudojantis m\u016bs\u0173 paslauga u\u017epildytas parai\u0161kas galima nemokamai rasti tu\u0161\u010diose formose kai kuriose JAV vyriausyb\u0117s svetain\u0117se. Esame privatus, technologijomis paremtas internetini\u0173 kelioni\u0173 paslaug\u0173 teik\u0117jas, padedantis asmenims keliauti \u012f Jungtines Valstijas. Jei nenorite naudotis m\u016bs\u0173 paslaugomis, galite pateikti parai\u0161k\u0105 tiesiogiai svetain\u0117se travel.state.gov arba uscis.gov . Netur\u0117tum\u0117te naudotis \u0161ia svetaine, nor\u0117dami pateikti konfidenciali\u0105 informacij\u0105 apie savo teisin\u012f klausim\u0105 pri\u0117mimo agentams. J\u016bs\u0173 naudojimasis \u0161ia svetaine nepadaro j\u016bs\u0173 advokat\u0173 kontoros klientu ar net potencialiu advokat\u0173 kontoros klientu. J\u016bs\u0173 patogumui \u0161ioje svetain\u0117je gali b\u016bti nuorod\u0173 \u012f tre\u010di\u0173j\u0173 \u0161ali\u0173 svetaines. Tokios susietos svetain\u0117s n\u0117ra m\u016bs\u0173 kontroliuojamos ir mes neprisiimame jokios atsakomyb\u0117s u\u017e toki\u0173 svetaini\u0173 turinio tikslum\u0105. J\u016bs\u0173 apsilankymas ir (arba) naudojimasis \u0161ia svetaine rei\u0161kia, kad sutinkate ir ai\u0161kiai suprantate \u0161ioje svetain\u0117je nurodytas atsakomyb\u0117s apribojimus, naudojimo s\u0105lygas , privatumo ir pinig\u0173 gr\u0105\u017einimo politik\u0105.<\/p>\n","protected":false},"author":3,"featured_media":0,"parent":0,"menu_order":0,"comment_status":"closed","ping_status":"closed","template":"","meta":{"footnotes":""},"class_list":["post-29239","page","type-page","status-publish","hentry"],"_links":{"self":[{"href":"https:\/\/usimmigrationassistance.org\/lt\/wp-json\/wp\/v2\/pages\/29239","targetHints":{"allow":["GET"]}}],"collection":[{"href":"https:\/\/usimmigrationassistance.org\/lt\/wp-json\/wp\/v2\/pages"}],"about":[{"href":"https:\/\/usimmigrationassistance.org\/lt\/wp-json\/wp\/v2\/types\/page"}],"author":[{"embeddable":true,"href":"https:\/\/usimmigrationassistance.org\/lt\/wp-json\/wp\/v2\/users\/3"}],"replies":[{"embeddable":true,"href":"https:\/\/usimmigrationassistance.org\/lt\/wp-json\/wp\/v2\/comments?post=29239"}],"version-history":[{"count":9,"href":"https:\/\/usimmigrationassistance.org\/lt\/wp-json\/wp\/v2\/pages\/29239\/revisions"}],"predecessor-version":[{"id":29268,"href":"https:\/\/usimmigrationassistance.org\/lt\/wp-json\/wp\/v2\/pages\/29239\/revisions\/29268"}],"wp:attachment":[{"href":"https:\/\/usimmigrationassistance.org\/lt\/wp-json\/wp\/v2\/media?parent=29239"}],"curies":[{"name":"wp","href":"https:\/\/api.w.org\/{rel}","templated":true}]}}