{"id":29329,"date":"2025-03-29T06:03:06","date_gmt":"2025-03-29T05:03:06","guid":{"rendered":"https:\/\/usimmigrationassistance.org\/padekos-puslapis-2-dalis"},"modified":"2025-07-24T08:07:02","modified_gmt":"2025-07-24T07:07:02","slug":"padekos-puslapis-2-dalis","status":"publish","type":"page","link":"https:\/\/usimmigrationassistance.org\/lt\/padekos-puslapis-2-dalis\/","title":{"rendered":"Pad\u0117kos puslapis \u2013 2 dalis"},"content":{"rendered":"\t\t<div data-elementor-type=\"wp-page\" data-elementor-id=\"29329\" class=\"elementor elementor-29329 elementor-1783\" data-elementor-post-type=\"page\">\n\t\t\t\t<div class=\"elementor-element elementor-element-4e62ca3 e-con-full e-flex wpr-particle-no wpr-jarallax-no wpr-parallax-no wpr-sticky-section-no e-con e-parent\" data-id=\"4e62ca3\" data-element_type=\"container\">\n\t\t<div class=\"elementor-element elementor-element-62f9774 e-con-full e-flex wpr-particle-no wpr-jarallax-no wpr-parallax-no wpr-sticky-section-no e-con e-child\" data-id=\"62f9774\" data-element_type=\"container\">\n\t\t\t\t<div class=\"elementor-element elementor-element-36b3503 elementor-widget elementor-widget-heading\" data-id=\"36b3503\" data-element_type=\"widget\" data-widget_type=\"heading.default\">\n\t\t\t\t<div class=\"elementor-widget-container\">\n\t\t\t\t\t<h1 class=\"elementor-heading-title elementor-size-default\">Vizos parai\u0161ka s\u0117kmingai pateikta<\/h1>\t\t\t\t<\/div>\n\t\t\t\t<\/div>\n\t\t\t\t<div class=\"elementor-element elementor-element-191115b elementor-view-default elementor-widget elementor-widget-icon\" data-id=\"191115b\" data-element_type=\"widget\" data-widget_type=\"icon.default\">\n\t\t\t\t<div class=\"elementor-widget-container\">\n\t\t\t\t\t\t\t<div class=\"elementor-icon-wrapper\">\n\t\t\t<div class=\"elementor-icon\">\n\t\t\t<i aria-hidden=\"true\" class=\"jki jki-checked1-light\"><\/i>\t\t\t<\/div>\n\t\t<\/div>\n\t\t\t\t\t\t<\/div>\n\t\t\t\t<\/div>\n\t\t\t\t<\/div>\n\t\t\t\t<\/div>\n\t\t<div class=\"elementor-element elementor-element-77ae01b e-flex e-con-boxed wpr-particle-no wpr-jarallax-no wpr-parallax-no wpr-sticky-section-no e-con e-parent\" data-id=\"77ae01b\" data-element_type=\"container\">\n\t\t\t\t\t<div class=\"e-con-inner\">\n\t\t<div class=\"elementor-element elementor-element-e5e5024 e-con-full e-flex wpr-particle-no wpr-jarallax-no wpr-parallax-no wpr-sticky-section-no e-con e-child\" data-id=\"e5e5024\" data-element_type=\"container\" id=\"thank-you-custom-container\">\n\t\t<div class=\"elementor-element elementor-element-b076385 e-con-full e-flex wpr-particle-no wpr-jarallax-no wpr-parallax-no wpr-sticky-section-no e-con e-child\" data-id=\"b076385\" data-element_type=\"container\">\n\t\t\t\t<div class=\"elementor-element elementor-element-4ad27ed elementor-widget elementor-widget-heading\" data-id=\"4ad27ed\" data-element_type=\"widget\" data-widget_type=\"heading.default\">\n\t\t\t\t<div class=\"elementor-widget-container\">\n\t\t\t\t\t<h3 class=\"elementor-heading-title elementor-size-default\">J\u016bs\u0173 vizos parai\u0161ka s\u0117kmingai pateikta.\n<\/h3>\t\t\t\t<\/div>\n\t\t\t\t<\/div>\n\t\t\t\t<div class=\"elementor-element elementor-element-4a9e589 elementor-widget elementor-widget-text-editor\" data-id=\"4a9e589\" data-element_type=\"widget\" data-widget_type=\"text-editor.default\">\n\t\t\t\t<div class=\"elementor-widget-container\">\n\t\t\t\t\t\t\t\t\t<p>El. pa\u0161to adresas su j\u016bs\u0173 parai\u0161kos informacija buvo i\u0161si\u0173stas el. pa\u0161to kvitu. Pra\u0161ome j\u012f i\u0161saugoti. Jei m\u016bs\u0173 pirkimo kvito el. lai\u0161kas pateko \u012f j\u016bs\u0173 <b><u>\u0161lam\u0161to aplank\u0105<\/u><\/b> , pa\u017eym\u0117kite j\u012f kaip \u201eNe \u0161lam\u0161tas\u201c.  <\/p>\t\t\t\t\t\t\t\t<\/div>\n\t\t\t\t<\/div>\n\t\t\t\t<\/div>\n\t\t<div class=\"elementor-element elementor-element-b0f1bd8 e-con-full e-flex wpr-particle-no wpr-jarallax-no wpr-parallax-no wpr-sticky-section-no e-con e-child\" data-id=\"b0f1bd8\" data-element_type=\"container\" data-settings=\"{&quot;background_background&quot;:&quot;classic&quot;}\">\n\t\t\t\t<div class=\"elementor-element elementor-element-da3e5ad elementor-widget elementor-widget-heading\" data-id=\"da3e5ad\" data-element_type=\"widget\" data-widget_type=\"heading.default\">\n\t\t\t\t<div class=\"elementor-widget-container\">\n\t\t\t\t\t<h3 class=\"elementor-heading-title elementor-size-default\">Jei reikia pateikti parai\u0161k\u0105 kito parei\u0161k\u0117jo vardu, spustel\u0117kite mygtuk\u0105.<\/h3>\t\t\t\t<\/div>\n\t\t\t\t<\/div>\n\t\t\t\t<div class=\"elementor-element elementor-element-ab78f18 elementor-widget elementor-widget-button\" data-id=\"ab78f18\" data-element_type=\"widget\" data-widget_type=\"button.default\">\n\t\t\t\t<div class=\"elementor-widget-container\">\n\t\t\t\t\t\t\t\t\t<div class=\"elementor-button-wrapper\">\n\t\t\t\t\t<a class=\"elementor-button elementor-button-link elementor-size-sm\" href=\"https:\/\/usimmigrationassistance.org\/lt\/taikyti\/\">\n\t\t\t\t\t\t<span class=\"elementor-button-content-wrapper\">\n\t\t\t\t\t\t\t\t\t<span class=\"elementor-button-text\">Prid\u0117ti kit\u0105 program\u0105<\/span>\n\t\t\t\t\t<\/span>\n\t\t\t\t\t<\/a>\n\t\t\t\t<\/div>\n\t\t\t\t\t\t\t\t<\/div>\n\t\t\t\t<\/div>\n\t\t\t\t<\/div>\n\t\t<div class=\"elementor-element elementor-element-ad99abe e-con-full e-flex wpr-particle-no wpr-jarallax-no wpr-parallax-no wpr-sticky-section-no e-con e-child\" data-id=\"ad99abe\" data-element_type=\"container\">\n\t\t\t\t<div class=\"elementor-element elementor-element-2b78b2e elementor-widget elementor-widget-heading\" data-id=\"2b78b2e\" data-element_type=\"widget\" data-widget_type=\"heading.default\">\n\t\t\t\t<div class=\"elementor-widget-container\">\n\t\t\t\t\t<h3 class=\"elementor-heading-title elementor-size-default\">J\u016bs\u0173 vizos parai\u0161kos b\u016bsena: <u><b>2\/2 \u017dINGSNIS U\u017dBAIGTAS<\/b><\/u><\/h3>\t\t\t\t<\/div>\n\t\t\t\t<\/div>\n\t\t\t\t<div class=\"elementor-element elementor-element-832a0e6 elementor-widget elementor-widget-text-editor\" data-id=\"832a0e6\" data-element_type=\"widget\" data-widget_type=\"text-editor.default\">\n\t\t\t\t<div class=\"elementor-widget-container\">\n\t\t\t\t\t\t\t\t\tSurink\u0119 vis\u0105 reikiam\u0105 informacij\u0105, kurios reikalauja JAV Valstyb\u0117s departamentas, esame pasireng\u0119 visapusi\u0161kai apdoroti j\u016bs\u0173 vizos parai\u0161k\u0105. M\u016bs\u0173 komanda atliks i\u0161sami\u0105 pateiktos informacijos per\u017ei\u016br\u0105, kad u\u017etikrint\u0173 atitikt\u012f visiems reglamentams, siekdama paspartinti j\u016bs\u0173 parai\u0161kos apdorojim\u0105. D\u0117kojame, kad laiku pateik\u0117te visus reikiamus dokumentus, nes tai leid\u017eia mums efektyviai dirbti.  \t\t\t\t\t\t\t\t<\/div>\n\t\t\t\t<\/div>\n\t\t\t\t<div class=\"elementor-element elementor-element-73e1626 elementor-widget elementor-widget-text-editor\" data-id=\"73e1626\" data-element_type=\"widget\" data-widget_type=\"text-editor.default\">\n\t\t\t\t<div class=\"elementor-widget-container\">\n\t\t\t\t\t\t\t\t\tPastaba: kuo grei\u010diau el. pa\u0161tu informuosime jus apie j\u016bs\u0173 pra\u0161ymo d\u0117l susitikimo ambasadoje \/ konsulate nagrin\u0117jimo eig\u0105.\t\t\t\t\t\t\t\t<\/div>\n\t\t\t\t<\/div>\n\t\t\t\t<\/div>\n\t\t<div class=\"elementor-element elementor-element-b44da06 e-con-full e-grid wpr-particle-no wpr-jarallax-no wpr-parallax-no wpr-sticky-section-no e-con e-child\" data-id=\"b44da06\" data-element_type=\"container\">\n\t\t\t\t<div class=\"elementor-element elementor-element-5dd55ba elementor-view-default elementor-position-top elementor-mobile-position-top elementor-widget elementor-widget-icon-box\" data-id=\"5dd55ba\" data-element_type=\"widget\" data-widget_type=\"icon-box.default\">\n\t\t\t\t<div class=\"elementor-widget-container\">\n\t\t\t\t\t\t\t<div class=\"elementor-icon-box-wrapper\">\n\n\t\t\t\t\t\t<div class=\"elementor-icon-box-icon\">\n\t\t\t\t<span  class=\"elementor-icon\">\n\t\t\t\t<i aria-hidden=\"true\" class=\"jki jki-edit1-light\"><\/i>\t\t\t\t<\/span>\n\t\t\t<\/div>\n\t\t\t\n\t\t\t\t\t\t<div class=\"elementor-icon-box-content\">\n\n\t\t\t\t\t\t\t\t\t<h3 class=\"elementor-icon-box-title\">\n\t\t\t\t\t\t<span  >\n\t\t\t\t\t\t\t1. 1\/2 veiksmas atliktas\t\t\t\t\t\t<\/span>\n\t\t\t\t\t<\/h3>\n\t\t\t\t\n\t\t\t\t\t\t\t\t\t<p class=\"elementor-icon-box-description\">\n\t\t\t\t\t\tS\u0117kmingai gavome j\u016bs\u0173 pradin\u0119 vizos parai\u0161k\u0105. Tur\u0117jote gauti el. lai\u0161k\u0105 su visomis reikalingomis instrukcijomis, kaip pereiti prie antrojo etapo. \t\t\t\t\t<\/p>\n\t\t\t\t\n\t\t\t<\/div>\n\t\t\t\n\t\t<\/div>\n\t\t\t\t\t\t<\/div>\n\t\t\t\t<\/div>\n\t\t\t\t<div class=\"elementor-element elementor-element-3b5c08b elementor-view-default elementor-position-top elementor-mobile-position-top elementor-widget elementor-widget-icon-box\" data-id=\"3b5c08b\" data-element_type=\"widget\" data-widget_type=\"icon-box.default\">\n\t\t\t\t<div class=\"elementor-widget-container\">\n\t\t\t\t\t\t\t<div class=\"elementor-icon-box-wrapper\">\n\n\t\t\t\t\t\t<div class=\"elementor-icon-box-icon\">\n\t\t\t\t<span  class=\"elementor-icon\">\n\t\t\t\t<i aria-hidden=\"true\" class=\"jki jki-edit1-light\"><\/i>\t\t\t\t<\/span>\n\t\t\t<\/div>\n\t\t\t\n\t\t\t\t\t\t<div class=\"elementor-icon-box-content\">\n\n\t\t\t\t\t\t\t\t\t<h3 class=\"elementor-icon-box-title\">\n\t\t\t\t\t\t<span  >\n\t\t\t\t\t\t\t2. 2\/2 veiksmas atliktas\t\t\t\t\t\t<\/span>\n\t\t\t\t\t<\/h3>\n\t\t\t\t\n\t\t\t\t\t\t\t\t\t<p class=\"elementor-icon-box-description\">\n\t\t\t\t\t\tJ\u016bs atlikote antr\u0105j\u012f ir paskutin\u012f parai\u0161kos teikimo proceso etap\u0105. \u0160iame etape reik\u0117jo pateikti i\u0161sami\u0105 informacij\u0105. \t\t\t\t\t<\/p>\n\t\t\t\t\n\t\t\t<\/div>\n\t\t\t\n\t\t<\/div>\n\t\t\t\t\t\t<\/div>\n\t\t\t\t<\/div>\n\t\t\t\t<div class=\"elementor-element elementor-element-af63b9d elementor-view-default elementor-position-top elementor-mobile-position-top elementor-widget elementor-widget-icon-box\" data-id=\"af63b9d\" data-element_type=\"widget\" data-widget_type=\"icon-box.default\">\n\t\t\t\t<div class=\"elementor-widget-container\">\n\t\t\t\t\t\t\t<div class=\"elementor-icon-box-wrapper\">\n\n\t\t\t\t\t\t<div class=\"elementor-icon-box-icon\">\n\t\t\t\t<span  class=\"elementor-icon\">\n\t\t\t\t<i aria-hidden=\"true\" class=\"jki jki-page_search-light\"><\/i>\t\t\t\t<\/span>\n\t\t\t<\/div>\n\t\t\t\n\t\t\t\t\t\t<div class=\"elementor-icon-box-content\">\n\n\t\t\t\t\t\t\t\t\t<h3 class=\"elementor-icon-box-title\">\n\t\t\t\t\t\t<span  >\n\t\t\t\t\t\t\t3. Per\u017ei\u016brima\t\t\t\t\t\t<\/span>\n\t\t\t\t\t<\/h3>\n\t\t\t\t\n\t\t\t\t\t\t\t\t\t<p class=\"elementor-icon-box-description\">\n\t\t\t\t\t\tJ\u016bs\u0173 paskirtas atstovas \u0161iuo metu per\u017ei\u016bri j\u016bs\u0173 parai\u0161k\u0105, siekdamas \u012fsitikinti, kad pateikti duomenys yra i\u0161sam\u016bs ir tiksl\u016bs, prie\u0161 pateikdamas j\u0105 JAV Valstyb\u0117s departamentui.\t\t\t\t\t<\/p>\n\t\t\t\t\n\t\t\t<\/div>\n\t\t\t\n\t\t<\/div>\n\t\t\t\t\t\t<\/div>\n\t\t\t\t<\/div>\n\t\t\t\t<div class=\"elementor-element elementor-element-c6063c0 elementor-view-default elementor-position-top elementor-mobile-position-top elementor-widget elementor-widget-icon-box\" data-id=\"c6063c0\" data-element_type=\"widget\" data-widget_type=\"icon-box.default\">\n\t\t\t\t<div class=\"elementor-widget-container\">\n\t\t\t\t\t\t\t<div class=\"elementor-icon-box-wrapper\">\n\n\t\t\t\t\t\t<div class=\"elementor-icon-box-icon\">\n\t\t\t\t<span  class=\"elementor-icon\">\n\t\t\t\t<i aria-hidden=\"true\" class=\"jki jki-chevron-right-circle-light\"><\/i>\t\t\t\t<\/span>\n\t\t\t<\/div>\n\t\t\t\n\t\t\t\t\t\t<div class=\"elementor-icon-box-content\">\n\n\t\t\t\t\t\t\t\t\t<h3 class=\"elementor-icon-box-title\">\n\t\t\t\t\t\t<span  >\n\t\t\t\t\t\t\t4. Laukiama patvirtinimo\t\t\t\t\t\t<\/span>\n\t\t\t\t\t<\/h3>\n\t\t\t\t\n\t\t\t\t\t\t\t\t\t<p class=\"elementor-icon-box-description\">\n\t\t\t\t\t\tJ\u016bs\u0173 parai\u0161ka buvo pateikta\n pateiktas JAV Valstyb\u0117s departamentui ir \u0161iuo metu laukia patvirtinimo.\t\t\t\t\t<\/p>\n\t\t\t\t\n\t\t\t<\/div>\n\t\t\t\n\t\t<\/div>\n\t\t\t\t\t\t<\/div>\n\t\t\t\t<\/div>\n\t\t\t\t<div class=\"elementor-element elementor-element-5e15cb9 elementor-view-default elementor-position-top elementor-mobile-position-top elementor-widget elementor-widget-icon-box\" data-id=\"5e15cb9\" data-element_type=\"widget\" data-widget_type=\"icon-box.default\">\n\t\t\t\t<div class=\"elementor-widget-container\">\n\t\t\t\t\t\t\t<div class=\"elementor-icon-box-wrapper\">\n\n\t\t\t\t\t\t<div class=\"elementor-icon-box-icon\">\n\t\t\t\t<span  class=\"elementor-icon\">\n\t\t\t\t<svg aria-hidden=\"true\" class=\"e-font-icon-svg e-far-file-alt\" viewBox=\"0 0 384 512\" xmlns=\"http:\/\/www.w3.org\/2000\/svg\"><path d=\"M288 248v28c0 6.6-5.4 12-12 12H108c-6.6 0-12-5.4-12-12v-28c0-6.6 5.4-12 12-12h168c6.6 0 12 5.4 12 12zm-12 72H108c-6.6 0-12 5.4-12 12v28c0 6.6 5.4 12 12 12h168c6.6 0 12-5.4 12-12v-28c0-6.6-5.4-12-12-12zm108-188.1V464c0 26.5-21.5 48-48 48H48c-26.5 0-48-21.5-48-48V48C0 21.5 21.5 0 48 0h204.1C264.8 0 277 5.1 286 14.1L369.9 98c9 8.9 14.1 21.2 14.1 33.9zm-128-80V128h76.1L256 51.9zM336 464V176H232c-13.3 0-24-10.7-24-24V48H48v416h288z\"><\/path><\/svg>\t\t\t\t<\/span>\n\t\t\t<\/div>\n\t\t\t\n\t\t\t\t\t\t<div class=\"elementor-icon-box-content\">\n\n\t\t\t\t\t\t\t\t\t<h3 class=\"elementor-icon-box-title\">\n\t\t\t\t\t\t<span  >\n\t\t\t\t\t\t\t5. Parai\u0161kos rezultatas\t\t\t\t\t\t<\/span>\n\t\t\t\t\t<\/h3>\n\t\t\t\t\n\t\t\t\t\t\t\t\t\t<p class=\"elementor-icon-box-description\">\n\t\t\t\t\t\tJ\u016bs\u0173 parai\u0161ka buvo pateikta\n per\u017ei\u016br\u0117jo JAV Valstyb\u0117s departamentas. Patikrinkite savo el. pa\u0161to d\u0117\u017eut\u0119, b\u016bsite informuoti el. pa\u0161tu, kai tik bus patvirtinta arba jei reik\u0117s daugiau informacijos. \t\t\t\t\t<\/p>\n\t\t\t\t\n\t\t\t<\/div>\n\t\t\t\n\t\t<\/div>\n\t\t\t\t\t\t<\/div>\n\t\t\t\t<\/div>\n\t\t\t\t<\/div>\n\t\t<div class=\"elementor-element elementor-element-962b3c7 e-con-full e-flex wpr-particle-no wpr-jarallax-no wpr-parallax-no wpr-sticky-section-no e-con e-child\" data-id=\"962b3c7\" data-element_type=\"container\" data-settings=\"{&quot;background_background&quot;:&quot;classic&quot;}\">\n\t\t\t\t<div class=\"elementor-element elementor-element-0bdf324 elementor-widget elementor-widget-heading\" data-id=\"0bdf324\" data-element_type=\"widget\" data-widget_type=\"heading.default\">\n\t\t\t\t<div class=\"elementor-widget-container\">\n\t\t\t\t\t<h3 class=\"elementor-heading-title elementor-size-default\">Jei reikia pateikti parai\u0161k\u0105 kito parei\u0161k\u0117jo vardu, spustel\u0117kite mygtuk\u0105.<\/h3>\t\t\t\t<\/div>\n\t\t\t\t<\/div>\n\t\t\t\t<div class=\"elementor-element elementor-element-692be83 elementor-widget elementor-widget-button\" data-id=\"692be83\" data-element_type=\"widget\" data-widget_type=\"button.default\">\n\t\t\t\t<div class=\"elementor-widget-container\">\n\t\t\t\t\t\t\t\t\t<div class=\"elementor-button-wrapper\">\n\t\t\t\t\t<a class=\"elementor-button elementor-button-link elementor-size-sm\" href=\"https:\/\/usimmigrationassistance.org\/lt\/taikyti\/\">\n\t\t\t\t\t\t<span class=\"elementor-button-content-wrapper\">\n\t\t\t\t\t\t\t\t\t<span class=\"elementor-button-text\">Prid\u0117ti kit\u0105 program\u0105<\/span>\n\t\t\t\t\t<\/span>\n\t\t\t\t\t<\/a>\n\t\t\t\t<\/div>\n\t\t\t\t\t\t\t\t<\/div>\n\t\t\t\t<\/div>\n\t\t\t\t<\/div>\n\t\t<div class=\"elementor-element elementor-element-d8e3793 e-con-full e-flex wpr-particle-no wpr-jarallax-no wpr-parallax-no wpr-sticky-section-no e-con e-child\" data-id=\"d8e3793\" data-element_type=\"container\">\n\t\t\t\t<div class=\"elementor-element elementor-element-a7060ef elementor-widget elementor-widget-text-editor\" data-id=\"a7060ef\" data-element_type=\"widget\" data-widget_type=\"text-editor.default\">\n\t\t\t\t<div class=\"elementor-widget-container\">\n\t\t\t\t\t\t\t\t\tJ\u016bs\u0173 kortel\u0117 autorizuota mok\u0117jimui. Kvitas i\u0161si\u0173stas \u012f j\u016bs\u0173 el. pa\u0161to adres\u0105, o visa s\u0105skaitos fakt\u016bros informacija pateikta \u017eemiau. \t\t\t\t\t\t\t\t<\/div>\n\t\t\t\t<\/div>\n\t\t\t\t<div class=\"elementor-element elementor-element-2c8c0d1 elementor-widget elementor-widget-text-editor\" data-id=\"2c8c0d1\" data-element_type=\"widget\" data-widget_type=\"text-editor.default\">\n\t\t\t\t<div class=\"elementor-widget-container\">\n\t\t\t\t\t\t\t\t\tPatikrinkite el. pa\u0161t\u0105, ar jame n\u0117ra pirkimo kvito. Jei nerandate pirkimo kvito gautuosiuose, patikrinkite \u0161lam\u0161to aplankus ir \u012f balt\u0105j\u012f s\u0105ra\u0161\u0105 \u012ftraukite \u201eJAV imigracijos pagalba\u201c. I\u0161samesn\u0117s informacijos apie tai, kaip \u012ftraukti m\u016bs\u0173 el. pa\u0161to adres\u0105 \u012f balt\u0105j\u012f s\u0105ra\u0161\u0105, galite rasti internete.  \t\t\t\t\t\t\t\t<\/div>\n\t\t\t\t<\/div>\n\t\t\t\t<\/div>\n\t\t<div class=\"elementor-element elementor-element-fafd01c e-con-full e-flex wpr-particle-no wpr-jarallax-no wpr-parallax-no wpr-sticky-section-no e-con e-child\" data-id=\"fafd01c\" data-element_type=\"container\" data-settings=\"{&quot;background_background&quot;:&quot;classic&quot;}\">\n\t\t\t\t<div class=\"elementor-element elementor-element-08767ad elementor-widget elementor-widget-text-editor\" data-id=\"08767ad\" data-element_type=\"widget\" data-widget_type=\"text-editor.default\">\n\t\t\t\t<div class=\"elementor-widget-container\">\n\t\t\t\t\t\t\t\t\tS\u0105skaita fakt\u016bra\t\t\t\t\t\t\t\t<\/div>\n\t\t\t\t<\/div>\n\t\t\t\t<\/div>\n\t\t<div class=\"elementor-element elementor-element-a2b3de8 e-con-full e-flex wpr-particle-no wpr-jarallax-no wpr-parallax-no wpr-sticky-section-no e-con e-child\" data-id=\"a2b3de8\" data-element_type=\"container\">\n\t\t\t\t<div class=\"elementor-element elementor-element-56372a9 elementor-widget elementor-widget-text-editor\" data-id=\"56372a9\" data-element_type=\"widget\" data-widget_type=\"text-editor.default\">\n\t\t\t\t<div class=\"elementor-widget-container\">\n\t\t\t\t\t\t\t\t\tMok\u0117jimo b\u016bdas: kreditin\u0117 kortel\u0117\t\t\t\t\t\t\t\t<\/div>\n\t\t\t\t<\/div>\n\t\t\t\t<div class=\"elementor-element elementor-element-d8eaf26 elementor-widget elementor-widget-text-editor\" data-id=\"d8eaf26\" data-element_type=\"widget\" data-widget_type=\"text-editor.default\">\n\t\t\t\t<div class=\"elementor-widget-container\">\n\t\t\t\t\t\t\t\t\tPristatymas \u012f: Elektroninis pristatymas\t\t\t\t\t\t\t\t<\/div>\n\t\t\t\t<\/div>\n\t\t\t\t<\/div>\n\t\t<div class=\"elementor-element elementor-element-1960c80 e-con-full e-flex wpr-particle-no wpr-jarallax-no wpr-parallax-no wpr-sticky-section-no e-con e-child\" data-id=\"1960c80\" data-element_type=\"container\" data-settings=\"{&quot;background_background&quot;:&quot;classic&quot;}\">\n\t\t\t\t<div class=\"elementor-element elementor-element-ba25977 elementor-widget elementor-widget-text-editor\" data-id=\"ba25977\" data-element_type=\"widget\" data-widget_type=\"text-editor.default\">\n\t\t\t\t<div class=\"elementor-widget-container\">\n\t\t\t\t\t\t\t\t\tPrek\u0117\t\t\t\t\t\t\t\t<\/div>\n\t\t\t\t<\/div>\n\t\t\t\t<\/div>\n\t\t<div class=\"elementor-element elementor-element-ae7951a e-con-full e-flex wpr-particle-no wpr-jarallax-no wpr-parallax-no wpr-sticky-section-no e-con e-child\" data-id=\"ae7951a\" data-element_type=\"container\">\n\t\t\t\t<div class=\"elementor-element elementor-element-12f9fd7 elementor-widget elementor-widget-text-editor\" data-id=\"12f9fd7\" data-element_type=\"widget\" data-widget_type=\"text-editor.default\">\n\t\t\t\t<div class=\"elementor-widget-container\">\n\t\t\t\t\t\t\t\t\tJAV vizos pra\u0161ymas\t\t\t\t\t\t\t\t<\/div>\n\t\t\t\t<\/div>\n\t\t\t\t<\/div>\n\t\t<div class=\"elementor-element elementor-element-e15ab14 e-con-full e-flex wpr-particle-no wpr-jarallax-no wpr-parallax-no wpr-sticky-section-no e-con e-child\" data-id=\"e15ab14\" data-element_type=\"container\">\n\t\t\t\t<div class=\"elementor-element elementor-element-8f7fd7c elementor-widget elementor-widget-text-editor\" data-id=\"8f7fd7c\" data-element_type=\"widget\" data-widget_type=\"text-editor.default\">\n\t\t\t\t<div class=\"elementor-widget-container\">\n\t\t\t\t\t\t\t\t\tPastaba:<br> \u0160is mok\u0117jimas j\u016bs\u0173 kredito kortel\u0117s ataskaitoje bus rodomas kaip \u201eJAV imigracijos pagalba\u201c arba \u201eusimmigrationassistance.org\u201c.\t\t\t\t\t\t\t\t<\/div>\n\t\t\t\t<\/div>\n\t\t\t\t<\/div>\n\t\t<div class=\"elementor-element elementor-element-a13c92a e-con-full e-flex wpr-particle-no wpr-jarallax-no wpr-parallax-no wpr-sticky-section-no e-con e-child\" data-id=\"a13c92a\" data-element_type=\"container\">\n\t\t\t\t<div class=\"elementor-element elementor-element-c7db7c3 elementor-widget elementor-widget-text-editor\" data-id=\"c7db7c3\" data-element_type=\"widget\" data-widget_type=\"text-editor.default\">\n\t\t\t\t<div class=\"elementor-widget-container\">\n\t\t\t\t\t\t\t\t\tS\u0117kmingai pateik\u0117te mok\u0117jim\u0105. Jei kortel\u0117s tur\u0117tojas pateiks bankui arba \u201ePayPal\u201c pra\u0161ym\u0105 gr\u0105\u017einti mokes\u010dius <b>, parai\u0161ka bus automati\u0161kai atmesta<\/b> . \t\t\t\t\t\t\t\t<\/div>\n\t\t\t\t<\/div>\n\t\t\t\t<\/div>\n\t\t\t\t<\/div>\n\t\t\t\t\t<\/div>\n\t\t\t\t<\/div>\n\t\t\t\t<\/div>\n\t\t","protected":false},"excerpt":{"rendered":"<p>Vizos parai\u0161ka s\u0117kmingai pateikta J\u016bs\u0173 vizos parai\u0161ka s\u0117kmingai pateikta. El. pa\u0161to adresas su j\u016bs\u0173 parai\u0161kos informacija buvo i\u0161si\u0173stas el. pa\u0161to kvitu. Pra\u0161ome j\u012f i\u0161saugoti. Jei m\u016bs\u0173 pirkimo kvito el. lai\u0161kas pateko \u012f j\u016bs\u0173 \u0161lam\u0161to aplank\u0105 , pa\u017eym\u0117kite j\u012f kaip \u201eNe \u0161lam\u0161tas\u201c. Jei reikia pateikti parai\u0161k\u0105 kito parei\u0161k\u0117jo vardu, spustel\u0117kite mygtuk\u0105. Prid\u0117ti kit\u0105 program\u0105 J\u016bs\u0173 vizos parai\u0161kos b\u016bsena: 2\/2 \u017dINGSNIS U\u017dBAIGTAS Surink\u0119 vis\u0105 reikiam\u0105 informacij\u0105, kurios reikalauja JAV Valstyb\u0117s departamentas, esame pasireng\u0119 visapusi\u0161kai apdoroti j\u016bs\u0173 vizos parai\u0161k\u0105. M\u016bs\u0173 komanda atliks i\u0161sami\u0105 pateiktos informacijos per\u017ei\u016br\u0105, kad u\u017etikrint\u0173 atitikt\u012f visiems reglamentams, siekdama paspartinti j\u016bs\u0173 parai\u0161kos apdorojim\u0105. D\u0117kojame, kad laiku pateik\u0117te visus reikiamus dokumentus, nes tai leid\u017eia mums efektyviai dirbti. Pastaba: kuo grei\u010diau el. pa\u0161tu informuosime jus apie j\u016bs\u0173 pra\u0161ymo d\u0117l susitikimo ambasadoje \/ konsulate nagrin\u0117jimo eig\u0105. 1. 1\/2 veiksmas atliktas S\u0117kmingai gavome j\u016bs\u0173 pradin\u0119 vizos parai\u0161k\u0105. Tur\u0117jote gauti el. lai\u0161k\u0105 su visomis reikalingomis instrukcijomis, kaip pereiti prie antrojo etapo. 2. 2\/2 veiksmas atliktas J\u016bs atlikote antr\u0105j\u012f ir paskutin\u012f parai\u0161kos teikimo proceso etap\u0105. \u0160iame etape reik\u0117jo pateikti i\u0161sami\u0105 informacij\u0105. 3. Per\u017ei\u016brima J\u016bs\u0173 paskirtas atstovas \u0161iuo metu per\u017ei\u016bri j\u016bs\u0173 parai\u0161k\u0105, siekdamas \u012fsitikinti, kad pateikti duomenys yra i\u0161sam\u016bs ir tiksl\u016bs, prie\u0161 pateikdamas j\u0105 JAV Valstyb\u0117s departamentui. 4. Laukiama patvirtinimo J\u016bs\u0173 parai\u0161ka buvo pateikta pateiktas JAV Valstyb\u0117s departamentui ir \u0161iuo metu laukia patvirtinimo. 5. Parai\u0161kos rezultatas J\u016bs\u0173 parai\u0161ka buvo pateikta per\u017ei\u016br\u0117jo JAV Valstyb\u0117s departamentas. Patikrinkite savo el. pa\u0161to d\u0117\u017eut\u0119, b\u016bsite informuoti el. pa\u0161tu, kai tik bus patvirtinta arba jei reik\u0117s daugiau informacijos. Jei reikia pateikti parai\u0161k\u0105 kito parei\u0161k\u0117jo vardu, spustel\u0117kite mygtuk\u0105. Prid\u0117ti kit\u0105 program\u0105 J\u016bs\u0173 kortel\u0117 autorizuota mok\u0117jimui. Kvitas i\u0161si\u0173stas \u012f j\u016bs\u0173 el. pa\u0161to adres\u0105, o visa s\u0105skaitos fakt\u016bros informacija pateikta \u017eemiau. Patikrinkite el. pa\u0161t\u0105, ar jame n\u0117ra pirkimo kvito. Jei nerandate pirkimo kvito gautuosiuose, patikrinkite \u0161lam\u0161to aplankus ir \u012f balt\u0105j\u012f s\u0105ra\u0161\u0105 \u012ftraukite \u201eJAV imigracijos pagalba\u201c. I\u0161samesn\u0117s informacijos apie tai, kaip \u012ftraukti m\u016bs\u0173 el. pa\u0161to adres\u0105 \u012f balt\u0105j\u012f s\u0105ra\u0161\u0105, galite rasti internete. S\u0105skaita fakt\u016braMok\u0117jimo b\u016bdas: kreditin\u0117 kortel\u0117Pristatymas \u012f: Elektroninis pristatymasPrek\u0117JAV vizos pra\u0161ymasPastaba: \u0160is mok\u0117jimas j\u016bs\u0173 kredito kortel\u0117s ataskaitoje bus rodomas kaip \u201eJAV imigracijos pagalba\u201c arba \u201eusimmigrationassistance.org\u201c.S\u0117kmingai pateik\u0117te mok\u0117jim\u0105. Jei kortel\u0117s tur\u0117tojas pateiks bankui arba \u201ePayPal\u201c pra\u0161ym\u0105 gr\u0105\u017einti mokes\u010dius , parai\u0161ka bus automati\u0161kai atmesta .<\/p>\n","protected":false},"author":3,"featured_media":0,"parent":0,"menu_order":0,"comment_status":"closed","ping_status":"closed","template":"","meta":{"footnotes":""},"class_list":["post-29329","page","type-page","status-publish","hentry"],"_links":{"self":[{"href":"https:\/\/usimmigrationassistance.org\/lt\/wp-json\/wp\/v2\/pages\/29329","targetHints":{"allow":["GET"]}}],"collection":[{"href":"https:\/\/usimmigrationassistance.org\/lt\/wp-json\/wp\/v2\/pages"}],"about":[{"href":"https:\/\/usimmigrationassistance.org\/lt\/wp-json\/wp\/v2\/types\/page"}],"author":[{"embeddable":true,"href":"https:\/\/usimmigrationassistance.org\/lt\/wp-json\/wp\/v2\/users\/3"}],"replies":[{"embeddable":true,"href":"https:\/\/usimmigrationassistance.org\/lt\/wp-json\/wp\/v2\/comments?post=29329"}],"version-history":[{"count":3,"href":"https:\/\/usimmigrationassistance.org\/lt\/wp-json\/wp\/v2\/pages\/29329\/revisions"}],"predecessor-version":[{"id":96194,"href":"https:\/\/usimmigrationassistance.org\/lt\/wp-json\/wp\/v2\/pages\/29329\/revisions\/96194"}],"wp:attachment":[{"href":"https:\/\/usimmigrationassistance.org\/lt\/wp-json\/wp\/v2\/media?parent=29329"}],"curies":[{"name":"wp","href":"https:\/\/api.w.org\/{rel}","templated":true}]}}