{"id":29332,"date":"2025-03-19T05:44:24","date_gmt":"2025-03-19T04:44:24","guid":{"rendered":"https:\/\/usimmigrationassistance.org\/vizos-paraiskos-2-dalis"},"modified":"2025-06-11T10:05:10","modified_gmt":"2025-06-11T09:05:10","slug":"vizos-paraiskos-2-dalis","status":"publish","type":"page","link":"https:\/\/usimmigrationassistance.org\/lt\/vizos-paraiskos-2-dalis\/","title":{"rendered":"Vizos parai\u0161kos 2 dalis"},"content":{"rendered":"\t\t<div data-elementor-type=\"wp-page\" data-elementor-id=\"29332\" class=\"elementor elementor-29332 elementor-1041\" data-elementor-post-type=\"page\">\n\t\t\t\t<div class=\"elementor-element elementor-element-88fc555 e-con-full e-flex wpr-particle-no wpr-jarallax-no wpr-parallax-no wpr-sticky-section-no e-con e-parent\" data-id=\"88fc555\" data-element_type=\"container\" data-settings=\"{&quot;background_background&quot;:&quot;classic&quot;}\">\n\t\t<div class=\"elementor-element elementor-element-0be8d9a e-con-full e-flex wpr-particle-no wpr-jarallax-no wpr-parallax-no wpr-sticky-section-no e-con e-child\" data-id=\"0be8d9a\" data-element_type=\"container\">\n\t\t\t\t<div class=\"elementor-element elementor-element-f11c58e elementor-widget elementor-widget-heading\" data-id=\"f11c58e\" data-element_type=\"widget\" data-widget_type=\"heading.default\">\n\t\t\t\t<div class=\"elementor-widget-container\">\n\t\t\t\t\t<h2 class=\"elementor-heading-title elementor-size-default\">\u0160i svetain\u0117 N\u0116RA susijusi su jokia Jungtini\u0173 Valstij\u0173 vyriausybine agent\u016bra ar departamentu.<\/h2>\t\t\t\t<\/div>\n\t\t\t\t<\/div>\n\t\t\t\t<\/div>\n\t\t\t\t<\/div>\n\t\t<div class=\"elementor-element elementor-element-26cb5c2 e-flex e-con-boxed wpr-particle-no wpr-jarallax-no wpr-parallax-no wpr-sticky-section-no e-con e-parent\" data-id=\"26cb5c2\" data-element_type=\"container\" data-settings=\"{&quot;background_background&quot;:&quot;classic&quot;}\">\n\t\t\t\t\t<div class=\"e-con-inner\">\n\t\t<div class=\"elementor-element elementor-element-31ca7dc e-con-full e-flex wpr-particle-no wpr-jarallax-no wpr-parallax-no wpr-sticky-section-no e-con e-child\" data-id=\"31ca7dc\" data-element_type=\"container\">\n\t\t\t\t<div class=\"elementor-element elementor-element-d448d58 forminator-back-btn-arrow elementor-view-default elementor-widget elementor-widget-icon\" data-id=\"d448d58\" data-element_type=\"widget\" data-widget_type=\"icon.default\">\n\t\t\t\t<div class=\"elementor-widget-container\">\n\t\t\t\t\t\t\t<div class=\"elementor-icon-wrapper\">\n\t\t\t<div class=\"elementor-icon\">\n\t\t\t<svg aria-hidden=\"true\" class=\"e-font-icon-svg e-fas-chevron-left\" viewBox=\"0 0 320 512\" xmlns=\"http:\/\/www.w3.org\/2000\/svg\"><path d=\"M34.52 239.03L228.87 44.69c9.37-9.37 24.57-9.37 33.94 0l22.67 22.67c9.36 9.36 9.37 24.52.04 33.9L131.49 256l154.02 154.75c9.34 9.38 9.32 24.54-.04 33.9l-22.67 22.67c-9.37 9.37-24.57 9.37-33.94 0L34.52 272.97c-9.37-9.37-9.37-24.57 0-33.94z\"><\/path><\/svg>\t\t\t<\/div>\n\t\t<\/div>\n\t\t\t\t\t\t<\/div>\n\t\t\t\t<\/div>\n\t\t\t\t<\/div>\n\t\t<div class=\"elementor-element elementor-element-aa1fca9 e-con-full e-flex wpr-particle-no wpr-jarallax-no wpr-parallax-no wpr-sticky-section-no e-con e-child\" data-id=\"aa1fca9\" data-element_type=\"container\">\n\t\t\t\t<div class=\"elementor-element elementor-element-2d43f0a elementor-widget elementor-widget-heading\" data-id=\"2d43f0a\" data-element_type=\"widget\" data-widget_type=\"heading.default\">\n\t\t\t\t<div class=\"elementor-widget-container\">\n\t\t\t\t\t<h2 class=\"elementor-heading-title elementor-size-default\">JAV vizos pra\u0161ymas\n<\/h2>\t\t\t\t<\/div>\n\t\t\t\t<\/div>\n\t\t\t\t<\/div>\n\t\t\t\t\t<\/div>\n\t\t\t\t<\/div>\n\t\t<div class=\"elementor-element elementor-element-65d268c e-flex e-con-boxed wpr-particle-no wpr-jarallax-no wpr-parallax-no wpr-sticky-section-no e-con e-parent\" data-id=\"65d268c\" data-element_type=\"container\">\n\t\t\t\t\t<div class=\"e-con-inner\">\n\t\t<div class=\"elementor-element elementor-element-dbc5735 e-con-full e-flex wpr-particle-no wpr-jarallax-no wpr-parallax-no wpr-sticky-section-no e-con e-child\" data-id=\"dbc5735\" data-element_type=\"container\">\n\t\t\t\t<div class=\"elementor-element elementor-element-f07b324 elementor-widget__width-inherit elementor-widget elementor-widget-shortcode\" data-id=\"f07b324\" data-element_type=\"widget\" data-widget_type=\"shortcode.default\">\n\t\t\t\t<div class=\"elementor-widget-container\">\n\t\t\t\t\t\t\t<div class=\"elementor-shortcode\"><form id=\"forminator-module-842\" class=\"forminator-custom-form forminator-custom-form-842\" method=\"post\" data-forminator-render=\"0\" data-uid=\"69f3f97658f59\"><div role=\"alert\" aria-live=\"polite\" class=\"forminator-response-message forminator-error\" aria-hidden=\"true\"><\/div><\/form><\/div>\n\t\t\t\t\t\t<\/div>\n\t\t\t\t<\/div>\n\t\t\t\t<div class=\"elementor-element elementor-element-7c348b2 elementor-widget elementor-widget-text-editor\" data-id=\"7c348b2\" data-element_type=\"widget\" data-widget_type=\"text-editor.default\">\n\t\t\t\t<div class=\"elementor-widget-container\">\n\t\t\t\t\t\t\t\t\t<p>Spustel\u0117dami \u201eT\u0119sti\u201c, j\u016bs sutinkate su m\u016bs\u0173 <a style=\"color: #808080;\" href=\"https:\/\/usimmigrationassistance.org\/lt\/privacy_policy\/\">privatumo politika<\/a> ir <a style=\"color: #808080;\" href=\"https:\/\/usimmigrationassistance.org\/lt\/terms_of_use\/\">naudojimo s\u0105lygomis.<\/a><\/p>\t\t\t\t\t\t\t\t<\/div>\n\t\t\t\t<\/div>\n\t\t\t\t<\/div>\n\t\t\t\t\t<\/div>\n\t\t\t\t<\/div>\n\t\t\t\t<\/div>\n\t\t","protected":false},"excerpt":{"rendered":"<p>\u0160i svetain\u0117 N\u0116RA susijusi su jokia Jungtini\u0173 Valstij\u0173 vyriausybine agent\u016bra ar departamentu. JAV vizos pra\u0161ymas Spustel\u0117dami \u201eT\u0119sti\u201c, j\u016bs sutinkate su m\u016bs\u0173 privatumo politika ir naudojimo s\u0105lygomis.<\/p>\n","protected":false},"author":3,"featured_media":0,"parent":0,"menu_order":0,"comment_status":"closed","ping_status":"closed","template":"","meta":{"footnotes":""},"class_list":["post-29332","page","type-page","status-publish","hentry"],"_links":{"self":[{"href":"https:\/\/usimmigrationassistance.org\/lt\/wp-json\/wp\/v2\/pages\/29332","targetHints":{"allow":["GET"]}}],"collection":[{"href":"https:\/\/usimmigrationassistance.org\/lt\/wp-json\/wp\/v2\/pages"}],"about":[{"href":"https:\/\/usimmigrationassistance.org\/lt\/wp-json\/wp\/v2\/types\/page"}],"author":[{"embeddable":true,"href":"https:\/\/usimmigrationassistance.org\/lt\/wp-json\/wp\/v2\/users\/3"}],"replies":[{"embeddable":true,"href":"https:\/\/usimmigrationassistance.org\/lt\/wp-json\/wp\/v2\/comments?post=29332"}],"version-history":[{"count":2,"href":"https:\/\/usimmigrationassistance.org\/lt\/wp-json\/wp\/v2\/pages\/29332\/revisions"}],"predecessor-version":[{"id":38662,"href":"https:\/\/usimmigrationassistance.org\/lt\/wp-json\/wp\/v2\/pages\/29332\/revisions\/38662"}],"wp:attachment":[{"href":"https:\/\/usimmigrationassistance.org\/lt\/wp-json\/wp\/v2\/media?parent=29332"}],"curies":[{"name":"wp","href":"https:\/\/api.w.org\/{rel}","templated":true}]}}