{"id":24867,"date":"2025-03-18T07:09:49","date_gmt":"2025-03-18T06:09:49","guid":{"rendered":"https:\/\/usimmigrationassistance.org\/juridiska-atruna"},"modified":"2025-05-20T16:01:33","modified_gmt":"2025-05-20T12:01:33","slug":"juridiska-atruna","status":"publish","type":"page","link":"https:\/\/usimmigrationassistance.org\/lv\/juridiska-atruna\/","title":{"rendered":"Juridisk\u0101 atruna"},"content":{"rendered":"\t\t<div data-elementor-type=\"wp-page\" data-elementor-id=\"24867\" class=\"elementor elementor-24867 elementor-881\" data-elementor-post-type=\"page\">\n\t\t\t\t<div class=\"elementor-element elementor-element-38977736 e-flex e-con-boxed wpr-particle-no wpr-jarallax-no wpr-parallax-no wpr-sticky-section-no e-con e-parent\" data-id=\"38977736\" data-element_type=\"container\">\n\t\t\t\t\t<div class=\"e-con-inner\">\n\t\t<div class=\"elementor-element elementor-element-95d71bf e-con-full e-flex wpr-particle-no wpr-jarallax-no wpr-parallax-no wpr-sticky-section-no e-con e-child\" data-id=\"95d71bf\" data-element_type=\"container\">\n\t\t\t\t<div class=\"elementor-element elementor-element-06e6898 elementor-widget elementor-widget-heading\" data-id=\"06e6898\" data-element_type=\"widget\" data-widget_type=\"heading.default\">\n\t\t\t\t<div class=\"elementor-widget-container\">\n\t\t\t\t\t<h2 class=\"elementor-heading-title elementor-size-default\">Juridisk\u0101 atruna<\/h2>\t\t\t\t<\/div>\n\t\t\t\t<\/div>\n\t\t\t\t<\/div>\n\t\t<div class=\"elementor-element elementor-element-30dafa5 e-con-full e-flex wpr-particle-no wpr-jarallax-no wpr-parallax-no wpr-sticky-section-no e-con e-child\" data-id=\"30dafa5\" data-element_type=\"container\" data-settings=\"{&quot;background_background&quot;:&quot;classic&quot;}\">\n\t\t\t\t<div class=\"elementor-element elementor-element-20545007 elementor-widget elementor-widget-text-editor\" data-id=\"20545007\" data-element_type=\"widget\" data-widget_type=\"text-editor.default\">\n\t\t\t\t<div class=\"elementor-widget-container\">\n\t\t\t\t\t\t\t\t\t<p><\/p>\n<p>Ne TR\u0410VEL MUNDO &#8211; FZCO, ne <a href=\"https:\/\/usimmigrationassistance.org\/lv\" target=\"_blank\" rel=\"noopener\">usimmigrationassistance.org<\/a> nav saist\u012bti ar Amerikas Savienoto Valstu Valsts departamentu (ASV DOS), Amerikas Savienoto Valstu Iek\u0161zemes dro\u0161\u012bbas departamentu (ASV DHS), Amerikas Savienoto Valstu Pilson\u012bbas un imigr\u0101cijas dienestu (USCIS) vai k\u0101du citu Amerikas Savienoto Valstu vald\u012bbas a\u0123ent\u016bru.<br> M\u0113s neesam juridiska firma, m\u0113s nesniedzam juridiskas konsult\u0101cijas un neaizst\u0101jam advok\u0101tu.<br> M\u0113s esam priv\u0101ts, internet\u0101 b\u0101z\u0113ts ce\u013cojumu un imigr\u0101cijas konsult\u0101ciju pakalpojumu sniedz\u0113js, kas velt\u012bts pal\u012bdz\u012bbas snieg\u0161anai cilv\u0113kiem ce\u013cojumos uz Amerikas Savienotaj\u0101m Valst\u012bm.  <\/p>\n<p><\/p>\n<p><\/p>\n<p>Ne TR\u0410VEL MUNDO &#8211; FZCO, <a href=\"https:\/\/usimmigrationassistance.org\/lv\" target=\"_blank\" rel=\"noopener\">ne usimmigrationassistance.org<\/a> , ne to darbinieki neapgalvo, ka vi\u0146iem b\u016btu \u012bpa\u0161as zin\u0101\u0161anas par imigr\u0101cijas ties\u012bb\u0101m vai proced\u016br\u0101m. Nor\u0101d\u012bt\u0101s pieteikumu sagatavo\u0161anas pal\u012bdz\u012bbas pakalpojumu cenas NEIEK\u013bAUJ vald\u012bbas pieteikuma, medic\u012bnisk\u0101s p\u0101rbaudes, iesnieg\u0161anas vai biometrijas nodevas. Vald\u012bbas nodevas netiek atmaks\u0101tas. Jurista nodevas netiek atmaks\u0101tas.   <\/p>\n<p><\/p>\n<p><\/p>\n<p>Amerikas Savienoto Valstu v\u012bzu politika attiecas uz pras\u012bb\u0101m, kas j\u0101izpilda \u0101rvalstu pilsonim, kur\u0161 v\u0113las iece\u013cot Amerikas Savienotaj\u0101s Valst\u012bs, lai sa\u0146emtu v\u012bzu, kas ir at\u013cauja ce\u013cot uz, iece\u013cot un\/vai uztur\u0113ties Amerikas Savienotaj\u0101s Valst\u012bs. Amerikas Savienoto Valstu apmekl\u0113t\u0101jiem v\u012bza j\u0101sa\u0146em no vienas no Amerikas Savienoto Valstu diplom\u0101tiskaj\u0101m p\u0101rst\u0101vniec\u012bb\u0101m, ja vien vi\u0146i nen\u0101k no k\u0101das no bezv\u012bzu valst\u012bm vai Bezv\u012bzu programmas valst\u012bm. Tie pa\u0161i noteikumi attiecas uz Puertoriko un Amerikas Savienoto Valstu Vird\u017e\u012bnu sal\u0101m, savuk\u0101rt at\u0161\u0137ir\u012bgi noteikumi attiecas uz p\u0101r\u0113j\u0101m ASV teritorij\u0101m, proti, Guamu, Zieme\u013cu Marianas sal\u0101m un Amerik\u0101\u0146u Samoa.  <\/p>\n<p><\/p>\n<p><\/p>\n<p>Visai inform\u0101cijai, ko sniedzat j\u016bs vai j\u016bsu v\u0101rd\u0101 nor\u0101d\u012bta tre\u0161\u0101 persona, ir j\u0101b\u016bt patiesai un pareizai. ASV v\u012bza var tikt atsaukta jebkur\u0101 laik\u0101 un jebkura iemesla d\u0113\u013c, piem\u0113ram, jaunas inform\u0101cijas d\u0113\u013c, kas ietekm\u0113 atbilst\u012bbu. Jums var tikt piem\u0113roti administrat\u012bvi vai krimin\u0101li sodi, ja j\u016bs apzin\u0101ti un t\u012b\u0161i sniedzat b\u016btiski nepatiesu, fikt\u012bvu vai kr\u0101pniecisku pazi\u0146ojumu vai apgalvojumu v\u012bzas pieteikum\u0101, ko iesniedzat j\u016bs vai j\u016bsu v\u0101rd\u0101.  <\/p>\n<p><\/p>\n<p><\/p>\n<p>Pirms pakalpojuma ieg\u0101des m\u016bsu t\u012bmek\u013ca vietn\u0113, l\u016bdzu, iepaz\u012bstieties ar atmaksas politiku.<\/p>\n<p><\/p>\n<p><\/p>\n<p>\u0160aj\u0101 t\u012bmek\u013ca vietn\u0113 ir iek\u013cauta visp\u0101r\u012bga inform\u0101cija par imigr\u0101cijas jaut\u0101jumiem un noris\u0113m. \u0160\u0101di materi\u0101li ir paredz\u0113ti tikai informat\u012bviem nol\u016bkiem un var neatspogu\u013cot jaun\u0101kos notikumus. \u0160ie informat\u012bvie materi\u0101li nav paredz\u0113ti un nav j\u0101uztver k\u0101 juridiska konsult\u0101cija par jebk\u0101diem faktiem vai apst\u0101k\u013ciem. Lai sa\u0146emtu nor\u0101d\u012bjumus par konkr\u0113t\u0101m juridisk\u0101m probl\u0113m\u0101m, jums j\u0101sazin\u0101s ar juristu.   <\/p>\n<p><\/p>\n<p><\/p>\n<p>Lai gan m\u0113s cen\u0161amies nodro\u0161in\u0101t, lai Vietnes inform\u0101cija b\u016btu aktu\u0101la un pareiza, TR\u0410VEL MUNDO &#8211; FZCO nesniedz nek\u0101das tie\u0161as vai netie\u0161as garantijas par vietnes vai taj\u0101 ietvert\u0101s inform\u0101cijas, produktu, pakalpojumu vai saist\u012bto grafiku piln\u012bgumu, precizit\u0101ti, uzticam\u012bbu, piem\u0113rot\u012bbu vai pieejam\u012bbu jebk\u0101diem m\u0113r\u0137iem. T\u0101p\u0113c jebk\u0101da pa\u013cau\u0161an\u0101s uz \u0161\u0101du materi\u0101lu ir tikai uz j\u016bsu pa\u0161u risku. <\/p>\n<p><\/p>\n<p><\/p>\n<p>TR\u0410VEL MUNDO &#8211; FZCO neuz\u0146emas atbild\u012bbu par jebk\u0101du nepatiesu, neprec\u012bzu, nepiem\u0113rotu vai nepiln\u012bgu inform\u0101ciju, kas sniegta t\u012bmek\u013ca vietn\u0113.<\/p>\n<p><\/p>\n<p><\/p>\n<p>Lai gan tiek pieliktas visas p\u016bles, lai t\u012bmek\u013ca vietne darbotos nevainojami, interneta rakstura un izmantot\u0101s tehnolo\u0123ijas d\u0113\u013c TR\u0410VEL MUNDO &#8211; FZCO neuz\u0146emas atbild\u012bbu un neb\u016bs atbild\u012bga par t\u012bmek\u013ca vietnes \u012bslaic\u012bgu nepieejam\u012bbu tehnisku probl\u0113mu (vai citu iemeslu) d\u0113\u013c, kas nav t\u0101 kontrol\u0113, vai par jebk\u0101diem zaud\u0113jumiem vai boj\u0101jumiem, kas radu\u0161ies \u0161\u012bs t\u012bmek\u013ca vietnes lieto\u0161anas vai piek\u013cuves, vai nesp\u0113jas to lietot vai piek\u013c\u016bt rezult\u0101t\u0101.<\/p>\n<p><\/p>\n<p><\/p>\n<p>Da\u017eas saites \u0161aj\u0101 t\u012bmek\u013ca vietn\u0113 ved\u012bs uz t\u012bmek\u013ca vietn\u0113m, kuras nekontrol\u0113 TR\u0410VEL MUNDO &#8211; FZCO. Aktiviz\u0113jot \u0161\u012bs saites, j\u016bs pamet\u012bsiet TR\u0410VEL MUNDO &#8211; FZCO t\u012bmek\u013ca vietni. TR\u0410VEL MUNDO &#8211; FZCO nekontrol\u0113 un neuz\u0146emas nek\u0101du atbild\u012bbu par materi\u0101liem, produktiem vai pakalpojumiem, kas pieejami jebkur\u0101 t\u012bmek\u013ca vietn\u0113, kuru nekontrol\u0113 TR\u0410VEL MUNDO &#8211; FZCO.  <\/p>\n<p><\/p>\n<p><\/p>\n<p>Cikt\u0101l to neaizliedz likums, TR\u0410VEL MUNDO &#8211; FZCO nek\u0101dos apst\u0101k\u013cos nav atbild\u012bgs pret jums vai cit\u0101m tre\u0161aj\u0101m person\u0101m par jebk\u0101diem zaud\u0113jumiem vai kait\u0113jumu (tostarp, bet ne tikai, zaud\u0113jumiem saist\u012bb\u0101 ar uz\u0146\u0113m\u0113jdarb\u012bbas zaud\u0113jumiem vai pe\u013c\u0146as zaud\u0113jumiem), kas tie\u0161i vai netie\u0161i radu\u0161ies j\u016bsu \u0161\u012bs vietnes vai jebkura taj\u0101 ietvert\u0101 materi\u0101la lieto\u0161anas vai nesp\u0113jas to lietot rezult\u0101t\u0101.<\/p>\n<p><\/p>\n<p><\/p>\n<p>Izmantojot m\u016bsu pakalpojumu, aizpild\u012bt\u0101s anketas ir pieejamas k\u0101 tuk\u0161as veidlapas bez maksas da\u017e\u0101s ASV vald\u012bbas t\u012bmek\u013ca vietn\u0113s. M\u0113s esam priv\u0101ts, uz tehnolo\u0123ij\u0101m balst\u012bts ce\u013cojumu pakalpojumu sniedz\u0113js internet\u0101, kas velt\u012bts tam, lai pal\u012bdz\u0113tu cilv\u0113kiem ce\u013cot uz Amerikas Savienotaj\u0101m Valst\u012bm. Ja nev\u0113laties izmantot m\u016bsu pakalpojumus, varat pieteikties tie\u0161i vietn\u0113 <a href=\"https:\/\/travel.state.gov\/\" target=\"_blank\" rel=\"noreferrer noopener\">travel.state.gov<\/a> vai <a href=\"https:\/\/uscis.gov\/\" target=\"_blank\" rel=\"noreferrer noopener\">uscis.gov<\/a> .  <\/p>\n<p><\/p>\n<p><\/p>\n<p>Jums nevajadz\u0113tu izmantot \u0161o t\u012bmek\u013ca vietni, lai sniegtu uz\u0146em\u0161anas a\u0123entiem konfidenci\u0101lu inform\u0101ciju par savu juridisko jaut\u0101jumu. \u0160\u012bs t\u012bmek\u013ca vietnes lieto\u0161ana nepadara j\u016bs par juridisk\u0101 biroja klientu vai pat par potenci\u0101lo juridisk\u0101 biroja klientu. <\/p>\n<p><\/p>\n<p><\/p>\n<p>J\u016bsu \u0113rt\u012bb\u0101m \u0161\u012b t\u012bmek\u013ca vietne var sniegt saites uz tre\u0161o pu\u0161u t\u012bmek\u013ca vietn\u0113m. \u0160\u0101das saist\u012bt\u0101s t\u012bmek\u013ca vietnes nav m\u016bsu kontrol\u0113, un m\u0113s neuz\u0146emamies nek\u0101du atbild\u012bbu par \u0161\u0101du t\u012bmek\u013ca viet\u0146u satura precizit\u0101ti. <\/p>\n<p><\/p>\n<p><\/p>\n<p>J\u016bsu apmekl\u0113jums un\/vai \u0161\u012bs t\u012bmek\u013ca vietnes lieto\u0161ana apliecina, ka j\u016bs piekr\u012btat un skaidri saprotat \u0161aj\u0101 vietn\u0113 nor\u0101d\u012bt\u0101s atrunas, <a href=\"https:\/\/usimmigrationassistance.org\/terms_of_use\" target=\"_blank\" rel=\"noreferrer noopener\">lieto\u0161anas noteikumus<\/a> , <a href=\"https:\/\/usimmigrationassistance.org\/privacy_policy\" target=\"_blank\" rel=\"noreferrer noopener\">priv\u0101tuma politiku<\/a> un <a href=\"https:\/\/usimmigrationassistance.org\/refund_policy\" target=\"_blank\" rel=\"noreferrer noopener\">atmaksas<\/a> politiku.<\/p>\n<p><\/p>\t\t\t\t\t\t\t\t<\/div>\n\t\t\t\t<\/div>\n\t\t\t\t<\/div>\n\t\t\t\t\t<\/div>\n\t\t\t\t<\/div>\n\t\t\t\t<\/div>\n\t\t","protected":false},"excerpt":{"rendered":"<p>Juridisk\u0101 atruna Ne TR\u0410VEL MUNDO &#8211; FZCO, ne usimmigrationassistance.org nav saist\u012bti ar Amerikas Savienoto Valstu Valsts departamentu (ASV DOS), Amerikas Savienoto Valstu Iek\u0161zemes dro\u0161\u012bbas departamentu (ASV DHS), Amerikas Savienoto Valstu Pilson\u012bbas un imigr\u0101cijas dienestu (USCIS) vai k\u0101du citu Amerikas Savienoto Valstu vald\u012bbas a\u0123ent\u016bru. M\u0113s neesam juridiska firma, m\u0113s nesniedzam juridiskas konsult\u0101cijas un neaizst\u0101jam advok\u0101tu. M\u0113s esam priv\u0101ts, internet\u0101 b\u0101z\u0113ts ce\u013cojumu un imigr\u0101cijas konsult\u0101ciju pakalpojumu sniedz\u0113js, kas velt\u012bts pal\u012bdz\u012bbas snieg\u0161anai cilv\u0113kiem ce\u013cojumos uz Amerikas Savienotaj\u0101m Valst\u012bm. Ne TR\u0410VEL MUNDO &#8211; FZCO, ne usimmigrationassistance.org , ne to darbinieki neapgalvo, ka vi\u0146iem b\u016btu \u012bpa\u0161as zin\u0101\u0161anas par imigr\u0101cijas ties\u012bb\u0101m vai proced\u016br\u0101m. Nor\u0101d\u012bt\u0101s pieteikumu sagatavo\u0161anas pal\u012bdz\u012bbas pakalpojumu cenas NEIEK\u013bAUJ vald\u012bbas pieteikuma, medic\u012bnisk\u0101s p\u0101rbaudes, iesnieg\u0161anas vai biometrijas nodevas. Vald\u012bbas nodevas netiek atmaks\u0101tas. Jurista nodevas netiek atmaks\u0101tas. Amerikas Savienoto Valstu v\u012bzu politika attiecas uz pras\u012bb\u0101m, kas j\u0101izpilda \u0101rvalstu pilsonim, kur\u0161 v\u0113las iece\u013cot Amerikas Savienotaj\u0101s Valst\u012bs, lai sa\u0146emtu v\u012bzu, kas ir at\u013cauja ce\u013cot uz, iece\u013cot un\/vai uztur\u0113ties Amerikas Savienotaj\u0101s Valst\u012bs. Amerikas Savienoto Valstu apmekl\u0113t\u0101jiem v\u012bza j\u0101sa\u0146em no vienas no Amerikas Savienoto Valstu diplom\u0101tiskaj\u0101m p\u0101rst\u0101vniec\u012bb\u0101m, ja vien vi\u0146i nen\u0101k no k\u0101das no bezv\u012bzu valst\u012bm vai Bezv\u012bzu programmas valst\u012bm. Tie pa\u0161i noteikumi attiecas uz Puertoriko un Amerikas Savienoto Valstu Vird\u017e\u012bnu sal\u0101m, savuk\u0101rt at\u0161\u0137ir\u012bgi noteikumi attiecas uz p\u0101r\u0113j\u0101m ASV teritorij\u0101m, proti, Guamu, Zieme\u013cu Marianas sal\u0101m un Amerik\u0101\u0146u Samoa. Visai inform\u0101cijai, ko sniedzat j\u016bs vai j\u016bsu v\u0101rd\u0101 nor\u0101d\u012bta tre\u0161\u0101 persona, ir j\u0101b\u016bt patiesai un pareizai. ASV v\u012bza var tikt atsaukta jebkur\u0101 laik\u0101 un jebkura iemesla d\u0113\u013c, piem\u0113ram, jaunas inform\u0101cijas d\u0113\u013c, kas ietekm\u0113 atbilst\u012bbu. Jums var tikt piem\u0113roti administrat\u012bvi vai krimin\u0101li sodi, ja j\u016bs apzin\u0101ti un t\u012b\u0161i sniedzat b\u016btiski nepatiesu, fikt\u012bvu vai kr\u0101pniecisku pazi\u0146ojumu vai apgalvojumu v\u012bzas pieteikum\u0101, ko iesniedzat j\u016bs vai j\u016bsu v\u0101rd\u0101. Pirms pakalpojuma ieg\u0101des m\u016bsu t\u012bmek\u013ca vietn\u0113, l\u016bdzu, iepaz\u012bstieties ar atmaksas politiku. \u0160aj\u0101 t\u012bmek\u013ca vietn\u0113 ir iek\u013cauta visp\u0101r\u012bga inform\u0101cija par imigr\u0101cijas jaut\u0101jumiem un noris\u0113m. \u0160\u0101di materi\u0101li ir paredz\u0113ti tikai informat\u012bviem nol\u016bkiem un var neatspogu\u013cot jaun\u0101kos notikumus. \u0160ie informat\u012bvie materi\u0101li nav paredz\u0113ti un nav j\u0101uztver k\u0101 juridiska konsult\u0101cija par jebk\u0101diem faktiem vai apst\u0101k\u013ciem. Lai sa\u0146emtu nor\u0101d\u012bjumus par konkr\u0113t\u0101m juridisk\u0101m probl\u0113m\u0101m, jums j\u0101sazin\u0101s ar juristu. Lai gan m\u0113s cen\u0161amies nodro\u0161in\u0101t, lai Vietnes inform\u0101cija b\u016btu aktu\u0101la un pareiza, TR\u0410VEL MUNDO &#8211; FZCO nesniedz nek\u0101das tie\u0161as vai netie\u0161as garantijas par vietnes vai taj\u0101 ietvert\u0101s inform\u0101cijas, produktu, pakalpojumu vai saist\u012bto grafiku piln\u012bgumu, precizit\u0101ti, uzticam\u012bbu, piem\u0113rot\u012bbu vai pieejam\u012bbu jebk\u0101diem m\u0113r\u0137iem. T\u0101p\u0113c jebk\u0101da pa\u013cau\u0161an\u0101s uz \u0161\u0101du materi\u0101lu ir tikai uz j\u016bsu pa\u0161u risku. TR\u0410VEL MUNDO &#8211; FZCO neuz\u0146emas atbild\u012bbu par jebk\u0101du nepatiesu, neprec\u012bzu, nepiem\u0113rotu vai nepiln\u012bgu inform\u0101ciju, kas sniegta t\u012bmek\u013ca vietn\u0113. Lai gan tiek pieliktas visas p\u016bles, lai t\u012bmek\u013ca vietne darbotos nevainojami, interneta rakstura un izmantot\u0101s tehnolo\u0123ijas d\u0113\u013c TR\u0410VEL MUNDO &#8211; FZCO neuz\u0146emas atbild\u012bbu un neb\u016bs atbild\u012bga par t\u012bmek\u013ca vietnes \u012bslaic\u012bgu nepieejam\u012bbu tehnisku probl\u0113mu (vai citu iemeslu) d\u0113\u013c, kas nav t\u0101 kontrol\u0113, vai par jebk\u0101diem zaud\u0113jumiem vai boj\u0101jumiem, kas radu\u0161ies \u0161\u012bs t\u012bmek\u013ca vietnes lieto\u0161anas vai piek\u013cuves, vai nesp\u0113jas to lietot vai piek\u013c\u016bt rezult\u0101t\u0101. Da\u017eas saites \u0161aj\u0101 t\u012bmek\u013ca vietn\u0113 ved\u012bs uz t\u012bmek\u013ca vietn\u0113m, kuras nekontrol\u0113 TR\u0410VEL MUNDO &#8211; FZCO. Aktiviz\u0113jot \u0161\u012bs saites, j\u016bs pamet\u012bsiet TR\u0410VEL MUNDO &#8211; FZCO t\u012bmek\u013ca vietni. TR\u0410VEL MUNDO &#8211; FZCO nekontrol\u0113 un neuz\u0146emas nek\u0101du atbild\u012bbu par materi\u0101liem, produktiem vai pakalpojumiem, kas pieejami jebkur\u0101 t\u012bmek\u013ca vietn\u0113, kuru nekontrol\u0113 TR\u0410VEL MUNDO &#8211; FZCO. Cikt\u0101l to neaizliedz likums, TR\u0410VEL MUNDO &#8211; FZCO nek\u0101dos apst\u0101k\u013cos nav atbild\u012bgs pret jums vai cit\u0101m tre\u0161aj\u0101m person\u0101m par jebk\u0101diem zaud\u0113jumiem vai kait\u0113jumu (tostarp, bet ne tikai, zaud\u0113jumiem saist\u012bb\u0101 ar uz\u0146\u0113m\u0113jdarb\u012bbas zaud\u0113jumiem vai pe\u013c\u0146as zaud\u0113jumiem), kas tie\u0161i vai netie\u0161i radu\u0161ies j\u016bsu \u0161\u012bs vietnes vai jebkura taj\u0101 ietvert\u0101 materi\u0101la lieto\u0161anas vai nesp\u0113jas to lietot rezult\u0101t\u0101. Izmantojot m\u016bsu pakalpojumu, aizpild\u012bt\u0101s anketas ir pieejamas k\u0101 tuk\u0161as veidlapas bez maksas da\u017e\u0101s ASV vald\u012bbas t\u012bmek\u013ca vietn\u0113s. M\u0113s esam priv\u0101ts, uz tehnolo\u0123ij\u0101m balst\u012bts ce\u013cojumu pakalpojumu sniedz\u0113js internet\u0101, kas velt\u012bts tam, lai pal\u012bdz\u0113tu cilv\u0113kiem ce\u013cot uz Amerikas Savienotaj\u0101m Valst\u012bm. Ja nev\u0113laties izmantot m\u016bsu pakalpojumus, varat pieteikties tie\u0161i vietn\u0113 travel.state.gov vai uscis.gov . Jums nevajadz\u0113tu izmantot \u0161o t\u012bmek\u013ca vietni, lai sniegtu uz\u0146em\u0161anas a\u0123entiem konfidenci\u0101lu inform\u0101ciju par savu juridisko jaut\u0101jumu. \u0160\u012bs t\u012bmek\u013ca vietnes lieto\u0161ana nepadara j\u016bs par juridisk\u0101 biroja klientu vai pat par potenci\u0101lo juridisk\u0101 biroja klientu. J\u016bsu \u0113rt\u012bb\u0101m \u0161\u012b t\u012bmek\u013ca vietne var sniegt saites uz tre\u0161o pu\u0161u t\u012bmek\u013ca vietn\u0113m. \u0160\u0101das saist\u012bt\u0101s t\u012bmek\u013ca vietnes nav m\u016bsu kontrol\u0113, un m\u0113s neuz\u0146emamies nek\u0101du atbild\u012bbu par \u0161\u0101du t\u012bmek\u013ca viet\u0146u satura precizit\u0101ti. J\u016bsu apmekl\u0113jums un\/vai \u0161\u012bs t\u012bmek\u013ca vietnes lieto\u0161ana apliecina, ka j\u016bs piekr\u012btat un skaidri saprotat \u0161aj\u0101 vietn\u0113 nor\u0101d\u012bt\u0101s atrunas, lieto\u0161anas noteikumus , priv\u0101tuma politiku un atmaksas politiku.<\/p>\n","protected":false},"author":3,"featured_media":0,"parent":0,"menu_order":0,"comment_status":"closed","ping_status":"closed","template":"","meta":{"footnotes":""},"class_list":["post-24867","page","type-page","status-publish","hentry"],"_links":{"self":[{"href":"https:\/\/usimmigrationassistance.org\/lv\/wp-json\/wp\/v2\/pages\/24867","targetHints":{"allow":["GET"]}}],"collection":[{"href":"https:\/\/usimmigrationassistance.org\/lv\/wp-json\/wp\/v2\/pages"}],"about":[{"href":"https:\/\/usimmigrationassistance.org\/lv\/wp-json\/wp\/v2\/types\/page"}],"author":[{"embeddable":true,"href":"https:\/\/usimmigrationassistance.org\/lv\/wp-json\/wp\/v2\/users\/3"}],"replies":[{"embeddable":true,"href":"https:\/\/usimmigrationassistance.org\/lv\/wp-json\/wp\/v2\/comments?post=24867"}],"version-history":[{"count":3,"href":"https:\/\/usimmigrationassistance.org\/lv\/wp-json\/wp\/v2\/pages\/24867\/revisions"}],"predecessor-version":[{"id":24870,"href":"https:\/\/usimmigrationassistance.org\/lv\/wp-json\/wp\/v2\/pages\/24867\/revisions\/24870"}],"wp:attachment":[{"href":"https:\/\/usimmigrationassistance.org\/lv\/wp-json\/wp\/v2\/media?parent=24867"}],"curies":[{"name":"wp","href":"https:\/\/api.w.org\/{rel}","templated":true}]}}