{"id":24930,"date":"2025-03-21T06:45:10","date_gmt":"2025-03-21T05:45:10","guid":{"rendered":"https:\/\/usimmigrationassistance.org\/paldies-lapa-esta"},"modified":"2025-07-24T08:12:11","modified_gmt":"2025-07-24T07:12:11","slug":"paldies-lapa-esta","status":"publish","type":"page","link":"https:\/\/usimmigrationassistance.org\/lv\/paldies-lapa-esta\/","title":{"rendered":"Paldies lapa ESTA"},"content":{"rendered":"\t\t<div data-elementor-type=\"wp-page\" data-elementor-id=\"24930\" class=\"elementor elementor-24930 elementor-1405\" data-elementor-post-type=\"page\">\n\t\t\t\t<div class=\"elementor-element elementor-element-4e62ca3 e-con-full e-flex wpr-particle-no wpr-jarallax-no wpr-parallax-no wpr-sticky-section-no e-con e-parent\" data-id=\"4e62ca3\" data-element_type=\"container\">\n\t\t<div class=\"elementor-element elementor-element-62f9774 e-con-full e-flex wpr-particle-no wpr-jarallax-no wpr-parallax-no wpr-sticky-section-no e-con e-child\" data-id=\"62f9774\" data-element_type=\"container\">\n\t\t\t\t<div class=\"elementor-element elementor-element-36b3503 elementor-widget elementor-widget-heading\" data-id=\"36b3503\" data-element_type=\"widget\" data-widget_type=\"heading.default\">\n\t\t\t\t<div class=\"elementor-widget-container\">\n\t\t\t\t\t<h1 class=\"elementor-heading-title elementor-size-default\">J\u016bsu ESTA pieteikums ir veiksm\u012bgi iesniegts.<\/h1>\t\t\t\t<\/div>\n\t\t\t\t<\/div>\n\t\t\t\t<div class=\"elementor-element elementor-element-191115b elementor-view-default elementor-widget elementor-widget-icon\" data-id=\"191115b\" data-element_type=\"widget\" data-widget_type=\"icon.default\">\n\t\t\t\t<div class=\"elementor-widget-container\">\n\t\t\t\t\t\t\t<div class=\"elementor-icon-wrapper\">\n\t\t\t<div class=\"elementor-icon\">\n\t\t\t<i aria-hidden=\"true\" class=\"jki jki-checked1-light\"><\/i>\t\t\t<\/div>\n\t\t<\/div>\n\t\t\t\t\t\t<\/div>\n\t\t\t\t<\/div>\n\t\t\t\t<\/div>\n\t\t\t\t<\/div>\n\t\t<div class=\"elementor-element elementor-element-77ae01b e-flex e-con-boxed wpr-particle-no wpr-jarallax-no wpr-parallax-no wpr-sticky-section-no e-con e-parent\" data-id=\"77ae01b\" data-element_type=\"container\">\n\t\t\t\t\t<div class=\"e-con-inner\">\n\t\t<div class=\"elementor-element elementor-element-e5e5024 e-con-full e-flex wpr-particle-no wpr-jarallax-no wpr-parallax-no wpr-sticky-section-no e-con e-child\" data-id=\"e5e5024\" data-element_type=\"container\" id=\"thank-you-custom-container\">\n\t\t<div class=\"elementor-element elementor-element-b076385 e-con-full e-flex wpr-particle-no wpr-jarallax-no wpr-parallax-no wpr-sticky-section-no e-con e-child\" data-id=\"b076385\" data-element_type=\"container\">\n\t\t\t\t<div class=\"elementor-element elementor-element-4ad27ed elementor-widget elementor-widget-heading\" data-id=\"4ad27ed\" data-element_type=\"widget\" data-widget_type=\"heading.default\">\n\t\t\t\t<div class=\"elementor-widget-container\">\n\t\t\t\t\t<h3 class=\"elementor-heading-title elementor-size-default\">John!, J\u016bsu ESTA pieteikuma Nr. Ar pas\u016bt\u012bjuma ID #0 ir veiksm\u012bgi iesniegts.\n<\/h3>\t\t\t\t<\/div>\n\t\t\t\t<\/div>\n\t\t\t\t<div class=\"elementor-element elementor-element-4a9e589 elementor-widget elementor-widget-text-editor\" data-id=\"4a9e589\" data-element_type=\"widget\" data-widget_type=\"text-editor.default\">\n\t\t\t\t<div class=\"elementor-widget-container\">\n\t\t\t\t\t\t\t\t\t<p>Uz nor\u0101d\u012bto e-pasta adresi ir nos\u016bt\u012bts e-pasta kv\u012bts ar inform\u0101ciju par j\u016bsu pieteikumu. L\u016bdzu, saglab\u0101jiet to sav\u0101m vajadz\u012bb\u0101m. Ja m\u016bsu pirkuma kv\u012bts ir non\u0101kusi j\u016bsu <b><u>surog\u0101tpasta map\u0113<\/u><\/b> , l\u016bdzu, atz\u012bm\u0113jiet to k\u0101 &#8220;Nav surog\u0101tpasts&#8221;.  <\/p>\t\t\t\t\t\t\t\t<\/div>\n\t\t\t\t<\/div>\n\t\t\t\t<\/div>\n\t\t<div class=\"elementor-element elementor-element-b0f1bd8 e-con-full e-flex wpr-particle-no wpr-jarallax-no wpr-parallax-no wpr-sticky-section-no e-con e-child\" data-id=\"b0f1bd8\" data-element_type=\"container\" data-settings=\"{&quot;background_background&quot;:&quot;classic&quot;}\">\n\t\t\t\t<div class=\"elementor-element elementor-element-da3e5ad elementor-widget elementor-widget-heading\" data-id=\"da3e5ad\" data-element_type=\"widget\" data-widget_type=\"heading.default\">\n\t\t\t\t<div class=\"elementor-widget-container\">\n\t\t\t\t\t<h3 class=\"elementor-heading-title elementor-size-default\">Ja nepiecie\u0161ams pieteikties cita pretendenta v\u0101rd\u0101, noklik\u0161\u0137iniet uz pogas.<\/h3>\t\t\t\t<\/div>\n\t\t\t\t<\/div>\n\t\t\t\t<div class=\"elementor-element elementor-element-ab78f18 elementor-widget elementor-widget-button\" data-id=\"ab78f18\" data-element_type=\"widget\" data-widget_type=\"button.default\">\n\t\t\t\t<div class=\"elementor-widget-container\">\n\t\t\t\t\t\t\t\t\t<div class=\"elementor-button-wrapper\">\n\t\t\t\t\t<a class=\"elementor-button elementor-button-link elementor-size-sm\" href=\"https:\/\/usimmigrationassistance.org\/lv\/pieteikties\/\">\n\t\t\t\t\t\t<span class=\"elementor-button-content-wrapper\">\n\t\t\t\t\t\t\t\t\t<span class=\"elementor-button-text\">Pievienot citu lietojumprogrammu<\/span>\n\t\t\t\t\t<\/span>\n\t\t\t\t\t<\/a>\n\t\t\t\t<\/div>\n\t\t\t\t\t\t\t\t<\/div>\n\t\t\t\t<\/div>\n\t\t\t\t<\/div>\n\t\t<div class=\"elementor-element elementor-element-ad99abe e-con-full e-flex wpr-particle-no wpr-jarallax-no wpr-parallax-no wpr-sticky-section-no e-con e-child\" data-id=\"ad99abe\" data-element_type=\"container\">\n\t\t\t\t<div class=\"elementor-element elementor-element-2b78b2e elementor-widget elementor-widget-heading\" data-id=\"2b78b2e\" data-element_type=\"widget\" data-widget_type=\"heading.default\">\n\t\t\t\t<div class=\"elementor-widget-container\">\n\t\t\t\t\t<h3 class=\"elementor-heading-title elementor-size-default\">J\u016bsu ESTA pieteikuma statuss: TIEK P\u0100RSKAT\u012aTA<\/h3>\t\t\t\t<\/div>\n\t\t\t\t<\/div>\n\t\t\t\t<div class=\"elementor-element elementor-element-832a0e6 elementor-widget elementor-widget-text-editor\" data-id=\"832a0e6\" data-element_type=\"widget\" data-widget_type=\"text-editor.default\">\n\t\t\t\t<div class=\"elementor-widget-container\">\n\t\t\t\t\t\t\t\t\tJ\u016bsu ce\u013co\u0161anas at\u013cauja tiek p\u0101rskat\u012bta. L\u0113mums b\u016bs pieejams dr\u012bzum\u0101. J\u016bs sa\u0146emsiet pazi\u0146ojumu pa e-pastu, tikl\u012bdz j\u016bsu pieteikums b\u016bs apstiprin\u0101ts vai ja b\u016bs nepiecie\u0161ama papildu inform\u0101cija.  \t\t\t\t\t\t\t\t<\/div>\n\t\t\t\t<\/div>\n\t\t\t\t<div class=\"elementor-element elementor-element-73e1626 elementor-widget elementor-widget-text-editor\" data-id=\"73e1626\" data-element_type=\"widget\" data-widget_type=\"text-editor.default\">\n\t\t\t\t<div class=\"elementor-widget-container\">\n\t\t\t\t\t\t\t\t\tL\u016bdzu, \u0146emiet v\u0113r\u0101: elektronisk\u0101s ce\u013co\u0161anas at\u013caujas parasti tiek apstiprin\u0101tas \u0101tri. \u013boti retos gad\u012bjumos noteiktiem pieteikumiem var b\u016bt nepiecie\u0161ama papildu inform\u0101cija. M\u0113s nekav\u0113joties sazin\u0101simies ar jums, lai inform\u0113tu par pieteikuma statusu un piepras\u012btu nepiecie\u0161amo inform\u0101ciju (ja t\u0101da ir).  \t\t\t\t\t\t\t\t<\/div>\n\t\t\t\t<\/div>\n\t\t\t\t<\/div>\n\t\t<div class=\"elementor-element elementor-element-b44da06 e-con-full e-grid wpr-particle-no wpr-jarallax-no wpr-parallax-no wpr-sticky-section-no e-con e-child\" data-id=\"b44da06\" data-element_type=\"container\">\n\t\t\t\t<div class=\"elementor-element elementor-element-5dd55ba elementor-view-default elementor-position-top elementor-mobile-position-top elementor-widget elementor-widget-icon-box\" data-id=\"5dd55ba\" data-element_type=\"widget\" data-widget_type=\"icon-box.default\">\n\t\t\t\t<div class=\"elementor-widget-container\">\n\t\t\t\t\t\t\t<div class=\"elementor-icon-box-wrapper\">\n\n\t\t\t\t\t\t<div class=\"elementor-icon-box-icon\">\n\t\t\t\t<span  class=\"elementor-icon\">\n\t\t\t\t<i aria-hidden=\"true\" class=\"jki jki-edit1-light\"><\/i>\t\t\t\t<\/span>\n\t\t\t<\/div>\n\t\t\t\n\t\t\t\t\t\t<div class=\"elementor-icon-box-content\">\n\n\t\t\t\t\t\t\t\t\t<h3 class=\"elementor-icon-box-title\">\n\t\t\t\t\t\t<span  >\n\t\t\t\t\t\t\t1. Pieteikums aizpild\u012bts\t\t\t\t\t\t<\/span>\n\t\t\t\t\t<\/h3>\n\t\t\t\t\n\t\t\t\t\t\t\t\t\t<p class=\"elementor-icon-box-description\">\n\t\t\t\t\t\tEsam veiksm\u012bgi sa\u0146\u0113mu\u0161i j\u016bsu ESTA pieteikumu.\t\t\t\t\t<\/p>\n\t\t\t\t\n\t\t\t<\/div>\n\t\t\t\n\t\t<\/div>\n\t\t\t\t\t\t<\/div>\n\t\t\t\t<\/div>\n\t\t\t\t<div class=\"elementor-element elementor-element-af63b9d elementor-view-default elementor-position-top elementor-mobile-position-top elementor-widget elementor-widget-icon-box\" data-id=\"af63b9d\" data-element_type=\"widget\" data-widget_type=\"icon-box.default\">\n\t\t\t\t<div class=\"elementor-widget-container\">\n\t\t\t\t\t\t\t<div class=\"elementor-icon-box-wrapper\">\n\n\t\t\t\t\t\t<div class=\"elementor-icon-box-icon\">\n\t\t\t\t<span  class=\"elementor-icon\">\n\t\t\t\t<i aria-hidden=\"true\" class=\"jki jki-refresh-light\"><\/i>\t\t\t\t<\/span>\n\t\t\t<\/div>\n\t\t\t\n\t\t\t\t\t\t<div class=\"elementor-icon-box-content\">\n\n\t\t\t\t\t\t\t\t\t<h3 class=\"elementor-icon-box-title\">\n\t\t\t\t\t\t<span  >\n\t\t\t\t\t\t\t2. Pieteikums gaida izskat\u012b\u0161anu\t\t\t\t\t\t<\/span>\n\t\t\t\t\t<\/h3>\n\t\t\t\t\n\t\t\t\t\t\t\t\t\t<p class=\"elementor-icon-box-description\">\n\t\t\t\t\t\tJ\u016bsu pieteikums ir pie\u0161\u0137irts vienam no m\u016bsu pieredz\u0113ju\u0161ajiem a\u0123entiem.\t\t\t\t\t<\/p>\n\t\t\t\t\n\t\t\t<\/div>\n\t\t\t\n\t\t<\/div>\n\t\t\t\t\t\t<\/div>\n\t\t\t\t<\/div>\n\t\t\t\t<div class=\"elementor-element elementor-element-3b5c08b elementor-view-default elementor-position-top elementor-mobile-position-top elementor-widget elementor-widget-icon-box\" data-id=\"3b5c08b\" data-element_type=\"widget\" data-widget_type=\"icon-box.default\">\n\t\t\t\t<div class=\"elementor-widget-container\">\n\t\t\t\t\t\t\t<div class=\"elementor-icon-box-wrapper\">\n\n\t\t\t\t\t\t<div class=\"elementor-icon-box-icon\">\n\t\t\t\t<span  class=\"elementor-icon\">\n\t\t\t\t<i aria-hidden=\"true\" class=\"jki jki-page_search-light\"><\/i>\t\t\t\t<\/span>\n\t\t\t<\/div>\n\t\t\t\n\t\t\t\t\t\t<div class=\"elementor-icon-box-content\">\n\n\t\t\t\t\t\t\t\t\t<h3 class=\"elementor-icon-box-title\">\n\t\t\t\t\t\t<span  >\n\t\t\t\t\t\t\t3. P\u0101rskat\u0101ms\t\t\t\t\t\t<\/span>\n\t\t\t\t\t<\/h3>\n\t\t\t\t\n\t\t\t\t\t\t\t\t\t<p class=\"elementor-icon-box-description\">\n\t\t\t\t\t\tJ\u016bsu nor\u012bkotais p\u0101rst\u0101vis pa\u0161laik p\u0101rskata j\u016bsu pieteikumu, lai p\u0101rliecin\u0101tos, ka sniegtie dati ir piln\u012bgi un prec\u012bzi, pirms to iesniedzat ASV Muitas un robe\u017eapsardz\u012bbas dienestam.\t\t\t\t\t<\/p>\n\t\t\t\t\n\t\t\t<\/div>\n\t\t\t\n\t\t<\/div>\n\t\t\t\t\t\t<\/div>\n\t\t\t\t<\/div>\n\t\t\t\t<div class=\"elementor-element elementor-element-c6063c0 elementor-view-default elementor-position-top elementor-mobile-position-top elementor-widget elementor-widget-icon-box\" data-id=\"c6063c0\" data-element_type=\"widget\" data-widget_type=\"icon-box.default\">\n\t\t\t\t<div class=\"elementor-widget-container\">\n\t\t\t\t\t\t\t<div class=\"elementor-icon-box-wrapper\">\n\n\t\t\t\t\t\t<div class=\"elementor-icon-box-icon\">\n\t\t\t\t<span  class=\"elementor-icon\">\n\t\t\t\t<i aria-hidden=\"true\" class=\"jki jki-chevron-right-circle-light\"><\/i>\t\t\t\t<\/span>\n\t\t\t<\/div>\n\t\t\t\n\t\t\t\t\t\t<div class=\"elementor-icon-box-content\">\n\n\t\t\t\t\t\t\t\t\t<h3 class=\"elementor-icon-box-title\">\n\t\t\t\t\t\t<span  >\n\t\t\t\t\t\t\t4. Gaidot apstiprin\u0101jumu\t\t\t\t\t\t<\/span>\n\t\t\t\t\t<\/h3>\n\t\t\t\t\n\t\t\t\t\t\t\t\t\t<p class=\"elementor-icon-box-description\">\n\t\t\t\t\t\tJ\u016bsu pieteikums ir iesniegts\n iesniegts ASV Muitas un robe\u017eapsardz\u012bbas dienest\u0101 un pa\u0161laik gaida apstiprin\u0101jumu.\t\t\t\t\t<\/p>\n\t\t\t\t\n\t\t\t<\/div>\n\t\t\t\n\t\t<\/div>\n\t\t\t\t\t\t<\/div>\n\t\t\t\t<\/div>\n\t\t\t\t<div class=\"elementor-element elementor-element-5e15cb9 elementor-view-default elementor-position-top elementor-mobile-position-top elementor-widget elementor-widget-icon-box\" data-id=\"5e15cb9\" data-element_type=\"widget\" data-widget_type=\"icon-box.default\">\n\t\t\t\t<div class=\"elementor-widget-container\">\n\t\t\t\t\t\t\t<div class=\"elementor-icon-box-wrapper\">\n\n\t\t\t\t\t\t<div class=\"elementor-icon-box-icon\">\n\t\t\t\t<span  class=\"elementor-icon\">\n\t\t\t\t<svg aria-hidden=\"true\" class=\"e-font-icon-svg e-far-file-alt\" viewBox=\"0 0 384 512\" xmlns=\"http:\/\/www.w3.org\/2000\/svg\"><path d=\"M288 248v28c0 6.6-5.4 12-12 12H108c-6.6 0-12-5.4-12-12v-28c0-6.6 5.4-12 12-12h168c6.6 0 12 5.4 12 12zm-12 72H108c-6.6 0-12 5.4-12 12v28c0 6.6 5.4 12 12 12h168c6.6 0 12-5.4 12-12v-28c0-6.6-5.4-12-12-12zm108-188.1V464c0 26.5-21.5 48-48 48H48c-26.5 0-48-21.5-48-48V48C0 21.5 21.5 0 48 0h204.1C264.8 0 277 5.1 286 14.1L369.9 98c9 8.9 14.1 21.2 14.1 33.9zm-128-80V128h76.1L256 51.9zM336 464V176H232c-13.3 0-24-10.7-24-24V48H48v416h288z\"><\/path><\/svg>\t\t\t\t<\/span>\n\t\t\t<\/div>\n\t\t\t\n\t\t\t\t\t\t<div class=\"elementor-icon-box-content\">\n\n\t\t\t\t\t\t\t\t\t<h3 class=\"elementor-icon-box-title\">\n\t\t\t\t\t\t<span  >\n\t\t\t\t\t\t\t5. Pieteikuma rezult\u0101ts\t\t\t\t\t\t<\/span>\n\t\t\t\t\t<\/h3>\n\t\t\t\t\n\t\t\t\t\t\t\t\t\t<p class=\"elementor-icon-box-description\">\n\t\t\t\t\t\tJ\u016bsu pieteikums ir iesniegts\n p\u0101rskat\u012bjis ASV Muitas un robe\u017eapsardz\u012bbas dienests. P\u0101rbaudiet savu ies\u016btni, j\u016bs sa\u0146emsiet pazi\u0146ojumu pa e-pastu, tikl\u012bdz tas b\u016bs apstiprin\u0101ts vai ja b\u016bs nepiecie\u0161ama papildu inform\u0101cija. \t\t\t\t\t<\/p>\n\t\t\t\t\n\t\t\t<\/div>\n\t\t\t\n\t\t<\/div>\n\t\t\t\t\t\t<\/div>\n\t\t\t\t<\/div>\n\t\t\t\t<\/div>\n\t\t<div class=\"elementor-element elementor-element-962b3c7 e-con-full e-flex wpr-particle-no wpr-jarallax-no wpr-parallax-no wpr-sticky-section-no e-con e-child\" data-id=\"962b3c7\" data-element_type=\"container\" data-settings=\"{&quot;background_background&quot;:&quot;classic&quot;}\">\n\t\t\t\t<div class=\"elementor-element elementor-element-0bdf324 elementor-widget elementor-widget-heading\" data-id=\"0bdf324\" data-element_type=\"widget\" data-widget_type=\"heading.default\">\n\t\t\t\t<div class=\"elementor-widget-container\">\n\t\t\t\t\t<h3 class=\"elementor-heading-title elementor-size-default\">Ja nepiecie\u0161ams pieteikties cita pretendenta v\u0101rd\u0101, noklik\u0161\u0137iniet uz pogas.<\/h3>\t\t\t\t<\/div>\n\t\t\t\t<\/div>\n\t\t\t\t<div class=\"elementor-element elementor-element-692be83 elementor-widget elementor-widget-button\" data-id=\"692be83\" data-element_type=\"widget\" data-widget_type=\"button.default\">\n\t\t\t\t<div class=\"elementor-widget-container\">\n\t\t\t\t\t\t\t\t\t<div class=\"elementor-button-wrapper\">\n\t\t\t\t\t<a class=\"elementor-button elementor-button-link elementor-size-sm\" href=\"https:\/\/usimmigrationassistance.org\/lv\/pieteikties\/\">\n\t\t\t\t\t\t<span class=\"elementor-button-content-wrapper\">\n\t\t\t\t\t\t\t\t\t<span class=\"elementor-button-text\">Pievienot citu lietojumprogrammu<\/span>\n\t\t\t\t\t<\/span>\n\t\t\t\t\t<\/a>\n\t\t\t\t<\/div>\n\t\t\t\t\t\t\t\t<\/div>\n\t\t\t\t<\/div>\n\t\t\t\t<\/div>\n\t\t<div class=\"elementor-element elementor-element-d8e3793 e-con-full e-flex wpr-particle-no wpr-jarallax-no wpr-parallax-no wpr-sticky-section-no e-con e-child\" data-id=\"d8e3793\" data-element_type=\"container\">\n\t\t\t\t<div class=\"elementor-element elementor-element-a7060ef elementor-widget elementor-widget-text-editor\" data-id=\"a7060ef\" data-element_type=\"widget\" data-widget_type=\"text-editor.default\">\n\t\t\t\t<div class=\"elementor-widget-container\">\n\t\t\t\t\t\t\t\t\tJ\u016bsu karte ir autoriz\u0113ta maks\u0101jumam. Kv\u012bts ir nos\u016bt\u012bta uz j\u016bsu e-pastu, un visa r\u0113\u0137ina inform\u0101cija ir nor\u0101d\u012bta zem\u0101k. \t\t\t\t\t\t\t\t<\/div>\n\t\t\t\t<\/div>\n\t\t\t\t<div class=\"elementor-element elementor-element-2c8c0d1 elementor-widget elementor-widget-text-editor\" data-id=\"2c8c0d1\" data-element_type=\"widget\" data-widget_type=\"text-editor.default\">\n\t\t\t\t<div class=\"elementor-widget-container\">\n\t\t\t\t\t\t\t\t\tP\u0101rbaudiet savu e-pastu, vai taj\u0101 nav pirkuma \u010deka. Ja pirkuma \u010deka nav ies\u016btn\u0113, l\u016bdzu, p\u0101rbaudiet surog\u0101tpasta mapes un baltajam sarakstam pievienojiet e-pastu &#8220;ASV imigr\u0101cijas pal\u012bdz\u012bba&#8221;. S\u012bk\u0101ku inform\u0101ciju par to, k\u0101 pievienot m\u016bsu e-pastu baltajam sarakstam, varat atrast internet\u0101.  \t\t\t\t\t\t\t\t<\/div>\n\t\t\t\t<\/div>\n\t\t\t\t<\/div>\n\t\t<div class=\"elementor-element elementor-element-fafd01c e-con-full e-flex wpr-particle-no wpr-jarallax-no wpr-parallax-no wpr-sticky-section-no e-con e-child\" data-id=\"fafd01c\" data-element_type=\"container\" data-settings=\"{&quot;background_background&quot;:&quot;classic&quot;}\">\n\t\t\t\t<div class=\"elementor-element elementor-element-08767ad elementor-widget elementor-widget-text-editor\" data-id=\"08767ad\" data-element_type=\"widget\" data-widget_type=\"text-editor.default\">\n\t\t\t\t<div class=\"elementor-widget-container\">\n\t\t\t\t\t\t\t\t\tR\u0113\u0137ins\t\t\t\t\t\t\t\t<\/div>\n\t\t\t\t<\/div>\n\t\t\t\t<\/div>\n\t\t<div class=\"elementor-element elementor-element-a2b3de8 e-con-full e-flex wpr-particle-no wpr-jarallax-no wpr-parallax-no wpr-sticky-section-no e-con e-child\" data-id=\"a2b3de8\" data-element_type=\"container\">\n\t\t\t\t<div class=\"elementor-element elementor-element-56372a9 elementor-widget elementor-widget-text-editor\" data-id=\"56372a9\" data-element_type=\"widget\" data-widget_type=\"text-editor.default\">\n\t\t\t\t<div class=\"elementor-widget-container\">\n\t\t\t\t\t\t\t\t\tApmaksas veids: Kred\u012btkarte\t\t\t\t\t\t\t\t<\/div>\n\t\t\t\t<\/div>\n\t\t\t\t<div class=\"elementor-element elementor-element-d8eaf26 elementor-widget elementor-widget-text-editor\" data-id=\"d8eaf26\" data-element_type=\"widget\" data-widget_type=\"text-editor.default\">\n\t\t\t\t<div class=\"elementor-widget-container\">\n\t\t\t\t\t\t\t\t\tPieg\u0101des adrese: Elektroniska pieg\u0101de\t\t\t\t\t\t\t\t<\/div>\n\t\t\t\t<\/div>\n\t\t\t\t<\/div>\n\t\t<div class=\"elementor-element elementor-element-1960c80 e-con-full e-flex wpr-particle-no wpr-jarallax-no wpr-parallax-no wpr-sticky-section-no e-con e-child\" data-id=\"1960c80\" data-element_type=\"container\" data-settings=\"{&quot;background_background&quot;:&quot;classic&quot;}\">\n\t\t\t\t<div class=\"elementor-element elementor-element-ba25977 elementor-widget elementor-widget-text-editor\" data-id=\"ba25977\" data-element_type=\"widget\" data-widget_type=\"text-editor.default\">\n\t\t\t\t<div class=\"elementor-widget-container\">\n\t\t\t\t\t\t\t\t\tPrece\t\t\t\t\t\t\t\t<\/div>\n\t\t\t\t<\/div>\n\t\t\t\t<\/div>\n\t\t<div class=\"elementor-element elementor-element-ae7951a e-con-full e-flex wpr-particle-no wpr-jarallax-no wpr-parallax-no wpr-sticky-section-no e-con e-child\" data-id=\"ae7951a\" data-element_type=\"container\">\n\t\t\t\t<div class=\"elementor-element elementor-element-12f9fd7 elementor-widget elementor-widget-text-editor\" data-id=\"12f9fd7\" data-element_type=\"widget\" data-widget_type=\"text-editor.default\">\n\t\t\t\t<div class=\"elementor-widget-container\">\n\t\t\t\t\t\t\t\t\tASV ESTA pieteikums\t\t\t\t\t\t\t\t<\/div>\n\t\t\t\t<\/div>\n\t\t\t\t<\/div>\n\t\t<div class=\"elementor-element elementor-element-e15ab14 e-con-full e-flex wpr-particle-no wpr-jarallax-no wpr-parallax-no wpr-sticky-section-no e-con e-child\" data-id=\"e15ab14\" data-element_type=\"container\">\n\t\t\t\t<div class=\"elementor-element elementor-element-8f7fd7c elementor-widget elementor-widget-text-editor\" data-id=\"8f7fd7c\" data-element_type=\"widget\" data-widget_type=\"text-editor.default\">\n\t\t\t\t<div class=\"elementor-widget-container\">\n\t\t\t\t\t\t\t\t\tL\u016bdzu, \u0146emiet v\u0113r\u0101:<br> \u0160is maks\u0101jums j\u016bsu kred\u012btkartes izrakst\u0101 tiks par\u0101d\u012bts k\u0101 &#8220;ASV imigr\u0101cijas pal\u012bdz\u012bba&#8221; vai &#8220;usimmigrationassistance.org&#8221;.\t\t\t\t\t\t\t\t<\/div>\n\t\t\t\t<\/div>\n\t\t\t\t<\/div>\n\t\t<div class=\"elementor-element elementor-element-a13c92a e-con-full e-flex wpr-particle-no wpr-jarallax-no wpr-parallax-no wpr-sticky-section-no e-con e-child\" data-id=\"a13c92a\" data-element_type=\"container\">\n\t\t\t\t<div class=\"elementor-element elementor-element-c7db7c3 elementor-widget elementor-widget-text-editor\" data-id=\"c7db7c3\" data-element_type=\"widget\" data-widget_type=\"text-editor.default\">\n\t\t\t\t<div class=\"elementor-widget-container\">\n\t\t\t\t\t\t\t\t\tJ\u016bs esat veiksm\u012bgi iesniedzis maks\u0101jumu. Ja kartes \u012bpa\u0161nieks iesniegs bankai vai PayPal piepras\u012bjumu atmaks\u0101t maksu <b>, pieteikums tiks autom\u0101tiski noraid\u012bts<\/b> . \t\t\t\t\t\t\t\t<\/div>\n\t\t\t\t<\/div>\n\t\t\t\t<\/div>\n\t\t\t\t<\/div>\n\t\t\t\t\t<\/div>\n\t\t\t\t<\/div>\n\t\t\t\t<\/div>\n\t\t","protected":false},"excerpt":{"rendered":"<p>J\u016bsu ESTA pieteikums ir veiksm\u012bgi iesniegts. !, J\u016bsu ESTA pieteikuma Nr. Ar pas\u016bt\u012bjuma ID # ir veiksm\u012bgi iesniegts. Uz nor\u0101d\u012bto e-pasta adresi ir nos\u016bt\u012bts e-pasta kv\u012bts ar inform\u0101ciju par j\u016bsu pieteikumu. L\u016bdzu, saglab\u0101jiet to sav\u0101m vajadz\u012bb\u0101m. Ja m\u016bsu pirkuma kv\u012bts ir non\u0101kusi j\u016bsu surog\u0101tpasta map\u0113 , l\u016bdzu, atz\u012bm\u0113jiet to k\u0101 &#8220;Nav surog\u0101tpasts&#8221;. Ja nepiecie\u0161ams pieteikties cita pretendenta v\u0101rd\u0101, noklik\u0161\u0137iniet uz pogas. Pievienot citu lietojumprogrammu J\u016bsu ESTA pieteikuma statuss: TIEK P\u0100RSKAT\u012aTA J\u016bsu ce\u013co\u0161anas at\u013cauja tiek p\u0101rskat\u012bta. L\u0113mums b\u016bs pieejams dr\u012bzum\u0101. J\u016bs sa\u0146emsiet pazi\u0146ojumu pa e-pastu, tikl\u012bdz j\u016bsu pieteikums b\u016bs apstiprin\u0101ts vai ja b\u016bs nepiecie\u0161ama papildu inform\u0101cija. L\u016bdzu, \u0146emiet v\u0113r\u0101: elektronisk\u0101s ce\u013co\u0161anas at\u013caujas parasti tiek apstiprin\u0101tas \u0101tri. \u013boti retos gad\u012bjumos noteiktiem pieteikumiem var b\u016bt nepiecie\u0161ama papildu inform\u0101cija. M\u0113s nekav\u0113joties sazin\u0101simies ar jums, lai inform\u0113tu par pieteikuma statusu un piepras\u012btu nepiecie\u0161amo inform\u0101ciju (ja t\u0101da ir). 1. Pieteikums aizpild\u012bts Esam veiksm\u012bgi sa\u0146\u0113mu\u0161i j\u016bsu ESTA pieteikumu. 2. Pieteikums gaida izskat\u012b\u0161anu J\u016bsu pieteikums ir pie\u0161\u0137irts vienam no m\u016bsu pieredz\u0113ju\u0161ajiem a\u0123entiem. 3. P\u0101rskat\u0101ms J\u016bsu nor\u012bkotais p\u0101rst\u0101vis pa\u0161laik p\u0101rskata j\u016bsu pieteikumu, lai p\u0101rliecin\u0101tos, ka sniegtie dati ir piln\u012bgi un prec\u012bzi, pirms to iesniedzat ASV Muitas un robe\u017eapsardz\u012bbas dienestam. 4. Gaidot apstiprin\u0101jumu J\u016bsu pieteikums ir iesniegts iesniegts ASV Muitas un robe\u017eapsardz\u012bbas dienest\u0101 un pa\u0161laik gaida apstiprin\u0101jumu. 5. Pieteikuma rezult\u0101ts J\u016bsu pieteikums ir iesniegts p\u0101rskat\u012bjis ASV Muitas un robe\u017eapsardz\u012bbas dienests. P\u0101rbaudiet savu ies\u016btni, j\u016bs sa\u0146emsiet pazi\u0146ojumu pa e-pastu, tikl\u012bdz tas b\u016bs apstiprin\u0101ts vai ja b\u016bs nepiecie\u0161ama papildu inform\u0101cija. Ja nepiecie\u0161ams pieteikties cita pretendenta v\u0101rd\u0101, noklik\u0161\u0137iniet uz pogas. Pievienot citu lietojumprogrammu J\u016bsu karte ir autoriz\u0113ta maks\u0101jumam. Kv\u012bts ir nos\u016bt\u012bta uz j\u016bsu e-pastu, un visa r\u0113\u0137ina inform\u0101cija ir nor\u0101d\u012bta zem\u0101k. P\u0101rbaudiet savu e-pastu, vai taj\u0101 nav pirkuma \u010deka. Ja pirkuma \u010deka nav ies\u016btn\u0113, l\u016bdzu, p\u0101rbaudiet surog\u0101tpasta mapes un baltajam sarakstam pievienojiet e-pastu &#8220;ASV imigr\u0101cijas pal\u012bdz\u012bba&#8221;. S\u012bk\u0101ku inform\u0101ciju par to, k\u0101 pievienot m\u016bsu e-pastu baltajam sarakstam, varat atrast internet\u0101. R\u0113\u0137insApmaksas veids: Kred\u012btkartePieg\u0101des adrese: Elektroniska pieg\u0101dePreceASV ESTA pieteikumsL\u016bdzu, \u0146emiet v\u0113r\u0101: \u0160is maks\u0101jums j\u016bsu kred\u012btkartes izrakst\u0101 tiks par\u0101d\u012bts k\u0101 &#8220;ASV imigr\u0101cijas pal\u012bdz\u012bba&#8221; vai &#8220;usimmigrationassistance.org&#8221;.J\u016bs esat veiksm\u012bgi iesniedzis maks\u0101jumu. Ja kartes \u012bpa\u0161nieks iesniegs bankai vai PayPal piepras\u012bjumu atmaks\u0101t maksu , pieteikums tiks autom\u0101tiski noraid\u012bts .<\/p>\n","protected":false},"author":3,"featured_media":0,"parent":0,"menu_order":0,"comment_status":"closed","ping_status":"closed","template":"","meta":{"footnotes":""},"class_list":["post-24930","page","type-page","status-publish","hentry"],"_links":{"self":[{"href":"https:\/\/usimmigrationassistance.org\/lv\/wp-json\/wp\/v2\/pages\/24930","targetHints":{"allow":["GET"]}}],"collection":[{"href":"https:\/\/usimmigrationassistance.org\/lv\/wp-json\/wp\/v2\/pages"}],"about":[{"href":"https:\/\/usimmigrationassistance.org\/lv\/wp-json\/wp\/v2\/types\/page"}],"author":[{"embeddable":true,"href":"https:\/\/usimmigrationassistance.org\/lv\/wp-json\/wp\/v2\/users\/3"}],"replies":[{"embeddable":true,"href":"https:\/\/usimmigrationassistance.org\/lv\/wp-json\/wp\/v2\/comments?post=24930"}],"version-history":[{"count":2,"href":"https:\/\/usimmigrationassistance.org\/lv\/wp-json\/wp\/v2\/pages\/24930\/revisions"}],"predecessor-version":[{"id":96217,"href":"https:\/\/usimmigrationassistance.org\/lv\/wp-json\/wp\/v2\/pages\/24930\/revisions\/96217"}],"wp:attachment":[{"href":"https:\/\/usimmigrationassistance.org\/lv\/wp-json\/wp\/v2\/media?parent=24930"}],"curies":[{"name":"wp","href":"https:\/\/api.w.org\/{rel}","templated":true}]}}