{"id":24934,"date":"2025-03-29T06:03:06","date_gmt":"2025-03-29T05:03:06","guid":{"rendered":"https:\/\/usimmigrationassistance.org\/paldies-lapa-2-dala"},"modified":"2025-07-24T08:06:58","modified_gmt":"2025-07-24T07:06:58","slug":"paldies-lapa-2-dala","status":"publish","type":"page","link":"https:\/\/usimmigrationassistance.org\/lv\/paldies-lapa-2-dala\/","title":{"rendered":"Paldies lapa 2. da\u013ca"},"content":{"rendered":"\t\t<div data-elementor-type=\"wp-page\" data-elementor-id=\"24934\" class=\"elementor elementor-24934 elementor-1783\" data-elementor-post-type=\"page\">\n\t\t\t\t<div class=\"elementor-element elementor-element-4e62ca3 e-con-full e-flex wpr-particle-no wpr-jarallax-no wpr-parallax-no wpr-sticky-section-no e-con e-parent\" data-id=\"4e62ca3\" data-element_type=\"container\">\n\t\t<div class=\"elementor-element elementor-element-62f9774 e-con-full e-flex wpr-particle-no wpr-jarallax-no wpr-parallax-no wpr-sticky-section-no e-con e-child\" data-id=\"62f9774\" data-element_type=\"container\">\n\t\t\t\t<div class=\"elementor-element elementor-element-36b3503 elementor-widget elementor-widget-heading\" data-id=\"36b3503\" data-element_type=\"widget\" data-widget_type=\"heading.default\">\n\t\t\t\t<div class=\"elementor-widget-container\">\n\t\t\t\t\t<h1 class=\"elementor-heading-title elementor-size-default\">V\u012bzas pieteikums ir veiksm\u012bgi iesniegts<\/h1>\t\t\t\t<\/div>\n\t\t\t\t<\/div>\n\t\t\t\t<div class=\"elementor-element elementor-element-191115b elementor-view-default elementor-widget elementor-widget-icon\" data-id=\"191115b\" data-element_type=\"widget\" data-widget_type=\"icon.default\">\n\t\t\t\t<div class=\"elementor-widget-container\">\n\t\t\t\t\t\t\t<div class=\"elementor-icon-wrapper\">\n\t\t\t<div class=\"elementor-icon\">\n\t\t\t<i aria-hidden=\"true\" class=\"jki jki-checked1-light\"><\/i>\t\t\t<\/div>\n\t\t<\/div>\n\t\t\t\t\t\t<\/div>\n\t\t\t\t<\/div>\n\t\t\t\t<\/div>\n\t\t\t\t<\/div>\n\t\t<div class=\"elementor-element elementor-element-77ae01b e-flex e-con-boxed wpr-particle-no wpr-jarallax-no wpr-parallax-no wpr-sticky-section-no e-con e-parent\" data-id=\"77ae01b\" data-element_type=\"container\">\n\t\t\t\t\t<div class=\"e-con-inner\">\n\t\t<div class=\"elementor-element elementor-element-e5e5024 e-con-full e-flex wpr-particle-no wpr-jarallax-no wpr-parallax-no wpr-sticky-section-no e-con e-child\" data-id=\"e5e5024\" data-element_type=\"container\" id=\"thank-you-custom-container\">\n\t\t<div class=\"elementor-element elementor-element-b076385 e-con-full e-flex wpr-particle-no wpr-jarallax-no wpr-parallax-no wpr-sticky-section-no e-con e-child\" data-id=\"b076385\" data-element_type=\"container\">\n\t\t\t\t<div class=\"elementor-element elementor-element-4ad27ed elementor-widget elementor-widget-heading\" data-id=\"4ad27ed\" data-element_type=\"widget\" data-widget_type=\"heading.default\">\n\t\t\t\t<div class=\"elementor-widget-container\">\n\t\t\t\t\t<h3 class=\"elementor-heading-title elementor-size-default\">J\u016bsu v\u012bzas pieteikums ir veiksm\u012bgi iesniegts.\n<\/h3>\t\t\t\t<\/div>\n\t\t\t\t<\/div>\n\t\t\t\t<div class=\"elementor-element elementor-element-4a9e589 elementor-widget elementor-widget-text-editor\" data-id=\"4a9e589\" data-element_type=\"widget\" data-widget_type=\"text-editor.default\">\n\t\t\t\t<div class=\"elementor-widget-container\">\n\t\t\t\t\t\t\t\t\t<p>Uz nor\u0101d\u012bto e-pasta adresi ir nos\u016bt\u012bts e-pasta kv\u012bts ar inform\u0101ciju par j\u016bsu pieteikumu. L\u016bdzu, saglab\u0101jiet to sav\u0101m vajadz\u012bb\u0101m. Ja m\u016bsu pirkuma kv\u012bts ir non\u0101kusi j\u016bsu <b><u>surog\u0101tpasta map\u0113<\/u><\/b> , l\u016bdzu, atz\u012bm\u0113jiet to k\u0101 &#8220;Nav surog\u0101tpasts&#8221;.  <\/p>\t\t\t\t\t\t\t\t<\/div>\n\t\t\t\t<\/div>\n\t\t\t\t<\/div>\n\t\t<div class=\"elementor-element elementor-element-b0f1bd8 e-con-full e-flex wpr-particle-no wpr-jarallax-no wpr-parallax-no wpr-sticky-section-no e-con e-child\" data-id=\"b0f1bd8\" data-element_type=\"container\" data-settings=\"{&quot;background_background&quot;:&quot;classic&quot;}\">\n\t\t\t\t<div class=\"elementor-element elementor-element-da3e5ad elementor-widget elementor-widget-heading\" data-id=\"da3e5ad\" data-element_type=\"widget\" data-widget_type=\"heading.default\">\n\t\t\t\t<div class=\"elementor-widget-container\">\n\t\t\t\t\t<h3 class=\"elementor-heading-title elementor-size-default\">Ja nepiecie\u0161ams pieteikties cita pretendenta v\u0101rd\u0101, noklik\u0161\u0137iniet uz pogas.<\/h3>\t\t\t\t<\/div>\n\t\t\t\t<\/div>\n\t\t\t\t<div class=\"elementor-element elementor-element-ab78f18 elementor-widget elementor-widget-button\" data-id=\"ab78f18\" data-element_type=\"widget\" data-widget_type=\"button.default\">\n\t\t\t\t<div class=\"elementor-widget-container\">\n\t\t\t\t\t\t\t\t\t<div class=\"elementor-button-wrapper\">\n\t\t\t\t\t<a class=\"elementor-button elementor-button-link elementor-size-sm\" href=\"https:\/\/usimmigrationassistance.org\/lv\/pieteikties\/\">\n\t\t\t\t\t\t<span class=\"elementor-button-content-wrapper\">\n\t\t\t\t\t\t\t\t\t<span class=\"elementor-button-text\">Pievienot citu lietojumprogrammu<\/span>\n\t\t\t\t\t<\/span>\n\t\t\t\t\t<\/a>\n\t\t\t\t<\/div>\n\t\t\t\t\t\t\t\t<\/div>\n\t\t\t\t<\/div>\n\t\t\t\t<\/div>\n\t\t<div class=\"elementor-element elementor-element-ad99abe e-con-full e-flex wpr-particle-no wpr-jarallax-no wpr-parallax-no wpr-sticky-section-no e-con e-child\" data-id=\"ad99abe\" data-element_type=\"container\">\n\t\t\t\t<div class=\"elementor-element elementor-element-2b78b2e elementor-widget elementor-widget-heading\" data-id=\"2b78b2e\" data-element_type=\"widget\" data-widget_type=\"heading.default\">\n\t\t\t\t<div class=\"elementor-widget-container\">\n\t\t\t\t\t<h3 class=\"elementor-heading-title elementor-size-default\">J\u016bsu v\u012bzas pieteikuma statuss: <u><b>2.\/2. DARB\u012aBA PABEIGTA<\/b><\/u><\/h3>\t\t\t\t<\/div>\n\t\t\t\t<\/div>\n\t\t\t\t<div class=\"elementor-element elementor-element-832a0e6 elementor-widget elementor-widget-text-editor\" data-id=\"832a0e6\" data-element_type=\"widget\" data-widget_type=\"text-editor.default\">\n\t\t\t\t<div class=\"elementor-widget-container\">\n\t\t\t\t\t\t\t\t\tM\u0113s tagad esam gatavi piln\u012bb\u0101 apstr\u0101d\u0101t j\u016bsu v\u012bzas pieteikumu, jo esam apkopoju\u0161i visu nepiecie\u0161amo inform\u0101ciju, ko pieprasa ASV Valsts departaments. M\u016bsu komanda veiks r\u016bp\u012bgu iesniegt\u0101s inform\u0101cijas p\u0101rskat\u012b\u0161anu, lai nodro\u0161in\u0101tu atbilst\u012bbu visiem noteikumiem, lai pa\u0101trin\u0101tu j\u016bsu pieteikuma apstr\u0101di. M\u0113s augstu v\u0113rt\u0113jam visu nepiecie\u0161amo dokumentu savlaic\u012bgu iesnieg\u0161anu, kas \u013cauj mums efekt\u012bvi turpin\u0101t darbu.  \t\t\t\t\t\t\t\t<\/div>\n\t\t\t\t<\/div>\n\t\t\t\t<div class=\"elementor-element elementor-element-73e1626 elementor-widget elementor-widget-text-editor\" data-id=\"73e1626\" data-element_type=\"widget\" data-widget_type=\"text-editor.default\">\n\t\t\t\t<div class=\"elementor-widget-container\">\n\t\t\t\t\t\t\t\t\tL\u016bdzu, \u0146emiet v\u0113r\u0101: m\u0113s j\u016bs p\u0113c iesp\u0113jas \u0101tr\u0101k inform\u0113sim pa e-pastu par j\u016bsu pieteikuma v\u0113stniec\u012bbai\/konsul\u0101tam izskat\u012b\u0161anas gaitu.\t\t\t\t\t\t\t\t<\/div>\n\t\t\t\t<\/div>\n\t\t\t\t<\/div>\n\t\t<div class=\"elementor-element elementor-element-b44da06 e-con-full e-grid wpr-particle-no wpr-jarallax-no wpr-parallax-no wpr-sticky-section-no e-con e-child\" data-id=\"b44da06\" data-element_type=\"container\">\n\t\t\t\t<div class=\"elementor-element elementor-element-5dd55ba elementor-view-default elementor-position-top elementor-mobile-position-top elementor-widget elementor-widget-icon-box\" data-id=\"5dd55ba\" data-element_type=\"widget\" data-widget_type=\"icon-box.default\">\n\t\t\t\t<div class=\"elementor-widget-container\">\n\t\t\t\t\t\t\t<div class=\"elementor-icon-box-wrapper\">\n\n\t\t\t\t\t\t<div class=\"elementor-icon-box-icon\">\n\t\t\t\t<span  class=\"elementor-icon\">\n\t\t\t\t<i aria-hidden=\"true\" class=\"jki jki-edit1-light\"><\/i>\t\t\t\t<\/span>\n\t\t\t<\/div>\n\t\t\t\n\t\t\t\t\t\t<div class=\"elementor-icon-box-content\">\n\n\t\t\t\t\t\t\t\t\t<h3 class=\"elementor-icon-box-title\">\n\t\t\t\t\t\t<span  >\n\t\t\t\t\t\t\t1. 1.\/2. darb\u012bba pabeigta\t\t\t\t\t\t<\/span>\n\t\t\t\t\t<\/h3>\n\t\t\t\t\n\t\t\t\t\t\t\t\t\t<p class=\"elementor-icon-box-description\">\n\t\t\t\t\t\tEsam veiksm\u012bgi sa\u0146\u0113mu\u0161i j\u016bsu s\u0101kotn\u0113jo v\u012bzas pieteikumu. Jums vajadz\u0113ja sa\u0146emt e-pastu ar visiem nepiecie\u0161amajiem nor\u0101d\u012bjumiem, lai p\u0101rietu uz otro soli. \t\t\t\t\t<\/p>\n\t\t\t\t\n\t\t\t<\/div>\n\t\t\t\n\t\t<\/div>\n\t\t\t\t\t\t<\/div>\n\t\t\t\t<\/div>\n\t\t\t\t<div class=\"elementor-element elementor-element-3b5c08b elementor-view-default elementor-position-top elementor-mobile-position-top elementor-widget elementor-widget-icon-box\" data-id=\"3b5c08b\" data-element_type=\"widget\" data-widget_type=\"icon-box.default\">\n\t\t\t\t<div class=\"elementor-widget-container\">\n\t\t\t\t\t\t\t<div class=\"elementor-icon-box-wrapper\">\n\n\t\t\t\t\t\t<div class=\"elementor-icon-box-icon\">\n\t\t\t\t<span  class=\"elementor-icon\">\n\t\t\t\t<i aria-hidden=\"true\" class=\"jki jki-edit1-light\"><\/i>\t\t\t\t<\/span>\n\t\t\t<\/div>\n\t\t\t\n\t\t\t\t\t\t<div class=\"elementor-icon-box-content\">\n\n\t\t\t\t\t\t\t\t\t<h3 class=\"elementor-icon-box-title\">\n\t\t\t\t\t\t<span  >\n\t\t\t\t\t\t\t2. 2.\/2. darb\u012bba pabeigta\t\t\t\t\t\t<\/span>\n\t\t\t\t\t<\/h3>\n\t\t\t\t\n\t\t\t\t\t\t\t\t\t<p class=\"elementor-icon-box-description\">\n\t\t\t\t\t\tJ\u016bs esat pabeidzis pieteik\u0161an\u0101s procesa otro un p\u0113d\u0113jo soli. \u0160aj\u0101 sol\u012b bija j\u0101sniedz detaliz\u0113ta inform\u0101cija. \t\t\t\t\t<\/p>\n\t\t\t\t\n\t\t\t<\/div>\n\t\t\t\n\t\t<\/div>\n\t\t\t\t\t\t<\/div>\n\t\t\t\t<\/div>\n\t\t\t\t<div class=\"elementor-element elementor-element-af63b9d elementor-view-default elementor-position-top elementor-mobile-position-top elementor-widget elementor-widget-icon-box\" data-id=\"af63b9d\" data-element_type=\"widget\" data-widget_type=\"icon-box.default\">\n\t\t\t\t<div class=\"elementor-widget-container\">\n\t\t\t\t\t\t\t<div class=\"elementor-icon-box-wrapper\">\n\n\t\t\t\t\t\t<div class=\"elementor-icon-box-icon\">\n\t\t\t\t<span  class=\"elementor-icon\">\n\t\t\t\t<i aria-hidden=\"true\" class=\"jki jki-page_search-light\"><\/i>\t\t\t\t<\/span>\n\t\t\t<\/div>\n\t\t\t\n\t\t\t\t\t\t<div class=\"elementor-icon-box-content\">\n\n\t\t\t\t\t\t\t\t\t<h3 class=\"elementor-icon-box-title\">\n\t\t\t\t\t\t<span  >\n\t\t\t\t\t\t\t3. P\u0101rskat\u0101ms\t\t\t\t\t\t<\/span>\n\t\t\t\t\t<\/h3>\n\t\t\t\t\n\t\t\t\t\t\t\t\t\t<p class=\"elementor-icon-box-description\">\n\t\t\t\t\t\tJ\u016bsu nor\u012bkotais p\u0101rst\u0101vis pa\u0161laik p\u0101rskata j\u016bsu pieteikumu, lai p\u0101rliecin\u0101tos, ka sniegtie dati ir piln\u012bgi un prec\u012bzi, pirms to iesniedzat ASV Valsts departamentam.\t\t\t\t\t<\/p>\n\t\t\t\t\n\t\t\t<\/div>\n\t\t\t\n\t\t<\/div>\n\t\t\t\t\t\t<\/div>\n\t\t\t\t<\/div>\n\t\t\t\t<div class=\"elementor-element elementor-element-c6063c0 elementor-view-default elementor-position-top elementor-mobile-position-top elementor-widget elementor-widget-icon-box\" data-id=\"c6063c0\" data-element_type=\"widget\" data-widget_type=\"icon-box.default\">\n\t\t\t\t<div class=\"elementor-widget-container\">\n\t\t\t\t\t\t\t<div class=\"elementor-icon-box-wrapper\">\n\n\t\t\t\t\t\t<div class=\"elementor-icon-box-icon\">\n\t\t\t\t<span  class=\"elementor-icon\">\n\t\t\t\t<i aria-hidden=\"true\" class=\"jki jki-chevron-right-circle-light\"><\/i>\t\t\t\t<\/span>\n\t\t\t<\/div>\n\t\t\t\n\t\t\t\t\t\t<div class=\"elementor-icon-box-content\">\n\n\t\t\t\t\t\t\t\t\t<h3 class=\"elementor-icon-box-title\">\n\t\t\t\t\t\t<span  >\n\t\t\t\t\t\t\t4. Gaidot apstiprin\u0101jumu\t\t\t\t\t\t<\/span>\n\t\t\t\t\t<\/h3>\n\t\t\t\t\n\t\t\t\t\t\t\t\t\t<p class=\"elementor-icon-box-description\">\n\t\t\t\t\t\tJ\u016bsu pieteikums ir iesniegts\n iesniegts ASV Valsts departament\u0101 un pa\u0161laik gaida apstiprin\u0101jumu.\t\t\t\t\t<\/p>\n\t\t\t\t\n\t\t\t<\/div>\n\t\t\t\n\t\t<\/div>\n\t\t\t\t\t\t<\/div>\n\t\t\t\t<\/div>\n\t\t\t\t<div class=\"elementor-element elementor-element-5e15cb9 elementor-view-default elementor-position-top elementor-mobile-position-top elementor-widget elementor-widget-icon-box\" data-id=\"5e15cb9\" data-element_type=\"widget\" data-widget_type=\"icon-box.default\">\n\t\t\t\t<div class=\"elementor-widget-container\">\n\t\t\t\t\t\t\t<div class=\"elementor-icon-box-wrapper\">\n\n\t\t\t\t\t\t<div class=\"elementor-icon-box-icon\">\n\t\t\t\t<span  class=\"elementor-icon\">\n\t\t\t\t<svg aria-hidden=\"true\" class=\"e-font-icon-svg e-far-file-alt\" viewBox=\"0 0 384 512\" xmlns=\"http:\/\/www.w3.org\/2000\/svg\"><path d=\"M288 248v28c0 6.6-5.4 12-12 12H108c-6.6 0-12-5.4-12-12v-28c0-6.6 5.4-12 12-12h168c6.6 0 12 5.4 12 12zm-12 72H108c-6.6 0-12 5.4-12 12v28c0 6.6 5.4 12 12 12h168c6.6 0 12-5.4 12-12v-28c0-6.6-5.4-12-12-12zm108-188.1V464c0 26.5-21.5 48-48 48H48c-26.5 0-48-21.5-48-48V48C0 21.5 21.5 0 48 0h204.1C264.8 0 277 5.1 286 14.1L369.9 98c9 8.9 14.1 21.2 14.1 33.9zm-128-80V128h76.1L256 51.9zM336 464V176H232c-13.3 0-24-10.7-24-24V48H48v416h288z\"><\/path><\/svg>\t\t\t\t<\/span>\n\t\t\t<\/div>\n\t\t\t\n\t\t\t\t\t\t<div class=\"elementor-icon-box-content\">\n\n\t\t\t\t\t\t\t\t\t<h3 class=\"elementor-icon-box-title\">\n\t\t\t\t\t\t<span  >\n\t\t\t\t\t\t\t5. Pieteikuma rezult\u0101ts\t\t\t\t\t\t<\/span>\n\t\t\t\t\t<\/h3>\n\t\t\t\t\n\t\t\t\t\t\t\t\t\t<p class=\"elementor-icon-box-description\">\n\t\t\t\t\t\tJ\u016bsu pieteikums ir iesniegts\n p\u0101rskat\u012bjusi ASV Valsts departaments. P\u0101rbaudiet savu ies\u016btni, j\u016bs sa\u0146emsiet pazi\u0146ojumu pa e-pastu, tikl\u012bdz tas b\u016bs apstiprin\u0101ts vai ja b\u016bs nepiecie\u0161ama papildu inform\u0101cija. \t\t\t\t\t<\/p>\n\t\t\t\t\n\t\t\t<\/div>\n\t\t\t\n\t\t<\/div>\n\t\t\t\t\t\t<\/div>\n\t\t\t\t<\/div>\n\t\t\t\t<\/div>\n\t\t<div class=\"elementor-element elementor-element-962b3c7 e-con-full e-flex wpr-particle-no wpr-jarallax-no wpr-parallax-no wpr-sticky-section-no e-con e-child\" data-id=\"962b3c7\" data-element_type=\"container\" data-settings=\"{&quot;background_background&quot;:&quot;classic&quot;}\">\n\t\t\t\t<div class=\"elementor-element elementor-element-0bdf324 elementor-widget elementor-widget-heading\" data-id=\"0bdf324\" data-element_type=\"widget\" data-widget_type=\"heading.default\">\n\t\t\t\t<div class=\"elementor-widget-container\">\n\t\t\t\t\t<h3 class=\"elementor-heading-title elementor-size-default\">Ja nepiecie\u0161ams pieteikties cita pretendenta v\u0101rd\u0101, noklik\u0161\u0137iniet uz pogas.<\/h3>\t\t\t\t<\/div>\n\t\t\t\t<\/div>\n\t\t\t\t<div class=\"elementor-element elementor-element-692be83 elementor-widget elementor-widget-button\" data-id=\"692be83\" data-element_type=\"widget\" data-widget_type=\"button.default\">\n\t\t\t\t<div class=\"elementor-widget-container\">\n\t\t\t\t\t\t\t\t\t<div class=\"elementor-button-wrapper\">\n\t\t\t\t\t<a class=\"elementor-button elementor-button-link elementor-size-sm\" href=\"https:\/\/usimmigrationassistance.org\/lv\/pieteikties\/\">\n\t\t\t\t\t\t<span class=\"elementor-button-content-wrapper\">\n\t\t\t\t\t\t\t\t\t<span class=\"elementor-button-text\">Pievienot citu lietojumprogrammu<\/span>\n\t\t\t\t\t<\/span>\n\t\t\t\t\t<\/a>\n\t\t\t\t<\/div>\n\t\t\t\t\t\t\t\t<\/div>\n\t\t\t\t<\/div>\n\t\t\t\t<\/div>\n\t\t<div class=\"elementor-element elementor-element-d8e3793 e-con-full e-flex wpr-particle-no wpr-jarallax-no wpr-parallax-no wpr-sticky-section-no e-con e-child\" data-id=\"d8e3793\" data-element_type=\"container\">\n\t\t\t\t<div class=\"elementor-element elementor-element-a7060ef elementor-widget elementor-widget-text-editor\" data-id=\"a7060ef\" data-element_type=\"widget\" data-widget_type=\"text-editor.default\">\n\t\t\t\t<div class=\"elementor-widget-container\">\n\t\t\t\t\t\t\t\t\tJ\u016bsu karte ir autoriz\u0113ta maks\u0101jumam. Kv\u012bts ir nos\u016bt\u012bta uz j\u016bsu e-pastu, un visa r\u0113\u0137ina inform\u0101cija ir nor\u0101d\u012bta zem\u0101k. \t\t\t\t\t\t\t\t<\/div>\n\t\t\t\t<\/div>\n\t\t\t\t<div class=\"elementor-element elementor-element-2c8c0d1 elementor-widget elementor-widget-text-editor\" data-id=\"2c8c0d1\" data-element_type=\"widget\" data-widget_type=\"text-editor.default\">\n\t\t\t\t<div class=\"elementor-widget-container\">\n\t\t\t\t\t\t\t\t\tP\u0101rbaudiet savu e-pastu, vai taj\u0101 nav pirkuma \u010deka. Ja pirkuma \u010deka nav ies\u016btn\u0113, l\u016bdzu, p\u0101rbaudiet surog\u0101tpasta mapes un baltajam sarakstam pievienojiet e-pastu &#8220;ASV imigr\u0101cijas pal\u012bdz\u012bba&#8221;. S\u012bk\u0101ku inform\u0101ciju par to, k\u0101 pievienot m\u016bsu e-pastu baltajam sarakstam, varat atrast internet\u0101.  \t\t\t\t\t\t\t\t<\/div>\n\t\t\t\t<\/div>\n\t\t\t\t<\/div>\n\t\t<div class=\"elementor-element elementor-element-fafd01c e-con-full e-flex wpr-particle-no wpr-jarallax-no wpr-parallax-no wpr-sticky-section-no e-con e-child\" data-id=\"fafd01c\" data-element_type=\"container\" data-settings=\"{&quot;background_background&quot;:&quot;classic&quot;}\">\n\t\t\t\t<div class=\"elementor-element elementor-element-08767ad elementor-widget elementor-widget-text-editor\" data-id=\"08767ad\" data-element_type=\"widget\" data-widget_type=\"text-editor.default\">\n\t\t\t\t<div class=\"elementor-widget-container\">\n\t\t\t\t\t\t\t\t\tR\u0113\u0137ins\t\t\t\t\t\t\t\t<\/div>\n\t\t\t\t<\/div>\n\t\t\t\t<\/div>\n\t\t<div class=\"elementor-element elementor-element-a2b3de8 e-con-full e-flex wpr-particle-no wpr-jarallax-no wpr-parallax-no wpr-sticky-section-no e-con e-child\" data-id=\"a2b3de8\" data-element_type=\"container\">\n\t\t\t\t<div class=\"elementor-element elementor-element-56372a9 elementor-widget elementor-widget-text-editor\" data-id=\"56372a9\" data-element_type=\"widget\" data-widget_type=\"text-editor.default\">\n\t\t\t\t<div class=\"elementor-widget-container\">\n\t\t\t\t\t\t\t\t\tApmaksas veids: Kred\u012btkarte\t\t\t\t\t\t\t\t<\/div>\n\t\t\t\t<\/div>\n\t\t\t\t<div class=\"elementor-element elementor-element-d8eaf26 elementor-widget elementor-widget-text-editor\" data-id=\"d8eaf26\" data-element_type=\"widget\" data-widget_type=\"text-editor.default\">\n\t\t\t\t<div class=\"elementor-widget-container\">\n\t\t\t\t\t\t\t\t\tPieg\u0101des adrese: Elektroniska pieg\u0101de\t\t\t\t\t\t\t\t<\/div>\n\t\t\t\t<\/div>\n\t\t\t\t<\/div>\n\t\t<div class=\"elementor-element elementor-element-1960c80 e-con-full e-flex wpr-particle-no wpr-jarallax-no wpr-parallax-no wpr-sticky-section-no e-con e-child\" data-id=\"1960c80\" data-element_type=\"container\" data-settings=\"{&quot;background_background&quot;:&quot;classic&quot;}\">\n\t\t\t\t<div class=\"elementor-element elementor-element-ba25977 elementor-widget elementor-widget-text-editor\" data-id=\"ba25977\" data-element_type=\"widget\" data-widget_type=\"text-editor.default\">\n\t\t\t\t<div class=\"elementor-widget-container\">\n\t\t\t\t\t\t\t\t\tPrece\t\t\t\t\t\t\t\t<\/div>\n\t\t\t\t<\/div>\n\t\t\t\t<\/div>\n\t\t<div class=\"elementor-element elementor-element-ae7951a e-con-full e-flex wpr-particle-no wpr-jarallax-no wpr-parallax-no wpr-sticky-section-no e-con e-child\" data-id=\"ae7951a\" data-element_type=\"container\">\n\t\t\t\t<div class=\"elementor-element elementor-element-12f9fd7 elementor-widget elementor-widget-text-editor\" data-id=\"12f9fd7\" data-element_type=\"widget\" data-widget_type=\"text-editor.default\">\n\t\t\t\t<div class=\"elementor-widget-container\">\n\t\t\t\t\t\t\t\t\tASV v\u012bzas pieteikums\t\t\t\t\t\t\t\t<\/div>\n\t\t\t\t<\/div>\n\t\t\t\t<\/div>\n\t\t<div class=\"elementor-element elementor-element-e15ab14 e-con-full e-flex wpr-particle-no wpr-jarallax-no wpr-parallax-no wpr-sticky-section-no e-con e-child\" data-id=\"e15ab14\" data-element_type=\"container\">\n\t\t\t\t<div class=\"elementor-element elementor-element-8f7fd7c elementor-widget elementor-widget-text-editor\" data-id=\"8f7fd7c\" data-element_type=\"widget\" data-widget_type=\"text-editor.default\">\n\t\t\t\t<div class=\"elementor-widget-container\">\n\t\t\t\t\t\t\t\t\tL\u016bdzu, \u0146emiet v\u0113r\u0101:<br> \u0160is maks\u0101jums j\u016bsu kred\u012btkartes izrakst\u0101 tiks par\u0101d\u012bts k\u0101 &#8220;ASV imigr\u0101cijas pal\u012bdz\u012bba&#8221; vai &#8220;usimmigrationassistance.org&#8221;.\t\t\t\t\t\t\t\t<\/div>\n\t\t\t\t<\/div>\n\t\t\t\t<\/div>\n\t\t<div class=\"elementor-element elementor-element-a13c92a e-con-full e-flex wpr-particle-no wpr-jarallax-no wpr-parallax-no wpr-sticky-section-no e-con e-child\" data-id=\"a13c92a\" data-element_type=\"container\">\n\t\t\t\t<div class=\"elementor-element elementor-element-c7db7c3 elementor-widget elementor-widget-text-editor\" data-id=\"c7db7c3\" data-element_type=\"widget\" data-widget_type=\"text-editor.default\">\n\t\t\t\t<div class=\"elementor-widget-container\">\n\t\t\t\t\t\t\t\t\tJ\u016bs esat veiksm\u012bgi iesniedzis maks\u0101jumu. Ja kartes \u012bpa\u0161nieks iesniegs bankai vai PayPal piepras\u012bjumu atmaks\u0101t maksu <b>, pieteikums tiks autom\u0101tiski noraid\u012bts<\/b> . \t\t\t\t\t\t\t\t<\/div>\n\t\t\t\t<\/div>\n\t\t\t\t<\/div>\n\t\t\t\t<\/div>\n\t\t\t\t\t<\/div>\n\t\t\t\t<\/div>\n\t\t\t\t<\/div>\n\t\t","protected":false},"excerpt":{"rendered":"<p>V\u012bzas pieteikums ir veiksm\u012bgi iesniegts J\u016bsu v\u012bzas pieteikums ir veiksm\u012bgi iesniegts. Uz nor\u0101d\u012bto e-pasta adresi ir nos\u016bt\u012bts e-pasta kv\u012bts ar inform\u0101ciju par j\u016bsu pieteikumu. L\u016bdzu, saglab\u0101jiet to sav\u0101m vajadz\u012bb\u0101m. Ja m\u016bsu pirkuma kv\u012bts ir non\u0101kusi j\u016bsu surog\u0101tpasta map\u0113 , l\u016bdzu, atz\u012bm\u0113jiet to k\u0101 &#8220;Nav surog\u0101tpasts&#8221;. Ja nepiecie\u0161ams pieteikties cita pretendenta v\u0101rd\u0101, noklik\u0161\u0137iniet uz pogas. Pievienot citu lietojumprogrammu J\u016bsu v\u012bzas pieteikuma statuss: 2.\/2. DARB\u012aBA PABEIGTA M\u0113s tagad esam gatavi piln\u012bb\u0101 apstr\u0101d\u0101t j\u016bsu v\u012bzas pieteikumu, jo esam apkopoju\u0161i visu nepiecie\u0161amo inform\u0101ciju, ko pieprasa ASV Valsts departaments. M\u016bsu komanda veiks r\u016bp\u012bgu iesniegt\u0101s inform\u0101cijas p\u0101rskat\u012b\u0161anu, lai nodro\u0161in\u0101tu atbilst\u012bbu visiem noteikumiem, lai pa\u0101trin\u0101tu j\u016bsu pieteikuma apstr\u0101di. M\u0113s augstu v\u0113rt\u0113jam visu nepiecie\u0161amo dokumentu savlaic\u012bgu iesnieg\u0161anu, kas \u013cauj mums efekt\u012bvi turpin\u0101t darbu. L\u016bdzu, \u0146emiet v\u0113r\u0101: m\u0113s j\u016bs p\u0113c iesp\u0113jas \u0101tr\u0101k inform\u0113sim pa e-pastu par j\u016bsu pieteikuma v\u0113stniec\u012bbai\/konsul\u0101tam izskat\u012b\u0161anas gaitu. 1. 1.\/2. darb\u012bba pabeigta Esam veiksm\u012bgi sa\u0146\u0113mu\u0161i j\u016bsu s\u0101kotn\u0113jo v\u012bzas pieteikumu. Jums vajadz\u0113ja sa\u0146emt e-pastu ar visiem nepiecie\u0161amajiem nor\u0101d\u012bjumiem, lai p\u0101rietu uz otro soli. 2. 2.\/2. darb\u012bba pabeigta J\u016bs esat pabeidzis pieteik\u0161an\u0101s procesa otro un p\u0113d\u0113jo soli. \u0160aj\u0101 sol\u012b bija j\u0101sniedz detaliz\u0113ta inform\u0101cija. 3. P\u0101rskat\u0101ms J\u016bsu nor\u012bkotais p\u0101rst\u0101vis pa\u0161laik p\u0101rskata j\u016bsu pieteikumu, lai p\u0101rliecin\u0101tos, ka sniegtie dati ir piln\u012bgi un prec\u012bzi, pirms to iesniedzat ASV Valsts departamentam. 4. Gaidot apstiprin\u0101jumu J\u016bsu pieteikums ir iesniegts iesniegts ASV Valsts departament\u0101 un pa\u0161laik gaida apstiprin\u0101jumu. 5. Pieteikuma rezult\u0101ts J\u016bsu pieteikums ir iesniegts p\u0101rskat\u012bjusi ASV Valsts departaments. P\u0101rbaudiet savu ies\u016btni, j\u016bs sa\u0146emsiet pazi\u0146ojumu pa e-pastu, tikl\u012bdz tas b\u016bs apstiprin\u0101ts vai ja b\u016bs nepiecie\u0161ama papildu inform\u0101cija. Ja nepiecie\u0161ams pieteikties cita pretendenta v\u0101rd\u0101, noklik\u0161\u0137iniet uz pogas. Pievienot citu lietojumprogrammu J\u016bsu karte ir autoriz\u0113ta maks\u0101jumam. Kv\u012bts ir nos\u016bt\u012bta uz j\u016bsu e-pastu, un visa r\u0113\u0137ina inform\u0101cija ir nor\u0101d\u012bta zem\u0101k. P\u0101rbaudiet savu e-pastu, vai taj\u0101 nav pirkuma \u010deka. Ja pirkuma \u010deka nav ies\u016btn\u0113, l\u016bdzu, p\u0101rbaudiet surog\u0101tpasta mapes un baltajam sarakstam pievienojiet e-pastu &#8220;ASV imigr\u0101cijas pal\u012bdz\u012bba&#8221;. S\u012bk\u0101ku inform\u0101ciju par to, k\u0101 pievienot m\u016bsu e-pastu baltajam sarakstam, varat atrast internet\u0101. R\u0113\u0137insApmaksas veids: Kred\u012btkartePieg\u0101des adrese: Elektroniska pieg\u0101dePreceASV v\u012bzas pieteikumsL\u016bdzu, \u0146emiet v\u0113r\u0101: \u0160is maks\u0101jums j\u016bsu kred\u012btkartes izrakst\u0101 tiks par\u0101d\u012bts k\u0101 &#8220;ASV imigr\u0101cijas pal\u012bdz\u012bba&#8221; vai &#8220;usimmigrationassistance.org&#8221;.J\u016bs esat veiksm\u012bgi iesniedzis maks\u0101jumu. Ja kartes \u012bpa\u0161nieks iesniegs bankai vai PayPal piepras\u012bjumu atmaks\u0101t maksu , pieteikums tiks autom\u0101tiski noraid\u012bts .<\/p>\n","protected":false},"author":3,"featured_media":0,"parent":0,"menu_order":0,"comment_status":"closed","ping_status":"closed","template":"","meta":{"footnotes":""},"class_list":["post-24934","page","type-page","status-publish","hentry"],"_links":{"self":[{"href":"https:\/\/usimmigrationassistance.org\/lv\/wp-json\/wp\/v2\/pages\/24934","targetHints":{"allow":["GET"]}}],"collection":[{"href":"https:\/\/usimmigrationassistance.org\/lv\/wp-json\/wp\/v2\/pages"}],"about":[{"href":"https:\/\/usimmigrationassistance.org\/lv\/wp-json\/wp\/v2\/types\/page"}],"author":[{"embeddable":true,"href":"https:\/\/usimmigrationassistance.org\/lv\/wp-json\/wp\/v2\/users\/3"}],"replies":[{"embeddable":true,"href":"https:\/\/usimmigrationassistance.org\/lv\/wp-json\/wp\/v2\/comments?post=24934"}],"version-history":[{"count":3,"href":"https:\/\/usimmigrationassistance.org\/lv\/wp-json\/wp\/v2\/pages\/24934\/revisions"}],"predecessor-version":[{"id":96181,"href":"https:\/\/usimmigrationassistance.org\/lv\/wp-json\/wp\/v2\/pages\/24934\/revisions\/96181"}],"wp:attachment":[{"href":"https:\/\/usimmigrationassistance.org\/lv\/wp-json\/wp\/v2\/media?parent=24934"}],"curies":[{"name":"wp","href":"https:\/\/api.w.org\/{rel}","templated":true}]}}