{"id":29289,"date":"2025-03-18T07:13:58","date_gmt":"2025-03-18T06:13:58","guid":{"rendered":"https:\/\/usimmigrationassistance.org\/restitutiebeleid"},"modified":"2025-05-28T14:49:48","modified_gmt":"2025-05-28T10:49:48","slug":"restitutiebeleid","status":"publish","type":"page","link":"https:\/\/usimmigrationassistance.org\/nl\/restitutiebeleid\/","title":{"rendered":"Restitutiebeleid"},"content":{"rendered":"\t\t<div data-elementor-type=\"wp-page\" data-elementor-id=\"29289\" class=\"elementor elementor-29289 elementor-19\" data-elementor-post-type=\"page\">\n\t\t\t\t<div class=\"elementor-element elementor-element-e040b88 e-flex e-con-boxed wpr-particle-no wpr-jarallax-no wpr-parallax-no wpr-sticky-section-no e-con e-parent\" data-id=\"e040b88\" data-element_type=\"container\">\n\t\t\t\t\t<div class=\"e-con-inner\">\n\t\t<div class=\"elementor-element elementor-element-8b26962 e-con-full e-flex wpr-particle-no wpr-jarallax-no wpr-parallax-no wpr-sticky-section-no e-con e-child\" data-id=\"8b26962\" data-element_type=\"container\">\n\t\t\t\t<div class=\"elementor-element elementor-element-bbdcd9a elementor-widget elementor-widget-heading\" data-id=\"bbdcd9a\" data-element_type=\"widget\" data-widget_type=\"heading.default\">\n\t\t\t\t<div class=\"elementor-widget-container\">\n\t\t\t\t\t<h2 class=\"elementor-heading-title elementor-size-default\">Restitutiebeleid<\/h2>\t\t\t\t<\/div>\n\t\t\t\t<\/div>\n\t\t\t\t<\/div>\n\t\t<div class=\"elementor-element elementor-element-55b5e2c e-con-full e-flex wpr-particle-no wpr-jarallax-no wpr-parallax-no wpr-sticky-section-no e-con e-child\" data-id=\"55b5e2c\" data-element_type=\"container\" data-settings=\"{&quot;background_background&quot;:&quot;classic&quot;}\">\n\t\t\t\t<div class=\"elementor-element elementor-element-65bcd51 elementor-widget elementor-widget-text-editor\" data-id=\"65bcd51\" data-element_type=\"widget\" data-widget_type=\"text-editor.default\">\n\t\t\t\t<div class=\"elementor-widget-container\">\n\t\t\t\t\t\t\t\t\t<p>Lees dit beleid aandachtig door. Dit is het restitutiebeleid van <a href=\"https:\/\/usimmigrationassistance.org\/nl\">https:\/\/usimmigrationassistance.org\/<\/a> , beheerd door TRAVEL MUNDO &#8211; FZCO ( <strong>wij\/ons\/ons<\/strong> ). Door onze website <a href=\"https:\/\/usimmigrationassistance.org\/nl\">https:\/\/usimmigrationassistance.org\/<\/a> te bezoeken en onze diensten te gebruiken, gaat u akkoord met dit beleid.  <br><strong>ALLE VERKOPEN ZIJN DEFINITIEF EN NIET-RESTITUEERBAAR.<\/strong><\/p>\n<p><\/p>\n<p>Wij streven ernaar hoogwaardige diensten te leveren om onze cli\u00ebnten ( <strong>u\/uw<\/strong> ) te ondersteunen tijdens hun immigratieproces. <strong>Na aankoop vindt er echter geen restitutie meer plaats,<\/strong> om welke reden dan ook. Dit beleid is van toepassing vanaf het moment van aankoop, ongeacht of de diensten volledig zijn benut.  <\/p>\n<p><\/p>\n<p><strong>BELEIDSVOORWAARDEN<\/strong><\/p>\n<p><\/p>\n<p>Door onze diensten aan te schaffen via <a href=\"https:\/\/usimmigrationassistance.org\/nl\">https:\/\/usimmigrationassistance.org\/<\/a> , erkent en gaat u ermee akkoord dat <strong>alle diensten niet-restitueerbaar zijn<\/strong> en dat <strong>elk verzoek om restitutie automatisch wordt afgewezen<\/strong> . Er zijn geen uitzonderingen op deze regel, zelfs als uw aanvraag nog niet is ingediend bij de relevante autoriteiten (visum, ESTA of anderszins). <\/p>\n<p><\/p>\n<p>Zodra u de documenten voor indiening na uw aankoop heeft goedgekeurd, <strong>doet u onherroepelijk afstand van uw recht op restitutie<\/strong> . In geval van een materi\u00eble fout in uw aanvraag zullen wij de aanvraag opnieuw indienen zonder extra kosten voor u, <strong>maar er wordt geen restitutie verleend<\/strong> . <\/p>\n<p><\/p>\n<p>Mocht u problemen ondervinden, dan raden wij u aan om direct contact met ons op te nemen via <a href=\"mailto:support@usimmigrationassistance.org\">support@usimmigrationassistance.org.<\/a> We kunnen het probleem dan oplossen of, in specifieke gevallen en naar eigen goeddunken, u tegoed geven voor toekomstige diensten.<\/p>\n<p><\/p>\n<p><strong>NIET-RESTITUEERBARE KOSTEN<\/strong><\/p>\n<p><\/p>\n<p>Betaalde vergoedingen aan Amerikaanse overheidsinstanties of andere overheidsinstanties worden op geen enkele wijze terugbetaald. Wanneer u een betaling doet aan het Amerikaanse ministerie van Buitenlandse Zaken of andere instanties, betaalt u voor een overheidsdienst. <strong>Al deze vergoedingen zijn definitief en worden niet terugbetaald<\/strong> , ongeacht de uitkomst van uw aanvraag. <\/p>\n<p><\/p>\n<p>Daarnaast worden ook de kosten die betaald zijn aan derden die betrokken zijn bij de verwerking van uw aanvraag (zoals lijkschouwers, vertalers, etc.) niet terugbetaald en komen dus niet in aanmerking voor studiepuntenkorting.<\/p>\n<p><\/p>\n<p><strong>TERUGBETALINGSKENNISGEVING<\/strong><\/p>\n<p><\/p>\n<p>Elk gebruik van een <strong>terugboeking<\/strong> om een terugbetaling te verkrijgen buiten de voorwaarden die in dit beleid zijn uiteengezet, wordt beschouwd als een schending van onze voorwaarden en zal met de grootst mogelijke ernst worden behandeld. We beschouwen elke <strong>terugboeking<\/strong> als <strong>frauduleus<\/strong> en zullen onmiddellijk juridische stappen ondernemen. <\/p>\n<p><\/p>\n<p><strong>Chargebackfraude<\/strong> is een vorm van <strong>diefstal<\/strong> en <strong>ontvreemding<\/strong> . Personen die schuldig worden bevonden aan chargebackfraude, kunnen zowel strafrechtelijk als civielrechtelijk worden vervolgd. Volgens Nasir N. Pasha (Esq.), managing attorney bij <strong>Pasha Law PC<\/strong> , \u201ckunnen autoriteiten personen zelfs voor kleine bedragen vervolgen, met aanklachten vari\u00ebrend van <strong>kleine diefstal<\/strong> (minder dan $ 50) tot <strong>grote diefstal<\/strong> (meer dan $ 500 tot $ 1.000).\u201d  <\/p>\n<p><\/p>\n<p>Wij melden elke poging tot terugboekingsfraude bij betalingsverwerkers en relevante overheidsinstanties. Er kunnen strenge straffen van toepassing zijn, waaronder een verbod op toegang tot het land van bestemming.<\/p>\n<p><\/p>\n<p><strong>VERZEKERING<\/strong><\/p>\n<p><\/p>\n<p>Als u twijfelt over de juiste indiening van uw aanvraag, raden wij u aan onmiddellijk contact met ons op te nemen via <a href=\"mailto:support@usimmigrationassistance.org\" target=\"_blank\" rel=\"noreferrer noopener\">support@usimmigrationassistance.org<\/a> . Houd er echter rekening mee dat <strong>we geen restitutie verlenen<\/strong> nadat diensten zijn aangeschaft, conform de voorwaarden van dit beleid. In bepaalde gevallen kunnen we naar eigen goeddunken een tegoed voor toekomstige diensten toekennen.  <\/p>\n<p><\/p>\n<p><strong>TEVREDENHEIDSGARANTIE<\/strong><\/p>\n<p><\/p>\n<p>Hoewel we ernaar streven om kwaliteitsservice te bieden, is onze <strong>tevredenheidsgarantie<\/strong> beperkt tot problemen die direct veroorzaakt zijn door <a href=\"https:\/\/usimmigrationassistance.org\/nl\">https:\/\/usimmigrationassistance.org\/<\/a> v\u00f3\u00f3r uw aankomst in de Verenigde Staten. Deze garantie omvat geen <strong>restitutie<\/strong> , maar kan in zeer specifieke gevallen wel <strong>een tegoedbon<\/strong> bieden voor toekomstige diensten, na grondige beoordeling. <\/p>\n<p><\/p>\n<p>Verzoeken om tegoed voor toekomstige diensten moeten binnen <strong>14 dagen na aankoop<\/strong> worden ingediend. Houd er rekening mee dat <strong>er geen verzoeken om restitutie worden geaccepteerd<\/strong> en dat tegoed alleen onder specifieke omstandigheden wordt verleend, ter beoordeling van <a href=\"https:\/\/usimmigrationassistance.org\/nl\">https:\/\/usimmigrationassistance.org\/<\/a> . <\/p>\n<p><\/p>\n<p><strong>UITSLUITINGEN OP DE TEVREDENHEIDSGARANTIE<\/strong><\/p>\n<p><\/p>\n<p>Wij kunnen onder geen enkele omstandigheid de resultaten of beslissingen van Amerikaanse overheidsinstanties met betrekking tot uw aanvraag garanderen. Vertragingen of afwijzingen door overheidsinstanties vallen buiten onze controle en <strong>geven u geen recht op restitutie<\/strong> . <\/p>\n<p><\/p>\n<p>Deze garantie vervalt indien u misleidende informatie heeft verstrekt of reeds een <strong>terugboeking<\/strong> bij uw bank heeft aangevraagd.<\/p>\n<p><\/p>\n<p><strong>VRIJWARING<\/strong><\/p>\n<p><\/p>\n<p>Door gebruik te maken van onze diensten, gaat u ermee akkoord en begrijpt u dat wij een particuliere, internetgebaseerde aanbieder van reistechnologie zijn. Wij zetten ons in om mensen te helpen bij hun reis naar de Verenigde Staten. <a href=\"https:\/\/usimmigrationassistance.org\/nl\" target=\"_blank\" rel=\"noreferrer noopener\">https:\/\/usimmigrationassistance.org\/<\/a> is geen advocatenkantoor en is geen vervanging voor juridisch advies van een gekwalificeerde professional. <span style=\"background-color: #ffffff;\"><a href=\"https:\/\/usimmigrationassistance.org\/nl\">https:\/\/usimmigrationassistance.org\/<\/a><\/span> is niet gelieerd aan of wordt niet onderschreven door de United States Citizenship and Immigration Services (USCIS) of enige andere overheidsinstantie. <\/p>\n<p><\/p>\n<p><strong>LET OP<\/strong> : Blanco immigratieformulieren met schriftelijke instructies voor alle visa zijn gratis beschikbaar op de <strong>USCIS-<\/strong> website. Het gebruik van de website <span style=\"background-color: #ffffff;\"><a href=\"https:\/\/usimmigrationassistance.org\/nl\">https:\/\/usimmigrationassistance.org\/<\/a><\/span> en de bijbehorende diensten is onderworpen aan ons <a href=\"https:\/\/usimmigrationassistance.org\/nl\/privacy_policy\/\" target=\"_blank\" rel=\"noreferrer noopener\">privacybeleid<\/a> , <a href=\"https:\/\/usimmigrationassistance.org\/nl\/terms_of_service\/\" target=\"_blank\" rel=\"noreferrer noopener\">onze servicevoorwaarden<\/a> en <a href=\"https:\/\/usimmigrationassistance.org\/nl\/terms_of_use\/\" target=\"_blank\" rel=\"noreferrer noopener\">onze gebruiksvoorwaarden<\/a> . <\/p>\n<p><\/p>\n<p><strong>KOSTENGEGEVENS &#8211; ALLEEN TER INFORMATIE<\/strong><\/p>\n<p><\/p>\n<p><strong>Kosten voor Amerikaanse visa<\/strong><\/p>\n<p><\/p>\n<p>Alle aanvragers van een Amerikaans visum moeten visumkosten betalen aan de uitgevende instantie van de Amerikaanse overheid. De hoogte van de visumaanvraagkosten en het moment waarop deze betaald moeten worden, hangt af van het type visum dat wordt aangevraagd. Voordat u een visum aanvraagt, moet u bepalen welk visum aan uw reisbehoeften voldoet en welke uitgevende instantie van de Amerikaanse overheid de verwerkingskosten voor dat visum in rekening brengt. Neem hiervoor contact op <a href=\"mailto:support@usimmigrationassistance.org\">met support@usimmigrationassistance.org<\/a> .   <\/p>\n<p><\/p>\n<p><strong>MRV-vergoeding<\/strong><\/p>\n<p><\/p>\n<p>De visumkosten worden ook wel <strong>consulaire kosten<\/strong> of <strong>aanvraagkosten<\/strong> genoemd en staan officieel bekend als de \u201c<strong>Machine Readable Visa (MRV) Fee<\/strong>\u201d. De consulaire verwerkingskosten zijn vereist bij elke visumaanvraag. Pas na betaling van de visumkosten kunt u een afspraak maken voor een consulair interview bij een Amerikaans consulaat of ambassade.  <\/p>\n<p><\/p>\n<p>Houd er rekening mee dat MRV-visumkosten <strong>niet-restitueerbaar<\/strong> en <strong>niet-overdraagbaar<\/strong> zijn. Als de visumaanvraag wordt ingetrokken of het Amerikaanse visum wordt geweigerd, <strong>ontvangt de aanvrager geen restitutie<\/strong> . Bovendien zijn de visumkosten niet overdraagbaar aan anderen, zoals familieleden of collega&#8217;s.  <\/p>\n<p><\/p>\n<p><strong>Hoogte van de MRV-vergoeding<\/strong><\/p>\n<p><\/p>\n<p>De hoogte van de visumkosten is afhankelijk van de visumcategorie waarvoor u een aanvraag indient. Dit betekent dat verschillende visumcategorie\u00ebn verschillende visumkosten kunnen hebben. <\/p>\n<p><\/p>\n<p>Hoewel de visumkosten officieel in Amerikaanse dollars worden vermeld, wordt de betaling in de betreffende nationale valuta gedaan. Visumkosten zijn onderhevig aan regelmatige wisselkoersschommelingen, waardoor de kosten vaak worden verlaagd of verhoogd. Voor de actuele euro-dollarwisselkoers van Amerikaanse consulaten (= consulaire wisselkoers) kunt u terecht bij de Amerikaanse ambassade in uw land. De huidige consulaire aanvraagkosten voor Amerikaanse niet-immigrantenvisa zijn als volgt en moeten rechtstreeks aan het Amerikaanse consulaat\/de Amerikaanse ambassade worden betaald:   <\/p>\n<p><\/p>\n<p>B-1\/B-2 visa (zakelijke bezoeker\/toerist): $175<br> C-1D visa (bemanningsleden \/ transit): $ 175<br> F-1 visa (studenten): $175<br> J-1 visa (Exchange Visitors): $175<br> ESTA (Toerisme\/Transit\/Zakelijk): $129<\/p>\n<p><\/p>\n<p><strong>Betaalmethoden<\/strong><\/p>\n<p><\/p>\n<p>Visumkosten kunnen op verschillende manieren worden betaald bij Amerikaanse consulaten en ambassades wereldwijd. De volgende betaalmogelijkheden zijn beschikbaar: <\/p>\n<p><\/p>\n<p>Online bankoverschrijving<br> Debetkaart<br> Creditcard<br> Directe bankoverschrijving<br> Contante storting bij een bank<\/p>\n<p><\/p>\n<p><strong>Geldigheid van de MRV-vergoeding<\/strong><\/p>\n<p><\/p>\n<p>Na betaling van de visumkosten ontvangt u een betalingsbewijs dat een jaar geldig is. De visumkosten zijn dus een jaar geldig vanaf de datum van betaling. Gedurende deze periode dient u een afspraak te maken voor een interview bij een Amerikaans consulaat of ambassade, aangezien de visumkosten na twaalf maanden opnieuw betaald moeten worden.  <\/p>\n<p><\/p>\n<p><strong>Overige kosten bij consulaire verwerking<\/strong><\/p>\n<p><\/p>\n<p>Naast de hierboven beschreven consulaire aanvraagkosten zijn er nog andere visumkosten in de consulaire procedure:<\/p>\n<p><\/p>\n<p><strong>1. Wederkerigheidsvergoeding<\/strong><\/p>\n<p><\/p>\n<p>De <strong>wederkerigheidsvergoeding<\/strong> is gebaseerd op het systeem van staatswederkerigheid. Wanneer een buitenlandse overheid kosten in rekening brengt aan Amerikaanse burgers voor bepaalde soorten visa, brengt de Verenigde Staten ook <strong>wederkerigheidsvergoeding<\/strong> in rekening aan de burgers van dat land voor vergelijkbare visumcategorie\u00ebn. <\/p>\n<p><\/p>\n<p>Als Amerikaanse burgers bijvoorbeeld een extra vergoeding moeten betalen voor een bezoekersvisum voor China, geldt dit ook voor Chinese burgers die een B-1\/B-2-bezoekersvisum voor de VS aanvragen.<\/p>\n<p><\/p>\n<p>Als u een interview heeft gepland, <strong>hoeft u de wederkerigheidskosten niet vooraf te betalen<\/strong> . U kunt deze in plaats daarvan betalen bij de consulaire afdeling van de Amerikaanse ambassade wanneer u voor uw interview arriveert. Zorg ervoor dat u de wederkerigheidskosten alleen vooraf betaalt als u uw bestaande visum verlengt en een visumvrijstelling aanvraagt. Dit zijn geen MRV-kosten die u kunt gebruiken om een afspraak te maken.  <\/p>\n<p><\/p>\n<p>Het wederkerigheidsbeginsel impliceert ofwel extra kosten ofwel een kortere geldigheidsduur (of beide) voor visumaanvragers uit bepaalde landen en voor bepaalde visumcategorie\u00ebn. Afhankelijk van de nationaliteit van de aanvrager en het type visum dat wordt aangevraagd, kan het Amerikaanse ministerie van Buitenlandse Zaken: <\/p>\n<p><\/p>\n<p>een extra vergoeding van een aanvrager eisen, of<br> een visum afgeven met een kortere geldigheidsduur dan normaal gesproken is toegestaan.<br> De wederkerigheidskosten vari\u00ebren afhankelijk van de nationaliteit van de aanvrager, de visumcategorie en de aanvraag. U kunt vooraf nagaan of er kosten voor u gelden door de <strong>website van het Amerikaanse Ministerie van Buitenlandse Zaken<\/strong> te bezoeken. <\/p>\n<p><\/p>\n<p>Deze vergoeding dient eveneens per creditcard of contant betaald te worden bij het Amerikaanse consulaat\/de ambassade.<\/p>\n<p><\/p>\n<p><strong>2. SEVIS-KOSTEN<\/strong><\/p>\n<p><\/p>\n<p>De <strong>SEVIS-kosten<\/strong> dienen te worden betaald bij het aanvragen van een F-, J- of M-visum en vari\u00ebren afhankelijk van de visumcategorie. Aanvragers dienen de SEVIS-kosten te betalen <strong>v\u00f3\u00f3r<\/strong> hun afspraak voor het consulaire interview. Betaling kan online per creditcard worden gedaan.  <\/p>\n<p><\/p>\n<p>Het betalingsbewijs moet bij de consulaire aanvraag worden gevoegd, anders kan de aanvraag niet in behandeling worden genomen.<\/p>\n<p><\/p>\n<p><strong>Praktische tip<\/strong> : Wij gaan ervan uit dat alle aanvragen met een onjuist bedrag als bewijs onbehandelbaar worden teruggestuurd.<\/p>\n<p><\/p>\n<p>Een volledig overzicht van alle USCIS-aanvraagkosten vindt u op de <strong>USCIS-website<\/strong> .<\/p>\n<p><\/p>\n<p><strong>Praktische tip<\/strong> : Let op de instructies van de USCIS met betrekking tot de betreffende cheque of postwissel. Onjuist ingediende cheques of postwissels leiden ertoe dat de aanvraag niet wordt geaccepteerd. Deze verzoeken worden onbehandeld aan de aanvrager geretourneerd.  <\/p>\n<p><\/p>\n<p><strong>Verwerkingskosten &#8211; Onze Amerikaanse visumservice<\/strong><\/p>\n<p><\/p>\n<p>Wanneer u gebruikmaakt van onze reisbegeleidingsdienst, brengen wij u naast de aanvraagkosten bij de Amerikaanse autoriteiten, vertaalkosten e.d. ook advies- en proceskosten in rekening.<\/p>\n<p><\/p>\n<p>Afhankelijk van de visumcategorie rekenen we een vaste vergoeding voor de afhandeling, rekening houdend met de verschillende verwerkingskosten. Hoe eenvoudiger de verwerking van een visumcategorie, hoe voordeliger de ondersteuning van onze Amerikaanse visumconsultants. <\/p>\n<p><\/p>\n<p>Op verzoek kunnen wij u begeleiding en afhandeling op uurbasis aanbieden. In bijzonder dringende visumzaken kunnen wij tegen een meerprijs ook een spoedbehandeling voor u regelen. <\/p>\n<p><\/p>\t\t\t\t\t\t\t\t<\/div>\n\t\t\t\t<\/div>\n\t\t\t\t<\/div>\n\t\t\t\t\t<\/div>\n\t\t\t\t<\/div>\n\t\t\t\t<\/div>\n\t\t","protected":false},"excerpt":{"rendered":"<p>Restitutiebeleid Lees dit beleid aandachtig door. Dit is het restitutiebeleid van https:\/\/usimmigrationassistance.org\/ , beheerd door TRAVEL MUNDO &#8211; FZCO ( wij\/ons\/ons ). Door onze website https:\/\/usimmigrationassistance.org\/ te bezoeken en onze diensten te gebruiken, gaat u akkoord met dit beleid. ALLE VERKOPEN ZIJN DEFINITIEF EN NIET-RESTITUEERBAAR. Wij streven ernaar hoogwaardige diensten te leveren om onze cli\u00ebnten ( u\/uw ) te ondersteunen tijdens hun immigratieproces. Na aankoop vindt er echter geen restitutie meer plaats, om welke reden dan ook. Dit beleid is van toepassing vanaf het moment van aankoop, ongeacht of de diensten volledig zijn benut. BELEIDSVOORWAARDEN Door onze diensten aan te schaffen via https:\/\/usimmigrationassistance.org\/ , erkent en gaat u ermee akkoord dat alle diensten niet-restitueerbaar zijn en dat elk verzoek om restitutie automatisch wordt afgewezen . Er zijn geen uitzonderingen op deze regel, zelfs als uw aanvraag nog niet is ingediend bij de relevante autoriteiten (visum, ESTA of anderszins). Zodra u de documenten voor indiening na uw aankoop heeft goedgekeurd, doet u onherroepelijk afstand van uw recht op restitutie . In geval van een materi\u00eble fout in uw aanvraag zullen wij de aanvraag opnieuw indienen zonder extra kosten voor u, maar er wordt geen restitutie verleend . Mocht u problemen ondervinden, dan raden wij u aan om direct contact met ons op te nemen via support@usimmigrationassistance.org. We kunnen het probleem dan oplossen of, in specifieke gevallen en naar eigen goeddunken, u tegoed geven voor toekomstige diensten. NIET-RESTITUEERBARE KOSTEN Betaalde vergoedingen aan Amerikaanse overheidsinstanties of andere overheidsinstanties worden op geen enkele wijze terugbetaald. Wanneer u een betaling doet aan het Amerikaanse ministerie van Buitenlandse Zaken of andere instanties, betaalt u voor een overheidsdienst. Al deze vergoedingen zijn definitief en worden niet terugbetaald , ongeacht de uitkomst van uw aanvraag. Daarnaast worden ook de kosten die betaald zijn aan derden die betrokken zijn bij de verwerking van uw aanvraag (zoals lijkschouwers, vertalers, etc.) niet terugbetaald en komen dus niet in aanmerking voor studiepuntenkorting. TERUGBETALINGSKENNISGEVING Elk gebruik van een terugboeking om een terugbetaling te verkrijgen buiten de voorwaarden die in dit beleid zijn uiteengezet, wordt beschouwd als een schending van onze voorwaarden en zal met de grootst mogelijke ernst worden behandeld. We beschouwen elke terugboeking als frauduleus en zullen onmiddellijk juridische stappen ondernemen. Chargebackfraude is een vorm van diefstal en ontvreemding . Personen die schuldig worden bevonden aan chargebackfraude, kunnen zowel strafrechtelijk als civielrechtelijk worden vervolgd. Volgens Nasir N. Pasha (Esq.), managing attorney bij Pasha Law PC , \u201ckunnen autoriteiten personen zelfs voor kleine bedragen vervolgen, met aanklachten vari\u00ebrend van kleine diefstal (minder dan $ 50) tot grote diefstal (meer dan $ 500 tot $ 1.000).\u201d Wij melden elke poging tot terugboekingsfraude bij betalingsverwerkers en relevante overheidsinstanties. Er kunnen strenge straffen van toepassing zijn, waaronder een verbod op toegang tot het land van bestemming. VERZEKERING Als u twijfelt over de juiste indiening van uw aanvraag, raden wij u aan onmiddellijk contact met ons op te nemen via support@usimmigrationassistance.org . Houd er echter rekening mee dat we geen restitutie verlenen nadat diensten zijn aangeschaft, conform de voorwaarden van dit beleid. In bepaalde gevallen kunnen we naar eigen goeddunken een tegoed voor toekomstige diensten toekennen. TEVREDENHEIDSGARANTIE Hoewel we ernaar streven om kwaliteitsservice te bieden, is onze tevredenheidsgarantie beperkt tot problemen die direct veroorzaakt zijn door https:\/\/usimmigrationassistance.org\/ v\u00f3\u00f3r uw aankomst in de Verenigde Staten. Deze garantie omvat geen restitutie , maar kan in zeer specifieke gevallen wel een tegoedbon bieden voor toekomstige diensten, na grondige beoordeling. Verzoeken om tegoed voor toekomstige diensten moeten binnen 14 dagen na aankoop worden ingediend. Houd er rekening mee dat er geen verzoeken om restitutie worden geaccepteerd en dat tegoed alleen onder specifieke omstandigheden wordt verleend, ter beoordeling van https:\/\/usimmigrationassistance.org\/ . UITSLUITINGEN OP DE TEVREDENHEIDSGARANTIE Wij kunnen onder geen enkele omstandigheid de resultaten of beslissingen van Amerikaanse overheidsinstanties met betrekking tot uw aanvraag garanderen. Vertragingen of afwijzingen door overheidsinstanties vallen buiten onze controle en geven u geen recht op restitutie . Deze garantie vervalt indien u misleidende informatie heeft verstrekt of reeds een terugboeking bij uw bank heeft aangevraagd. VRIJWARING Door gebruik te maken van onze diensten, gaat u ermee akkoord en begrijpt u dat wij een particuliere, internetgebaseerde aanbieder van reistechnologie zijn. Wij zetten ons in om mensen te helpen bij hun reis naar de Verenigde Staten. https:\/\/usimmigrationassistance.org\/ is geen advocatenkantoor en is geen vervanging voor juridisch advies van een gekwalificeerde professional. https:\/\/usimmigrationassistance.org\/ is niet gelieerd aan of wordt niet onderschreven door de United States Citizenship and Immigration Services (USCIS) of enige andere overheidsinstantie. LET OP : Blanco immigratieformulieren met schriftelijke instructies voor alle visa zijn gratis beschikbaar op de USCIS- website. Het gebruik van de website https:\/\/usimmigrationassistance.org\/ en de bijbehorende diensten is onderworpen aan ons privacybeleid , onze servicevoorwaarden en onze gebruiksvoorwaarden . KOSTENGEGEVENS &#8211; ALLEEN TER INFORMATIE Kosten voor Amerikaanse visa Alle aanvragers van een Amerikaans visum moeten visumkosten betalen aan de uitgevende instantie van de Amerikaanse overheid. De hoogte van de visumaanvraagkosten en het moment waarop deze betaald moeten worden, hangt af van het type visum dat wordt aangevraagd. Voordat u een visum aanvraagt, moet u bepalen welk visum aan uw reisbehoeften voldoet en welke uitgevende instantie van de Amerikaanse overheid de verwerkingskosten voor dat visum in rekening brengt. Neem hiervoor contact op met support@usimmigrationassistance.org . MRV-vergoeding De visumkosten worden ook wel consulaire kosten of aanvraagkosten genoemd en staan officieel bekend als de \u201cMachine Readable Visa (MRV) Fee\u201d. De consulaire verwerkingskosten zijn vereist bij elke visumaanvraag. Pas na betaling van de visumkosten kunt u een afspraak maken voor een consulair interview bij een Amerikaans consulaat of ambassade. Houd er rekening mee dat MRV-visumkosten niet-restitueerbaar en niet-overdraagbaar zijn. Als de visumaanvraag wordt ingetrokken of het Amerikaanse visum wordt geweigerd, ontvangt de aanvrager geen restitutie . Bovendien zijn de visumkosten niet overdraagbaar aan anderen, zoals familieleden of collega&#8217;s. Hoogte van de MRV-vergoeding De hoogte van de visumkosten is afhankelijk van de visumcategorie waarvoor u een aanvraag indient. Dit betekent dat verschillende visumcategorie\u00ebn verschillende visumkosten kunnen hebben. Hoewel de visumkosten officieel in Amerikaanse dollars worden vermeld, wordt de betaling in<\/p>\n","protected":false},"author":3,"featured_media":0,"parent":0,"menu_order":0,"comment_status":"closed","ping_status":"closed","template":"","meta":{"footnotes":""},"class_list":["post-29289","page","type-page","status-publish","hentry"],"_links":{"self":[{"href":"https:\/\/usimmigrationassistance.org\/nl\/wp-json\/wp\/v2\/pages\/29289","targetHints":{"allow":["GET"]}}],"collection":[{"href":"https:\/\/usimmigrationassistance.org\/nl\/wp-json\/wp\/v2\/pages"}],"about":[{"href":"https:\/\/usimmigrationassistance.org\/nl\/wp-json\/wp\/v2\/types\/page"}],"author":[{"embeddable":true,"href":"https:\/\/usimmigrationassistance.org\/nl\/wp-json\/wp\/v2\/users\/3"}],"replies":[{"embeddable":true,"href":"https:\/\/usimmigrationassistance.org\/nl\/wp-json\/wp\/v2\/comments?post=29289"}],"version-history":[{"count":8,"href":"https:\/\/usimmigrationassistance.org\/nl\/wp-json\/wp\/v2\/pages\/29289\/revisions"}],"predecessor-version":[{"id":30739,"href":"https:\/\/usimmigrationassistance.org\/nl\/wp-json\/wp\/v2\/pages\/29289\/revisions\/30739"}],"wp:attachment":[{"href":"https:\/\/usimmigrationassistance.org\/nl\/wp-json\/wp\/v2\/media?parent=29289"}],"curies":[{"name":"wp","href":"https:\/\/api.w.org\/{rel}","templated":true}]}}