{"id":28717,"date":"2025-03-18T07:13:58","date_gmt":"2025-03-18T06:13:58","guid":{"rendered":"https:\/\/usimmigrationassistance.org\/refusjonspolicy"},"modified":"2025-05-28T14:49:47","modified_gmt":"2025-05-28T10:49:47","slug":"refusjonspolicy","status":"publish","type":"page","link":"https:\/\/usimmigrationassistance.org\/no\/refusjonspolicy\/","title":{"rendered":"Refusjonspolicy"},"content":{"rendered":"\t\t<div data-elementor-type=\"wp-page\" data-elementor-id=\"28717\" class=\"elementor elementor-28717 elementor-19\" data-elementor-post-type=\"page\">\n\t\t\t\t<div class=\"elementor-element elementor-element-e040b88 e-flex e-con-boxed wpr-particle-no wpr-jarallax-no wpr-parallax-no wpr-sticky-section-no e-con e-parent\" data-id=\"e040b88\" data-element_type=\"container\">\n\t\t\t\t\t<div class=\"e-con-inner\">\n\t\t<div class=\"elementor-element elementor-element-8b26962 e-con-full e-flex wpr-particle-no wpr-jarallax-no wpr-parallax-no wpr-sticky-section-no e-con e-child\" data-id=\"8b26962\" data-element_type=\"container\">\n\t\t\t\t<div class=\"elementor-element elementor-element-bbdcd9a elementor-widget elementor-widget-heading\" data-id=\"bbdcd9a\" data-element_type=\"widget\" data-widget_type=\"heading.default\">\n\t\t\t\t<div class=\"elementor-widget-container\">\n\t\t\t\t\t<h2 class=\"elementor-heading-title elementor-size-default\">Refusjonspolicy<\/h2>\t\t\t\t<\/div>\n\t\t\t\t<\/div>\n\t\t\t\t<\/div>\n\t\t<div class=\"elementor-element elementor-element-55b5e2c e-con-full e-flex wpr-particle-no wpr-jarallax-no wpr-parallax-no wpr-sticky-section-no e-con e-child\" data-id=\"55b5e2c\" data-element_type=\"container\" data-settings=\"{&quot;background_background&quot;:&quot;classic&quot;}\">\n\t\t\t\t<div class=\"elementor-element elementor-element-65bcd51 elementor-widget elementor-widget-text-editor\" data-id=\"65bcd51\" data-element_type=\"widget\" data-widget_type=\"text-editor.default\">\n\t\t\t\t<div class=\"elementor-widget-container\">\n\t\t\t\t\t\t\t\t\t<p>Vennligst les disse retningslinjene n\u00f8ye. Dette er refusjonsreglene til <a href=\"https:\/\/usimmigrationassistance.org\/no\">https:\/\/usimmigrationassistance.org\/<\/a> , som drives av TRAVEL MUNDO &#8211; FZCO ( <strong>vi\/v\u00e5r\/oss<\/strong> ). Ved \u00e5 g\u00e5 inn p\u00e5 nettstedet v\u00e5rt <a href=\"https:\/\/usimmigrationassistance.org\/no\">https:\/\/usimmigrationassistance.org\/<\/a> og bruke tjenestene v\u00e5re, godtar du \u00e5 v\u00e6re bundet av disse retningslinjene.  <br><strong>ALT SALG ER ENDELIG OG IKKE REFUNDERBART.<\/strong><\/p>\n<p><\/p>\n<p>Vi er forpliktet til \u00e5 tilby tjenester av h\u00f8y kvalitet for \u00e5 bist\u00e5 v\u00e5re kunder ( <strong>deg\/din<\/strong> ) gjennom hele immigrasjonsprosessen. <strong>N\u00e5r et kj\u00f8p er foretatt, vil det imidlertid ikke bli gitt noen refusjon<\/strong> uansett \u00e5rsak. Disse retningslinjene gjelder fra kj\u00f8pstidspunktet, uavhengig av om tjenestene er fullt utnyttet eller ikke.  <\/p>\n<p><\/p>\n<p><strong>POLICYVILK\u00c5R<\/strong><\/p>\n<p><\/p>\n<p>Ved \u00e5 kj\u00f8pe tjenestene v\u00e5re p\u00e5 <a href=\"https:\/\/usimmigrationassistance.org\/no\">https:\/\/usimmigrationassistance.org\/<\/a> , erkjenner og samtykker du i at <strong>alle tjenester ikke refunderes<\/strong> , og at <strong>enhver foresp\u00f8rsel om refusjon automatisk vil bli avsl\u00e5tt<\/strong> . Det finnes ingen unntak fra denne regelen, selv om s\u00f8knaden din enn\u00e5 ikke er sendt inn til relevante myndigheter (Visa, ESTA eller annet). <\/p>\n<p><\/p>\n<p>N\u00e5r du har godkjent dokumentene for innsending etter kj\u00f8pet, <strong>frasier du deg ugjenkallelig enhver rett til refusjon<\/strong> . Dersom det skulle v\u00e6re en vesentlig feil i s\u00f8knaden din, vil vi sende den inn p\u00e5 nytt uten ekstra kostnad for deg, <strong>men det vil ikke bli gitt refusjon<\/strong> . <\/p>\n<p><\/p>\n<p>Hvis du st\u00f8ter p\u00e5 problemer, oppfordres du til \u00e5 kontakte oss umiddelbart p\u00e5 <a href=\"mailto:support@usimmigrationassistance.org\">support@usimmigrationassistance.org<\/a> , slik at vi kan l\u00f8se situasjonen eller, i spesifikke tilfeller etter eget skj\u00f8nn, gi deg kreditt for fremtidige tjenester.<\/p>\n<p><\/p>\n<p><strong>IKKE-REFUNDERBARE AVGIFTER<\/strong><\/p>\n<p><\/p>\n<p>Gebyrer betalt til amerikanske myndigheter eller andre statlige enheter refunderes ikke p\u00e5 noen m\u00e5te. N\u00e5r du foretar en betaling til det amerikanske utenriksdepartementet eller andre etater, betaler du for en offentlig tjeneste, og <strong>alle slike gebyrer er endelige og refunderes ikke<\/strong> , uavhengig av resultatet av s\u00f8knaden din. <\/p>\n<p><\/p>\n<p>I tillegg refunderes ikke gebyrer betalt til tredjeparter involvert i behandlingen av s\u00f8knaden din (som rettsmedisinere, oversettere osv.) og kan ikke godskrives.<\/p>\n<p><\/p>\n<p><strong>VARSEL OM TILBAKEBETALING<\/strong><\/p>\n<p><\/p>\n<p>Enhver bruk av en <strong>tilbakef\u00f8ring<\/strong> for \u00e5 f\u00e5 refusjon utenfor betingelsene som er beskrevet i denne policyen, anses som et brudd p\u00e5 v\u00e5re vilk\u00e5r og vil bli behandlet med st\u00f8rste alvorlighet. Vi vil anse enhver <strong>tilbakef\u00f8ring<\/strong> som <strong>svindel<\/strong> og vil umiddelbart iverksette rettslige skritt. <\/p>\n<p><\/p>\n<p><strong>Tilbakef\u00f8ringssvindel<\/strong> er en form for <strong>tyveri<\/strong> og <strong>tyveri<\/strong> . Personer som blir funnet skyldige i tilbakef\u00f8ringssvindel kan ilegges b\u00e5de strafferettslige og sivile straffer. If\u00f8lge Nasir N. Pasha (Esq.), administrerende advokat hos <strong>Pasha Law PC<\/strong> , kan myndighetene straffeforf\u00f8lge enkeltpersoner selv for sm\u00e5 bel\u00f8p, med anklager som spenner fra <strong>mindre tyveri<\/strong> (under $50) til <strong>grovt tyveri<\/strong> (over $500 til $1000).  <\/p>\n<p><\/p>\n<p>Vi vil rapportere ethvert fors\u00f8k p\u00e5 tilbakef\u00f8ringssvindel til betalingsbehandlere og relevante offentlige etater, og strenge straffer kan gjelde, inkludert \u00e5 bli utestengt fra innreise til destinasjonslandet.<\/p>\n<p><\/p>\n<p><strong>FORSIKRING<\/strong><\/p>\n<p><\/p>\n<p>Hvis du er i tvil om s\u00f8knaden din er korrekt innlevert, oppfordrer vi deg til \u00e5 kontakte oss umiddelbart p\u00e5 <a href=\"mailto:support@usimmigrationassistance.org\" target=\"_blank\" rel=\"noreferrer noopener\">support@usimmigrationassistance.org<\/a> . V\u00e6r imidlertid oppmerksom p\u00e5 at <strong>vi ikke tilbyr refusjon<\/strong> n\u00e5r tjenester er kj\u00f8pt, i henhold til vilk\u00e5rene i denne policyen. I visse tilfeller kan vi gi kreditt for fremtidige tjenester etter v\u00e5rt skj\u00f8nn.  <\/p>\n<p><\/p>\n<p><strong>FORN\u00d8YDHETSGARANTI<\/strong><\/p>\n<p><\/p>\n<p>Selv om vi streber etter \u00e5 tilby service av h\u00f8y kvalitet, er v\u00e5r <strong>forn\u00f8ydhetsgaranti<\/strong> begrenset til problemer som er direkte for\u00e5rsaket av <a href=\"https:\/\/usimmigrationassistance.org\/no\">https:\/\/usimmigrationassistance.org\/<\/a> f\u00f8r du ankommer USA. Denne garantien inkluderer ikke <strong>refusjon,<\/strong> men kan tilby <strong>kreditt<\/strong> for fremtidige tjenester i sv\u00e6rt spesifikke tilfeller, etter grundig vurdering. <\/p>\n<p><\/p>\n<p>Enhver foresp\u00f8rsel om kreditt for fremtidige tjenester m\u00e5 sendes inn innen <strong>14 dager etter kj\u00f8pet<\/strong> . V\u00e6r oppmerksom p\u00e5 at <strong>ingen foresp\u00f8rsler om refusjon vil bli akseptert<\/strong> , og kreditt vil kun bli gitt under spesifikke omstendigheter, etter <a href=\"https:\/\/usimmigrationassistance.org\/no\">https:\/\/usimmigrationassistance.org\/s<\/a> skj\u00f8nn. <\/p>\n<p><\/p>\n<p><strong>UNNTAK FRA FORN\u00d8YDSGARANTIEN<\/strong><\/p>\n<p><\/p>\n<p>Vi kan under ingen omstendigheter garantere resultatene eller avgj\u00f8relsene til amerikanske myndigheter ang\u00e5ende s\u00f8knaden din. Forsinkelser eller avslag fra myndigheter er utenfor v\u00e5r kontroll og <strong>gir deg ikke rett til refusjon<\/strong> . <\/p>\n<p><\/p>\n<p>Denne garantien er ugyldig dersom du har oppgitt villedende informasjon eller allerede har bedt om en <strong>tilbakef\u00f8ring<\/strong> fra banken din.<\/p>\n<p><\/p>\n<p><strong>ANSVARSFRASKRIVELSE<\/strong><\/p>\n<p><\/p>\n<p>Ved \u00e5 bruke tjenestene v\u00e5re, godtar og forst\u00e5r du at vi er en privat, internettbasert leverand\u00f8r av reiseteknologitjenester. Vi er dedikert til \u00e5 hjelpe enkeltpersoner med \u00e5 reise til USA. <a href=\"https:\/\/usimmigrationassistance.org\/no\" target=\"_blank\" rel=\"noreferrer noopener\">https:\/\/usimmigrationassistance.org\/<\/a> er ikke et advokatfirma og erstatter ikke juridisk r\u00e5dgivning fra en kvalifisert fagperson. <span style=\"background-color: #ffffff;\"><a href=\"https:\/\/usimmigrationassistance.org\/no\">https:\/\/usimmigrationassistance.org\/<\/a><\/span> er ikke tilknyttet eller godkjent av United States Citizenship and Immigration Services (USCIS) eller noen annen offentlig etat. <\/p>\n<p><\/p>\n<p><strong>MERK<\/strong> : Blanke immigrasjonsskjemaer med skriftlige instruksjoner for alle visum er tilgjengelige gratis p\u00e5 <strong>USCIS&#8217;<\/strong> nettsted. Bruk av nettstedet <span style=\"background-color: #ffffff;\"><a href=\"https:\/\/usimmigrationassistance.org\/no\">https:\/\/usimmigrationassistance.org\/<\/a><\/span> og dets tjenester er underlagt v\u00e5re <a href=\"https:\/\/usimmigrationassistance.org\/no\/privacy_policy\/\" target=\"_blank\" rel=\"noreferrer noopener\">retningslinjer for personvern<\/a> , <a href=\"https:\/\/usimmigrationassistance.org\/no\/terms_of_service\/\" target=\"_blank\" rel=\"noreferrer noopener\">tjenestevilk\u00e5r<\/a> og <a href=\"https:\/\/usimmigrationassistance.org\/no\/terms_of_use\/\" target=\"_blank\" rel=\"noreferrer noopener\">bruksvilk\u00e5r<\/a> . <\/p>\n<p><\/p>\n<p><strong>AVGIFTINFORMASJON &#8211; KUN TIL INFORMASJONSFORM\u00c5L<\/strong><\/p>\n<p><\/p>\n<p><strong>Kostnader for amerikanske visum<\/strong><\/p>\n<p><\/p>\n<p>Alle amerikanske visums\u00f8kere m\u00e5 betale et visumgebyr til den amerikanske regjeringens utstedende organ. St\u00f8rrelsen p\u00e5 visums\u00f8knadsgebyret og n\u00e5r det m\u00e5 betales avhenger av hvilken type visum det s\u00f8kes om. F\u00f8r du s\u00f8ker om visum, b\u00f8r du finne ut hvilket visum som passer dine reisebehov og hvilket utstedende organ i den amerikanske regjeringen som krever behandlingsgebyret for det aktuelle visumet. For \u00e5 gj\u00f8re dette, vennligst kontakt <a href=\"mailto:support@usimmigrationassistance.org\">support@usimmigrationassistance.org<\/a> .   <\/p>\n<p><\/p>\n<p><strong>MRV-avgift<\/strong><\/p>\n<p><\/p>\n<p>Visumgebyret kalles ogs\u00e5 <strong>konsul\u00e6rt gebyr<\/strong> eller <strong>s\u00f8knadsgebyr<\/strong> , og er offisielt kjent som \u00ab<strong>maskinlesbart visumgebyr (MRV)<\/strong>\u00bb. Det konsul\u00e6re behandlingsgebyret kreves ved hver visums\u00f8knad. F\u00f8rst etter at visumgebyret er betalt, kan du avtale et konsul\u00e6rt intervju ved et amerikansk konsulat eller en amerikansk ambassade.  <\/p>\n<p><\/p>\n<p>V\u00e6r oppmerksom p\u00e5 at MRV-gebyrer (visum) <strong>ikke refunderes<\/strong> eller <strong>kan overf\u00f8res<\/strong> . Dersom visums\u00f8knaden trekkes tilbake eller det amerikanske visumet avsl\u00e5s, vil s\u00f8keren <strong>ikke motta refusjon<\/strong> . Videre kan ikke visumgebyret overf\u00f8res til andre personer, for eksempel familiemedlemmer eller kolleger.  <\/p>\n<p><\/p>\n<p><strong>MRV-gebyrets st\u00f8rrelse<\/strong><\/p>\n<p><\/p>\n<p>St\u00f8rrelsen p\u00e5 visumgebyret avhenger av hvilken visumkategori det s\u00f8kes om. Dette betyr at ulike visumkategorier kan ha ulike visumgebyrer. <\/p>\n<p><\/p>\n<p>Selv om visumgebyrer offisielt er oppgitt i amerikanske dollar, skjer betalingen i den respektive nasjonale valutaen. Visumgebyrer er underlagt regelmessige valutakursendringer, noe som betyr at gebyrene ofte reduseres eller \u00f8kes. For gjeldende euro-dollar-kurs for amerikanske konsulater (= konsul\u00e6r valutakurs), vennligst bes\u00f8k ditt lands amerikanske ambassade. De n\u00e5v\u00e6rende konsul\u00e6re s\u00f8knadsgebyrene for amerikanske ikke-immigrantvisum er som f\u00f8lger og m\u00e5 gj\u00f8res direkte til det amerikanske konsulatet\/ambassaden:   <\/p>\n<p><\/p>\n<p>B-1\/B-2 visum (forretningsbes\u00f8kende\/turist): $175<br> C-1D-visum (besetningsmedlemmer \/ transitt): $175<br> F-1-visum (studenter): 175 dollar<br> J-1-visum (utvekslingsbes\u00f8kende): $175<br> ESTA (Turisme\/Transport\/Forretningsreise): $129<\/p>\n<p><\/p>\n<p><strong>Betalingsmetoder<\/strong><\/p>\n<p><\/p>\n<p>Visumgebyrer kan betales ved amerikanske konsulater\/ambassader over hele verden ved hjelp av ulike alternativer. F\u00f8lgende betalingsalternativer er tilgjengelige: <\/p>\n<p><\/p>\n<p>Nettbankoverf\u00f8ring<br> Debetkort<br> Kredittkort<br> Umiddelbar bankoverf\u00f8ring<br> Kontantinnskudd hos banken<\/p>\n<p><\/p>\n<p><strong>Gyldigheten av MRV-avgiften<\/strong><\/p>\n<p><\/p>\n<p>Etter at du har betalt visumgebyret, vil du motta en betalingskvittering som er gyldig i ett \u00e5r. Visumgebyret er derfor gyldig i ett \u00e5r fra betalingsdatoen. I l\u00f8pet av denne perioden m\u00e5 du avtale et intervju p\u00e5 et amerikansk konsulat eller en ambassade, ettersom visumgebyret m\u00e5 betales p\u00e5 nytt etter tolv m\u00e5neder.  <\/p>\n<p><\/p>\n<p><strong>Andre gebyrer i konsul\u00e6r behandling<\/strong><\/p>\n<p><\/p>\n<p>I tillegg til det konsul\u00e6re s\u00f8knadsgebyret beskrevet ovenfor, er det andre visumgebyrer i den konsul\u00e6re prosessen:<\/p>\n<p><\/p>\n<p><strong>1. GJENSIDIGHETSAVGIFT<\/strong><\/p>\n<p><\/p>\n<p><strong>Gjensidighetsgebyret<\/strong> er basert p\u00e5 systemet med statlig gjensidighet. N\u00e5r en utenlandsk regjering krever gebyrer fra amerikanske statsborgere for visse typer visum, krever USA ogs\u00e5 et <strong>gjensidighetsgebyr<\/strong> fra innbyggerne i det landet for lignende visumkategorier. <\/p>\n<p><\/p>\n<p>Hvis for eksempel amerikanske statsborgere m\u00e5 betale et tilleggsgebyr for et bes\u00f8ksvisum til Kina, gjelder dette ogs\u00e5 for kinesiske statsborgere n\u00e5r de s\u00f8ker om et B-1\/B-2 bes\u00f8ksvisum til USA.<\/p>\n<p><\/p>\n<p>Hvis du har avtalt et intervju, <strong>m\u00e5 du ikke betale gjensidighetsgebyret p\u00e5 forh\u00e5nd<\/strong> . Betal det heller p\u00e5 den amerikanske ambassadens konsul\u00e6re enhet n\u00e5r du ankommer til intervjuet. S\u00f8rg for at du betaler gjensidighetsgebyret p\u00e5 forh\u00e5nd bare hvis du fornyer ditt eksisterende visum og s\u00f8ker om visumfritak. Dette er ikke et MRV-gebyr som kan brukes til \u00e5 avtale en time.  <\/p>\n<p><\/p>\n<p>Gjensidighetsprinsippet inneb\u00e6rer enten tilleggsavgifter eller en kortere gyldighetsperiode (eller begge deler) for visums\u00f8kere fra visse land og for visse visumkategorier. Basert p\u00e5 s\u00f8kerens nasjonalitet og typen visum det s\u00f8kes om, kan det amerikanske utenriksdepartementet derfor: <\/p>\n<p><\/p>\n<p>kreve et tilleggsgebyr fra en s\u00f8ker, eller<br> utstede et visum med kortere gyldighetsperiode enn normalt tillatt.<br> Gjensidighetsgebyret varierer avhengig av s\u00f8kerens nasjonalitet og visumkategori og s\u00f8knad. Du kan finne ut p\u00e5 forh\u00e5nd om det gjelder et gebyr for deg ved \u00e5 bes\u00f8ke <strong>nettstedet til det amerikanske utenriksdepartementet<\/strong> . <\/p>\n<p><\/p>\n<p>Dette gebyret m\u00e5 ogs\u00e5 betales med kredittkort eller kontanter personlig p\u00e5 det amerikanske konsulatet\/ambassaden.<\/p>\n<p><\/p>\n<p><strong>2. SEVIS-AVGIFT<\/strong><\/p>\n<p><\/p>\n<p><strong>SEVIS-avgiften<\/strong> betales ved s\u00f8knad om F-, J- eller M-visum, og varierer avhengig av visumkategori. S\u00f8kere m\u00e5 betale SEVIS-avgiften <strong>f\u00f8r<\/strong> den konsul\u00e6re intervjuavtalen. Betaling gj\u00f8res online med kredittkort.  <\/p>\n<p><\/p>\n<p>Betalingskvitteringen m\u00e5 vedlegges den konsul\u00e6re s\u00f8knaden, ellers vil ikke s\u00f8knaden bli behandlet.<\/p>\n<p><\/p>\n<p><strong>Praktisk tips<\/strong> : Vi antar at alle s\u00f8knader som viser feil gebyr vil bli returnert ubehandlet.<\/p>\n<p><\/p>\n<p>En fullstendig liste over alle s\u00f8knadsgebyrer for USCIS finner du p\u00e5 <strong>USCIS&#8217; nettsted<\/strong> .<\/p>\n<p><\/p>\n<p><strong>Praktisk tips<\/strong> : F\u00f8lg instruksjonene fra USCIS ang\u00e5ende den respektive sjekken eller postanvisningen. Feilaktig innsendte sjekker eller postanvisninger vil f\u00f8re til at s\u00f8knaden ikke blir godkjent. Disse begj\u00e6ringene vil bli returnert til s\u00f8keren ubehandlet.  <\/p>\n<p><\/p>\n<p><strong>Ekspedisjonsgebyrer \u2013 V\u00e5r USA-visumtjeneste<\/strong><\/p>\n<p><\/p>\n<p>I tillegg til s\u00f8knadsgebyrer til amerikanske myndigheter, oversettelseskostnader osv., belastes et konsulent- og saksbehandlingsgebyr n\u00e5r du benytter deg av v\u00e5rt reiseassistansebyr\u00e5.<\/p>\n<p><\/p>\n<p>Avhengig av visumkategorien tar vi et fast gebyr for behandlingstjenester, samtidig som vi tar hensyn til de ulike behandlingskostnadene. Jo enklere behandlingen av en visumkategori er, desto rimeligere blir st\u00f8tten fra v\u00e5re amerikanske visumkonsulenter. <\/p>\n<p><\/p>\n<p>P\u00e5 foresp\u00f8rsel kan vi tilby veiledning og behandling p\u00e5 timebasis. I spesielt hastende visumsaker kan vi ogs\u00e5 ordne ekspressbehandling mot et tillegg i prisen. <\/p>\n<p><\/p>\t\t\t\t\t\t\t\t<\/div>\n\t\t\t\t<\/div>\n\t\t\t\t<\/div>\n\t\t\t\t\t<\/div>\n\t\t\t\t<\/div>\n\t\t\t\t<\/div>\n\t\t","protected":false},"excerpt":{"rendered":"<p>Refusjonspolicy Vennligst les disse retningslinjene n\u00f8ye. Dette er refusjonsreglene til https:\/\/usimmigrationassistance.org\/ , som drives av TRAVEL MUNDO &#8211; FZCO ( vi\/v\u00e5r\/oss ). Ved \u00e5 g\u00e5 inn p\u00e5 nettstedet v\u00e5rt https:\/\/usimmigrationassistance.org\/ og bruke tjenestene v\u00e5re, godtar du \u00e5 v\u00e6re bundet av disse retningslinjene. ALT SALG ER ENDELIG OG IKKE REFUNDERBART. Vi er forpliktet til \u00e5 tilby tjenester av h\u00f8y kvalitet for \u00e5 bist\u00e5 v\u00e5re kunder ( deg\/din ) gjennom hele immigrasjonsprosessen. N\u00e5r et kj\u00f8p er foretatt, vil det imidlertid ikke bli gitt noen refusjon uansett \u00e5rsak. Disse retningslinjene gjelder fra kj\u00f8pstidspunktet, uavhengig av om tjenestene er fullt utnyttet eller ikke. POLICYVILK\u00c5R Ved \u00e5 kj\u00f8pe tjenestene v\u00e5re p\u00e5 https:\/\/usimmigrationassistance.org\/ , erkjenner og samtykker du i at alle tjenester ikke refunderes , og at enhver foresp\u00f8rsel om refusjon automatisk vil bli avsl\u00e5tt . Det finnes ingen unntak fra denne regelen, selv om s\u00f8knaden din enn\u00e5 ikke er sendt inn til relevante myndigheter (Visa, ESTA eller annet). N\u00e5r du har godkjent dokumentene for innsending etter kj\u00f8pet, frasier du deg ugjenkallelig enhver rett til refusjon . Dersom det skulle v\u00e6re en vesentlig feil i s\u00f8knaden din, vil vi sende den inn p\u00e5 nytt uten ekstra kostnad for deg, men det vil ikke bli gitt refusjon . Hvis du st\u00f8ter p\u00e5 problemer, oppfordres du til \u00e5 kontakte oss umiddelbart p\u00e5 support@usimmigrationassistance.org , slik at vi kan l\u00f8se situasjonen eller, i spesifikke tilfeller etter eget skj\u00f8nn, gi deg kreditt for fremtidige tjenester. IKKE-REFUNDERBARE AVGIFTER Gebyrer betalt til amerikanske myndigheter eller andre statlige enheter refunderes ikke p\u00e5 noen m\u00e5te. N\u00e5r du foretar en betaling til det amerikanske utenriksdepartementet eller andre etater, betaler du for en offentlig tjeneste, og alle slike gebyrer er endelige og refunderes ikke , uavhengig av resultatet av s\u00f8knaden din. I tillegg refunderes ikke gebyrer betalt til tredjeparter involvert i behandlingen av s\u00f8knaden din (som rettsmedisinere, oversettere osv.) og kan ikke godskrives. VARSEL OM TILBAKEBETALING Enhver bruk av en tilbakef\u00f8ring for \u00e5 f\u00e5 refusjon utenfor betingelsene som er beskrevet i denne policyen, anses som et brudd p\u00e5 v\u00e5re vilk\u00e5r og vil bli behandlet med st\u00f8rste alvorlighet. Vi vil anse enhver tilbakef\u00f8ring som svindel og vil umiddelbart iverksette rettslige skritt. Tilbakef\u00f8ringssvindel er en form for tyveri og tyveri . Personer som blir funnet skyldige i tilbakef\u00f8ringssvindel kan ilegges b\u00e5de strafferettslige og sivile straffer. If\u00f8lge Nasir N. Pasha (Esq.), administrerende advokat hos Pasha Law PC , kan myndighetene straffeforf\u00f8lge enkeltpersoner selv for sm\u00e5 bel\u00f8p, med anklager som spenner fra mindre tyveri (under $50) til grovt tyveri (over $500 til $1000). Vi vil rapportere ethvert fors\u00f8k p\u00e5 tilbakef\u00f8ringssvindel til betalingsbehandlere og relevante offentlige etater, og strenge straffer kan gjelde, inkludert \u00e5 bli utestengt fra innreise til destinasjonslandet. FORSIKRING Hvis du er i tvil om s\u00f8knaden din er korrekt innlevert, oppfordrer vi deg til \u00e5 kontakte oss umiddelbart p\u00e5 support@usimmigrationassistance.org . V\u00e6r imidlertid oppmerksom p\u00e5 at vi ikke tilbyr refusjon n\u00e5r tjenester er kj\u00f8pt, i henhold til vilk\u00e5rene i denne policyen. I visse tilfeller kan vi gi kreditt for fremtidige tjenester etter v\u00e5rt skj\u00f8nn. FORN\u00d8YDHETSGARANTI Selv om vi streber etter \u00e5 tilby service av h\u00f8y kvalitet, er v\u00e5r forn\u00f8ydhetsgaranti begrenset til problemer som er direkte for\u00e5rsaket av https:\/\/usimmigrationassistance.org\/ f\u00f8r du ankommer USA. Denne garantien inkluderer ikke refusjon, men kan tilby kreditt for fremtidige tjenester i sv\u00e6rt spesifikke tilfeller, etter grundig vurdering. Enhver foresp\u00f8rsel om kreditt for fremtidige tjenester m\u00e5 sendes inn innen 14 dager etter kj\u00f8pet . V\u00e6r oppmerksom p\u00e5 at ingen foresp\u00f8rsler om refusjon vil bli akseptert , og kreditt vil kun bli gitt under spesifikke omstendigheter, etter https:\/\/usimmigrationassistance.org\/s skj\u00f8nn. UNNTAK FRA FORN\u00d8YDSGARANTIEN Vi kan under ingen omstendigheter garantere resultatene eller avgj\u00f8relsene til amerikanske myndigheter ang\u00e5ende s\u00f8knaden din. Forsinkelser eller avslag fra myndigheter er utenfor v\u00e5r kontroll og gir deg ikke rett til refusjon . Denne garantien er ugyldig dersom du har oppgitt villedende informasjon eller allerede har bedt om en tilbakef\u00f8ring fra banken din. ANSVARSFRASKRIVELSE Ved \u00e5 bruke tjenestene v\u00e5re, godtar og forst\u00e5r du at vi er en privat, internettbasert leverand\u00f8r av reiseteknologitjenester. Vi er dedikert til \u00e5 hjelpe enkeltpersoner med \u00e5 reise til USA. https:\/\/usimmigrationassistance.org\/ er ikke et advokatfirma og erstatter ikke juridisk r\u00e5dgivning fra en kvalifisert fagperson. https:\/\/usimmigrationassistance.org\/ er ikke tilknyttet eller godkjent av United States Citizenship and Immigration Services (USCIS) eller noen annen offentlig etat. MERK : Blanke immigrasjonsskjemaer med skriftlige instruksjoner for alle visum er tilgjengelige gratis p\u00e5 USCIS&#8217; nettsted. Bruk av nettstedet https:\/\/usimmigrationassistance.org\/ og dets tjenester er underlagt v\u00e5re retningslinjer for personvern , tjenestevilk\u00e5r og bruksvilk\u00e5r . AVGIFTINFORMASJON &#8211; KUN TIL INFORMASJONSFORM\u00c5L Kostnader for amerikanske visum Alle amerikanske visums\u00f8kere m\u00e5 betale et visumgebyr til den amerikanske regjeringens utstedende organ. St\u00f8rrelsen p\u00e5 visums\u00f8knadsgebyret og n\u00e5r det m\u00e5 betales avhenger av hvilken type visum det s\u00f8kes om. F\u00f8r du s\u00f8ker om visum, b\u00f8r du finne ut hvilket visum som passer dine reisebehov og hvilket utstedende organ i den amerikanske regjeringen som krever behandlingsgebyret for det aktuelle visumet. For \u00e5 gj\u00f8re dette, vennligst kontakt support@usimmigrationassistance.org . MRV-avgift Visumgebyret kalles ogs\u00e5 konsul\u00e6rt gebyr eller s\u00f8knadsgebyr , og er offisielt kjent som \u00abmaskinlesbart visumgebyr (MRV)\u00bb. Det konsul\u00e6re behandlingsgebyret kreves ved hver visums\u00f8knad. F\u00f8rst etter at visumgebyret er betalt, kan du avtale et konsul\u00e6rt intervju ved et amerikansk konsulat eller en amerikansk ambassade. V\u00e6r oppmerksom p\u00e5 at MRV-gebyrer (visum) ikke refunderes eller kan overf\u00f8res . Dersom visums\u00f8knaden trekkes tilbake eller det amerikanske visumet avsl\u00e5s, vil s\u00f8keren ikke motta refusjon . Videre kan ikke visumgebyret overf\u00f8res til andre personer, for eksempel familiemedlemmer eller kolleger. MRV-gebyrets st\u00f8rrelse St\u00f8rrelsen p\u00e5 visumgebyret avhenger av hvilken visumkategori det s\u00f8kes om. Dette betyr at ulike visumkategorier kan ha ulike visumgebyrer. Selv om visumgebyrer offisielt er oppgitt i amerikanske dollar, skjer betalingen i den respektive nasjonale valutaen. Visumgebyrer er underlagt regelmessige valutakursendringer, noe som betyr at gebyrene ofte reduseres eller \u00f8kes. For gjeldende euro-dollar-kurs for amerikanske konsulater (= konsul\u00e6r valutakurs), vennligst bes\u00f8k ditt lands amerikanske ambassade. De n\u00e5v\u00e6rende konsul\u00e6re s\u00f8knadsgebyrene for amerikanske ikke-immigrantvisum er som f\u00f8lger og m\u00e5 gj\u00f8res direkte til det amerikanske konsulatet\/ambassaden: B-1\/B-2 visum (forretningsbes\u00f8kende\/turist): $175 C-1D-visum (besetningsmedlemmer \/ transitt): $175 F-1-visum (studenter): 175 dollar J-1-visum (utvekslingsbes\u00f8kende): $175 ESTA (Turisme\/Transport\/Forretningsreise): $129 Betalingsmetoder<\/p>\n","protected":false},"author":3,"featured_media":0,"parent":0,"menu_order":0,"comment_status":"closed","ping_status":"closed","template":"","meta":{"footnotes":""},"class_list":["post-28717","page","type-page","status-publish","hentry"],"_links":{"self":[{"href":"https:\/\/usimmigrationassistance.org\/no\/wp-json\/wp\/v2\/pages\/28717","targetHints":{"allow":["GET"]}}],"collection":[{"href":"https:\/\/usimmigrationassistance.org\/no\/wp-json\/wp\/v2\/pages"}],"about":[{"href":"https:\/\/usimmigrationassistance.org\/no\/wp-json\/wp\/v2\/types\/page"}],"author":[{"embeddable":true,"href":"https:\/\/usimmigrationassistance.org\/no\/wp-json\/wp\/v2\/users\/3"}],"replies":[{"embeddable":true,"href":"https:\/\/usimmigrationassistance.org\/no\/wp-json\/wp\/v2\/comments?post=28717"}],"version-history":[{"count":10,"href":"https:\/\/usimmigrationassistance.org\/no\/wp-json\/wp\/v2\/pages\/28717\/revisions"}],"predecessor-version":[{"id":30731,"href":"https:\/\/usimmigrationassistance.org\/no\/wp-json\/wp\/v2\/pages\/28717\/revisions\/30731"}],"wp:attachment":[{"href":"https:\/\/usimmigrationassistance.org\/no\/wp-json\/wp\/v2\/media?parent=28717"}],"curies":[{"name":"wp","href":"https:\/\/api.w.org\/{rel}","templated":true}]}}