{"id":28651,"date":"2025-03-18T07:09:49","date_gmt":"2025-03-18T06:09:49","guid":{"rendered":"https:\/\/usimmigrationassistance.org\/zastrzezenie-prawne"},"modified":"2025-05-24T19:11:37","modified_gmt":"2025-05-24T15:11:37","slug":"zastrzezenie-prawne","status":"publish","type":"page","link":"https:\/\/usimmigrationassistance.org\/pl\/zastrzezenie-prawne\/","title":{"rendered":"Zastrze\u017cenie prawne"},"content":{"rendered":"\t\t<div data-elementor-type=\"wp-page\" data-elementor-id=\"28651\" class=\"elementor elementor-28651 elementor-881\" data-elementor-post-type=\"page\">\n\t\t\t\t<div class=\"elementor-element elementor-element-38977736 e-flex e-con-boxed wpr-particle-no wpr-jarallax-no wpr-parallax-no wpr-sticky-section-no e-con e-parent\" data-id=\"38977736\" data-element_type=\"container\">\n\t\t\t\t\t<div class=\"e-con-inner\">\n\t\t<div class=\"elementor-element elementor-element-95d71bf e-con-full e-flex wpr-particle-no wpr-jarallax-no wpr-parallax-no wpr-sticky-section-no e-con e-child\" data-id=\"95d71bf\" data-element_type=\"container\">\n\t\t\t\t<div class=\"elementor-element elementor-element-06e6898 elementor-widget elementor-widget-heading\" data-id=\"06e6898\" data-element_type=\"widget\" data-widget_type=\"heading.default\">\n\t\t\t\t<div class=\"elementor-widget-container\">\n\t\t\t\t\t<h2 class=\"elementor-heading-title elementor-size-default\">Zastrze\u017cenie prawne<\/h2>\t\t\t\t<\/div>\n\t\t\t\t<\/div>\n\t\t\t\t<\/div>\n\t\t<div class=\"elementor-element elementor-element-30dafa5 e-con-full e-flex wpr-particle-no wpr-jarallax-no wpr-parallax-no wpr-sticky-section-no e-con e-child\" data-id=\"30dafa5\" data-element_type=\"container\" data-settings=\"{&quot;background_background&quot;:&quot;classic&quot;}\">\n\t\t\t\t<div class=\"elementor-element elementor-element-20545007 elementor-widget elementor-widget-text-editor\" data-id=\"20545007\" data-element_type=\"widget\" data-widget_type=\"text-editor.default\">\n\t\t\t\t<div class=\"elementor-widget-container\">\n\t\t\t\t\t\t\t\t\t<p><\/p>\n<p>Ani TR\u0410VEL MUNDO &#8211; FZCO, ani <a href=\"https:\/\/usimmigrationassistance.org\/pl\" target=\"_blank\" rel=\"noopener\">usimmigrationassistance.org<\/a> nie s\u0105 powi\u0105zane z Departamentem Stanu Stan\u00f3w Zjednoczonych (US DOS), Departamentem Bezpiecze\u0144stwa Krajowego Stan\u00f3w Zjednoczonych (US DHS), S\u0142u\u017cb\u0105 Imigracyjn\u0105 i Obywatelsk\u0105 (USCIS) ani \u017cadn\u0105 inn\u0105 agencj\u0105 rz\u0105dow\u0105 Stan\u00f3w Zjednoczonych.<br> Nie jeste\u015bmy kancelari\u0105 prawn\u0105, nie udzielamy porad prawnych i nie zast\u0119pujemy adwokata.<br> Jeste\u015bmy prywatn\u0105, internetow\u0105 firm\u0105 zajmuj\u0105c\u0105 si\u0119 doradztwem w zakresie podr\u00f3\u017cy i imigracji, pomagaj\u0105c\u0105 osobom podr\u00f3\u017cuj\u0105cym do Stan\u00f3w Zjednoczonych.  <\/p>\n<p><\/p>\n<p><\/p>\n<p>Ani TR\u0410VEL MUNDO &#8211; FZCO, ani <a href=\"https:\/\/usimmigrationassistance.org\/pl\" target=\"_blank\" rel=\"noopener\">usimmigrationassistance.org<\/a> , ani ich pracownicy nie twierdz\u0105, \u017ce posiadaj\u0105 jak\u0105kolwiek specjalistyczn\u0105 wiedz\u0119 na temat prawa imigracyjnego lub procedur. Podane ceny zakupu us\u0142ug pomocy w przygotowaniu wniosk\u00f3w NIE obejmuj\u0105 \u017cadnych op\u0142at rz\u0105dowych za wnioski, badania lekarskie, sk\u0142adanie dokument\u00f3w ani op\u0142at biometrycznych. Op\u0142aty rz\u0105dowe nie podlegaj\u0105 zwrotowi. Honoraria prawnik\u00f3w nie podlegaj\u0105 zwrotowi.   <\/p>\n<p><\/p>\n<p><\/p>\n<p>Polityka wizowa Stan\u00f3w Zjednoczonych dotyczy wymaga\u0144, kt\u00f3re musi spe\u0142ni\u0107 obcokrajowiec chc\u0105cy wjecha\u0107 do Stan\u00f3w Zjednoczonych, aby uzyska\u0107 wiz\u0119, kt\u00f3ra jest zezwoleniem na podr\u00f3\u017c, wjazd i\/lub pobyt w Stanach Zjednoczonych. Odwiedzaj\u0105cy Stany Zjednoczone musz\u0105 uzyska\u0107 wiz\u0119 w jednej z misji dyplomatycznych Stan\u00f3w Zjednoczonych, chyba \u017ce pochodz\u0105 z jednego z kraj\u00f3w zwolnionych z obowi\u0105zku wizowego lub kraj\u00f3w obj\u0119tych Programem Ruchu Bezwizowego. Te same zasady obowi\u0105zuj\u0105 w Portoryko i na Wyspach Dziewiczych Stan\u00f3w Zjednoczonych, podczas gdy inne zasady obowi\u0105zuj\u0105 w pozosta\u0142ych terytoriach USA, a mianowicie Guam, Mariany P\u00f3\u0142nocne i Samoa Ameryka\u0144skie.  <\/p>\n<p><\/p>\n<p><\/p>\n<p>Wszystkie informacje dostarczone przez Ciebie lub w Twoim imieniu przez wyznaczon\u0105 osob\u0119 trzeci\u0105 musz\u0105 by\u0107 prawdziwe i poprawne. Wiza ameryka\u0144ska mo\u017ce zosta\u0107 cofni\u0119ta w dowolnym momencie i z dowolnego powodu, takiego jak nowe informacje wp\u0142ywaj\u0105ce na kwalifikowalno\u015b\u0107. Mo\u017cesz podlega\u0107 karom administracyjnym lub karnym, je\u015bli \u015bwiadomie i umy\u015blnie z\u0142o\u017cysz istotnie fa\u0142szywe, fikcyjne lub oszuka\u0144cze o\u015bwiadczenie lub reprezentacj\u0119 we wniosku wizowym z\u0142o\u017conym przez Ciebie lub w Twoim imieniu.  <\/p>\n<p><\/p>\n<p><\/p>\n<p>Przed zakupem us\u0142ugi na naszej stronie internetowej prosimy o zapoznanie si\u0119 z Polityk\u0105 zwrot\u00f3w.<\/p>\n<p><\/p>\n<p><\/p>\n<p>Ta strona internetowa zawiera og\u00f3lne informacje o problemach imigracyjnych i ich rozwoju. Takie materia\u0142y maj\u0105 wy\u0142\u0105cznie charakter informacyjny i mog\u0105 nie odzwierciedla\u0107 najnowszych wydarze\u0144. Te materia\u0142y informacyjne nie maj\u0105 na celu i nie powinny by\u0107 traktowane jako porady prawne w odniesieniu do jakiegokolwiek zestawu fakt\u00f3w lub okoliczno\u015bci. Nale\u017cy skontaktowa\u0107 si\u0119 z prawnikiem w celu uzyskania wskaz\u00f3wek dotycz\u0105cych konkretnych problem\u00f3w prawnych.   <\/p>\n<p><\/p>\n<p><\/p>\n<p>Chocia\u017c staramy si\u0119, aby informacje na Stronie by\u0142y aktualne i poprawne, TR\u0410VEL MUNDO &#8211; FZCO nie sk\u0142ada \u017cadnych o\u015bwiadcze\u0144 ani gwarancji \u017cadnego rodzaju, wyra\u017anych ani dorozumianych, co do kompletno\u015bci, dok\u0142adno\u015bci, niezawodno\u015bci, przydatno\u015bci lub dost\u0119pno\u015bci w odniesieniu do Strony internetowej lub informacji, produkt\u00f3w, us\u0142ug lub powi\u0105zanej grafiki zawartej na Stronie internetowej w jakimkolwiek celu. Poleganie na takich materia\u0142ach odbywa si\u0119 zatem wy\u0142\u0105cznie na Twoje w\u0142asne ryzyko. <\/p>\n<p><\/p>\n<p><\/p>\n<p>TR\u0410VEL MUNDO &#8211; FZCO nie ponosi odpowiedzialno\u015bci za jakiekolwiek fa\u0142szywe, niedok\u0142adne, niew\u0142a\u015bciwe lub niekompletne informacje przedstawione na stronie internetowej.<\/p>\n<p><\/p>\n<p><\/p>\n<p>Chocia\u017c dok\u0142adamy wszelkich stara\u0144, aby strona internetowa dzia\u0142a\u0142a sprawnie i bez zak\u0142\u00f3ce\u0144, ze wzgl\u0119du na charakter Internetu i wykorzystywanej technologii TR\u0410VEL MUNDO &#8211; FZCO nie ponosi odpowiedzialno\u015bci i nie b\u0119dzie ponosi\u0107 odpowiedzialno\u015bci za tymczasow\u0105 niedost\u0119pno\u015b\u0107 strony internetowej z powodu problem\u00f3w technicznych (lub innych) pozostaj\u0105cych poza jego kontrol\u0105, ani za jakiekolwiek straty lub szkody poniesione w wyniku korzystania z tej strony internetowej, dost\u0119pu do niej lub braku mo\u017cliwo\u015bci korzystania z niej lub dost\u0119pu do niej.<\/p>\n<p><\/p>\n<p><\/p>\n<p>Niekt\u00f3re linki na tej stronie internetowej b\u0119d\u0105 prowadzi\u0107 do stron internetowych, kt\u00f3re nie s\u0105 kontrolowane przez TR\u0410VEL MUNDO &#8211; FZCO. Po ich aktywacji opu\u015bcisz stron\u0119 internetow\u0105 TR\u0410VEL MUNDO &#8211; FZCO. TR\u0410VEL MUNDO &#8211; FZCO nie ma kontroli nad materia\u0142ami, produktami lub us\u0142ugami dost\u0119pnymi na jakiejkolwiek stronie internetowej, kt\u00f3ra nie jest kontrolowana przez TR\u0410VEL MUNDO &#8211; FZCO i nie ponosi za nie \u017cadnej odpowiedzialno\u015bci.  <\/p>\n<p><\/p>\n<p><\/p>\n<p>W zakresie dozwolonym przez prawo, TR\u0410VEL MUNDO &#8211; FZCO w \u017cadnych okoliczno\u015bciach nie ponosi odpowiedzialno\u015bci wobec U\u017cytkownika ani \u017cadnej innej osoby trzeciej za jakiekolwiek straty lub szkody (w tym, bez ogranicze\u0144, szkody z tytu\u0142u utraty dzia\u0142alno\u015bci lub utraty zysk\u00f3w) wynikaj\u0105ce bezpo\u015brednio lub po\u015brednio z korzystania lub niemo\u017cno\u015bci korzystania z tej witryny lub jakichkolwiek materia\u0142\u00f3w w niej zawartych.<\/p>\n<p><\/p>\n<p><\/p>\n<p>Aplikacje wype\u0142niane za pomoc\u0105 naszych us\u0142ug s\u0105 dost\u0119pne jako puste formularze za darmo na niekt\u00f3rych stronach internetowych rz\u0105du USA. Jeste\u015bmy prywatnym, technologicznym dostawc\u0105 us\u0142ug turystycznych opartym na Internecie, po\u015bwi\u0119conym pomaganiu osobom w podr\u00f3\u017cowaniu do Stan\u00f3w Zjednoczonych. Je\u015bli nie chcesz korzysta\u0107 z naszych us\u0142ug, mo\u017cesz z\u0142o\u017cy\u0107 wniosek bezpo\u015brednio na stronie <a href=\"https:\/\/travel.state.gov\/\" target=\"_blank\" rel=\"noreferrer noopener\">travel.state.gov<\/a> lub <a href=\"https:\/\/uscis.gov\/\" target=\"_blank\" rel=\"noreferrer noopener\">uscis.gov<\/a> .  <\/p>\n<p><\/p>\n<p><\/p>\n<p>Nie powiniene\u015b u\u017cywa\u0107 tej witryny internetowej do przekazywania agentom przyjmuj\u0105cym poufnych informacji o Twojej sprawie prawnej. Korzystanie z tej witryny internetowej nie czyni Ci\u0119 klientem kancelarii prawnej ani nawet potencjalnym klientem kancelarii prawnej. <\/p>\n<p><\/p>\n<p><\/p>\n<p>Dla wygody ta strona internetowa mo\u017ce zawiera\u0107 linki do stron internetowych os\u00f3b trzecich. Takie po\u0142\u0105czone strony internetowe nie podlegaj\u0105 naszej kontroli i nie ponosimy \u017cadnej odpowiedzialno\u015bci za dok\u0142adno\u015b\u0107 tre\u015bci takich stron internetowych. <\/p>\n<p><\/p>\n<p><\/p>\n<p>Odwiedzaj\u0105c t\u0119 witryn\u0119 i\/lub korzystaj\u0105c z niej, wyra\u017casz zgod\u0119 i rozumiesz postanowienia dotycz\u0105ce wy\u0142\u0105cze\u0144 odpowiedzialno\u015bci, <a href=\"https:\/\/usimmigrationassistance.org\/terms_of_use\" target=\"_blank\" rel=\"noreferrer noopener\">warunk\u00f3w korzystania<\/a> , <a href=\"https:\/\/usimmigrationassistance.org\/privacy_policy\" target=\"_blank\" rel=\"noreferrer noopener\">polityki prywatno\u015bci<\/a> i zasad <a href=\"https:\/\/usimmigrationassistance.org\/refund_policy\" target=\"_blank\" rel=\"noreferrer noopener\">zwrotu<\/a> wskazanych na tej stronie.<\/p>\n<p><\/p>\t\t\t\t\t\t\t\t<\/div>\n\t\t\t\t<\/div>\n\t\t\t\t<\/div>\n\t\t\t\t\t<\/div>\n\t\t\t\t<\/div>\n\t\t\t\t<\/div>\n\t\t","protected":false},"excerpt":{"rendered":"<p>Zastrze\u017cenie prawne Ani TR\u0410VEL MUNDO &#8211; FZCO, ani usimmigrationassistance.org nie s\u0105 powi\u0105zane z Departamentem Stanu Stan\u00f3w Zjednoczonych (US DOS), Departamentem Bezpiecze\u0144stwa Krajowego Stan\u00f3w Zjednoczonych (US DHS), S\u0142u\u017cb\u0105 Imigracyjn\u0105 i Obywatelsk\u0105 (USCIS) ani \u017cadn\u0105 inn\u0105 agencj\u0105 rz\u0105dow\u0105 Stan\u00f3w Zjednoczonych. Nie jeste\u015bmy kancelari\u0105 prawn\u0105, nie udzielamy porad prawnych i nie zast\u0119pujemy adwokata. Jeste\u015bmy prywatn\u0105, internetow\u0105 firm\u0105 zajmuj\u0105c\u0105 si\u0119 doradztwem w zakresie podr\u00f3\u017cy i imigracji, pomagaj\u0105c\u0105 osobom podr\u00f3\u017cuj\u0105cym do Stan\u00f3w Zjednoczonych. Ani TR\u0410VEL MUNDO &#8211; FZCO, ani usimmigrationassistance.org , ani ich pracownicy nie twierdz\u0105, \u017ce posiadaj\u0105 jak\u0105kolwiek specjalistyczn\u0105 wiedz\u0119 na temat prawa imigracyjnego lub procedur. Podane ceny zakupu us\u0142ug pomocy w przygotowaniu wniosk\u00f3w NIE obejmuj\u0105 \u017cadnych op\u0142at rz\u0105dowych za wnioski, badania lekarskie, sk\u0142adanie dokument\u00f3w ani op\u0142at biometrycznych. Op\u0142aty rz\u0105dowe nie podlegaj\u0105 zwrotowi. Honoraria prawnik\u00f3w nie podlegaj\u0105 zwrotowi. Polityka wizowa Stan\u00f3w Zjednoczonych dotyczy wymaga\u0144, kt\u00f3re musi spe\u0142ni\u0107 obcokrajowiec chc\u0105cy wjecha\u0107 do Stan\u00f3w Zjednoczonych, aby uzyska\u0107 wiz\u0119, kt\u00f3ra jest zezwoleniem na podr\u00f3\u017c, wjazd i\/lub pobyt w Stanach Zjednoczonych. Odwiedzaj\u0105cy Stany Zjednoczone musz\u0105 uzyska\u0107 wiz\u0119 w jednej z misji dyplomatycznych Stan\u00f3w Zjednoczonych, chyba \u017ce pochodz\u0105 z jednego z kraj\u00f3w zwolnionych z obowi\u0105zku wizowego lub kraj\u00f3w obj\u0119tych Programem Ruchu Bezwizowego. Te same zasady obowi\u0105zuj\u0105 w Portoryko i na Wyspach Dziewiczych Stan\u00f3w Zjednoczonych, podczas gdy inne zasady obowi\u0105zuj\u0105 w pozosta\u0142ych terytoriach USA, a mianowicie Guam, Mariany P\u00f3\u0142nocne i Samoa Ameryka\u0144skie. Wszystkie informacje dostarczone przez Ciebie lub w Twoim imieniu przez wyznaczon\u0105 osob\u0119 trzeci\u0105 musz\u0105 by\u0107 prawdziwe i poprawne. Wiza ameryka\u0144ska mo\u017ce zosta\u0107 cofni\u0119ta w dowolnym momencie i z dowolnego powodu, takiego jak nowe informacje wp\u0142ywaj\u0105ce na kwalifikowalno\u015b\u0107. Mo\u017cesz podlega\u0107 karom administracyjnym lub karnym, je\u015bli \u015bwiadomie i umy\u015blnie z\u0142o\u017cysz istotnie fa\u0142szywe, fikcyjne lub oszuka\u0144cze o\u015bwiadczenie lub reprezentacj\u0119 we wniosku wizowym z\u0142o\u017conym przez Ciebie lub w Twoim imieniu. Przed zakupem us\u0142ugi na naszej stronie internetowej prosimy o zapoznanie si\u0119 z Polityk\u0105 zwrot\u00f3w. Ta strona internetowa zawiera og\u00f3lne informacje o problemach imigracyjnych i ich rozwoju. Takie materia\u0142y maj\u0105 wy\u0142\u0105cznie charakter informacyjny i mog\u0105 nie odzwierciedla\u0107 najnowszych wydarze\u0144. Te materia\u0142y informacyjne nie maj\u0105 na celu i nie powinny by\u0107 traktowane jako porady prawne w odniesieniu do jakiegokolwiek zestawu fakt\u00f3w lub okoliczno\u015bci. Nale\u017cy skontaktowa\u0107 si\u0119 z prawnikiem w celu uzyskania wskaz\u00f3wek dotycz\u0105cych konkretnych problem\u00f3w prawnych. Chocia\u017c staramy si\u0119, aby informacje na Stronie by\u0142y aktualne i poprawne, TR\u0410VEL MUNDO &#8211; FZCO nie sk\u0142ada \u017cadnych o\u015bwiadcze\u0144 ani gwarancji \u017cadnego rodzaju, wyra\u017anych ani dorozumianych, co do kompletno\u015bci, dok\u0142adno\u015bci, niezawodno\u015bci, przydatno\u015bci lub dost\u0119pno\u015bci w odniesieniu do Strony internetowej lub informacji, produkt\u00f3w, us\u0142ug lub powi\u0105zanej grafiki zawartej na Stronie internetowej w jakimkolwiek celu. Poleganie na takich materia\u0142ach odbywa si\u0119 zatem wy\u0142\u0105cznie na Twoje w\u0142asne ryzyko. TR\u0410VEL MUNDO &#8211; FZCO nie ponosi odpowiedzialno\u015bci za jakiekolwiek fa\u0142szywe, niedok\u0142adne, niew\u0142a\u015bciwe lub niekompletne informacje przedstawione na stronie internetowej. Chocia\u017c dok\u0142adamy wszelkich stara\u0144, aby strona internetowa dzia\u0142a\u0142a sprawnie i bez zak\u0142\u00f3ce\u0144, ze wzgl\u0119du na charakter Internetu i wykorzystywanej technologii TR\u0410VEL MUNDO &#8211; FZCO nie ponosi odpowiedzialno\u015bci i nie b\u0119dzie ponosi\u0107 odpowiedzialno\u015bci za tymczasow\u0105 niedost\u0119pno\u015b\u0107 strony internetowej z powodu problem\u00f3w technicznych (lub innych) pozostaj\u0105cych poza jego kontrol\u0105, ani za jakiekolwiek straty lub szkody poniesione w wyniku korzystania z tej strony internetowej, dost\u0119pu do niej lub braku mo\u017cliwo\u015bci korzystania z niej lub dost\u0119pu do niej. Niekt\u00f3re linki na tej stronie internetowej b\u0119d\u0105 prowadzi\u0107 do stron internetowych, kt\u00f3re nie s\u0105 kontrolowane przez TR\u0410VEL MUNDO &#8211; FZCO. Po ich aktywacji opu\u015bcisz stron\u0119 internetow\u0105 TR\u0410VEL MUNDO &#8211; FZCO. TR\u0410VEL MUNDO &#8211; FZCO nie ma kontroli nad materia\u0142ami, produktami lub us\u0142ugami dost\u0119pnymi na jakiejkolwiek stronie internetowej, kt\u00f3ra nie jest kontrolowana przez TR\u0410VEL MUNDO &#8211; FZCO i nie ponosi za nie \u017cadnej odpowiedzialno\u015bci. W zakresie dozwolonym przez prawo, TR\u0410VEL MUNDO &#8211; FZCO w \u017cadnych okoliczno\u015bciach nie ponosi odpowiedzialno\u015bci wobec U\u017cytkownika ani \u017cadnej innej osoby trzeciej za jakiekolwiek straty lub szkody (w tym, bez ogranicze\u0144, szkody z tytu\u0142u utraty dzia\u0142alno\u015bci lub utraty zysk\u00f3w) wynikaj\u0105ce bezpo\u015brednio lub po\u015brednio z korzystania lub niemo\u017cno\u015bci korzystania z tej witryny lub jakichkolwiek materia\u0142\u00f3w w niej zawartych. Aplikacje wype\u0142niane za pomoc\u0105 naszych us\u0142ug s\u0105 dost\u0119pne jako puste formularze za darmo na niekt\u00f3rych stronach internetowych rz\u0105du USA. Jeste\u015bmy prywatnym, technologicznym dostawc\u0105 us\u0142ug turystycznych opartym na Internecie, po\u015bwi\u0119conym pomaganiu osobom w podr\u00f3\u017cowaniu do Stan\u00f3w Zjednoczonych. Je\u015bli nie chcesz korzysta\u0107 z naszych us\u0142ug, mo\u017cesz z\u0142o\u017cy\u0107 wniosek bezpo\u015brednio na stronie travel.state.gov lub uscis.gov . Nie powiniene\u015b u\u017cywa\u0107 tej witryny internetowej do przekazywania agentom przyjmuj\u0105cym poufnych informacji o Twojej sprawie prawnej. Korzystanie z tej witryny internetowej nie czyni Ci\u0119 klientem kancelarii prawnej ani nawet potencjalnym klientem kancelarii prawnej. Dla wygody ta strona internetowa mo\u017ce zawiera\u0107 linki do stron internetowych os\u00f3b trzecich. Takie po\u0142\u0105czone strony internetowe nie podlegaj\u0105 naszej kontroli i nie ponosimy \u017cadnej odpowiedzialno\u015bci za dok\u0142adno\u015b\u0107 tre\u015bci takich stron internetowych. Odwiedzaj\u0105c t\u0119 witryn\u0119 i\/lub korzystaj\u0105c z niej, wyra\u017casz zgod\u0119 i rozumiesz postanowienia dotycz\u0105ce wy\u0142\u0105cze\u0144 odpowiedzialno\u015bci, warunk\u00f3w korzystania , polityki prywatno\u015bci i zasad zwrotu wskazanych na tej stronie.<\/p>\n","protected":false},"author":3,"featured_media":0,"parent":0,"menu_order":0,"comment_status":"closed","ping_status":"closed","template":"","meta":{"footnotes":""},"class_list":["post-28651","page","type-page","status-publish","hentry"],"_links":{"self":[{"href":"https:\/\/usimmigrationassistance.org\/pl\/wp-json\/wp\/v2\/pages\/28651","targetHints":{"allow":["GET"]}}],"collection":[{"href":"https:\/\/usimmigrationassistance.org\/pl\/wp-json\/wp\/v2\/pages"}],"about":[{"href":"https:\/\/usimmigrationassistance.org\/pl\/wp-json\/wp\/v2\/types\/page"}],"author":[{"embeddable":true,"href":"https:\/\/usimmigrationassistance.org\/pl\/wp-json\/wp\/v2\/users\/3"}],"replies":[{"embeddable":true,"href":"https:\/\/usimmigrationassistance.org\/pl\/wp-json\/wp\/v2\/comments?post=28651"}],"version-history":[{"count":7,"href":"https:\/\/usimmigrationassistance.org\/pl\/wp-json\/wp\/v2\/pages\/28651\/revisions"}],"predecessor-version":[{"id":28676,"href":"https:\/\/usimmigrationassistance.org\/pl\/wp-json\/wp\/v2\/pages\/28651\/revisions\/28676"}],"wp:attachment":[{"href":"https:\/\/usimmigrationassistance.org\/pl\/wp-json\/wp\/v2\/media?parent=28651"}],"curies":[{"name":"wp","href":"https:\/\/api.w.org\/{rel}","templated":true}]}}