{"id":28752,"date":"2025-03-20T10:25:10","date_gmt":"2025-03-20T09:25:10","guid":{"rendered":"https:\/\/usimmigrationassistance.org\/strona-z-podziekowaniami-czesc-1"},"modified":"2025-07-24T08:06:49","modified_gmt":"2025-07-24T07:06:49","slug":"strona-z-podziekowaniami-czesc-1","status":"publish","type":"page","link":"https:\/\/usimmigrationassistance.org\/pl\/strona-z-podziekowaniami-czesc-1\/","title":{"rendered":"Strona z podzi\u0119kowaniami cz\u0119\u015b\u0107 1"},"content":{"rendered":"\t\t<div data-elementor-type=\"wp-page\" data-elementor-id=\"28752\" class=\"elementor elementor-28752 elementor-1257\" data-elementor-post-type=\"page\">\n\t\t\t\t<div class=\"elementor-element elementor-element-4e62ca3 e-con-full e-flex wpr-particle-no wpr-jarallax-no wpr-parallax-no wpr-sticky-section-no e-con e-parent\" data-id=\"4e62ca3\" data-element_type=\"container\">\n\t\t<div class=\"elementor-element elementor-element-62f9774 e-con-full e-flex wpr-particle-no wpr-jarallax-no wpr-parallax-no wpr-sticky-section-no e-con e-child\" data-id=\"62f9774\" data-element_type=\"container\">\n\t\t\t\t<div class=\"elementor-element elementor-element-36b3503 elementor-widget elementor-widget-heading\" data-id=\"36b3503\" data-element_type=\"widget\" data-widget_type=\"heading.default\">\n\t\t\t\t<div class=\"elementor-widget-container\">\n\t\t\t\t\t<h1 class=\"elementor-heading-title elementor-size-default\">Tw\u00f3j wniosek wizowy zosta\u0142 pomy\u015blnie z\u0142o\u017cony<\/h1>\t\t\t\t<\/div>\n\t\t\t\t<\/div>\n\t\t\t\t<div class=\"elementor-element elementor-element-191115b elementor-view-default elementor-widget elementor-widget-icon\" data-id=\"191115b\" data-element_type=\"widget\" data-widget_type=\"icon.default\">\n\t\t\t\t<div class=\"elementor-widget-container\">\n\t\t\t\t\t\t\t<div class=\"elementor-icon-wrapper\">\n\t\t\t<div class=\"elementor-icon\">\n\t\t\t<i aria-hidden=\"true\" class=\"jki jki-checked1-light\"><\/i>\t\t\t<\/div>\n\t\t<\/div>\n\t\t\t\t\t\t<\/div>\n\t\t\t\t<\/div>\n\t\t\t\t<\/div>\n\t\t\t\t<\/div>\n\t\t<div class=\"elementor-element elementor-element-77ae01b e-flex e-con-boxed wpr-particle-no wpr-jarallax-no wpr-parallax-no wpr-sticky-section-no e-con e-parent\" data-id=\"77ae01b\" data-element_type=\"container\">\n\t\t\t\t\t<div class=\"e-con-inner\">\n\t\t<div class=\"elementor-element elementor-element-e5e5024 e-con-full e-flex wpr-particle-no wpr-jarallax-no wpr-parallax-no wpr-sticky-section-no e-con e-child\" data-id=\"e5e5024\" data-element_type=\"container\" id=\"thank-you-custom-container\">\n\t\t<div class=\"elementor-element elementor-element-b076385 e-con-full e-flex wpr-particle-no wpr-jarallax-no wpr-parallax-no wpr-sticky-section-no e-con e-child\" data-id=\"b076385\" data-element_type=\"container\">\n\t\t\t\t<div class=\"elementor-element elementor-element-4ad27ed elementor-widget elementor-widget-heading\" data-id=\"4ad27ed\" data-element_type=\"widget\" data-widget_type=\"heading.default\">\n\t\t\t\t<div class=\"elementor-widget-container\">\n\t\t\t\t\t<h3 class=\"elementor-heading-title elementor-size-default\">John!, Tw\u00f3j wniosek ESTA # Z numerem zam\u00f3wienia #0 zosta\u0142 pomy\u015blnie wys\u0142any.\n<\/h3>\t\t\t\t<\/div>\n\t\t\t\t<\/div>\n\t\t\t\t<div class=\"elementor-element elementor-element-4a9e589 elementor-widget elementor-widget-text-editor\" data-id=\"4a9e589\" data-element_type=\"widget\" data-widget_type=\"text-editor.default\">\n\t\t\t\t<div class=\"elementor-widget-container\">\n\t\t\t\t\t\t\t\t\t<p>Potwierdzenie e-mailem zawieraj\u0105ce szczeg\u00f3\u0142y dotycz\u0105ce Twojej aplikacji zosta\u0142o wys\u0142ane na podany adres e-mail. Zachowaj je dla siebie. W przypadku, gdy nasz e-mail z potwierdzeniem zakupu trafi <b><u>do folderu ze spamem<\/u><\/b> , oznacz go jako \u201eTo nie jest spam\u201d.  <\/p>\t\t\t\t\t\t\t\t<\/div>\n\t\t\t\t<\/div>\n\t\t\t\t<\/div>\n\t\t<div class=\"elementor-element elementor-element-b0f1bd8 e-con-full e-flex wpr-particle-no wpr-jarallax-no wpr-parallax-no wpr-sticky-section-no e-con e-child\" data-id=\"b0f1bd8\" data-element_type=\"container\" data-settings=\"{&quot;background_background&quot;:&quot;classic&quot;}\">\n\t\t\t\t<div class=\"elementor-element elementor-element-da3e5ad elementor-widget elementor-widget-heading\" data-id=\"da3e5ad\" data-element_type=\"widget\" data-widget_type=\"heading.default\">\n\t\t\t\t<div class=\"elementor-widget-container\">\n\t\t\t\t\t<h3 class=\"elementor-heading-title elementor-size-default\">Je\u017celi chcesz z\u0142o\u017cy\u0107 wniosek w imieniu innego wnioskodawcy, kliknij przycisk.<\/h3>\t\t\t\t<\/div>\n\t\t\t\t<\/div>\n\t\t\t\t<div class=\"elementor-element elementor-element-ab78f18 elementor-widget elementor-widget-button\" data-id=\"ab78f18\" data-element_type=\"widget\" data-widget_type=\"button.default\">\n\t\t\t\t<div class=\"elementor-widget-container\">\n\t\t\t\t\t\t\t\t\t<div class=\"elementor-button-wrapper\">\n\t\t\t\t\t<a class=\"elementor-button elementor-button-link elementor-size-sm\" href=\"https:\/\/usimmigrationassistance.org\/pl\/stosowac\/\">\n\t\t\t\t\t\t<span class=\"elementor-button-content-wrapper\">\n\t\t\t\t\t\t\t\t\t<span class=\"elementor-button-text\">Dodaj inn\u0105 aplikacj\u0119<\/span>\n\t\t\t\t\t<\/span>\n\t\t\t\t\t<\/a>\n\t\t\t\t<\/div>\n\t\t\t\t\t\t\t\t<\/div>\n\t\t\t\t<\/div>\n\t\t\t\t<\/div>\n\t\t<div class=\"elementor-element elementor-element-ad99abe e-con-full e-flex wpr-particle-no wpr-jarallax-no wpr-parallax-no wpr-sticky-section-no e-con e-child\" data-id=\"ad99abe\" data-element_type=\"container\">\n\t\t\t\t<div class=\"elementor-element elementor-element-2b78b2e elementor-widget elementor-widget-heading\" data-id=\"2b78b2e\" data-element_type=\"widget\" data-widget_type=\"heading.default\">\n\t\t\t\t<div class=\"elementor-widget-container\">\n\t\t\t\t\t<h3 class=\"elementor-heading-title elementor-size-default\">Status Twojego wniosku wizowego: <u><b>KROK 1\/2 ZAKO\u0143CZONY<\/b><\/u><\/h3>\t\t\t\t<\/div>\n\t\t\t\t<\/div>\n\t\t\t\t<div class=\"elementor-element elementor-element-832a0e6 elementor-widget elementor-widget-text-editor\" data-id=\"832a0e6\" data-element_type=\"widget\" data-widget_type=\"text-editor.default\">\n\t\t\t\t<div class=\"elementor-widget-container\">\n\t\t\t\t\t\t\t\t\tMusisz uko\u0144czy\u0107 <u><b>2. krok<\/b><\/u> procesu aplikacji, kt\u00f3ry obejmuje podanie szczeg\u00f3\u0142owych informacji we w\u0142asnym tempie. Podczas gdy pracujesz nad t\u0105 sekcj\u0105, powiadomimy Departament Stanu USA, \u017ce Twoja aplikacja jest w trakcie przetwarzania. Po zako\u0144czeniu nasz wewn\u0119trzny system automatycznie wykryje uko\u0144czenie, wi\u0119c nie musisz nas powiadamia\u0107.  \t\t\t\t\t\t\t\t<\/div>\n\t\t\t\t<\/div>\n\t\t\t\t<div class=\"elementor-element elementor-element-73e1626 elementor-widget elementor-widget-text-editor\" data-id=\"73e1626\" data-element_type=\"widget\" data-widget_type=\"text-editor.default\">\n\t\t\t\t<div class=\"elementor-widget-container\">\n\t\t\t\t\t\t\t\t\tUwaga: Powiniene\u015b otrzyma\u0107 od nas wiadomo\u015b\u0107 e-mail zawieraj\u0105c\u0105 wszystkie niezb\u0119dne instrukcje dotycz\u0105ce rozpocz\u0119cia <u><b>drugiego etapu<\/b><\/u> procesu aplikacji. (Je\u015bli nie otrzyma\u0142e\u015b wiadomo\u015bci e-mail, nie zapomnij sprawdzi\u0107 folderu ze spamem) \t\t\t\t\t\t\t\t<\/div>\n\t\t\t\t<\/div>\n\t\t\t\t<\/div>\n\t\t<div class=\"elementor-element elementor-element-b44da06 e-con-full e-grid wpr-particle-no wpr-jarallax-no wpr-parallax-no wpr-sticky-section-no e-con e-child\" data-id=\"b44da06\" data-element_type=\"container\">\n\t\t\t\t<div class=\"elementor-element elementor-element-5dd55ba elementor-view-default elementor-position-top elementor-mobile-position-top elementor-widget elementor-widget-icon-box\" data-id=\"5dd55ba\" data-element_type=\"widget\" data-widget_type=\"icon-box.default\">\n\t\t\t\t<div class=\"elementor-widget-container\">\n\t\t\t\t\t\t\t<div class=\"elementor-icon-box-wrapper\">\n\n\t\t\t\t\t\t<div class=\"elementor-icon-box-icon\">\n\t\t\t\t<span  class=\"elementor-icon\">\n\t\t\t\t<i aria-hidden=\"true\" class=\"jki jki-edit1-light\"><\/i>\t\t\t\t<\/span>\n\t\t\t<\/div>\n\t\t\t\n\t\t\t\t\t\t<div class=\"elementor-icon-box-content\">\n\n\t\t\t\t\t\t\t\t\t<h3 class=\"elementor-icon-box-title\">\n\t\t\t\t\t\t<span  >\n\t\t\t\t\t\t\t1. Krok 1\/2 uko\u0144czony\t\t\t\t\t\t<\/span>\n\t\t\t\t\t<\/h3>\n\t\t\t\t\n\t\t\t\t\t\t\t\t\t<p class=\"elementor-icon-box-description\">\n\t\t\t\t\t\tOtrzymali\u015bmy pomy\u015blnie Tw\u00f3j pocz\u0105tkowy wniosek o wiz\u0119. Powiniene\u015b otrzyma\u0107 e-mail ze wszystkimi niezb\u0119dnymi instrukcjami, aby przej\u015b\u0107 do 2. kroku. \t\t\t\t\t<\/p>\n\t\t\t\t\n\t\t\t<\/div>\n\t\t\t\n\t\t<\/div>\n\t\t\t\t\t\t<\/div>\n\t\t\t\t<\/div>\n\t\t\t\t<div class=\"elementor-element elementor-element-af63b9d elementor-view-default elementor-position-top elementor-mobile-position-top elementor-widget elementor-widget-icon-box\" data-id=\"af63b9d\" data-element_type=\"widget\" data-widget_type=\"icon-box.default\">\n\t\t\t\t<div class=\"elementor-widget-container\">\n\t\t\t\t\t\t\t<div class=\"elementor-icon-box-wrapper\">\n\n\t\t\t\t\t\t<div class=\"elementor-icon-box-icon\">\n\t\t\t\t<span  class=\"elementor-icon\">\n\t\t\t\t<i aria-hidden=\"true\" class=\"jki jki-refresh-light\"><\/i>\t\t\t\t<\/span>\n\t\t\t<\/div>\n\t\t\t\n\t\t\t\t\t\t<div class=\"elementor-icon-box-content\">\n\n\t\t\t\t\t\t\t\t\t<h3 class=\"elementor-icon-box-title\">\n\t\t\t\t\t\t<span  >\n\t\t\t\t\t\t\t2. Krok 2 Oczekuj\u0105cy\t\t\t\t\t\t<\/span>\n\t\t\t\t\t<\/h3>\n\t\t\t\t\n\t\t\t\t\t\t\t\t\t<p class=\"elementor-icon-box-description\">\n\t\t\t\t\t\tMusisz uko\u0144czy\u0107 drugi etap procesu aplikacyjnego, kt\u00f3ry polega na podaniu szczeg\u00f3\u0142owych informacji we w\u0142asnym tempie.\t\t\t\t\t<\/p>\n\t\t\t\t\n\t\t\t<\/div>\n\t\t\t\n\t\t<\/div>\n\t\t\t\t\t\t<\/div>\n\t\t\t\t<\/div>\n\t\t\t\t<div class=\"elementor-element elementor-element-3b5c08b elementor-view-default elementor-position-top elementor-mobile-position-top elementor-widget elementor-widget-icon-box\" data-id=\"3b5c08b\" data-element_type=\"widget\" data-widget_type=\"icon-box.default\">\n\t\t\t\t<div class=\"elementor-widget-container\">\n\t\t\t\t\t\t\t<div class=\"elementor-icon-box-wrapper\">\n\n\t\t\t\t\t\t<div class=\"elementor-icon-box-icon\">\n\t\t\t\t<span  class=\"elementor-icon\">\n\t\t\t\t<i aria-hidden=\"true\" class=\"jki jki-page_search-light\"><\/i>\t\t\t\t<\/span>\n\t\t\t<\/div>\n\t\t\t\n\t\t\t\t\t\t<div class=\"elementor-icon-box-content\">\n\n\t\t\t\t\t\t\t\t\t<h3 class=\"elementor-icon-box-title\">\n\t\t\t\t\t\t<span  >\n\t\t\t\t\t\t\t3. W trakcie przegl\u0105du\t\t\t\t\t\t<\/span>\n\t\t\t\t\t<\/h3>\n\t\t\t\t\n\t\t\t\t\t\t\t\t\t<p class=\"elementor-icon-box-description\">\n\t\t\t\t\t\tWyznaczony przez Ciebie agent sprawdza obecnie Tw\u00f3j wniosek, aby upewni\u0107 si\u0119, \u017ce podane dane s\u0105 kompletne i dok\u0142adne, przed przes\u0142aniem go do Departamentu Stanu USA.\t\t\t\t\t<\/p>\n\t\t\t\t\n\t\t\t<\/div>\n\t\t\t\n\t\t<\/div>\n\t\t\t\t\t\t<\/div>\n\t\t\t\t<\/div>\n\t\t\t\t<div class=\"elementor-element elementor-element-c6063c0 elementor-view-default elementor-position-top elementor-mobile-position-top elementor-widget elementor-widget-icon-box\" data-id=\"c6063c0\" data-element_type=\"widget\" data-widget_type=\"icon-box.default\">\n\t\t\t\t<div class=\"elementor-widget-container\">\n\t\t\t\t\t\t\t<div class=\"elementor-icon-box-wrapper\">\n\n\t\t\t\t\t\t<div class=\"elementor-icon-box-icon\">\n\t\t\t\t<span  class=\"elementor-icon\">\n\t\t\t\t<i aria-hidden=\"true\" class=\"jki jki-chevron-right-circle-light\"><\/i>\t\t\t\t<\/span>\n\t\t\t<\/div>\n\t\t\t\n\t\t\t\t\t\t<div class=\"elementor-icon-box-content\">\n\n\t\t\t\t\t\t\t\t\t<h3 class=\"elementor-icon-box-title\">\n\t\t\t\t\t\t<span  >\n\t\t\t\t\t\t\t4. Oczekiwanie na zatwierdzenie\t\t\t\t\t\t<\/span>\n\t\t\t\t\t<\/h3>\n\t\t\t\t\n\t\t\t\t\t\t\t\t\t<p class=\"elementor-icon-box-description\">\n\t\t\t\t\t\tTwoja aplikacja zosta\u0142a\n wniosek zosta\u0142 z\u0142o\u017cony w Departamencie Stanu USA i obecnie oczekuje na zatwierdzenie.\t\t\t\t\t<\/p>\n\t\t\t\t\n\t\t\t<\/div>\n\t\t\t\n\t\t<\/div>\n\t\t\t\t\t\t<\/div>\n\t\t\t\t<\/div>\n\t\t\t\t<div class=\"elementor-element elementor-element-5e15cb9 elementor-view-default elementor-position-top elementor-mobile-position-top elementor-widget elementor-widget-icon-box\" data-id=\"5e15cb9\" data-element_type=\"widget\" data-widget_type=\"icon-box.default\">\n\t\t\t\t<div class=\"elementor-widget-container\">\n\t\t\t\t\t\t\t<div class=\"elementor-icon-box-wrapper\">\n\n\t\t\t\t\t\t<div class=\"elementor-icon-box-icon\">\n\t\t\t\t<span  class=\"elementor-icon\">\n\t\t\t\t<svg aria-hidden=\"true\" class=\"e-font-icon-svg e-far-file-alt\" viewBox=\"0 0 384 512\" xmlns=\"http:\/\/www.w3.org\/2000\/svg\"><path d=\"M288 248v28c0 6.6-5.4 12-12 12H108c-6.6 0-12-5.4-12-12v-28c0-6.6 5.4-12 12-12h168c6.6 0 12 5.4 12 12zm-12 72H108c-6.6 0-12 5.4-12 12v28c0 6.6 5.4 12 12 12h168c6.6 0 12-5.4 12-12v-28c0-6.6-5.4-12-12-12zm108-188.1V464c0 26.5-21.5 48-48 48H48c-26.5 0-48-21.5-48-48V48C0 21.5 21.5 0 48 0h204.1C264.8 0 277 5.1 286 14.1L369.9 98c9 8.9 14.1 21.2 14.1 33.9zm-128-80V128h76.1L256 51.9zM336 464V176H232c-13.3 0-24-10.7-24-24V48H48v416h288z\"><\/path><\/svg>\t\t\t\t<\/span>\n\t\t\t<\/div>\n\t\t\t\n\t\t\t\t\t\t<div class=\"elementor-icon-box-content\">\n\n\t\t\t\t\t\t\t\t\t<h3 class=\"elementor-icon-box-title\">\n\t\t\t\t\t\t<span  >\n\t\t\t\t\t\t\t5. Wynik aplikacji\t\t\t\t\t\t<\/span>\n\t\t\t\t\t<\/h3>\n\t\t\t\t\n\t\t\t\t\t\t\t\t\t<p class=\"elementor-icon-box-description\">\n\t\t\t\t\t\tTwoja aplikacja zosta\u0142a\n sprawdzone przez Departament Stanu USA. Sprawd\u017a swoj\u0105 skrzynk\u0119 odbiorcz\u0105, otrzymasz powiadomienie e-mailem po zatwierdzeniu lub je\u015bli wymagane s\u0105 dodatkowe informacje. \t\t\t\t\t<\/p>\n\t\t\t\t\n\t\t\t<\/div>\n\t\t\t\n\t\t<\/div>\n\t\t\t\t\t\t<\/div>\n\t\t\t\t<\/div>\n\t\t\t\t<\/div>\n\t\t<div class=\"elementor-element elementor-element-962b3c7 e-con-full e-flex wpr-particle-no wpr-jarallax-no wpr-parallax-no wpr-sticky-section-no e-con e-child\" data-id=\"962b3c7\" data-element_type=\"container\" data-settings=\"{&quot;background_background&quot;:&quot;classic&quot;}\">\n\t\t\t\t<div class=\"elementor-element elementor-element-0bdf324 elementor-widget elementor-widget-heading\" data-id=\"0bdf324\" data-element_type=\"widget\" data-widget_type=\"heading.default\">\n\t\t\t\t<div class=\"elementor-widget-container\">\n\t\t\t\t\t<h3 class=\"elementor-heading-title elementor-size-default\">Je\u017celi chcesz z\u0142o\u017cy\u0107 wniosek w imieniu innego wnioskodawcy, kliknij przycisk.<\/h3>\t\t\t\t<\/div>\n\t\t\t\t<\/div>\n\t\t\t\t<div class=\"elementor-element elementor-element-692be83 elementor-widget elementor-widget-button\" data-id=\"692be83\" data-element_type=\"widget\" data-widget_type=\"button.default\">\n\t\t\t\t<div class=\"elementor-widget-container\">\n\t\t\t\t\t\t\t\t\t<div class=\"elementor-button-wrapper\">\n\t\t\t\t\t<a class=\"elementor-button elementor-button-link elementor-size-sm\" href=\"https:\/\/usimmigrationassistance.org\/pl\/stosowac\/\">\n\t\t\t\t\t\t<span class=\"elementor-button-content-wrapper\">\n\t\t\t\t\t\t\t\t\t<span class=\"elementor-button-text\">Dodaj inn\u0105 aplikacj\u0119<\/span>\n\t\t\t\t\t<\/span>\n\t\t\t\t\t<\/a>\n\t\t\t\t<\/div>\n\t\t\t\t\t\t\t\t<\/div>\n\t\t\t\t<\/div>\n\t\t\t\t<\/div>\n\t\t<div class=\"elementor-element elementor-element-d8e3793 e-con-full e-flex wpr-particle-no wpr-jarallax-no wpr-parallax-no wpr-sticky-section-no e-con e-child\" data-id=\"d8e3793\" data-element_type=\"container\">\n\t\t\t\t<div class=\"elementor-element elementor-element-a7060ef elementor-widget elementor-widget-text-editor\" data-id=\"a7060ef\" data-element_type=\"widget\" data-widget_type=\"text-editor.default\">\n\t\t\t\t<div class=\"elementor-widget-container\">\n\t\t\t\t\t\t\t\t\tTwoja karta zosta\u0142a autoryzowana do p\u0142atno\u015bci. Tw\u00f3j paragon zosta\u0142 wys\u0142any na Tw\u00f3j adres e-mail, a pe\u0142ne szczeg\u00f3\u0142y faktury s\u0105 wymienione poni\u017cej. \t\t\t\t\t\t\t\t<\/div>\n\t\t\t\t<\/div>\n\t\t\t\t<div class=\"elementor-element elementor-element-2c8c0d1 elementor-widget elementor-widget-text-editor\" data-id=\"2c8c0d1\" data-element_type=\"widget\" data-widget_type=\"text-editor.default\">\n\t\t\t\t<div class=\"elementor-widget-container\">\n\t\t\t\t\t\t\t\t\tSprawd\u017a swoj\u0105 poczt\u0119 e-mail, aby uzyska\u0107 potwierdzenie zakupu. Je\u015bli nie widzisz potwierdzenia zakupu w swojej skrzynce odbiorczej, sprawd\u017a foldery ze spamem i dodaj \u201eUS Immigration Assistance\u201d do bia\u0142ej listy. Wi\u0119cej szczeg\u00f3\u0142owych informacji na temat dodawania naszego adresu e-mail do bia\u0142ej listy mo\u017cna znale\u017a\u0107 w Internecie.  \t\t\t\t\t\t\t\t<\/div>\n\t\t\t\t<\/div>\n\t\t\t\t<\/div>\n\t\t<div class=\"elementor-element elementor-element-fafd01c e-con-full e-flex wpr-particle-no wpr-jarallax-no wpr-parallax-no wpr-sticky-section-no e-con e-child\" data-id=\"fafd01c\" data-element_type=\"container\" data-settings=\"{&quot;background_background&quot;:&quot;classic&quot;}\">\n\t\t\t\t<div class=\"elementor-element elementor-element-08767ad elementor-widget elementor-widget-text-editor\" data-id=\"08767ad\" data-element_type=\"widget\" data-widget_type=\"text-editor.default\">\n\t\t\t\t<div class=\"elementor-widget-container\">\n\t\t\t\t\t\t\t\t\tFaktura\t\t\t\t\t\t\t\t<\/div>\n\t\t\t\t<\/div>\n\t\t\t\t<\/div>\n\t\t<div class=\"elementor-element elementor-element-a2b3de8 e-con-full e-flex wpr-particle-no wpr-jarallax-no wpr-parallax-no wpr-sticky-section-no e-con e-child\" data-id=\"a2b3de8\" data-element_type=\"container\">\n\t\t\t\t<div class=\"elementor-element elementor-element-56372a9 elementor-widget elementor-widget-text-editor\" data-id=\"56372a9\" data-element_type=\"widget\" data-widget_type=\"text-editor.default\">\n\t\t\t\t<div class=\"elementor-widget-container\">\n\t\t\t\t\t\t\t\t\tMetoda p\u0142atno\u015bci: Karta kredytowa\t\t\t\t\t\t\t\t<\/div>\n\t\t\t\t<\/div>\n\t\t\t\t<div class=\"elementor-element elementor-element-d8eaf26 elementor-widget elementor-widget-text-editor\" data-id=\"d8eaf26\" data-element_type=\"widget\" data-widget_type=\"text-editor.default\">\n\t\t\t\t<div class=\"elementor-widget-container\">\n\t\t\t\t\t\t\t\t\tWysy\u0142ka do: Dostawa elektroniczna\t\t\t\t\t\t\t\t<\/div>\n\t\t\t\t<\/div>\n\t\t\t\t<\/div>\n\t\t<div class=\"elementor-element elementor-element-1960c80 e-con-full e-flex wpr-particle-no wpr-jarallax-no wpr-parallax-no wpr-sticky-section-no e-con e-child\" data-id=\"1960c80\" data-element_type=\"container\" data-settings=\"{&quot;background_background&quot;:&quot;classic&quot;}\">\n\t\t\t\t<div class=\"elementor-element elementor-element-ba25977 elementor-widget elementor-widget-text-editor\" data-id=\"ba25977\" data-element_type=\"widget\" data-widget_type=\"text-editor.default\">\n\t\t\t\t<div class=\"elementor-widget-container\">\n\t\t\t\t\t\t\t\t\tPrzedmiot\t\t\t\t\t\t\t\t<\/div>\n\t\t\t\t<\/div>\n\t\t\t\t<\/div>\n\t\t<div class=\"elementor-element elementor-element-ae7951a e-con-full e-flex wpr-particle-no wpr-jarallax-no wpr-parallax-no wpr-sticky-section-no e-con e-child\" data-id=\"ae7951a\" data-element_type=\"container\">\n\t\t\t\t<div class=\"elementor-element elementor-element-12f9fd7 elementor-widget elementor-widget-text-editor\" data-id=\"12f9fd7\" data-element_type=\"widget\" data-widget_type=\"text-editor.default\">\n\t\t\t\t<div class=\"elementor-widget-container\">\n\t\t\t\t\t\t\t\t\tWniosek o wiz\u0119 do USA\t\t\t\t\t\t\t\t<\/div>\n\t\t\t\t<\/div>\n\t\t\t\t<\/div>\n\t\t<div class=\"elementor-element elementor-element-e15ab14 e-con-full e-flex wpr-particle-no wpr-jarallax-no wpr-parallax-no wpr-sticky-section-no e-con e-child\" data-id=\"e15ab14\" data-element_type=\"container\">\n\t\t\t\t<div class=\"elementor-element elementor-element-8f7fd7c elementor-widget elementor-widget-text-editor\" data-id=\"8f7fd7c\" data-element_type=\"widget\" data-widget_type=\"text-editor.default\">\n\t\t\t\t<div class=\"elementor-widget-container\">\n\t\t\t\t\t\t\t\t\tUwaga:<br> Op\u0142ata ta pojawi si\u0119 na Twoim wyci\u0105gu z karty kredytowej jako \u201eUS Immigration Assistance \u201elub \u201eusimmigrationassistance.org\u201d.\t\t\t\t\t\t\t\t<\/div>\n\t\t\t\t<\/div>\n\t\t\t\t<\/div>\n\t\t<div class=\"elementor-element elementor-element-a13c92a e-con-full e-flex wpr-particle-no wpr-jarallax-no wpr-parallax-no wpr-sticky-section-no e-con e-child\" data-id=\"a13c92a\" data-element_type=\"container\">\n\t\t\t\t<div class=\"elementor-element elementor-element-c7db7c3 elementor-widget elementor-widget-text-editor\" data-id=\"c7db7c3\" data-element_type=\"widget\" data-widget_type=\"text-editor.default\">\n\t\t\t\t<div class=\"elementor-widget-container\">\n\t\t\t\t\t\t\t\t\tPomy\u015blnie przes\u0142a\u0142e\u015b p\u0142atno\u015b\u0107. \u017b\u0105danie posiadacza karty do banku lub PayPal o zwrot op\u0142at spowoduje automatyczne <b>odrzucenie wniosku<\/b> . \t\t\t\t\t\t\t\t<\/div>\n\t\t\t\t<\/div>\n\t\t\t\t<\/div>\n\t\t\t\t<\/div>\n\t\t\t\t\t<\/div>\n\t\t\t\t<\/div>\n\t\t\t\t<\/div>\n\t\t","protected":false},"excerpt":{"rendered":"<p>Tw\u00f3j wniosek wizowy zosta\u0142 pomy\u015blnie z\u0142o\u017cony !, Tw\u00f3j wniosek ESTA # Z numerem zam\u00f3wienia # zosta\u0142 pomy\u015blnie wys\u0142any. Potwierdzenie e-mailem zawieraj\u0105ce szczeg\u00f3\u0142y dotycz\u0105ce Twojej aplikacji zosta\u0142o wys\u0142ane na podany adres e-mail. Zachowaj je dla siebie. W przypadku, gdy nasz e-mail z potwierdzeniem zakupu trafi do folderu ze spamem , oznacz go jako \u201eTo nie jest spam\u201d. Je\u017celi chcesz z\u0142o\u017cy\u0107 wniosek w imieniu innego wnioskodawcy, kliknij przycisk. Dodaj inn\u0105 aplikacj\u0119 Status Twojego wniosku wizowego: KROK 1\/2 ZAKO\u0143CZONY Musisz uko\u0144czy\u0107 2. krok procesu aplikacji, kt\u00f3ry obejmuje podanie szczeg\u00f3\u0142owych informacji we w\u0142asnym tempie. Podczas gdy pracujesz nad t\u0105 sekcj\u0105, powiadomimy Departament Stanu USA, \u017ce Twoja aplikacja jest w trakcie przetwarzania. Po zako\u0144czeniu nasz wewn\u0119trzny system automatycznie wykryje uko\u0144czenie, wi\u0119c nie musisz nas powiadamia\u0107. Uwaga: Powiniene\u015b otrzyma\u0107 od nas wiadomo\u015b\u0107 e-mail zawieraj\u0105c\u0105 wszystkie niezb\u0119dne instrukcje dotycz\u0105ce rozpocz\u0119cia drugiego etapu procesu aplikacji. (Je\u015bli nie otrzyma\u0142e\u015b wiadomo\u015bci e-mail, nie zapomnij sprawdzi\u0107 folderu ze spamem) 1. Krok 1\/2 uko\u0144czony Otrzymali\u015bmy pomy\u015blnie Tw\u00f3j pocz\u0105tkowy wniosek o wiz\u0119. Powiniene\u015b otrzyma\u0107 e-mail ze wszystkimi niezb\u0119dnymi instrukcjami, aby przej\u015b\u0107 do 2. kroku. 2. Krok 2 Oczekuj\u0105cy Musisz uko\u0144czy\u0107 drugi etap procesu aplikacyjnego, kt\u00f3ry polega na podaniu szczeg\u00f3\u0142owych informacji we w\u0142asnym tempie. 3. W trakcie przegl\u0105du Wyznaczony przez Ciebie agent sprawdza obecnie Tw\u00f3j wniosek, aby upewni\u0107 si\u0119, \u017ce podane dane s\u0105 kompletne i dok\u0142adne, przed przes\u0142aniem go do Departamentu Stanu USA. 4. Oczekiwanie na zatwierdzenie Twoja aplikacja zosta\u0142a wniosek zosta\u0142 z\u0142o\u017cony w Departamencie Stanu USA i obecnie oczekuje na zatwierdzenie. 5. Wynik aplikacji Twoja aplikacja zosta\u0142a sprawdzone przez Departament Stanu USA. Sprawd\u017a swoj\u0105 skrzynk\u0119 odbiorcz\u0105, otrzymasz powiadomienie e-mailem po zatwierdzeniu lub je\u015bli wymagane s\u0105 dodatkowe informacje. Je\u017celi chcesz z\u0142o\u017cy\u0107 wniosek w imieniu innego wnioskodawcy, kliknij przycisk. Dodaj inn\u0105 aplikacj\u0119 Twoja karta zosta\u0142a autoryzowana do p\u0142atno\u015bci. Tw\u00f3j paragon zosta\u0142 wys\u0142any na Tw\u00f3j adres e-mail, a pe\u0142ne szczeg\u00f3\u0142y faktury s\u0105 wymienione poni\u017cej. Sprawd\u017a swoj\u0105 poczt\u0119 e-mail, aby uzyska\u0107 potwierdzenie zakupu. Je\u015bli nie widzisz potwierdzenia zakupu w swojej skrzynce odbiorczej, sprawd\u017a foldery ze spamem i dodaj \u201eUS Immigration Assistance\u201d do bia\u0142ej listy. Wi\u0119cej szczeg\u00f3\u0142owych informacji na temat dodawania naszego adresu e-mail do bia\u0142ej listy mo\u017cna znale\u017a\u0107 w Internecie. FakturaMetoda p\u0142atno\u015bci: Karta kredytowaWysy\u0142ka do: Dostawa elektronicznaPrzedmiotWniosek o wiz\u0119 do USAUwaga: Op\u0142ata ta pojawi si\u0119 na Twoim wyci\u0105gu z karty kredytowej jako \u201eUS Immigration Assistance \u201elub \u201eusimmigrationassistance.org\u201d.Pomy\u015blnie przes\u0142a\u0142e\u015b p\u0142atno\u015b\u0107. \u017b\u0105danie posiadacza karty do banku lub PayPal o zwrot op\u0142at spowoduje automatyczne odrzucenie wniosku .<\/p>\n","protected":false},"author":3,"featured_media":0,"parent":0,"menu_order":0,"comment_status":"closed","ping_status":"closed","template":"","meta":{"footnotes":""},"class_list":["post-28752","page","type-page","status-publish","hentry"],"_links":{"self":[{"href":"https:\/\/usimmigrationassistance.org\/pl\/wp-json\/wp\/v2\/pages\/28752","targetHints":{"allow":["GET"]}}],"collection":[{"href":"https:\/\/usimmigrationassistance.org\/pl\/wp-json\/wp\/v2\/pages"}],"about":[{"href":"https:\/\/usimmigrationassistance.org\/pl\/wp-json\/wp\/v2\/types\/page"}],"author":[{"embeddable":true,"href":"https:\/\/usimmigrationassistance.org\/pl\/wp-json\/wp\/v2\/users\/3"}],"replies":[{"embeddable":true,"href":"https:\/\/usimmigrationassistance.org\/pl\/wp-json\/wp\/v2\/comments?post=28752"}],"version-history":[{"count":3,"href":"https:\/\/usimmigrationassistance.org\/pl\/wp-json\/wp\/v2\/pages\/28752\/revisions"}],"predecessor-version":[{"id":96164,"href":"https:\/\/usimmigrationassistance.org\/pl\/wp-json\/wp\/v2\/pages\/28752\/revisions\/96164"}],"wp:attachment":[{"href":"https:\/\/usimmigrationassistance.org\/pl\/wp-json\/wp\/v2\/media?parent=28752"}],"curies":[{"name":"wp","href":"https:\/\/api.w.org\/{rel}","templated":true}]}}