{"id":28645,"date":"2025-03-18T07:09:49","date_gmt":"2025-03-18T06:09:49","guid":{"rendered":"https:\/\/usimmigrationassistance.org\/aviso-legal"},"modified":"2025-05-24T19:11:36","modified_gmt":"2025-05-24T15:11:36","slug":"aviso-legal","status":"publish","type":"page","link":"https:\/\/usimmigrationassistance.org\/pt-pt\/aviso-legal\/","title":{"rendered":"Aviso legal"},"content":{"rendered":"\t\t<div data-elementor-type=\"wp-page\" data-elementor-id=\"28645\" class=\"elementor elementor-28645 elementor-881\" data-elementor-post-type=\"page\">\n\t\t\t\t<div class=\"elementor-element elementor-element-38977736 e-flex e-con-boxed wpr-particle-no wpr-jarallax-no wpr-parallax-no wpr-sticky-section-no e-con e-parent\" data-id=\"38977736\" data-element_type=\"container\">\n\t\t\t\t\t<div class=\"e-con-inner\">\n\t\t<div class=\"elementor-element elementor-element-95d71bf e-con-full e-flex wpr-particle-no wpr-jarallax-no wpr-parallax-no wpr-sticky-section-no e-con e-child\" data-id=\"95d71bf\" data-element_type=\"container\">\n\t\t\t\t<div class=\"elementor-element elementor-element-06e6898 elementor-widget elementor-widget-heading\" data-id=\"06e6898\" data-element_type=\"widget\" data-widget_type=\"heading.default\">\n\t\t\t\t<div class=\"elementor-widget-container\">\n\t\t\t\t\t<h2 class=\"elementor-heading-title elementor-size-default\">Aviso legal<\/h2>\t\t\t\t<\/div>\n\t\t\t\t<\/div>\n\t\t\t\t<\/div>\n\t\t<div class=\"elementor-element elementor-element-30dafa5 e-con-full e-flex wpr-particle-no wpr-jarallax-no wpr-parallax-no wpr-sticky-section-no e-con e-child\" data-id=\"30dafa5\" data-element_type=\"container\" data-settings=\"{&quot;background_background&quot;:&quot;classic&quot;}\">\n\t\t\t\t<div class=\"elementor-element elementor-element-20545007 elementor-widget elementor-widget-text-editor\" data-id=\"20545007\" data-element_type=\"widget\" data-widget_type=\"text-editor.default\">\n\t\t\t\t<div class=\"elementor-widget-container\">\n\t\t\t\t\t\t\t\t\t<p><\/p>\n<p>Nem a TR\u0410VEL MUNDO &#8211; FZCO nem a <a href=\"https:\/\/usimmigrationassistance.org\/pt-pt\" target=\"_blank\" rel=\"noopener\">usimmigrationassistance.org<\/a> s\u00e3o afiliadas ao Departamento de Estado dos Estados Unidos (US DOS), ao Departamento de Seguran\u00e7a Interna dos Estados Unidos (US DHS), aos Servi\u00e7os de Cidadania e Imigra\u00e7\u00e3o dos Estados Unidos (USCIS) ou a qualquer outra ag\u00eancia governamental dos Estados Unidos.<br>N\u00e3o somos um escrit\u00f3rio de advogados, n\u00e3o fornecemos aconselhamento jur\u00eddico e n\u00e3o substitu\u00edmos um advogado.<br>Somos uma empresa privada de consultoria de viagens e imigra\u00e7\u00e3o baseada na Internet, dedicada a ajudar pessoas a viajar para os Estados Unidos.  <\/p>\n<p><\/p>\n<p><\/p>\n<p>Nem a TR\u0410VEL MUNDO &#8211; FZCO, nem o <a href=\"https:\/\/usimmigrationassistance.org\/pt-pt\" target=\"_blank\" rel=\"noopener\">usimmigrationassistance.org<\/a>, nem os seus funcion\u00e1rios afirmam ter qualquer conhecimento especial da lei ou procedimento de imigra\u00e7\u00e3o. Os pre\u00e7os de compra listados para os servi\u00e7os de assist\u00eancia na prepara\u00e7\u00e3o do pedido N\u00c3O incluem qualquer pedido do governo, taxa de exame m\u00e9dico, arquivamento ou taxas biom\u00e9tricas. As taxas governamentais n\u00e3o s\u00e3o reembols\u00e1veis. Os honor\u00e1rios de advogados n\u00e3o s\u00e3o reembols\u00e1veis.   <\/p>\n<p><\/p>\n<p><\/p>\n<p>A pol\u00edtica de vistos dos Estados Unidos trata dos requisitos que um cidad\u00e3o estrangeiro que pretenda entrar nos Estados Unidos deve cumprir para obter um visto, que \u00e9 uma autoriza\u00e7\u00e3o para viajar, entrar e\/ou permanecer nos Estados Unidos. Os visitantes dos Estados Unidos devem obter um visto junto de uma das miss\u00f5es diplom\u00e1ticas dos Estados Unidos, exceto se forem provenientes de um dos pa\u00edses isentos de visto ou de um pa\u00eds abrangido pelo Programa de Isen\u00e7\u00e3o de Vistos. As mesmas regras aplicam-se a Porto Rico e \u00e0s Ilhas Virgens dos Estados Unidos, enquanto que regras diferentes se aplicam aos restantes territ\u00f3rios dos EUA, nomeadamente Guam, Ilhas Marianas do Norte e Samoa Americana.  <\/p>\n<p><\/p>\n<p><\/p>\n<p>Todas as informa\u00e7\u00f5es fornecidas por ti, ou em teu nome por um terceiro designado, devem ser verdadeiras e corretas. O US VISA pode ser revogado a qualquer momento e por qualquer motivo, como novas informa\u00e7\u00f5es que influenciem a elegibilidade. Podes ser sujeito a san\u00e7\u00f5es administrativas ou penais se, de forma consciente e deliberada, fizeres uma declara\u00e7\u00e3o ou representa\u00e7\u00e3o materialmente falsa, fict\u00edcia ou fraudulenta num pedido de VISA apresentado por ti ou em teu nome.  <\/p>\n<p><\/p>\n<p><\/p>\n<p>Consulta a Pol\u00edtica de reembolso antes de adquirires um servi\u00e7o no nosso s\u00edtio Web.<\/p>\n<p><\/p>\n<p><\/p>\n<p>Este s\u00edtio Web inclui informa\u00e7\u00f5es gerais sobre quest\u00f5es e desenvolvimentos em mat\u00e9ria de imigra\u00e7\u00e3o. Estes materiais destinam-se apenas a fins informativos e podem n\u00e3o refletir os desenvolvimentos mais actuais. Estes materiais informativos n\u00e3o se destinam, nem devem ser considerados, como aconselhamento jur\u00eddico sobre qualquer conjunto de factos ou circunst\u00e2ncias. Deves contactar um advogado para obteres orienta\u00e7\u00e3o sobre problemas jur\u00eddicos espec\u00edficos.   <\/p>\n<p><\/p>\n<p><\/p>\n<p>Embora nos esforcemos para manter as informa\u00e7\u00f5es do site actualizadas e corretas, a TR\u0410VEL MUNDO &#8211; FZCO n\u00e3o faz representa\u00e7\u00f5es ou garantias de qualquer tipo, expressas ou impl\u00edcitas sobre a integridade, precis\u00e3o, confiabilidade, adequa\u00e7\u00e3o ou disponibilidade em rela\u00e7\u00e3o ao site ou \u00e0s informa\u00e7\u00f5es, produtos, servi\u00e7os ou gr\u00e1ficos relacionados contidos no site para qualquer finalidade. Qualquer confian\u00e7a que deposites nesse material \u00e9, portanto, estritamente por tua conta e risco. <\/p>\n<p><\/p>\n<p><\/p>\n<p>A TR\u0410VEL MUNDO &#8211; FZCO n\u00e3o se responsabiliza por qualquer informa\u00e7\u00e3o falsa, inexacta, inadequada ou incompleta apresentada no site.<\/p>\n<p><\/p>\n<p><\/p>\n<p>Embora todos os esfor\u00e7os sejam feitos para manter o site funcionando sem problemas, devido \u00e0 natureza da Internet e da tecnologia envolvida, a TR\u0410VEL MUNDO &#8211; FZCO n\u00e3o assume nenhuma responsabilidade e n\u00e3o ser\u00e1 respons\u00e1vel pelo site estar temporariamente indispon\u00edvel devido a quest\u00f5es t\u00e9cnicas (ou de outra forma) fora de seu controle ou por qualquer perda ou dano sofrido como resultado do uso ou acesso a, ou incapacidade de usar ou acessar este site.<\/p>\n<p><\/p>\n<p><\/p>\n<p>Alguns links neste site levam-te a sites que n\u00e3o est\u00e3o sob o controlo da TR\u0410VEL MUNDO &#8211; FZCO. Ao ativar estes links, sair\u00e1s do site da TR\u0410VEL MUNDO &#8211; FZCO. A TR\u0410VEL MUNDO &#8211; FZCO n\u00e3o tem controlo e n\u00e3o aceita qualquer responsabilidade em rela\u00e7\u00e3o a materiais, produtos ou servi\u00e7os dispon\u00edveis em qualquer site que n\u00e3o esteja sob o controlo da TR\u0410VEL MUNDO &#8211; FZCO.  <\/p>\n<p><\/p>\n<p><\/p>\n<p>Na medida em que n\u00e3o seja proibido por lei, em nenhuma circunst\u00e2ncia a TR\u0410VEL MUNDO &#8211; FZCO ser\u00e1 respons\u00e1vel perante ti ou quaisquer terceiros por qualquer perda ou dano (incluindo, sem limita\u00e7\u00e3o, danos por perda de neg\u00f3cios ou perda de lucros) decorrentes direta ou indiretamente do uso ou incapacidade de usar este site ou qualquer material nele contido.<\/p>\n<p><\/p>\n<p><\/p>\n<p>Os pedidos preenchidos atrav\u00e9s do nosso servi\u00e7o est\u00e3o dispon\u00edveis gratuitamente como formul\u00e1rios em branco em alguns s\u00edtios Web do Governo dos EUA. Somos um prestador de servi\u00e7os de viagens privado e tecnol\u00f3gico, baseado na Internet, que se dedica a ajudar as pessoas a viajar para os Estados Unidos. Se n\u00e3o pretenderes utilizar os nossos servi\u00e7os, podes candidatar-te diretamente em <a href=\"https:\/\/travel.state.gov\/\" target=\"_blank\" rel=\"noreferrer noopener\">travel.state.gov<\/a> ou em <a href=\"https:\/\/uscis.gov\/\" target=\"_blank\" rel=\"noreferrer noopener\">uscis.gov<\/a>.  <\/p>\n<p><\/p>\n<p><\/p>\n<p>N\u00e3o deves utilizar este s\u00edtio Web para fornecer informa\u00e7\u00f5es confidenciais sobre um assunto jur\u00eddico teu aos agentes de admiss\u00e3o. A utiliza\u00e7\u00e3o deste s\u00edtio Web n\u00e3o faz de ti um cliente de um escrit\u00f3rio de advogados ou mesmo um potencial cliente de um escrit\u00f3rio de advogados. <\/p>\n<p><\/p>\n<p><\/p>\n<p>Por conveni\u00eancia, este s\u00edtio Web pode fornecer liga\u00e7\u00f5es a s\u00edtios Web de terceiros. Esses s\u00edtios Web ligados n\u00e3o est\u00e3o sob o nosso controlo e n\u00e3o assumimos qualquer responsabilidade pela exatid\u00e3o dos conte\u00fados desses s\u00edtios Web. <\/p>\n<p><\/p>\n<p><\/p>\n<p>A tua visita e\/ou utiliza\u00e7\u00e3o deste s\u00edtio Web indica que concordas e compreendes claramente as isen\u00e7\u00f5es de responsabilidade, as <a href=\"https:\/\/usimmigrationassistance.org\/terms_of_use\" target=\"_blank\" rel=\"noreferrer noopener\">condi\u00e7\u00f5es de utiliza\u00e7\u00e3o<\/a>, <a href=\"https:\/\/usimmigrationassistance.org\/privacy_policy\" target=\"_blank\" rel=\"noreferrer noopener\">a privacidade<\/a> e as pol\u00edticas de <a href=\"https:\/\/usimmigrationassistance.org\/refund_policy\" target=\"_blank\" rel=\"noreferrer noopener\">reembolso<\/a> indicadas neste s\u00edtio.<\/p>\n<p><\/p>\t\t\t\t\t\t\t\t<\/div>\n\t\t\t\t<\/div>\n\t\t\t\t<\/div>\n\t\t\t\t\t<\/div>\n\t\t\t\t<\/div>\n\t\t\t\t<\/div>\n\t\t","protected":false},"excerpt":{"rendered":"<p>Aviso legal Nem a TR\u0410VEL MUNDO &#8211; FZCO nem a usimmigrationassistance.org s\u00e3o afiliadas ao Departamento de Estado dos Estados Unidos (US DOS), ao Departamento de Seguran\u00e7a Interna dos Estados Unidos (US DHS), aos Servi\u00e7os de Cidadania e Imigra\u00e7\u00e3o dos Estados Unidos (USCIS) ou a qualquer outra ag\u00eancia governamental dos Estados Unidos.N\u00e3o somos um escrit\u00f3rio de advogados, n\u00e3o fornecemos aconselhamento jur\u00eddico e n\u00e3o substitu\u00edmos um advogado.Somos uma empresa privada de consultoria de viagens e imigra\u00e7\u00e3o baseada na Internet, dedicada a ajudar pessoas a viajar para os Estados Unidos. Nem a TR\u0410VEL MUNDO &#8211; FZCO, nem o usimmigrationassistance.org, nem os seus funcion\u00e1rios afirmam ter qualquer conhecimento especial da lei ou procedimento de imigra\u00e7\u00e3o. Os pre\u00e7os de compra listados para os servi\u00e7os de assist\u00eancia na prepara\u00e7\u00e3o do pedido N\u00c3O incluem qualquer pedido do governo, taxa de exame m\u00e9dico, arquivamento ou taxas biom\u00e9tricas. As taxas governamentais n\u00e3o s\u00e3o reembols\u00e1veis. Os honor\u00e1rios de advogados n\u00e3o s\u00e3o reembols\u00e1veis. A pol\u00edtica de vistos dos Estados Unidos trata dos requisitos que um cidad\u00e3o estrangeiro que pretenda entrar nos Estados Unidos deve cumprir para obter um visto, que \u00e9 uma autoriza\u00e7\u00e3o para viajar, entrar e\/ou permanecer nos Estados Unidos. Os visitantes dos Estados Unidos devem obter um visto junto de uma das miss\u00f5es diplom\u00e1ticas dos Estados Unidos, exceto se forem provenientes de um dos pa\u00edses isentos de visto ou de um pa\u00eds abrangido pelo Programa de Isen\u00e7\u00e3o de Vistos. As mesmas regras aplicam-se a Porto Rico e \u00e0s Ilhas Virgens dos Estados Unidos, enquanto que regras diferentes se aplicam aos restantes territ\u00f3rios dos EUA, nomeadamente Guam, Ilhas Marianas do Norte e Samoa Americana. Todas as informa\u00e7\u00f5es fornecidas por ti, ou em teu nome por um terceiro designado, devem ser verdadeiras e corretas. O US VISA pode ser revogado a qualquer momento e por qualquer motivo, como novas informa\u00e7\u00f5es que influenciem a elegibilidade. Podes ser sujeito a san\u00e7\u00f5es administrativas ou penais se, de forma consciente e deliberada, fizeres uma declara\u00e7\u00e3o ou representa\u00e7\u00e3o materialmente falsa, fict\u00edcia ou fraudulenta num pedido de VISA apresentado por ti ou em teu nome. Consulta a Pol\u00edtica de reembolso antes de adquirires um servi\u00e7o no nosso s\u00edtio Web. Este s\u00edtio Web inclui informa\u00e7\u00f5es gerais sobre quest\u00f5es e desenvolvimentos em mat\u00e9ria de imigra\u00e7\u00e3o. Estes materiais destinam-se apenas a fins informativos e podem n\u00e3o refletir os desenvolvimentos mais actuais. Estes materiais informativos n\u00e3o se destinam, nem devem ser considerados, como aconselhamento jur\u00eddico sobre qualquer conjunto de factos ou circunst\u00e2ncias. Deves contactar um advogado para obteres orienta\u00e7\u00e3o sobre problemas jur\u00eddicos espec\u00edficos. Embora nos esforcemos para manter as informa\u00e7\u00f5es do site actualizadas e corretas, a TR\u0410VEL MUNDO &#8211; FZCO n\u00e3o faz representa\u00e7\u00f5es ou garantias de qualquer tipo, expressas ou impl\u00edcitas sobre a integridade, precis\u00e3o, confiabilidade, adequa\u00e7\u00e3o ou disponibilidade em rela\u00e7\u00e3o ao site ou \u00e0s informa\u00e7\u00f5es, produtos, servi\u00e7os ou gr\u00e1ficos relacionados contidos no site para qualquer finalidade. Qualquer confian\u00e7a que deposites nesse material \u00e9, portanto, estritamente por tua conta e risco. A TR\u0410VEL MUNDO &#8211; FZCO n\u00e3o se responsabiliza por qualquer informa\u00e7\u00e3o falsa, inexacta, inadequada ou incompleta apresentada no site. Embora todos os esfor\u00e7os sejam feitos para manter o site funcionando sem problemas, devido \u00e0 natureza da Internet e da tecnologia envolvida, a TR\u0410VEL MUNDO &#8211; FZCO n\u00e3o assume nenhuma responsabilidade e n\u00e3o ser\u00e1 respons\u00e1vel pelo site estar temporariamente indispon\u00edvel devido a quest\u00f5es t\u00e9cnicas (ou de outra forma) fora de seu controle ou por qualquer perda ou dano sofrido como resultado do uso ou acesso a, ou incapacidade de usar ou acessar este site. Alguns links neste site levam-te a sites que n\u00e3o est\u00e3o sob o controlo da TR\u0410VEL MUNDO &#8211; FZCO. Ao ativar estes links, sair\u00e1s do site da TR\u0410VEL MUNDO &#8211; FZCO. A TR\u0410VEL MUNDO &#8211; FZCO n\u00e3o tem controlo e n\u00e3o aceita qualquer responsabilidade em rela\u00e7\u00e3o a materiais, produtos ou servi\u00e7os dispon\u00edveis em qualquer site que n\u00e3o esteja sob o controlo da TR\u0410VEL MUNDO &#8211; FZCO. Na medida em que n\u00e3o seja proibido por lei, em nenhuma circunst\u00e2ncia a TR\u0410VEL MUNDO &#8211; FZCO ser\u00e1 respons\u00e1vel perante ti ou quaisquer terceiros por qualquer perda ou dano (incluindo, sem limita\u00e7\u00e3o, danos por perda de neg\u00f3cios ou perda de lucros) decorrentes direta ou indiretamente do uso ou incapacidade de usar este site ou qualquer material nele contido. Os pedidos preenchidos atrav\u00e9s do nosso servi\u00e7o est\u00e3o dispon\u00edveis gratuitamente como formul\u00e1rios em branco em alguns s\u00edtios Web do Governo dos EUA. Somos um prestador de servi\u00e7os de viagens privado e tecnol\u00f3gico, baseado na Internet, que se dedica a ajudar as pessoas a viajar para os Estados Unidos. Se n\u00e3o pretenderes utilizar os nossos servi\u00e7os, podes candidatar-te diretamente em travel.state.gov ou em uscis.gov. N\u00e3o deves utilizar este s\u00edtio Web para fornecer informa\u00e7\u00f5es confidenciais sobre um assunto jur\u00eddico teu aos agentes de admiss\u00e3o. A utiliza\u00e7\u00e3o deste s\u00edtio Web n\u00e3o faz de ti um cliente de um escrit\u00f3rio de advogados ou mesmo um potencial cliente de um escrit\u00f3rio de advogados. Por conveni\u00eancia, este s\u00edtio Web pode fornecer liga\u00e7\u00f5es a s\u00edtios Web de terceiros. Esses s\u00edtios Web ligados n\u00e3o est\u00e3o sob o nosso controlo e n\u00e3o assumimos qualquer responsabilidade pela exatid\u00e3o dos conte\u00fados desses s\u00edtios Web. A tua visita e\/ou utiliza\u00e7\u00e3o deste s\u00edtio Web indica que concordas e compreendes claramente as isen\u00e7\u00f5es de responsabilidade, as condi\u00e7\u00f5es de utiliza\u00e7\u00e3o, a privacidade e as pol\u00edticas de reembolso indicadas neste s\u00edtio.<\/p>\n","protected":false},"author":3,"featured_media":0,"parent":0,"menu_order":0,"comment_status":"closed","ping_status":"closed","template":"","meta":{"footnotes":""},"class_list":["post-28645","page","type-page","status-publish","hentry"],"_links":{"self":[{"href":"https:\/\/usimmigrationassistance.org\/pt-pt\/wp-json\/wp\/v2\/pages\/28645","targetHints":{"allow":["GET"]}}],"collection":[{"href":"https:\/\/usimmigrationassistance.org\/pt-pt\/wp-json\/wp\/v2\/pages"}],"about":[{"href":"https:\/\/usimmigrationassistance.org\/pt-pt\/wp-json\/wp\/v2\/types\/page"}],"author":[{"embeddable":true,"href":"https:\/\/usimmigrationassistance.org\/pt-pt\/wp-json\/wp\/v2\/users\/3"}],"replies":[{"embeddable":true,"href":"https:\/\/usimmigrationassistance.org\/pt-pt\/wp-json\/wp\/v2\/comments?post=28645"}],"version-history":[{"count":9,"href":"https:\/\/usimmigrationassistance.org\/pt-pt\/wp-json\/wp\/v2\/pages\/28645\/revisions"}],"predecessor-version":[{"id":28674,"href":"https:\/\/usimmigrationassistance.org\/pt-pt\/wp-json\/wp\/v2\/pages\/28645\/revisions\/28674"}],"wp:attachment":[{"href":"https:\/\/usimmigrationassistance.org\/pt-pt\/wp-json\/wp\/v2\/media?parent=28645"}],"curies":[{"name":"wp","href":"https:\/\/api.w.org\/{rel}","templated":true}]}}