{"id":30842,"date":"2025-05-01T14:16:51","date_gmt":"2025-05-01T10:16:51","guid":{"rendered":"https:\/\/usimmigrationassistance.org\/jednorazove-vstupne-udaje\/"},"modified":"2025-05-28T18:47:28","modified_gmt":"2025-05-28T14:47:28","slug":"jednorazove-vstupne-udaje","status":"publish","type":"page","link":"https:\/\/usimmigrationassistance.org\/sk\/jednorazove-vstupne-udaje\/","title":{"rendered":"Jednorazov\u00e9 vstupn\u00e9 \u00fadaje"},"content":{"rendered":"<div class=\"error\">Invalid request or insufficient permissions<\/div>\n","protected":false},"excerpt":{"rendered":"","protected":false},"author":3,"featured_media":0,"parent":0,"menu_order":0,"comment_status":"closed","ping_status":"closed","template":"","meta":{"footnotes":""},"class_list":["post-30842","page","type-page","status-publish","hentry"],"_links":{"self":[{"href":"https:\/\/usimmigrationassistance.org\/sk\/wp-json\/wp\/v2\/pages\/30842","targetHints":{"allow":["GET"]}}],"collection":[{"href":"https:\/\/usimmigrationassistance.org\/sk\/wp-json\/wp\/v2\/pages"}],"about":[{"href":"https:\/\/usimmigrationassistance.org\/sk\/wp-json\/wp\/v2\/types\/page"}],"author":[{"embeddable":true,"href":"https:\/\/usimmigrationassistance.org\/sk\/wp-json\/wp\/v2\/users\/3"}],"replies":[{"embeddable":true,"href":"https:\/\/usimmigrationassistance.org\/sk\/wp-json\/wp\/v2\/comments?post=30842"}],"version-history":[{"count":1,"href":"https:\/\/usimmigrationassistance.org\/sk\/wp-json\/wp\/v2\/pages\/30842\/revisions"}],"predecessor-version":[{"id":30843,"href":"https:\/\/usimmigrationassistance.org\/sk\/wp-json\/wp\/v2\/pages\/30842\/revisions\/30843"}],"wp:attachment":[{"href":"https:\/\/usimmigrationassistance.org\/sk\/wp-json\/wp\/v2\/media?parent=30842"}],"curies":[{"name":"wp","href":"https:\/\/api.w.org\/{rel}","templated":true}]}}