{"id":30848,"date":"2025-03-18T07:09:49","date_gmt":"2025-03-18T06:09:49","guid":{"rendered":"https:\/\/usimmigrationassistance.org\/pravne-vylucenie-zodpovednosti\/"},"modified":"2025-05-28T18:47:30","modified_gmt":"2025-05-28T14:47:30","slug":"pravne-vylucenie-zodpovednosti","status":"publish","type":"page","link":"https:\/\/usimmigrationassistance.org\/sk\/pravne-vylucenie-zodpovednosti\/","title":{"rendered":"Pr\u00e1vne vyl\u00fa\u010denie zodpovednosti"},"content":{"rendered":"\t\t<div data-elementor-type=\"wp-page\" data-elementor-id=\"30848\" class=\"elementor elementor-30848 elementor-881\" data-elementor-post-type=\"page\">\n\t\t\t\t<div class=\"elementor-element elementor-element-38977736 e-flex e-con-boxed wpr-particle-no wpr-jarallax-no wpr-parallax-no wpr-sticky-section-no e-con e-parent\" data-id=\"38977736\" data-element_type=\"container\">\n\t\t\t\t\t<div class=\"e-con-inner\">\n\t\t<div class=\"elementor-element elementor-element-95d71bf e-con-full e-flex wpr-particle-no wpr-jarallax-no wpr-parallax-no wpr-sticky-section-no e-con e-child\" data-id=\"95d71bf\" data-element_type=\"container\">\n\t\t\t\t<div class=\"elementor-element elementor-element-06e6898 elementor-widget elementor-widget-heading\" data-id=\"06e6898\" data-element_type=\"widget\" data-widget_type=\"heading.default\">\n\t\t\t\t<div class=\"elementor-widget-container\">\n\t\t\t\t\t<h2 class=\"elementor-heading-title elementor-size-default\">Pr\u00e1vne vyl\u00fa\u010denie zodpovednosti<\/h2>\t\t\t\t<\/div>\n\t\t\t\t<\/div>\n\t\t\t\t<\/div>\n\t\t<div class=\"elementor-element elementor-element-30dafa5 e-con-full e-flex wpr-particle-no wpr-jarallax-no wpr-parallax-no wpr-sticky-section-no e-con e-child\" data-id=\"30dafa5\" data-element_type=\"container\" data-settings=\"{&quot;background_background&quot;:&quot;classic&quot;}\">\n\t\t\t\t<div class=\"elementor-element elementor-element-20545007 elementor-widget elementor-widget-text-editor\" data-id=\"20545007\" data-element_type=\"widget\" data-widget_type=\"text-editor.default\">\n\t\t\t\t<div class=\"elementor-widget-container\">\n\t\t\t\t\t\t\t\t\t<p><\/p>\n<p>Ani TRAVEL MUNDO &#8211; FZCO, ani <a href=\"https:\/\/usimmigrationassistance.org\/sk\/\" target=\"_blank\" rel=\"noopener\">usimmigrationassistance.org<\/a> nie s\u00fa prepojen\u00e9 s Ministerstvom zahrani\u010dn\u00fdch vec\u00ed Spojen\u00fdch \u0161t\u00e1tov (US DOS), Ministerstvom vn\u00fatornej bezpe\u010dnosti Spojen\u00fdch \u0161t\u00e1tov (US DHS), \u00daradom pre ob\u010dianstvo a imigr\u00e1ciu Spojen\u00fdch \u0161t\u00e1tov (USCIS) ani so \u017eiadnou inou vl\u00e1dnou agent\u00farou Spojen\u00fdch \u0161t\u00e1tov.<br> Nie sme advok\u00e1tska kancel\u00e1ria, neposkytujeme pr\u00e1vne poradenstvo a nenahr\u00e1dzame advok\u00e1ta.<br> Sme s\u00fakromn\u00e1 internetov\u00e1 spolo\u010dnos\u0165 poskytuj\u00faca poradenstvo v oblasti cestovania a imigr\u00e1cie, ktor\u00e1 sa venuje pomoci jednotlivcom s cestovan\u00edm do Spojen\u00fdch \u0161t\u00e1tov.  <\/p>\n<p><\/p>\n<p><\/p>\n<p>Ani TRAVEL MUNDO &#8211; FZCO, ani <a href=\"https:\/\/usimmigrationassistance.org\/sk\/\" target=\"_blank\" rel=\"noopener\">usimmigrationassistance.org<\/a> , ani jej zamestnanci netvrdia, \u017ee maj\u00fa ak\u00e9ko\u013evek \u0161peci\u00e1lne znalosti imigra\u010dn\u00e9ho pr\u00e1va alebo postupov. Uveden\u00e9 ceny za pomoc s pr\u00edpravou \u017eiadost\u00ed NEZAH\u0154\u0147AJ\u00da \u017eiadne poplatky za vl\u00e1dnu \u017eiados\u0165, lek\u00e1rske vy\u0161etrenie, podanie \u017eiadosti ani poplatky za biometrick\u00e9 \u00fadaje. Vl\u00e1dne poplatky s\u00fa nevratn\u00e9. Poplatky za pr\u00e1vnika s\u00fa nevratn\u00e9.   <\/p>\n<p><\/p>\n<p><\/p>\n<p>V\u00edzov\u00e1 politika Spojen\u00fdch \u0161t\u00e1tov sa zaober\u00e1 po\u017eiadavkami, ktor\u00e9 mus\u00ed splni\u0165 cudz\u00ed \u0161t\u00e1tny pr\u00edslu\u0161n\u00edk, ktor\u00fd chce vst\u00fapi\u0165 do Spojen\u00fdch \u0161t\u00e1tov, aby z\u00edskal v\u00edzum, \u010do je povolenie na cestovanie, vstup a\/alebo pobyt v Spojen\u00fdch \u0161t\u00e1toch. N\u00e1v\u0161tevn\u00edci Spojen\u00fdch \u0161t\u00e1tov musia z\u00edska\u0165 v\u00edzum od jednej z diplomatick\u00fdch misi\u00ed Spojen\u00fdch \u0161t\u00e1tov, pokia\u013e nepoch\u00e1dzaj\u00fa z jednej z kraj\u00edn osloboden\u00fdch od v\u00edz alebo kraj\u00edn programu bezv\u00edzov\u00e9ho styku. Rovnak\u00e9 pravidl\u00e1 platia pre Portoriko a Americk\u00e9 Panensk\u00e9 ostrovy, zatia\u013e \u010do in\u00e9 pravidl\u00e1 platia pre zvy\u0161ok \u00fazem\u00ed USA, a to Guam, Severn\u00e9 Mari\u00e1ny a Americk\u00fa Samou.  <\/p>\n<p><\/p>\n<p><\/p>\n<p>V\u0161etky inform\u00e1cie, ktor\u00e9 poskytnete vy alebo vo va\u0161om mene ur\u010den\u00e1 tretia strana, musia by\u0165 pravdiv\u00e9 a spr\u00e1vne. Americk\u00e9 v\u00edzum m\u00f4\u017ee by\u0165 kedyko\u013evek a z ak\u00e9hoko\u013evek d\u00f4vodu zru\u0161en\u00e9, napr\u00edklad z d\u00f4vodu nov\u00fdch inform\u00e1ci\u00ed ovplyv\u0148uj\u00facich opr\u00e1vnenos\u0165. Ak vedome a \u00famyselne uvediete podstatne nepravdiv\u00e9, fikt\u00edvne alebo podvodn\u00e9 vyhl\u00e1senie alebo tvrdenie v \u017eiadosti o v\u00edzum, ktor\u00fa ste podali vy alebo vo va\u0161om mene, m\u00f4\u017eete by\u0165 vystaven\u00ed administrat\u00edvnym alebo trestn\u00fdm sankci\u00e1m.  <\/p>\n<p><\/p>\n<p><\/p>\n<p>Pred zak\u00fapen\u00edm slu\u017eby na na\u0161ej webovej str\u00e1nke si, pros\u00edm, pre\u010d\u00edtajte Z\u00e1sady vr\u00e1tenia tovaru.<\/p>\n<p><\/p>\n<p><\/p>\n<p>T\u00e1to webov\u00e1 str\u00e1nka obsahuje v\u0161eobecn\u00e9 inform\u00e1cie o imigra\u010dn\u00fdch ot\u00e1zkach a v\u00fdvoji. Tak\u00e9to materi\u00e1ly sl\u00fa\u017eia len na informa\u010dn\u00e9 \u00fa\u010dely a nemusia odr\u00e1\u017ea\u0165 najaktu\u00e1lnej\u0161\u00ed v\u00fdvoj. Tieto informa\u010dn\u00e9 materi\u00e1ly nie s\u00fa ur\u010den\u00e9 a nemali by sa pova\u017eova\u0165 za pr\u00e1vne poradenstvo k \u017eiadnemu s\u00faboru skuto\u010dnost\u00ed alebo okolnost\u00ed. V pr\u00edpade potreby poradenstva v konkr\u00e9tnych pr\u00e1vnych probl\u00e9moch by ste sa mali obr\u00e1ti\u0165 na pr\u00e1vnika.   <\/p>\n<p><\/p>\n<p><\/p>\n<p>Hoci sa sna\u017e\u00edme udr\u017eiava\u0165 inform\u00e1cie na str\u00e1nke aktu\u00e1lne a spr\u00e1vne, spolo\u010dnos\u0165 TRAVEL MUNDO &#8211; FZCO neposkytuje \u017eiadne vyhl\u00e1senia ani z\u00e1ruky ak\u00e9hoko\u013evek druhu, v\u00fdslovn\u00e9 ani implicitn\u00e9, t\u00fdkaj\u00face sa \u00faplnosti, presnosti, spo\u013eahlivosti, vhodnosti alebo dostupnosti webovej str\u00e1nky alebo inform\u00e1ci\u00ed, produktov, slu\u017eieb alebo s\u00favisiacej grafiky obsiahnutej na webovej str\u00e1nke na ak\u00fdko\u013evek \u00fa\u010del. Ak\u00e9ko\u013evek spoliehanie sa na tak\u00fdto materi\u00e1l je preto v\u00fdlu\u010dne na va\u0161e vlastn\u00e9 riziko. <\/p>\n<p><\/p>\n<p><\/p>\n<p>Spolo\u010dnos\u0165 TRAVEL MUNDO &#8211; FZCO nezodpoved\u00e1 za \u017eiadne nepravdiv\u00e9, nepresn\u00e9, nevhodn\u00e9 alebo ne\u00fapln\u00e9 inform\u00e1cie uveden\u00e9 na webovej str\u00e1nke.<\/p>\n<p><\/p>\n<p><\/p>\n<p>Hoci sa vynaklad\u00e1 maxim\u00e1lne \u00fasilie na udr\u017eanie bezprobl\u00e9movej prev\u00e1dzky webovej str\u00e1nky, vzh\u013eadom na povahu internetu a pou\u017eitej technol\u00f3gie spolo\u010dnos\u0165 TRAVEL MUNDO &#8211; FZCO nepreber\u00e1 \u017eiadnu zodpovednos\u0165 a nebude zodpovedn\u00e1 za do\u010dasn\u00fa nedostupnos\u0165 webovej str\u00e1nky z d\u00f4vodu technick\u00fdch probl\u00e9mov (alebo in\u00fdch probl\u00e9mov) mimo jej kontroly, ani za \u017eiadne straty alebo \u0161kody vzniknut\u00e9 v d\u00f4sledku pou\u017e\u00edvania alebo pr\u00edstupu k tejto webovej str\u00e1nke, alebo nemo\u017enosti pou\u017e\u00edva\u0165 alebo pristupova\u0165 k nej.<\/p>\n<p><\/p>\n<p><\/p>\n<p>Niektor\u00e9 odkazy na tejto webovej str\u00e1nke ved\u00fa na webov\u00e9 str\u00e1nky, ktor\u00e9 nie s\u00fa pod kontrolou spolo\u010dnosti TRAVEL MUNDO &#8211; FZCO. Po ich aktiv\u00e1cii opust\u00edte webov\u00fa str\u00e1nku TRAVEL MUNDO &#8211; FZCO. Spolo\u010dnos\u0165 TRAVEL MUNDO &#8211; FZCO nem\u00e1 \u017eiadnu kontrolu nad materi\u00e1lmi, produktmi alebo slu\u017ebami dostupn\u00fdmi na akejko\u013evek webovej str\u00e1nke, ktor\u00e1 nie je pod kontrolou spolo\u010dnosti TRAVEL MUNDO &#8211; FZCO, a nepreber\u00e1 \u017eiadnu zodpovednos\u0165 za ne.  <\/p>\n<p><\/p>\n<p><\/p>\n<p>V rozsahu, v akom to z\u00e1kon nezakazuje, spolo\u010dnos\u0165 TRAVEL MUNDO &#8211; FZCO za \u017eiadnych okolnost\u00ed nenesie vo\u010di v\u00e1m ani \u017eiadnym tret\u00edm stran\u00e1m zodpovednos\u0165 za \u017eiadne straty alebo \u0161kody (vr\u00e1tane, okrem in\u00e9ho, \u200b\u200b\u0161k\u00f4d sp\u00f4soben\u00fdch stratou obchodu alebo stratou zisku) vypl\u00fdvaj\u00face priamo alebo nepriamo z v\u00e1\u0161ho pou\u017e\u00edvania alebo neschopnosti pou\u017e\u00edva\u0165 t\u00fato str\u00e1nku alebo ak\u00fdko\u013evek materi\u00e1l na nej obsiahnut\u00fd.<\/p>\n<p><\/p>\n<p><\/p>\n<p>\u017diadosti vyplnen\u00e9 pomocou na\u0161ej slu\u017eby s\u00fa k dispoz\u00edcii ako pr\u00e1zdne formul\u00e1re zadarmo na niektor\u00fdch webov\u00fdch str\u00e1nkach vl\u00e1dy USA. Sme s\u00fakromn\u00fd poskytovate\u013e cestovn\u00fdch slu\u017eieb zalo\u017een\u00fdch na technol\u00f3gi\u00e1ch a internete, ktor\u00fd sa venuje pomoci jednotlivcom s cestovan\u00edm do Spojen\u00fdch \u0161t\u00e1tov. Ak si ne\u017eel\u00e1te vyu\u017e\u00edva\u0165 na\u0161e slu\u017eby, m\u00f4\u017eete po\u017eiada\u0165 priamo na <a href=\"https:\/\/travel.state.gov\/\" target=\"_blank\" rel=\"noreferrer noopener\">str\u00e1nke travel.state.gov<\/a> alebo na <a href=\"https:\/\/uscis.gov\/\" target=\"_blank\" rel=\"noreferrer noopener\">str\u00e1nke uscis.gov<\/a> .  <\/p>\n<p><\/p>\n<p><\/p>\n<p>T\u00fato webov\u00fa str\u00e1nku by ste nemali pou\u017e\u00edva\u0165 na poskytovanie d\u00f4vern\u00fdch inform\u00e1ci\u00ed o va\u0161ej pr\u00e1vnej z\u00e1le\u017eitosti z\u00e1stupcom pre prij\u00edmanie \u017eiadost\u00ed. Pou\u017e\u00edvan\u00edm tejto webovej str\u00e1nky sa nest\u00e1vate klientom pr\u00e1vnickej firmy ani potenci\u00e1lnym klientom pr\u00e1vnickej firmy. <\/p>\n<p><\/p>\n<p><\/p>\n<p>Pre va\u0161e pohodlie m\u00f4\u017ee t\u00e1to webov\u00e1 str\u00e1nka obsahova\u0165 odkazy na webov\u00e9 str\u00e1nky tret\u00edch str\u00e1n. Tak\u00e9to prepojen\u00e9 webov\u00e9 str\u00e1nky nie s\u00fa pod na\u0161ou kontrolou a nepreber\u00e1me \u017eiadnu zodpovednos\u0165 za presnos\u0165 obsahu tak\u00fdchto webov\u00fdch str\u00e1nok. <\/p>\n<p><\/p>\n<p><\/p>\n<p>Va\u0161a n\u00e1v\u0161teva a\/alebo pou\u017e\u00edvanie tejto webovej str\u00e1nky znamen\u00e1, \u017ee s\u00fahlas\u00edte s vyhl\u00e1seniami o vyl\u00fa\u010den\u00ed zodpovednosti, <a href=\"https:\/\/usimmigrationassistance.org\/terms_of_use\/\" target=\"_blank\" rel=\"noreferrer noopener\">Podmienkami pou\u017e\u00edvania<\/a> , <a href=\"https:\/\/usimmigrationassistance.org\/privacy_policy\/\" target=\"_blank\" rel=\"noreferrer noopener\">Ochrana osobn\u00fdch \u00fadajov<\/a> a Z\u00e1sadami <a href=\"https:\/\/usimmigrationassistance.org\/refund_policy\/\" target=\"_blank\" rel=\"noreferrer noopener\">vr\u00e1tenia pe\u0148az\u00ed<\/a> uveden\u00fdmi na tejto str\u00e1nke a jasne im rozumiete.<\/p>\n<p><\/p>\t\t\t\t\t\t\t\t<\/div>\n\t\t\t\t<\/div>\n\t\t\t\t<\/div>\n\t\t\t\t\t<\/div>\n\t\t\t\t<\/div>\n\t\t\t\t<\/div>\n\t\t","protected":false},"excerpt":{"rendered":"<p>Pr\u00e1vne vyl\u00fa\u010denie zodpovednosti Ani TRAVEL MUNDO &#8211; FZCO, ani usimmigrationassistance.org nie s\u00fa prepojen\u00e9 s Ministerstvom zahrani\u010dn\u00fdch vec\u00ed Spojen\u00fdch \u0161t\u00e1tov (US DOS), Ministerstvom vn\u00fatornej bezpe\u010dnosti Spojen\u00fdch \u0161t\u00e1tov (US DHS), \u00daradom pre ob\u010dianstvo a imigr\u00e1ciu Spojen\u00fdch \u0161t\u00e1tov (USCIS) ani so \u017eiadnou inou vl\u00e1dnou agent\u00farou Spojen\u00fdch \u0161t\u00e1tov. Nie sme advok\u00e1tska kancel\u00e1ria, neposkytujeme pr\u00e1vne poradenstvo a nenahr\u00e1dzame advok\u00e1ta. Sme s\u00fakromn\u00e1 internetov\u00e1 spolo\u010dnos\u0165 poskytuj\u00faca poradenstvo v oblasti cestovania a imigr\u00e1cie, ktor\u00e1 sa venuje pomoci jednotlivcom s cestovan\u00edm do Spojen\u00fdch \u0161t\u00e1tov. Ani TRAVEL MUNDO &#8211; FZCO, ani usimmigrationassistance.org , ani jej zamestnanci netvrdia, \u017ee maj\u00fa ak\u00e9ko\u013evek \u0161peci\u00e1lne znalosti imigra\u010dn\u00e9ho pr\u00e1va alebo postupov. Uveden\u00e9 ceny za pomoc s pr\u00edpravou \u017eiadost\u00ed NEZAH\u0154\u0147AJ\u00da \u017eiadne poplatky za vl\u00e1dnu \u017eiados\u0165, lek\u00e1rske vy\u0161etrenie, podanie \u017eiadosti ani poplatky za biometrick\u00e9 \u00fadaje. Vl\u00e1dne poplatky s\u00fa nevratn\u00e9. Poplatky za pr\u00e1vnika s\u00fa nevratn\u00e9. V\u00edzov\u00e1 politika Spojen\u00fdch \u0161t\u00e1tov sa zaober\u00e1 po\u017eiadavkami, ktor\u00e9 mus\u00ed splni\u0165 cudz\u00ed \u0161t\u00e1tny pr\u00edslu\u0161n\u00edk, ktor\u00fd chce vst\u00fapi\u0165 do Spojen\u00fdch \u0161t\u00e1tov, aby z\u00edskal v\u00edzum, \u010do je povolenie na cestovanie, vstup a\/alebo pobyt v Spojen\u00fdch \u0161t\u00e1toch. N\u00e1v\u0161tevn\u00edci Spojen\u00fdch \u0161t\u00e1tov musia z\u00edska\u0165 v\u00edzum od jednej z diplomatick\u00fdch misi\u00ed Spojen\u00fdch \u0161t\u00e1tov, pokia\u013e nepoch\u00e1dzaj\u00fa z jednej z kraj\u00edn osloboden\u00fdch od v\u00edz alebo kraj\u00edn programu bezv\u00edzov\u00e9ho styku. Rovnak\u00e9 pravidl\u00e1 platia pre Portoriko a Americk\u00e9 Panensk\u00e9 ostrovy, zatia\u013e \u010do in\u00e9 pravidl\u00e1 platia pre zvy\u0161ok \u00fazem\u00ed USA, a to Guam, Severn\u00e9 Mari\u00e1ny a Americk\u00fa Samou. V\u0161etky inform\u00e1cie, ktor\u00e9 poskytnete vy alebo vo va\u0161om mene ur\u010den\u00e1 tretia strana, musia by\u0165 pravdiv\u00e9 a spr\u00e1vne. Americk\u00e9 v\u00edzum m\u00f4\u017ee by\u0165 kedyko\u013evek a z ak\u00e9hoko\u013evek d\u00f4vodu zru\u0161en\u00e9, napr\u00edklad z d\u00f4vodu nov\u00fdch inform\u00e1ci\u00ed ovplyv\u0148uj\u00facich opr\u00e1vnenos\u0165. Ak vedome a \u00famyselne uvediete podstatne nepravdiv\u00e9, fikt\u00edvne alebo podvodn\u00e9 vyhl\u00e1senie alebo tvrdenie v \u017eiadosti o v\u00edzum, ktor\u00fa ste podali vy alebo vo va\u0161om mene, m\u00f4\u017eete by\u0165 vystaven\u00ed administrat\u00edvnym alebo trestn\u00fdm sankci\u00e1m. Pred zak\u00fapen\u00edm slu\u017eby na na\u0161ej webovej str\u00e1nke si, pros\u00edm, pre\u010d\u00edtajte Z\u00e1sady vr\u00e1tenia tovaru. T\u00e1to webov\u00e1 str\u00e1nka obsahuje v\u0161eobecn\u00e9 inform\u00e1cie o imigra\u010dn\u00fdch ot\u00e1zkach a v\u00fdvoji. Tak\u00e9to materi\u00e1ly sl\u00fa\u017eia len na informa\u010dn\u00e9 \u00fa\u010dely a nemusia odr\u00e1\u017ea\u0165 najaktu\u00e1lnej\u0161\u00ed v\u00fdvoj. Tieto informa\u010dn\u00e9 materi\u00e1ly nie s\u00fa ur\u010den\u00e9 a nemali by sa pova\u017eova\u0165 za pr\u00e1vne poradenstvo k \u017eiadnemu s\u00faboru skuto\u010dnost\u00ed alebo okolnost\u00ed. V pr\u00edpade potreby poradenstva v konkr\u00e9tnych pr\u00e1vnych probl\u00e9moch by ste sa mali obr\u00e1ti\u0165 na pr\u00e1vnika. Hoci sa sna\u017e\u00edme udr\u017eiava\u0165 inform\u00e1cie na str\u00e1nke aktu\u00e1lne a spr\u00e1vne, spolo\u010dnos\u0165 TRAVEL MUNDO &#8211; FZCO neposkytuje \u017eiadne vyhl\u00e1senia ani z\u00e1ruky ak\u00e9hoko\u013evek druhu, v\u00fdslovn\u00e9 ani implicitn\u00e9, t\u00fdkaj\u00face sa \u00faplnosti, presnosti, spo\u013eahlivosti, vhodnosti alebo dostupnosti webovej str\u00e1nky alebo inform\u00e1ci\u00ed, produktov, slu\u017eieb alebo s\u00favisiacej grafiky obsiahnutej na webovej str\u00e1nke na ak\u00fdko\u013evek \u00fa\u010del. Ak\u00e9ko\u013evek spoliehanie sa na tak\u00fdto materi\u00e1l je preto v\u00fdlu\u010dne na va\u0161e vlastn\u00e9 riziko. Spolo\u010dnos\u0165 TRAVEL MUNDO &#8211; FZCO nezodpoved\u00e1 za \u017eiadne nepravdiv\u00e9, nepresn\u00e9, nevhodn\u00e9 alebo ne\u00fapln\u00e9 inform\u00e1cie uveden\u00e9 na webovej str\u00e1nke. Hoci sa vynaklad\u00e1 maxim\u00e1lne \u00fasilie na udr\u017eanie bezprobl\u00e9movej prev\u00e1dzky webovej str\u00e1nky, vzh\u013eadom na povahu internetu a pou\u017eitej technol\u00f3gie spolo\u010dnos\u0165 TRAVEL MUNDO &#8211; FZCO nepreber\u00e1 \u017eiadnu zodpovednos\u0165 a nebude zodpovedn\u00e1 za do\u010dasn\u00fa nedostupnos\u0165 webovej str\u00e1nky z d\u00f4vodu technick\u00fdch probl\u00e9mov (alebo in\u00fdch probl\u00e9mov) mimo jej kontroly, ani za \u017eiadne straty alebo \u0161kody vzniknut\u00e9 v d\u00f4sledku pou\u017e\u00edvania alebo pr\u00edstupu k tejto webovej str\u00e1nke, alebo nemo\u017enosti pou\u017e\u00edva\u0165 alebo pristupova\u0165 k nej. Niektor\u00e9 odkazy na tejto webovej str\u00e1nke ved\u00fa na webov\u00e9 str\u00e1nky, ktor\u00e9 nie s\u00fa pod kontrolou spolo\u010dnosti TRAVEL MUNDO &#8211; FZCO. Po ich aktiv\u00e1cii opust\u00edte webov\u00fa str\u00e1nku TRAVEL MUNDO &#8211; FZCO. Spolo\u010dnos\u0165 TRAVEL MUNDO &#8211; FZCO nem\u00e1 \u017eiadnu kontrolu nad materi\u00e1lmi, produktmi alebo slu\u017ebami dostupn\u00fdmi na akejko\u013evek webovej str\u00e1nke, ktor\u00e1 nie je pod kontrolou spolo\u010dnosti TRAVEL MUNDO &#8211; FZCO, a nepreber\u00e1 \u017eiadnu zodpovednos\u0165 za ne. V rozsahu, v akom to z\u00e1kon nezakazuje, spolo\u010dnos\u0165 TRAVEL MUNDO &#8211; FZCO za \u017eiadnych okolnost\u00ed nenesie vo\u010di v\u00e1m ani \u017eiadnym tret\u00edm stran\u00e1m zodpovednos\u0165 za \u017eiadne straty alebo \u0161kody (vr\u00e1tane, okrem in\u00e9ho, \u200b\u200b\u0161k\u00f4d sp\u00f4soben\u00fdch stratou obchodu alebo stratou zisku) vypl\u00fdvaj\u00face priamo alebo nepriamo z v\u00e1\u0161ho pou\u017e\u00edvania alebo neschopnosti pou\u017e\u00edva\u0165 t\u00fato str\u00e1nku alebo ak\u00fdko\u013evek materi\u00e1l na nej obsiahnut\u00fd. \u017diadosti vyplnen\u00e9 pomocou na\u0161ej slu\u017eby s\u00fa k dispoz\u00edcii ako pr\u00e1zdne formul\u00e1re zadarmo na niektor\u00fdch webov\u00fdch str\u00e1nkach vl\u00e1dy USA. Sme s\u00fakromn\u00fd poskytovate\u013e cestovn\u00fdch slu\u017eieb zalo\u017een\u00fdch na technol\u00f3gi\u00e1ch a internete, ktor\u00fd sa venuje pomoci jednotlivcom s cestovan\u00edm do Spojen\u00fdch \u0161t\u00e1tov. Ak si ne\u017eel\u00e1te vyu\u017e\u00edva\u0165 na\u0161e slu\u017eby, m\u00f4\u017eete po\u017eiada\u0165 priamo na str\u00e1nke travel.state.gov alebo na str\u00e1nke uscis.gov . T\u00fato webov\u00fa str\u00e1nku by ste nemali pou\u017e\u00edva\u0165 na poskytovanie d\u00f4vern\u00fdch inform\u00e1ci\u00ed o va\u0161ej pr\u00e1vnej z\u00e1le\u017eitosti z\u00e1stupcom pre prij\u00edmanie \u017eiadost\u00ed. Pou\u017e\u00edvan\u00edm tejto webovej str\u00e1nky sa nest\u00e1vate klientom pr\u00e1vnickej firmy ani potenci\u00e1lnym klientom pr\u00e1vnickej firmy. Pre va\u0161e pohodlie m\u00f4\u017ee t\u00e1to webov\u00e1 str\u00e1nka obsahova\u0165 odkazy na webov\u00e9 str\u00e1nky tret\u00edch str\u00e1n. Tak\u00e9to prepojen\u00e9 webov\u00e9 str\u00e1nky nie s\u00fa pod na\u0161ou kontrolou a nepreber\u00e1me \u017eiadnu zodpovednos\u0165 za presnos\u0165 obsahu tak\u00fdchto webov\u00fdch str\u00e1nok. Va\u0161a n\u00e1v\u0161teva a\/alebo pou\u017e\u00edvanie tejto webovej str\u00e1nky znamen\u00e1, \u017ee s\u00fahlas\u00edte s vyhl\u00e1seniami o vyl\u00fa\u010den\u00ed zodpovednosti, Podmienkami pou\u017e\u00edvania , Ochrana osobn\u00fdch \u00fadajov a Z\u00e1sadami vr\u00e1tenia pe\u0148az\u00ed uveden\u00fdmi na tejto str\u00e1nke a jasne im rozumiete.<\/p>\n","protected":false},"author":3,"featured_media":0,"parent":0,"menu_order":0,"comment_status":"closed","ping_status":"closed","template":"","meta":{"footnotes":""},"class_list":["post-30848","page","type-page","status-publish","hentry"],"_links":{"self":[{"href":"https:\/\/usimmigrationassistance.org\/sk\/wp-json\/wp\/v2\/pages\/30848","targetHints":{"allow":["GET"]}}],"collection":[{"href":"https:\/\/usimmigrationassistance.org\/sk\/wp-json\/wp\/v2\/pages"}],"about":[{"href":"https:\/\/usimmigrationassistance.org\/sk\/wp-json\/wp\/v2\/types\/page"}],"author":[{"embeddable":true,"href":"https:\/\/usimmigrationassistance.org\/sk\/wp-json\/wp\/v2\/users\/3"}],"replies":[{"embeddable":true,"href":"https:\/\/usimmigrationassistance.org\/sk\/wp-json\/wp\/v2\/comments?post=30848"}],"version-history":[{"count":5,"href":"https:\/\/usimmigrationassistance.org\/sk\/wp-json\/wp\/v2\/pages\/30848\/revisions"}],"predecessor-version":[{"id":30857,"href":"https:\/\/usimmigrationassistance.org\/sk\/wp-json\/wp\/v2\/pages\/30848\/revisions\/30857"}],"wp:attachment":[{"href":"https:\/\/usimmigrationassistance.org\/sk\/wp-json\/wp\/v2\/media?parent=30848"}],"curies":[{"name":"wp","href":"https:\/\/api.w.org\/{rel}","templated":true}]}}