{"id":30849,"date":"2025-03-08T23:32:23","date_gmt":"2025-03-08T19:32:23","guid":{"rendered":"https:\/\/usimmigrationassistance.org\/moj-ucet\/"},"modified":"2025-05-28T18:47:29","modified_gmt":"2025-05-28T14:47:29","slug":"moj-ucet","status":"publish","type":"page","link":"https:\/\/usimmigrationassistance.org\/sk\/moj-ucet\/","title":{"rendered":"M\u00f4j \u00fa\u010det"},"content":{"rendered":"<div class=\"woocommerce\"><\/div>\n","protected":false},"excerpt":{"rendered":"","protected":false},"author":1,"featured_media":0,"parent":0,"menu_order":0,"comment_status":"closed","ping_status":"closed","template":"","meta":{"footnotes":""},"class_list":["post-30849","page","type-page","status-publish","hentry"],"_links":{"self":[{"href":"https:\/\/usimmigrationassistance.org\/sk\/wp-json\/wp\/v2\/pages\/30849","targetHints":{"allow":["GET"]}}],"collection":[{"href":"https:\/\/usimmigrationassistance.org\/sk\/wp-json\/wp\/v2\/pages"}],"about":[{"href":"https:\/\/usimmigrationassistance.org\/sk\/wp-json\/wp\/v2\/types\/page"}],"author":[{"embeddable":true,"href":"https:\/\/usimmigrationassistance.org\/sk\/wp-json\/wp\/v2\/users\/1"}],"replies":[{"embeddable":true,"href":"https:\/\/usimmigrationassistance.org\/sk\/wp-json\/wp\/v2\/comments?post=30849"}],"version-history":[{"count":1,"href":"https:\/\/usimmigrationassistance.org\/sk\/wp-json\/wp\/v2\/pages\/30849\/revisions"}],"predecessor-version":[{"id":30850,"href":"https:\/\/usimmigrationassistance.org\/sk\/wp-json\/wp\/v2\/pages\/30849\/revisions\/30850"}],"wp:attachment":[{"href":"https:\/\/usimmigrationassistance.org\/sk\/wp-json\/wp\/v2\/media?parent=30849"}],"curies":[{"name":"wp","href":"https:\/\/api.w.org\/{rel}","templated":true}]}}