{"id":30880,"date":"2025-03-29T06:03:06","date_gmt":"2025-03-29T05:03:06","guid":{"rendered":"https:\/\/usimmigrationassistance.org\/dakovna-stranka-2-cast\/"},"modified":"2025-07-24T08:07:04","modified_gmt":"2025-07-24T07:07:04","slug":"dakovna-stranka-2-cast","status":"publish","type":"page","link":"https:\/\/usimmigrationassistance.org\/sk\/dakovna-stranka-2-cast\/","title":{"rendered":"\u010eakovn\u00e1 str\u00e1nka, 2. \u010das\u0165"},"content":{"rendered":"\t\t<div data-elementor-type=\"wp-page\" data-elementor-id=\"30880\" class=\"elementor elementor-30880 elementor-1783\" data-elementor-post-type=\"page\">\n\t\t\t\t<div class=\"elementor-element elementor-element-4e62ca3 e-con-full e-flex wpr-particle-no wpr-jarallax-no wpr-parallax-no wpr-sticky-section-no e-con e-parent\" data-id=\"4e62ca3\" data-element_type=\"container\">\n\t\t<div class=\"elementor-element elementor-element-62f9774 e-con-full e-flex wpr-particle-no wpr-jarallax-no wpr-parallax-no wpr-sticky-section-no e-con e-child\" data-id=\"62f9774\" data-element_type=\"container\">\n\t\t\t\t<div class=\"elementor-element elementor-element-36b3503 elementor-widget elementor-widget-heading\" data-id=\"36b3503\" data-element_type=\"widget\" data-widget_type=\"heading.default\">\n\t\t\t\t<div class=\"elementor-widget-container\">\n\t\t\t\t\t<h1 class=\"elementor-heading-title elementor-size-default\">\u017diados\u0165 o v\u00edzum bola \u00faspe\u0161ne odoslan\u00e1<\/h1>\t\t\t\t<\/div>\n\t\t\t\t<\/div>\n\t\t\t\t<div class=\"elementor-element elementor-element-191115b elementor-view-default elementor-widget elementor-widget-icon\" data-id=\"191115b\" data-element_type=\"widget\" data-widget_type=\"icon.default\">\n\t\t\t\t<div class=\"elementor-widget-container\">\n\t\t\t\t\t\t\t<div class=\"elementor-icon-wrapper\">\n\t\t\t<div class=\"elementor-icon\">\n\t\t\t<i aria-hidden=\"true\" class=\"jki jki-checked1-light\"><\/i>\t\t\t<\/div>\n\t\t<\/div>\n\t\t\t\t\t\t<\/div>\n\t\t\t\t<\/div>\n\t\t\t\t<\/div>\n\t\t\t\t<\/div>\n\t\t<div class=\"elementor-element elementor-element-77ae01b e-flex e-con-boxed wpr-particle-no wpr-jarallax-no wpr-parallax-no wpr-sticky-section-no e-con e-parent\" data-id=\"77ae01b\" data-element_type=\"container\">\n\t\t\t\t\t<div class=\"e-con-inner\">\n\t\t<div class=\"elementor-element elementor-element-e5e5024 e-con-full e-flex wpr-particle-no wpr-jarallax-no wpr-parallax-no wpr-sticky-section-no e-con e-child\" data-id=\"e5e5024\" data-element_type=\"container\" id=\"thank-you-custom-container\">\n\t\t<div class=\"elementor-element elementor-element-b076385 e-con-full e-flex wpr-particle-no wpr-jarallax-no wpr-parallax-no wpr-sticky-section-no e-con e-child\" data-id=\"b076385\" data-element_type=\"container\">\n\t\t\t\t<div class=\"elementor-element elementor-element-4ad27ed elementor-widget elementor-widget-heading\" data-id=\"4ad27ed\" data-element_type=\"widget\" data-widget_type=\"heading.default\">\n\t\t\t\t<div class=\"elementor-widget-container\">\n\t\t\t\t\t<h3 class=\"elementor-heading-title elementor-size-default\">Va\u0161a \u017eiados\u0165 o v\u00edzum bola \u00faspe\u0161ne odoslan\u00e1.\n<\/h3>\t\t\t\t<\/div>\n\t\t\t\t<\/div>\n\t\t\t\t<div class=\"elementor-element elementor-element-4a9e589 elementor-widget elementor-widget-text-editor\" data-id=\"4a9e589\" data-element_type=\"widget\" data-widget_type=\"text-editor.default\">\n\t\t\t\t<div class=\"elementor-widget-container\">\n\t\t\t\t\t\t\t\t\t<p>Na uveden\u00fa e-mailov\u00fa adresu bol odoslan\u00fd e-mailov\u00fd doklad s podrobnos\u0165ami o va\u0161ej \u017eiadosti. Uschovajte si ho pre vlastn\u00fa potrebu. V pr\u00edpade, \u017ee sa n\u00e1\u0161 e-mail s dokladom o k\u00fape dostal do <b><u>prie\u010dinka so spamom<\/u><\/b> , ozna\u010dte ho ako \u201eNie je to spam\u201c.  <\/p>\t\t\t\t\t\t\t\t<\/div>\n\t\t\t\t<\/div>\n\t\t\t\t<\/div>\n\t\t<div class=\"elementor-element elementor-element-b0f1bd8 e-con-full e-flex wpr-particle-no wpr-jarallax-no wpr-parallax-no wpr-sticky-section-no e-con e-child\" data-id=\"b0f1bd8\" data-element_type=\"container\" data-settings=\"{&quot;background_background&quot;:&quot;classic&quot;}\">\n\t\t\t\t<div class=\"elementor-element elementor-element-da3e5ad elementor-widget elementor-widget-heading\" data-id=\"da3e5ad\" data-element_type=\"widget\" data-widget_type=\"heading.default\">\n\t\t\t\t<div class=\"elementor-widget-container\">\n\t\t\t\t\t<h3 class=\"elementor-heading-title elementor-size-default\">Ak potrebujete po\u017eiada\u0165 o miesto in\u00e9ho uch\u00e1dza\u010da, kliknite na tla\u010didlo.<\/h3>\t\t\t\t<\/div>\n\t\t\t\t<\/div>\n\t\t\t\t<div class=\"elementor-element elementor-element-ab78f18 elementor-widget elementor-widget-button\" data-id=\"ab78f18\" data-element_type=\"widget\" data-widget_type=\"button.default\">\n\t\t\t\t<div class=\"elementor-widget-container\">\n\t\t\t\t\t\t\t\t\t<div class=\"elementor-button-wrapper\">\n\t\t\t\t\t<a class=\"elementor-button elementor-button-link elementor-size-sm\" href=\"https:\/\/usimmigrationassistance.org\/sk\/pouzit\/\">\n\t\t\t\t\t\t<span class=\"elementor-button-content-wrapper\">\n\t\t\t\t\t\t\t\t\t<span class=\"elementor-button-text\">Prida\u0165 \u010fal\u0161iu aplik\u00e1ciu<\/span>\n\t\t\t\t\t<\/span>\n\t\t\t\t\t<\/a>\n\t\t\t\t<\/div>\n\t\t\t\t\t\t\t\t<\/div>\n\t\t\t\t<\/div>\n\t\t\t\t<\/div>\n\t\t<div class=\"elementor-element elementor-element-ad99abe e-con-full e-flex wpr-particle-no wpr-jarallax-no wpr-parallax-no wpr-sticky-section-no e-con e-child\" data-id=\"ad99abe\" data-element_type=\"container\">\n\t\t\t\t<div class=\"elementor-element elementor-element-2b78b2e elementor-widget elementor-widget-heading\" data-id=\"2b78b2e\" data-element_type=\"widget\" data-widget_type=\"heading.default\">\n\t\t\t\t<div class=\"elementor-widget-container\">\n\t\t\t\t\t<h3 class=\"elementor-heading-title elementor-size-default\">Stav va\u0161ej \u017eiadosti o v\u00edzum: <u><b>KROK 2\/2 UKON\u010cEN\u00dd<\/b><\/u><\/h3>\t\t\t\t<\/div>\n\t\t\t\t<\/div>\n\t\t\t\t<div class=\"elementor-element elementor-element-832a0e6 elementor-widget elementor-widget-text-editor\" data-id=\"832a0e6\" data-element_type=\"widget\" data-widget_type=\"text-editor.default\">\n\t\t\t\t<div class=\"elementor-widget-container\">\n\t\t\t\t\t\t\t\t\tTeraz sme pripraven\u00ed plne spracova\u0165 va\u0161u \u017eiados\u0165 o v\u00edzum, ke\u010f\u017ee sme zhroma\u017edili v\u0161etky potrebn\u00e9 inform\u00e1cie pod\u013ea po\u017eiadaviek Ministerstva zahrani\u010dn\u00fdch vec\u00ed USA. N\u00e1\u0161 t\u00edm d\u00f4kladne presk\u00fama predlo\u017een\u00e9 \u00fadaje, aby zabezpe\u010dil s\u00falad so v\u0161etk\u00fdmi predpismi s cie\u013eom ur\u00fdchli\u0165 spracovanie va\u0161ej \u017eiadosti. \u010eakujeme za v\u010dasn\u00e9 poskytnutie v\u0161etk\u00fdch po\u017eadovan\u00fdch dokumentov, ktor\u00e9 n\u00e1m umo\u017e\u0148uje efekt\u00edvne postupova\u0165.  \t\t\t\t\t\t\t\t<\/div>\n\t\t\t\t<\/div>\n\t\t\t\t<div class=\"elementor-element elementor-element-73e1626 elementor-widget elementor-widget-text-editor\" data-id=\"73e1626\" data-element_type=\"widget\" data-widget_type=\"text-editor.default\">\n\t\t\t\t<div class=\"elementor-widget-container\">\n\t\t\t\t\t\t\t\t\tUpozornenie: O stave va\u0161ej \u017eiadosti o stretnutie na ve\u013evyslanectve\/konzul\u00e1te v\u00e1s budeme \u010do najsk\u00f4r informova\u0165 e-mailom.\t\t\t\t\t\t\t\t<\/div>\n\t\t\t\t<\/div>\n\t\t\t\t<\/div>\n\t\t<div class=\"elementor-element elementor-element-b44da06 e-con-full e-grid wpr-particle-no wpr-jarallax-no wpr-parallax-no wpr-sticky-section-no e-con e-child\" data-id=\"b44da06\" data-element_type=\"container\">\n\t\t\t\t<div class=\"elementor-element elementor-element-5dd55ba elementor-view-default elementor-position-top elementor-mobile-position-top elementor-widget elementor-widget-icon-box\" data-id=\"5dd55ba\" data-element_type=\"widget\" data-widget_type=\"icon-box.default\">\n\t\t\t\t<div class=\"elementor-widget-container\">\n\t\t\t\t\t\t\t<div class=\"elementor-icon-box-wrapper\">\n\n\t\t\t\t\t\t<div class=\"elementor-icon-box-icon\">\n\t\t\t\t<span  class=\"elementor-icon\">\n\t\t\t\t<i aria-hidden=\"true\" class=\"jki jki-edit1-light\"><\/i>\t\t\t\t<\/span>\n\t\t\t<\/div>\n\t\t\t\n\t\t\t\t\t\t<div class=\"elementor-icon-box-content\">\n\n\t\t\t\t\t\t\t\t\t<h3 class=\"elementor-icon-box-title\">\n\t\t\t\t\t\t<span  >\n\t\t\t\t\t\t\t1. Krok 1\/2 dokon\u010den\u00fd\t\t\t\t\t\t<\/span>\n\t\t\t\t\t<\/h3>\n\t\t\t\t\n\t\t\t\t\t\t\t\t\t<p class=\"elementor-icon-box-description\">\n\t\t\t\t\t\t\u00daspe\u0161ne sme prijali va\u0161u prv\u00fa \u017eiados\u0165 o v\u00edzum. Mali by ste dosta\u0165 e-mail so v\u0161etk\u00fdmi potrebn\u00fdmi pokynmi na pokra\u010dovanie v 2. kroku. \t\t\t\t\t<\/p>\n\t\t\t\t\n\t\t\t<\/div>\n\t\t\t\n\t\t<\/div>\n\t\t\t\t\t\t<\/div>\n\t\t\t\t<\/div>\n\t\t\t\t<div class=\"elementor-element elementor-element-3b5c08b elementor-view-default elementor-position-top elementor-mobile-position-top elementor-widget elementor-widget-icon-box\" data-id=\"3b5c08b\" data-element_type=\"widget\" data-widget_type=\"icon-box.default\">\n\t\t\t\t<div class=\"elementor-widget-container\">\n\t\t\t\t\t\t\t<div class=\"elementor-icon-box-wrapper\">\n\n\t\t\t\t\t\t<div class=\"elementor-icon-box-icon\">\n\t\t\t\t<span  class=\"elementor-icon\">\n\t\t\t\t<i aria-hidden=\"true\" class=\"jki jki-edit1-light\"><\/i>\t\t\t\t<\/span>\n\t\t\t<\/div>\n\t\t\t\n\t\t\t\t\t\t<div class=\"elementor-icon-box-content\">\n\n\t\t\t\t\t\t\t\t\t<h3 class=\"elementor-icon-box-title\">\n\t\t\t\t\t\t<span  >\n\t\t\t\t\t\t\t2. Krok 2\/2 dokon\u010den\u00fd\t\t\t\t\t\t<\/span>\n\t\t\t\t\t<\/h3>\n\t\t\t\t\n\t\t\t\t\t\t\t\t\t<p class=\"elementor-icon-box-description\">\n\t\t\t\t\t\tDokon\u010dili ste 2. a z\u00e1rove\u0148 posledn\u00fd krok procesu pod\u00e1vania \u017eiadosti. Tento krok zah\u0155\u0148al poskytnutie podrobn\u00fdch inform\u00e1ci\u00ed. \t\t\t\t\t<\/p>\n\t\t\t\t\n\t\t\t<\/div>\n\t\t\t\n\t\t<\/div>\n\t\t\t\t\t\t<\/div>\n\t\t\t\t<\/div>\n\t\t\t\t<div class=\"elementor-element elementor-element-af63b9d elementor-view-default elementor-position-top elementor-mobile-position-top elementor-widget elementor-widget-icon-box\" data-id=\"af63b9d\" data-element_type=\"widget\" data-widget_type=\"icon-box.default\">\n\t\t\t\t<div class=\"elementor-widget-container\">\n\t\t\t\t\t\t\t<div class=\"elementor-icon-box-wrapper\">\n\n\t\t\t\t\t\t<div class=\"elementor-icon-box-icon\">\n\t\t\t\t<span  class=\"elementor-icon\">\n\t\t\t\t<i aria-hidden=\"true\" class=\"jki jki-page_search-light\"><\/i>\t\t\t\t<\/span>\n\t\t\t<\/div>\n\t\t\t\n\t\t\t\t\t\t<div class=\"elementor-icon-box-content\">\n\n\t\t\t\t\t\t\t\t\t<h3 class=\"elementor-icon-box-title\">\n\t\t\t\t\t\t<span  >\n\t\t\t\t\t\t\t3. V \u0161t\u00e1diu presk\u00famania\t\t\t\t\t\t<\/span>\n\t\t\t\t\t<\/h3>\n\t\t\t\t\n\t\t\t\t\t\t\t\t\t<p class=\"elementor-icon-box-description\">\n\t\t\t\t\t\tV\u00e1\u0161 ur\u010den\u00fd z\u00e1stupca v s\u00fa\u010dasnosti kontroluje va\u0161u \u017eiados\u0165, aby sa uistil, \u017ee poskytnut\u00e9 \u00fadaje s\u00fa \u00fapln\u00e9 a presn\u00e9, predt\u00fdm ako ju predlo\u017e\u00ed Ministerstvu zahrani\u010dn\u00fdch vec\u00ed USA.\t\t\t\t\t<\/p>\n\t\t\t\t\n\t\t\t<\/div>\n\t\t\t\n\t\t<\/div>\n\t\t\t\t\t\t<\/div>\n\t\t\t\t<\/div>\n\t\t\t\t<div class=\"elementor-element elementor-element-c6063c0 elementor-view-default elementor-position-top elementor-mobile-position-top elementor-widget elementor-widget-icon-box\" data-id=\"c6063c0\" data-element_type=\"widget\" data-widget_type=\"icon-box.default\">\n\t\t\t\t<div class=\"elementor-widget-container\">\n\t\t\t\t\t\t\t<div class=\"elementor-icon-box-wrapper\">\n\n\t\t\t\t\t\t<div class=\"elementor-icon-box-icon\">\n\t\t\t\t<span  class=\"elementor-icon\">\n\t\t\t\t<i aria-hidden=\"true\" class=\"jki jki-chevron-right-circle-light\"><\/i>\t\t\t\t<\/span>\n\t\t\t<\/div>\n\t\t\t\n\t\t\t\t\t\t<div class=\"elementor-icon-box-content\">\n\n\t\t\t\t\t\t\t\t\t<h3 class=\"elementor-icon-box-title\">\n\t\t\t\t\t\t<span  >\n\t\t\t\t\t\t\t4. \u010cakanie na schv\u00e1lenie\t\t\t\t\t\t<\/span>\n\t\t\t\t\t<\/h3>\n\t\t\t\t\n\t\t\t\t\t\t\t\t\t<p class=\"elementor-icon-box-description\">\n\t\t\t\t\t\tVa\u0161a \u017eiados\u0165 bola\n predlo\u017een\u00fd Ministerstvu zahrani\u010dn\u00fdch vec\u00ed USA a v s\u00fa\u010dasnosti \u010dak\u00e1 na schv\u00e1lenie.\t\t\t\t\t<\/p>\n\t\t\t\t\n\t\t\t<\/div>\n\t\t\t\n\t\t<\/div>\n\t\t\t\t\t\t<\/div>\n\t\t\t\t<\/div>\n\t\t\t\t<div class=\"elementor-element elementor-element-5e15cb9 elementor-view-default elementor-position-top elementor-mobile-position-top elementor-widget elementor-widget-icon-box\" data-id=\"5e15cb9\" data-element_type=\"widget\" data-widget_type=\"icon-box.default\">\n\t\t\t\t<div class=\"elementor-widget-container\">\n\t\t\t\t\t\t\t<div class=\"elementor-icon-box-wrapper\">\n\n\t\t\t\t\t\t<div class=\"elementor-icon-box-icon\">\n\t\t\t\t<span  class=\"elementor-icon\">\n\t\t\t\t<svg aria-hidden=\"true\" class=\"e-font-icon-svg e-far-file-alt\" viewBox=\"0 0 384 512\" xmlns=\"http:\/\/www.w3.org\/2000\/svg\"><path d=\"M288 248v28c0 6.6-5.4 12-12 12H108c-6.6 0-12-5.4-12-12v-28c0-6.6 5.4-12 12-12h168c6.6 0 12 5.4 12 12zm-12 72H108c-6.6 0-12 5.4-12 12v28c0 6.6 5.4 12 12 12h168c6.6 0 12-5.4 12-12v-28c0-6.6-5.4-12-12-12zm108-188.1V464c0 26.5-21.5 48-48 48H48c-26.5 0-48-21.5-48-48V48C0 21.5 21.5 0 48 0h204.1C264.8 0 277 5.1 286 14.1L369.9 98c9 8.9 14.1 21.2 14.1 33.9zm-128-80V128h76.1L256 51.9zM336 464V176H232c-13.3 0-24-10.7-24-24V48H48v416h288z\"><\/path><\/svg>\t\t\t\t<\/span>\n\t\t\t<\/div>\n\t\t\t\n\t\t\t\t\t\t<div class=\"elementor-icon-box-content\">\n\n\t\t\t\t\t\t\t\t\t<h3 class=\"elementor-icon-box-title\">\n\t\t\t\t\t\t<span  >\n\t\t\t\t\t\t\t5. V\u00fdsledok aplik\u00e1cie\t\t\t\t\t\t<\/span>\n\t\t\t\t\t<\/h3>\n\t\t\t\t\n\t\t\t\t\t\t\t\t\t<p class=\"elementor-icon-box-description\">\n\t\t\t\t\t\tVa\u0161a \u017eiados\u0165 bola\n presk\u00faman\u00e9 Ministerstvom zahrani\u010dn\u00fdch vec\u00ed USA. Skontrolujte si svoju doru\u010den\u00fa po\u0161tu, po schv\u00e1len\u00ed alebo v pr\u00edpade potreby \u010fal\u0161\u00edch inform\u00e1ci\u00ed budete informovan\u00ed e-mailom. \t\t\t\t\t<\/p>\n\t\t\t\t\n\t\t\t<\/div>\n\t\t\t\n\t\t<\/div>\n\t\t\t\t\t\t<\/div>\n\t\t\t\t<\/div>\n\t\t\t\t<\/div>\n\t\t<div class=\"elementor-element elementor-element-962b3c7 e-con-full e-flex wpr-particle-no wpr-jarallax-no wpr-parallax-no wpr-sticky-section-no e-con e-child\" data-id=\"962b3c7\" data-element_type=\"container\" data-settings=\"{&quot;background_background&quot;:&quot;classic&quot;}\">\n\t\t\t\t<div class=\"elementor-element elementor-element-0bdf324 elementor-widget elementor-widget-heading\" data-id=\"0bdf324\" data-element_type=\"widget\" data-widget_type=\"heading.default\">\n\t\t\t\t<div class=\"elementor-widget-container\">\n\t\t\t\t\t<h3 class=\"elementor-heading-title elementor-size-default\">Ak potrebujete po\u017eiada\u0165 o miesto in\u00e9ho uch\u00e1dza\u010da, kliknite na tla\u010didlo.<\/h3>\t\t\t\t<\/div>\n\t\t\t\t<\/div>\n\t\t\t\t<div class=\"elementor-element elementor-element-692be83 elementor-widget elementor-widget-button\" data-id=\"692be83\" data-element_type=\"widget\" data-widget_type=\"button.default\">\n\t\t\t\t<div class=\"elementor-widget-container\">\n\t\t\t\t\t\t\t\t\t<div class=\"elementor-button-wrapper\">\n\t\t\t\t\t<a class=\"elementor-button elementor-button-link elementor-size-sm\" href=\"https:\/\/usimmigrationassistance.org\/sk\/pouzit\/\">\n\t\t\t\t\t\t<span class=\"elementor-button-content-wrapper\">\n\t\t\t\t\t\t\t\t\t<span class=\"elementor-button-text\">Prida\u0165 \u010fal\u0161iu aplik\u00e1ciu<\/span>\n\t\t\t\t\t<\/span>\n\t\t\t\t\t<\/a>\n\t\t\t\t<\/div>\n\t\t\t\t\t\t\t\t<\/div>\n\t\t\t\t<\/div>\n\t\t\t\t<\/div>\n\t\t<div class=\"elementor-element elementor-element-d8e3793 e-con-full e-flex wpr-particle-no wpr-jarallax-no wpr-parallax-no wpr-sticky-section-no e-con e-child\" data-id=\"d8e3793\" data-element_type=\"container\">\n\t\t\t\t<div class=\"elementor-element elementor-element-a7060ef elementor-widget elementor-widget-text-editor\" data-id=\"a7060ef\" data-element_type=\"widget\" data-widget_type=\"text-editor.default\">\n\t\t\t\t<div class=\"elementor-widget-container\">\n\t\t\t\t\t\t\t\t\tVa\u0161a karta bola autorizovan\u00e1 na platbu. Potvrdenie o platbe bolo odoslan\u00e9 na v\u00e1\u0161 e-mail a ni\u017e\u0161ie s\u00fa uveden\u00e9 v\u0161etky podrobnosti fakt\u00fary. \t\t\t\t\t\t\t\t<\/div>\n\t\t\t\t<\/div>\n\t\t\t\t<div class=\"elementor-element elementor-element-2c8c0d1 elementor-widget elementor-widget-text-editor\" data-id=\"2c8c0d1\" data-element_type=\"widget\" data-widget_type=\"text-editor.default\">\n\t\t\t\t<div class=\"elementor-widget-container\">\n\t\t\t\t\t\t\t\t\tSkontrolujte si e-mail, \u010di ste neobdr\u017eali potvrdenie o k\u00fape. Ak potvrdenie o k\u00fape nevid\u00edte v doru\u010denej po\u0161te, skontrolujte prie\u010dinky s nevy\u017eiadanou po\u0161tou a pridajte \u201eUS Immigration Assistance\u201c na bielu listinu. Podrobnej\u0161ie inform\u00e1cie o tom, ako prida\u0165 na\u0161u e-mailov\u00fa adresu na bielu listinu, n\u00e1jdete na internete.  \t\t\t\t\t\t\t\t<\/div>\n\t\t\t\t<\/div>\n\t\t\t\t<\/div>\n\t\t<div class=\"elementor-element elementor-element-fafd01c e-con-full e-flex wpr-particle-no wpr-jarallax-no wpr-parallax-no wpr-sticky-section-no e-con e-child\" data-id=\"fafd01c\" data-element_type=\"container\" data-settings=\"{&quot;background_background&quot;:&quot;classic&quot;}\">\n\t\t\t\t<div class=\"elementor-element elementor-element-08767ad elementor-widget elementor-widget-text-editor\" data-id=\"08767ad\" data-element_type=\"widget\" data-widget_type=\"text-editor.default\">\n\t\t\t\t<div class=\"elementor-widget-container\">\n\t\t\t\t\t\t\t\t\tFakt\u00fara\t\t\t\t\t\t\t\t<\/div>\n\t\t\t\t<\/div>\n\t\t\t\t<\/div>\n\t\t<div class=\"elementor-element elementor-element-a2b3de8 e-con-full e-flex wpr-particle-no wpr-jarallax-no wpr-parallax-no wpr-sticky-section-no e-con e-child\" data-id=\"a2b3de8\" data-element_type=\"container\">\n\t\t\t\t<div class=\"elementor-element elementor-element-56372a9 elementor-widget elementor-widget-text-editor\" data-id=\"56372a9\" data-element_type=\"widget\" data-widget_type=\"text-editor.default\">\n\t\t\t\t<div class=\"elementor-widget-container\">\n\t\t\t\t\t\t\t\t\tSp\u00f4sob platby: Kreditn\u00e1 karta\t\t\t\t\t\t\t\t<\/div>\n\t\t\t\t<\/div>\n\t\t\t\t<div class=\"elementor-element elementor-element-d8eaf26 elementor-widget elementor-widget-text-editor\" data-id=\"d8eaf26\" data-element_type=\"widget\" data-widget_type=\"text-editor.default\">\n\t\t\t\t<div class=\"elementor-widget-container\">\n\t\t\t\t\t\t\t\t\tDodanie na: Elektronick\u00e9 doru\u010denie\t\t\t\t\t\t\t\t<\/div>\n\t\t\t\t<\/div>\n\t\t\t\t<\/div>\n\t\t<div class=\"elementor-element elementor-element-1960c80 e-con-full e-flex wpr-particle-no wpr-jarallax-no wpr-parallax-no wpr-sticky-section-no e-con e-child\" data-id=\"1960c80\" data-element_type=\"container\" data-settings=\"{&quot;background_background&quot;:&quot;classic&quot;}\">\n\t\t\t\t<div class=\"elementor-element elementor-element-ba25977 elementor-widget elementor-widget-text-editor\" data-id=\"ba25977\" data-element_type=\"widget\" data-widget_type=\"text-editor.default\">\n\t\t\t\t<div class=\"elementor-widget-container\">\n\t\t\t\t\t\t\t\t\tPolo\u017eka\t\t\t\t\t\t\t\t<\/div>\n\t\t\t\t<\/div>\n\t\t\t\t<\/div>\n\t\t<div class=\"elementor-element elementor-element-ae7951a e-con-full e-flex wpr-particle-no wpr-jarallax-no wpr-parallax-no wpr-sticky-section-no e-con e-child\" data-id=\"ae7951a\" data-element_type=\"container\">\n\t\t\t\t<div class=\"elementor-element elementor-element-12f9fd7 elementor-widget elementor-widget-text-editor\" data-id=\"12f9fd7\" data-element_type=\"widget\" data-widget_type=\"text-editor.default\">\n\t\t\t\t<div class=\"elementor-widget-container\">\n\t\t\t\t\t\t\t\t\t\u017diados\u0165 o v\u00edzum do USA\t\t\t\t\t\t\t\t<\/div>\n\t\t\t\t<\/div>\n\t\t\t\t<\/div>\n\t\t<div class=\"elementor-element elementor-element-e15ab14 e-con-full e-flex wpr-particle-no wpr-jarallax-no wpr-parallax-no wpr-sticky-section-no e-con e-child\" data-id=\"e15ab14\" data-element_type=\"container\">\n\t\t\t\t<div class=\"elementor-element elementor-element-8f7fd7c elementor-widget elementor-widget-text-editor\" data-id=\"8f7fd7c\" data-element_type=\"widget\" data-widget_type=\"text-editor.default\">\n\t\t\t\t<div class=\"elementor-widget-container\">\n\t\t\t\t\t\t\t\t\tUpozornenie:<br> Tento poplatok sa na v\u00fdpise z va\u0161ej kreditnej karty zobraz\u00ed ako \u201eUS Immigration Assistance\u201c alebo \u201eusimmigrationassistance.org\u201c.\t\t\t\t\t\t\t\t<\/div>\n\t\t\t\t<\/div>\n\t\t\t\t<\/div>\n\t\t<div class=\"elementor-element elementor-element-a13c92a e-con-full e-flex wpr-particle-no wpr-jarallax-no wpr-parallax-no wpr-sticky-section-no e-con e-child\" data-id=\"a13c92a\" data-element_type=\"container\">\n\t\t\t\t<div class=\"elementor-element elementor-element-c7db7c3 elementor-widget elementor-widget-text-editor\" data-id=\"c7db7c3\" data-element_type=\"widget\" data-widget_type=\"text-editor.default\">\n\t\t\t\t<div class=\"elementor-widget-container\">\n\t\t\t\t\t\t\t\t\t\u00daspe\u0161ne ste odoslali platbu. \u017diados\u0165 dr\u017eite\u013ea karty o vr\u00e1tenie poplatkov banke alebo PayPalu bude ma\u0165 za n\u00e1sledok automatick\u00e9 <b>zamietnutie \u017eiadosti<\/b> . \t\t\t\t\t\t\t\t<\/div>\n\t\t\t\t<\/div>\n\t\t\t\t<\/div>\n\t\t\t\t<\/div>\n\t\t\t\t\t<\/div>\n\t\t\t\t<\/div>\n\t\t\t\t<\/div>\n\t\t","protected":false},"excerpt":{"rendered":"<p>\u017diados\u0165 o v\u00edzum bola \u00faspe\u0161ne odoslan\u00e1 Va\u0161a \u017eiados\u0165 o v\u00edzum bola \u00faspe\u0161ne odoslan\u00e1. Na uveden\u00fa e-mailov\u00fa adresu bol odoslan\u00fd e-mailov\u00fd doklad s podrobnos\u0165ami o va\u0161ej \u017eiadosti. Uschovajte si ho pre vlastn\u00fa potrebu. V pr\u00edpade, \u017ee sa n\u00e1\u0161 e-mail s dokladom o k\u00fape dostal do prie\u010dinka so spamom , ozna\u010dte ho ako \u201eNie je to spam\u201c. Ak potrebujete po\u017eiada\u0165 o miesto in\u00e9ho uch\u00e1dza\u010da, kliknite na tla\u010didlo. Prida\u0165 \u010fal\u0161iu aplik\u00e1ciu Stav va\u0161ej \u017eiadosti o v\u00edzum: KROK 2\/2 UKON\u010cEN\u00dd Teraz sme pripraven\u00ed plne spracova\u0165 va\u0161u \u017eiados\u0165 o v\u00edzum, ke\u010f\u017ee sme zhroma\u017edili v\u0161etky potrebn\u00e9 inform\u00e1cie pod\u013ea po\u017eiadaviek Ministerstva zahrani\u010dn\u00fdch vec\u00ed USA. N\u00e1\u0161 t\u00edm d\u00f4kladne presk\u00fama predlo\u017een\u00e9 \u00fadaje, aby zabezpe\u010dil s\u00falad so v\u0161etk\u00fdmi predpismi s cie\u013eom ur\u00fdchli\u0165 spracovanie va\u0161ej \u017eiadosti. \u010eakujeme za v\u010dasn\u00e9 poskytnutie v\u0161etk\u00fdch po\u017eadovan\u00fdch dokumentov, ktor\u00e9 n\u00e1m umo\u017e\u0148uje efekt\u00edvne postupova\u0165. Upozornenie: O stave va\u0161ej \u017eiadosti o stretnutie na ve\u013evyslanectve\/konzul\u00e1te v\u00e1s budeme \u010do najsk\u00f4r informova\u0165 e-mailom. 1. Krok 1\/2 dokon\u010den\u00fd \u00daspe\u0161ne sme prijali va\u0161u prv\u00fa \u017eiados\u0165 o v\u00edzum. Mali by ste dosta\u0165 e-mail so v\u0161etk\u00fdmi potrebn\u00fdmi pokynmi na pokra\u010dovanie v 2. kroku. 2. Krok 2\/2 dokon\u010den\u00fd Dokon\u010dili ste 2. a z\u00e1rove\u0148 posledn\u00fd krok procesu pod\u00e1vania \u017eiadosti. Tento krok zah\u0155\u0148al poskytnutie podrobn\u00fdch inform\u00e1ci\u00ed. 3. V \u0161t\u00e1diu presk\u00famania V\u00e1\u0161 ur\u010den\u00fd z\u00e1stupca v s\u00fa\u010dasnosti kontroluje va\u0161u \u017eiados\u0165, aby sa uistil, \u017ee poskytnut\u00e9 \u00fadaje s\u00fa \u00fapln\u00e9 a presn\u00e9, predt\u00fdm ako ju predlo\u017e\u00ed Ministerstvu zahrani\u010dn\u00fdch vec\u00ed USA. 4. \u010cakanie na schv\u00e1lenie Va\u0161a \u017eiados\u0165 bola predlo\u017een\u00fd Ministerstvu zahrani\u010dn\u00fdch vec\u00ed USA a v s\u00fa\u010dasnosti \u010dak\u00e1 na schv\u00e1lenie. 5. V\u00fdsledok aplik\u00e1cie Va\u0161a \u017eiados\u0165 bola presk\u00faman\u00e9 Ministerstvom zahrani\u010dn\u00fdch vec\u00ed USA. Skontrolujte si svoju doru\u010den\u00fa po\u0161tu, po schv\u00e1len\u00ed alebo v pr\u00edpade potreby \u010fal\u0161\u00edch inform\u00e1ci\u00ed budete informovan\u00ed e-mailom. Ak potrebujete po\u017eiada\u0165 o miesto in\u00e9ho uch\u00e1dza\u010da, kliknite na tla\u010didlo. Prida\u0165 \u010fal\u0161iu aplik\u00e1ciu Va\u0161a karta bola autorizovan\u00e1 na platbu. Potvrdenie o platbe bolo odoslan\u00e9 na v\u00e1\u0161 e-mail a ni\u017e\u0161ie s\u00fa uveden\u00e9 v\u0161etky podrobnosti fakt\u00fary. Skontrolujte si e-mail, \u010di ste neobdr\u017eali potvrdenie o k\u00fape. Ak potvrdenie o k\u00fape nevid\u00edte v doru\u010denej po\u0161te, skontrolujte prie\u010dinky s nevy\u017eiadanou po\u0161tou a pridajte \u201eUS Immigration Assistance\u201c na bielu listinu. Podrobnej\u0161ie inform\u00e1cie o tom, ako prida\u0165 na\u0161u e-mailov\u00fa adresu na bielu listinu, n\u00e1jdete na internete. Fakt\u00faraSp\u00f4sob platby: Kreditn\u00e1 kartaDodanie na: Elektronick\u00e9 doru\u010deniePolo\u017eka\u017diados\u0165 o v\u00edzum do USAUpozornenie: Tento poplatok sa na v\u00fdpise z va\u0161ej kreditnej karty zobraz\u00ed ako \u201eUS Immigration Assistance\u201c alebo \u201eusimmigrationassistance.org\u201c.\u00daspe\u0161ne ste odoslali platbu. \u017diados\u0165 dr\u017eite\u013ea karty o vr\u00e1tenie poplatkov banke alebo PayPalu bude ma\u0165 za n\u00e1sledok automatick\u00e9 zamietnutie \u017eiadosti .<\/p>\n","protected":false},"author":3,"featured_media":0,"parent":0,"menu_order":0,"comment_status":"closed","ping_status":"closed","template":"","meta":{"footnotes":""},"class_list":["post-30880","page","type-page","status-publish","hentry"],"_links":{"self":[{"href":"https:\/\/usimmigrationassistance.org\/sk\/wp-json\/wp\/v2\/pages\/30880","targetHints":{"allow":["GET"]}}],"collection":[{"href":"https:\/\/usimmigrationassistance.org\/sk\/wp-json\/wp\/v2\/pages"}],"about":[{"href":"https:\/\/usimmigrationassistance.org\/sk\/wp-json\/wp\/v2\/types\/page"}],"author":[{"embeddable":true,"href":"https:\/\/usimmigrationassistance.org\/sk\/wp-json\/wp\/v2\/users\/3"}],"replies":[{"embeddable":true,"href":"https:\/\/usimmigrationassistance.org\/sk\/wp-json\/wp\/v2\/comments?post=30880"}],"version-history":[{"count":3,"href":"https:\/\/usimmigrationassistance.org\/sk\/wp-json\/wp\/v2\/pages\/30880\/revisions"}],"predecessor-version":[{"id":96203,"href":"https:\/\/usimmigrationassistance.org\/sk\/wp-json\/wp\/v2\/pages\/30880\/revisions\/96203"}],"wp:attachment":[{"href":"https:\/\/usimmigrationassistance.org\/sk\/wp-json\/wp\/v2\/media?parent=30880"}],"curies":[{"name":"wp","href":"https:\/\/api.w.org\/{rel}","templated":true}]}}