{"id":28641,"date":"2025-03-18T07:09:49","date_gmt":"2025-03-18T06:09:49","guid":{"rendered":"https:\/\/usimmigrationassistance.org\/pravna-izjava-o-omejitvi-odgovornosti"},"modified":"2025-05-24T19:11:36","modified_gmt":"2025-05-24T15:11:36","slug":"pravna-izjava-o-omejitvi-odgovornosti","status":"publish","type":"page","link":"https:\/\/usimmigrationassistance.org\/sl\/pravna-izjava-o-omejitvi-odgovornosti\/","title":{"rendered":"Pravna izjava o omejitvi odgovornosti"},"content":{"rendered":"\t\t<div data-elementor-type=\"wp-page\" data-elementor-id=\"28641\" class=\"elementor elementor-28641 elementor-881\" data-elementor-post-type=\"page\">\n\t\t\t\t<div class=\"elementor-element elementor-element-38977736 e-flex e-con-boxed wpr-particle-no wpr-jarallax-no wpr-parallax-no wpr-sticky-section-no e-con e-parent\" data-id=\"38977736\" data-element_type=\"container\">\n\t\t\t\t\t<div class=\"e-con-inner\">\n\t\t<div class=\"elementor-element elementor-element-95d71bf e-con-full e-flex wpr-particle-no wpr-jarallax-no wpr-parallax-no wpr-sticky-section-no e-con e-child\" data-id=\"95d71bf\" data-element_type=\"container\">\n\t\t\t\t<div class=\"elementor-element elementor-element-06e6898 elementor-widget elementor-widget-heading\" data-id=\"06e6898\" data-element_type=\"widget\" data-widget_type=\"heading.default\">\n\t\t\t\t<div class=\"elementor-widget-container\">\n\t\t\t\t\t<h2 class=\"elementor-heading-title elementor-size-default\">Pravna izjava o omejitvi odgovornosti<\/h2>\t\t\t\t<\/div>\n\t\t\t\t<\/div>\n\t\t\t\t<\/div>\n\t\t<div class=\"elementor-element elementor-element-30dafa5 e-con-full e-flex wpr-particle-no wpr-jarallax-no wpr-parallax-no wpr-sticky-section-no e-con e-child\" data-id=\"30dafa5\" data-element_type=\"container\" data-settings=\"{&quot;background_background&quot;:&quot;classic&quot;}\">\n\t\t\t\t<div class=\"elementor-element elementor-element-20545007 elementor-widget elementor-widget-text-editor\" data-id=\"20545007\" data-element_type=\"widget\" data-widget_type=\"text-editor.default\">\n\t\t\t\t<div class=\"elementor-widget-container\">\n\t\t\t\t\t\t\t\t\t<p><\/p>\n<p>Niti TRAVEL MUNDO &#8211; FZCO niti <a href=\"https:\/\/usimmigrationassistance.org\/sl\" target=\"_blank\" rel=\"noopener\">usimmigrationassistance.org<\/a> nista povezana z ameri\u0161kim zunanjim ministrstvom (US DOS), ameri\u0161kim ministrstvom za domovinsko varnost (US DHS), ameri\u0161kim uradom za dr\u017eavljanstvo in priseljevanje (USCIS) ali katero koli drugo vladno agencijo Zdru\u017eenih dr\u017eav.<br> Nismo odvetni\u0161ka pisarna, ne nudimo pravnega svetovanja in nismo nadomestilo za odvetnika.<br> Smo zasebni spletni ponudnik svetovanja na podro\u010dju potovanj in priseljevanja, ki je namenjen pomo\u010di posameznikom pri potovanju v Zdru\u017eene dr\u017eave Amerike.  <\/p>\n<p><\/p>\n<p><\/p>\n<p>Niti TRAVEL MUNDO &#8211; FZCO, niti <a href=\"https:\/\/usimmigrationassistance.org\/sl\" target=\"_blank\" rel=\"noopener\">usimmigrationassistance.org<\/a> niti njihovi zaposleni ne trdijo, da imajo kakr\u0161no koli posebno znanje o imigracijski zakonodaji ali postopkih. Navedene nakupne cene za storitve pomo\u010di pri pripravi vlog NE vklju\u010dujejo nobenih vladnih vlog, stro\u0161kov zdravni\u0161kega pregleda, vlo\u017eitve vloge ali biometri\u010dnih stro\u0161kov. Vladne takse se ne vra\u010dajo. Odvetni\u0161ke takse se ne vra\u010dajo.   <\/p>\n<p><\/p>\n<p><\/p>\n<p>Vizumska politika Zdru\u017eenih dr\u017eav Amerike ureja zahteve, ki jih mora izpolnjevati tuji dr\u017eavljan, ki \u017eeli vstopiti v Zdru\u017eene dr\u017eave Amerike, da bi pridobil vizum, ki je dovoljenje za potovanje v Zdru\u017eene dr\u017eave Amerike, vstop v ZDA in\/ali bivanje v njih. Obiskovalci Zdru\u017eenih dr\u017eav Amerike morajo pridobiti vizum na enem od diplomatskih predstavni\u0161tev Zdru\u017eenih dr\u017eav Amerike, razen \u010de prihajajo iz ene od dr\u017eav, ki so opro\u0161\u010dene vizumov, ali dr\u017eav programa za odpravo vizumov. Enaka pravila veljajo za Portoriko in Ameri\u0161ke Devi\u0161ke otoke, druga\u010dna pa za preostala ameri\u0161ka ozemlja, in sicer Guam, Severne Marianske otoke in Ameri\u0161ko Samoo.  <\/p>\n<p><\/p>\n<p><\/p>\n<p>Vse informacije, ki jih posredujete vi ali v va\u0161em imenu imenovana tretja oseba, morajo biti resni\u010dne in pravilne. Ameri\u0161ki vizum se lahko prekli\u010de kadar koli in iz katerega koli razloga, na primer zaradi novih informacij, ki vplivajo na upravi\u010denost. \u010ce v vlogi za vizum, ki ste jo vlo\u017eili vi ali v va\u0161em imenu, zavestno in namerno podate bistveno la\u017eno, izmi\u0161ljeno ali goljufivo izjavo ali navedbo, se lahko kaznujete z upravnimi ali kazenskimi sankcijami.  <\/p>\n<p><\/p>\n<p><\/p>\n<p>Pred nakupom storitve na na\u0161i spletni strani si oglejte pravilnik o vra\u010dilu denarja.<\/p>\n<p><\/p>\n<p><\/p>\n<p>To spletno mesto vsebuje splo\u0161ne informacije o vpra\u0161anjih in dogajanjih na podro\u010dju priseljevanja. Tak\u0161na gradiva so zgolj informativne narave in morda ne odra\u017eajo najnovej\u0161ega dogajanja. Ta informativna gradiva niso namenjena in se jih ne sme jemati kot pravni nasvet o katerem koli naboru dejstev ali okoli\u0161\u010din. Za nasvet glede specifi\u010dnih pravnih te\u017eav se obrnite na odvetnika.   <\/p>\n<p><\/p>\n<p><\/p>\n<p>\u010ceprav si prizadevamo za a\u017eurnost in pravilnost informacij na spletnem mestu, TRAVEL MUNDO &#8211; FZCO ne daje nobenih zagotovil ali jamstev, izrecnih ali implicitnih, glede popolnosti, to\u010dnosti, zanesljivosti, primernosti ali razpolo\u017eljivosti spletnega mesta ali informacij, izdelkov, storitev ali sorodne grafike, ki so na spletnem mestu, za kakr\u0161en koli namen. Vsako zana\u0161anje na tak\u0161no gradivo je zato izklju\u010dno na lastno odgovornost. <\/p>\n<p><\/p>\n<p><\/p>\n<p>TRAVEL MUNDO &#8211; FZCO ne odgovarja za kakr\u0161ne koli la\u017ene, neto\u010dne, neprimerne ali nepopolne informacije, predstavljene na spletni strani.<\/p>\n<p><\/p>\n<p><\/p>\n<p>\u010ceprav si prizadevamo za nemoteno delovanje spletnega mesta, TRAVEL MUNDO &#8211; FZCO zaradi narave interneta in uporabljene tehnologije ne prevzema nobene odgovornosti in ne bo odgovoren za za\u010dasno nedostopnost spletnega mesta zaradi tehni\u010dnih te\u017eav (ali drugih te\u017eav), na katere nima vpliva, ali za kakr\u0161no koli izgubo ali \u0161kodo, ki bi nastala zaradi uporabe ali dostopa do tega spletnega mesta ali nezmo\u017enosti uporabe ali dostopa do njega.<\/p>\n<p><\/p>\n<p><\/p>\n<p>Dolo\u010dene povezave na tem spletnem mestu vodijo do spletnih mest, ki niso pod nadzorom podjetja TRAVEL MUNDO &#8211; FZCO. Ko jih aktivirate, boste zapustili spletno mesto TRAVEL MUNDO &#8211; FZCO. TRAVEL MUNDO &#8211; FZCO nima nadzora nad materiali, izdelki ali storitvami, ki so na voljo na katerem koli spletnem mestu, ki ni pod nadzorom podjetja TRAVEL MUNDO &#8211; FZCO, in ne prevzema nobene odgovornosti zanje.  <\/p>\n<p><\/p>\n<p><\/p>\n<p>V obsegu, ki ga zakon ne prepoveduje, TRAVEL MUNDO &#8211; FZCO v nobenem primeru ne odgovarja vam ali katerim koli drugim tretjim osebam za kakr\u0161no koli izgubo ali \u0161kodo (vklju\u010dno z, vendar ne omejeno na, \u0161kodo zaradi izgube poslovanja ali izgube dobi\u010dka), ki bi neposredno ali posredno izhajala iz va\u0161e uporabe ali nezmo\u017enosti uporabe tega spletnega mesta ali katerega koli gradiva, ki ga vsebuje.<\/p>\n<p><\/p>\n<p><\/p>\n<p>Vloge, izpolnjene z na\u0161o storitvijo, so na voljo kot brezpla\u010dni prazni obrazci na nekaterih spletnih straneh vlade ZDA. Smo zasebni ponudnik potovalnih storitev, ki temelji na tehnologiji in je namenjen pomo\u010di posameznikom pri potovanju v Zdru\u017eene dr\u017eave Amerike. \u010ce ne \u017eelite uporabljati na\u0161ih storitev, se lahko prijavite neposredno na <a href=\"https:\/\/travel.state.gov\/\" target=\"_blank\" rel=\"noreferrer noopener\">travel.state.gov<\/a> ali <a href=\"https:\/\/uscis.gov\/\" target=\"_blank\" rel=\"noreferrer noopener\">uscis.gov<\/a> .  <\/p>\n<p><\/p>\n<p><\/p>\n<p>Tega spletnega mesta ne smete uporabljati za posredovanje zaupnih informacij o va\u0161i pravni zadevi sprejemnim poobla\u0161\u010dencem. Z uporabo tega spletnega mesta ne postanete stranka odvetni\u0161ke pisarne ali celo potencialna stranka odvetni\u0161ke pisarne. <\/p>\n<p><\/p>\n<p><\/p>\n<p>Zaradi la\u017eje uporabe lahko to spletno mesto ponuja povezave do spletnih mest tretjih oseb. Tak\u0161na povezana spletna mesta niso pod na\u0161im nadzorom in ne prevzemamo nobene odgovornosti za to\u010dnost vsebine teh spletnih mest. <\/p>\n<p><\/p>\n<p><\/p>\n<p>Z obiskom in\/ali uporabo tega spletnega mesta se strinjate z izjavami o omejitvi odgovornosti, <a href=\"https:\/\/usimmigrationassistance.org\/terms_of_use\" target=\"_blank\" rel=\"noreferrer noopener\">pogoji uporabe<\/a> , <a href=\"https:\/\/usimmigrationassistance.org\/privacy_policy\" target=\"_blank\" rel=\"noreferrer noopener\">politiko zasebnosti<\/a> in politiko <a href=\"https:\/\/usimmigrationassistance.org\/refund_policy\" target=\"_blank\" rel=\"noreferrer noopener\">vra\u010dila<\/a> , navedenimi na tem spletnem mestu, ter jih jasno razumete.<\/p>\n<p><\/p>\t\t\t\t\t\t\t\t<\/div>\n\t\t\t\t<\/div>\n\t\t\t\t<\/div>\n\t\t\t\t\t<\/div>\n\t\t\t\t<\/div>\n\t\t\t\t<\/div>\n\t\t","protected":false},"excerpt":{"rendered":"<p>Pravna izjava o omejitvi odgovornosti Niti TRAVEL MUNDO &#8211; FZCO niti usimmigrationassistance.org nista povezana z ameri\u0161kim zunanjim ministrstvom (US DOS), ameri\u0161kim ministrstvom za domovinsko varnost (US DHS), ameri\u0161kim uradom za dr\u017eavljanstvo in priseljevanje (USCIS) ali katero koli drugo vladno agencijo Zdru\u017eenih dr\u017eav. Nismo odvetni\u0161ka pisarna, ne nudimo pravnega svetovanja in nismo nadomestilo za odvetnika. Smo zasebni spletni ponudnik svetovanja na podro\u010dju potovanj in priseljevanja, ki je namenjen pomo\u010di posameznikom pri potovanju v Zdru\u017eene dr\u017eave Amerike. Niti TRAVEL MUNDO &#8211; FZCO, niti usimmigrationassistance.org niti njihovi zaposleni ne trdijo, da imajo kakr\u0161no koli posebno znanje o imigracijski zakonodaji ali postopkih. Navedene nakupne cene za storitve pomo\u010di pri pripravi vlog NE vklju\u010dujejo nobenih vladnih vlog, stro\u0161kov zdravni\u0161kega pregleda, vlo\u017eitve vloge ali biometri\u010dnih stro\u0161kov. Vladne takse se ne vra\u010dajo. Odvetni\u0161ke takse se ne vra\u010dajo. Vizumska politika Zdru\u017eenih dr\u017eav Amerike ureja zahteve, ki jih mora izpolnjevati tuji dr\u017eavljan, ki \u017eeli vstopiti v Zdru\u017eene dr\u017eave Amerike, da bi pridobil vizum, ki je dovoljenje za potovanje v Zdru\u017eene dr\u017eave Amerike, vstop v ZDA in\/ali bivanje v njih. Obiskovalci Zdru\u017eenih dr\u017eav Amerike morajo pridobiti vizum na enem od diplomatskih predstavni\u0161tev Zdru\u017eenih dr\u017eav Amerike, razen \u010de prihajajo iz ene od dr\u017eav, ki so opro\u0161\u010dene vizumov, ali dr\u017eav programa za odpravo vizumov. Enaka pravila veljajo za Portoriko in Ameri\u0161ke Devi\u0161ke otoke, druga\u010dna pa za preostala ameri\u0161ka ozemlja, in sicer Guam, Severne Marianske otoke in Ameri\u0161ko Samoo. Vse informacije, ki jih posredujete vi ali v va\u0161em imenu imenovana tretja oseba, morajo biti resni\u010dne in pravilne. Ameri\u0161ki vizum se lahko prekli\u010de kadar koli in iz katerega koli razloga, na primer zaradi novih informacij, ki vplivajo na upravi\u010denost. \u010ce v vlogi za vizum, ki ste jo vlo\u017eili vi ali v va\u0161em imenu, zavestno in namerno podate bistveno la\u017eno, izmi\u0161ljeno ali goljufivo izjavo ali navedbo, se lahko kaznujete z upravnimi ali kazenskimi sankcijami. Pred nakupom storitve na na\u0161i spletni strani si oglejte pravilnik o vra\u010dilu denarja. To spletno mesto vsebuje splo\u0161ne informacije o vpra\u0161anjih in dogajanjih na podro\u010dju priseljevanja. Tak\u0161na gradiva so zgolj informativne narave in morda ne odra\u017eajo najnovej\u0161ega dogajanja. Ta informativna gradiva niso namenjena in se jih ne sme jemati kot pravni nasvet o katerem koli naboru dejstev ali okoli\u0161\u010din. Za nasvet glede specifi\u010dnih pravnih te\u017eav se obrnite na odvetnika. \u010ceprav si prizadevamo za a\u017eurnost in pravilnost informacij na spletnem mestu, TRAVEL MUNDO &#8211; FZCO ne daje nobenih zagotovil ali jamstev, izrecnih ali implicitnih, glede popolnosti, to\u010dnosti, zanesljivosti, primernosti ali razpolo\u017eljivosti spletnega mesta ali informacij, izdelkov, storitev ali sorodne grafike, ki so na spletnem mestu, za kakr\u0161en koli namen. Vsako zana\u0161anje na tak\u0161no gradivo je zato izklju\u010dno na lastno odgovornost. TRAVEL MUNDO &#8211; FZCO ne odgovarja za kakr\u0161ne koli la\u017ene, neto\u010dne, neprimerne ali nepopolne informacije, predstavljene na spletni strani. \u010ceprav si prizadevamo za nemoteno delovanje spletnega mesta, TRAVEL MUNDO &#8211; FZCO zaradi narave interneta in uporabljene tehnologije ne prevzema nobene odgovornosti in ne bo odgovoren za za\u010dasno nedostopnost spletnega mesta zaradi tehni\u010dnih te\u017eav (ali drugih te\u017eav), na katere nima vpliva, ali za kakr\u0161no koli izgubo ali \u0161kodo, ki bi nastala zaradi uporabe ali dostopa do tega spletnega mesta ali nezmo\u017enosti uporabe ali dostopa do njega. Dolo\u010dene povezave na tem spletnem mestu vodijo do spletnih mest, ki niso pod nadzorom podjetja TRAVEL MUNDO &#8211; FZCO. Ko jih aktivirate, boste zapustili spletno mesto TRAVEL MUNDO &#8211; FZCO. TRAVEL MUNDO &#8211; FZCO nima nadzora nad materiali, izdelki ali storitvami, ki so na voljo na katerem koli spletnem mestu, ki ni pod nadzorom podjetja TRAVEL MUNDO &#8211; FZCO, in ne prevzema nobene odgovornosti zanje. V obsegu, ki ga zakon ne prepoveduje, TRAVEL MUNDO &#8211; FZCO v nobenem primeru ne odgovarja vam ali katerim koli drugim tretjim osebam za kakr\u0161no koli izgubo ali \u0161kodo (vklju\u010dno z, vendar ne omejeno na, \u0161kodo zaradi izgube poslovanja ali izgube dobi\u010dka), ki bi neposredno ali posredno izhajala iz va\u0161e uporabe ali nezmo\u017enosti uporabe tega spletnega mesta ali katerega koli gradiva, ki ga vsebuje. Vloge, izpolnjene z na\u0161o storitvijo, so na voljo kot brezpla\u010dni prazni obrazci na nekaterih spletnih straneh vlade ZDA. Smo zasebni ponudnik potovalnih storitev, ki temelji na tehnologiji in je namenjen pomo\u010di posameznikom pri potovanju v Zdru\u017eene dr\u017eave Amerike. \u010ce ne \u017eelite uporabljati na\u0161ih storitev, se lahko prijavite neposredno na travel.state.gov ali uscis.gov . Tega spletnega mesta ne smete uporabljati za posredovanje zaupnih informacij o va\u0161i pravni zadevi sprejemnim poobla\u0161\u010dencem. Z uporabo tega spletnega mesta ne postanete stranka odvetni\u0161ke pisarne ali celo potencialna stranka odvetni\u0161ke pisarne. Zaradi la\u017eje uporabe lahko to spletno mesto ponuja povezave do spletnih mest tretjih oseb. Tak\u0161na povezana spletna mesta niso pod na\u0161im nadzorom in ne prevzemamo nobene odgovornosti za to\u010dnost vsebine teh spletnih mest. Z obiskom in\/ali uporabo tega spletnega mesta se strinjate z izjavami o omejitvi odgovornosti, pogoji uporabe , politiko zasebnosti in politiko vra\u010dila , navedenimi na tem spletnem mestu, ter jih jasno razumete.<\/p>\n","protected":false},"author":3,"featured_media":0,"parent":0,"menu_order":0,"comment_status":"closed","ping_status":"closed","template":"","meta":{"footnotes":""},"class_list":["post-28641","page","type-page","status-publish","hentry"],"_links":{"self":[{"href":"https:\/\/usimmigrationassistance.org\/sl\/wp-json\/wp\/v2\/pages\/28641","targetHints":{"allow":["GET"]}}],"collection":[{"href":"https:\/\/usimmigrationassistance.org\/sl\/wp-json\/wp\/v2\/pages"}],"about":[{"href":"https:\/\/usimmigrationassistance.org\/sl\/wp-json\/wp\/v2\/types\/page"}],"author":[{"embeddable":true,"href":"https:\/\/usimmigrationassistance.org\/sl\/wp-json\/wp\/v2\/users\/3"}],"replies":[{"embeddable":true,"href":"https:\/\/usimmigrationassistance.org\/sl\/wp-json\/wp\/v2\/comments?post=28641"}],"version-history":[{"count":11,"href":"https:\/\/usimmigrationassistance.org\/sl\/wp-json\/wp\/v2\/pages\/28641\/revisions"}],"predecessor-version":[{"id":28672,"href":"https:\/\/usimmigrationassistance.org\/sl\/wp-json\/wp\/v2\/pages\/28641\/revisions\/28672"}],"wp:attachment":[{"href":"https:\/\/usimmigrationassistance.org\/sl\/wp-json\/wp\/v2\/media?parent=28641"}],"curies":[{"name":"wp","href":"https:\/\/api.w.org\/{rel}","templated":true}]}}