{"id":28695,"date":"2025-03-18T07:13:58","date_gmt":"2025-03-18T06:13:58","guid":{"rendered":"https:\/\/usimmigrationassistance.org\/politika-vracila-denarja"},"modified":"2025-05-28T14:49:48","modified_gmt":"2025-05-28T10:49:48","slug":"politika-vracila-denarja","status":"publish","type":"page","link":"https:\/\/usimmigrationassistance.org\/sl\/politika-vracila-denarja\/","title":{"rendered":"Politika vra\u010dila denarja"},"content":{"rendered":"\t\t<div data-elementor-type=\"wp-page\" data-elementor-id=\"28695\" class=\"elementor elementor-28695 elementor-19\" data-elementor-post-type=\"page\">\n\t\t\t\t<div class=\"elementor-element elementor-element-e040b88 e-flex e-con-boxed wpr-particle-no wpr-jarallax-no wpr-parallax-no wpr-sticky-section-no e-con e-parent\" data-id=\"e040b88\" data-element_type=\"container\">\n\t\t\t\t\t<div class=\"e-con-inner\">\n\t\t<div class=\"elementor-element elementor-element-8b26962 e-con-full e-flex wpr-particle-no wpr-jarallax-no wpr-parallax-no wpr-sticky-section-no e-con e-child\" data-id=\"8b26962\" data-element_type=\"container\">\n\t\t\t\t<div class=\"elementor-element elementor-element-bbdcd9a elementor-widget elementor-widget-heading\" data-id=\"bbdcd9a\" data-element_type=\"widget\" data-widget_type=\"heading.default\">\n\t\t\t\t<div class=\"elementor-widget-container\">\n\t\t\t\t\t<h2 class=\"elementor-heading-title elementor-size-default\">Politika vra\u010dila denarja<\/h2>\t\t\t\t<\/div>\n\t\t\t\t<\/div>\n\t\t\t\t<\/div>\n\t\t<div class=\"elementor-element elementor-element-55b5e2c e-con-full e-flex wpr-particle-no wpr-jarallax-no wpr-parallax-no wpr-sticky-section-no e-con e-child\" data-id=\"55b5e2c\" data-element_type=\"container\" data-settings=\"{&quot;background_background&quot;:&quot;classic&quot;}\">\n\t\t\t\t<div class=\"elementor-element elementor-element-65bcd51 elementor-widget elementor-widget-text-editor\" data-id=\"65bcd51\" data-element_type=\"widget\" data-widget_type=\"text-editor.default\">\n\t\t\t\t<div class=\"elementor-widget-container\">\n\t\t\t\t\t\t\t\t\t<p>Prosimo, da natan\u010dno preberete ta pravilnik. To je pravilnik o vra\u010dilu denarja <a href=\"https:\/\/usimmigrationassistance.org\/sl\">spletnega mesta https:\/\/usimmigrationassistance.org\/<\/a> , ki ga upravlja TRAVEL MUNDO &#8211; FZCO ( <strong>mi\/na\u0161\/nas<\/strong> ). Z dostopom do na\u0161ega spletnega mesta <a href=\"https:\/\/usimmigrationassistance.org\/sl\">https:\/\/usimmigrationassistance.org\/<\/a> in uporabo na\u0161ih storitev se strinjate, da vas zavezuje ta pravilnik.  <br><strong>VSA PRODAJA JE KON\u010cNA IN NEVRA\u010cLJIVA.<\/strong><\/p>\n<p><\/p>\n<p>Zavezani smo k zagotavljanju visokokakovostnih storitev za pomo\u010d na\u0161im strankam ( <strong>vam\/va\u0161im<\/strong> ) skozi celoten postopek priseljevanja. Vendar pa <strong>po opravljenem nakupu vra\u010dilo denarja ne bo mogo\u010de<\/strong> iz nobenega razloga. Ta politika velja od trenutka nakupa, ne glede na to, ali so bile storitve v celoti izkori\u0161\u010dene ali ne.  <\/p>\n<p><\/p>\n<p><strong>POGOJI POLITIKE<\/strong><\/p>\n<p><\/p>\n<p>Z nakupom na\u0161ih storitev na <a href=\"https:\/\/usimmigrationassistance.org\/sl\">https:\/\/usimmigrationassistance.org\/<\/a> potrjujete in se strinjate, da <strong>so vse storitve nepovratne<\/strong> in da <strong>bo vsaka zahteva za povra\u010dilo samodejno zavrnjena<\/strong> . Od tega pravila ni izjem, tudi \u010de va\u0161a vloga \u0161e ni bila oddana pristojnim organom (vizum, ESTA ali druga\u010de). <\/p>\n<p><\/p>\n<p>Ko po nakupu odobrite predlo\u017eitev dokumentov, <strong>se nepreklicno odpovedujete kakr\u0161ni koli pravici do vra\u010dila denarja<\/strong> . V primeru bistvene napake v va\u0161i vlogi bomo vlogo ponovno poslali brez dodatnih stro\u0161kov za vas, <strong>vendar vra\u010dilo denarja ne bo odobreno<\/strong> . <\/p>\n<p><\/p>\n<p>\u010ce naletite na kakr\u0161ne koli te\u017eave, vas spodbujamo, da nas nemudoma kontaktirate na <a href=\"mailto:support@usimmigrationassistance.org\">support@usimmigrationassistance.org<\/a> , da bomo lahko re\u0161ili situacijo ali vam v posebnih primerih po na\u0161i presoji odobrili dobropis za prihodnje storitve.<\/p>\n<p><\/p>\n<p><strong>NEVRA\u010cLJIVE STRO\u0160KE<\/strong><\/p>\n<p><\/p>\n<p>Pristojbine, pla\u010dane agencijam vlade ZDA ali drugim vladnim subjektom, se nikakor ne vra\u010dajo. Ko pla\u010date ameri\u0161kemu zunanjemu ministrstvu ali drugim agencijam, pla\u010dujete za vladno storitev, <strong>vse te pristojbine pa so dokon\u010dne in nepovratne<\/strong> , ne glede na izid va\u0161e vloge. <\/p>\n<p><\/p>\n<p>Poleg tega se pristojbine, pla\u010dane tretjim osebam, ki sodelujejo pri obdelavi va\u0161e vloge (kot so zdravni\u0161ki pregledniki, prevajalci itd.), prav tako ne vra\u010dajo in niso upravi\u010dene do dobropisa.<\/p>\n<p><\/p>\n<p><strong>OBVESTILO O POVRA\u010cILU STRO\u0160KOV<\/strong><\/p>\n<p><\/p>\n<p>Vsaka uporaba <strong>vra\u010dila denarja<\/strong> izven pogojev, opisanih v tej politiki, se \u0161teje za kr\u0161itev na\u0161ih pogojev in bo obravnavana z najve\u010djo resnostjo. Vsako <strong>vra\u010dilo denarja<\/strong> bomo obravnavali kot <strong>goljufivo<\/strong> in bomo nemudoma spro\u017eili pravne ukrepe. <\/p>\n<p><\/p>\n<p><strong>Goljufija s povra\u010dilom bremenitve<\/strong> je oblika <strong>tatvine<\/strong> in <strong>kraje<\/strong> . Posamezniki, ki so spoznani za krive goljufije s povra\u010dilom bremenitve, so podvr\u017eeni tako kazenskim kot civilnim sankcijam. Po besedah \u200b\u200bNasirja N. Pashe (Esq.), glavnega odvetnika pri <strong>Pasha Law PC<\/strong> , \u201elahko organi preganjajo posameznike celo za majhne zneske, z obto\u017ebami od <strong>drobne tatvine<\/strong> (manj kot 50 USD) do <strong>velike tatvine<\/strong> (nad 500 do 1000 USD).\u201c  <\/p>\n<p><\/p>\n<p>Vsak poskus goljufije s povra\u010dilom stro\u0161kov bomo prijavili pla\u010dilnim ponudnikom in ustreznim vladnim agencijam, pri \u010demer se lahko uporabijo stroge kazni, vklju\u010dno s prepovedjo vstopa v ciljno dr\u017eavo.<\/p>\n<p><\/p>\n<p><strong>ZAGOTOVITEV<\/strong><\/p>\n<p><\/p>\n<p>\u010ce dvomite o pravilni oddaji va\u0161e vloge, vas spodbujamo, da nas nemudoma kontaktirate na <a href=\"mailto:support@usimmigrationassistance.org\" target=\"_blank\" rel=\"noreferrer noopener\">support@usimmigrationassistance.org<\/a> . Vendar upo\u0161tevajte, da v skladu s pogoji te politike <strong>ne vra\u010damo denarja<\/strong> po nakupu storitev. V nekaterih primerih se lahko po na\u0161i presoji odobri dobropis za prihodnje storitve.  <\/p>\n<p><\/p>\n<p><strong>GARANCIJA ZADOVOLJSTVA<\/strong><\/p>\n<p><\/p>\n<p>\u010ceprav si prizadevamo za zagotavljanje kakovostnih storitev, je na\u0161a <strong>garancija zadovoljstva<\/strong> omejena na te\u017eave, ki jih je neposredno povzro\u010dila <a href=\"https:\/\/usimmigrationassistance.org\/sl\">https:\/\/usimmigrationassistance.org\/<\/a> pred va\u0161im prihodom v Zdru\u017eene dr\u017eave. Ta garancija ne vklju\u010duje <strong>vra\u010dil<\/strong> , lahko pa vam v zelo specifi\u010dnih primerih, po temeljitem pregledu, ponudi <strong>dobropis<\/strong> za prihodnje storitve. <\/p>\n<p><\/p>\n<p>Vsako zahtevo za dobropis za prihodnje storitve je treba oddati v <strong>14 dneh od nakupa<\/strong> . Upo\u0161tevajte, da <strong>zahtevki za vra\u010dilo denarja ne bodo sprejeti<\/strong> , dobropis pa bo odobren le v posebnih okoli\u0161\u010dinah, po presoji spletne strani <a href=\"https:\/\/usimmigrationassistance.org\/sl\">https:\/\/usimmigrationassistance.org\/<\/a> . <\/p>\n<p><\/p>\n<p><strong>IZJEME OD GARANCIJE ZADOVOLJSTVA<\/strong><\/p>\n<p><\/p>\n<p>Pod nobenim pogojem ne moremo jam\u010diti za rezultate ali odlo\u010ditve vladnih agencij ZDA v zvezi z va\u0161o vlogo. Zamude ali zavrnitve s strani vladnih agencij so izven na\u0161ega nadzora in <strong>vam ne dajejo pravice do povra\u010dila denarja<\/strong> . <\/p>\n<p><\/p>\n<p>To jamstvo je neveljavno, \u010de ste posredovali zavajajo\u010de podatke ali ste \u017ee zahtevali <strong>vra\u010dilo<\/strong> od svoje banke.<\/p>\n<p><\/p>\n<p><strong>IZJAVA O OPOZORILU<\/strong><\/p>\n<p><\/p>\n<p>Z uporabo na\u0161ih storitev se strinjate in razumete, da smo zasebni ponudnik internetnih storitev potovalne tehnologije. Predani smo pomo\u010di posameznikom pri potovanju v Zdru\u017eene dr\u017eave Amerike. <a href=\"https:\/\/usimmigrationassistance.org\/sl\" target=\"_blank\" rel=\"noreferrer noopener\">https:\/\/usimmigrationassistance.org\/<\/a> ni odvetni\u0161ka pisarna in ni nadomestilo za pravni nasvet usposobljenega strokovnjaka. <span style=\"background-color: #ffffff;\"><a href=\"https:\/\/usimmigrationassistance.org\/sl\">https:\/\/usimmigrationassistance.org\/<\/a><\/span> ni povezan z Slu\u017ebo za dr\u017eavljanstvo in priseljevanje Zdru\u017eenih dr\u017eav Amerike (USCIS) ali katero koli drugo vladno agencijo in ga ta ne podpira. <\/p>\n<p><\/p>\n<p><strong>OPOMBA<\/strong> : Prazni imigracijski obrazci s pisnimi navodili za vse vizume so brezpla\u010dno na voljo na spletni strani <strong>USCIS<\/strong> . Uporaba spletnega mesta <span style=\"background-color: #ffffff;\"><a href=\"https:\/\/usimmigrationassistance.org\/sl\">https:\/\/usimmigrationassistance.org\/<\/a><\/span> in njegovih storitev je predmet na\u0161e <a href=\"https:\/\/usimmigrationassistance.org\/sl\/privacy_policy\/\" target=\"_blank\" rel=\"noreferrer noopener\">politike zasebnosti<\/a> , <a href=\"https:\/\/usimmigrationassistance.org\/sl\/terms_of_service\/\" target=\"_blank\" rel=\"noreferrer noopener\">pogojev storitve<\/a> in <a href=\"https:\/\/usimmigrationassistance.org\/sl\/terms_of_use\/\" target=\"_blank\" rel=\"noreferrer noopener\">pogojev uporabe<\/a> . <\/p>\n<p><\/p>\n<p><strong>PODROBNOSTI O CENI &#8211; SAMO ZA INFORMACIJSKE NAMENE<\/strong><\/p>\n<p><\/p>\n<p><strong>Stro\u0161ki za ameri\u0161ke vizume<\/strong><\/p>\n<p><\/p>\n<p>Vsi prosilci za ameri\u0161ki vizum morajo pla\u010dati vizumsko takso organu vlade ZDA, ki je izdal vizum. Znesek vizumske takse in \u010das pla\u010dila je odvisen od vrste vizuma, za katerega zapro\u0161ajo. Preden zaprosite za vizum, morate ugotoviti, kateri vizum ustreza va\u0161im potovalnim potrebam in kateri organ vlade ZDA, ki je izdal vizum, zara\u010dunava pristojbine za obdelavo tega vizuma. \u010ce \u017eelite to storiti, se obrnite na <a href=\"mailto:support@usimmigrationassistance.org\">support@usimmigrationassistance.org<\/a> .   <\/p>\n<p><\/p>\n<p><strong>Pristojbina za MRV<\/strong><\/p>\n<p><\/p>\n<p>Vizumska taksa se imenuje tudi <strong>konzularna taksa<\/strong> ali <strong>taksa za vlogo<\/strong> in je uradno znana kot \u201e<strong>taksa za strojno berljiv vizum (MRV)<\/strong>\u201c. Konzularna taksa za obdelavo se pla\u010da pri vsaki vlogi za vizum. \u0160ele po pla\u010dilu vizumske takse se lahko naro\u010dite na termin za konzularni razgovor na ameri\u0161kem konzulatu ali veleposlani\u0161tvu.  <\/p>\n<p><\/p>\n<p>Upo\u0161tevajte, da se pristojbine za MRV (vizum) <strong>ne vra\u010dajo<\/strong> in <strong>niso prenosljive<\/strong> . \u010ce je vloga za vizum umaknjena ali je vizum za ZDA zavrnjen, prosilec <strong>ne bo prejel povra\u010dila<\/strong> . Poleg tega pristojbine za vizum ni mogo\u010de prenesti na druge posameznike, kot so dru\u017einski \u010dlani ali sodelavci.  <\/p>\n<p><\/p>\n<p><strong>Znesek pristojbine za poro\u010danje, poro\u010danje in preverjanje<\/strong><\/p>\n<p><\/p>\n<p>Vi\u0161ina vizumske takse je odvisna od kategorije vizuma, za katerega se zapro\u0161a. To pomeni, da se lahko za razli\u010dne kategorije vizumov pla\u010dajo razli\u010dne vizumske takse. <\/p>\n<p><\/p>\n<p>\u010ceprav so vizumske takse uradno navedene v ameri\u0161kih dolarjih, se pla\u010dilo izvede v ustrezni nacionalni valuti. Vizumske takse so podvr\u017eene rednim nihanjem menjalnih te\u010dajev, kar pomeni, da se pogosto zni\u017eajo ali zvi\u0161ajo. Za trenutni menjalni te\u010daj evro-dolar na ameri\u0161kih konzulatih (= konzularni menjalni te\u010daj) obi\u0161\u010dite ameri\u0161ko veleposlani\u0161tvo v va\u0161i dr\u017eavi. Trenutne konzularne takse za vlogo za neimigrantske vizume za ZDA so naslednje in jih je treba pla\u010dati neposredno ameri\u0161kemu konzulatu\/veleposlani\u0161tvu:   <\/p>\n<p><\/p>\n<p>Vizumi B-1\/B-2 (poslovni obiskovalec\/turist): 175 USD<br> Vizumi C-1D (\u010dlani posadke \/ tranzit): 175 USD<br> Vizumi F-1 (\u0161tudenti): 175 USD<br> Vize J-1 (izmenjavni obiskovalci): 175 USD<br> ESTA (turizem\/tranzit\/poslovno): 129 USD<\/p>\n<p><\/p>\n<p><strong>Na\u010dini pla\u010dila<\/strong><\/p>\n<p><\/p>\n<p>Vizumske takse lahko pla\u010date na ameri\u0161kih konzulatih\/veleposlani\u0161tvih po vsem svetu z uporabo razli\u010dnih mo\u017enosti. Na voljo so naslednji na\u010dini pla\u010dila: <\/p>\n<p><\/p>\n<p>Spletno ban\u010dno nakazilo<br> Debetna kartica<br> Kreditna kartica<br> Takoj\u0161nje ban\u010dno nakazilo<br> Polog gotovine pri banki<\/p>\n<p><\/p>\n<p><strong>Veljavnost pristojbine za poro\u010danje in preverjanje<\/strong><\/p>\n<p><\/p>\n<p>Po pla\u010dilu vizumske takse boste prejeli potrdilo o pla\u010dilu, ki velja eno leto. Vizumska taksa torej velja eno leto od datuma pla\u010dila. V tem obdobju se morate dogovoriti za razgovor na ameri\u0161kem konzulatu ali veleposlani\u0161tvu, saj bo treba vizumsko takso po dvanajstih mesecih ponovno pla\u010dati.  <\/p>\n<p><\/p>\n<p><strong>Druge pristojbine pri konzularni obdelavi<\/strong><\/p>\n<p><\/p>\n<p>Poleg zgoraj opisane konzularne pristojbine za vlogo obstajajo v konzularnem postopku \u0161e druge pristojbine za vizum:<\/p>\n<p><\/p>\n<p><strong>1. VZAJEMNOSTNA PROVIZIJA<\/strong><\/p>\n<p><\/p>\n<p><strong>Vzajemna pristojbina<\/strong> temelji na sistemu dr\u017eavne vzajemnosti. Kadar tuja vlada zara\u010duna pristojbine dr\u017eavljanom ZDA za dolo\u010dene vrste vizumov, Zdru\u017eene dr\u017eave zara\u010dunajo <strong>vzajemno pristojbino<\/strong> dr\u017eavljanom te dr\u017eave tudi za podobne kategorije vizumov. <\/p>\n<p><\/p>\n<p>Na primer, \u010de morajo dr\u017eavljani ZDA pla\u010dati dodatno pristojbino za obiskovalni vizum za Kitajsko, to velja tudi za kitajske dr\u017eavljane, ki zaprosijo za obiskovalni vizum B-1\/B-2 za ZDA.<\/p>\n<p><\/p>\n<p>\u010ce ste se dogovorili za razgovor, <strong>vzajemne pristojbine ne pla\u010dajte vnaprej<\/strong> ; namesto tega jo pla\u010dajte na konzularni enoti ameri\u0161kega veleposlani\u0161tva ob prihodu na razgovor. Vzajemno pristojbino pla\u010dajte vnaprej le, \u010de podalj\u0161ujete obstoje\u010di vizum in zapro\u0161ate za odpravo vizumske obveznosti. To ni pristojbina za prijavo, ki bi jo bilo mogo\u010de uporabiti za rezervacijo termina.  <\/p>\n<p><\/p>\n<p>Na\u010delo vzajemnosti pomeni bodisi dodatne pristojbine bodisi kraj\u0161i rok veljavnosti (ali oboje) za prosilce za vizum iz dolo\u010denih dr\u017eav in za dolo\u010dene kategorije vizumov. Tako lahko ameri\u0161ko zunanje ministrstvo glede na dr\u017eavljanstvo prosilca in vrsto zapro\u0161enega vizuma: <\/p>\n<p><\/p>\n<p>zahtevati dodatno pristojbino od prosilca ali<br> izdati vizum s kraj\u0161im obdobjem veljavnosti, kot je obi\u010dajno dovoljeno.<br> Vzajemna pristojbina se razlikuje glede na dr\u017eavljanstvo prosilca ter kategorijo vizuma in vlogo. Ali za vas velja pristojbina, lahko vnaprej preverite na <strong>spletni strani ameri\u0161kega zunanjega ministrstva<\/strong> . <\/p>\n<p><\/p>\n<p>To pristojbino je treba pla\u010dati tudi s kreditno kartico ali z gotovino osebno na ameri\u0161kem konzulatu\/veleposlani\u0161tvu.<\/p>\n<p><\/p>\n<p><strong>2. PROVIZIJA SEVIS<\/strong><\/p>\n<p><\/p>\n<p><strong>Pristojbina SEVIS<\/strong> se pla\u010da ob vlogi za vizume F, J ali M in se razlikuje glede na kategorijo vizuma. Prosilci morajo pla\u010dati pristojbino SEVIS <strong>pred<\/strong> terminom za konzularni razgovor. Pla\u010dilo se izvede prek spleta s kreditno kartico.  <\/p>\n<p><\/p>\n<p>Potrdilo o pla\u010dilu je treba prilo\u017eiti konzularni vlogi, sicer vloga ne bo obravnavana.<\/p>\n<p><\/p>\n<p><strong>Prakti\u010dni nasvet<\/strong> : Predvidevamo, da bodo vse vloge z napa\u010dno prikazano pristojbino vrnjene neobdelane.<\/p>\n<p><\/p>\n<p>Celoten seznam vseh pristojbin za prijavo USCIS najdete na <strong>spletni strani USCIS<\/strong> .<\/p>\n<p><\/p>\n<p><strong>Prakti\u010dni nasvet<\/strong> : Upo\u0161tevajte navodila USCIS glede ustreznega \u010deka ali denarne nakaznice. \u010ce so \u010deki ali denarne nakaznice nepravilno predlo\u017eeni, vloga ne bo sprejeta. Te vloge bodo vrnjene prosilcu neobdelane.  <\/p>\n<p><\/p>\n<p><strong>Stro\u0161ki obdelave &#8211; Na\u0161a storitev za vizume za ZDA<\/strong><\/p>\n<p><\/p>\n<p>Poleg pristojbin za vlogo, ki jih izdajo ameri\u0161ki organi, stro\u0161kov prevajanja itd., se ob naro\u010dilu na\u0161e agencije za potovalno pomo\u010d zara\u010duna \u0161e provizija za svetovanje in vodenje postopka.<\/p>\n<p><\/p>\n<p>Glede na kategorijo vizuma zara\u010dunavamo fiksno pristojbino za storitev obdelave, pri \u010demer upo\u0161tevamo razli\u010dne stro\u0161ke obdelave. Enostavnej\u0161a kot je obdelava kategorije vizuma, cenovno ugodnej\u0161a je podpora na\u0161ih svetovalcev za ameri\u0161ke vizume. <\/p>\n<p><\/p>\n<p>Na zahtevo vam lahko ponudimo svetovanje in obdelavo po urni osnovi. V posebej nujnih primerih vizumov vam lahko za dopla\u010dilo uredimo tudi ekspresno obdelavo. <\/p>\n<p><\/p>\t\t\t\t\t\t\t\t<\/div>\n\t\t\t\t<\/div>\n\t\t\t\t<\/div>\n\t\t\t\t\t<\/div>\n\t\t\t\t<\/div>\n\t\t\t\t<\/div>\n\t\t","protected":false},"excerpt":{"rendered":"<p>Politika vra\u010dila denarja Prosimo, da natan\u010dno preberete ta pravilnik. To je pravilnik o vra\u010dilu denarja spletnega mesta https:\/\/usimmigrationassistance.org\/ , ki ga upravlja TRAVEL MUNDO &#8211; FZCO ( mi\/na\u0161\/nas ). Z dostopom do na\u0161ega spletnega mesta https:\/\/usimmigrationassistance.org\/ in uporabo na\u0161ih storitev se strinjate, da vas zavezuje ta pravilnik. VSA PRODAJA JE KON\u010cNA IN NEVRA\u010cLJIVA. Zavezani smo k zagotavljanju visokokakovostnih storitev za pomo\u010d na\u0161im strankam ( vam\/va\u0161im ) skozi celoten postopek priseljevanja. Vendar pa po opravljenem nakupu vra\u010dilo denarja ne bo mogo\u010de iz nobenega razloga. Ta politika velja od trenutka nakupa, ne glede na to, ali so bile storitve v celoti izkori\u0161\u010dene ali ne. POGOJI POLITIKE Z nakupom na\u0161ih storitev na https:\/\/usimmigrationassistance.org\/ potrjujete in se strinjate, da so vse storitve nepovratne in da bo vsaka zahteva za povra\u010dilo samodejno zavrnjena . Od tega pravila ni izjem, tudi \u010de va\u0161a vloga \u0161e ni bila oddana pristojnim organom (vizum, ESTA ali druga\u010de). Ko po nakupu odobrite predlo\u017eitev dokumentov, se nepreklicno odpovedujete kakr\u0161ni koli pravici do vra\u010dila denarja . V primeru bistvene napake v va\u0161i vlogi bomo vlogo ponovno poslali brez dodatnih stro\u0161kov za vas, vendar vra\u010dilo denarja ne bo odobreno . \u010ce naletite na kakr\u0161ne koli te\u017eave, vas spodbujamo, da nas nemudoma kontaktirate na support@usimmigrationassistance.org , da bomo lahko re\u0161ili situacijo ali vam v posebnih primerih po na\u0161i presoji odobrili dobropis za prihodnje storitve. NEVRA\u010cLJIVE STRO\u0160KE Pristojbine, pla\u010dane agencijam vlade ZDA ali drugim vladnim subjektom, se nikakor ne vra\u010dajo. Ko pla\u010date ameri\u0161kemu zunanjemu ministrstvu ali drugim agencijam, pla\u010dujete za vladno storitev, vse te pristojbine pa so dokon\u010dne in nepovratne , ne glede na izid va\u0161e vloge. Poleg tega se pristojbine, pla\u010dane tretjim osebam, ki sodelujejo pri obdelavi va\u0161e vloge (kot so zdravni\u0161ki pregledniki, prevajalci itd.), prav tako ne vra\u010dajo in niso upravi\u010dene do dobropisa. OBVESTILO O POVRA\u010cILU STRO\u0160KOV Vsaka uporaba vra\u010dila denarja izven pogojev, opisanih v tej politiki, se \u0161teje za kr\u0161itev na\u0161ih pogojev in bo obravnavana z najve\u010djo resnostjo. Vsako vra\u010dilo denarja bomo obravnavali kot goljufivo in bomo nemudoma spro\u017eili pravne ukrepe. Goljufija s povra\u010dilom bremenitve je oblika tatvine in kraje . Posamezniki, ki so spoznani za krive goljufije s povra\u010dilom bremenitve, so podvr\u017eeni tako kazenskim kot civilnim sankcijam. Po besedah \u200b\u200bNasirja N. Pashe (Esq.), glavnega odvetnika pri Pasha Law PC , \u201elahko organi preganjajo posameznike celo za majhne zneske, z obto\u017ebami od drobne tatvine (manj kot 50 USD) do velike tatvine (nad 500 do 1000 USD).\u201c Vsak poskus goljufije s povra\u010dilom stro\u0161kov bomo prijavili pla\u010dilnim ponudnikom in ustreznim vladnim agencijam, pri \u010demer se lahko uporabijo stroge kazni, vklju\u010dno s prepovedjo vstopa v ciljno dr\u017eavo. ZAGOTOVITEV \u010ce dvomite o pravilni oddaji va\u0161e vloge, vas spodbujamo, da nas nemudoma kontaktirate na support@usimmigrationassistance.org . Vendar upo\u0161tevajte, da v skladu s pogoji te politike ne vra\u010damo denarja po nakupu storitev. V nekaterih primerih se lahko po na\u0161i presoji odobri dobropis za prihodnje storitve. GARANCIJA ZADOVOLJSTVA \u010ceprav si prizadevamo za zagotavljanje kakovostnih storitev, je na\u0161a garancija zadovoljstva omejena na te\u017eave, ki jih je neposredno povzro\u010dila https:\/\/usimmigrationassistance.org\/ pred va\u0161im prihodom v Zdru\u017eene dr\u017eave. Ta garancija ne vklju\u010duje vra\u010dil , lahko pa vam v zelo specifi\u010dnih primerih, po temeljitem pregledu, ponudi dobropis za prihodnje storitve. Vsako zahtevo za dobropis za prihodnje storitve je treba oddati v 14 dneh od nakupa . Upo\u0161tevajte, da zahtevki za vra\u010dilo denarja ne bodo sprejeti , dobropis pa bo odobren le v posebnih okoli\u0161\u010dinah, po presoji spletne strani https:\/\/usimmigrationassistance.org\/ . IZJEME OD GARANCIJE ZADOVOLJSTVA Pod nobenim pogojem ne moremo jam\u010diti za rezultate ali odlo\u010ditve vladnih agencij ZDA v zvezi z va\u0161o vlogo. Zamude ali zavrnitve s strani vladnih agencij so izven na\u0161ega nadzora in vam ne dajejo pravice do povra\u010dila denarja . To jamstvo je neveljavno, \u010de ste posredovali zavajajo\u010de podatke ali ste \u017ee zahtevali vra\u010dilo od svoje banke. IZJAVA O OPOZORILU Z uporabo na\u0161ih storitev se strinjate in razumete, da smo zasebni ponudnik internetnih storitev potovalne tehnologije. Predani smo pomo\u010di posameznikom pri potovanju v Zdru\u017eene dr\u017eave Amerike. https:\/\/usimmigrationassistance.org\/ ni odvetni\u0161ka pisarna in ni nadomestilo za pravni nasvet usposobljenega strokovnjaka. https:\/\/usimmigrationassistance.org\/ ni povezan z Slu\u017ebo za dr\u017eavljanstvo in priseljevanje Zdru\u017eenih dr\u017eav Amerike (USCIS) ali katero koli drugo vladno agencijo in ga ta ne podpira. OPOMBA : Prazni imigracijski obrazci s pisnimi navodili za vse vizume so brezpla\u010dno na voljo na spletni strani USCIS . Uporaba spletnega mesta https:\/\/usimmigrationassistance.org\/ in njegovih storitev je predmet na\u0161e politike zasebnosti , pogojev storitve in pogojev uporabe . PODROBNOSTI O CENI &#8211; SAMO ZA INFORMACIJSKE NAMENE Stro\u0161ki za ameri\u0161ke vizume Vsi prosilci za ameri\u0161ki vizum morajo pla\u010dati vizumsko takso organu vlade ZDA, ki je izdal vizum. Znesek vizumske takse in \u010das pla\u010dila je odvisen od vrste vizuma, za katerega zapro\u0161ajo. Preden zaprosite za vizum, morate ugotoviti, kateri vizum ustreza va\u0161im potovalnim potrebam in kateri organ vlade ZDA, ki je izdal vizum, zara\u010dunava pristojbine za obdelavo tega vizuma. \u010ce \u017eelite to storiti, se obrnite na support@usimmigrationassistance.org . Pristojbina za MRV Vizumska taksa se imenuje tudi konzularna taksa ali taksa za vlogo in je uradno znana kot \u201etaksa za strojno berljiv vizum (MRV)\u201c. Konzularna taksa za obdelavo se pla\u010da pri vsaki vlogi za vizum. \u0160ele po pla\u010dilu vizumske takse se lahko naro\u010dite na termin za konzularni razgovor na ameri\u0161kem konzulatu ali veleposlani\u0161tvu. Upo\u0161tevajte, da se pristojbine za MRV (vizum) ne vra\u010dajo in niso prenosljive . \u010ce je vloga za vizum umaknjena ali je vizum za ZDA zavrnjen, prosilec ne bo prejel povra\u010dila . Poleg tega pristojbine za vizum ni mogo\u010de prenesti na druge posameznike, kot so dru\u017einski \u010dlani ali sodelavci. Znesek pristojbine za poro\u010danje, poro\u010danje in preverjanje Vi\u0161ina vizumske takse je odvisna od kategorije vizuma, za katerega se zapro\u0161a. To pomeni, da se lahko za razli\u010dne kategorije vizumov pla\u010dajo razli\u010dne vizumske takse. \u010ceprav so vizumske takse uradno navedene v ameri\u0161kih dolarjih, se pla\u010dilo izvede v ustrezni nacionalni valuti. Vizumske takse so podvr\u017eene rednim nihanjem menjalnih te\u010dajev, kar pomeni, da se pogosto zni\u017eajo ali zvi\u0161ajo. Za trenutni menjalni te\u010daj evro-dolar na ameri\u0161kih konzulatih (= konzularni menjalni te\u010daj) obi\u0161\u010dite ameri\u0161ko veleposlani\u0161tvo v va\u0161i dr\u017eavi. Trenutne konzularne takse za vlogo za neimigrantske vizume za ZDA so naslednje in jih je treba pla\u010dati neposredno<\/p>\n","protected":false},"author":3,"featured_media":0,"parent":0,"menu_order":0,"comment_status":"closed","ping_status":"closed","template":"","meta":{"footnotes":""},"class_list":["post-28695","page","type-page","status-publish","hentry"],"_links":{"self":[{"href":"https:\/\/usimmigrationassistance.org\/sl\/wp-json\/wp\/v2\/pages\/28695","targetHints":{"allow":["GET"]}}],"collection":[{"href":"https:\/\/usimmigrationassistance.org\/sl\/wp-json\/wp\/v2\/pages"}],"about":[{"href":"https:\/\/usimmigrationassistance.org\/sl\/wp-json\/wp\/v2\/types\/page"}],"author":[{"embeddable":true,"href":"https:\/\/usimmigrationassistance.org\/sl\/wp-json\/wp\/v2\/users\/3"}],"replies":[{"embeddable":true,"href":"https:\/\/usimmigrationassistance.org\/sl\/wp-json\/wp\/v2\/comments?post=28695"}],"version-history":[{"count":16,"href":"https:\/\/usimmigrationassistance.org\/sl\/wp-json\/wp\/v2\/pages\/28695\/revisions"}],"predecessor-version":[{"id":30737,"href":"https:\/\/usimmigrationassistance.org\/sl\/wp-json\/wp\/v2\/pages\/28695\/revisions\/30737"}],"wp:attachment":[{"href":"https:\/\/usimmigrationassistance.org\/sl\/wp-json\/wp\/v2\/media?parent=28695"}],"curies":[{"name":"wp","href":"https:\/\/api.w.org\/{rel}","templated":true}]}}