{"id":30032,"date":"2025-05-05T12:56:51","date_gmt":"2025-05-05T08:56:51","guid":{"rendered":"https:\/\/usimmigrationassistance.org\/status-for-anstallds-arbetsansokan\/"},"modified":"2025-05-27T22:48:55","modified_gmt":"2025-05-27T18:48:55","slug":"status-for-anstallds-arbetsansokan","status":"publish","type":"page","link":"https:\/\/usimmigrationassistance.org\/sv\/status-for-anstallds-arbetsansokan\/","title":{"rendered":"Status f\u00f6r anst\u00e4llds arbetsans\u00f6kan"},"content":{"rendered":"<div class=\"error\">You must be logged in to view this page.<\/div><meta http-equiv=\"refresh\" content=\"3;url=https:\/\/usimmigrationassistance.org\/sv\/\">\n","protected":false},"excerpt":{"rendered":"","protected":false},"author":3,"featured_media":0,"parent":0,"menu_order":0,"comment_status":"closed","ping_status":"closed","template":"","meta":{"footnotes":""},"class_list":["post-30032","page","type-page","status-publish","hentry"],"_links":{"self":[{"href":"https:\/\/usimmigrationassistance.org\/sv\/wp-json\/wp\/v2\/pages\/30032","targetHints":{"allow":["GET"]}}],"collection":[{"href":"https:\/\/usimmigrationassistance.org\/sv\/wp-json\/wp\/v2\/pages"}],"about":[{"href":"https:\/\/usimmigrationassistance.org\/sv\/wp-json\/wp\/v2\/types\/page"}],"author":[{"embeddable":true,"href":"https:\/\/usimmigrationassistance.org\/sv\/wp-json\/wp\/v2\/users\/3"}],"replies":[{"embeddable":true,"href":"https:\/\/usimmigrationassistance.org\/sv\/wp-json\/wp\/v2\/comments?post=30032"}],"version-history":[{"count":1,"href":"https:\/\/usimmigrationassistance.org\/sv\/wp-json\/wp\/v2\/pages\/30032\/revisions"}],"predecessor-version":[{"id":30033,"href":"https:\/\/usimmigrationassistance.org\/sv\/wp-json\/wp\/v2\/pages\/30032\/revisions\/30033"}],"wp:attachment":[{"href":"https:\/\/usimmigrationassistance.org\/sv\/wp-json\/wp\/v2\/media?parent=30032"}],"curies":[{"name":"wp","href":"https:\/\/api.w.org\/{rel}","templated":true}]}}